{"id":2127,"date":"2023-01-30T09:06:02","date_gmt":"2023-01-30T09:06:02","guid":{"rendered":"https:\/\/jinsuncarbon.com\/?post_type=product&#038;p=2127"},"modified":"2024-11-03T13:36:49","modified_gmt":"2024-11-03T13:36:49","slug":"hp-grafit-elektrot","status":"publish","type":"product","link":"https:\/\/jinsuncarbon.com\/tr\/urun\/hp-grafit-elektrot\/","title":{"rendered":"HP grafit elektrot"},"content":{"rendered":"<p>HP grafit elektrot, hammadde olarak y\u00fcksek kaliteli petrol kok k\u00f6m\u00fcr\u00fc, i\u011fne kok k\u00f6m\u00fcr\u00fc ve k\u00f6m\u00fcr zifti kullan\u0131larak \u00fcretilir. Daha sonra \u00fcr\u00fcn kalsine edilir, ekstr\u00fcde edilir, kavrulur, emprenye edilir, <a href=\"https:\/\/en.wikipedia.org\/wiki\/Graphitizing_and_non-graphitizing_carbons\" target=\"_blank\" rel=\"noopener\">grafitize<\/a>ve i\u015flenmi\u015ftir.  Bu nedenle iyi elektrik direncine ve y\u00fcksek mekanik dayan\u0131ma sahiptir. DC ve AC elektrik ark f\u0131r\u0131nlar\u0131nda ve pota ar\u0131tma f\u0131r\u0131nlar\u0131nda \u00e7e\u015fitli \u00e7elik ala\u015f\u0131ml\u0131 saclar\u0131n eritilmesi i\u00e7in kullan\u0131labilir.<\/p>\n<p>D\u00fc\u015f\u00fck diren\u00e7 ve iyi mekanik mukavemete sahiptir ve enerji t\u00fcketimini azaltabilir ve \u00fcretim verimlili\u011fini art\u0131rabilir. \u00dcretim s\u0131ras\u0131nda, \u00e7elik i\u015f\u00e7ileri bir Elektrik Ark Oca\u011f\u0131na (EAF) g\u00fc\u00e7 giri\u015fini dikkatlice kontrol ederek termal verimlili\u011fi ve s\u00fcre\u00e7 istikrar\u0131n\u0131 art\u0131rabilir.<\/p>\n<h2>Temel \u00d6zellikler:<\/h2>\n<p>- Y\u00fcksek y\u0131\u011f\u0131n yo\u011funlu\u011fu<br \/>\n- \u00dcst\u00fcn \u0131s\u0131 iletimi<br \/>\n- G\u00f6receli y\u00fcksek elektrik iletkenli\u011fi<br \/>\n- Y\u00fcksek i\u015fleme hassasiyeti<br \/>\n- Daha h\u0131zl\u0131 ve daha verimli \u00e7al\u0131\u015fma<br \/>\n- Daha uzun kullan\u0131m \u00f6mr\u00fc<\/p>\n<p>Grafit elektrot, Elektrik Ark F\u0131r\u0131nlar\u0131nda (EAF) \u00e7elik \u00fcretimi i\u00e7in gereklidir. \u00c7\u00fcnk\u00fc s\u0131cakl\u0131k, g\u00fc\u00e7 giri\u015fi ve oksijen i\u00e7eri\u011fi gibi \u00e7elik \u00fcretim parametrelerini kontrol ederler.<\/p>\n<h2>Uygulamalar.<\/h2>\n<p>HP grafit elektrotlar elektrik ark ocaklar\u0131nda yayg\u0131n olarak kullan\u0131lmaktad\u0131r <a href=\"https:\/\/www.britannica.com\/technology\/steel\/Primary-steelmaking\" target=\"_blank\" rel=\"noopener\">\u00c7EL\u0130K \u00dcRET\u0130M\u0130<\/a> ikincil rafinasyon, pota metalurjisi ve s\u00fcrekli d\u00f6k\u00fcm gibi i\u015flemler. \u0130zin verilen ak\u0131m yo\u011funlu\u011fu 18-25A\/cm'dir.<sup>2<\/sup>.<\/p>\n<p>Ayr\u0131ca, vakumlu rafinasyon ve \u00fcretim gibi \u00f6zel uygulamalarda da kullan\u0131l\u0131rlar <a href=\"https:\/\/kdmfab.com\/types-of-stainless-steel\/\" target=\"_blank\" rel=\"noopener\">paslanmaz \u00e7elik<\/a>, \u00f6zel ala\u015f\u0131mlar ve di\u011fer y\u00fcksek de\u011ferli \u00fcr\u00fcnler.<\/p>\n<p><img fetchpriority=\"high\" decoding=\"async\" class=\"alignnone wp-image-4004\" src=\"https:\/\/jinsuncarbon.com\/wp-content\/uploads\/2023\/01\/HP-graphite-electrode-for-EAF-263x300.jpg\" alt=\"EAF i\u00e7in HP grafit elektrot\" width=\"306\" height=\"349\" srcset=\"https:\/\/jinsuncarbon.com\/wp-content\/uploads\/2023\/01\/HP-graphite-electrode-for-EAF-263x300.jpg 263w, https:\/\/jinsuncarbon.com\/wp-content\/uploads\/2023\/01\/HP-graphite-electrode-for-EAF-600x683.jpg 600w, https:\/\/jinsuncarbon.com\/wp-content\/uploads\/2023\/01\/HP-graphite-electrode-for-EAF-899x1024.jpg 899w, https:\/\/jinsuncarbon.com\/wp-content\/uploads\/2023\/01\/HP-graphite-electrode-for-EAF-768x875.jpg 768w, https:\/\/jinsuncarbon.com\/wp-content\/uploads\/2023\/01\/HP-graphite-electrode-for-EAF-11x12.jpg 11w, https:\/\/jinsuncarbon.com\/wp-content\/uploads\/2023\/01\/HP-graphite-electrode-for-EAF.jpg 1080w\" sizes=\"(max-width: 306px) 100vw, 306px\" \/> <img decoding=\"async\" class=\"alignnone wp-image-4297\" src=\"https:\/\/jinsuncarbon.com\/wp-content\/uploads\/2023\/01\/Graphite-electrodes-work-with-Arc-furnace-1-1.jpg\" alt=\"Grafit elektrotlar Ark oca\u011f\u0131 ile \u00e7al\u0131\u015f\u0131r\u00a0\" width=\"465\" height=\"348\" srcset=\"https:\/\/jinsuncarbon.com\/wp-content\/uploads\/2023\/01\/Graphite-electrodes-work-with-Arc-furnace-1-1.jpg 800w, https:\/\/jinsuncarbon.com\/wp-content\/uploads\/2023\/01\/Graphite-electrodes-work-with-Arc-furnace-1-1-600x449.jpg 600w, https:\/\/jinsuncarbon.com\/wp-content\/uploads\/2023\/01\/Graphite-electrodes-work-with-Arc-furnace-1-1-300x225.jpg 300w, https:\/\/jinsuncarbon.com\/wp-content\/uploads\/2023\/01\/Graphite-electrodes-work-with-Arc-furnace-1-1-768x575.jpg 768w, https:\/\/jinsuncarbon.com\/wp-content\/uploads\/2023\/01\/Graphite-electrodes-work-with-Arc-furnace-1-1-16x12.jpg 16w\" sizes=\"(max-width: 465px) 100vw, 465px\" \/><\/p>\n<p>&nbsp;<\/p>\n<h2>Avantajlar.<\/h2>\n<p>Eaf \u00e7elik \u00fcretim s\u00fcrecinde iyi bir iletken olarak kullan\u0131lan karbon bazl\u0131 bir malzemedir. Elektrot bir ark olu\u015fturmak i\u00e7in enerjilendirilir ve y\u00fck\u00fc eritmek i\u00e7in y\u00fcksek s\u0131cakl\u0131klar kullan\u0131r.<\/p>\n<p>Y\u00fcksek g\u00fc\u00e7 kapasitesine sahiptirler ve a\u015fa\u011f\u0131dakilerden daha y\u00fcksek ak\u0131m yo\u011funluklar\u0131 ta\u015f\u0131yabilirler <a href=\"https:\/\/jinsuncarbon.com\/tr\/urun\/rp-grafi%cc%87t-elektrot\/\">RP<\/a> s\u0131n\u0131f. G\u00fc\u00e7 t\u00fcketimini azalt\u0131r ve enerji tasarrufu sa\u011flarken termal \u015fok direnci ve oksidasyon direncine sahiptir.<\/p>\n<p>Ayr\u0131ca m\u00fckemmel i\u015flenebilirlik ve termal iletkenlik sunar. G\u00fc\u00e7l\u00fc e\u011filme dayan\u0131m\u0131 sayesinde a\u015f\u0131r\u0131 s\u0131cakl\u0131klara k\u0131r\u0131lmadan dayanabilir. \u0130\u015flem s\u0131ras\u0131nda <a href=\"https:\/\/akaeaf.org\/\" target=\"_blank\" rel=\"noopener\">eaf<\/a> \u00c7elik \u00fcretim s\u00fcrecinde \u0131s\u0131, elektrik ak\u0131m\u0131n\u0131n yaratt\u0131\u011f\u0131 termal etkiden yararlan\u0131larak f\u0131r\u0131na aktar\u0131l\u0131r.<\/p>\n<p>Lider bir \u015firket olarak\u00a0 <a href=\"https:\/\/jinsuncarbon.com\/tr\/urun\/grafit-elektrot\/\">\u00c7in grafit elektrot \u00fcreticisi<\/a>eaf eritme ve d\u00f6k\u00fcm ihtiya\u00e7lar\u0131n\u0131z i\u00e7in size uygun maliyetli \u00e7\u00f6z\u00fcmler sunmak i\u00e7in \u00fcst\u00fcn kalitede rekabet\u00e7i fiyatlar sunuyoruz.<\/p>\n<p>&nbsp;<\/p>\n<h4><strong>Elektrot ve Nipelin Fiziksel ve Kimyasal \u00d6zellikleri<\/strong><\/h4>\n<table width=\"593\">\n<tbody>\n<tr>\n<td colspan=\"2\" rowspan=\"2\" width=\"247\">HP Grafit Elektrot<\/td>\n<td rowspan=\"2\" width=\"57\">Birim<\/td>\n<td colspan=\"3\" width=\"290\">\u00c7ap<\/td>\n<\/tr>\n<tr>\n<td width=\"104\">12\"-16\"<\/td>\n<td width=\"104\">18\"-22\"<\/td>\n<td width=\"82\">24\"<\/td>\n<\/tr>\n<tr>\n<td rowspan=\"2\" width=\"162\">Spesifik diren\u00e7<\/td>\n<td width=\"85\">Elektrot<\/td>\n<td rowspan=\"2\" width=\"57\">\u03bc\u03a9-m<\/p>\n<p><strong>\u2264<\/strong><\/p>\n<p>&nbsp;<\/td>\n<td width=\"104\">6.8<\/td>\n<td width=\"104\">7.5<\/td>\n<td width=\"82\"><strong>\u2264<\/strong>7.5<\/td>\n<\/tr>\n<tr>\n<td width=\"85\">Meme ucu<\/td>\n<td width=\"104\">6.2<\/td>\n<td width=\"104\">6.3<\/td>\n<td width=\"82\"><strong>\u2264<\/strong>6.3<\/td>\n<\/tr>\n<tr>\n<td rowspan=\"2\" width=\"162\">Enine mukavemet<\/td>\n<td width=\"85\">Elektrot<\/td>\n<td rowspan=\"2\" width=\"57\">\u039c\u0420a<\/p>\n<p><strong>\u2265<\/strong><\/td>\n<td width=\"104\">10.5<\/td>\n<td width=\"104\">10.8<\/td>\n<td width=\"82\"><strong>\u2265<\/strong>8.5<\/td>\n<\/tr>\n<tr>\n<td width=\"85\">Meme ucu<\/td>\n<td width=\"104\">15.0<\/td>\n<td width=\"104\">15.0<\/td>\n<td width=\"82\"><strong>\u2265<\/strong>17.0<\/td>\n<\/tr>\n<tr>\n<td rowspan=\"2\" width=\"162\">Elastik mod\u00fcl<\/td>\n<td width=\"85\">Elektrot<\/td>\n<td rowspan=\"2\" width=\"57\">G\u0420a<\/p>\n<p><strong>\u2264<\/strong><\/td>\n<td width=\"104\">12.0<\/td>\n<td width=\"104\">\u226412.0<\/td>\n<td width=\"82\"><strong>\u2264<\/strong>14.0<\/td>\n<\/tr>\n<tr>\n<td width=\"85\">Meme ucu<\/td>\n<td width=\"104\">16.0<\/td>\n<td width=\"104\">16.0<\/td>\n<td width=\"82\"><strong>\u2264<\/strong>16.0<\/td>\n<\/tr>\n<tr>\n<td rowspan=\"2\" width=\"162\">Y\u0131\u011f\u0131n Yo\u011funlu\u011fu<\/td>\n<td width=\"85\">Elektrot<\/td>\n<td rowspan=\"2\" width=\"57\">g\u2215\u339d<sup>3<\/sup><\/p>\n<p><strong>\u2265<\/strong><\/td>\n<td width=\"104\">1.68<\/td>\n<td width=\"104\">1.65<\/td>\n<td width=\"82\"><strong>\u2265<\/strong>1.60<\/td>\n<\/tr>\n<tr>\n<td width=\"85\">Meme ucu<\/td>\n<td width=\"104\">1.74<\/td>\n<td width=\"104\">1.74<\/td>\n<td width=\"82\"><strong>\u2265<\/strong>1.72<\/td>\n<\/tr>\n<tr>\n<td rowspan=\"2\" width=\"162\">C.T.E<\/p>\n<p>\uff08100\uff5e600\u2103\uff09<\/td>\n<td width=\"85\">Elektrot<\/td>\n<td rowspan=\"2\" width=\"57\">10<sup>-6<\/sup>\u2215\u2103<\/p>\n<p><strong>\u2264<\/strong><\/td>\n<td width=\"104\">2.3<\/td>\n<td width=\"104\">2.3<\/td>\n<td width=\"82\"><strong>\u2264<\/strong>2.4<\/td>\n<\/tr>\n<tr>\n<td width=\"85\">Meme ucu<\/td>\n<td width=\"104\">2.1<\/td>\n<td width=\"104\">2.1<\/td>\n<td width=\"82\"><strong>\u2264<\/strong>2.2<\/td>\n<\/tr>\n<tr>\n<td colspan=\"2\" width=\"247\">K\u00fcl i\u00e7eri\u011fi<\/td>\n<td width=\"57\">%<\/p>\n<p><strong>\u2264<\/strong><\/td>\n<td width=\"104\">0.3<\/td>\n<td width=\"104\">0.3<\/td>\n<td width=\"82\"><strong>\u2264<\/strong>0.3<\/td>\n<\/tr>\n<\/tbody>\n<\/table>\n<p>&nbsp;<\/p>\n<h4><strong>\u0130zin Verilen Ak\u0131m Ta\u015f\u0131ma Kapasiteleri<\/strong><\/h4>\n<table width=\"819\">\n<tbody>\n<tr>\n<td colspan=\"2\" width=\"298\"><strong>Nominal<\/strong><\/td>\n<td colspan=\"2\" width=\"300\"><strong>HP Grafit Elektrotlar<\/strong><\/td>\n<\/tr>\n<tr>\n<td width=\"156\"><strong>mm<\/strong><\/td>\n<td width=\"142\"><strong>in\u00e7<\/strong><\/td>\n<td width=\"158\"><strong>Ak\u0131m Ta\u015f\u0131y\u0131c\u0131<\/strong><\/p>\n<p><strong>Kapasite\uff08A\uff09<\/strong><\/td>\n<td width=\"142\"><strong>Mevcut Yo\u011funluk<\/strong><\/p>\n<p><strong>\uff08A\/cm<sup>2<\/sup>\uff09<\/strong><\/td>\n<\/tr>\n<tr>\n<td width=\"156\">300<\/td>\n<td width=\"142\">12<\/td>\n<td width=\"158\">13000~17400<\/td>\n<td width=\"142\">17~24<\/td>\n<\/tr>\n<tr>\n<td width=\"156\">350<\/td>\n<td width=\"142\">14<\/td>\n<td width=\"158\">17400~24000<\/td>\n<td width=\"142\">17~24<\/td>\n<\/tr>\n<tr>\n<td width=\"156\">400<\/td>\n<td width=\"142\">16<\/td>\n<td width=\"158\">21000~31000<\/td>\n<td width=\"142\">16~24<\/td>\n<\/tr>\n<tr>\n<td width=\"156\">450<\/td>\n<td width=\"142\">18<\/td>\n<td width=\"158\">25000~40000<\/td>\n<td width=\"142\">15~24<\/td>\n<\/tr>\n<tr>\n<td width=\"156\">500<\/td>\n<td width=\"142\">20<\/td>\n<td width=\"158\">30000~48000<\/td>\n<td width=\"142\">15~24<\/td>\n<\/tr>\n<tr>\n<td width=\"156\">550<\/td>\n<td width=\"142\">22<\/td>\n<td width=\"158\">37000~57000<\/td>\n<td width=\"142\">15~23<\/td>\n<\/tr>\n<tr>\n<td width=\"156\">600<\/td>\n<td width=\"142\">24<\/td>\n<td width=\"158\">44000-67000<\/td>\n<td width=\"142\">15~23<\/td>\n<\/tr>\n<\/tbody>\n<\/table>\n<p>&nbsp;<\/p>\n<p>&nbsp;<\/p>","protected":false},"excerpt":{"rendered":"<p>HP grafit elektrot, y\u00fcksek g\u00fc\u00e7l\u00fc bir eritme f\u0131r\u0131n\u0131nda ve d\u00fc\u015f\u00fck y\u00fckl\u00fc ila orta y\u00fckl\u00fc bir pota f\u0131r\u0131n\u0131nda kullan\u0131l\u0131r. Elektrik ark oca\u011f\u0131 \u00e7elik \u00fcretimi, elektrotlar arac\u0131l\u0131\u011f\u0131yla \u00e7elik \u00fcretim f\u0131r\u0131n\u0131na ak\u0131m vermektir ve g\u00fc\u00e7l\u00fc ak\u0131m, ark de\u015farj\u0131 olu\u015fturmak i\u00e7in elektrotun alt ucundaki gazdan ge\u00e7er. Daha sonra ark taraf\u0131ndan \u00fcretilen \u0131s\u0131, eaf \u00e7elik \u00fcretimi i\u00e7in kullan\u0131l\u0131r. Y\u00fcksek g\u00fc\u00e7, y\u00fcksek voltaj ve k\u0131sa a\u00e7\u0131l\u0131 y\u00fcksek g\u00fc\u00e7l\u00fc elektrikli f\u0131r\u0131nlar i\u00e7in uygundur.<\/p>","protected":false},"featured_media":2387,"template":"","meta":[],"product_brand":[],"product_cat":[37],"product_tag":[43],"class_list":{"0":"post-2127","1":"product","2":"type-product","3":"status-publish","4":"has-post-thumbnail","6":"product_cat-graphite-electrode","7":"product_tag-graphtie-electrodeeafsteelmaking","9":"first","10":"instock","11":"downloadable","12":"shipping-taxable","13":"product-type-simple"},"yoast_head":"<!-- This site is optimized with the Yoast SEO Premium plugin v19.2.1 (Yoast SEO v25.3) - https:\/\/yoast.com\/wordpress\/plugins\/seo\/ -->\n<title>HP Arc Furnace Graphite Electrode Manufacturer in China<\/title>\n<meta name=\"description\" content=\"HP graphite electrodes are widely used in electric arc furnace steelmaking processes such as secondary refining, ladle metallurgy and continuous casting. Its allowed current density is 18-25A\/cm2.\" \/>\n<meta name=\"robots\" content=\"index, follow, max-snippet:-1, max-image-preview:large, max-video-preview:-1\" \/>\n<link rel=\"canonical\" href=\"https:\/\/jinsuncarbon.com\/tr\/urun\/hp-grafit-elektrot\/\" \/>\n<meta property=\"og:locale\" content=\"tr_TR\" \/>\n<meta property=\"og:type\" content=\"article\" \/>\n<meta property=\"og:title\" content=\"HP graphite electrode\" \/>\n<meta property=\"og:description\" content=\"HP graphite electrodes are widely used in electric arc furnace steelmaking processes such as secondary refining, ladle metallurgy and continuous casting. Its allowed current density is 18-25A\/cm2.\" \/>\n<meta property=\"og:url\" content=\"https:\/\/jinsuncarbon.com\/tr\/urun\/hp-grafit-elektrot\/\" \/>\n<meta property=\"og:site_name\" content=\"Jinsun Carbon\" \/>\n<meta property=\"article:publisher\" content=\"https:\/\/www.facebook.com\/Graphite-Electrode-109336238661595\" \/>\n<meta property=\"article:modified_time\" content=\"2024-11-03T13:36:49+00:00\" \/>\n<meta property=\"og:image\" content=\"https:\/\/jinsuncarbon.com\/wp-content\/uploads\/2023\/01\/a10.jpg\" \/>\n\t<meta property=\"og:image:width\" content=\"1024\" \/>\n\t<meta property=\"og:image:height\" content=\"1024\" \/>\n\t<meta property=\"og:image:type\" content=\"image\/jpeg\" \/>\n<meta name=\"twitter:card\" content=\"summary_large_image\" \/>\n<meta name=\"twitter:site\" content=\"@jinsuncarbon_\" \/>\n<meta name=\"twitter:label1\" content=\"Tahmini okuma s\u00fcresi\" \/>\n\t<meta name=\"twitter:data1\" content=\"3 dakika\" \/>\n<script type=\"application\/ld+json\" class=\"yoast-schema-graph\">{\"@context\":\"https:\/\/schema.org\",\"@graph\":[{\"@type\":\"WebPage\",\"@id\":\"https:\/\/jinsuncarbon.com\/product\/hp-graphite-electrode\/\",\"url\":\"https:\/\/jinsuncarbon.com\/product\/hp-graphite-electrode\/\",\"name\":\"HP Arc Furnace Graphite Electrode Manufacturer in China\",\"isPartOf\":{\"@id\":\"https:\/\/jinsuncarbon.com\/#website\"},\"primaryImageOfPage\":{\"@id\":\"https:\/\/jinsuncarbon.com\/product\/hp-graphite-electrode\/#primaryimage\"},\"image\":{\"@id\":\"https:\/\/jinsuncarbon.com\/product\/hp-graphite-electrode\/#primaryimage\"},\"thumbnailUrl\":\"https:\/\/jinsuncarbon.com\/wp-content\/uploads\/2023\/01\/a10.jpg\",\"datePublished\":\"2023-01-30T09:06:02+00:00\",\"dateModified\":\"2024-11-03T13:36:49+00:00\",\"description\":\"HP graphite electrodes are widely used in electric arc furnace steelmaking processes such as secondary refining, ladle metallurgy and continuous casting. Its allowed current density is 18-25A\/cm2.\",\"breadcrumb\":{\"@id\":\"https:\/\/jinsuncarbon.com\/product\/hp-graphite-electrode\/#breadcrumb\"},\"inLanguage\":\"tr\",\"potentialAction\":[{\"@type\":\"ReadAction\",\"target\":[\"https:\/\/jinsuncarbon.com\/product\/hp-graphite-electrode\/\"]}]},{\"@type\":\"ImageObject\",\"inLanguage\":\"tr\",\"@id\":\"https:\/\/jinsuncarbon.com\/product\/hp-graphite-electrode\/#primaryimage\",\"url\":\"https:\/\/jinsuncarbon.com\/wp-content\/uploads\/2023\/01\/a10.jpg\",\"contentUrl\":\"https:\/\/jinsuncarbon.com\/wp-content\/uploads\/2023\/01\/a10.jpg\",\"width\":1024,\"height\":1024,\"caption\":\"HP graphite electrode\"},{\"@type\":\"BreadcrumbList\",\"@id\":\"https:\/\/jinsuncarbon.com\/product\/hp-graphite-electrode\/#breadcrumb\",\"itemListElement\":[{\"@type\":\"ListItem\",\"position\":1,\"name\":\"Home\",\"item\":\"https:\/\/jinsuncarbon.com\/\"},{\"@type\":\"ListItem\",\"position\":2,\"name\":\"Products\",\"item\":\"https:\/\/jinsuncarbon.com\/graphite-carbon\/\"},{\"@type\":\"ListItem\",\"position\":3,\"name\":\"HP graphite electrode\"}]},{\"@type\":\"WebSite\",\"@id\":\"https:\/\/jinsuncarbon.com\/#website\",\"url\":\"https:\/\/jinsuncarbon.com\/\",\"name\":\"Jinsun Carbon\",\"description\":\"We are the successful graphite electrode manufacturer in China\",\"publisher\":{\"@id\":\"https:\/\/jinsuncarbon.com\/#organization\"},\"potentialAction\":[{\"@type\":\"SearchAction\",\"target\":{\"@type\":\"EntryPoint\",\"urlTemplate\":\"https:\/\/jinsuncarbon.com\/?s={search_term_string}\"},\"query-input\":{\"@type\":\"PropertyValueSpecification\",\"valueRequired\":true,\"valueName\":\"search_term_string\"}}],\"inLanguage\":\"tr\"},{\"@type\":\"Organization\",\"@id\":\"https:\/\/jinsuncarbon.com\/#organization\",\"name\":\"Jinsun Carbon\",\"alternateName\":\"Jinsun Carbon\",\"url\":\"https:\/\/jinsuncarbon.com\/\",\"logo\":{\"@type\":\"ImageObject\",\"inLanguage\":\"tr\",\"@id\":\"https:\/\/jinsuncarbon.com\/#\/schema\/logo\/image\/\",\"url\":\"https:\/\/jinsuncarbon.com\/wp-content\/uploads\/2022\/12\/LOGO-1.png\",\"contentUrl\":\"https:\/\/jinsuncarbon.com\/wp-content\/uploads\/2022\/12\/LOGO-1.png\",\"width\":207,\"height\":80,\"caption\":\"Jinsun Carbon\"},\"image\":{\"@id\":\"https:\/\/jinsuncarbon.com\/#\/schema\/logo\/image\/\"},\"sameAs\":[\"https:\/\/www.facebook.com\/Graphite-Electrode-109336238661595\",\"https:\/\/x.com\/jinsuncarbon_\",\"https:\/\/www.linkedin.com\/in\/jinsungraphite\",\"https:\/\/www.youtube.com\/channel\/UCysDNyvyR5-3cCWEmpkVC0g\"]}]}<\/script>\n<!-- \/ Yoast SEO Premium plugin. -->","yoast_head_json":{"title":"\u00c7in'de HP Ark Oca\u011f\u0131 Grafit Elektrot \u00dcreticisi","description":"HP grafit elektrotlar, ikincil rafinasyon, pota metalurjisi ve s\u00fcrekli d\u00f6k\u00fcm gibi elektrik ark ocakl\u0131 \u00e7elik \u00fcretim proseslerinde yayg\u0131n olarak kullan\u0131lmaktad\u0131r. \u0130zin verilen ak\u0131m yo\u011funlu\u011fu 18-25A\/cm2'dir.","robots":{"index":"index","follow":"follow","max-snippet":"max-snippet:-1","max-image-preview":"max-image-preview:large","max-video-preview":"max-video-preview:-1"},"canonical":"https:\/\/jinsuncarbon.com\/tr\/urun\/hp-grafit-elektrot\/","og_locale":"tr_TR","og_type":"article","og_title":"HP graphite electrode","og_description":"HP graphite electrodes are widely used in electric arc furnace steelmaking processes such as secondary refining, ladle metallurgy and continuous casting. Its allowed current density is 18-25A\/cm2.","og_url":"https:\/\/jinsuncarbon.com\/tr\/urun\/hp-grafit-elektrot\/","og_site_name":"Jinsun Carbon","article_publisher":"https:\/\/www.facebook.com\/Graphite-Electrode-109336238661595","article_modified_time":"2024-11-03T13:36:49+00:00","og_image":[{"width":1024,"height":1024,"url":"https:\/\/jinsuncarbon.com\/wp-content\/uploads\/2023\/01\/a10.jpg","type":"image\/jpeg"}],"twitter_card":"summary_large_image","twitter_site":"@jinsuncarbon_","twitter_misc":{"Tahmini okuma s\u00fcresi":"3 dakika"},"schema":{"@context":"https:\/\/schema.org","@graph":[{"@type":"WebPage","@id":"https:\/\/jinsuncarbon.com\/product\/hp-graphite-electrode\/","url":"https:\/\/jinsuncarbon.com\/product\/hp-graphite-electrode\/","name":"\u00c7in'de HP Ark Oca\u011f\u0131 Grafit Elektrot \u00dcreticisi","isPartOf":{"@id":"https:\/\/jinsuncarbon.com\/#website"},"primaryImageOfPage":{"@id":"https:\/\/jinsuncarbon.com\/product\/hp-graphite-electrode\/#primaryimage"},"image":{"@id":"https:\/\/jinsuncarbon.com\/product\/hp-graphite-electrode\/#primaryimage"},"thumbnailUrl":"https:\/\/jinsuncarbon.com\/wp-content\/uploads\/2023\/01\/a10.jpg","datePublished":"2023-01-30T09:06:02+00:00","dateModified":"2024-11-03T13:36:49+00:00","description":"HP grafit elektrotlar, ikincil rafinasyon, pota metalurjisi ve s\u00fcrekli d\u00f6k\u00fcm gibi elektrik ark ocakl\u0131 \u00e7elik \u00fcretim proseslerinde yayg\u0131n olarak kullan\u0131lmaktad\u0131r. \u0130zin verilen ak\u0131m yo\u011funlu\u011fu 18-25A\/cm2'dir.","breadcrumb":{"@id":"https:\/\/jinsuncarbon.com\/product\/hp-graphite-electrode\/#breadcrumb"},"inLanguage":"tr","potentialAction":[{"@type":"ReadAction","target":["https:\/\/jinsuncarbon.com\/product\/hp-graphite-electrode\/"]}]},{"@type":"ImageObject","inLanguage":"tr","@id":"https:\/\/jinsuncarbon.com\/product\/hp-graphite-electrode\/#primaryimage","url":"https:\/\/jinsuncarbon.com\/wp-content\/uploads\/2023\/01\/a10.jpg","contentUrl":"https:\/\/jinsuncarbon.com\/wp-content\/uploads\/2023\/01\/a10.jpg","width":1024,"height":1024,"caption":"HP graphite electrode"},{"@type":"BreadcrumbList","@id":"https:\/\/jinsuncarbon.com\/product\/hp-graphite-electrode\/#breadcrumb","itemListElement":[{"@type":"ListItem","position":1,"name":"Home","item":"https:\/\/jinsuncarbon.com\/"},{"@type":"ListItem","position":2,"name":"Products","item":"https:\/\/jinsuncarbon.com\/graphite-carbon\/"},{"@type":"ListItem","position":3,"name":"HP graphite electrode"}]},{"@type":"WebSite","@id":"https:\/\/jinsuncarbon.com\/#website","url":"https:\/\/jinsuncarbon.com\/","name":"Jinsun Karbon","description":"\u00c7in'deki ba\u015far\u0131l\u0131 grafit elektrot \u00fcreticisiyiz","publisher":{"@id":"https:\/\/jinsuncarbon.com\/#organization"},"potentialAction":[{"@type":"SearchAction","target":{"@type":"EntryPoint","urlTemplate":"https:\/\/jinsuncarbon.com\/?s={search_term_string}"},"query-input":{"@type":"PropertyValueSpecification","valueRequired":true,"valueName":"search_term_string"}}],"inLanguage":"tr"},{"@type":"Organization","@id":"https:\/\/jinsuncarbon.com\/#organization","name":"Jinsun Karbon","alternateName":"Jinsun Carbon","url":"https:\/\/jinsuncarbon.com\/","logo":{"@type":"ImageObject","inLanguage":"tr","@id":"https:\/\/jinsuncarbon.com\/#\/schema\/logo\/image\/","url":"https:\/\/jinsuncarbon.com\/wp-content\/uploads\/2022\/12\/LOGO-1.png","contentUrl":"https:\/\/jinsuncarbon.com\/wp-content\/uploads\/2022\/12\/LOGO-1.png","width":207,"height":80,"caption":"Jinsun Carbon"},"image":{"@id":"https:\/\/jinsuncarbon.com\/#\/schema\/logo\/image\/"},"sameAs":["https:\/\/www.facebook.com\/Graphite-Electrode-109336238661595","https:\/\/x.com\/jinsuncarbon_","https:\/\/www.linkedin.com\/in\/jinsungraphite","https:\/\/www.youtube.com\/channel\/UCysDNyvyR5-3cCWEmpkVC0g"]}]}},"_links":{"self":[{"href":"https:\/\/jinsuncarbon.com\/tr\/wp-json\/wp\/v2\/product\/2127","targetHints":{"allow":["GET"]}}],"collection":[{"href":"https:\/\/jinsuncarbon.com\/tr\/wp-json\/wp\/v2\/product"}],"about":[{"href":"https:\/\/jinsuncarbon.com\/tr\/wp-json\/wp\/v2\/types\/product"}],"wp:featuredmedia":[{"embeddable":true,"href":"https:\/\/jinsuncarbon.com\/tr\/wp-json\/wp\/v2\/media\/2387"}],"wp:attachment":[{"href":"https:\/\/jinsuncarbon.com\/tr\/wp-json\/wp\/v2\/media?parent=2127"}],"wp:term":[{"taxonomy":"product_brand","embeddable":true,"href":"https:\/\/jinsuncarbon.com\/tr\/wp-json\/wp\/v2\/product_brand?post=2127"},{"taxonomy":"product_cat","embeddable":true,"href":"https:\/\/jinsuncarbon.com\/tr\/wp-json\/wp\/v2\/product_cat?post=2127"},{"taxonomy":"product_tag","embeddable":true,"href":"https:\/\/jinsuncarbon.com\/tr\/wp-json\/wp\/v2\/product_tag?post=2127"}],"curies":[{"name":"wp","href":"https:\/\/api.w.org\/{rel}","templated":true}]}}