{"id":8065,"date":"2025-09-23T00:07:38","date_gmt":"2025-09-23T00:07:38","guid":{"rendered":"https:\/\/jinsuncarbon.com\/?post_type=product&#038;p=8065"},"modified":"2025-09-23T00:07:39","modified_gmt":"2025-09-23T00:07:39","slug":"koolstofsputtertarget","status":"publish","type":"product","link":"https:\/\/jinsuncarbon.com\/nl\/product\/koolstofsputtertarget\/","title":{"rendered":"Koolstofsputtertarget"},"content":{"rendered":"<h2>Voordelen van koolstofsputteren<\/h2>\n<p>De meest voorkomende vormen zijn ronde, rechthoekige of op maat gemaakte onregelmatige structuren en de voordelen zijn vooral prominent aanwezig in het coatingproces.<\/p>\n<p><strong><b>E<\/b><\/strong><strong><b>xuitstekende chemische stabiliteit<\/b><\/strong><\/p>\n<p>Het reageert minder snel met andere elementen onder omstandigheden van hoog vacu\u00fcm en hoogenergetisch deeltjesbombardement. Zo wordt de zuiverheid van de coatingsamenstelling gegarandeerd.<\/p>\n<p>&nbsp;<\/p>\n<p><strong><b>H<\/b><\/strong><strong><b>Uiterst regelbare sputterfrequentie<\/b><\/strong><\/p>\n<p>De dikte van de koolstoffilm kan nauwkeurig worden geregeld door de procesparameters aan te passen aan de verschillende diktevereisten.<\/p>\n<p><strong><b>\u00a0<\/b><\/strong><\/p>\n<p><strong><b>W<\/b><\/strong><strong><b>ide aanpassingsvermogen<\/b><\/strong><\/p>\n<p>Je kunt het combineren met verschillende substraten zoals <a href=\"https:\/\/en.wikipedia.org\/wiki\/Silicon\" target=\"_blank\" rel=\"noopener\">silicium<\/a> en metalen om koolstoffilms te vormen. De koolstoffilms hebben eigenschappen zoals hoge hardheid, lage wrijvingsco\u00ebffici\u00ebnt of uitstekende geleidbaarheid.<\/p>\n<p><strong><b>\u00a0<\/b><\/strong><\/p>\n<p><strong><b>Uitgebreide mogelijkheden voor zuiverheidscontrole<\/b><\/strong><\/p>\n<p>Je kunt doelmaterialen bereiden, vari\u00ebrend van hoge zuiverheid (hoger dan 99,99%) tot gedoteerde types volgens jouw behoeften, en de prestaties van de koolstoffilm flexibel aanpassen.<\/p>\n<p>&nbsp;<\/p>\n<p><strong><b>Stabiele levensduur<\/b><\/strong><\/p>\n<p>Onder standaard gebruiksomstandigheden is het materiaalverlies uniform, wat de consistentie van de productie van batchcoating garandeert.<\/p>\n<p><strong><b>\u00a0<\/b><\/strong><\/p>\n<h2>Toepassingen van koolstofsputtertargets<\/h2>\n<h3>Elektronisch halfgeleidergebied<\/h3>\n<p><strong><b>Chip interconnectielaag coating<\/b><\/strong><\/p>\n<p>Je kunt koolstoffilms, gevormd door hoogzuivere koolstofsputtertargets, gebruiken als diffusiebarri\u00e8res of geleidende lagen. Het gebruik ervan voor de metalen interconnectielagen in chips kan de geleidbaarheid en stabiliteit van de chips verbeteren.<\/p>\n<p>&nbsp;<\/p>\n<p><strong><b>Voorbereiding sensorelektrode<\/b><\/strong><\/p>\n<p>Je kunt het gebruiken op de oppervlakken van gassensoren en biosensoren om zeer gevoelige <a href=\"https:\/\/jinsuncarbon.com\/nl\/product\/koolstofstaafelektrode\/\">elektroden<\/a>Dit garandeert de detectienauwkeurigheid van de sensoren.<\/p>\n<p>&nbsp;<\/p>\n<h3>Optisch veld<\/h3>\n<p><strong><b>Optische lens antireflectie\/antirefractiecoatings<\/b><\/strong><\/p>\n<p>Koolstoffilms gevormd door koolstofsputteren kunnen de optische reflectiviteit en transmissie van lenzen aanpassen. Het is geschikt voor optische componenten zoals cameralenzen en laserlenzen.<\/p>\n<p>&nbsp;<\/p>\n<p><strong><b>Infrarood raamcoating<\/b><\/strong><\/p>\n<p>Je kunt het gebruiken op het oppervlak van de ramen van infrarood detectieapparatuur. Het kan de slijtvastheid en infraroodtransmissie van de ramen verbeteren.<\/p>\n<p>&nbsp;<\/p>\n<h3>Mechanisch productieveld<\/h3>\n<p><strong><b>Precisiegereedschapcoating<\/b><\/strong><\/p>\n<p>Je kunt DLC-films gebruiken die worden gevormd door sputteren met diamantachtige koolstofdoelen om de oppervlakken van hardgelegeerde gereedschappen te bedekken. Het kan de hardheid en slijtvastheid van de gereedschappen aanzienlijk verbeteren en hun levensduur verlengen.<\/p>\n<p>&nbsp;<\/p>\n<p><strong><b>Versteviging van het schimmeloppervlak<\/b><\/strong><\/p>\n<p>Je kunt coatings aanbrengen op de oppervlakken van stansvormen en spuitgietvormen om slijtage te verminderen. Het vermindert de wrijvingsco\u00ebffici\u00ebnt tussen de matrijzen en de werkstukken en verbetert de productie-effici\u00ebntie van de matrijzen.<\/p>\n<p>&nbsp;<\/p>\n<h3>Nieuw energieveld<\/h3>\n<p><strong><b>Brandstofcel bipolaire plaatcoating<\/b><\/strong><\/p>\n<p>Het gebruik ervan op de oppervlakken van metalen bipolaire platen kan de corrosiebestendigheid en geleidbaarheid van de bipolaire platen verbeteren. Dit verbetert de energieopwekkingseffici\u00ebntie en de levensduur van de brandstofcellen.<\/p>\n<p>&nbsp;<\/p>\n<p><strong><b>Aanpassing elektrode lithiumbatterij<\/b><\/strong><\/p>\n<p>Je kunt het ook gebruiken op de oppervlakken van positieve of negatieve elektrodematerialen van lithiumbatterijen. Het verbetert de elektronische geleidbaarheid van de elektroden, waardoor de laad- en ontlaadeffici\u00ebntie en de levensduur van de accu's toenemen.<\/p>","protected":false},"excerpt":{"rendered":"<p>Koolstofsputtertarget is een functioneel targetmateriaal gemaakt van hoogzuivere koolstofmaterialen zoals grafiet, diamantfilms, enz. Het is de kerncomponent van het sputtercoatingproces in de fysische dampdepositie-technologie, die een uitstekende geleidbaarheid, stabiliteit en controleerbare sputtereffici\u00ebntie heeft. Het kan uniforme koolstoffilms vormen op de oppervlakken van substraten zoals chips, optische componenten en gecoate snijgereedschappen. En het is breed toepasbaar voor de precieze coatingvereisten op het gebied van elektronica, optica en mechanica.<\/p>","protected":false},"featured_media":8073,"template":"","meta":[],"product_brand":[],"product_cat":[39],"product_tag":[],"class_list":{"0":"post-8065","1":"product","2":"type-product","3":"status-publish","4":"has-post-thumbnail","6":"product_cat-carbon-products","8":"first","9":"instock","10":"shipping-taxable","11":"product-type-simple"},"yoast_head":"<!-- This site is optimized with the Yoast SEO Premium plugin v19.2.1 (Yoast SEO v25.3) - https:\/\/yoast.com\/wordpress\/plugins\/seo\/ -->\n<title>Carbon Sputtering Target | Jinsun Carbon<\/title>\n<meta name=\"robots\" content=\"index, follow, max-snippet:-1, max-image-preview:large, max-video-preview:-1\" \/>\n<link rel=\"canonical\" href=\"https:\/\/jinsuncarbon.com\/nl\/product\/koolstofsputtertarget\/\" \/>\n<meta property=\"og:locale\" content=\"nl_NL\" \/>\n<meta property=\"og:type\" content=\"article\" \/>\n<meta property=\"og:title\" content=\"Carbon Sputtering Target\" \/>\n<meta property=\"og:description\" content=\"Carbon sputtering target is a functional target material made of high-purity carbon materials such as graphite, diamond films, etc. It is the core component of the sputtering coating process in physical vapor deposition technology, which has\u00a0excellent conductivity, stability and controllable sputtering efficiency. It can form uniform carbon films on the surfaces of substrates such as chips, optical components, and coated cutting tools. And it is widely applicable to the precise coating requirements in the fields of electronics, optics, and mechanics.\" \/>\n<meta property=\"og:url\" content=\"https:\/\/jinsuncarbon.com\/nl\/product\/koolstofsputtertarget\/\" \/>\n<meta property=\"og:site_name\" content=\"Jinsun Carbon\" \/>\n<meta property=\"article:publisher\" content=\"https:\/\/www.facebook.com\/Graphite-Electrode-109336238661595\" \/>\n<meta property=\"article:modified_time\" content=\"2025-09-23T00:07:39+00:00\" \/>\n<meta property=\"og:image\" content=\"https:\/\/jinsuncarbon.com\/wp-content\/uploads\/2025\/09\/Carbon-Sputtering-Target.jpg\" \/>\n\t<meta property=\"og:image:width\" content=\"1024\" \/>\n\t<meta property=\"og:image:height\" content=\"763\" \/>\n\t<meta property=\"og:image:type\" content=\"image\/jpeg\" \/>\n<meta name=\"twitter:card\" content=\"summary_large_image\" \/>\n<meta name=\"twitter:site\" content=\"@jinsuncarbon_\" \/>\n<meta name=\"twitter:label1\" content=\"Geschatte leestijd\" \/>\n\t<meta name=\"twitter:data1\" content=\"3 minuten\" \/>\n<script type=\"application\/ld+json\" class=\"yoast-schema-graph\">{\"@context\":\"https:\/\/schema.org\",\"@graph\":[{\"@type\":\"WebPage\",\"@id\":\"https:\/\/jinsuncarbon.com\/product\/carbon-sputtering-target\/\",\"url\":\"https:\/\/jinsuncarbon.com\/product\/carbon-sputtering-target\/\",\"name\":\"Carbon Sputtering Target | Jinsun Carbon\",\"isPartOf\":{\"@id\":\"https:\/\/jinsuncarbon.com\/#website\"},\"primaryImageOfPage\":{\"@id\":\"https:\/\/jinsuncarbon.com\/product\/carbon-sputtering-target\/#primaryimage\"},\"image\":{\"@id\":\"https:\/\/jinsuncarbon.com\/product\/carbon-sputtering-target\/#primaryimage\"},\"thumbnailUrl\":\"https:\/\/jinsuncarbon.com\/wp-content\/uploads\/2025\/09\/Carbon-Sputtering-Target.jpg\",\"datePublished\":\"2025-09-23T00:07:38+00:00\",\"dateModified\":\"2025-09-23T00:07:39+00:00\",\"breadcrumb\":{\"@id\":\"https:\/\/jinsuncarbon.com\/product\/carbon-sputtering-target\/#breadcrumb\"},\"inLanguage\":\"nl-NL\",\"potentialAction\":[{\"@type\":\"ReadAction\",\"target\":[\"https:\/\/jinsuncarbon.com\/product\/carbon-sputtering-target\/\"]}]},{\"@type\":\"ImageObject\",\"inLanguage\":\"nl-NL\",\"@id\":\"https:\/\/jinsuncarbon.com\/product\/carbon-sputtering-target\/#primaryimage\",\"url\":\"https:\/\/jinsuncarbon.com\/wp-content\/uploads\/2025\/09\/Carbon-Sputtering-Target.jpg\",\"contentUrl\":\"https:\/\/jinsuncarbon.com\/wp-content\/uploads\/2025\/09\/Carbon-Sputtering-Target.jpg\",\"width\":1024,\"height\":763,\"caption\":\"Carbon Sputtering Target\"},{\"@type\":\"BreadcrumbList\",\"@id\":\"https:\/\/jinsuncarbon.com\/product\/carbon-sputtering-target\/#breadcrumb\",\"itemListElement\":[{\"@type\":\"ListItem\",\"position\":1,\"name\":\"Home\",\"item\":\"https:\/\/jinsuncarbon.com\/\"},{\"@type\":\"ListItem\",\"position\":2,\"name\":\"Products\",\"item\":\"https:\/\/jinsuncarbon.com\/graphite-carbon\/\"},{\"@type\":\"ListItem\",\"position\":3,\"name\":\"Carbon Sputtering Target\"}]},{\"@type\":\"WebSite\",\"@id\":\"https:\/\/jinsuncarbon.com\/#website\",\"url\":\"https:\/\/jinsuncarbon.com\/\",\"name\":\"Jinsun Carbon\",\"description\":\"We are the successful graphite electrode manufacturer in China\",\"publisher\":{\"@id\":\"https:\/\/jinsuncarbon.com\/#organization\"},\"potentialAction\":[{\"@type\":\"SearchAction\",\"target\":{\"@type\":\"EntryPoint\",\"urlTemplate\":\"https:\/\/jinsuncarbon.com\/?s={search_term_string}\"},\"query-input\":{\"@type\":\"PropertyValueSpecification\",\"valueRequired\":true,\"valueName\":\"search_term_string\"}}],\"inLanguage\":\"nl-NL\"},{\"@type\":\"Organization\",\"@id\":\"https:\/\/jinsuncarbon.com\/#organization\",\"name\":\"Jinsun Carbon\",\"alternateName\":\"Jinsun Carbon\",\"url\":\"https:\/\/jinsuncarbon.com\/\",\"logo\":{\"@type\":\"ImageObject\",\"inLanguage\":\"nl-NL\",\"@id\":\"https:\/\/jinsuncarbon.com\/#\/schema\/logo\/image\/\",\"url\":\"https:\/\/jinsuncarbon.com\/wp-content\/uploads\/2022\/12\/LOGO-1.png\",\"contentUrl\":\"https:\/\/jinsuncarbon.com\/wp-content\/uploads\/2022\/12\/LOGO-1.png\",\"width\":207,\"height\":80,\"caption\":\"Jinsun Carbon\"},\"image\":{\"@id\":\"https:\/\/jinsuncarbon.com\/#\/schema\/logo\/image\/\"},\"sameAs\":[\"https:\/\/www.facebook.com\/Graphite-Electrode-109336238661595\",\"https:\/\/x.com\/jinsuncarbon_\",\"https:\/\/www.linkedin.com\/in\/jinsungraphite\",\"https:\/\/www.youtube.com\/channel\/UCysDNyvyR5-3cCWEmpkVC0g\"]}]}<\/script>\n<!-- \/ Yoast SEO Premium plugin. -->","yoast_head_json":{"title":"Koolstofsputtertarget | Jinsun Koolstof","robots":{"index":"index","follow":"follow","max-snippet":"max-snippet:-1","max-image-preview":"max-image-preview:large","max-video-preview":"max-video-preview:-1"},"canonical":"https:\/\/jinsuncarbon.com\/nl\/product\/koolstofsputtertarget\/","og_locale":"nl_NL","og_type":"article","og_title":"Carbon Sputtering Target","og_description":"Carbon sputtering target is a functional target material made of high-purity carbon materials such as graphite, diamond films, etc. It is the core component of the sputtering coating process in physical vapor deposition technology, which has\u00a0excellent conductivity, stability and controllable sputtering efficiency. It can form uniform carbon films on the surfaces of substrates such as chips, optical components, and coated cutting tools. And it is widely applicable to the precise coating requirements in the fields of electronics, optics, and mechanics.","og_url":"https:\/\/jinsuncarbon.com\/nl\/product\/koolstofsputtertarget\/","og_site_name":"Jinsun Carbon","article_publisher":"https:\/\/www.facebook.com\/Graphite-Electrode-109336238661595","article_modified_time":"2025-09-23T00:07:39+00:00","og_image":[{"width":1024,"height":763,"url":"https:\/\/jinsuncarbon.com\/wp-content\/uploads\/2025\/09\/Carbon-Sputtering-Target.jpg","type":"image\/jpeg"}],"twitter_card":"summary_large_image","twitter_site":"@jinsuncarbon_","twitter_misc":{"Geschatte leestijd":"3 minuten"},"schema":{"@context":"https:\/\/schema.org","@graph":[{"@type":"WebPage","@id":"https:\/\/jinsuncarbon.com\/product\/carbon-sputtering-target\/","url":"https:\/\/jinsuncarbon.com\/product\/carbon-sputtering-target\/","name":"Koolstofsputtertarget | Jinsun Koolstof","isPartOf":{"@id":"https:\/\/jinsuncarbon.com\/#website"},"primaryImageOfPage":{"@id":"https:\/\/jinsuncarbon.com\/product\/carbon-sputtering-target\/#primaryimage"},"image":{"@id":"https:\/\/jinsuncarbon.com\/product\/carbon-sputtering-target\/#primaryimage"},"thumbnailUrl":"https:\/\/jinsuncarbon.com\/wp-content\/uploads\/2025\/09\/Carbon-Sputtering-Target.jpg","datePublished":"2025-09-23T00:07:38+00:00","dateModified":"2025-09-23T00:07:39+00:00","breadcrumb":{"@id":"https:\/\/jinsuncarbon.com\/product\/carbon-sputtering-target\/#breadcrumb"},"inLanguage":"nl-NL","potentialAction":[{"@type":"ReadAction","target":["https:\/\/jinsuncarbon.com\/product\/carbon-sputtering-target\/"]}]},{"@type":"ImageObject","inLanguage":"nl-NL","@id":"https:\/\/jinsuncarbon.com\/product\/carbon-sputtering-target\/#primaryimage","url":"https:\/\/jinsuncarbon.com\/wp-content\/uploads\/2025\/09\/Carbon-Sputtering-Target.jpg","contentUrl":"https:\/\/jinsuncarbon.com\/wp-content\/uploads\/2025\/09\/Carbon-Sputtering-Target.jpg","width":1024,"height":763,"caption":"Carbon Sputtering Target"},{"@type":"BreadcrumbList","@id":"https:\/\/jinsuncarbon.com\/product\/carbon-sputtering-target\/#breadcrumb","itemListElement":[{"@type":"ListItem","position":1,"name":"Home","item":"https:\/\/jinsuncarbon.com\/"},{"@type":"ListItem","position":2,"name":"Products","item":"https:\/\/jinsuncarbon.com\/graphite-carbon\/"},{"@type":"ListItem","position":3,"name":"Carbon Sputtering Target"}]},{"@type":"WebSite","@id":"https:\/\/jinsuncarbon.com\/#website","url":"https:\/\/jinsuncarbon.com\/","name":"Jinsun Koolstof","description":"Wij zijn de succesvolle grafietelektrodefabrikant in China","publisher":{"@id":"https:\/\/jinsuncarbon.com\/#organization"},"potentialAction":[{"@type":"SearchAction","target":{"@type":"EntryPoint","urlTemplate":"https:\/\/jinsuncarbon.com\/?s={search_term_string}"},"query-input":{"@type":"PropertyValueSpecification","valueRequired":true,"valueName":"search_term_string"}}],"inLanguage":"nl-NL"},{"@type":"Organization","@id":"https:\/\/jinsuncarbon.com\/#organization","name":"Jinsun Koolstof","alternateName":"Jinsun Carbon","url":"https:\/\/jinsuncarbon.com\/","logo":{"@type":"ImageObject","inLanguage":"nl-NL","@id":"https:\/\/jinsuncarbon.com\/#\/schema\/logo\/image\/","url":"https:\/\/jinsuncarbon.com\/wp-content\/uploads\/2022\/12\/LOGO-1.png","contentUrl":"https:\/\/jinsuncarbon.com\/wp-content\/uploads\/2022\/12\/LOGO-1.png","width":207,"height":80,"caption":"Jinsun Carbon"},"image":{"@id":"https:\/\/jinsuncarbon.com\/#\/schema\/logo\/image\/"},"sameAs":["https:\/\/www.facebook.com\/Graphite-Electrode-109336238661595","https:\/\/x.com\/jinsuncarbon_","https:\/\/www.linkedin.com\/in\/jinsungraphite","https:\/\/www.youtube.com\/channel\/UCysDNyvyR5-3cCWEmpkVC0g"]}]}},"_links":{"self":[{"href":"https:\/\/jinsuncarbon.com\/nl\/wp-json\/wp\/v2\/product\/8065","targetHints":{"allow":["GET"]}}],"collection":[{"href":"https:\/\/jinsuncarbon.com\/nl\/wp-json\/wp\/v2\/product"}],"about":[{"href":"https:\/\/jinsuncarbon.com\/nl\/wp-json\/wp\/v2\/types\/product"}],"wp:featuredmedia":[{"embeddable":true,"href":"https:\/\/jinsuncarbon.com\/nl\/wp-json\/wp\/v2\/media\/8073"}],"wp:attachment":[{"href":"https:\/\/jinsuncarbon.com\/nl\/wp-json\/wp\/v2\/media?parent=8065"}],"wp:term":[{"taxonomy":"product_brand","embeddable":true,"href":"https:\/\/jinsuncarbon.com\/nl\/wp-json\/wp\/v2\/product_brand?post=8065"},{"taxonomy":"product_cat","embeddable":true,"href":"https:\/\/jinsuncarbon.com\/nl\/wp-json\/wp\/v2\/product_cat?post=8065"},{"taxonomy":"product_tag","embeddable":true,"href":"https:\/\/jinsuncarbon.com\/nl\/wp-json\/wp\/v2\/product_tag?post=8065"}],"curies":[{"name":"wp","href":"https:\/\/api.w.org\/{rel}","templated":true}]}}