{"id":8019,"date":"2025-08-02T08:47:55","date_gmt":"2025-08-02T08:47:55","guid":{"rendered":"https:\/\/jinsuncarbon.com\/?post_type=product&#038;p=8019"},"modified":"2025-08-26T05:00:16","modified_gmt":"2025-08-26T05:00:16","slug":"grafiet-ontkolingsoven","status":"publish","type":"product","link":"https:\/\/jinsuncarbon.com\/nl\/product\/grafiet-ontkolingsoven\/","title":{"rendered":"Grafiet ontkolingsmiddel"},"content":{"rendered":"<h2>Grafiet Recarburizer Fabrikant<\/h2>\n<p><strong><b>Hoog<\/b><\/strong><strong><b>\u00a0koolstofgehalte <\/b><\/strong><\/p>\n<p>Het koolstofgehalte bereikt over het algemeen meer dan 90% en voor sommige producten van hoge kwaliteit kan het zelfs meer dan 98% bereiken. Hierdoor kan het snel koolstofelementen toevoegen aan gesmolten staal en de smelteffici\u00ebntie verbeteren.<\/p>\n<p>&nbsp;<\/p>\n<p><strong><b>Laag<\/b><\/strong><strong><b>\u00a0gehalte aan onzuiverheden<\/b><\/strong><\/p>\n<p>Na de zuiveringsbehandeling is het gehalte aan schadelijke onzuiverheden zoals zwavel, fosfor en stikstof laag. Dit vermindert de negatieve effecten op de metaaleigenschappen.<\/p>\n<p>&nbsp;<\/p>\n<p><strong><b>I<\/b><\/strong><strong><b>de grafietmorfologie verbeteren<\/b><\/strong><\/p>\n<p>Hierdoor lost het gemakkelijk op in gesmolten metaal en absorbeert het snel, waardoor het koolstofgehalte van het metaal snel kan toenemen.<\/p>\n<p>&nbsp;<\/p>\n<p><strong><b>G<\/b><\/strong><strong><b>goede chemische stabiliteit<\/b><\/strong><\/p>\n<p>Het kan stabiel blijven presteren in smeltomgevingen op hoge temperatuur en heeft waarschijnlijk geen nadelige reacties met andere stoffen.<\/p>\n<p>&nbsp;<\/p>\n<p><strong><b>Uniforme samenstelling<\/b><\/strong><\/p>\n<p>Dit garandeert de consistentie van het koolstofverhogende effect.<\/p>\n<p>&nbsp;<\/p>\n<p><strong><b>C<\/b><\/strong><strong><b>handig in gebruik<\/b><\/strong><\/p>\n<p>Je kunt de hoeveelheid toevoegen naar behoefte aanpassen en zo het koolstofgehalte van het metaal nauwkeurig regelen.<\/p>\n<p>&nbsp;<\/p>\n<h2>Technische specificaties<\/h2>\n<table>\n<tbody>\n<tr>\n<td width=\"53\">ITEM<\/td>\n<td width=\"53\">Specifieke weerstand<\/td>\n<td width=\"53\">Zwavel<\/p>\n<p>Inhoud<\/td>\n<td width=\"53\">As<\/td>\n<td width=\"53\">Vluchtig<\/p>\n<p>Materie<\/td>\n<td width=\"53\">Vocht<\/td>\n<td width=\"53\">Koolstof<\/p>\n<p>Inhoud<\/td>\n<td width=\"53\">Stikstof<\/p>\n<p>Inhoud<\/td>\n<\/tr>\n<tr>\n<td width=\"53\">Carburateur<\/p>\n<p>0-2<\/td>\n<td width=\"53\">&lt;120<\/td>\n<td width=\"53\">&lt;0.3<\/td>\n<td width=\"53\">&lt;1<\/td>\n<td width=\"53\">&lt;0.5<\/td>\n<td width=\"53\">&lt;0.05<\/td>\n<td width=\"53\">&gt;98.5<\/td>\n<td width=\"53\">&lt;300<\/td>\n<\/tr>\n<tr>\n<td width=\"53\">Carburateur<\/p>\n<p>2-5<\/td>\n<td width=\"53\">&lt;120<\/td>\n<td width=\"53\">&lt;0.05<\/td>\n<td width=\"53\">&lt;1<\/td>\n<td width=\"53\">&lt;0.5<\/td>\n<td width=\"53\">&lt;0.05<\/td>\n<td width=\"53\">&gt;98.5<\/td>\n<td width=\"53\">&lt;300<\/td>\n<\/tr>\n<tr>\n<td width=\"53\">Carburateur<\/p>\n<p>5-30<\/td>\n<td width=\"53\">80-100<\/td>\n<td width=\"53\">&lt;0.05<\/td>\n<td width=\"53\">&lt;0.7<\/td>\n<td width=\"53\">&lt;0.5<\/td>\n<td width=\"53\">&lt;0.05<\/td>\n<td width=\"53\">&gt;98.5<\/td>\n<td width=\"53\">&lt;300<\/td>\n<\/tr>\n<\/tbody>\n<\/table>\n<h2><\/h2>\n<h2>Gebruik van grafietrecarburator<\/h2>\n<p>Grafiet recarbonizer wordt veel gebruikt en er zijn een aantal veelvoorkomende toepassingsgebieden.<\/p>\n<h3><strong><b>De ijzergietindustrie: <\/b><\/strong><\/h3>\n<p><strong><b>I. Productie van grijs gietijzer<\/b><\/strong><\/p>\n<p>Door het toe te voegen tijdens het smeltproces van grijs gietijzer kun je het koolstofgehalte op een geschikt niveau brengen. Het bereik is over het algemeen 2,5% - 4%, wat het volgende kan bevorderen\u00a0<a href=\"https:\/\/jinsuncarbon.com\/nl\/wat-is-grafitisatie\/\">grafitisatie<\/a>. En het verbetert de bewerkingsprestaties en mechanische eigenschappen van de gietstukken, zoals het verbeteren van de slijtvastheid en druksterkte.<\/p>\n<p>&nbsp;<\/p>\n<p><strong><b>II. Productie van nodulair gietijzer<\/b><\/strong><\/p>\n<p>Je kunt het gebruiken voor het smelten van sfero\u00efdaal grafietgietijzer, omdat het de koolstofinhoud kan stabiliseren. Wanneer het in combinatie met sfero\u00efdiserende middelen wordt gebruikt, kan het het sfero\u00efdiseringseffect garanderen. En het kan de taaiheid en sterkte van de gietstukken verbeteren, wat geschikt is voor de productie van auto-onderdelen, pijpen, enz.<\/p>\n<p>&nbsp;<\/p>\n<p><strong><b>III. Smeedbaar gietijzer<\/b><\/strong><strong><b>\u00a0<\/b><\/strong><strong><b>productie<\/b><\/strong><\/p>\n<p>Het kan helpen het koolstofgehalte van het gesmolten ijzer aan te passen, waardoor de voorwaarden worden gecre\u00eberd voor het neerslaan van grafiet tijdens het daaropvolgende gloeiproces. En dan de bewerkbaarheid van het smeedbare gietijzer garanderen.<\/p>\n<p>&nbsp;<\/p>\n<p><strong><b>IV. Gietstaalindustrie: <\/b><\/strong><\/p>\n<p>Je kunt het gebruiken bij de productie van diverse koolstofstalen en gelegeerde gietstalen, die de koolstofelementen aanvullen die tijdens het smeltproces verloren zijn gegaan. Het controleert het koolstofgehalte binnen het ontworpen bereik, dat wordt gebruikt voor de productie van frames voor machinebedden, onderdelen voor technische machines, enz. En het kan ervoor zorgen dat de hardheid, sterkte en andere eigenschappen van het staal aan de normen voldoen.<\/p>\n<p>&nbsp;<\/p>\n<h3><strong><b>Andere metallurgische velden: <\/b><\/strong><\/h3>\n<p><strong><b>Poedermetallurgie<\/b><\/strong><\/p>\n<p>In de<a href=\"https:\/\/en.wikipedia.org\/wiki\/Powder_metallurgy\" target=\"_blank\" rel=\"noopener\"> poedermetallurgie<\/a> proces kun je het toevoegen als koolstofbron. Het kan het koolstofgehalte van de legering aanpassen en metaalpoederproducten met specifieke eigenschappen produceren.<\/p>\n<p>&nbsp;<\/p>\n<p><strong><b>Productie van ijzerlegeringen<\/b><\/strong><\/p>\n<p>In sommige productieprocessen van ijzerlegeringen moet je het koolstofgehalte onder controle houden. Daarom kun je de grafietrecarbonisator gebruiken als een nauwkeurig koolstofadditief om de productkwaliteit te garanderen.<\/p>","protected":false},"excerpt":{"rendered":"<p>Grafiet recarbonizer is een soort koolstofadditief gemaakt van natuurlijk grafiet of kunstmatig grafiet als belangrijkste grondstof, verwerkt door breken, zeven en andere technieken. Het heeft een hoog koolstofgehalte, weinig onzuiverheden en uitstekende koolstofabsorptieprestaties, dus het is een effici\u00ebnt koolstofverhogend materiaal. En het speelt een belangrijke rol in de staalsmelterij en de gietindustrie, omdat het voldoet aan de vraag naar regulering van het koolstofgehalte in de metaalsmelterij. Het heeft verschillende vormen, waaronder granulaat, poeder en blokvorm. En je kunt de specifieke vorm aanpassen aan de eisen van het smeltproces.<\/p>","protected":false},"featured_media":8020,"template":"","meta":[],"product_brand":[],"product_cat":[40],"product_tag":[],"class_list":{"0":"post-8019","1":"product","2":"type-product","3":"status-publish","4":"has-post-thumbnail","6":"product_cat-petroleum-coke","8":"first","9":"instock","10":"shipping-taxable","11":"product-type-simple"},"yoast_head":"<!-- This site is optimized with the Yoast SEO Premium plugin v19.2.1 (Yoast SEO v25.3) - https:\/\/yoast.com\/wordpress\/plugins\/seo\/ -->\n<title>Graphite Recarburizer | Jinsun Carbon<\/title>\n<meta name=\"description\" content=\"Graphite recarburizer manufacturer and supplier, graphite recarburizercan be used in steelmaking, cast iron, alloy casting or as an auxiliary material for smelting.\" \/>\n<meta name=\"robots\" content=\"index, follow, max-snippet:-1, max-image-preview:large, max-video-preview:-1\" \/>\n<link rel=\"canonical\" href=\"https:\/\/jinsuncarbon.com\/nl\/product\/grafiet-ontkolingsoven\/\" \/>\n<meta property=\"og:locale\" content=\"nl_NL\" \/>\n<meta property=\"og:type\" content=\"article\" \/>\n<meta property=\"og:title\" content=\"Graphite Recarburizer\" \/>\n<meta property=\"og:description\" content=\"Graphite recarburizer manufacturer and supplier, graphite recarburizercan be used in steelmaking, cast iron, alloy casting or as an auxiliary material for smelting.\" \/>\n<meta property=\"og:url\" content=\"https:\/\/jinsuncarbon.com\/nl\/product\/grafiet-ontkolingsoven\/\" \/>\n<meta property=\"og:site_name\" content=\"Jinsun Carbon\" \/>\n<meta property=\"article:publisher\" content=\"https:\/\/www.facebook.com\/Graphite-Electrode-109336238661595\" \/>\n<meta property=\"article:modified_time\" content=\"2025-08-26T05:00:16+00:00\" \/>\n<meta property=\"og:image\" content=\"https:\/\/jinsuncarbon.com\/wp-content\/uploads\/2025\/08\/Graphite-Recarburizer.jpg\" \/>\n\t<meta property=\"og:image:width\" content=\"1024\" \/>\n\t<meta property=\"og:image:height\" content=\"763\" \/>\n\t<meta property=\"og:image:type\" content=\"image\/jpeg\" \/>\n<meta name=\"twitter:card\" content=\"summary_large_image\" \/>\n<meta name=\"twitter:site\" content=\"@jinsuncarbon_\" \/>\n<meta name=\"twitter:label1\" content=\"Geschatte leestijd\" \/>\n\t<meta name=\"twitter:data1\" content=\"3 minuten\" \/>\n<script type=\"application\/ld+json\" class=\"yoast-schema-graph\">{\"@context\":\"https:\/\/schema.org\",\"@graph\":[{\"@type\":\"WebPage\",\"@id\":\"https:\/\/jinsuncarbon.com\/product\/graphite-recarburizer\/\",\"url\":\"https:\/\/jinsuncarbon.com\/product\/graphite-recarburizer\/\",\"name\":\"Graphite Recarburizer | Jinsun Carbon\",\"isPartOf\":{\"@id\":\"https:\/\/jinsuncarbon.com\/#website\"},\"primaryImageOfPage\":{\"@id\":\"https:\/\/jinsuncarbon.com\/product\/graphite-recarburizer\/#primaryimage\"},\"image\":{\"@id\":\"https:\/\/jinsuncarbon.com\/product\/graphite-recarburizer\/#primaryimage\"},\"thumbnailUrl\":\"https:\/\/jinsuncarbon.com\/wp-content\/uploads\/2025\/08\/Graphite-Recarburizer.jpg\",\"datePublished\":\"2025-08-02T08:47:55+00:00\",\"dateModified\":\"2025-08-26T05:00:16+00:00\",\"description\":\"Graphite recarburizer manufacturer and supplier, graphite recarburizercan be used in steelmaking, cast iron, alloy casting or as an auxiliary material for smelting.\",\"breadcrumb\":{\"@id\":\"https:\/\/jinsuncarbon.com\/product\/graphite-recarburizer\/#breadcrumb\"},\"inLanguage\":\"nl-NL\",\"potentialAction\":[{\"@type\":\"ReadAction\",\"target\":[\"https:\/\/jinsuncarbon.com\/product\/graphite-recarburizer\/\"]}]},{\"@type\":\"ImageObject\",\"inLanguage\":\"nl-NL\",\"@id\":\"https:\/\/jinsuncarbon.com\/product\/graphite-recarburizer\/#primaryimage\",\"url\":\"https:\/\/jinsuncarbon.com\/wp-content\/uploads\/2025\/08\/Graphite-Recarburizer.jpg\",\"contentUrl\":\"https:\/\/jinsuncarbon.com\/wp-content\/uploads\/2025\/08\/Graphite-Recarburizer.jpg\",\"width\":1024,\"height\":763,\"caption\":\"Graphite Recarburizer\"},{\"@type\":\"BreadcrumbList\",\"@id\":\"https:\/\/jinsuncarbon.com\/product\/graphite-recarburizer\/#breadcrumb\",\"itemListElement\":[{\"@type\":\"ListItem\",\"position\":1,\"name\":\"Home\",\"item\":\"https:\/\/jinsuncarbon.com\/\"},{\"@type\":\"ListItem\",\"position\":2,\"name\":\"Products\",\"item\":\"https:\/\/jinsuncarbon.com\/graphite-carbon\/\"},{\"@type\":\"ListItem\",\"position\":3,\"name\":\"Graphite Recarburizer\"}]},{\"@type\":\"WebSite\",\"@id\":\"https:\/\/jinsuncarbon.com\/#website\",\"url\":\"https:\/\/jinsuncarbon.com\/\",\"name\":\"Jinsun Carbon\",\"description\":\"We are the successful graphite electrode manufacturer in China\",\"publisher\":{\"@id\":\"https:\/\/jinsuncarbon.com\/#organization\"},\"potentialAction\":[{\"@type\":\"SearchAction\",\"target\":{\"@type\":\"EntryPoint\",\"urlTemplate\":\"https:\/\/jinsuncarbon.com\/?s={search_term_string}\"},\"query-input\":{\"@type\":\"PropertyValueSpecification\",\"valueRequired\":true,\"valueName\":\"search_term_string\"}}],\"inLanguage\":\"nl-NL\"},{\"@type\":\"Organization\",\"@id\":\"https:\/\/jinsuncarbon.com\/#organization\",\"name\":\"Jinsun Carbon\",\"alternateName\":\"Jinsun Carbon\",\"url\":\"https:\/\/jinsuncarbon.com\/\",\"logo\":{\"@type\":\"ImageObject\",\"inLanguage\":\"nl-NL\",\"@id\":\"https:\/\/jinsuncarbon.com\/#\/schema\/logo\/image\/\",\"url\":\"https:\/\/jinsuncarbon.com\/wp-content\/uploads\/2022\/12\/LOGO-1.png\",\"contentUrl\":\"https:\/\/jinsuncarbon.com\/wp-content\/uploads\/2022\/12\/LOGO-1.png\",\"width\":207,\"height\":80,\"caption\":\"Jinsun Carbon\"},\"image\":{\"@id\":\"https:\/\/jinsuncarbon.com\/#\/schema\/logo\/image\/\"},\"sameAs\":[\"https:\/\/www.facebook.com\/Graphite-Electrode-109336238661595\",\"https:\/\/x.com\/jinsuncarbon_\",\"https:\/\/www.linkedin.com\/in\/jinsungraphite\",\"https:\/\/www.youtube.com\/channel\/UCysDNyvyR5-3cCWEmpkVC0g\"]}]}<\/script>\n<!-- \/ Yoast SEO Premium plugin. -->","yoast_head_json":{"title":"Grafiet ontkolingsoven | Jinsun Carbon","description":"Fabrikant en leverancier van grafietontkolingsapparaten, grafietontkolingsapparaten kunnen worden gebruikt in de staalindustrie, bij het gieten van gietijzer, legeringen of als hulpmateriaal bij het smelten.","robots":{"index":"index","follow":"follow","max-snippet":"max-snippet:-1","max-image-preview":"max-image-preview:large","max-video-preview":"max-video-preview:-1"},"canonical":"https:\/\/jinsuncarbon.com\/nl\/product\/grafiet-ontkolingsoven\/","og_locale":"nl_NL","og_type":"article","og_title":"Graphite Recarburizer","og_description":"Graphite recarburizer manufacturer and supplier, graphite recarburizercan be used in steelmaking, cast iron, alloy casting or as an auxiliary material for smelting.","og_url":"https:\/\/jinsuncarbon.com\/nl\/product\/grafiet-ontkolingsoven\/","og_site_name":"Jinsun Carbon","article_publisher":"https:\/\/www.facebook.com\/Graphite-Electrode-109336238661595","article_modified_time":"2025-08-26T05:00:16+00:00","og_image":[{"width":1024,"height":763,"url":"https:\/\/jinsuncarbon.com\/wp-content\/uploads\/2025\/08\/Graphite-Recarburizer.jpg","type":"image\/jpeg"}],"twitter_card":"summary_large_image","twitter_site":"@jinsuncarbon_","twitter_misc":{"Geschatte leestijd":"3 minuten"},"schema":{"@context":"https:\/\/schema.org","@graph":[{"@type":"WebPage","@id":"https:\/\/jinsuncarbon.com\/product\/graphite-recarburizer\/","url":"https:\/\/jinsuncarbon.com\/product\/graphite-recarburizer\/","name":"Grafiet ontkolingsoven | Jinsun Carbon","isPartOf":{"@id":"https:\/\/jinsuncarbon.com\/#website"},"primaryImageOfPage":{"@id":"https:\/\/jinsuncarbon.com\/product\/graphite-recarburizer\/#primaryimage"},"image":{"@id":"https:\/\/jinsuncarbon.com\/product\/graphite-recarburizer\/#primaryimage"},"thumbnailUrl":"https:\/\/jinsuncarbon.com\/wp-content\/uploads\/2025\/08\/Graphite-Recarburizer.jpg","datePublished":"2025-08-02T08:47:55+00:00","dateModified":"2025-08-26T05:00:16+00:00","description":"Fabrikant en leverancier van grafietontkolingsapparaten, grafietontkolingsapparaten kunnen worden gebruikt in de staalindustrie, bij het gieten van gietijzer, legeringen of als hulpmateriaal bij het smelten.","breadcrumb":{"@id":"https:\/\/jinsuncarbon.com\/product\/graphite-recarburizer\/#breadcrumb"},"inLanguage":"nl-NL","potentialAction":[{"@type":"ReadAction","target":["https:\/\/jinsuncarbon.com\/product\/graphite-recarburizer\/"]}]},{"@type":"ImageObject","inLanguage":"nl-NL","@id":"https:\/\/jinsuncarbon.com\/product\/graphite-recarburizer\/#primaryimage","url":"https:\/\/jinsuncarbon.com\/wp-content\/uploads\/2025\/08\/Graphite-Recarburizer.jpg","contentUrl":"https:\/\/jinsuncarbon.com\/wp-content\/uploads\/2025\/08\/Graphite-Recarburizer.jpg","width":1024,"height":763,"caption":"Graphite Recarburizer"},{"@type":"BreadcrumbList","@id":"https:\/\/jinsuncarbon.com\/product\/graphite-recarburizer\/#breadcrumb","itemListElement":[{"@type":"ListItem","position":1,"name":"Home","item":"https:\/\/jinsuncarbon.com\/"},{"@type":"ListItem","position":2,"name":"Products","item":"https:\/\/jinsuncarbon.com\/graphite-carbon\/"},{"@type":"ListItem","position":3,"name":"Graphite Recarburizer"}]},{"@type":"WebSite","@id":"https:\/\/jinsuncarbon.com\/#website","url":"https:\/\/jinsuncarbon.com\/","name":"Jinsun Koolstof","description":"Wij zijn de succesvolle grafietelektrodefabrikant in China","publisher":{"@id":"https:\/\/jinsuncarbon.com\/#organization"},"potentialAction":[{"@type":"SearchAction","target":{"@type":"EntryPoint","urlTemplate":"https:\/\/jinsuncarbon.com\/?s={search_term_string}"},"query-input":{"@type":"PropertyValueSpecification","valueRequired":true,"valueName":"search_term_string"}}],"inLanguage":"nl-NL"},{"@type":"Organization","@id":"https:\/\/jinsuncarbon.com\/#organization","name":"Jinsun Koolstof","alternateName":"Jinsun Carbon","url":"https:\/\/jinsuncarbon.com\/","logo":{"@type":"ImageObject","inLanguage":"nl-NL","@id":"https:\/\/jinsuncarbon.com\/#\/schema\/logo\/image\/","url":"https:\/\/jinsuncarbon.com\/wp-content\/uploads\/2022\/12\/LOGO-1.png","contentUrl":"https:\/\/jinsuncarbon.com\/wp-content\/uploads\/2022\/12\/LOGO-1.png","width":207,"height":80,"caption":"Jinsun Carbon"},"image":{"@id":"https:\/\/jinsuncarbon.com\/#\/schema\/logo\/image\/"},"sameAs":["https:\/\/www.facebook.com\/Graphite-Electrode-109336238661595","https:\/\/x.com\/jinsuncarbon_","https:\/\/www.linkedin.com\/in\/jinsungraphite","https:\/\/www.youtube.com\/channel\/UCysDNyvyR5-3cCWEmpkVC0g"]}]}},"_links":{"self":[{"href":"https:\/\/jinsuncarbon.com\/nl\/wp-json\/wp\/v2\/product\/8019","targetHints":{"allow":["GET"]}}],"collection":[{"href":"https:\/\/jinsuncarbon.com\/nl\/wp-json\/wp\/v2\/product"}],"about":[{"href":"https:\/\/jinsuncarbon.com\/nl\/wp-json\/wp\/v2\/types\/product"}],"wp:featuredmedia":[{"embeddable":true,"href":"https:\/\/jinsuncarbon.com\/nl\/wp-json\/wp\/v2\/media\/8020"}],"wp:attachment":[{"href":"https:\/\/jinsuncarbon.com\/nl\/wp-json\/wp\/v2\/media?parent=8019"}],"wp:term":[{"taxonomy":"product_brand","embeddable":true,"href":"https:\/\/jinsuncarbon.com\/nl\/wp-json\/wp\/v2\/product_brand?post=8019"},{"taxonomy":"product_cat","embeddable":true,"href":"https:\/\/jinsuncarbon.com\/nl\/wp-json\/wp\/v2\/product_cat?post=8019"},{"taxonomy":"product_tag","embeddable":true,"href":"https:\/\/jinsuncarbon.com\/nl\/wp-json\/wp\/v2\/product_tag?post=8019"}],"curies":[{"name":"wp","href":"https:\/\/api.w.org\/{rel}","templated":true}]}}