{"id":7199,"date":"2025-01-03T03:07:19","date_gmt":"2025-01-03T03:07:19","guid":{"rendered":"https:\/\/jinsuncarbon.com\/?post_type=product&#038;p=7199"},"modified":"2025-01-16T00:43:23","modified_gmt":"2025-01-16T00:43:23","slug":"grafietpoeder-met-hoge-zuiverheid","status":"publish","type":"product","link":"https:\/\/jinsuncarbon.com\/nl\/product\/grafietpoeder-met-hoge-zuiverheid\/","title":{"rendered":"Hoogzuiver grafietpoeder"},"content":{"rendered":"<h2>Eigenschappen van hoogzuiver grafietpoeder<\/h2>\n<p><strong>Hoge temperatuurbestendigheid en thermische geleidbaarheid<\/strong><\/p>\n<p>Het smeltpunt van grafiet is 3850\u00b150\u00b0C en het kookpunt 4250\u00b0C. De thermische uitzettingsco\u00ebffici\u00ebnt is erg klein, 1,4\u00d710^-6\/K. Hierdoor kan het materiaalverlies bij hoge temperaturen worden beperkt. Verder kan het warmtegeleidingsvermogen van zeer zuiver grafietpoeder bij kamertemperatuur oplopen tot 2,17\u00d710^6 W\/(cm-K), deze waarde kan vari\u00ebren door de meetmethode en de omrekening van eenheden. Deze waarde kan vari\u00ebren door de meetmethode en de omrekening van eenheden. Maar het toont nog steeds de over het algemeen superieure thermische geleidbaarheid van grafietpoeder bij kamertemperatuur. Door de hoge thermische geleidbaarheid en hoge temperatuurbestendigheid van grafietpoeder kan het snel warmte overdragen en warmteaccumulatie verminderen. Bovendien kan het stabiel blijven bij hoge temperaturen.<\/p>\n<p><strong>Elektrisch:<\/strong> Door zijn speciale kristalstructuur heeft grafiet een goed elektrisch geleidingsvermogen. Hoe zuiverder het grafiet, hoe kleiner de deeltjes, hoe beter het geleidingsvermogen. Ons grafietpoeder van hoge zuiverheid heeft dus een uitstekend elektrisch geleidingsvermogen.<\/p>\n<p><strong>Smering:<\/strong> Hoogzuiver grafietpoeder bevat minder onzuiverheden, waardoor het beter smeert en wrijving en slijtage vermindert. Hoogzuivere grafietdeeltjes vormen eerder een uniforme smeerfilm en verminderen zo het contact tussen mechanische oppervlakken. Hoe groter de vlok, hoe kleiner de wrijvingsco\u00ebffici\u00ebnt en hoe beter de smeerprestaties.<\/p>\n<p><strong>Chemische stabiliteit:<\/strong> <a href=\"https:\/\/jinsuncarbon.com\/nl\/de-toepassingen-van-grafiet\/\">grafiet<\/a> heeft een goede chemische stabiliteit bij kamertemperatuur. En het is bestand tegen corrosie door zuren, alkali\u00ebn en organische oplosmiddelen.<\/p>\n<p>&nbsp;<\/p>\n<h2>Toepassingen van grafietpoeder met hoge zuiverheid<\/h2>\n<p><strong>Smeermiddel:<\/strong> Door zijn lage wrijvingsco\u00ebffici\u00ebnt en bladstructuur wordt grafietpoeder vaak gebruikt als droog smeermiddel, vooral in omgevingen met hoge temperaturen of een hoog vacu\u00fcm. Het wordt veel gebruikt voor de smering van mechanische onderdelen, zoals lagers en tandwielen.<\/p>\n<p><strong>Metallurgische industrie:<\/strong> <a href=\"https:\/\/jinsuncarbon.com\/nl\/product\/grafietpoeder\/\">Grafietpoeder<\/a> is ook een veelgebruikte reductiemiddel in de metallurgische industrie. Het helpt onzuiverheden in metalen te verwijderen en de zuiverheid, hardheid en sterkte van metalen te verbeteren. Daarnaast is het ook een legeringsadditief voor <a href=\"https:\/\/en.wikipedia.org\/wiki\/Steelmaking\" target=\"_blank\" rel=\"noopener\">staalfabricage<\/a> en non-ferrometalen.<\/p>\n<p><strong>Brandveilige materialen:<\/strong> Sommige soorten grafietpoeder kunnen worden toegevoegd aan vuurvaste materialen om hun vuurbestendigheid te verbeteren.<\/p>\n<p><strong>Lossingsmiddel voor gieten en vormen:<\/strong> Tijdens de <a href=\"https:\/\/en.wikipedia.org\/wiki\/Casting\" target=\"_blank\" rel=\"noopener\">gieten<\/a> proces werkt grafietpoeder als een isolerende laag. Het voorkomt dat het metaal aan de mal blijft kleven en zorgt voor een soepele afgifte. Bij de productie van matrijzen fungeert het ook als algemeen losmiddel.<\/p>\n<p><strong>Corrosiebestendig en afdichtingsmateriaal:<\/strong> Grafietpoeder komt ook veel voor in afdichtingsmaterialen. Zoals gran poeder (afdichting anti-aanbakvet). Mensen gebruiken het op grote schaal in schepen, vliegtuigen, locomotieven en andere grote machines metalen hechtoppervlak, flensverbinding delen van de afdichting en anti-stick. Door de uitstekende corrosiebestendigheid kan grafiet lange tijd effici\u00ebnte afdichtingsprestaties in ruwe omgevingen behouden. Dus ze zijn ook gebruikelijk in de chemische en petrochemische industrie.<\/p>\n<p><strong>Lichte industrie:<\/strong> Grafietpoeder is een polijstmiddel en antiroestmiddel voor glas- en papierfabricage in de lichte industrie. Het is ook een onmisbare grondstof voor de productie van potloden, inkt, zwarte verf, inkt en synthetisch diamant enz.<\/p>\n<p><strong>Chemische industrie:<\/strong> Mensen gebruiken grafietpoeder om chemische apparatuur te maken, zoals warmtewisselaars en reactietanks. Het kan ook dienen als afgiftesmeermiddel voor de productie van katalysatoren in de kunstmestindustrie.<\/p>\n<p>&nbsp;<\/p>\n<p>Verder kan grafietpoeder ook worden gebruikt als pigment en coatingmateriaal, smeermiddelen bij de productie van kabels en voor de productie van koolstoffilmweerstand, geleidende droge matrijs. In het algemeen is het gebruik van grafietpoeder zeer breed en beslaat het bijna elk gebied van de industri\u00eble productie.<\/p>","protected":false},"excerpt":{"rendered":"<p>Hoogzuiver grafietpoeder is grafietpoeder met een zuiverheid (koolstofgehalte) van meer dan 99,9%. Onder de voorwaarde van isolatie van zuurstof ligt het smeltpunt van grafietpoeder boven 3000 \u00b0 C, waardoor het een van de meest temperatuurbestendige mineralen is. Bovendien heeft grafietpoeder relatief stabiele chemische eigenschappen bij kamertemperatuur.<\/p>\n<p>Poeder van hoogzuiver grafiet kan worden gebruikt als smeermiddelen, elektroden, vuurvaste materialen en composietmaterialen.<\/p>","protected":false},"featured_media":7200,"template":"","meta":[],"product_brand":[],"product_cat":[67],"product_tag":[],"class_list":{"0":"post-7199","1":"product","2":"type-product","3":"status-publish","4":"has-post-thumbnail","6":"product_cat-graphite-material","8":"first","9":"instock","10":"shipping-taxable","11":"product-type-simple"},"yoast_head":"<!-- This site is optimized with the Yoast SEO Premium plugin v19.2.1 (Yoast SEO v25.3) - https:\/\/yoast.com\/wordpress\/plugins\/seo\/ -->\n<title>High Purity Graphite Powder | Jinsun Carbon<\/title>\n<meta name=\"description\" content=\"High purity graphite powder manufacturer in China, with a purity (carbon content) of more than 99.9%, widely used for lubricants, electrodes, refractory materials.\" \/>\n<meta name=\"robots\" content=\"index, follow, max-snippet:-1, max-image-preview:large, max-video-preview:-1\" \/>\n<link rel=\"canonical\" href=\"https:\/\/jinsuncarbon.com\/nl\/product\/grafietpoeder-met-hoge-zuiverheid\/\" \/>\n<meta property=\"og:locale\" content=\"nl_NL\" \/>\n<meta property=\"og:type\" content=\"article\" \/>\n<meta property=\"og:title\" content=\"High Purity Graphite Powder\" \/>\n<meta property=\"og:description\" content=\"High purity graphite powder manufacturer in China, with a purity (carbon content) of more than 99.9%, widely used for lubricants, electrodes, refractory materials.\" \/>\n<meta property=\"og:url\" content=\"https:\/\/jinsuncarbon.com\/nl\/product\/grafietpoeder-met-hoge-zuiverheid\/\" \/>\n<meta property=\"og:site_name\" content=\"Jinsun Carbon\" \/>\n<meta property=\"article:publisher\" content=\"https:\/\/www.facebook.com\/Graphite-Electrode-109336238661595\" \/>\n<meta property=\"article:modified_time\" content=\"2025-01-16T00:43:23+00:00\" \/>\n<meta property=\"og:image\" content=\"https:\/\/jinsuncarbon.com\/wp-content\/uploads\/2025\/01\/High-Purity-Graphite-Powder.jpg\" \/>\n\t<meta property=\"og:image:width\" content=\"1024\" \/>\n\t<meta property=\"og:image:height\" content=\"763\" \/>\n\t<meta property=\"og:image:type\" content=\"image\/jpeg\" \/>\n<meta name=\"twitter:card\" content=\"summary_large_image\" \/>\n<meta name=\"twitter:site\" content=\"@jinsuncarbon_\" \/>\n<meta name=\"twitter:label1\" content=\"Geschatte leestijd\" \/>\n\t<meta name=\"twitter:data1\" content=\"3 minuten\" \/>\n<script type=\"application\/ld+json\" class=\"yoast-schema-graph\">{\"@context\":\"https:\/\/schema.org\",\"@graph\":[{\"@type\":\"WebPage\",\"@id\":\"https:\/\/jinsuncarbon.com\/product\/high-purity-graphite-powder\/\",\"url\":\"https:\/\/jinsuncarbon.com\/product\/high-purity-graphite-powder\/\",\"name\":\"High Purity Graphite Powder | Jinsun Carbon\",\"isPartOf\":{\"@id\":\"https:\/\/jinsuncarbon.com\/#website\"},\"primaryImageOfPage\":{\"@id\":\"https:\/\/jinsuncarbon.com\/product\/high-purity-graphite-powder\/#primaryimage\"},\"image\":{\"@id\":\"https:\/\/jinsuncarbon.com\/product\/high-purity-graphite-powder\/#primaryimage\"},\"thumbnailUrl\":\"https:\/\/jinsuncarbon.com\/wp-content\/uploads\/2025\/01\/High-Purity-Graphite-Powder.jpg\",\"datePublished\":\"2025-01-03T03:07:19+00:00\",\"dateModified\":\"2025-01-16T00:43:23+00:00\",\"description\":\"High purity graphite powder manufacturer in China, with a purity (carbon content) of more than 99.9%, widely used for lubricants, electrodes, refractory materials.\",\"breadcrumb\":{\"@id\":\"https:\/\/jinsuncarbon.com\/product\/high-purity-graphite-powder\/#breadcrumb\"},\"inLanguage\":\"nl-NL\",\"potentialAction\":[{\"@type\":\"ReadAction\",\"target\":[\"https:\/\/jinsuncarbon.com\/product\/high-purity-graphite-powder\/\"]}]},{\"@type\":\"ImageObject\",\"inLanguage\":\"nl-NL\",\"@id\":\"https:\/\/jinsuncarbon.com\/product\/high-purity-graphite-powder\/#primaryimage\",\"url\":\"https:\/\/jinsuncarbon.com\/wp-content\/uploads\/2025\/01\/High-Purity-Graphite-Powder.jpg\",\"contentUrl\":\"https:\/\/jinsuncarbon.com\/wp-content\/uploads\/2025\/01\/High-Purity-Graphite-Powder.jpg\",\"width\":1024,\"height\":763,\"caption\":\"High Purity Graphite Powder\"},{\"@type\":\"BreadcrumbList\",\"@id\":\"https:\/\/jinsuncarbon.com\/product\/high-purity-graphite-powder\/#breadcrumb\",\"itemListElement\":[{\"@type\":\"ListItem\",\"position\":1,\"name\":\"Home\",\"item\":\"https:\/\/jinsuncarbon.com\/\"},{\"@type\":\"ListItem\",\"position\":2,\"name\":\"Products\",\"item\":\"https:\/\/jinsuncarbon.com\/graphite-carbon\/\"},{\"@type\":\"ListItem\",\"position\":3,\"name\":\"High Purity Graphite Powder\"}]},{\"@type\":\"WebSite\",\"@id\":\"https:\/\/jinsuncarbon.com\/#website\",\"url\":\"https:\/\/jinsuncarbon.com\/\",\"name\":\"Jinsun Carbon\",\"description\":\"We are the successful graphite electrode manufacturer in China\",\"publisher\":{\"@id\":\"https:\/\/jinsuncarbon.com\/#organization\"},\"potentialAction\":[{\"@type\":\"SearchAction\",\"target\":{\"@type\":\"EntryPoint\",\"urlTemplate\":\"https:\/\/jinsuncarbon.com\/?s={search_term_string}\"},\"query-input\":{\"@type\":\"PropertyValueSpecification\",\"valueRequired\":true,\"valueName\":\"search_term_string\"}}],\"inLanguage\":\"nl-NL\"},{\"@type\":\"Organization\",\"@id\":\"https:\/\/jinsuncarbon.com\/#organization\",\"name\":\"Jinsun Carbon\",\"alternateName\":\"Jinsun Carbon\",\"url\":\"https:\/\/jinsuncarbon.com\/\",\"logo\":{\"@type\":\"ImageObject\",\"inLanguage\":\"nl-NL\",\"@id\":\"https:\/\/jinsuncarbon.com\/#\/schema\/logo\/image\/\",\"url\":\"https:\/\/jinsuncarbon.com\/wp-content\/uploads\/2022\/12\/LOGO-1.png\",\"contentUrl\":\"https:\/\/jinsuncarbon.com\/wp-content\/uploads\/2022\/12\/LOGO-1.png\",\"width\":207,\"height\":80,\"caption\":\"Jinsun Carbon\"},\"image\":{\"@id\":\"https:\/\/jinsuncarbon.com\/#\/schema\/logo\/image\/\"},\"sameAs\":[\"https:\/\/www.facebook.com\/Graphite-Electrode-109336238661595\",\"https:\/\/x.com\/jinsuncarbon_\",\"https:\/\/www.linkedin.com\/in\/jinsungraphite\",\"https:\/\/www.youtube.com\/channel\/UCysDNyvyR5-3cCWEmpkVC0g\"]}]}<\/script>\n<!-- \/ Yoast SEO Premium plugin. -->","yoast_head_json":{"title":"Hoge zuiverheid grafiet poeder | Jinsun Carbon","description":"Fabrikant van zeer zuiver grafietpoeder in China, met een zuiverheid (koolstofgehalte) van meer dan 99,9%, veel gebruikt voor smeermiddelen, elektroden, vuurvaste materialen.","robots":{"index":"index","follow":"follow","max-snippet":"max-snippet:-1","max-image-preview":"max-image-preview:large","max-video-preview":"max-video-preview:-1"},"canonical":"https:\/\/jinsuncarbon.com\/nl\/product\/grafietpoeder-met-hoge-zuiverheid\/","og_locale":"nl_NL","og_type":"article","og_title":"High Purity Graphite Powder","og_description":"High purity graphite powder manufacturer in China, with a purity (carbon content) of more than 99.9%, widely used for lubricants, electrodes, refractory materials.","og_url":"https:\/\/jinsuncarbon.com\/nl\/product\/grafietpoeder-met-hoge-zuiverheid\/","og_site_name":"Jinsun Carbon","article_publisher":"https:\/\/www.facebook.com\/Graphite-Electrode-109336238661595","article_modified_time":"2025-01-16T00:43:23+00:00","og_image":[{"width":1024,"height":763,"url":"https:\/\/jinsuncarbon.com\/wp-content\/uploads\/2025\/01\/High-Purity-Graphite-Powder.jpg","type":"image\/jpeg"}],"twitter_card":"summary_large_image","twitter_site":"@jinsuncarbon_","twitter_misc":{"Geschatte leestijd":"3 minuten"},"schema":{"@context":"https:\/\/schema.org","@graph":[{"@type":"WebPage","@id":"https:\/\/jinsuncarbon.com\/product\/high-purity-graphite-powder\/","url":"https:\/\/jinsuncarbon.com\/product\/high-purity-graphite-powder\/","name":"Hoge zuiverheid grafiet poeder | Jinsun Carbon","isPartOf":{"@id":"https:\/\/jinsuncarbon.com\/#website"},"primaryImageOfPage":{"@id":"https:\/\/jinsuncarbon.com\/product\/high-purity-graphite-powder\/#primaryimage"},"image":{"@id":"https:\/\/jinsuncarbon.com\/product\/high-purity-graphite-powder\/#primaryimage"},"thumbnailUrl":"https:\/\/jinsuncarbon.com\/wp-content\/uploads\/2025\/01\/High-Purity-Graphite-Powder.jpg","datePublished":"2025-01-03T03:07:19+00:00","dateModified":"2025-01-16T00:43:23+00:00","description":"Fabrikant van zeer zuiver grafietpoeder in China, met een zuiverheid (koolstofgehalte) van meer dan 99,9%, veel gebruikt voor smeermiddelen, elektroden, vuurvaste materialen.","breadcrumb":{"@id":"https:\/\/jinsuncarbon.com\/product\/high-purity-graphite-powder\/#breadcrumb"},"inLanguage":"nl-NL","potentialAction":[{"@type":"ReadAction","target":["https:\/\/jinsuncarbon.com\/product\/high-purity-graphite-powder\/"]}]},{"@type":"ImageObject","inLanguage":"nl-NL","@id":"https:\/\/jinsuncarbon.com\/product\/high-purity-graphite-powder\/#primaryimage","url":"https:\/\/jinsuncarbon.com\/wp-content\/uploads\/2025\/01\/High-Purity-Graphite-Powder.jpg","contentUrl":"https:\/\/jinsuncarbon.com\/wp-content\/uploads\/2025\/01\/High-Purity-Graphite-Powder.jpg","width":1024,"height":763,"caption":"High Purity Graphite Powder"},{"@type":"BreadcrumbList","@id":"https:\/\/jinsuncarbon.com\/product\/high-purity-graphite-powder\/#breadcrumb","itemListElement":[{"@type":"ListItem","position":1,"name":"Home","item":"https:\/\/jinsuncarbon.com\/"},{"@type":"ListItem","position":2,"name":"Products","item":"https:\/\/jinsuncarbon.com\/graphite-carbon\/"},{"@type":"ListItem","position":3,"name":"High Purity Graphite Powder"}]},{"@type":"WebSite","@id":"https:\/\/jinsuncarbon.com\/#website","url":"https:\/\/jinsuncarbon.com\/","name":"Jinsun Koolstof","description":"Wij zijn de succesvolle grafietelektrodefabrikant in China","publisher":{"@id":"https:\/\/jinsuncarbon.com\/#organization"},"potentialAction":[{"@type":"SearchAction","target":{"@type":"EntryPoint","urlTemplate":"https:\/\/jinsuncarbon.com\/?s={search_term_string}"},"query-input":{"@type":"PropertyValueSpecification","valueRequired":true,"valueName":"search_term_string"}}],"inLanguage":"nl-NL"},{"@type":"Organization","@id":"https:\/\/jinsuncarbon.com\/#organization","name":"Jinsun Koolstof","alternateName":"Jinsun Carbon","url":"https:\/\/jinsuncarbon.com\/","logo":{"@type":"ImageObject","inLanguage":"nl-NL","@id":"https:\/\/jinsuncarbon.com\/#\/schema\/logo\/image\/","url":"https:\/\/jinsuncarbon.com\/wp-content\/uploads\/2022\/12\/LOGO-1.png","contentUrl":"https:\/\/jinsuncarbon.com\/wp-content\/uploads\/2022\/12\/LOGO-1.png","width":207,"height":80,"caption":"Jinsun Carbon"},"image":{"@id":"https:\/\/jinsuncarbon.com\/#\/schema\/logo\/image\/"},"sameAs":["https:\/\/www.facebook.com\/Graphite-Electrode-109336238661595","https:\/\/x.com\/jinsuncarbon_","https:\/\/www.linkedin.com\/in\/jinsungraphite","https:\/\/www.youtube.com\/channel\/UCysDNyvyR5-3cCWEmpkVC0g"]}]}},"_links":{"self":[{"href":"https:\/\/jinsuncarbon.com\/nl\/wp-json\/wp\/v2\/product\/7199","targetHints":{"allow":["GET"]}}],"collection":[{"href":"https:\/\/jinsuncarbon.com\/nl\/wp-json\/wp\/v2\/product"}],"about":[{"href":"https:\/\/jinsuncarbon.com\/nl\/wp-json\/wp\/v2\/types\/product"}],"wp:featuredmedia":[{"embeddable":true,"href":"https:\/\/jinsuncarbon.com\/nl\/wp-json\/wp\/v2\/media\/7200"}],"wp:attachment":[{"href":"https:\/\/jinsuncarbon.com\/nl\/wp-json\/wp\/v2\/media?parent=7199"}],"wp:term":[{"taxonomy":"product_brand","embeddable":true,"href":"https:\/\/jinsuncarbon.com\/nl\/wp-json\/wp\/v2\/product_brand?post=7199"},{"taxonomy":"product_cat","embeddable":true,"href":"https:\/\/jinsuncarbon.com\/nl\/wp-json\/wp\/v2\/product_cat?post=7199"},{"taxonomy":"product_tag","embeddable":true,"href":"https:\/\/jinsuncarbon.com\/nl\/wp-json\/wp\/v2\/product_tag?post=7199"}],"curies":[{"name":"wp","href":"https:\/\/api.w.org\/{rel}","templated":true}]}}