{"id":7190,"date":"2025-01-03T14:28:13","date_gmt":"2025-01-03T14:28:13","guid":{"rendered":"https:\/\/jinsuncarbon.com\/?post_type=product&#038;p=7190"},"modified":"2025-01-03T14:28:36","modified_gmt":"2025-01-03T14:28:36","slug":"grafietboot","status":"publish","type":"product","link":"https:\/\/jinsuncarbon.com\/nl\/product\/grafietboot\/","title":{"rendered":"Grafiet boot"},"content":{"rendered":"<p>Er zijn twee hoofdvormen van grafietboten: grafiet groefboot (zoals W tweerichtingschute) en dunne grafietboot.<\/p>\n<p>Grafiet groefboten worden voornamelijk gebruikt in sinterprocessen met vacu\u00fcmovens, vooral bij de productie van gecementeerde carbide en andere producten. Geschikt voor monsters of materialen die gelijkmatig moeten worden verwarmd en behandeld. Ze kunnen grote hoeveelheden materiaal vervoeren, geschikt voor massaproductie.<\/p>\n<p>Dunne grafietboten worden vaak gebruikt waar een nauwkeurige regeling van verwarming en hantering vereist is. Geschikt voor apparatuur of processen waarbij veel ruimte nodig is. Dankzij het dunne ontwerp heeft het vat een kleine warmtecapaciteit en reageert het snel op temperatuurveranderingen. De compacte structuur helpt het warmteverlies tijdens het verwarmingsproces te beperken. Gemakkelijk laden en lossen van materialen, verbetering van de productie-effici\u00ebntie.<\/p>\n<p>&nbsp;<\/p>\n<h2>Eigenschappen van grafietboten<\/h2>\n<p>Weerstand tegen hoge temperaturen. Grafietboten zijn bestand tegen extreme temperaturen tot boven 2000\u00b0C. Ze kunnen goed werken onder extreme omstandigheden.<\/p>\n<p>Chemische stabiliteit. Grafietboten zijn bestand tegen verschillende zuren, alkali\u00ebn en chemische zouten. Hierdoor zijn ze geschikt voor de productie van chemische reactieapparaten.<\/p>\n<p>Hoge sterkte. Grafieten boten zijn bestand tegen grote belastingen en extreme omstandigheden van acute verwarming en koeling. En het heeft een kleine thermische uitzettingsco\u00ebffici\u00ebnt en een lange levensduur. Dit is cruciaal voor het gebruik in industrie\u00ebn zoals halfgeleiders en zonne-energie.<\/p>\n<p>Elektrische geleidbaarheid. Grafietboten hebben een uitstekend geleidingsvermogen van elektronen en worden daarom veel gebruikt in lithiumbatterijen en de elektronische industrie.<\/p>\n<p>Hoge thermische geleidbaarheid. Grafiet heeft een hoge thermische geleidbaarheid bij kamertemperatuur en de thermische geleidbaarheid kan oplopen tot 2,17\u00d710^6 W\/(cm-K). Hierdoor kan de grafietboot een uitstekende thermische geleidbaarheid behouden bij hoge temperaturen. Onder omstandigheden met ultrahoge temperaturen, <a href=\"https:\/\/jinsuncarbon.com\/nl\/de-toepassingen-van-grafiet\/\">grafiet<\/a> kan stabiele warmtegeleidende eigenschappen behouden, waardoor het belangrijk is voor warmtewisselaars en isolatiematerialen bij hoge temperaturen.<\/p>\n<p>&nbsp;<\/p>\n<h2>Toepassingen van grafietboot<\/h2>\n<p>De halfgeleiderindustrie: Als de uitstekende thermische geleidbaarheid en weerstand van hoge temperatuur. Grafiet boten worden veel gebruikt in hoge temperatuur behandelingsprocessen. Zoals thermische diffusie en oxidatie. De grafietboten met \u00e9\u00e9n kristal kunnen zorgen voor temperatuurstabiliteit en een uniforme warmteverdeling van siliciumwafers tijdens de verwerking, waardoor de productkwaliteit en proceseffici\u00ebntie verbeteren.<\/p>\n<p>Zonne-energie-industrie: Grafietboten zijn een belangrijk onderdeel in de productie van zonnecellen en glasproducten. Ze kunnen siliciumwafers dragen en transporteren tijdens processen op hoge temperatuur zoals PECVD (plasma-enhanced chemical vapor deposition), diffusie en etsen. Ze verbeteren de omzettingseffici\u00ebntie van zonne-energie.<\/p>\n<p>Apparaat voor chemische reactie: Grafietboten kunnen werken als een container met reactanten om het vlotte verloop van een chemische reactie te garanderen.<\/p>\n<p>De industrie van lithiumbatterijen: Grafietboten worden ook vaak gebruikt bij de productie van elektrodematerialen. Ze kunnen de prestaties en veiligheid van <a href=\"https:\/\/en.wikipedia.org\/wiki\/Lithium-ion_battery\" target=\"_blank\" rel=\"noopener\">lithiumbatterijen<\/a>.<\/p>\n<p>Daarnaast zijn grafietboten ook nuttig op de volgende gebieden:<\/p>\n<p>Drager voor materialen: grafietboot speelt een rol bij het dragen van materialen die worden behandeld in <a href=\"https:\/\/en.wikipedia.org\/wiki\/Vacuum_furnace\" target=\"_blank\" rel=\"noopener\">vacu\u00fcmoven<\/a> of hogetemperatuuroven. Deze materialen kunnen grondstoffen zijn die gebruikt worden bij de productie van gecementeerd carbide. Of andere materialen die bij hoge temperaturen moeten worden behandeld.<\/p>\n<p>Bescherming van monsters: In laboratoria of industri\u00eble productie worden grafietboten vaak gebruikt voor de opslag, overdracht en behandeling van monsters. De stabiele chemische eigenschappen en hoge temperatuurbestendigheid helpen om monsters te beschermen tegen vervuiling en beschadiging.<\/p>\n<p>&nbsp;<\/p>\n<p>Wat meer is, om de prestaties van grafiet boten te verbeteren, zijn er een aantal samengestelde materialen worden toegevoegd aan het fabricageproces. Bijvoorbeeld epoxy grafiet.<\/p>\n<p>Epoxy grafiet is een composietmateriaal van grafiet. Het wordt via een speciaal proces samengesteld uit grafiet en epoxyhars. Dit materiaal erft niet alleen de eigenschappen van grafiet zoals hoge temperatuurbestendigheid en goede elektrische geleiding, maar verbetert ook de algehele sterkte en corrosiebestendigheid van het materiaal door toevoeging van epoxyhars. Bij sommige toepassingen van grafiet boten, vooral bij boten die grote belastingen vereisen of in zeer corrosieve omgevingen, wordt de grafiet epoxy bootbodem gebruikt als een versterkte structuur om de duurzaamheid en levensduur van boten te verbeteren.<\/p>","protected":false},"excerpt":{"rendered":"<p>Grafietboten zijn containers gemaakt van grafiet en ze hebben de vorm van een boot. Door de speciale vorm van grafietboten worden ze voornamelijk gebruikt als drager van siliciumwafers in het coatingproces. Verder zijn het ook veel gebruikte containers en dragers in veel high-tech industrie\u00ebn.<\/p>\n<p>Wij bieden grafietboten met statische druk, waardoor ons product zowel fysisch als chemisch geavanceerd is.<\/p>","protected":false},"featured_media":7216,"template":"","meta":[],"product_brand":[],"product_cat":[38],"product_tag":[],"class_list":{"0":"post-7190","1":"product","2":"type-product","3":"status-publish","4":"has-post-thumbnail","6":"product_cat-graphite-products","8":"first","9":"instock","10":"shipping-taxable","11":"product-type-simple"},"yoast_head":"<!-- This site is optimized with the Yoast SEO Premium plugin v19.2.1 (Yoast SEO v25.3) - https:\/\/yoast.com\/wordpress\/plugins\/seo\/ -->\n<title>Graphite Boat | Jinsun Carbon<\/title>\n<meta name=\"description\" content=\"Graphite boat manufacturer in China, mainly used in vacuum furnace sintering process, especially in the production of cemented carbide and other products.\" \/>\n<meta name=\"robots\" content=\"index, follow, max-snippet:-1, max-image-preview:large, max-video-preview:-1\" \/>\n<link rel=\"canonical\" href=\"https:\/\/jinsuncarbon.com\/nl\/product\/grafietboot\/\" \/>\n<meta property=\"og:locale\" content=\"nl_NL\" \/>\n<meta property=\"og:type\" content=\"article\" \/>\n<meta property=\"og:title\" content=\"Graphite Boat\" \/>\n<meta property=\"og:description\" content=\"Graphite boat manufacturer in China, mainly used in vacuum furnace sintering process, especially in the production of cemented carbide and other products.\" \/>\n<meta property=\"og:url\" content=\"https:\/\/jinsuncarbon.com\/nl\/product\/grafietboot\/\" \/>\n<meta property=\"og:site_name\" content=\"Jinsun Carbon\" \/>\n<meta property=\"article:publisher\" content=\"https:\/\/www.facebook.com\/Graphite-Electrode-109336238661595\" \/>\n<meta property=\"article:modified_time\" content=\"2025-01-03T14:28:36+00:00\" \/>\n<meta property=\"og:image\" content=\"https:\/\/jinsuncarbon.com\/wp-content\/uploads\/2025\/01\/Graphite-boat.jpg\" \/>\n\t<meta property=\"og:image:width\" content=\"1024\" \/>\n\t<meta property=\"og:image:height\" content=\"763\" \/>\n\t<meta property=\"og:image:type\" content=\"image\/jpeg\" \/>\n<meta name=\"twitter:card\" content=\"summary_large_image\" \/>\n<meta name=\"twitter:site\" content=\"@jinsuncarbon_\" \/>\n<meta name=\"twitter:label1\" content=\"Geschatte leestijd\" \/>\n\t<meta name=\"twitter:data1\" content=\"4 minuten\" \/>\n<script type=\"application\/ld+json\" class=\"yoast-schema-graph\">{\"@context\":\"https:\/\/schema.org\",\"@graph\":[{\"@type\":\"WebPage\",\"@id\":\"https:\/\/jinsuncarbon.com\/product\/graphite-boat\/\",\"url\":\"https:\/\/jinsuncarbon.com\/product\/graphite-boat\/\",\"name\":\"Graphite Boat | Jinsun Carbon\",\"isPartOf\":{\"@id\":\"https:\/\/jinsuncarbon.com\/#website\"},\"primaryImageOfPage\":{\"@id\":\"https:\/\/jinsuncarbon.com\/product\/graphite-boat\/#primaryimage\"},\"image\":{\"@id\":\"https:\/\/jinsuncarbon.com\/product\/graphite-boat\/#primaryimage\"},\"thumbnailUrl\":\"https:\/\/jinsuncarbon.com\/wp-content\/uploads\/2025\/01\/Graphite-boat.jpg\",\"datePublished\":\"2025-01-03T14:28:13+00:00\",\"dateModified\":\"2025-01-03T14:28:36+00:00\",\"description\":\"Graphite boat manufacturer in China, mainly used in vacuum furnace sintering process, especially in the production of cemented carbide and other products.\",\"breadcrumb\":{\"@id\":\"https:\/\/jinsuncarbon.com\/product\/graphite-boat\/#breadcrumb\"},\"inLanguage\":\"nl-NL\",\"potentialAction\":[{\"@type\":\"ReadAction\",\"target\":[\"https:\/\/jinsuncarbon.com\/product\/graphite-boat\/\"]}]},{\"@type\":\"ImageObject\",\"inLanguage\":\"nl-NL\",\"@id\":\"https:\/\/jinsuncarbon.com\/product\/graphite-boat\/#primaryimage\",\"url\":\"https:\/\/jinsuncarbon.com\/wp-content\/uploads\/2025\/01\/Graphite-boat.jpg\",\"contentUrl\":\"https:\/\/jinsuncarbon.com\/wp-content\/uploads\/2025\/01\/Graphite-boat.jpg\",\"width\":1024,\"height\":763,\"caption\":\"Graphite boat\"},{\"@type\":\"BreadcrumbList\",\"@id\":\"https:\/\/jinsuncarbon.com\/product\/graphite-boat\/#breadcrumb\",\"itemListElement\":[{\"@type\":\"ListItem\",\"position\":1,\"name\":\"Home\",\"item\":\"https:\/\/jinsuncarbon.com\/\"},{\"@type\":\"ListItem\",\"position\":2,\"name\":\"Products\",\"item\":\"https:\/\/jinsuncarbon.com\/graphite-carbon\/\"},{\"@type\":\"ListItem\",\"position\":3,\"name\":\"Graphite Boat\"}]},{\"@type\":\"WebSite\",\"@id\":\"https:\/\/jinsuncarbon.com\/#website\",\"url\":\"https:\/\/jinsuncarbon.com\/\",\"name\":\"Jinsun Carbon\",\"description\":\"We are the successful graphite electrode manufacturer in China\",\"publisher\":{\"@id\":\"https:\/\/jinsuncarbon.com\/#organization\"},\"potentialAction\":[{\"@type\":\"SearchAction\",\"target\":{\"@type\":\"EntryPoint\",\"urlTemplate\":\"https:\/\/jinsuncarbon.com\/?s={search_term_string}\"},\"query-input\":{\"@type\":\"PropertyValueSpecification\",\"valueRequired\":true,\"valueName\":\"search_term_string\"}}],\"inLanguage\":\"nl-NL\"},{\"@type\":\"Organization\",\"@id\":\"https:\/\/jinsuncarbon.com\/#organization\",\"name\":\"Jinsun Carbon\",\"alternateName\":\"Jinsun Carbon\",\"url\":\"https:\/\/jinsuncarbon.com\/\",\"logo\":{\"@type\":\"ImageObject\",\"inLanguage\":\"nl-NL\",\"@id\":\"https:\/\/jinsuncarbon.com\/#\/schema\/logo\/image\/\",\"url\":\"https:\/\/jinsuncarbon.com\/wp-content\/uploads\/2022\/12\/LOGO-1.png\",\"contentUrl\":\"https:\/\/jinsuncarbon.com\/wp-content\/uploads\/2022\/12\/LOGO-1.png\",\"width\":207,\"height\":80,\"caption\":\"Jinsun Carbon\"},\"image\":{\"@id\":\"https:\/\/jinsuncarbon.com\/#\/schema\/logo\/image\/\"},\"sameAs\":[\"https:\/\/www.facebook.com\/Graphite-Electrode-109336238661595\",\"https:\/\/x.com\/jinsuncarbon_\",\"https:\/\/www.linkedin.com\/in\/jinsungraphite\",\"https:\/\/www.youtube.com\/channel\/UCysDNyvyR5-3cCWEmpkVC0g\"]}]}<\/script>\n<!-- \/ Yoast SEO Premium plugin. -->","yoast_head_json":{"title":"Grafieten boot | Jinsun koolstof","description":"Grafiet boot fabrikant in China, voornamelijk gebruikt in vacu\u00fcmoven sinterproces, met name bij de productie van gecementeerde carbide en andere producten.","robots":{"index":"index","follow":"follow","max-snippet":"max-snippet:-1","max-image-preview":"max-image-preview:large","max-video-preview":"max-video-preview:-1"},"canonical":"https:\/\/jinsuncarbon.com\/nl\/product\/grafietboot\/","og_locale":"nl_NL","og_type":"article","og_title":"Graphite Boat","og_description":"Graphite boat manufacturer in China, mainly used in vacuum furnace sintering process, especially in the production of cemented carbide and other products.","og_url":"https:\/\/jinsuncarbon.com\/nl\/product\/grafietboot\/","og_site_name":"Jinsun Carbon","article_publisher":"https:\/\/www.facebook.com\/Graphite-Electrode-109336238661595","article_modified_time":"2025-01-03T14:28:36+00:00","og_image":[{"width":1024,"height":763,"url":"https:\/\/jinsuncarbon.com\/wp-content\/uploads\/2025\/01\/Graphite-boat.jpg","type":"image\/jpeg"}],"twitter_card":"summary_large_image","twitter_site":"@jinsuncarbon_","twitter_misc":{"Geschatte leestijd":"4 minuten"},"schema":{"@context":"https:\/\/schema.org","@graph":[{"@type":"WebPage","@id":"https:\/\/jinsuncarbon.com\/product\/graphite-boat\/","url":"https:\/\/jinsuncarbon.com\/product\/graphite-boat\/","name":"Grafieten boot | Jinsun koolstof","isPartOf":{"@id":"https:\/\/jinsuncarbon.com\/#website"},"primaryImageOfPage":{"@id":"https:\/\/jinsuncarbon.com\/product\/graphite-boat\/#primaryimage"},"image":{"@id":"https:\/\/jinsuncarbon.com\/product\/graphite-boat\/#primaryimage"},"thumbnailUrl":"https:\/\/jinsuncarbon.com\/wp-content\/uploads\/2025\/01\/Graphite-boat.jpg","datePublished":"2025-01-03T14:28:13+00:00","dateModified":"2025-01-03T14:28:36+00:00","description":"Grafiet boot fabrikant in China, voornamelijk gebruikt in vacu\u00fcmoven sinterproces, met name bij de productie van gecementeerde carbide en andere producten.","breadcrumb":{"@id":"https:\/\/jinsuncarbon.com\/product\/graphite-boat\/#breadcrumb"},"inLanguage":"nl-NL","potentialAction":[{"@type":"ReadAction","target":["https:\/\/jinsuncarbon.com\/product\/graphite-boat\/"]}]},{"@type":"ImageObject","inLanguage":"nl-NL","@id":"https:\/\/jinsuncarbon.com\/product\/graphite-boat\/#primaryimage","url":"https:\/\/jinsuncarbon.com\/wp-content\/uploads\/2025\/01\/Graphite-boat.jpg","contentUrl":"https:\/\/jinsuncarbon.com\/wp-content\/uploads\/2025\/01\/Graphite-boat.jpg","width":1024,"height":763,"caption":"Graphite boat"},{"@type":"BreadcrumbList","@id":"https:\/\/jinsuncarbon.com\/product\/graphite-boat\/#breadcrumb","itemListElement":[{"@type":"ListItem","position":1,"name":"Home","item":"https:\/\/jinsuncarbon.com\/"},{"@type":"ListItem","position":2,"name":"Products","item":"https:\/\/jinsuncarbon.com\/graphite-carbon\/"},{"@type":"ListItem","position":3,"name":"Graphite Boat"}]},{"@type":"WebSite","@id":"https:\/\/jinsuncarbon.com\/#website","url":"https:\/\/jinsuncarbon.com\/","name":"Jinsun Koolstof","description":"Wij zijn de succesvolle grafietelektrodefabrikant in China","publisher":{"@id":"https:\/\/jinsuncarbon.com\/#organization"},"potentialAction":[{"@type":"SearchAction","target":{"@type":"EntryPoint","urlTemplate":"https:\/\/jinsuncarbon.com\/?s={search_term_string}"},"query-input":{"@type":"PropertyValueSpecification","valueRequired":true,"valueName":"search_term_string"}}],"inLanguage":"nl-NL"},{"@type":"Organization","@id":"https:\/\/jinsuncarbon.com\/#organization","name":"Jinsun Koolstof","alternateName":"Jinsun Carbon","url":"https:\/\/jinsuncarbon.com\/","logo":{"@type":"ImageObject","inLanguage":"nl-NL","@id":"https:\/\/jinsuncarbon.com\/#\/schema\/logo\/image\/","url":"https:\/\/jinsuncarbon.com\/wp-content\/uploads\/2022\/12\/LOGO-1.png","contentUrl":"https:\/\/jinsuncarbon.com\/wp-content\/uploads\/2022\/12\/LOGO-1.png","width":207,"height":80,"caption":"Jinsun Carbon"},"image":{"@id":"https:\/\/jinsuncarbon.com\/#\/schema\/logo\/image\/"},"sameAs":["https:\/\/www.facebook.com\/Graphite-Electrode-109336238661595","https:\/\/x.com\/jinsuncarbon_","https:\/\/www.linkedin.com\/in\/jinsungraphite","https:\/\/www.youtube.com\/channel\/UCysDNyvyR5-3cCWEmpkVC0g"]}]}},"_links":{"self":[{"href":"https:\/\/jinsuncarbon.com\/nl\/wp-json\/wp\/v2\/product\/7190","targetHints":{"allow":["GET"]}}],"collection":[{"href":"https:\/\/jinsuncarbon.com\/nl\/wp-json\/wp\/v2\/product"}],"about":[{"href":"https:\/\/jinsuncarbon.com\/nl\/wp-json\/wp\/v2\/types\/product"}],"wp:featuredmedia":[{"embeddable":true,"href":"https:\/\/jinsuncarbon.com\/nl\/wp-json\/wp\/v2\/media\/7216"}],"wp:attachment":[{"href":"https:\/\/jinsuncarbon.com\/nl\/wp-json\/wp\/v2\/media?parent=7190"}],"wp:term":[{"taxonomy":"product_brand","embeddable":true,"href":"https:\/\/jinsuncarbon.com\/nl\/wp-json\/wp\/v2\/product_brand?post=7190"},{"taxonomy":"product_cat","embeddable":true,"href":"https:\/\/jinsuncarbon.com\/nl\/wp-json\/wp\/v2\/product_cat?post=7190"},{"taxonomy":"product_tag","embeddable":true,"href":"https:\/\/jinsuncarbon.com\/nl\/wp-json\/wp\/v2\/product_tag?post=7190"}],"curies":[{"name":"wp","href":"https:\/\/api.w.org\/{rel}","templated":true}]}}