{"id":7126,"date":"2024-12-25T13:50:32","date_gmt":"2024-12-25T13:50:32","guid":{"rendered":"https:\/\/jinsuncarbon.com\/?post_type=product&#038;p=7126"},"modified":"2024-12-25T13:50:33","modified_gmt":"2024-12-25T13:50:33","slug":"koolstof-composiet-bout-en-moer","status":"publish","type":"product","link":"https:\/\/jinsuncarbon.com\/nl\/product\/koolstof-composiet-bout-en-moer\/","title":{"rendered":"Koolstofcomposiet bout en moer"},"content":{"rendered":"<p>Koolstof Composiet Bouten en Moeren hebben meestal een standaard schroefdraadvorm en nauwkeurige maatspecificaties, en hun voordelen zijn duidelijk.<\/p>\n<p><strong><b>E<\/b><\/strong><strong><b>xuitstekende specifieke sterkte en specifieke modulus<\/b><\/strong><\/p>\n<p>De sterkte en stijfheid per gewichtseenheid zijn uitstekend. Vergeleken met traditionele metalen bouten en moeren kan het het structurele gewicht aanzienlijk verminderen terwijl de verbindingssterkte gewaarborgd blijft.<\/p>\n<p>&nbsp;<\/p>\n<p><strong><b>G<\/b><\/strong><strong><b>goede corrosiebestendigheid<\/b><\/strong><\/p>\n<p>Ze kunnen niet gemakkelijk roesten of worden aangetast in ruwe omgevingen zoals vochtigheid, zuur en alkali. En kunnen de betrouwbaarheid van de verbinding lange tijd handhaven, zoals bij de toepassing van scheepsbouwkundige apparatuur.<\/p>\n<p>&nbsp;<\/p>\n<p><strong><b>Lage thermische uitzettingsco\u00ebffici\u00ebnt<\/b><\/strong><\/p>\n<p>In een omgeving met grote temperatuurschommelingen kunnen ze effectief voorkomen dat de verbinding losraakt of dat er kracht verloren gaat door thermische uitzetting en inkrimping. Ze verzekeren de stabiliteit van de verbinding.<\/p>\n<p>&nbsp;<\/p>\n<p><strong><b>C<\/b><\/strong><strong><b>bepaalde elektrische en thermische geleidbaarheid<\/b><\/strong><\/p>\n<p>Ze kunnen voldoen aan speciale vereisten voor sommige onderdelen die een elektrische verbinding of warmteafvoer vereisen. Ze spelen bijvoorbeeld een rol bij de installatie en aansluiting van voedingsapparatuur.<\/p>\n<p>&nbsp;<\/p>\n<p><strong><b>G<\/b><\/strong><strong><b>goed<\/b><\/strong><strong><b>\u00a0<\/b><\/strong><strong><b>Trillings- en geluidsreductieprestaties<\/b><\/strong><\/p>\n<p>Ze kunnen mechanische trillingen en geluid absorberen en dempen, en de stabiliteit en het comfort van de apparatuur verbeteren.<\/p>\n<p>&nbsp;<\/p>\n<h2>Soorten bouten en moeren in koolstofcomposiet<\/h2>\n<p>Koolstof composiet bouten en moeren hebben voornamelijk de volgende categorie\u00ebn.<\/p>\n<p><strong><b>Volgens de classificatie van het basismateriaal<\/b><\/strong><\/p>\n<p><strong><b>R<\/b><\/strong><strong><b>Bouten en moeren van koolstofcomposietmateriaal op basis van esine<\/b><\/strong><\/p>\n<p>Met een goede isolatie en vormproces, relatief lage kosten, kunt u ze op grote schaal gebruiken in algemene industri\u00eble gebieden en elektrische geleidbaarheid eisen zijn niet hoog gelegenheden.<\/p>\n<p>&nbsp;<\/p>\n<p><strong><b>Op metaal gebaseerde koolstof composiet bouten en moeren<\/b><\/strong><\/p>\n<p>Ze combineren de taaiheid en elektrische geleidbaarheid van metaal met de hoge sterkte van <a href=\"https:\/\/jinsuncarbon.com\/nl\/product\/koolstofvezel\/\">koolstofvezel<\/a>. Dit is geschikt voor elektrische verbindingsonderdelen die zowel een hoge sterkte als een zeker elektrisch geleidingsvermogen vereisen.<\/p>\n<p>&nbsp;<\/p>\n<p><strong><b>Keramische koolstof composiet bout<\/b><\/strong><strong><b>s<\/b><\/strong><strong><b>\u00a0en noot<\/b><\/strong><strong><b>s<\/b><\/strong><\/p>\n<p>Weerstand tegen hoge temperaturen, slijtvastheid is uitstekend. Je kunt ze vaak gebruiken in ovens met hoge temperaturen, hete onderdelen van vliegtuigmotoren en andere extreme bevestigingsverbindingen in omgevingen met hoge temperaturen.<\/p>\n<p>&nbsp;<\/p>\n<p><strong><b>Volgens de classificatie van het productieproces<\/b><\/strong><\/p>\n<p><strong><b>W<\/b><\/strong><strong><b>bouten en moeren<\/b><\/strong><\/p>\n<p>Ze hebben een gelijkmatige vezeldistributie en een hoge sterkte. Je kunt ze vaak gebruiken in de mechanische eigenschappen van de kritische luchtvaartonderdelen.<\/p>\n<p>&nbsp;<\/p>\n<p><strong><b>M<\/b><\/strong><strong><b>verouderde bouten en moeren <\/b><\/strong><\/p>\n<p>Ze hebben een hoge vorm- en maatnauwkeurigheid en een snelle productie-effici\u00ebntie. En ze zijn geschikt voor industri\u00eble productie op grote schaal om te voldoen aan de batchvraag van de auto-industrie en andere industrie\u00ebn.<\/p>\n<p><strong><b>\u00a0<\/b><\/strong><\/p>\n<h2>Toepassingen van bouten en moeren in koolstofcomposiet<\/h2>\n<p>Bouten en moeren van koolstofcomposiet worden veel gebruikt.<\/p>\n<p><strong><b>In de ruimtevaart<\/b><\/strong><\/p>\n<p>Je kunt het gebruiken voor het vastmaken van structurele delen van de vliegtuigromp, vleugelverbindingen, motoronderdelen, enz. Het kan het gewicht van het vliegtuig verminderen en tegelijkertijd de betrouwbaarheid en veiligheid van de verbinding tijdens een vlucht op grote hoogte garanderen. En de prestaties en brandstofeffici\u00ebntie van het vliegtuig verbeteren.<\/p>\n<p>&nbsp;<\/p>\n<p><strong><b>In de auto-industrie<\/b><\/strong><\/p>\n<p>Je kunt het toepassen op de verbinding van motor, chassis, carrosserieframe en andere onderdelen. Dit draagt bij aan het lichtgewicht ontwerp van de auto, verbetert de rijeigenschappen en <a href=\"https:\/\/en.wikipedia.org\/wiki\/Fuel\" target=\"_blank\" rel=\"noopener\">brandstof<\/a> zuinigheid. En het garandeert de stabiliteit en duurzaamheid van de verbindingsonderdelen tijdens langdurig gebruik van de auto.<\/p>\n<p>&nbsp;<\/p>\n<p><strong><b>Op het gebied van sportuitrusting<\/b><\/strong><\/p>\n<p>Zoals high-end fietsen, raceauto's, golfclubs, enz., kan de apparatuur lichtgewicht en met hoge weerstand zijn. En verbeteren de competitieve prestaties van atleten;<\/p>\n<p>&nbsp;<\/p>\n<p><strong><b>In de apparatuur voor windenergieopwekking<\/b><\/strong><\/p>\n<p>Je kunt het gebruiken om de windturbine aan te sluiten. Het is bestand tegen de wisselende belasting en trillingen onder invloed van de wind. En zorgt voor een stabiele werking van de energieopwekkingsapparatuur. Terwijl de onderhoudskosten van de apparatuur worden verlaagd.<\/p>\n<p>&nbsp;<\/p>\n<p><strong><b>Bij de productie van elektronische apparatuur<\/b><\/strong><\/p>\n<p>Als bevestigingsdeel van precisie-instrumenten, computermoederborden, enz. kun je de lage uitzettingsco\u00ebffici\u00ebnt en het zekere geleidingsvermogen gebruiken om de betrouwbare verbinding en normale werking van <a href=\"https:\/\/en.wikipedia.org\/wiki\/Electronics\" target=\"_blank\" rel=\"noopener\">elektronisch<\/a> componenten onder temperatuurveranderingen en elektrische omgeving.<\/p>","protected":false},"excerpt":{"rendered":"<p>Carbon composiet bouten en moeren zijn bevestigingsonderdelen die zijn samengesteld uit koolstofvezelversterking en matrixmaterialen zoals hars, metaal of keramiek. Ze hebben de hoge sterkte en lage dichtheid van koolstofvezel en de goede vervormbaarheid en uitgebreide prestaties van het matrixmateriaal. Ze worden de belangrijkste verbinding om te voldoen aan de eisen van lichtgewicht, hoge sterkte en complexe werkomstandigheden.<\/p>","protected":false},"featured_media":7127,"template":"","meta":[],"product_brand":[],"product_cat":[39],"product_tag":[],"class_list":{"0":"post-7126","1":"product","2":"type-product","3":"status-publish","4":"has-post-thumbnail","6":"product_cat-carbon-products","8":"first","9":"instock","10":"shipping-taxable","11":"product-type-simple"},"yoast_head":"<!-- This site is optimized with the Yoast SEO Premium plugin v19.2.1 (Yoast SEO v25.3) - https:\/\/yoast.com\/wordpress\/plugins\/seo\/ -->\n<title>Carbon Composite Bolt and Nut | Jinsun Carbon<\/title>\n<meta name=\"robots\" content=\"index, follow, max-snippet:-1, max-image-preview:large, max-video-preview:-1\" \/>\n<link rel=\"canonical\" href=\"https:\/\/jinsuncarbon.com\/nl\/product\/koolstof-composiet-bout-en-moer\/\" \/>\n<meta property=\"og:locale\" content=\"nl_NL\" \/>\n<meta property=\"og:type\" content=\"article\" \/>\n<meta property=\"og:title\" content=\"Carbon Composite Bolt and Nut\" \/>\n<meta property=\"og:description\" content=\"Carbon composite bolt and nut are fastening parts composed of carbon fiber reinforcement and matrix materials such as resin, metal or ceramic. They have\u00a0the high strength and low density of carbon fiber and the good formability and comprehensive performance given by the matrix material. And become the key connector to meet the needs of lightweight, high strength and complex working conditions.\" \/>\n<meta property=\"og:url\" content=\"https:\/\/jinsuncarbon.com\/nl\/product\/koolstof-composiet-bout-en-moer\/\" \/>\n<meta property=\"og:site_name\" content=\"Jinsun Carbon\" \/>\n<meta property=\"article:publisher\" content=\"https:\/\/www.facebook.com\/Graphite-Electrode-109336238661595\" \/>\n<meta property=\"article:modified_time\" content=\"2024-12-25T13:50:33+00:00\" \/>\n<meta property=\"og:image\" content=\"https:\/\/jinsuncarbon.com\/wp-content\/uploads\/2024\/12\/Carbon-Composite-Bolt-and-Nut.jpg\" \/>\n\t<meta property=\"og:image:width\" content=\"1024\" \/>\n\t<meta property=\"og:image:height\" content=\"763\" \/>\n\t<meta property=\"og:image:type\" content=\"image\/jpeg\" \/>\n<meta name=\"twitter:card\" content=\"summary_large_image\" \/>\n<meta name=\"twitter:site\" content=\"@jinsuncarbon_\" \/>\n<meta name=\"twitter:label1\" content=\"Geschatte leestijd\" \/>\n\t<meta name=\"twitter:data1\" content=\"3 minuten\" \/>\n<script type=\"application\/ld+json\" class=\"yoast-schema-graph\">{\"@context\":\"https:\/\/schema.org\",\"@graph\":[{\"@type\":\"WebPage\",\"@id\":\"https:\/\/jinsuncarbon.com\/product\/carbon-composite-bolt-and-nut\/\",\"url\":\"https:\/\/jinsuncarbon.com\/product\/carbon-composite-bolt-and-nut\/\",\"name\":\"Carbon Composite Bolt and Nut | Jinsun Carbon\",\"isPartOf\":{\"@id\":\"https:\/\/jinsuncarbon.com\/#website\"},\"primaryImageOfPage\":{\"@id\":\"https:\/\/jinsuncarbon.com\/product\/carbon-composite-bolt-and-nut\/#primaryimage\"},\"image\":{\"@id\":\"https:\/\/jinsuncarbon.com\/product\/carbon-composite-bolt-and-nut\/#primaryimage\"},\"thumbnailUrl\":\"https:\/\/jinsuncarbon.com\/wp-content\/uploads\/2024\/12\/Carbon-Composite-Bolt-and-Nut.jpg\",\"datePublished\":\"2024-12-25T13:50:32+00:00\",\"dateModified\":\"2024-12-25T13:50:33+00:00\",\"breadcrumb\":{\"@id\":\"https:\/\/jinsuncarbon.com\/product\/carbon-composite-bolt-and-nut\/#breadcrumb\"},\"inLanguage\":\"nl-NL\",\"potentialAction\":[{\"@type\":\"ReadAction\",\"target\":[\"https:\/\/jinsuncarbon.com\/product\/carbon-composite-bolt-and-nut\/\"]}]},{\"@type\":\"ImageObject\",\"inLanguage\":\"nl-NL\",\"@id\":\"https:\/\/jinsuncarbon.com\/product\/carbon-composite-bolt-and-nut\/#primaryimage\",\"url\":\"https:\/\/jinsuncarbon.com\/wp-content\/uploads\/2024\/12\/Carbon-Composite-Bolt-and-Nut.jpg\",\"contentUrl\":\"https:\/\/jinsuncarbon.com\/wp-content\/uploads\/2024\/12\/Carbon-Composite-Bolt-and-Nut.jpg\",\"width\":1024,\"height\":763,\"caption\":\"Carbon Composite Bolt and Nut\"},{\"@type\":\"BreadcrumbList\",\"@id\":\"https:\/\/jinsuncarbon.com\/product\/carbon-composite-bolt-and-nut\/#breadcrumb\",\"itemListElement\":[{\"@type\":\"ListItem\",\"position\":1,\"name\":\"Home\",\"item\":\"https:\/\/jinsuncarbon.com\/\"},{\"@type\":\"ListItem\",\"position\":2,\"name\":\"Products\",\"item\":\"https:\/\/jinsuncarbon.com\/graphite-carbon\/\"},{\"@type\":\"ListItem\",\"position\":3,\"name\":\"Carbon Composite Bolt and Nut\"}]},{\"@type\":\"WebSite\",\"@id\":\"https:\/\/jinsuncarbon.com\/#website\",\"url\":\"https:\/\/jinsuncarbon.com\/\",\"name\":\"Jinsun Carbon\",\"description\":\"We are the successful graphite electrode manufacturer in China\",\"publisher\":{\"@id\":\"https:\/\/jinsuncarbon.com\/#organization\"},\"potentialAction\":[{\"@type\":\"SearchAction\",\"target\":{\"@type\":\"EntryPoint\",\"urlTemplate\":\"https:\/\/jinsuncarbon.com\/?s={search_term_string}\"},\"query-input\":{\"@type\":\"PropertyValueSpecification\",\"valueRequired\":true,\"valueName\":\"search_term_string\"}}],\"inLanguage\":\"nl-NL\"},{\"@type\":\"Organization\",\"@id\":\"https:\/\/jinsuncarbon.com\/#organization\",\"name\":\"Jinsun Carbon\",\"alternateName\":\"Jinsun Carbon\",\"url\":\"https:\/\/jinsuncarbon.com\/\",\"logo\":{\"@type\":\"ImageObject\",\"inLanguage\":\"nl-NL\",\"@id\":\"https:\/\/jinsuncarbon.com\/#\/schema\/logo\/image\/\",\"url\":\"https:\/\/jinsuncarbon.com\/wp-content\/uploads\/2022\/12\/LOGO-1.png\",\"contentUrl\":\"https:\/\/jinsuncarbon.com\/wp-content\/uploads\/2022\/12\/LOGO-1.png\",\"width\":207,\"height\":80,\"caption\":\"Jinsun Carbon\"},\"image\":{\"@id\":\"https:\/\/jinsuncarbon.com\/#\/schema\/logo\/image\/\"},\"sameAs\":[\"https:\/\/www.facebook.com\/Graphite-Electrode-109336238661595\",\"https:\/\/x.com\/jinsuncarbon_\",\"https:\/\/www.linkedin.com\/in\/jinsungraphite\",\"https:\/\/www.youtube.com\/channel\/UCysDNyvyR5-3cCWEmpkVC0g\"]}]}<\/script>\n<!-- \/ Yoast SEO Premium plugin. -->","yoast_head_json":{"title":"Koolstof Composiet Bout en Moer | Jinsun Carbon","robots":{"index":"index","follow":"follow","max-snippet":"max-snippet:-1","max-image-preview":"max-image-preview:large","max-video-preview":"max-video-preview:-1"},"canonical":"https:\/\/jinsuncarbon.com\/nl\/product\/koolstof-composiet-bout-en-moer\/","og_locale":"nl_NL","og_type":"article","og_title":"Carbon Composite Bolt and Nut","og_description":"Carbon composite bolt and nut are fastening parts composed of carbon fiber reinforcement and matrix materials such as resin, metal or ceramic. They have\u00a0the high strength and low density of carbon fiber and the good formability and comprehensive performance given by the matrix material. And become the key connector to meet the needs of lightweight, high strength and complex working conditions.","og_url":"https:\/\/jinsuncarbon.com\/nl\/product\/koolstof-composiet-bout-en-moer\/","og_site_name":"Jinsun Carbon","article_publisher":"https:\/\/www.facebook.com\/Graphite-Electrode-109336238661595","article_modified_time":"2024-12-25T13:50:33+00:00","og_image":[{"width":1024,"height":763,"url":"https:\/\/jinsuncarbon.com\/wp-content\/uploads\/2024\/12\/Carbon-Composite-Bolt-and-Nut.jpg","type":"image\/jpeg"}],"twitter_card":"summary_large_image","twitter_site":"@jinsuncarbon_","twitter_misc":{"Geschatte leestijd":"3 minuten"},"schema":{"@context":"https:\/\/schema.org","@graph":[{"@type":"WebPage","@id":"https:\/\/jinsuncarbon.com\/product\/carbon-composite-bolt-and-nut\/","url":"https:\/\/jinsuncarbon.com\/product\/carbon-composite-bolt-and-nut\/","name":"Koolstof Composiet Bout en Moer | Jinsun Carbon","isPartOf":{"@id":"https:\/\/jinsuncarbon.com\/#website"},"primaryImageOfPage":{"@id":"https:\/\/jinsuncarbon.com\/product\/carbon-composite-bolt-and-nut\/#primaryimage"},"image":{"@id":"https:\/\/jinsuncarbon.com\/product\/carbon-composite-bolt-and-nut\/#primaryimage"},"thumbnailUrl":"https:\/\/jinsuncarbon.com\/wp-content\/uploads\/2024\/12\/Carbon-Composite-Bolt-and-Nut.jpg","datePublished":"2024-12-25T13:50:32+00:00","dateModified":"2024-12-25T13:50:33+00:00","breadcrumb":{"@id":"https:\/\/jinsuncarbon.com\/product\/carbon-composite-bolt-and-nut\/#breadcrumb"},"inLanguage":"nl-NL","potentialAction":[{"@type":"ReadAction","target":["https:\/\/jinsuncarbon.com\/product\/carbon-composite-bolt-and-nut\/"]}]},{"@type":"ImageObject","inLanguage":"nl-NL","@id":"https:\/\/jinsuncarbon.com\/product\/carbon-composite-bolt-and-nut\/#primaryimage","url":"https:\/\/jinsuncarbon.com\/wp-content\/uploads\/2024\/12\/Carbon-Composite-Bolt-and-Nut.jpg","contentUrl":"https:\/\/jinsuncarbon.com\/wp-content\/uploads\/2024\/12\/Carbon-Composite-Bolt-and-Nut.jpg","width":1024,"height":763,"caption":"Carbon Composite Bolt and Nut"},{"@type":"BreadcrumbList","@id":"https:\/\/jinsuncarbon.com\/product\/carbon-composite-bolt-and-nut\/#breadcrumb","itemListElement":[{"@type":"ListItem","position":1,"name":"Home","item":"https:\/\/jinsuncarbon.com\/"},{"@type":"ListItem","position":2,"name":"Products","item":"https:\/\/jinsuncarbon.com\/graphite-carbon\/"},{"@type":"ListItem","position":3,"name":"Carbon Composite Bolt and Nut"}]},{"@type":"WebSite","@id":"https:\/\/jinsuncarbon.com\/#website","url":"https:\/\/jinsuncarbon.com\/","name":"Jinsun Koolstof","description":"Wij zijn de succesvolle grafietelektrodefabrikant in China","publisher":{"@id":"https:\/\/jinsuncarbon.com\/#organization"},"potentialAction":[{"@type":"SearchAction","target":{"@type":"EntryPoint","urlTemplate":"https:\/\/jinsuncarbon.com\/?s={search_term_string}"},"query-input":{"@type":"PropertyValueSpecification","valueRequired":true,"valueName":"search_term_string"}}],"inLanguage":"nl-NL"},{"@type":"Organization","@id":"https:\/\/jinsuncarbon.com\/#organization","name":"Jinsun Koolstof","alternateName":"Jinsun Carbon","url":"https:\/\/jinsuncarbon.com\/","logo":{"@type":"ImageObject","inLanguage":"nl-NL","@id":"https:\/\/jinsuncarbon.com\/#\/schema\/logo\/image\/","url":"https:\/\/jinsuncarbon.com\/wp-content\/uploads\/2022\/12\/LOGO-1.png","contentUrl":"https:\/\/jinsuncarbon.com\/wp-content\/uploads\/2022\/12\/LOGO-1.png","width":207,"height":80,"caption":"Jinsun Carbon"},"image":{"@id":"https:\/\/jinsuncarbon.com\/#\/schema\/logo\/image\/"},"sameAs":["https:\/\/www.facebook.com\/Graphite-Electrode-109336238661595","https:\/\/x.com\/jinsuncarbon_","https:\/\/www.linkedin.com\/in\/jinsungraphite","https:\/\/www.youtube.com\/channel\/UCysDNyvyR5-3cCWEmpkVC0g"]}]}},"_links":{"self":[{"href":"https:\/\/jinsuncarbon.com\/nl\/wp-json\/wp\/v2\/product\/7126","targetHints":{"allow":["GET"]}}],"collection":[{"href":"https:\/\/jinsuncarbon.com\/nl\/wp-json\/wp\/v2\/product"}],"about":[{"href":"https:\/\/jinsuncarbon.com\/nl\/wp-json\/wp\/v2\/types\/product"}],"wp:featuredmedia":[{"embeddable":true,"href":"https:\/\/jinsuncarbon.com\/nl\/wp-json\/wp\/v2\/media\/7127"}],"wp:attachment":[{"href":"https:\/\/jinsuncarbon.com\/nl\/wp-json\/wp\/v2\/media?parent=7126"}],"wp:term":[{"taxonomy":"product_brand","embeddable":true,"href":"https:\/\/jinsuncarbon.com\/nl\/wp-json\/wp\/v2\/product_brand?post=7126"},{"taxonomy":"product_cat","embeddable":true,"href":"https:\/\/jinsuncarbon.com\/nl\/wp-json\/wp\/v2\/product_cat?post=7126"},{"taxonomy":"product_tag","embeddable":true,"href":"https:\/\/jinsuncarbon.com\/nl\/wp-json\/wp\/v2\/product_tag?post=7126"}],"curies":[{"name":"wp","href":"https:\/\/api.w.org\/{rel}","templated":true}]}}