{"id":8083,"date":"2025-09-30T01:24:27","date_gmt":"2025-09-30T01:24:27","guid":{"rendered":"https:\/\/jinsuncarbon.com\/?post_type=product&#038;p=8083"},"modified":"2025-09-30T01:24:28","modified_gmt":"2025-09-30T01:24:28","slug":"cono-in-grafite","status":"publish","type":"product","link":"https:\/\/jinsuncarbon.com\/it\/prodotto\/cono-in-grafite\/","title":{"rendered":"Cono in grafite"},"content":{"rendered":"<h2>Vantaggi del cono in grafite<\/h2>\n<p><strong><b>E<\/b><\/strong><strong><b>Eccellente resistenza al calore<\/b><\/strong><\/p>\n<p>Pu\u00f2 mantenere la stabilit\u00e0 strutturale in un ampio intervallo di temperature, da -200\u00b0C a 1600\u00b0C, in ambiente non ossidante. Non subisce deformazioni o degrado delle prestazioni a causa di drastici cambiamenti di temperatura.<\/p>\n<p>&nbsp;<\/p>\n<p><strong><b>B<\/b><\/strong><strong><b>conducibilit\u00e0 elettrica e termica equilibrata<\/b><\/strong><\/p>\n<p>\u00c8 in grado di condurre efficacemente la corrente e di trasferire rapidamente il calore, rendendolo adatto a scenari con requisiti elevati.<\/p>\n<p>&nbsp;<\/p>\n<p><strong><b>S<\/b><\/strong><strong><b>forte inerzia chimica<\/b><\/strong><\/p>\n<p>\u00c8 improbabile che reagisca con i fluidi corrosivi, il che ne consente l'uso prolungato in ambienti difficili.<\/p>\n<p>&nbsp;<\/p>\n<p><strong><b>H<\/b><\/strong><strong><b>a elevata precisione strutturale<\/b><\/strong><\/p>\n<p>La forma conica regolare e l'eccellente levigatezza della superficie consentono di soddisfare con precisione i requisiti di assemblaggio delle apparecchiature.<\/p>\n<p>&nbsp;<\/p>\n<p><strong><b>R<\/b><\/strong><strong><b>resistenza meccanica affidabile<\/b><\/strong><\/p>\n<p>La sua resistenza agli urti e alla compressione \u00e8 superiore a quella dei normali prodotti in grafite. Quando viene utilizzata come componente di supporto o di posizionamento, \u00e8 meno probabile che venga danneggiata.<\/p>\n<p><strong><b>\u00a0<\/b><\/strong><\/p>\n<h2>Usi del cono di grafite<\/h2>\n<h3>Campi industriali ad alta temperatura<\/h3>\n<p><strong><b>Elettrodi per apparecchiature di riscaldamento<\/b><\/strong><\/p>\n<p>Nei forni ad arco elettrico e nei forni di sinterizzazione ad alta temperatura, pu\u00f2 servire come collegamento o come componente conduttivo per <a href=\"https:\/\/jinsuncarbon.com\/it\/prodotto\/elettrodo-a-barra-di-grafite\/\">elettrodi<\/a>. Grazie alla resistenza alle alte temperature e all'eccellente conduttivit\u00e0, pu\u00f2 sopportare le alte temperature all'interno dei forni, garantendo l'efficienza del riscaldamento.<\/p>\n<p>&nbsp;<\/p>\n<p><strong><b>Supporto per campioni ad alta temperatura<\/b><\/strong><\/p>\n<p>Negli esperimenti di scienza dei materiali, pu\u00f2 essere utilizzato come componente di supporto per i campioni in ambienti ad alta temperatura. Pu\u00f2 supportare piccoli campioni di metallo, favorire il trasferimento di calore e garantire un riscaldamento uniforme dei campioni.<\/p>\n<p>&nbsp;<\/p>\n<h3>Campi dell'elettronica e dei semiconduttori<\/h3>\n<p><strong><b>Componenti di posizionamento precisi<\/b><\/strong><\/p>\n<p>Nelle apparecchiature per la lavorazione dei wafer a semiconduttore, pu\u00f2 servire come struttura ausiliaria di posizionamento del cono per i wafer. Pu\u00f2 evitare di graffiare la superficie del wafer e resistere alle alte temperature locali durante la lavorazione.<\/p>\n<p>&nbsp;<\/p>\n<p><strong><b>Componenti ausiliari per la dissipazione del calore<\/b><\/strong><\/p>\n<p>Grazie alla conducibilit\u00e0 termica, pu\u00f2 essere utilizzato come struttura locale di dissipazione del calore in alcuni componenti elettronici ad alta potenza. Pu\u00f2 condurre il calore generato dai componenti al corpo principale di dissipazione del calore, contribuendo a controllare la temperatura dei componenti.<\/p>\n<p><strong><b>\u00a0<\/b><\/strong><\/p>\n<p><strong><b>Campi chimici ed elettrolitici<\/b><\/strong><\/p>\n<p><strong><b>Elettrodi ausiliari della cella elettrolitica<\/b><\/strong><\/p>\n<p>Durante l'elettrolisi di metalli non ferrosi, come l'alluminio elettrolitico, \u00e8 possibile utilizzarlo come elettrodo ausiliario. Grazie all'inerzia chimica, pu\u00f2 guidare la corrente, resistere alle alte temperature locali e prolungare la durata di vita.<\/p>\n<p>&nbsp;<\/p>\n<p><strong><b>Accessori per recipienti per reazioni chimiche<\/b><\/strong><\/p>\n<p>In alcune reazioni chimiche ad alta temperatura, pu\u00f2 essere utilizzato come componente di guida del flusso o cono di supporto all'interno del recipiente di reazione. Guida i materiali di reazione e sostiene il <a href=\"https:\/\/www.merriam-webster.com\/dictionary\/catalyst\" target=\"_blank\" rel=\"noopener\">catalizzatore<\/a> e non subisce reazioni chimiche con il mezzo di reazione.<\/p>\n<p>&nbsp;<\/p>\n<h3>Settore meccanico e industriale generale<\/h3>\n<p><strong><b>Componenti ausiliari di posizionamento e tenuta<\/b><\/strong><\/p>\n<p>Nell'assemblaggio meccanico<\/p>\n<p>\u00c8 possibile utilizzarlo come componente del cono di posizionamento per i componenti dell'apparecchiatura, per garantire la precisione dell'assemblaggio.<\/p>\n<p>&nbsp;<\/p>\n<p>In alcuni scenari di sigillatura di tubi o contenitori<\/p>\n<p>Pu\u00f2 servire come componente ausiliario di tenuta, che pu\u00f2 collaborare con i materiali di tenuta per migliorare l'effetto di tenuta.<\/p>\n<p>&nbsp;<\/p>\n<p><strong><b>Componenti resistenti all'usura<\/b><\/strong><\/p>\n<p>Nei macchinari rotanti a bassa velocit\u00e0, possono essere utilizzati come piccoli componenti a cono resistenti all'usura. Grazie alle caratteristiche di basso attrito, pu\u00f2 ridurre l'usura dei componenti e i costi di manutenzione.<\/p>","protected":false},"excerpt":{"rendered":"<p>Il cono di grafite \u00e8 un componente di forma conica ricavato da grafite di elevata purezza. Grazie alle caratteristiche della grafite, come la resistenza alle alte temperature, l'eccellente conducibilit\u00e0 elettrica e la forte stabilit\u00e0 chimica, pu\u00f2 funzionare in modo stabile in diverse condizioni di lavoro difficili. Ha un'elevata resistenza strutturale e una buona adattabilit\u00e0, che soddisfa i requisiti di utilizzo dinamico dei componenti funzionali a forma di cono in diversi settori. Ad esempio, pu\u00f2 essere utilizzato come componente di connessione degli elettrodi o come componente di posizionamento preciso.<\/p>","protected":false},"featured_media":8084,"template":"","meta":[],"product_brand":[],"product_cat":[38],"product_tag":[],"class_list":{"0":"post-8083","1":"product","2":"type-product","3":"status-publish","4":"has-post-thumbnail","6":"product_cat-graphite-products","8":"first","9":"instock","10":"shipping-taxable","11":"product-type-simple"},"yoast_head":"<!-- This site is optimized with the Yoast SEO Premium plugin v19.2.1 (Yoast SEO v25.3) - https:\/\/yoast.com\/wordpress\/plugins\/seo\/ -->\n<title>Graphite Cone | Jinsun Carbon<\/title>\n<meta name=\"robots\" content=\"index, follow, max-snippet:-1, max-image-preview:large, max-video-preview:-1\" \/>\n<link rel=\"canonical\" href=\"https:\/\/jinsuncarbon.com\/it\/prodotto\/cono-in-grafite\/\" \/>\n<meta property=\"og:locale\" content=\"it_IT\" \/>\n<meta property=\"og:type\" content=\"article\" \/>\n<meta property=\"og:title\" content=\"Graphite Cone\" \/>\n<meta property=\"og:description\" content=\"Graphite cone is a cone-shaped component processed from high-purity graphite.\u00a0Because of\u00a0the characteristics of graphite such as high temperature resistance, excellent electrical conductivity, and strong chemical stability, it can function stably under various harsh working conditions. It has high structural strength and good adaptability, meeting\u00a0the dynamic usage requirements of different fields for cone-shaped functional components. For example, you can use it\u00a0as an electrode connection component, or a precise positioning component.\" \/>\n<meta property=\"og:url\" content=\"https:\/\/jinsuncarbon.com\/it\/prodotto\/cono-in-grafite\/\" \/>\n<meta property=\"og:site_name\" content=\"Jinsun Carbon\" \/>\n<meta property=\"article:publisher\" content=\"https:\/\/www.facebook.com\/Graphite-Electrode-109336238661595\" \/>\n<meta property=\"article:modified_time\" content=\"2025-09-30T01:24:28+00:00\" \/>\n<meta property=\"og:image\" content=\"https:\/\/jinsuncarbon.com\/wp-content\/uploads\/2025\/09\/Graphite-cone.jpg\" \/>\n\t<meta property=\"og:image:width\" content=\"1024\" \/>\n\t<meta property=\"og:image:height\" content=\"763\" \/>\n\t<meta property=\"og:image:type\" content=\"image\/jpeg\" \/>\n<meta name=\"twitter:card\" content=\"summary_large_image\" \/>\n<meta name=\"twitter:site\" content=\"@jinsuncarbon_\" \/>\n<meta name=\"twitter:label1\" content=\"Tempo di lettura stimato\" \/>\n\t<meta name=\"twitter:data1\" content=\"3 minuti\" \/>\n<script type=\"application\/ld+json\" class=\"yoast-schema-graph\">{\"@context\":\"https:\/\/schema.org\",\"@graph\":[{\"@type\":\"WebPage\",\"@id\":\"https:\/\/jinsuncarbon.com\/product\/graphite-cone\/\",\"url\":\"https:\/\/jinsuncarbon.com\/product\/graphite-cone\/\",\"name\":\"Graphite Cone | Jinsun Carbon\",\"isPartOf\":{\"@id\":\"https:\/\/jinsuncarbon.com\/#website\"},\"primaryImageOfPage\":{\"@id\":\"https:\/\/jinsuncarbon.com\/product\/graphite-cone\/#primaryimage\"},\"image\":{\"@id\":\"https:\/\/jinsuncarbon.com\/product\/graphite-cone\/#primaryimage\"},\"thumbnailUrl\":\"https:\/\/jinsuncarbon.com\/wp-content\/uploads\/2025\/09\/Graphite-cone.jpg\",\"datePublished\":\"2025-09-30T01:24:27+00:00\",\"dateModified\":\"2025-09-30T01:24:28+00:00\",\"breadcrumb\":{\"@id\":\"https:\/\/jinsuncarbon.com\/product\/graphite-cone\/#breadcrumb\"},\"inLanguage\":\"it-IT\",\"potentialAction\":[{\"@type\":\"ReadAction\",\"target\":[\"https:\/\/jinsuncarbon.com\/product\/graphite-cone\/\"]}]},{\"@type\":\"ImageObject\",\"inLanguage\":\"it-IT\",\"@id\":\"https:\/\/jinsuncarbon.com\/product\/graphite-cone\/#primaryimage\",\"url\":\"https:\/\/jinsuncarbon.com\/wp-content\/uploads\/2025\/09\/Graphite-cone.jpg\",\"contentUrl\":\"https:\/\/jinsuncarbon.com\/wp-content\/uploads\/2025\/09\/Graphite-cone.jpg\",\"width\":1024,\"height\":763,\"caption\":\"Graphite cone\"},{\"@type\":\"BreadcrumbList\",\"@id\":\"https:\/\/jinsuncarbon.com\/product\/graphite-cone\/#breadcrumb\",\"itemListElement\":[{\"@type\":\"ListItem\",\"position\":1,\"name\":\"Home\",\"item\":\"https:\/\/jinsuncarbon.com\/\"},{\"@type\":\"ListItem\",\"position\":2,\"name\":\"Products\",\"item\":\"https:\/\/jinsuncarbon.com\/graphite-carbon\/\"},{\"@type\":\"ListItem\",\"position\":3,\"name\":\"Graphite Cone\"}]},{\"@type\":\"WebSite\",\"@id\":\"https:\/\/jinsuncarbon.com\/#website\",\"url\":\"https:\/\/jinsuncarbon.com\/\",\"name\":\"Jinsun Carbon\",\"description\":\"We are the successful graphite electrode manufacturer in China\",\"publisher\":{\"@id\":\"https:\/\/jinsuncarbon.com\/#organization\"},\"potentialAction\":[{\"@type\":\"SearchAction\",\"target\":{\"@type\":\"EntryPoint\",\"urlTemplate\":\"https:\/\/jinsuncarbon.com\/?s={search_term_string}\"},\"query-input\":{\"@type\":\"PropertyValueSpecification\",\"valueRequired\":true,\"valueName\":\"search_term_string\"}}],\"inLanguage\":\"it-IT\"},{\"@type\":\"Organization\",\"@id\":\"https:\/\/jinsuncarbon.com\/#organization\",\"name\":\"Jinsun Carbon\",\"alternateName\":\"Jinsun Carbon\",\"url\":\"https:\/\/jinsuncarbon.com\/\",\"logo\":{\"@type\":\"ImageObject\",\"inLanguage\":\"it-IT\",\"@id\":\"https:\/\/jinsuncarbon.com\/#\/schema\/logo\/image\/\",\"url\":\"https:\/\/jinsuncarbon.com\/wp-content\/uploads\/2022\/12\/LOGO-1.png\",\"contentUrl\":\"https:\/\/jinsuncarbon.com\/wp-content\/uploads\/2022\/12\/LOGO-1.png\",\"width\":207,\"height\":80,\"caption\":\"Jinsun Carbon\"},\"image\":{\"@id\":\"https:\/\/jinsuncarbon.com\/#\/schema\/logo\/image\/\"},\"sameAs\":[\"https:\/\/www.facebook.com\/Graphite-Electrode-109336238661595\",\"https:\/\/x.com\/jinsuncarbon_\",\"https:\/\/www.linkedin.com\/in\/jinsungraphite\",\"https:\/\/www.youtube.com\/channel\/UCysDNyvyR5-3cCWEmpkVC0g\"]}]}<\/script>\n<!-- \/ Yoast SEO Premium plugin. -->","yoast_head_json":{"title":"Cono in grafite | Jinsun Carbon","robots":{"index":"index","follow":"follow","max-snippet":"max-snippet:-1","max-image-preview":"max-image-preview:large","max-video-preview":"max-video-preview:-1"},"canonical":"https:\/\/jinsuncarbon.com\/it\/prodotto\/cono-in-grafite\/","og_locale":"it_IT","og_type":"article","og_title":"Graphite Cone","og_description":"Graphite cone is a cone-shaped component processed from high-purity graphite.\u00a0Because of\u00a0the characteristics of graphite such as high temperature resistance, excellent electrical conductivity, and strong chemical stability, it can function stably under various harsh working conditions. It has high structural strength and good adaptability, meeting\u00a0the dynamic usage requirements of different fields for cone-shaped functional components. For example, you can use it\u00a0as an electrode connection component, or a precise positioning component.","og_url":"https:\/\/jinsuncarbon.com\/it\/prodotto\/cono-in-grafite\/","og_site_name":"Jinsun Carbon","article_publisher":"https:\/\/www.facebook.com\/Graphite-Electrode-109336238661595","article_modified_time":"2025-09-30T01:24:28+00:00","og_image":[{"width":1024,"height":763,"url":"https:\/\/jinsuncarbon.com\/wp-content\/uploads\/2025\/09\/Graphite-cone.jpg","type":"image\/jpeg"}],"twitter_card":"summary_large_image","twitter_site":"@jinsuncarbon_","twitter_misc":{"Tempo di lettura stimato":"3 minuti"},"schema":{"@context":"https:\/\/schema.org","@graph":[{"@type":"WebPage","@id":"https:\/\/jinsuncarbon.com\/product\/graphite-cone\/","url":"https:\/\/jinsuncarbon.com\/product\/graphite-cone\/","name":"Cono in grafite | Jinsun Carbon","isPartOf":{"@id":"https:\/\/jinsuncarbon.com\/#website"},"primaryImageOfPage":{"@id":"https:\/\/jinsuncarbon.com\/product\/graphite-cone\/#primaryimage"},"image":{"@id":"https:\/\/jinsuncarbon.com\/product\/graphite-cone\/#primaryimage"},"thumbnailUrl":"https:\/\/jinsuncarbon.com\/wp-content\/uploads\/2025\/09\/Graphite-cone.jpg","datePublished":"2025-09-30T01:24:27+00:00","dateModified":"2025-09-30T01:24:28+00:00","breadcrumb":{"@id":"https:\/\/jinsuncarbon.com\/product\/graphite-cone\/#breadcrumb"},"inLanguage":"it-IT","potentialAction":[{"@type":"ReadAction","target":["https:\/\/jinsuncarbon.com\/product\/graphite-cone\/"]}]},{"@type":"ImageObject","inLanguage":"it-IT","@id":"https:\/\/jinsuncarbon.com\/product\/graphite-cone\/#primaryimage","url":"https:\/\/jinsuncarbon.com\/wp-content\/uploads\/2025\/09\/Graphite-cone.jpg","contentUrl":"https:\/\/jinsuncarbon.com\/wp-content\/uploads\/2025\/09\/Graphite-cone.jpg","width":1024,"height":763,"caption":"Graphite cone"},{"@type":"BreadcrumbList","@id":"https:\/\/jinsuncarbon.com\/product\/graphite-cone\/#breadcrumb","itemListElement":[{"@type":"ListItem","position":1,"name":"Home","item":"https:\/\/jinsuncarbon.com\/"},{"@type":"ListItem","position":2,"name":"Products","item":"https:\/\/jinsuncarbon.com\/graphite-carbon\/"},{"@type":"ListItem","position":3,"name":"Graphite Cone"}]},{"@type":"WebSite","@id":"https:\/\/jinsuncarbon.com\/#website","url":"https:\/\/jinsuncarbon.com\/","name":"Jinsun Carbon","description":"Siamo il produttore di elettrodi di grafite di successo in Cina","publisher":{"@id":"https:\/\/jinsuncarbon.com\/#organization"},"potentialAction":[{"@type":"SearchAction","target":{"@type":"EntryPoint","urlTemplate":"https:\/\/jinsuncarbon.com\/?s={search_term_string}"},"query-input":{"@type":"PropertyValueSpecification","valueRequired":true,"valueName":"search_term_string"}}],"inLanguage":"it-IT"},{"@type":"Organization","@id":"https:\/\/jinsuncarbon.com\/#organization","name":"Jinsun Carbon","alternateName":"Jinsun Carbon","url":"https:\/\/jinsuncarbon.com\/","logo":{"@type":"ImageObject","inLanguage":"it-IT","@id":"https:\/\/jinsuncarbon.com\/#\/schema\/logo\/image\/","url":"https:\/\/jinsuncarbon.com\/wp-content\/uploads\/2022\/12\/LOGO-1.png","contentUrl":"https:\/\/jinsuncarbon.com\/wp-content\/uploads\/2022\/12\/LOGO-1.png","width":207,"height":80,"caption":"Jinsun Carbon"},"image":{"@id":"https:\/\/jinsuncarbon.com\/#\/schema\/logo\/image\/"},"sameAs":["https:\/\/www.facebook.com\/Graphite-Electrode-109336238661595","https:\/\/x.com\/jinsuncarbon_","https:\/\/www.linkedin.com\/in\/jinsungraphite","https:\/\/www.youtube.com\/channel\/UCysDNyvyR5-3cCWEmpkVC0g"]}]}},"_links":{"self":[{"href":"https:\/\/jinsuncarbon.com\/it\/wp-json\/wp\/v2\/product\/8083","targetHints":{"allow":["GET"]}}],"collection":[{"href":"https:\/\/jinsuncarbon.com\/it\/wp-json\/wp\/v2\/product"}],"about":[{"href":"https:\/\/jinsuncarbon.com\/it\/wp-json\/wp\/v2\/types\/product"}],"wp:featuredmedia":[{"embeddable":true,"href":"https:\/\/jinsuncarbon.com\/it\/wp-json\/wp\/v2\/media\/8084"}],"wp:attachment":[{"href":"https:\/\/jinsuncarbon.com\/it\/wp-json\/wp\/v2\/media?parent=8083"}],"wp:term":[{"taxonomy":"product_brand","embeddable":true,"href":"https:\/\/jinsuncarbon.com\/it\/wp-json\/wp\/v2\/product_brand?post=8083"},{"taxonomy":"product_cat","embeddable":true,"href":"https:\/\/jinsuncarbon.com\/it\/wp-json\/wp\/v2\/product_cat?post=8083"},{"taxonomy":"product_tag","embeddable":true,"href":"https:\/\/jinsuncarbon.com\/it\/wp-json\/wp\/v2\/product_tag?post=8083"}],"curies":[{"name":"wp","href":"https:\/\/api.w.org\/{rel}","templated":true}]}}