{"id":8067,"date":"2025-09-20T02:43:17","date_gmt":"2025-09-20T02:43:17","guid":{"rendered":"https:\/\/jinsuncarbon.com\/?post_type=product&#038;p=8067"},"modified":"2025-09-20T02:43:18","modified_gmt":"2025-09-20T02:43:18","slug":"crogiolo-di-carbonio","status":"publish","type":"product","link":"https:\/\/jinsuncarbon.com\/it\/prodotto\/crogiolo-di-carbonio\/","title":{"rendered":"Crogiolo di carbonio"},"content":{"rendered":"<p>I crogioli di carbonio sono disponibili in varie forme, come cilindrica, conica e quadrata, e i loro vantaggi sono notevoli.<\/p>\n<h2>Vantaggi del crogiolo di carbonio<\/h2>\n<p>Resistenza al calore estremamente forte<br \/>\n\u00c8 in grado di mantenere la stabilit\u00e0 strutturale in un intervallo di temperature estremamente elevato, compreso tra 1500\u00b0C e 2200\u00b0C, e non \u00e8 facile da fondere o incrinare.<\/p>\n<p>Propriet\u00e0 chimiche stabili<br \/>\nNon \u00e8 incline a reagire con i metalli fusi ad alte temperature, il che garantisce la purezza delle sostanze riscaldate.<\/p>\n<p>Conduttivit\u00e0 termica uniforme<br \/>\nConsente un rapido trasferimento di calore e un riscaldamento costante dei materiali interni, migliorando l'efficienza della fusione o delle reazioni.<\/p>\n<p>Elevata resistenza meccanica<br \/>\n\u00c8 in grado di sopportare il peso della colata e alcuni urti e vibrazioni. \u00c8 inoltre improbabile che si danneggi durante la manipolazione e il versamento.<\/p>\n<p>Superficie liscia<br \/>\nNon aderisce facilmente ai materiali, rendendo comoda la pulizia dopo l'uso, e pu\u00f2 essere riutilizzato pi\u00f9 volte, riducendo i costi di utilizzo.<\/p>\n<p>Forte adattabilit\u00e0<br \/>\nPu\u00f2 essere abbinato a diversi dispositivi di riscaldamento, come ad esempio <a href=\"https:\/\/en.wikipedia.org\/wiki\/Induction_furnace\" target=\"_blank\" rel=\"noopener\">forni a induzione<\/a> per soddisfare i requisiti d'uso di diversi scenari.<\/p>\n<h2>Usi del crogiolo di carbonio<\/h2>\n<h3>Nel campo della metallurgia<\/h3>\n<p>Pu\u00f2 essere utilizzato per fondere vari metalli e altri metalli non ferrosi, nonch\u00e9 varie leghe. Pu\u00f2 garantire che il metallo non reagisca con il crogiolo durante il processo di fusione. Inoltre, garantisce la composizione uniforme del metallo fuso, fornendo materie prime di alta qualit\u00e0 per le successive fasi di lavorazione. \u00c8 quindi particolarmente adatto per la produzione su piccola scala di leghe speciali e metalli preziosi.<\/p>\n<h3>In laboratorio e nel campo della ricerca<\/h3>\n<p>Nella sintesi dei materiali<br \/>\nPu\u00f2 essere utilizzato per la preparazione ad alta temperatura di materiali ceramici, nanomateriali e materiali compositi, ecc.<\/p>\n<p>Nell'elaborazione dei campioni<br \/>\n\u00c8 possibile utilizzarlo per bruciare e incenerire i campioni solidi per rimuovere le impurit\u00e0 organiche e quindi condurre l'analisi dei componenti.<\/p>\n<p>Negli esperimenti chimici<br \/>\nPu\u00f2 servire come recipiente di reazione, per eseguire reazioni fuse ad alta temperatura come l'elettrolisi dei sali fusi e le reazioni di riduzione degli ossidi metallici. Offre un ambiente stabile ai ricercatori per esplorare nuovi materiali e studiare i meccanismi di reazione.<\/p>\n<h3>Nell'industria del vetro e della ceramica<\/h3>\n<p>Nella produzione di vetro ottico<br \/>\nLa resistenza alle alte temperature e le propriet\u00e0 di bassa impurit\u00e0 garantiscono che il vetro fuso sia privo di bolle e impurit\u00e0. In questo modo \u00e8 possibile migliorare la trasmittanza luminosa e le prestazioni ottiche del vetro ottico.<\/p>\n<p>Nell'industria ceramica<br \/>\nPu\u00f2 essere utilizzato per la cottura di corpi ceramici speciali o per la fusione di smalti ceramici. \u00c8 in grado di controllare con precisione la temperatura, garantendo la qualit\u00e0 della texture e dell'aspetto dei prodotti ceramici.<\/p>\n<h3>Nell'industria elettronica e dei semiconduttori<\/h3>\n<p><br class=\"yoast-text-mark\" \/>Nella produzione di materiali semiconduttori<br \/>\nPu\u00f2 essere utilizzato per il pretrattamento dei cristalli singoli di semiconduttore prima dell'estrazione e per rimuovere le impurit\u00e0 al loro interno.<\/p>\n<p>Nella produzione di componenti elettronici<br \/>\nSi pu\u00f2 utilizzare per il trattamento termico di componenti elettronici in ceramica, come condensatori e induttori in ceramica. Oppure si pu\u00f2 utilizzare <a href=\"https:\/\/jinsuncarbon.com\/it\/prodotto\/crogiolo-di-grafite\/\">crogiolo di carbonio<\/a> per la fusione e la purificazione di materiali elettrodici metallici come il tungsteno e il molibdeno. Pu\u00f2 garantire la stabilit\u00e0 delle prestazioni dei componenti elettronici e fornire supporto alla loro produzione.<\/p>","protected":false},"excerpt":{"rendered":"<p>Il crogiolo di carbonio \u00e8 un contenitore resistente alle alte temperature realizzato con materiali di carbonio di elevata purezza, chiamato anche crogiolo fuso ad alta temperatura. Grazie all'eccellente resistenza alle alte temperature, alla stabilit\u00e0 chimica e alla conducibilit\u00e0 termica, offre prestazioni eccezionali nei moderni settori industriali. Pu\u00f2 essere utilizzato in metallurgia, nella ricerca scientifica e nella lavorazione dei materiali, perch\u00e9 \u00e8 un utensile robusto e durevole. Inoltre, \u00e8 molto adatto a scenari impegnativi come la fusione ad alta temperatura e le reazioni di riscaldamento.<\/p>","protected":false},"featured_media":8070,"template":"","meta":[],"product_brand":[],"product_cat":[38],"product_tag":[],"class_list":{"0":"post-8067","1":"product","2":"type-product","3":"status-publish","4":"has-post-thumbnail","6":"product_cat-graphite-products","8":"first","9":"instock","10":"shipping-taxable","11":"product-type-simple"},"yoast_head":"<!-- This site is optimized with the Yoast SEO Premium plugin v19.2.1 (Yoast SEO v27.5) - https:\/\/yoast.com\/product\/yoast-seo-premium-wordpress\/ -->\n<title>Carbon Crucible Manufacturer in China | Jinsun Carbon<\/title>\n<meta name=\"robots\" content=\"index, follow, max-snippet:-1, max-image-preview:large, max-video-preview:-1\" \/>\n<link rel=\"canonical\" href=\"https:\/\/jinsuncarbon.com\/it\/prodotto\/crogiolo-di-carbonio\/\" \/>\n<meta property=\"og:locale\" content=\"it_IT\" \/>\n<meta property=\"og:type\" content=\"article\" \/>\n<meta property=\"og:title\" content=\"Carbon Crucible\" \/>\n<meta property=\"og:description\" content=\"The carbon crucible is a high-temperature-resistant container made from high-purity carbon materials, which is also called a high-temperature molten crucible. With the excellent high-temperature resistance, chemical stability and thermal conductivity, it performs outstandingly in modern industrial fields. You can use it in metallurgy, scientific research and material processing, because it is a strong and durable utensil. And it is highly suitable for demanding scenarios such as high-temperature melting and heating reactions.\" \/>\n<meta property=\"og:url\" content=\"https:\/\/jinsuncarbon.com\/it\/prodotto\/crogiolo-di-carbonio\/\" \/>\n<meta property=\"og:site_name\" content=\"Jinsun Carbon\" \/>\n<meta property=\"article:publisher\" content=\"https:\/\/www.facebook.com\/Graphite-Electrode-109336238661595\" \/>\n<meta property=\"article:modified_time\" content=\"2025-09-20T02:43:18+00:00\" \/>\n<meta property=\"og:image\" content=\"https:\/\/jinsuncarbon.com\/wp-content\/uploads\/2025\/09\/Carbon-Crucible.jpg\" \/>\n\t<meta property=\"og:image:width\" content=\"1024\" \/>\n\t<meta property=\"og:image:height\" content=\"763\" \/>\n\t<meta property=\"og:image:type\" content=\"image\/jpeg\" \/>\n<meta name=\"twitter:card\" content=\"summary_large_image\" \/>\n<meta name=\"twitter:site\" content=\"@jinsuncarbon_\" \/>\n<meta name=\"twitter:label1\" content=\"Tempo di lettura stimato\" \/>\n\t<meta name=\"twitter:data1\" content=\"3 minuti\" \/>\n<script type=\"application\/ld+json\" class=\"yoast-schema-graph\">{\"@context\":\"https:\\\/\\\/schema.org\",\"@graph\":[{\"@type\":\"WebPage\",\"@id\":\"https:\\\/\\\/jinsuncarbon.com\\\/product\\\/carbon-crucible\\\/\",\"url\":\"https:\\\/\\\/jinsuncarbon.com\\\/product\\\/carbon-crucible\\\/\",\"name\":\"Carbon Crucible Manufacturer in China | Jinsun Carbon\",\"isPartOf\":{\"@id\":\"https:\\\/\\\/jinsuncarbon.com\\\/#website\"},\"primaryImageOfPage\":{\"@id\":\"https:\\\/\\\/jinsuncarbon.com\\\/product\\\/carbon-crucible\\\/#primaryimage\"},\"image\":{\"@id\":\"https:\\\/\\\/jinsuncarbon.com\\\/product\\\/carbon-crucible\\\/#primaryimage\"},\"thumbnailUrl\":\"https:\\\/\\\/jinsuncarbon.com\\\/wp-content\\\/uploads\\\/2025\\\/09\\\/Carbon-Crucible.jpg\",\"datePublished\":\"2025-09-20T02:43:17+00:00\",\"dateModified\":\"2025-09-20T02:43:18+00:00\",\"breadcrumb\":{\"@id\":\"https:\\\/\\\/jinsuncarbon.com\\\/product\\\/carbon-crucible\\\/#breadcrumb\"},\"inLanguage\":\"it-IT\",\"potentialAction\":[{\"@type\":\"ReadAction\",\"target\":[\"https:\\\/\\\/jinsuncarbon.com\\\/product\\\/carbon-crucible\\\/\"]}]},{\"@type\":\"ImageObject\",\"inLanguage\":\"it-IT\",\"@id\":\"https:\\\/\\\/jinsuncarbon.com\\\/product\\\/carbon-crucible\\\/#primaryimage\",\"url\":\"https:\\\/\\\/jinsuncarbon.com\\\/wp-content\\\/uploads\\\/2025\\\/09\\\/Carbon-Crucible.jpg\",\"contentUrl\":\"https:\\\/\\\/jinsuncarbon.com\\\/wp-content\\\/uploads\\\/2025\\\/09\\\/Carbon-Crucible.jpg\",\"width\":1024,\"height\":763,\"caption\":\"Carbon Crucible\"},{\"@type\":\"BreadcrumbList\",\"@id\":\"https:\\\/\\\/jinsuncarbon.com\\\/product\\\/carbon-crucible\\\/#breadcrumb\",\"itemListElement\":[{\"@type\":\"ListItem\",\"position\":1,\"name\":\"Home\",\"item\":\"https:\\\/\\\/jinsuncarbon.com\\\/\"},{\"@type\":\"ListItem\",\"position\":2,\"name\":\"Products\",\"item\":\"https:\\\/\\\/jinsuncarbon.com\\\/graphite-carbon\\\/\"},{\"@type\":\"ListItem\",\"position\":3,\"name\":\"Carbon Crucible\"}]},{\"@type\":\"WebSite\",\"@id\":\"https:\\\/\\\/jinsuncarbon.com\\\/#website\",\"url\":\"https:\\\/\\\/jinsuncarbon.com\\\/\",\"name\":\"Jinsun Carbon\",\"description\":\"We are the successful graphite electrode manufacturer in China\",\"publisher\":{\"@id\":\"https:\\\/\\\/jinsuncarbon.com\\\/#organization\"},\"potentialAction\":[{\"@type\":\"SearchAction\",\"target\":{\"@type\":\"EntryPoint\",\"urlTemplate\":\"https:\\\/\\\/jinsuncarbon.com\\\/?s={search_term_string}\"},\"query-input\":{\"@type\":\"PropertyValueSpecification\",\"valueRequired\":true,\"valueName\":\"search_term_string\"}}],\"inLanguage\":\"it-IT\"},{\"@type\":\"Organization\",\"@id\":\"https:\\\/\\\/jinsuncarbon.com\\\/#organization\",\"name\":\"Jinsun Carbon\",\"alternateName\":\"Jinsun Carbon\",\"url\":\"https:\\\/\\\/jinsuncarbon.com\\\/\",\"logo\":{\"@type\":\"ImageObject\",\"inLanguage\":\"it-IT\",\"@id\":\"https:\\\/\\\/jinsuncarbon.com\\\/#\\\/schema\\\/logo\\\/image\\\/\",\"url\":\"https:\\\/\\\/jinsuncarbon.com\\\/wp-content\\\/uploads\\\/2022\\\/12\\\/LOGO-1.png\",\"contentUrl\":\"https:\\\/\\\/jinsuncarbon.com\\\/wp-content\\\/uploads\\\/2022\\\/12\\\/LOGO-1.png\",\"width\":207,\"height\":80,\"caption\":\"Jinsun Carbon\"},\"image\":{\"@id\":\"https:\\\/\\\/jinsuncarbon.com\\\/#\\\/schema\\\/logo\\\/image\\\/\"},\"sameAs\":[\"https:\\\/\\\/www.facebook.com\\\/Graphite-Electrode-109336238661595\",\"https:\\\/\\\/x.com\\\/jinsuncarbon_\",\"https:\\\/\\\/www.linkedin.com\\\/in\\\/jinsungraphite\",\"https:\\\/\\\/www.youtube.com\\\/channel\\\/UCysDNyvyR5-3cCWEmpkVC0g\"]}]}<\/script>\n<!-- \/ Yoast SEO Premium plugin. -->","yoast_head_json":{"title":"Crogiolo di carbonio Fornitore in Cina | Jinsun Carbon","robots":{"index":"index","follow":"follow","max-snippet":"max-snippet:-1","max-image-preview":"max-image-preview:large","max-video-preview":"max-video-preview:-1"},"canonical":"https:\/\/jinsuncarbon.com\/it\/prodotto\/crogiolo-di-carbonio\/","og_locale":"it_IT","og_type":"article","og_title":"Carbon Crucible","og_description":"The carbon crucible is a high-temperature-resistant container made from high-purity carbon materials, which is also called a high-temperature molten crucible. With the excellent high-temperature resistance, chemical stability and thermal conductivity, it performs outstandingly in modern industrial fields. You can use it in metallurgy, scientific research and material processing, because it is a strong and durable utensil. And it is highly suitable for demanding scenarios such as high-temperature melting and heating reactions.","og_url":"https:\/\/jinsuncarbon.com\/it\/prodotto\/crogiolo-di-carbonio\/","og_site_name":"Jinsun Carbon","article_publisher":"https:\/\/www.facebook.com\/Graphite-Electrode-109336238661595","article_modified_time":"2025-09-20T02:43:18+00:00","og_image":[{"width":1024,"height":763,"url":"https:\/\/jinsuncarbon.com\/wp-content\/uploads\/2025\/09\/Carbon-Crucible.jpg","type":"image\/jpeg"}],"twitter_card":"summary_large_image","twitter_site":"@jinsuncarbon_","twitter_misc":{"Tempo di lettura stimato":"3 minuti"},"schema":{"@context":"https:\/\/schema.org","@graph":[{"@type":"WebPage","@id":"https:\/\/jinsuncarbon.com\/product\/carbon-crucible\/","url":"https:\/\/jinsuncarbon.com\/product\/carbon-crucible\/","name":"Crogiolo di carbonio Fornitore in Cina | Jinsun Carbon","isPartOf":{"@id":"https:\/\/jinsuncarbon.com\/#website"},"primaryImageOfPage":{"@id":"https:\/\/jinsuncarbon.com\/product\/carbon-crucible\/#primaryimage"},"image":{"@id":"https:\/\/jinsuncarbon.com\/product\/carbon-crucible\/#primaryimage"},"thumbnailUrl":"https:\/\/jinsuncarbon.com\/wp-content\/uploads\/2025\/09\/Carbon-Crucible.jpg","datePublished":"2025-09-20T02:43:17+00:00","dateModified":"2025-09-20T02:43:18+00:00","breadcrumb":{"@id":"https:\/\/jinsuncarbon.com\/product\/carbon-crucible\/#breadcrumb"},"inLanguage":"it-IT","potentialAction":[{"@type":"ReadAction","target":["https:\/\/jinsuncarbon.com\/product\/carbon-crucible\/"]}]},{"@type":"ImageObject","inLanguage":"it-IT","@id":"https:\/\/jinsuncarbon.com\/product\/carbon-crucible\/#primaryimage","url":"https:\/\/jinsuncarbon.com\/wp-content\/uploads\/2025\/09\/Carbon-Crucible.jpg","contentUrl":"https:\/\/jinsuncarbon.com\/wp-content\/uploads\/2025\/09\/Carbon-Crucible.jpg","width":1024,"height":763,"caption":"Carbon Crucible"},{"@type":"BreadcrumbList","@id":"https:\/\/jinsuncarbon.com\/product\/carbon-crucible\/#breadcrumb","itemListElement":[{"@type":"ListItem","position":1,"name":"Home","item":"https:\/\/jinsuncarbon.com\/"},{"@type":"ListItem","position":2,"name":"Products","item":"https:\/\/jinsuncarbon.com\/graphite-carbon\/"},{"@type":"ListItem","position":3,"name":"Carbon Crucible"}]},{"@type":"WebSite","@id":"https:\/\/jinsuncarbon.com\/#website","url":"https:\/\/jinsuncarbon.com\/","name":"Jinsun Carbon","description":"Siamo il produttore di elettrodi di grafite di successo in Cina","publisher":{"@id":"https:\/\/jinsuncarbon.com\/#organization"},"potentialAction":[{"@type":"SearchAction","target":{"@type":"EntryPoint","urlTemplate":"https:\/\/jinsuncarbon.com\/?s={search_term_string}"},"query-input":{"@type":"PropertyValueSpecification","valueRequired":true,"valueName":"search_term_string"}}],"inLanguage":"it-IT"},{"@type":"Organization","@id":"https:\/\/jinsuncarbon.com\/#organization","name":"Jinsun Carbon","alternateName":"Jinsun Carbon","url":"https:\/\/jinsuncarbon.com\/","logo":{"@type":"ImageObject","inLanguage":"it-IT","@id":"https:\/\/jinsuncarbon.com\/#\/schema\/logo\/image\/","url":"https:\/\/jinsuncarbon.com\/wp-content\/uploads\/2022\/12\/LOGO-1.png","contentUrl":"https:\/\/jinsuncarbon.com\/wp-content\/uploads\/2022\/12\/LOGO-1.png","width":207,"height":80,"caption":"Jinsun Carbon"},"image":{"@id":"https:\/\/jinsuncarbon.com\/#\/schema\/logo\/image\/"},"sameAs":["https:\/\/www.facebook.com\/Graphite-Electrode-109336238661595","https:\/\/x.com\/jinsuncarbon_","https:\/\/www.linkedin.com\/in\/jinsungraphite","https:\/\/www.youtube.com\/channel\/UCysDNyvyR5-3cCWEmpkVC0g"]}]}},"_links":{"self":[{"href":"https:\/\/jinsuncarbon.com\/it\/wp-json\/wp\/v2\/product\/8067","targetHints":{"allow":["GET"]}}],"collection":[{"href":"https:\/\/jinsuncarbon.com\/it\/wp-json\/wp\/v2\/product"}],"about":[{"href":"https:\/\/jinsuncarbon.com\/it\/wp-json\/wp\/v2\/types\/product"}],"wp:featuredmedia":[{"embeddable":true,"href":"https:\/\/jinsuncarbon.com\/it\/wp-json\/wp\/v2\/media\/8070"}],"wp:attachment":[{"href":"https:\/\/jinsuncarbon.com\/it\/wp-json\/wp\/v2\/media?parent=8067"}],"wp:term":[{"taxonomy":"product_brand","embeddable":true,"href":"https:\/\/jinsuncarbon.com\/it\/wp-json\/wp\/v2\/product_brand?post=8067"},{"taxonomy":"product_cat","embeddable":true,"href":"https:\/\/jinsuncarbon.com\/it\/wp-json\/wp\/v2\/product_cat?post=8067"},{"taxonomy":"product_tag","embeddable":true,"href":"https:\/\/jinsuncarbon.com\/it\/wp-json\/wp\/v2\/product_tag?post=8067"}],"curies":[{"name":"wp","href":"https:\/\/api.w.org\/{rel}","templated":true}]}}