{"id":8063,"date":"2025-09-23T01:17:40","date_gmt":"2025-09-23T01:17:40","guid":{"rendered":"https:\/\/jinsuncarbon.com\/?post_type=product&#038;p=8063"},"modified":"2025-09-23T01:17:41","modified_gmt":"2025-09-23T01:17:41","slug":"nanotubo-di-carbonio","status":"publish","type":"product","link":"https:\/\/jinsuncarbon.com\/it\/prodotto\/nanotubo-di-carbonio\/","title":{"rendered":"Nanotubi di carbonio"},"content":{"rendered":"<h2>Vantaggi del nanotubo di carbonio<\/h2>\n<p>Il nanotubo di carbonio si presenta in varie forme, pu\u00f2 essere realizzato in polveri, pellicole o materiali compositi e i suoi vantaggi sono estremamente notevoli.<\/p>\n<p><strong><b>E<\/b><\/strong><strong><b>Propriet\u00e0 meccaniche estremamente resistenti<\/b><\/strong><\/p>\n<p>La sua resistenza alla trazione \u00e8 oltre 100 volte quella dell'acciaio e pesa solo 1\/6 dell'acciaio. Ci\u00f2 lo rende una scelta ideale per i materiali strutturali leggeri.<\/p>\n<p>&nbsp;<\/p>\n<p><strong><b>O<\/b><\/strong><strong><b>conducibilit\u00e0 elettrica<\/b><\/strong><\/p>\n<p>\u00c8 paragonabile a quella del rame metallico e alcuni tipi possiedono persino propriet\u00e0 semiconduttrici, adatte a diversi dispositivi elettronici.<\/p>\n<p>&nbsp;<\/p>\n<p><strong><b>Alto<\/b><\/strong><strong><b>\u00a0conduttivit\u00e0 termica<\/b><\/strong><\/p>\n<p>Il suo valore supera di gran lunga quello dei materiali termoconduttivi tradizionali, consentendo un rapido trasferimento del calore e una distribuzione uniforme.<\/p>\n<p>&nbsp;<\/p>\n<p><strong><b>E<\/b><\/strong><strong><b>Eccellente stabilit\u00e0 chimica<\/b><\/strong><\/p>\n<p>Rimangono stabili in ambienti acidi e alcalini e ad alte temperature e alcuni tipi possono resistere a temperature superiori a 1000\u00b0C.<\/p>\n<p>&nbsp;<\/p>\n<p><strong><b>U<\/b><\/strong><strong><b>struttura cava unica<\/b><\/strong><\/p>\n<p>\u00c8 possibile utilizzarlo per caricare farmaci, catalizzatori, ecc. e ci\u00f2 offre una flessibilit\u00e0 estremamente elevata nelle applicazioni funzionali.<\/p>\n<p>&nbsp;<\/p>\n<h2>Tipi di nanotubi di carbonio<\/h2>\n<p><strong><b>In base al numero di strati della parete<\/b><\/strong><\/p>\n<p><strong><b>S<\/b><\/strong><strong><b>nanotubo di carbonio a parete chiusa<\/b><\/strong><\/p>\n<p>\u00c8 composto da un solo strato di tubi atomici di carbonio e ha un diametro che varia tipicamente da 0,4 a 2 nanometri. Ha propriet\u00e0 elettroniche pure, adatte a dispositivi elettronici di alta precisione, nano-sensori e altri scenari.<\/p>\n<p>&nbsp;<\/p>\n<p><strong><b>M<\/b><\/strong><strong><b>nanotubi di carbonio a parete ultima<\/b><\/strong><\/p>\n<p>Si forma annidando coassialmente pi\u00f9 strati di tubi atomici di carbonio, il cui diametro varia generalmente da 2 a 100 nanometri. I costi sono relativamente pi\u00f9 bassi e la resistenza meccanica \u00e8 migliore. \u00c8 quindi adatto a scenari industriali quali <a href=\"https:\/\/jinsuncarbon.com\/it\/la-grafite-e-un-materiale-composito\/\">materiale composito<\/a> rinforzo e rivestimenti conduttivi.<\/p>\n<p>&nbsp;<\/p>\n<h2>Usi del nanotubo di carbonio<\/h2>\n<p><strong><b>Nel campo dell'elettronica<\/b><\/strong><\/p>\n<p>Pu\u00f2 essere utilizzato per produrre elettrodi conduttivi per display flessibili. La sua elevata conduttivit\u00e0 e flessibilit\u00e0 sono adatte a soddisfare i requisiti di piegatura degli schermi.<\/p>\n<p>&nbsp;<\/p>\n<p>\u00c8 inoltre possibile utilizzarlo per creare <a href=\"https:\/\/en.wikipedia.org\/wiki\/Transistor\" target=\"_blank\" rel=\"noopener\">transistor<\/a>rompendo i limiti delle prestazioni dei dispositivi tradizionali basati sul silicio e facilitando la miniaturizzazione dei chip.<\/p>\n<p>&nbsp;<\/p>\n<p><strong><b>Nel campo energetico<\/b><\/strong><\/p>\n<p>L'aggiunta di nanotubi di carbonio alle batterie al litio pu\u00f2 migliorare la conduttivit\u00e0 e la stabilit\u00e0 strutturale degli elettrodi. Pu\u00f2 anche estendere la durata della batteria e migliorare le prestazioni di ricarica rapida.<\/p>\n<p>&nbsp;<\/p>\n<p>Utilizzandolo nei supercondensatori, la sua elevata superficie specifica pu\u00f2 aumentare la capacit\u00e0 di accumulo di energia, consentendo una carica e una scarica rapide.<\/p>\n<p><strong><b>\u00a0<\/b><\/strong><\/p>\n<p><strong><b>Nel campo della biomedicina<\/b><\/strong><\/p>\n<p>Caricando i farmaci antitumorali nella struttura cava, \u00e8 possibile colpire con precisione le cellule tumorali. Riducendo cos\u00ec al minimo i danni ai tessuti normali causati dai farmaci.<\/p>\n<p>&nbsp;<\/p>\n<p>\u00c8 anche possibile trasformarla in biosensori, in grado di rilevare rapidamente tracce di marcatori nel sangue, facilitando la diagnosi precoce delle malattie.<\/p>\n<p>&nbsp;<\/p>\n<p><strong><b>Nel campo dei materiali compositi<\/b><\/strong><\/p>\n<p>\u00c8 possibile incorporarlo in plastiche, metalli o ceramiche per produrre componenti aerospaziali leggeri e ad alta resistenza, parti strutturali per autoveicoli. Ad esempio, i materiali compositi utilizzati nelle ali degli aerei non solo riducono il peso, ma migliorano anche le prestazioni di sicurezza.<\/p>\n<p>&nbsp;<\/p>\n<p>\u00c8 possibile utilizzarlo anche per realizzare materiali antiproiettile, la cui altissima resistenza \u00e8 in grado di resistere efficacemente agli urti.<\/p>","protected":false},"excerpt":{"rendered":"<p>Il nanotubo di carbonio \u00e8 un tipo di nanomateriale tubolare formato dall'arricciamento degli atomi di carbonio in una struttura a griglia esagonale. Il suo diametro \u00e8 solitamente compreso tra pochi nanometri e alcune decine di nanometri, mentre la lunghezza pu\u00f2 raggiungere i micrometri o addirittura i millimetri. Ha una resistenza meccanica di gran lunga superiore a quella dei materiali tradizionali, un'eccellente conducibilit\u00e0 elettrica e termica e una struttura cava unidimensionale unica. Per questo ha dimostrato un grande potenziale nelle industrie di fascia alta, nelle nuove energie, nella biomedicina e in altri campi, soddisfacendo i requisiti tecnici di vari scenari di fascia alta.<\/p>","protected":false},"featured_media":8079,"template":"","meta":[],"product_brand":[],"product_cat":[39],"product_tag":[],"class_list":{"0":"post-8063","1":"product","2":"type-product","3":"status-publish","4":"has-post-thumbnail","6":"product_cat-carbon-products","8":"first","9":"instock","10":"shipping-taxable","11":"product-type-simple"},"yoast_head":"<!-- This site is optimized with the Yoast SEO Premium plugin v19.2.1 (Yoast SEO v25.3) - https:\/\/yoast.com\/wordpress\/plugins\/seo\/ -->\n<title>Carbon Nanotube Supplier in China | Jinsun Carbon<\/title>\n<meta name=\"robots\" content=\"index, follow, max-snippet:-1, max-image-preview:large, max-video-preview:-1\" \/>\n<link rel=\"canonical\" href=\"https:\/\/jinsuncarbon.com\/it\/prodotto\/nanotubo-di-carbonio\/\" \/>\n<meta property=\"og:locale\" content=\"it_IT\" \/>\n<meta property=\"og:type\" content=\"article\" \/>\n<meta property=\"og:title\" content=\"Carbon Nanotube\" \/>\n<meta property=\"og:description\" content=\"Carbon nanotube\u00a0is\u00a0a type of tubular nanomaterial formed by curling carbon atoms into a hexagonal grid structure. Its\u00a0diameters are usually only a few nanometers to several tens of nanometers, while its\u00a0lengths can reach micrometers or even millimeters. It has\u00a0mechanical strength far exceeding that of traditional materials, excellent electrical and thermal conductivity, and unique one-dimensional hollow structure. These make it\u00a0have shown great potential in high-end industries, new energy, biomedicine and other fields,\u00a0meeting\u00a0the technical requirements of various high-end scenarios.\" \/>\n<meta property=\"og:url\" content=\"https:\/\/jinsuncarbon.com\/it\/prodotto\/nanotubo-di-carbonio\/\" \/>\n<meta property=\"og:site_name\" content=\"Jinsun Carbon\" \/>\n<meta property=\"article:publisher\" content=\"https:\/\/www.facebook.com\/Graphite-Electrode-109336238661595\" \/>\n<meta property=\"article:modified_time\" content=\"2025-09-23T01:17:41+00:00\" \/>\n<meta property=\"og:image\" content=\"https:\/\/jinsuncarbon.com\/wp-content\/uploads\/2025\/09\/Carbon-Nanotube.jpg\" \/>\n\t<meta property=\"og:image:width\" content=\"1024\" \/>\n\t<meta property=\"og:image:height\" content=\"763\" \/>\n\t<meta property=\"og:image:type\" content=\"image\/jpeg\" \/>\n<meta name=\"twitter:card\" content=\"summary_large_image\" \/>\n<meta name=\"twitter:site\" content=\"@jinsuncarbon_\" \/>\n<meta name=\"twitter:label1\" content=\"Tempo di lettura stimato\" \/>\n\t<meta name=\"twitter:data1\" content=\"3 minuti\" \/>\n<script type=\"application\/ld+json\" class=\"yoast-schema-graph\">{\"@context\":\"https:\/\/schema.org\",\"@graph\":[{\"@type\":\"WebPage\",\"@id\":\"https:\/\/jinsuncarbon.com\/product\/carbon-nanotube\/\",\"url\":\"https:\/\/jinsuncarbon.com\/product\/carbon-nanotube\/\",\"name\":\"Carbon Nanotube Supplier in China | Jinsun Carbon\",\"isPartOf\":{\"@id\":\"https:\/\/jinsuncarbon.com\/#website\"},\"primaryImageOfPage\":{\"@id\":\"https:\/\/jinsuncarbon.com\/product\/carbon-nanotube\/#primaryimage\"},\"image\":{\"@id\":\"https:\/\/jinsuncarbon.com\/product\/carbon-nanotube\/#primaryimage\"},\"thumbnailUrl\":\"https:\/\/jinsuncarbon.com\/wp-content\/uploads\/2025\/09\/Carbon-Nanotube.jpg\",\"datePublished\":\"2025-09-23T01:17:40+00:00\",\"dateModified\":\"2025-09-23T01:17:41+00:00\",\"breadcrumb\":{\"@id\":\"https:\/\/jinsuncarbon.com\/product\/carbon-nanotube\/#breadcrumb\"},\"inLanguage\":\"it-IT\",\"potentialAction\":[{\"@type\":\"ReadAction\",\"target\":[\"https:\/\/jinsuncarbon.com\/product\/carbon-nanotube\/\"]}]},{\"@type\":\"ImageObject\",\"inLanguage\":\"it-IT\",\"@id\":\"https:\/\/jinsuncarbon.com\/product\/carbon-nanotube\/#primaryimage\",\"url\":\"https:\/\/jinsuncarbon.com\/wp-content\/uploads\/2025\/09\/Carbon-Nanotube.jpg\",\"contentUrl\":\"https:\/\/jinsuncarbon.com\/wp-content\/uploads\/2025\/09\/Carbon-Nanotube.jpg\",\"width\":1024,\"height\":763,\"caption\":\"Carbon Nanotube\"},{\"@type\":\"BreadcrumbList\",\"@id\":\"https:\/\/jinsuncarbon.com\/product\/carbon-nanotube\/#breadcrumb\",\"itemListElement\":[{\"@type\":\"ListItem\",\"position\":1,\"name\":\"Home\",\"item\":\"https:\/\/jinsuncarbon.com\/\"},{\"@type\":\"ListItem\",\"position\":2,\"name\":\"Products\",\"item\":\"https:\/\/jinsuncarbon.com\/graphite-carbon\/\"},{\"@type\":\"ListItem\",\"position\":3,\"name\":\"Carbon Nanotube\"}]},{\"@type\":\"WebSite\",\"@id\":\"https:\/\/jinsuncarbon.com\/#website\",\"url\":\"https:\/\/jinsuncarbon.com\/\",\"name\":\"Jinsun Carbon\",\"description\":\"We are the successful graphite electrode manufacturer in China\",\"publisher\":{\"@id\":\"https:\/\/jinsuncarbon.com\/#organization\"},\"potentialAction\":[{\"@type\":\"SearchAction\",\"target\":{\"@type\":\"EntryPoint\",\"urlTemplate\":\"https:\/\/jinsuncarbon.com\/?s={search_term_string}\"},\"query-input\":{\"@type\":\"PropertyValueSpecification\",\"valueRequired\":true,\"valueName\":\"search_term_string\"}}],\"inLanguage\":\"it-IT\"},{\"@type\":\"Organization\",\"@id\":\"https:\/\/jinsuncarbon.com\/#organization\",\"name\":\"Jinsun Carbon\",\"alternateName\":\"Jinsun Carbon\",\"url\":\"https:\/\/jinsuncarbon.com\/\",\"logo\":{\"@type\":\"ImageObject\",\"inLanguage\":\"it-IT\",\"@id\":\"https:\/\/jinsuncarbon.com\/#\/schema\/logo\/image\/\",\"url\":\"https:\/\/jinsuncarbon.com\/wp-content\/uploads\/2022\/12\/LOGO-1.png\",\"contentUrl\":\"https:\/\/jinsuncarbon.com\/wp-content\/uploads\/2022\/12\/LOGO-1.png\",\"width\":207,\"height\":80,\"caption\":\"Jinsun Carbon\"},\"image\":{\"@id\":\"https:\/\/jinsuncarbon.com\/#\/schema\/logo\/image\/\"},\"sameAs\":[\"https:\/\/www.facebook.com\/Graphite-Electrode-109336238661595\",\"https:\/\/x.com\/jinsuncarbon_\",\"https:\/\/www.linkedin.com\/in\/jinsungraphite\",\"https:\/\/www.youtube.com\/channel\/UCysDNyvyR5-3cCWEmpkVC0g\"]}]}<\/script>\n<!-- \/ Yoast SEO Premium plugin. -->","yoast_head_json":{"title":"Fornitore di nanotubi di carbonio in Cina | Jinsun Carbon","robots":{"index":"index","follow":"follow","max-snippet":"max-snippet:-1","max-image-preview":"max-image-preview:large","max-video-preview":"max-video-preview:-1"},"canonical":"https:\/\/jinsuncarbon.com\/it\/prodotto\/nanotubo-di-carbonio\/","og_locale":"it_IT","og_type":"article","og_title":"Carbon Nanotube","og_description":"Carbon nanotube\u00a0is\u00a0a type of tubular nanomaterial formed by curling carbon atoms into a hexagonal grid structure. Its\u00a0diameters are usually only a few nanometers to several tens of nanometers, while its\u00a0lengths can reach micrometers or even millimeters. It has\u00a0mechanical strength far exceeding that of traditional materials, excellent electrical and thermal conductivity, and unique one-dimensional hollow structure. These make it\u00a0have shown great potential in high-end industries, new energy, biomedicine and other fields,\u00a0meeting\u00a0the technical requirements of various high-end scenarios.","og_url":"https:\/\/jinsuncarbon.com\/it\/prodotto\/nanotubo-di-carbonio\/","og_site_name":"Jinsun Carbon","article_publisher":"https:\/\/www.facebook.com\/Graphite-Electrode-109336238661595","article_modified_time":"2025-09-23T01:17:41+00:00","og_image":[{"width":1024,"height":763,"url":"https:\/\/jinsuncarbon.com\/wp-content\/uploads\/2025\/09\/Carbon-Nanotube.jpg","type":"image\/jpeg"}],"twitter_card":"summary_large_image","twitter_site":"@jinsuncarbon_","twitter_misc":{"Tempo di lettura stimato":"3 minuti"},"schema":{"@context":"https:\/\/schema.org","@graph":[{"@type":"WebPage","@id":"https:\/\/jinsuncarbon.com\/product\/carbon-nanotube\/","url":"https:\/\/jinsuncarbon.com\/product\/carbon-nanotube\/","name":"Fornitore di nanotubi di carbonio in Cina | Jinsun Carbon","isPartOf":{"@id":"https:\/\/jinsuncarbon.com\/#website"},"primaryImageOfPage":{"@id":"https:\/\/jinsuncarbon.com\/product\/carbon-nanotube\/#primaryimage"},"image":{"@id":"https:\/\/jinsuncarbon.com\/product\/carbon-nanotube\/#primaryimage"},"thumbnailUrl":"https:\/\/jinsuncarbon.com\/wp-content\/uploads\/2025\/09\/Carbon-Nanotube.jpg","datePublished":"2025-09-23T01:17:40+00:00","dateModified":"2025-09-23T01:17:41+00:00","breadcrumb":{"@id":"https:\/\/jinsuncarbon.com\/product\/carbon-nanotube\/#breadcrumb"},"inLanguage":"it-IT","potentialAction":[{"@type":"ReadAction","target":["https:\/\/jinsuncarbon.com\/product\/carbon-nanotube\/"]}]},{"@type":"ImageObject","inLanguage":"it-IT","@id":"https:\/\/jinsuncarbon.com\/product\/carbon-nanotube\/#primaryimage","url":"https:\/\/jinsuncarbon.com\/wp-content\/uploads\/2025\/09\/Carbon-Nanotube.jpg","contentUrl":"https:\/\/jinsuncarbon.com\/wp-content\/uploads\/2025\/09\/Carbon-Nanotube.jpg","width":1024,"height":763,"caption":"Carbon Nanotube"},{"@type":"BreadcrumbList","@id":"https:\/\/jinsuncarbon.com\/product\/carbon-nanotube\/#breadcrumb","itemListElement":[{"@type":"ListItem","position":1,"name":"Home","item":"https:\/\/jinsuncarbon.com\/"},{"@type":"ListItem","position":2,"name":"Products","item":"https:\/\/jinsuncarbon.com\/graphite-carbon\/"},{"@type":"ListItem","position":3,"name":"Carbon Nanotube"}]},{"@type":"WebSite","@id":"https:\/\/jinsuncarbon.com\/#website","url":"https:\/\/jinsuncarbon.com\/","name":"Jinsun Carbon","description":"Siamo il produttore di elettrodi di grafite di successo in Cina","publisher":{"@id":"https:\/\/jinsuncarbon.com\/#organization"},"potentialAction":[{"@type":"SearchAction","target":{"@type":"EntryPoint","urlTemplate":"https:\/\/jinsuncarbon.com\/?s={search_term_string}"},"query-input":{"@type":"PropertyValueSpecification","valueRequired":true,"valueName":"search_term_string"}}],"inLanguage":"it-IT"},{"@type":"Organization","@id":"https:\/\/jinsuncarbon.com\/#organization","name":"Jinsun Carbon","alternateName":"Jinsun Carbon","url":"https:\/\/jinsuncarbon.com\/","logo":{"@type":"ImageObject","inLanguage":"it-IT","@id":"https:\/\/jinsuncarbon.com\/#\/schema\/logo\/image\/","url":"https:\/\/jinsuncarbon.com\/wp-content\/uploads\/2022\/12\/LOGO-1.png","contentUrl":"https:\/\/jinsuncarbon.com\/wp-content\/uploads\/2022\/12\/LOGO-1.png","width":207,"height":80,"caption":"Jinsun Carbon"},"image":{"@id":"https:\/\/jinsuncarbon.com\/#\/schema\/logo\/image\/"},"sameAs":["https:\/\/www.facebook.com\/Graphite-Electrode-109336238661595","https:\/\/x.com\/jinsuncarbon_","https:\/\/www.linkedin.com\/in\/jinsungraphite","https:\/\/www.youtube.com\/channel\/UCysDNyvyR5-3cCWEmpkVC0g"]}]}},"_links":{"self":[{"href":"https:\/\/jinsuncarbon.com\/it\/wp-json\/wp\/v2\/product\/8063","targetHints":{"allow":["GET"]}}],"collection":[{"href":"https:\/\/jinsuncarbon.com\/it\/wp-json\/wp\/v2\/product"}],"about":[{"href":"https:\/\/jinsuncarbon.com\/it\/wp-json\/wp\/v2\/types\/product"}],"wp:featuredmedia":[{"embeddable":true,"href":"https:\/\/jinsuncarbon.com\/it\/wp-json\/wp\/v2\/media\/8079"}],"wp:attachment":[{"href":"https:\/\/jinsuncarbon.com\/it\/wp-json\/wp\/v2\/media?parent=8063"}],"wp:term":[{"taxonomy":"product_brand","embeddable":true,"href":"https:\/\/jinsuncarbon.com\/it\/wp-json\/wp\/v2\/product_brand?post=8063"},{"taxonomy":"product_cat","embeddable":true,"href":"https:\/\/jinsuncarbon.com\/it\/wp-json\/wp\/v2\/product_cat?post=8063"},{"taxonomy":"product_tag","embeddable":true,"href":"https:\/\/jinsuncarbon.com\/it\/wp-json\/wp\/v2\/product_tag?post=8063"}],"curies":[{"name":"wp","href":"https:\/\/api.w.org\/{rel}","templated":true}]}}