{"id":8050,"date":"2025-09-06T13:46:06","date_gmt":"2025-09-06T13:46:06","guid":{"rendered":"https:\/\/jinsuncarbon.com\/?post_type=product&#038;p=8050"},"modified":"2025-09-06T13:46:07","modified_gmt":"2025-09-06T13:46:07","slug":"molle-in-composito-di-carbonio","status":"publish","type":"product","link":"https:\/\/jinsuncarbon.com\/it\/prodotto\/molle-in-composito-di-carbonio\/","title":{"rendered":"Molle in carbonio composito"},"content":{"rendered":"<h2>Vantaggi delle molle in carbonio composito<\/h2>\n<p>Le forme strutturali pi\u00f9 comuni sono quelle cilindriche elicoidali, a forma di disco, speciali, ecc. I suoi vantaggi in pi\u00f9 dimensioni superano di gran lunga quelli delle molle metalliche tradizionali.<\/p>\n<p><strong><b>R<\/b><\/strong><strong><b>notevole vantaggio in termini di leggerezza<\/b><\/strong><\/p>\n<p>Il suo peso \u00e8 pari a solo 1\/4 - 1\/5 della molla in acciaio con le stesse prestazioni, riducendo in modo significativo il carico complessivo dell'apparecchiatura. \u00c8 quindi particolarmente adatta per i settori che richiedono una forte riduzione del peso, come l'aerospaziale e i veicoli a nuova energia.<\/p>\n<p>&nbsp;<\/p>\n<p><strong><b>L<\/b><\/strong><strong><b>onger<\/b><\/strong><strong><b>\u00a0<\/b><\/strong><strong><b>vita a fatica<\/b><\/strong><\/p>\n<p>In presenza di sollecitazioni alternate a lungo termine, \u00e8 meno probabile che si verifichi il problema della frattura per fatica delle molle metalliche. La durata di vita pu\u00f2 quindi essere aumentata di 2-3 volte.<\/p>\n<p>&nbsp;<\/p>\n<p><strong><b>E<\/b><\/strong><strong><b>ottima resistenza alla corrosione<\/b><\/strong><\/p>\n<p>Senza ulteriori trattamenti antiruggine, pu\u00f2 lavorare stabilmente in ambienti difficili come l'umidit\u00e0 e la nebbia salina.<\/p>\n<p>&nbsp;<\/p>\n<p><strong><b>Flessibile<\/b><\/strong><strong><b>\u00a0modulo elastico<\/b><\/strong><\/p>\n<p>Regolando l'angolo di posa di <a href=\"https:\/\/jinsuncarbon.com\/it\/prodotto\/fibra-di-carbonio\/\">fibra di carbonio<\/a>pu\u00f2 soddisfare con precisione i requisiti di rigidit\u00e0 delle diverse apparecchiature.<\/p>\n<p>&nbsp;<\/p>\n<p><strong><b>G<\/b><\/strong><strong><b>ode prestazioni di smorzamento delle vibrazioni<\/b><\/strong><\/p>\n<p>Pu\u00f2 assorbire efficacemente l'energia delle vibrazioni, ridurre il rumore e le interferenze delle vibrazioni durante il funzionamento dell'apparecchiatura e migliorare la stabilit\u00e0 operativa.<\/p>\n<p><strong><b>\u00a0<\/b><\/strong><\/p>\n<p>Inoltre, in base ai vostri requisiti specifici, saranno lavorate per soddisfare le vostre specifiche di dimensione ed elasticit\u00e0. \u00c8 possibile scegliere anche molle composite in carbonio arrotolate, molle composite in carbonio stampate, molle composite in carbonio laminate o altri tipi di molle composite in carbonio.<\/p>\n<p><strong><b>\u00a0<\/b><\/strong><\/p>\n<h2>Utilizzi delle molle in composito di carbonio<\/h2>\n<p><strong><b>T<\/b><\/strong><strong><b>settore dei trasporti<\/b><\/strong><\/p>\n<p><strong><b>I<\/b><\/strong><strong><b>n veicoli a nuova energia<\/b><\/strong><\/p>\n<p>Pu\u00f2 sostituire le tradizionali molle in acciaio, riducendo il peso del veicolo da 5% a 8% e migliorando indirettamente l'autonomia. Allo stesso tempo, riduce le vibrazioni del sistema di sospensione e migliora il comfort di guida.<\/p>\n<p>&nbsp;<\/p>\n<p><strong><b>I<\/b><\/strong><strong><b>n veicoli per il transito ferroviario<\/b><\/strong><\/p>\n<p>Il carrello utilizza questa molla perch\u00e9 pu\u00f2 ridurre l'impatto ruota-rotaia e diminuire la frequenza di manutenzione.<\/p>\n<p>&nbsp;<\/p>\n<p><strong><b>Nel settore aerospaziale<\/b><\/strong><\/p>\n<p>\u00c8 possibile utilizzarlo nel file <a href=\"https:\/\/en.wikipedia.org\/wiki\/Landing_gear\" target=\"_blank\" rel=\"noopener\">carrello di atterraggio<\/a> e la struttura di assorbimento degli urti dei velivoli senza pilota. \u00c8 in grado di garantire la capacit\u00e0 di carico, riducendo significativamente il peso del velivolo e prolungando la durata del volo.<\/p>\n<p>&nbsp;<\/p>\n<p><strong><b>I<\/b><\/strong><strong><b>n il sistema di controllo dell'assetto dei satelliti<\/b><\/strong><\/p>\n<p>Le sue caratteristiche di elevata stabilit\u00e0 e basso creep possono garantire che il satellite regoli con precisione il suo assetto nel complesso ambiente spaziale.<\/p>\n<p>&nbsp;<\/p>\n<p><strong><b>Nel settore delle apparecchiature di fascia alta<\/b><\/strong><\/p>\n<p>Pu\u00f2 essere utilizzato nei componenti di assorbimento degli urti dell'albero principale delle macchine utensili di precisione. Pu\u00f2 assorbire le vibrazioni generate durante il funzionamento ad alta velocit\u00e0, migliorando l'accuratezza della lavorazione.<\/p>\n<p>&nbsp;<\/p>\n<p>Inoltre, il sistema di assorbimento degli urti della navicella delle apparecchiature eoliche \u00e8 in grado di resistere al difficile ambiente esterno. In questo modo pu\u00f2 ridurre i danni da fatica delle apparecchiature e prolungarne la durata complessiva.<\/p>\n<p>&nbsp;<\/p>\n<p><strong><b>I<\/b><\/strong><strong><b>n apparecchiature mediche<\/b><\/strong><\/p>\n<p>\u00c8 possibile utilizzarlo come strumento di risonanza magnetica nucleare, poich\u00e9 le parti mobili hanno una caratteristica amagnetica. Questo \u00e8 diverso dalle molle metalliche, che non interferiscono con il campo magnetico, garantendo la precisione di rilevamento dell'apparecchiatura.<\/p>\n<p>&nbsp;<\/p>","protected":false},"excerpt":{"rendered":"<p>La molla in carbonio composito \u00e8 un componente elastico realizzato attraverso specifici processi di formatura, come l'avvolgimento e lo stampaggio. \u00c8 realizzata con materiale composito in fibra di carbonio (CFRP) come substrato centrale, che si differenzia dalle molle metalliche tradizionali. Le sue caratteristiche principali sono la leggerezza e l'elevata resistenza specifica, che le consentono di ottenere prestazioni eccezionali in scenari con requisiti rigorosi di riduzione del peso, anti-fatica e prestazioni dinamiche. Pu\u00f2 essere applicato in campi quali i sistemi di sospensione dei veicoli a nuova energia, i carrelli di atterraggio dei velivoli senza pilota, ecc.<\/p>","protected":false},"featured_media":8051,"template":"","meta":[],"product_brand":[],"product_cat":[39],"product_tag":[],"class_list":{"0":"post-8050","1":"product","2":"type-product","3":"status-publish","4":"has-post-thumbnail","6":"product_cat-carbon-products","8":"first","9":"instock","10":"shipping-taxable","11":"product-type-simple"},"yoast_head":"<!-- This site is optimized with the Yoast SEO Premium plugin v19.2.1 (Yoast SEO v25.3) - https:\/\/yoast.com\/wordpress\/plugins\/seo\/ -->\n<title>Carbon Composite Springs | Jinsun Carbon<\/title>\n<meta name=\"description\" content=\"Carbon composite springs are used in aerospace, automotive, semiconductor manufacturing and other industrial sectors. Contact us now!\" \/>\n<meta name=\"robots\" content=\"index, follow, max-snippet:-1, max-image-preview:large, max-video-preview:-1\" \/>\n<link rel=\"canonical\" href=\"https:\/\/jinsuncarbon.com\/it\/prodotto\/molle-in-composito-di-carbonio\/\" \/>\n<meta property=\"og:locale\" content=\"it_IT\" \/>\n<meta property=\"og:type\" content=\"article\" \/>\n<meta property=\"og:title\" content=\"Carbon Composite Springs\" \/>\n<meta property=\"og:description\" content=\"Carbon composite springs are used in aerospace, automotive, semiconductor manufacturing and other industrial sectors. Contact us now!\" \/>\n<meta property=\"og:url\" content=\"https:\/\/jinsuncarbon.com\/it\/prodotto\/molle-in-composito-di-carbonio\/\" \/>\n<meta property=\"og:site_name\" content=\"Jinsun Carbon\" \/>\n<meta property=\"article:publisher\" content=\"https:\/\/www.facebook.com\/Graphite-Electrode-109336238661595\" \/>\n<meta property=\"article:modified_time\" content=\"2025-09-06T13:46:07+00:00\" \/>\n<meta property=\"og:image\" content=\"https:\/\/jinsuncarbon.com\/wp-content\/uploads\/2025\/09\/Carbon-composite-springs.jpg\" \/>\n\t<meta property=\"og:image:width\" content=\"1024\" \/>\n\t<meta property=\"og:image:height\" content=\"763\" \/>\n\t<meta property=\"og:image:type\" content=\"image\/jpeg\" \/>\n<meta name=\"twitter:card\" content=\"summary_large_image\" \/>\n<meta name=\"twitter:site\" content=\"@jinsuncarbon_\" \/>\n<meta name=\"twitter:label1\" content=\"Tempo di lettura stimato\" \/>\n\t<meta name=\"twitter:data1\" content=\"3 minuti\" \/>\n<script type=\"application\/ld+json\" class=\"yoast-schema-graph\">{\"@context\":\"https:\/\/schema.org\",\"@graph\":[{\"@type\":\"WebPage\",\"@id\":\"https:\/\/jinsuncarbon.com\/product\/carbon-composite-springs\/\",\"url\":\"https:\/\/jinsuncarbon.com\/product\/carbon-composite-springs\/\",\"name\":\"Carbon Composite Springs | Jinsun Carbon\",\"isPartOf\":{\"@id\":\"https:\/\/jinsuncarbon.com\/#website\"},\"primaryImageOfPage\":{\"@id\":\"https:\/\/jinsuncarbon.com\/product\/carbon-composite-springs\/#primaryimage\"},\"image\":{\"@id\":\"https:\/\/jinsuncarbon.com\/product\/carbon-composite-springs\/#primaryimage\"},\"thumbnailUrl\":\"https:\/\/jinsuncarbon.com\/wp-content\/uploads\/2025\/09\/Carbon-composite-springs.jpg\",\"datePublished\":\"2025-09-06T13:46:06+00:00\",\"dateModified\":\"2025-09-06T13:46:07+00:00\",\"description\":\"Carbon composite springs are used in aerospace, automotive, semiconductor manufacturing and other industrial sectors. Contact us now!\",\"breadcrumb\":{\"@id\":\"https:\/\/jinsuncarbon.com\/product\/carbon-composite-springs\/#breadcrumb\"},\"inLanguage\":\"it-IT\",\"potentialAction\":[{\"@type\":\"ReadAction\",\"target\":[\"https:\/\/jinsuncarbon.com\/product\/carbon-composite-springs\/\"]}]},{\"@type\":\"ImageObject\",\"inLanguage\":\"it-IT\",\"@id\":\"https:\/\/jinsuncarbon.com\/product\/carbon-composite-springs\/#primaryimage\",\"url\":\"https:\/\/jinsuncarbon.com\/wp-content\/uploads\/2025\/09\/Carbon-composite-springs.jpg\",\"contentUrl\":\"https:\/\/jinsuncarbon.com\/wp-content\/uploads\/2025\/09\/Carbon-composite-springs.jpg\",\"width\":1024,\"height\":763,\"caption\":\"Carbon composite springs\"},{\"@type\":\"BreadcrumbList\",\"@id\":\"https:\/\/jinsuncarbon.com\/product\/carbon-composite-springs\/#breadcrumb\",\"itemListElement\":[{\"@type\":\"ListItem\",\"position\":1,\"name\":\"Home\",\"item\":\"https:\/\/jinsuncarbon.com\/\"},{\"@type\":\"ListItem\",\"position\":2,\"name\":\"Products\",\"item\":\"https:\/\/jinsuncarbon.com\/graphite-carbon\/\"},{\"@type\":\"ListItem\",\"position\":3,\"name\":\"Carbon Composite Springs\"}]},{\"@type\":\"WebSite\",\"@id\":\"https:\/\/jinsuncarbon.com\/#website\",\"url\":\"https:\/\/jinsuncarbon.com\/\",\"name\":\"Jinsun Carbon\",\"description\":\"We are the successful graphite electrode manufacturer in China\",\"publisher\":{\"@id\":\"https:\/\/jinsuncarbon.com\/#organization\"},\"potentialAction\":[{\"@type\":\"SearchAction\",\"target\":{\"@type\":\"EntryPoint\",\"urlTemplate\":\"https:\/\/jinsuncarbon.com\/?s={search_term_string}\"},\"query-input\":{\"@type\":\"PropertyValueSpecification\",\"valueRequired\":true,\"valueName\":\"search_term_string\"}}],\"inLanguage\":\"it-IT\"},{\"@type\":\"Organization\",\"@id\":\"https:\/\/jinsuncarbon.com\/#organization\",\"name\":\"Jinsun Carbon\",\"alternateName\":\"Jinsun Carbon\",\"url\":\"https:\/\/jinsuncarbon.com\/\",\"logo\":{\"@type\":\"ImageObject\",\"inLanguage\":\"it-IT\",\"@id\":\"https:\/\/jinsuncarbon.com\/#\/schema\/logo\/image\/\",\"url\":\"https:\/\/jinsuncarbon.com\/wp-content\/uploads\/2022\/12\/LOGO-1.png\",\"contentUrl\":\"https:\/\/jinsuncarbon.com\/wp-content\/uploads\/2022\/12\/LOGO-1.png\",\"width\":207,\"height\":80,\"caption\":\"Jinsun Carbon\"},\"image\":{\"@id\":\"https:\/\/jinsuncarbon.com\/#\/schema\/logo\/image\/\"},\"sameAs\":[\"https:\/\/www.facebook.com\/Graphite-Electrode-109336238661595\",\"https:\/\/x.com\/jinsuncarbon_\",\"https:\/\/www.linkedin.com\/in\/jinsungraphite\",\"https:\/\/www.youtube.com\/channel\/UCysDNyvyR5-3cCWEmpkVC0g\"]}]}<\/script>\n<!-- \/ Yoast SEO Premium plugin. -->","yoast_head_json":{"title":"Molle in carbonio composito | Jinsun Carbon","description":"Le molle in composito di carbonio sono utilizzate nei settori aerospaziale, automobilistico, della produzione di semiconduttori e in altri settori industriali. Contattateci ora!","robots":{"index":"index","follow":"follow","max-snippet":"max-snippet:-1","max-image-preview":"max-image-preview:large","max-video-preview":"max-video-preview:-1"},"canonical":"https:\/\/jinsuncarbon.com\/it\/prodotto\/molle-in-composito-di-carbonio\/","og_locale":"it_IT","og_type":"article","og_title":"Carbon Composite Springs","og_description":"Carbon composite springs are used in aerospace, automotive, semiconductor manufacturing and other industrial sectors. Contact us now!","og_url":"https:\/\/jinsuncarbon.com\/it\/prodotto\/molle-in-composito-di-carbonio\/","og_site_name":"Jinsun Carbon","article_publisher":"https:\/\/www.facebook.com\/Graphite-Electrode-109336238661595","article_modified_time":"2025-09-06T13:46:07+00:00","og_image":[{"width":1024,"height":763,"url":"https:\/\/jinsuncarbon.com\/wp-content\/uploads\/2025\/09\/Carbon-composite-springs.jpg","type":"image\/jpeg"}],"twitter_card":"summary_large_image","twitter_site":"@jinsuncarbon_","twitter_misc":{"Tempo di lettura stimato":"3 minuti"},"schema":{"@context":"https:\/\/schema.org","@graph":[{"@type":"WebPage","@id":"https:\/\/jinsuncarbon.com\/product\/carbon-composite-springs\/","url":"https:\/\/jinsuncarbon.com\/product\/carbon-composite-springs\/","name":"Molle in carbonio composito | Jinsun Carbon","isPartOf":{"@id":"https:\/\/jinsuncarbon.com\/#website"},"primaryImageOfPage":{"@id":"https:\/\/jinsuncarbon.com\/product\/carbon-composite-springs\/#primaryimage"},"image":{"@id":"https:\/\/jinsuncarbon.com\/product\/carbon-composite-springs\/#primaryimage"},"thumbnailUrl":"https:\/\/jinsuncarbon.com\/wp-content\/uploads\/2025\/09\/Carbon-composite-springs.jpg","datePublished":"2025-09-06T13:46:06+00:00","dateModified":"2025-09-06T13:46:07+00:00","description":"Le molle in composito di carbonio sono utilizzate nei settori aerospaziale, automobilistico, della produzione di semiconduttori e in altri settori industriali. Contattateci ora!","breadcrumb":{"@id":"https:\/\/jinsuncarbon.com\/product\/carbon-composite-springs\/#breadcrumb"},"inLanguage":"it-IT","potentialAction":[{"@type":"ReadAction","target":["https:\/\/jinsuncarbon.com\/product\/carbon-composite-springs\/"]}]},{"@type":"ImageObject","inLanguage":"it-IT","@id":"https:\/\/jinsuncarbon.com\/product\/carbon-composite-springs\/#primaryimage","url":"https:\/\/jinsuncarbon.com\/wp-content\/uploads\/2025\/09\/Carbon-composite-springs.jpg","contentUrl":"https:\/\/jinsuncarbon.com\/wp-content\/uploads\/2025\/09\/Carbon-composite-springs.jpg","width":1024,"height":763,"caption":"Carbon composite springs"},{"@type":"BreadcrumbList","@id":"https:\/\/jinsuncarbon.com\/product\/carbon-composite-springs\/#breadcrumb","itemListElement":[{"@type":"ListItem","position":1,"name":"Home","item":"https:\/\/jinsuncarbon.com\/"},{"@type":"ListItem","position":2,"name":"Products","item":"https:\/\/jinsuncarbon.com\/graphite-carbon\/"},{"@type":"ListItem","position":3,"name":"Carbon Composite Springs"}]},{"@type":"WebSite","@id":"https:\/\/jinsuncarbon.com\/#website","url":"https:\/\/jinsuncarbon.com\/","name":"Jinsun Carbon","description":"Siamo il produttore di elettrodi di grafite di successo in Cina","publisher":{"@id":"https:\/\/jinsuncarbon.com\/#organization"},"potentialAction":[{"@type":"SearchAction","target":{"@type":"EntryPoint","urlTemplate":"https:\/\/jinsuncarbon.com\/?s={search_term_string}"},"query-input":{"@type":"PropertyValueSpecification","valueRequired":true,"valueName":"search_term_string"}}],"inLanguage":"it-IT"},{"@type":"Organization","@id":"https:\/\/jinsuncarbon.com\/#organization","name":"Jinsun Carbon","alternateName":"Jinsun Carbon","url":"https:\/\/jinsuncarbon.com\/","logo":{"@type":"ImageObject","inLanguage":"it-IT","@id":"https:\/\/jinsuncarbon.com\/#\/schema\/logo\/image\/","url":"https:\/\/jinsuncarbon.com\/wp-content\/uploads\/2022\/12\/LOGO-1.png","contentUrl":"https:\/\/jinsuncarbon.com\/wp-content\/uploads\/2022\/12\/LOGO-1.png","width":207,"height":80,"caption":"Jinsun Carbon"},"image":{"@id":"https:\/\/jinsuncarbon.com\/#\/schema\/logo\/image\/"},"sameAs":["https:\/\/www.facebook.com\/Graphite-Electrode-109336238661595","https:\/\/x.com\/jinsuncarbon_","https:\/\/www.linkedin.com\/in\/jinsungraphite","https:\/\/www.youtube.com\/channel\/UCysDNyvyR5-3cCWEmpkVC0g"]}]}},"_links":{"self":[{"href":"https:\/\/jinsuncarbon.com\/it\/wp-json\/wp\/v2\/product\/8050","targetHints":{"allow":["GET"]}}],"collection":[{"href":"https:\/\/jinsuncarbon.com\/it\/wp-json\/wp\/v2\/product"}],"about":[{"href":"https:\/\/jinsuncarbon.com\/it\/wp-json\/wp\/v2\/types\/product"}],"wp:featuredmedia":[{"embeddable":true,"href":"https:\/\/jinsuncarbon.com\/it\/wp-json\/wp\/v2\/media\/8051"}],"wp:attachment":[{"href":"https:\/\/jinsuncarbon.com\/it\/wp-json\/wp\/v2\/media?parent=8050"}],"wp:term":[{"taxonomy":"product_brand","embeddable":true,"href":"https:\/\/jinsuncarbon.com\/it\/wp-json\/wp\/v2\/product_brand?post=8050"},{"taxonomy":"product_cat","embeddable":true,"href":"https:\/\/jinsuncarbon.com\/it\/wp-json\/wp\/v2\/product_cat?post=8050"},{"taxonomy":"product_tag","embeddable":true,"href":"https:\/\/jinsuncarbon.com\/it\/wp-json\/wp\/v2\/product_tag?post=8050"}],"curies":[{"name":"wp","href":"https:\/\/api.w.org\/{rel}","templated":true}]}}