{"id":8048,"date":"2025-09-07T07:31:02","date_gmt":"2025-09-07T07:31:02","guid":{"rendered":"https:\/\/jinsuncarbon.com\/?post_type=product&#038;p=8048"},"modified":"2025-09-07T07:31:03","modified_gmt":"2025-09-07T07:31:03","slug":"polvere-di-grafite-in-fiocchi","status":"publish","type":"product","link":"https:\/\/jinsuncarbon.com\/it\/prodotto\/polvere-di-grafite-in-fiocchi\/","title":{"rendered":"Polvere di grafite in fiocchi"},"content":{"rendered":"<h2 class=\"ql-align-justify\">Vantaggi della polvere di grafite in fiocchi<\/h2>\n<p class=\"ql-align-justify\">Di solito si presenta come una polvere di colore grigio chiaro o scuro e i suoi vantaggi sono i seguenti.<\/p>\n<p>&nbsp;<\/p>\n<p class=\"ql-align-justify\"><strong>Eccellente resistenza alle alte temperature<\/strong><\/p>\n<p class=\"ql-align-justify\">\u00c8 in grado di rimanere stabile a temperature superiori a 3000\u00b0C, senza fondere o bruciare.<\/p>\n<p class=\"ql-align-justify\"><strong>Eccellente conducibilit\u00e0 elettrica e termica<\/strong><\/p>\n<p class=\"ql-align-justify\">La struttura a foglio tra le particelle di polvere pu\u00f2 formare una buona rete conduttiva e termica. Ci\u00f2 la rende adatta a vari scenari che richiedono funzioni conduttive.<\/p>\n<p class=\"ql-align-justify\"><strong>Propriet\u00e0 chimiche stabili<\/strong><\/p>\n<p class=\"ql-align-justify\">La polvere di grafite in fiocchi ha una buona resistenza alla corrosione e non \u00e8 soggetta a reazioni chimiche.<\/p>\n<p class=\"ql-align-justify\"><strong>Basso coefficiente di attrito<\/strong><\/p>\n<p class=\"ql-align-justify\">Come componente additivo, pu\u00f2 migliorare significativamente le prestazioni di lubrificazione del materiale e ridurre l'usura dei componenti.<\/p>\n<p class=\"ql-align-justify\"><strong>Buona plasticit\u00e0 e modellabilit\u00e0<\/strong><\/p>\n<p class=\"ql-align-justify\">\u00c8 facile da miscelare con altri materiali e il costo \u00e8 relativamente controllabile. \u00c8 quindi in grado di funzionare sia in applicazioni di fascia medio-alta che in scenari generali.<\/p>\n<p class=\"ql-align-justify\">In base alle vostre esigenze specifiche, pu\u00f2 essere trasformata in particelle di diverse dimensioni (come 100 mesh, 325 mesh, migliaia di mesh, ecc.) regolando la precisione della macinazione e il processo di classificazione per soddisfare i requisiti di utilizzo. Inoltre, \u00e8 possibile scegliere la normale polvere di grafite in fiocchi pura, la polvere di grafite in fiocchi di elevata purezza, la polvere di grafite in fiocchi ultrafine o altri tipi specializzati di polvere di grafite in fiocchi.<\/p>\n<p>&nbsp;<\/p>\n<h2 class=\"ql-align-justify\">Usi della polvere di grafite in fiocchi<\/h2>\n<p class=\"ql-align-justify\"><strong>Nel campo delle nuove energie<\/strong><\/p>\n<p class=\"ql-align-justify\">Essendo una delle materie prime fondamentali per i materiali anodici delle batterie al litio, \u00e8 possibile combinarla con altre sostanze attive. Pu\u00f2 migliorare la conduttivit\u00e0, la capacit\u00e0 di accumulo del litio e la durata del ciclo dell'anodo. L'elettrodo negativo delle batterie al litio di potenza si basa principalmente sulla polvere di grafite in fiocchi di elevata purezza.<\/p>\n<p class=\"ql-align-justify\"><strong>Nell'industria metallurgica<\/strong><\/p>\n<p class=\"ql-align-justify\"><strong>Come stimolatore di carbonio<\/strong><\/p>\n<p class=\"ql-align-justify\">Pu\u00f2 aumentare il contenuto di carbonio dell'acciaio e <a href=\"https:\/\/en.wikipedia.org\/wiki\/Cast_iron\" target=\"_blank\" rel=\"noopener\">ghisa<\/a> e migliorare le prestazioni del materiale metallico.<\/p>\n<p class=\"ql-align-justify\"><strong>Come additivo per materiali refrattari<\/strong><\/p>\n<p class=\"ql-align-justify\">Pu\u00f2 migliorare la resistenza alle alte temperature e la resistenza all'erosione di <a href=\"https:\/\/jinsuncarbon.com\/it\/prodotto\/mattone-di-grafite\/\">mattoni refrattari<\/a> e rivestimenti refrattari.<\/p>\n<p class=\"ql-align-justify\"><strong>Nei settori della chimica e dei materiali<\/strong><\/p>\n<p class=\"ql-align-justify\"><strong>Come riempitivo per rivestimenti conduttivi<\/strong><\/p>\n<p class=\"ql-align-justify\">Conferisce ai rivestimenti propriet\u00e0 conduttive e pu\u00f2 essere utilizzato per pavimenti antistatici, involucri di apparecchiature elettroniche, ecc.<\/p>\n<p class=\"ql-align-justify\"><strong>Come additivo per lubrificanti<\/strong><\/p>\n<p class=\"ql-align-justify\">Pu\u00f2 essere trasformato in lubrificanti solidi o in componenti di oli e grassi lubrificanti. \u00c8 adatto per la lubrificazione meccanica in condizioni difficili, come le alte temperature e le alte pressioni.<\/p>\n<p class=\"ql-align-justify\"><strong>Nel campo dell'elettronica<\/strong><\/p>\n<p class=\"ql-align-justify\">Oltre che per le batterie, pu\u00f2 essere utilizzato come cuscinetto di dissipazione del calore e dell'elettricit\u00e0 per i chip semiconduttori, come adesivo conduttivo, ecc. Sfruttando le sue propriet\u00e0 di conduzione del calore e dell'elettricit\u00e0, garantisce il funzionamento stabile dei componenti elettronici.<\/p>\n<p class=\"ql-align-justify\"><strong>Nel campo della protezione ambientale<\/strong><\/p>\n<p class=\"ql-align-justify\">\u00c8 possibile utilizzare la polvere di grafite in fiocchi di elevata purezza nel trattamento delle acque reflue per rimuovere gli inquinanti dall'acqua attraverso l'adsorbimento.<\/p>","protected":false},"excerpt":{"rendered":"<p>La polvere di grafite in fiocchi \u00e8 un materiale simile alla polvere prodotto dalla macinazione e purificazione della grafite naturale laminata attraverso vari processi. Combina le caratteristiche principali dei materiali di grafite con la comodit\u00e0 di lavorazione della polvere. Si chiama cos\u00ec per aver mantenuto la struttura cristallina laminata della grafite naturale, dimostrando un'eccellente adattabilit\u00e0 in numerosi settori industriali. \u00c8 una materia prima industriale di base con funzionalit\u00e0 e praticit\u00e0, ampiamente utilizzata. Ad esempio, \u00e8 un componente importante dei carbonizzatori metallurgici e degli additivi per lubrificanti ad alta temperatura, in grado di soddisfare i requisiti funzionali.<\/p>","protected":false},"featured_media":8049,"template":"","meta":[],"product_brand":[],"product_cat":[38],"product_tag":[],"class_list":{"0":"post-8048","1":"product","2":"type-product","3":"status-publish","4":"has-post-thumbnail","6":"product_cat-graphite-products","8":"first","9":"instock","10":"shipping-taxable","11":"product-type-simple"},"yoast_head":"<!-- This site is optimized with the Yoast SEO Premium plugin v19.2.1 (Yoast SEO v27.5) - https:\/\/yoast.com\/product\/yoast-seo-premium-wordpress\/ -->\n<title>Flake Graphite Powder Manufacturer in China<\/title>\n<meta name=\"description\" content=\"Flake graphite powder with good price. Jinsun can supply flake graphite powder for different industrial needs such as wire and cable, thermal insulation, and lubrication.\" \/>\n<meta name=\"robots\" content=\"index, follow, max-snippet:-1, max-image-preview:large, max-video-preview:-1\" \/>\n<link rel=\"canonical\" href=\"https:\/\/jinsuncarbon.com\/it\/prodotto\/polvere-di-grafite-in-fiocchi\/\" \/>\n<meta property=\"og:locale\" content=\"it_IT\" \/>\n<meta property=\"og:type\" content=\"article\" \/>\n<meta property=\"og:title\" content=\"Flake Graphite Powder\" \/>\n<meta property=\"og:description\" content=\"Flake graphite powder with good price. Jinsun can supply flake graphite powder for different industrial needs such as wire and cable, thermal insulation, and lubrication.\" \/>\n<meta property=\"og:url\" content=\"https:\/\/jinsuncarbon.com\/it\/prodotto\/polvere-di-grafite-in-fiocchi\/\" \/>\n<meta property=\"og:site_name\" content=\"Jinsun Carbon\" \/>\n<meta property=\"article:publisher\" content=\"https:\/\/www.facebook.com\/Graphite-Electrode-109336238661595\" \/>\n<meta property=\"article:modified_time\" content=\"2025-09-07T07:31:03+00:00\" \/>\n<meta property=\"og:image\" content=\"https:\/\/jinsuncarbon.com\/wp-content\/uploads\/2025\/09\/Flake-graphite-powder.jpg\" \/>\n\t<meta property=\"og:image:width\" content=\"1024\" \/>\n\t<meta property=\"og:image:height\" content=\"763\" \/>\n\t<meta property=\"og:image:type\" content=\"image\/jpeg\" \/>\n<meta name=\"twitter:card\" content=\"summary_large_image\" \/>\n<meta name=\"twitter:site\" content=\"@jinsuncarbon_\" \/>\n<meta name=\"twitter:label1\" content=\"Tempo di lettura stimato\" \/>\n\t<meta name=\"twitter:data1\" content=\"3 minuti\" \/>\n<script type=\"application\/ld+json\" class=\"yoast-schema-graph\">{\"@context\":\"https:\\\/\\\/schema.org\",\"@graph\":[{\"@type\":\"WebPage\",\"@id\":\"https:\\\/\\\/jinsuncarbon.com\\\/product\\\/flake-graphite-powder\\\/\",\"url\":\"https:\\\/\\\/jinsuncarbon.com\\\/product\\\/flake-graphite-powder\\\/\",\"name\":\"Flake Graphite Powder Manufacturer in China\",\"isPartOf\":{\"@id\":\"https:\\\/\\\/jinsuncarbon.com\\\/#website\"},\"primaryImageOfPage\":{\"@id\":\"https:\\\/\\\/jinsuncarbon.com\\\/product\\\/flake-graphite-powder\\\/#primaryimage\"},\"image\":{\"@id\":\"https:\\\/\\\/jinsuncarbon.com\\\/product\\\/flake-graphite-powder\\\/#primaryimage\"},\"thumbnailUrl\":\"https:\\\/\\\/jinsuncarbon.com\\\/wp-content\\\/uploads\\\/2025\\\/09\\\/Flake-graphite-powder.jpg\",\"datePublished\":\"2025-09-07T07:31:02+00:00\",\"dateModified\":\"2025-09-07T07:31:03+00:00\",\"description\":\"Flake graphite powder with good price. Jinsun can supply flake graphite powder for different industrial needs such as wire and cable, thermal insulation, and lubrication.\",\"breadcrumb\":{\"@id\":\"https:\\\/\\\/jinsuncarbon.com\\\/product\\\/flake-graphite-powder\\\/#breadcrumb\"},\"inLanguage\":\"it-IT\",\"potentialAction\":[{\"@type\":\"ReadAction\",\"target\":[\"https:\\\/\\\/jinsuncarbon.com\\\/product\\\/flake-graphite-powder\\\/\"]}]},{\"@type\":\"ImageObject\",\"inLanguage\":\"it-IT\",\"@id\":\"https:\\\/\\\/jinsuncarbon.com\\\/product\\\/flake-graphite-powder\\\/#primaryimage\",\"url\":\"https:\\\/\\\/jinsuncarbon.com\\\/wp-content\\\/uploads\\\/2025\\\/09\\\/Flake-graphite-powder.jpg\",\"contentUrl\":\"https:\\\/\\\/jinsuncarbon.com\\\/wp-content\\\/uploads\\\/2025\\\/09\\\/Flake-graphite-powder.jpg\",\"width\":1024,\"height\":763,\"caption\":\"Flake graphite powder\"},{\"@type\":\"BreadcrumbList\",\"@id\":\"https:\\\/\\\/jinsuncarbon.com\\\/product\\\/flake-graphite-powder\\\/#breadcrumb\",\"itemListElement\":[{\"@type\":\"ListItem\",\"position\":1,\"name\":\"Home\",\"item\":\"https:\\\/\\\/jinsuncarbon.com\\\/\"},{\"@type\":\"ListItem\",\"position\":2,\"name\":\"Products\",\"item\":\"https:\\\/\\\/jinsuncarbon.com\\\/graphite-carbon\\\/\"},{\"@type\":\"ListItem\",\"position\":3,\"name\":\"Flake Graphite Powder\"}]},{\"@type\":\"WebSite\",\"@id\":\"https:\\\/\\\/jinsuncarbon.com\\\/#website\",\"url\":\"https:\\\/\\\/jinsuncarbon.com\\\/\",\"name\":\"Jinsun Carbon\",\"description\":\"We are the successful graphite electrode manufacturer in China\",\"publisher\":{\"@id\":\"https:\\\/\\\/jinsuncarbon.com\\\/#organization\"},\"potentialAction\":[{\"@type\":\"SearchAction\",\"target\":{\"@type\":\"EntryPoint\",\"urlTemplate\":\"https:\\\/\\\/jinsuncarbon.com\\\/?s={search_term_string}\"},\"query-input\":{\"@type\":\"PropertyValueSpecification\",\"valueRequired\":true,\"valueName\":\"search_term_string\"}}],\"inLanguage\":\"it-IT\"},{\"@type\":\"Organization\",\"@id\":\"https:\\\/\\\/jinsuncarbon.com\\\/#organization\",\"name\":\"Jinsun Carbon\",\"alternateName\":\"Jinsun Carbon\",\"url\":\"https:\\\/\\\/jinsuncarbon.com\\\/\",\"logo\":{\"@type\":\"ImageObject\",\"inLanguage\":\"it-IT\",\"@id\":\"https:\\\/\\\/jinsuncarbon.com\\\/#\\\/schema\\\/logo\\\/image\\\/\",\"url\":\"https:\\\/\\\/jinsuncarbon.com\\\/wp-content\\\/uploads\\\/2022\\\/12\\\/LOGO-1.png\",\"contentUrl\":\"https:\\\/\\\/jinsuncarbon.com\\\/wp-content\\\/uploads\\\/2022\\\/12\\\/LOGO-1.png\",\"width\":207,\"height\":80,\"caption\":\"Jinsun Carbon\"},\"image\":{\"@id\":\"https:\\\/\\\/jinsuncarbon.com\\\/#\\\/schema\\\/logo\\\/image\\\/\"},\"sameAs\":[\"https:\\\/\\\/www.facebook.com\\\/Graphite-Electrode-109336238661595\",\"https:\\\/\\\/x.com\\\/jinsuncarbon_\",\"https:\\\/\\\/www.linkedin.com\\\/in\\\/jinsungraphite\",\"https:\\\/\\\/www.youtube.com\\\/channel\\\/UCysDNyvyR5-3cCWEmpkVC0g\"]}]}<\/script>\n<!-- \/ Yoast SEO Premium plugin. -->","yoast_head_json":{"title":"Polvere di grafite in fiocchi Produttore in Cina","description":"Polvere di grafite in fiocchi a buon prezzo. Jinsun pu\u00f2 fornire polvere di grafite in fiocchi per diverse esigenze industriali, come fili e cavi, isolamento termico e lubrificazione.","robots":{"index":"index","follow":"follow","max-snippet":"max-snippet:-1","max-image-preview":"max-image-preview:large","max-video-preview":"max-video-preview:-1"},"canonical":"https:\/\/jinsuncarbon.com\/it\/prodotto\/polvere-di-grafite-in-fiocchi\/","og_locale":"it_IT","og_type":"article","og_title":"Flake Graphite Powder","og_description":"Flake graphite powder with good price. Jinsun can supply flake graphite powder for different industrial needs such as wire and cable, thermal insulation, and lubrication.","og_url":"https:\/\/jinsuncarbon.com\/it\/prodotto\/polvere-di-grafite-in-fiocchi\/","og_site_name":"Jinsun Carbon","article_publisher":"https:\/\/www.facebook.com\/Graphite-Electrode-109336238661595","article_modified_time":"2025-09-07T07:31:03+00:00","og_image":[{"width":1024,"height":763,"url":"https:\/\/jinsuncarbon.com\/wp-content\/uploads\/2025\/09\/Flake-graphite-powder.jpg","type":"image\/jpeg"}],"twitter_card":"summary_large_image","twitter_site":"@jinsuncarbon_","twitter_misc":{"Tempo di lettura stimato":"3 minuti"},"schema":{"@context":"https:\/\/schema.org","@graph":[{"@type":"WebPage","@id":"https:\/\/jinsuncarbon.com\/product\/flake-graphite-powder\/","url":"https:\/\/jinsuncarbon.com\/product\/flake-graphite-powder\/","name":"Polvere di grafite in fiocchi Produttore in Cina","isPartOf":{"@id":"https:\/\/jinsuncarbon.com\/#website"},"primaryImageOfPage":{"@id":"https:\/\/jinsuncarbon.com\/product\/flake-graphite-powder\/#primaryimage"},"image":{"@id":"https:\/\/jinsuncarbon.com\/product\/flake-graphite-powder\/#primaryimage"},"thumbnailUrl":"https:\/\/jinsuncarbon.com\/wp-content\/uploads\/2025\/09\/Flake-graphite-powder.jpg","datePublished":"2025-09-07T07:31:02+00:00","dateModified":"2025-09-07T07:31:03+00:00","description":"Polvere di grafite in fiocchi a buon prezzo. Jinsun pu\u00f2 fornire polvere di grafite in fiocchi per diverse esigenze industriali, come fili e cavi, isolamento termico e lubrificazione.","breadcrumb":{"@id":"https:\/\/jinsuncarbon.com\/product\/flake-graphite-powder\/#breadcrumb"},"inLanguage":"it-IT","potentialAction":[{"@type":"ReadAction","target":["https:\/\/jinsuncarbon.com\/product\/flake-graphite-powder\/"]}]},{"@type":"ImageObject","inLanguage":"it-IT","@id":"https:\/\/jinsuncarbon.com\/product\/flake-graphite-powder\/#primaryimage","url":"https:\/\/jinsuncarbon.com\/wp-content\/uploads\/2025\/09\/Flake-graphite-powder.jpg","contentUrl":"https:\/\/jinsuncarbon.com\/wp-content\/uploads\/2025\/09\/Flake-graphite-powder.jpg","width":1024,"height":763,"caption":"Flake graphite powder"},{"@type":"BreadcrumbList","@id":"https:\/\/jinsuncarbon.com\/product\/flake-graphite-powder\/#breadcrumb","itemListElement":[{"@type":"ListItem","position":1,"name":"Home","item":"https:\/\/jinsuncarbon.com\/"},{"@type":"ListItem","position":2,"name":"Products","item":"https:\/\/jinsuncarbon.com\/graphite-carbon\/"},{"@type":"ListItem","position":3,"name":"Flake Graphite Powder"}]},{"@type":"WebSite","@id":"https:\/\/jinsuncarbon.com\/#website","url":"https:\/\/jinsuncarbon.com\/","name":"Jinsun Carbon","description":"Siamo il produttore di elettrodi di grafite di successo in Cina","publisher":{"@id":"https:\/\/jinsuncarbon.com\/#organization"},"potentialAction":[{"@type":"SearchAction","target":{"@type":"EntryPoint","urlTemplate":"https:\/\/jinsuncarbon.com\/?s={search_term_string}"},"query-input":{"@type":"PropertyValueSpecification","valueRequired":true,"valueName":"search_term_string"}}],"inLanguage":"it-IT"},{"@type":"Organization","@id":"https:\/\/jinsuncarbon.com\/#organization","name":"Jinsun Carbon","alternateName":"Jinsun Carbon","url":"https:\/\/jinsuncarbon.com\/","logo":{"@type":"ImageObject","inLanguage":"it-IT","@id":"https:\/\/jinsuncarbon.com\/#\/schema\/logo\/image\/","url":"https:\/\/jinsuncarbon.com\/wp-content\/uploads\/2022\/12\/LOGO-1.png","contentUrl":"https:\/\/jinsuncarbon.com\/wp-content\/uploads\/2022\/12\/LOGO-1.png","width":207,"height":80,"caption":"Jinsun Carbon"},"image":{"@id":"https:\/\/jinsuncarbon.com\/#\/schema\/logo\/image\/"},"sameAs":["https:\/\/www.facebook.com\/Graphite-Electrode-109336238661595","https:\/\/x.com\/jinsuncarbon_","https:\/\/www.linkedin.com\/in\/jinsungraphite","https:\/\/www.youtube.com\/channel\/UCysDNyvyR5-3cCWEmpkVC0g"]}]}},"_links":{"self":[{"href":"https:\/\/jinsuncarbon.com\/it\/wp-json\/wp\/v2\/product\/8048","targetHints":{"allow":["GET"]}}],"collection":[{"href":"https:\/\/jinsuncarbon.com\/it\/wp-json\/wp\/v2\/product"}],"about":[{"href":"https:\/\/jinsuncarbon.com\/it\/wp-json\/wp\/v2\/types\/product"}],"wp:featuredmedia":[{"embeddable":true,"href":"https:\/\/jinsuncarbon.com\/it\/wp-json\/wp\/v2\/media\/8049"}],"wp:attachment":[{"href":"https:\/\/jinsuncarbon.com\/it\/wp-json\/wp\/v2\/media?parent=8048"}],"wp:term":[{"taxonomy":"product_brand","embeddable":true,"href":"https:\/\/jinsuncarbon.com\/it\/wp-json\/wp\/v2\/product_brand?post=8048"},{"taxonomy":"product_cat","embeddable":true,"href":"https:\/\/jinsuncarbon.com\/it\/wp-json\/wp\/v2\/product_cat?post=8048"},{"taxonomy":"product_tag","embeddable":true,"href":"https:\/\/jinsuncarbon.com\/it\/wp-json\/wp\/v2\/product_tag?post=8048"}],"curies":[{"name":"wp","href":"https:\/\/api.w.org\/{rel}","templated":true}]}}