{"id":8025,"date":"2025-08-18T02:43:58","date_gmt":"2025-08-18T02:43:58","guid":{"rendered":"https:\/\/jinsuncarbon.com\/?post_type=product&#038;p=8025"},"modified":"2025-08-18T02:43:59","modified_gmt":"2025-08-18T02:43:59","slug":"guarnizione-flessibile-in-grafite","status":"publish","type":"product","link":"https:\/\/jinsuncarbon.com\/it\/prodotto\/guarnizione-flessibile-in-grafite\/","title":{"rendered":"Guarnizione flessibile in grafite"},"content":{"rendered":"<h2 class=\"ql-align-justify\">Vantaggi della guarnizione flessibile in grafite<\/h2>\n<p class=\"ql-align-justify\">In generale, le guarnizioni flessibili in grafite sono disponibili in varie forme, come quelle circolari, quadrate e irregolari, e presentano notevoli vantaggi.<\/p>\n<p class=\"ql-align-justify\"><strong>Eccellente stabilit\u00e0 termica<\/strong><\/p>\n<p class=\"ql-align-justify\">Pu\u00f2 mantenere la tenuta\u00a0<span data-type=\"0\" data-index=\"3\" data-gid=\"0\">prestazioni in un'ampia gamma di temperature, da -200\u00b0C a<\/span>\u00a0650\u00b0C.<\/p>\n<p class=\"ql-align-justify\"><strong><span data-type=\"2\" data-index=\"5\" data-gid=\"1\">Propriet\u00e0 chimiche stabili<\/span><\/strong><\/p>\n<p class=\"ql-align-justify\"><span data-type=\"2\" data-index=\"7\" data-gid=\"1\">Mostra inerzia nei confronti della maggior parte degli acidi, delle basi, dei solventi organici e di altri mezzi corrosivi.<\/span><\/p>\n<p class=\"ql-align-justify\"><strong>Prestazioni di tenuta affidabili<\/strong><\/p>\n<p class=\"ql-align-justify\">Grazie alla microelasticit\u00e0, pu\u00f2 riempire i piccoli graffi e le irregolarit\u00e0 della superficie di tenuta.<\/p>\n<p class=\"ql-align-justify\"><strong><span data-type=\"2\" data-index=\"9\" data-gid=\"2\">Basso coefficiente di attrito<\/span><\/strong><\/p>\n<p class=\"ql-align-justify\"><span data-type=\"2\" data-index=\"11\" data-gid=\"2\">In questo modo si riduce l'usura della superficie di tenuta.<\/span><\/p>\n<p class=\"ql-align-justify\"><strong>Buone prestazioni in compressione ed estensione<\/strong><\/p>\n<p class=\"ql-align-justify\">Pu\u00f2 compensare piccoli difetti sulla superficie di tenuta e mantenere una tenuta stabile anche in presenza di fluttuazioni di pressione.<\/p>\n<p class=\"ql-align-justify\"><strong>3.Tipi di guarnizione in grafite flessibile<\/strong><\/p>\n<p class=\"ql-align-justify\">In base al materiale e al metodo di rinforzo, le guarnizioni flessibili in grafite possono essere classificate nei due tipi seguenti:<\/p>\n<p class=\"ql-align-justify\"><strong>Guarnizione in pura grafite flessibile<\/strong><\/p>\n<p class=\"ql-align-justify\">\u00c8 realizzato in puro materiale di grafite flessibile, quindi ha un'eccellente flessibilit\u00e0. \u00c8 adatto a scenari di tenuta generale a bassa pressione e temperatura normale, con un costo relativamente basso.<\/p>\n<p class=\"ql-align-justify\"><strong>Guarnizione in grafite flessibile migliorata<\/strong><\/p>\n<p class=\"ql-align-justify\">Utilizza una rete metallica, una lamina metallica o un tessuto in fibra come strato di rinforzo, e lo strato esterno \u00e8 avvolto con <a href=\"https:\/\/jinsuncarbon.com\/it\/che-cose-la-grafite-e-di-che-cosa-e-fatta-la-grafite\/\">grafite flessibile<\/a>. Per questo motivo presenta una migliore resistenza alla pressione e alla forza, adatta a condizioni di lavoro difficili e a media e alta pressione. Come ad esempio le condutture chimiche ad alta pressione e i recipienti a pressione.<\/p>\n<h2 class=\"ql-align-justify\">Utilizzi della guarnizione in grafite flessibile<\/h2>\n<p class=\"ql-align-justify\"><strong>Nell'industria petrolchimica<\/strong><\/p>\n<p class=\"ql-align-justify\">Pu\u00f2 essere utilizzato per sigillare varie tubazioni, pompe, valvole e recipienti a pressione.\u00a0<span class=\"\" data-type=\"2\" data-index=\"13\" data-gid=\"1\">Grazie alle stabili propriet\u00e0 chimiche, pu\u00f2 resistere a mezzi corrosivi come il petrolio greggio, gli acidi e gli alcali.<\/span>\u00a0Inoltre, \u00e8 adatto a condizioni di alta temperatura e alta pressione, in grado di prevenire efficacemente le perdite di fluidi.<\/p>\n<p class=\"ql-align-justify\"><strong>Industria dell'energia<\/strong><\/p>\n<p class=\"ql-align-justify\">\u00c8 in grado di resistere alle alte temperature e alle alte pressioni del vapore e di garantire il funzionamento stabile delle unit\u00e0. Pu\u00f2 quindi essere utilizzato per la sigillatura di apparecchiature quali turbine a vapore, tubi di caldaie e unit\u00e0 di generazione di energia.<\/p>\n<p class=\"ql-align-justify\"><strong>Industria metallurgica<\/strong><\/p>\n<p class=\"ql-align-justify\">Pu\u00f2 essere utilizzato per sigillare tubi, valvole e recipienti di reazione delle apparecchiature di fusione. \u00c8 in grado di resistere all'erosione dei gas di fornace ad alta temperatura e dei metalli fusi, prolungando cos\u00ec la vita utile delle apparecchiature.<\/p>\n<p class=\"ql-align-justify\"><strong><span data-type=\"2\" data-index=\"15\" data-gid=\"3\">Industrie farmaceutiche e alimentari<\/span><\/strong><\/p>\n<p class=\"ql-align-justify\"><span class=\"\" data-type=\"2\" data-index=\"17\" data-gid=\"3\">Grazie all'inerzia chimica e alla bassa suscettibilit\u00e0 alla contaminazione, pu\u00f2 essere utilizzato per la sigillatura dei recipienti di reazione farmaceutici e delle apparecchiature per la lavorazione degli alimenti.<\/span><\/p>\n<p class=\"ql-align-justify\"><strong>Nei settori della refrigerazione e dell'HVAC<\/strong><\/p>\n<p class=\"ql-align-justify\">Svolge inoltre un ruolo importante nelle guarnizioni di interfaccia dei tubi di refrigerazione e degli impianti di condizionamento. Perch\u00e9 \u00e8 in grado di resistere alle caratteristiche di bassa temperatura dei refrigeranti, impedendo cos\u00ec che le perdite compromettano l'efficienza del sistema.<\/p>\n<p class=\"ql-align-justify\"><strong>Campi navali e aeronautici<\/strong><\/p>\n<p class=\"ql-align-justify\">Si applica anche alle tubazioni e alla sigillatura dei componenti dei motori navali e delle navi. <a href=\"https:\/\/www.aircraftspruce.com\/\" target=\"_blank\" rel=\"noopener\">attrezzature per l'aviazione<\/a>. Anche in ambienti con notevoli vibrazioni e variazioni di temperatura, \u00e8 in grado di mantenere una tenuta affidabile.<\/p>\n<p class=\"ql-align-justify\">","protected":false},"excerpt":{"rendered":"<p class=\"ql-align-justify\">La guarnizione in grafite flessibile \u00e8 un tipo di componenti di tenuta realizzati principalmente in grafite flessibile, spesso rinforzata con strutture metalliche per aumentarne la resistenza. Viene prodotta comprimendo e lavorando la grafite naturale dopo il trattamento chimico e l'espansione ad alta temperatura. Grazie all'eccellente resistenza alle alte temperature, alle prestazioni di tenuta e cos\u00ec via, pu\u00f2 essere ampiamente utilizzato per la tenuta delle connessioni flangiate di tubazioni e apparecchiature industriali. \u00c8 un componente importante per risolvere i problemi di tenuta in condizioni di lavoro complesse, quali alta temperatura, alta pressione e forte corrosione.<\/p>\n<p class=\"ql-align-justify\">","protected":false},"featured_media":8027,"template":"","meta":[],"product_brand":[],"product_cat":[37],"product_tag":[],"class_list":{"0":"post-8025","1":"product","2":"type-product","3":"status-publish","4":"has-post-thumbnail","6":"product_cat-graphite-electrode","8":"first","9":"instock","10":"shipping-taxable","11":"product-type-simple"},"yoast_head":"<!-- This site is optimized with the Yoast SEO Premium plugin v19.2.1 (Yoast SEO v25.3) - https:\/\/yoast.com\/wordpress\/plugins\/seo\/ -->\n<title>Flexible Graphite Gasket Manufacturer in China<\/title>\n<meta name=\"description\" content=\"Flexible graphite gasket comes in various shapes such as circular, square, and various irregular forms and has remarkable advantages.\" \/>\n<meta name=\"robots\" content=\"index, follow, max-snippet:-1, max-image-preview:large, max-video-preview:-1\" \/>\n<link rel=\"canonical\" href=\"https:\/\/jinsuncarbon.com\/it\/prodotto\/guarnizione-flessibile-in-grafite\/\" \/>\n<meta property=\"og:locale\" content=\"it_IT\" \/>\n<meta property=\"og:type\" content=\"article\" \/>\n<meta property=\"og:title\" content=\"Flexible Graphite Gasket\" \/>\n<meta property=\"og:description\" content=\"Flexible graphite gasket comes in various shapes such as circular, square, and various irregular forms and has remarkable advantages.\" \/>\n<meta property=\"og:url\" content=\"https:\/\/jinsuncarbon.com\/it\/prodotto\/guarnizione-flessibile-in-grafite\/\" \/>\n<meta property=\"og:site_name\" content=\"Jinsun Carbon\" \/>\n<meta property=\"article:publisher\" content=\"https:\/\/www.facebook.com\/Graphite-Electrode-109336238661595\" \/>\n<meta property=\"article:modified_time\" content=\"2025-08-18T02:43:59+00:00\" \/>\n<meta property=\"og:image\" content=\"https:\/\/jinsuncarbon.com\/wp-content\/uploads\/2025\/08\/Flexible-Graphite-Gasket.jpg\" \/>\n\t<meta property=\"og:image:width\" content=\"1024\" \/>\n\t<meta property=\"og:image:height\" content=\"763\" \/>\n\t<meta property=\"og:image:type\" content=\"image\/jpeg\" \/>\n<meta name=\"twitter:card\" content=\"summary_large_image\" \/>\n<meta name=\"twitter:site\" content=\"@jinsuncarbon_\" \/>\n<meta name=\"twitter:label1\" content=\"Tempo di lettura stimato\" \/>\n\t<meta name=\"twitter:data1\" content=\"3 minuti\" \/>\n<script type=\"application\/ld+json\" class=\"yoast-schema-graph\">{\"@context\":\"https:\/\/schema.org\",\"@graph\":[{\"@type\":\"WebPage\",\"@id\":\"https:\/\/jinsuncarbon.com\/product\/flexible-graphite-gasket\/\",\"url\":\"https:\/\/jinsuncarbon.com\/product\/flexible-graphite-gasket\/\",\"name\":\"Flexible Graphite Gasket Manufacturer in China\",\"isPartOf\":{\"@id\":\"https:\/\/jinsuncarbon.com\/#website\"},\"primaryImageOfPage\":{\"@id\":\"https:\/\/jinsuncarbon.com\/product\/flexible-graphite-gasket\/#primaryimage\"},\"image\":{\"@id\":\"https:\/\/jinsuncarbon.com\/product\/flexible-graphite-gasket\/#primaryimage\"},\"thumbnailUrl\":\"https:\/\/jinsuncarbon.com\/wp-content\/uploads\/2025\/08\/Flexible-Graphite-Gasket.jpg\",\"datePublished\":\"2025-08-18T02:43:58+00:00\",\"dateModified\":\"2025-08-18T02:43:59+00:00\",\"description\":\"Flexible graphite gasket comes in various shapes such as circular, square, and various irregular forms and has remarkable advantages.\",\"breadcrumb\":{\"@id\":\"https:\/\/jinsuncarbon.com\/product\/flexible-graphite-gasket\/#breadcrumb\"},\"inLanguage\":\"it-IT\",\"potentialAction\":[{\"@type\":\"ReadAction\",\"target\":[\"https:\/\/jinsuncarbon.com\/product\/flexible-graphite-gasket\/\"]}]},{\"@type\":\"ImageObject\",\"inLanguage\":\"it-IT\",\"@id\":\"https:\/\/jinsuncarbon.com\/product\/flexible-graphite-gasket\/#primaryimage\",\"url\":\"https:\/\/jinsuncarbon.com\/wp-content\/uploads\/2025\/08\/Flexible-Graphite-Gasket.jpg\",\"contentUrl\":\"https:\/\/jinsuncarbon.com\/wp-content\/uploads\/2025\/08\/Flexible-Graphite-Gasket.jpg\",\"width\":1024,\"height\":763,\"caption\":\"Flexible Graphite Gasket\"},{\"@type\":\"BreadcrumbList\",\"@id\":\"https:\/\/jinsuncarbon.com\/product\/flexible-graphite-gasket\/#breadcrumb\",\"itemListElement\":[{\"@type\":\"ListItem\",\"position\":1,\"name\":\"Home\",\"item\":\"https:\/\/jinsuncarbon.com\/\"},{\"@type\":\"ListItem\",\"position\":2,\"name\":\"Products\",\"item\":\"https:\/\/jinsuncarbon.com\/graphite-carbon\/\"},{\"@type\":\"ListItem\",\"position\":3,\"name\":\"Flexible Graphite Gasket\"}]},{\"@type\":\"WebSite\",\"@id\":\"https:\/\/jinsuncarbon.com\/#website\",\"url\":\"https:\/\/jinsuncarbon.com\/\",\"name\":\"Jinsun Carbon\",\"description\":\"We are the successful graphite electrode manufacturer in China\",\"publisher\":{\"@id\":\"https:\/\/jinsuncarbon.com\/#organization\"},\"potentialAction\":[{\"@type\":\"SearchAction\",\"target\":{\"@type\":\"EntryPoint\",\"urlTemplate\":\"https:\/\/jinsuncarbon.com\/?s={search_term_string}\"},\"query-input\":{\"@type\":\"PropertyValueSpecification\",\"valueRequired\":true,\"valueName\":\"search_term_string\"}}],\"inLanguage\":\"it-IT\"},{\"@type\":\"Organization\",\"@id\":\"https:\/\/jinsuncarbon.com\/#organization\",\"name\":\"Jinsun Carbon\",\"alternateName\":\"Jinsun Carbon\",\"url\":\"https:\/\/jinsuncarbon.com\/\",\"logo\":{\"@type\":\"ImageObject\",\"inLanguage\":\"it-IT\",\"@id\":\"https:\/\/jinsuncarbon.com\/#\/schema\/logo\/image\/\",\"url\":\"https:\/\/jinsuncarbon.com\/wp-content\/uploads\/2022\/12\/LOGO-1.png\",\"contentUrl\":\"https:\/\/jinsuncarbon.com\/wp-content\/uploads\/2022\/12\/LOGO-1.png\",\"width\":207,\"height\":80,\"caption\":\"Jinsun Carbon\"},\"image\":{\"@id\":\"https:\/\/jinsuncarbon.com\/#\/schema\/logo\/image\/\"},\"sameAs\":[\"https:\/\/www.facebook.com\/Graphite-Electrode-109336238661595\",\"https:\/\/x.com\/jinsuncarbon_\",\"https:\/\/www.linkedin.com\/in\/jinsungraphite\",\"https:\/\/www.youtube.com\/channel\/UCysDNyvyR5-3cCWEmpkVC0g\"]}]}<\/script>\n<!-- \/ Yoast SEO Premium plugin. -->","yoast_head_json":{"title":"Guarnizione flessibile in grafite Fornitore in Cina","description":"Le guarnizioni flessibili in grafite sono disponibili in varie forme, come quelle circolari, quadrate e irregolari, e presentano notevoli vantaggi.","robots":{"index":"index","follow":"follow","max-snippet":"max-snippet:-1","max-image-preview":"max-image-preview:large","max-video-preview":"max-video-preview:-1"},"canonical":"https:\/\/jinsuncarbon.com\/it\/prodotto\/guarnizione-flessibile-in-grafite\/","og_locale":"it_IT","og_type":"article","og_title":"Flexible Graphite Gasket","og_description":"Flexible graphite gasket comes in various shapes such as circular, square, and various irregular forms and has remarkable advantages.","og_url":"https:\/\/jinsuncarbon.com\/it\/prodotto\/guarnizione-flessibile-in-grafite\/","og_site_name":"Jinsun Carbon","article_publisher":"https:\/\/www.facebook.com\/Graphite-Electrode-109336238661595","article_modified_time":"2025-08-18T02:43:59+00:00","og_image":[{"width":1024,"height":763,"url":"https:\/\/jinsuncarbon.com\/wp-content\/uploads\/2025\/08\/Flexible-Graphite-Gasket.jpg","type":"image\/jpeg"}],"twitter_card":"summary_large_image","twitter_site":"@jinsuncarbon_","twitter_misc":{"Tempo di lettura stimato":"3 minuti"},"schema":{"@context":"https:\/\/schema.org","@graph":[{"@type":"WebPage","@id":"https:\/\/jinsuncarbon.com\/product\/flexible-graphite-gasket\/","url":"https:\/\/jinsuncarbon.com\/product\/flexible-graphite-gasket\/","name":"Guarnizione flessibile in grafite Fornitore in Cina","isPartOf":{"@id":"https:\/\/jinsuncarbon.com\/#website"},"primaryImageOfPage":{"@id":"https:\/\/jinsuncarbon.com\/product\/flexible-graphite-gasket\/#primaryimage"},"image":{"@id":"https:\/\/jinsuncarbon.com\/product\/flexible-graphite-gasket\/#primaryimage"},"thumbnailUrl":"https:\/\/jinsuncarbon.com\/wp-content\/uploads\/2025\/08\/Flexible-Graphite-Gasket.jpg","datePublished":"2025-08-18T02:43:58+00:00","dateModified":"2025-08-18T02:43:59+00:00","description":"Le guarnizioni flessibili in grafite sono disponibili in varie forme, come quelle circolari, quadrate e irregolari, e presentano notevoli vantaggi.","breadcrumb":{"@id":"https:\/\/jinsuncarbon.com\/product\/flexible-graphite-gasket\/#breadcrumb"},"inLanguage":"it-IT","potentialAction":[{"@type":"ReadAction","target":["https:\/\/jinsuncarbon.com\/product\/flexible-graphite-gasket\/"]}]},{"@type":"ImageObject","inLanguage":"it-IT","@id":"https:\/\/jinsuncarbon.com\/product\/flexible-graphite-gasket\/#primaryimage","url":"https:\/\/jinsuncarbon.com\/wp-content\/uploads\/2025\/08\/Flexible-Graphite-Gasket.jpg","contentUrl":"https:\/\/jinsuncarbon.com\/wp-content\/uploads\/2025\/08\/Flexible-Graphite-Gasket.jpg","width":1024,"height":763,"caption":"Flexible Graphite Gasket"},{"@type":"BreadcrumbList","@id":"https:\/\/jinsuncarbon.com\/product\/flexible-graphite-gasket\/#breadcrumb","itemListElement":[{"@type":"ListItem","position":1,"name":"Home","item":"https:\/\/jinsuncarbon.com\/"},{"@type":"ListItem","position":2,"name":"Products","item":"https:\/\/jinsuncarbon.com\/graphite-carbon\/"},{"@type":"ListItem","position":3,"name":"Flexible Graphite Gasket"}]},{"@type":"WebSite","@id":"https:\/\/jinsuncarbon.com\/#website","url":"https:\/\/jinsuncarbon.com\/","name":"Jinsun Carbon","description":"Siamo il produttore di elettrodi di grafite di successo in Cina","publisher":{"@id":"https:\/\/jinsuncarbon.com\/#organization"},"potentialAction":[{"@type":"SearchAction","target":{"@type":"EntryPoint","urlTemplate":"https:\/\/jinsuncarbon.com\/?s={search_term_string}"},"query-input":{"@type":"PropertyValueSpecification","valueRequired":true,"valueName":"search_term_string"}}],"inLanguage":"it-IT"},{"@type":"Organization","@id":"https:\/\/jinsuncarbon.com\/#organization","name":"Jinsun Carbon","alternateName":"Jinsun Carbon","url":"https:\/\/jinsuncarbon.com\/","logo":{"@type":"ImageObject","inLanguage":"it-IT","@id":"https:\/\/jinsuncarbon.com\/#\/schema\/logo\/image\/","url":"https:\/\/jinsuncarbon.com\/wp-content\/uploads\/2022\/12\/LOGO-1.png","contentUrl":"https:\/\/jinsuncarbon.com\/wp-content\/uploads\/2022\/12\/LOGO-1.png","width":207,"height":80,"caption":"Jinsun Carbon"},"image":{"@id":"https:\/\/jinsuncarbon.com\/#\/schema\/logo\/image\/"},"sameAs":["https:\/\/www.facebook.com\/Graphite-Electrode-109336238661595","https:\/\/x.com\/jinsuncarbon_","https:\/\/www.linkedin.com\/in\/jinsungraphite","https:\/\/www.youtube.com\/channel\/UCysDNyvyR5-3cCWEmpkVC0g"]}]}},"_links":{"self":[{"href":"https:\/\/jinsuncarbon.com\/it\/wp-json\/wp\/v2\/product\/8025","targetHints":{"allow":["GET"]}}],"collection":[{"href":"https:\/\/jinsuncarbon.com\/it\/wp-json\/wp\/v2\/product"}],"about":[{"href":"https:\/\/jinsuncarbon.com\/it\/wp-json\/wp\/v2\/types\/product"}],"wp:featuredmedia":[{"embeddable":true,"href":"https:\/\/jinsuncarbon.com\/it\/wp-json\/wp\/v2\/media\/8027"}],"wp:attachment":[{"href":"https:\/\/jinsuncarbon.com\/it\/wp-json\/wp\/v2\/media?parent=8025"}],"wp:term":[{"taxonomy":"product_brand","embeddable":true,"href":"https:\/\/jinsuncarbon.com\/it\/wp-json\/wp\/v2\/product_brand?post=8025"},{"taxonomy":"product_cat","embeddable":true,"href":"https:\/\/jinsuncarbon.com\/it\/wp-json\/wp\/v2\/product_cat?post=8025"},{"taxonomy":"product_tag","embeddable":true,"href":"https:\/\/jinsuncarbon.com\/it\/wp-json\/wp\/v2\/product_tag?post=8025"}],"curies":[{"name":"wp","href":"https:\/\/api.w.org\/{rel}","templated":true}]}}