{"id":8019,"date":"2025-08-02T08:47:55","date_gmt":"2025-08-02T08:47:55","guid":{"rendered":"https:\/\/jinsuncarbon.com\/?post_type=product&#038;p=8019"},"modified":"2025-08-26T05:00:16","modified_gmt":"2025-08-26T05:00:16","slug":"ricarburazione-della-grafite","status":"publish","type":"product","link":"https:\/\/jinsuncarbon.com\/it\/prodotto\/ricarburazione-della-grafite\/","title":{"rendered":"Ricarbonizzatore a grafite"},"content":{"rendered":"<h2>Ricarbonizzatore di grafite Fornitore<\/h2>\n<p><strong><b>Alto<\/b><\/strong><strong><b>\u00a0contenuto di carbonio <\/b><\/strong><\/p>\n<p>Il suo contenuto di carbonio raggiunge in genere oltre 90% e, per alcuni prodotti di alta qualit\u00e0, pu\u00f2 arrivare a oltre 98%. Ci\u00f2 consente di reintegrare rapidamente gli elementi di carbonio nell'acciaio fuso e di migliorare l'efficienza della fusione.<\/p>\n<p>&nbsp;<\/p>\n<p><strong><b>Basso<\/b><\/strong><strong><b>\u00a0contenuto di impurit\u00e0<\/b><\/strong><\/p>\n<p>Dopo il trattamento di purificazione, il contenuto di impurit\u00e0 nocive come zolfo, fosforo e azoto \u00e8 basso. In questo modo si riducono gli effetti negativi sulle propriet\u00e0 metalliche.<\/p>\n<p>&nbsp;<\/p>\n<p><strong><b>I<\/b><\/strong><strong><b>migliorare la morfologia della grafite<\/b><\/strong><\/p>\n<p>In questo modo si scioglie facilmente nel metallo fuso e si assorbe rapidamente, aumentando il contenuto di carbonio del metallo.<\/p>\n<p>&nbsp;<\/p>\n<p><strong><b>G<\/b><\/strong><strong><b>osa stabilit\u00e0 chimica<\/b><\/strong><\/p>\n<p>Pu\u00f2 mantenere prestazioni stabili in ambienti di fusione ad alta temperatura ed \u00e8 improbabile che abbia reazioni avverse con altre sostanze.<\/p>\n<p>&nbsp;<\/p>\n<p><strong><b>Composizione uniforme<\/b><\/strong><\/p>\n<p>Ci\u00f2 garantisce la coerenza dell'effetto di aumento del carbonio.<\/p>\n<p>&nbsp;<\/p>\n<p><strong><b>C<\/b><\/strong><strong><b>onveniente da usare<\/b><\/strong><\/p>\n<p>\u00c8 possibile regolare la quantit\u00e0 di aggiunta in base alle esigenze, controllando cos\u00ec con precisione il contenuto di carbonio del metallo.<\/p>\n<p>&nbsp;<\/p>\n<h2>Specifiche tecniche<\/h2>\n<table>\n<tbody>\n<tr>\n<td width=\"53\">ARTICOLO<\/td>\n<td width=\"53\">Resistenza specifica<\/td>\n<td width=\"53\">Zolfo<\/p>\n<p>Contenuto<\/td>\n<td width=\"53\">Cenere<\/td>\n<td width=\"53\">Volatile<\/p>\n<p>Materia<\/td>\n<td width=\"53\">Umidit\u00e0<\/td>\n<td width=\"53\">Carbonio<\/p>\n<p>Contenuto<\/td>\n<td width=\"53\">Azoto<\/p>\n<p>Contenuto<\/td>\n<\/tr>\n<tr>\n<td width=\"53\">Carburatore<\/p>\n<p>0-2<\/td>\n<td width=\"53\">&lt;120<\/td>\n<td width=\"53\">&lt;0.3<\/td>\n<td width=\"53\">&lt;1<\/td>\n<td width=\"53\">&lt;0.5<\/td>\n<td width=\"53\">&lt;0.05<\/td>\n<td width=\"53\">&gt;98.5<\/td>\n<td width=\"53\">&lt;300<\/td>\n<\/tr>\n<tr>\n<td width=\"53\">Carburatore<\/p>\n<p>2-5<\/td>\n<td width=\"53\">&lt;120<\/td>\n<td width=\"53\">&lt;0.05<\/td>\n<td width=\"53\">&lt;1<\/td>\n<td width=\"53\">&lt;0.5<\/td>\n<td width=\"53\">&lt;0.05<\/td>\n<td width=\"53\">&gt;98.5<\/td>\n<td width=\"53\">&lt;300<\/td>\n<\/tr>\n<tr>\n<td width=\"53\">Carburatore<\/p>\n<p>5-30<\/td>\n<td width=\"53\">80-100<\/td>\n<td width=\"53\">&lt;0.05<\/td>\n<td width=\"53\">&lt;0.7<\/td>\n<td width=\"53\">&lt;0.5<\/td>\n<td width=\"53\">&lt;0.05<\/td>\n<td width=\"53\">&gt;98.5<\/td>\n<td width=\"53\">&lt;300<\/td>\n<\/tr>\n<\/tbody>\n<\/table>\n<h2><\/h2>\n<h2>Usi del ricarburizzatore di grafite<\/h2>\n<p>Il ricarbonizzatore di grafite \u00e8 ampiamente utilizzato e vi sono alcuni campi di applicazione comuni.<\/p>\n<h3><strong><b>L'industria della fusione della ghisa: <\/b><\/strong><\/h3>\n<p><strong><b>I. Produzione di ghisa grigia<\/b><\/strong><\/p>\n<p>Aggiungendolo durante il processo di fusione della ghisa grigia, \u00e8 possibile regolare il contenuto di carbonio in un intervallo appropriato. L'intervallo \u00e8 generalmente 2,5% - 4%, in grado di promuovere\u00a0<a href=\"https:\/\/jinsuncarbon.com\/it\/che-cose-la-grafitizzazione\/\">grafitizzazione<\/a>. Inoltre, migliora le prestazioni di lavorazione e le propriet\u00e0 meccaniche dei getti, come la resistenza all'usura e alla compressione.<\/p>\n<p>&nbsp;<\/p>\n<p><strong><b>II. Produzione di ghisa sferoidale<\/b><\/strong><\/p>\n<p>Pu\u00f2 essere utilizzato per la fusione di ghisa a grafite sferoidale, perch\u00e9 \u00e8 in grado di stabilizzare il contenuto di carbonio. Se utilizzato in combinazione con agenti sferoidizzanti, pu\u00f2 garantire l'effetto di sferoidizzazione. Inoltre, pu\u00f2 migliorare la tenacit\u00e0 e la resistenza dei getti, che sono adatti per la produzione di componenti automobilistici, tubi, ecc.<\/p>\n<p>&nbsp;<\/p>\n<p><strong><b>III. Ghisa forgiabile<\/b><\/strong><strong><b>\u00a0<\/b><\/strong><strong><b>produzione<\/b><\/strong><\/p>\n<p>Pu\u00f2 contribuire a regolare il contenuto di carbonio della ghisa fusa, creando le condizioni per la precipitazione della grafite durante il successivo processo di ricottura. E quindi garantire la lavorabilit\u00e0 della ghisa forgiabile.<\/p>\n<p>&nbsp;<\/p>\n<p><strong><b>IV. Industria dell'acciaio fuso: <\/b><\/strong><\/p>\n<p>Pu\u00f2 essere utilizzato nella produzione di vari acciai al carbonio e acciai legati fusi, per reintegrare gli elementi di carbonio persi durante il processo di fusione. Controlla il contenuto di carbonio all'interno dell'intervallo previsto, che viene utilizzato per la produzione di telai di macchine, componenti di macchinari tecnici, ecc. E pu\u00f2 garantire che la durezza, la resistenza e altre propriet\u00e0 dell'acciaio siano conformi agli standard.<\/p>\n<p>&nbsp;<\/p>\n<h3><strong><b>Altri settori metallurgici: <\/b><\/strong><\/h3>\n<p><strong><b>Metallurgia delle polveri<\/b><\/strong><\/p>\n<p>Nel<a href=\"https:\/\/en.wikipedia.org\/wiki\/Powder_metallurgy\" target=\"_blank\" rel=\"noopener\"> metallurgia delle polveri<\/a> processo, \u00e8 possibile aggiungerlo come fonte di carbonio. Pu\u00f2 regolare il contenuto di carbonio della lega e produrre prodotti in polvere metallica con propriet\u00e0 specifiche.<\/p>\n<p>&nbsp;<\/p>\n<p><strong><b>Produzione di leghe di ferro<\/b><\/strong><\/p>\n<p>In alcuni processi di produzione di leghe di ferro, \u00e8 necessario controllare il contenuto di carbonio. \u00c8 quindi possibile utilizzare il ricarbonizzatore di grafite come additivo di carbonio preciso per garantire la qualit\u00e0 del prodotto.<\/p>","protected":false},"excerpt":{"rendered":"<p>Il ricarbonizzatore di grafite \u00e8 un tipo di additivo al carbonio ottenuto da grafite naturale o artificiale come materia prima principale, lavorata attraverso la frantumazione, la vagliatura e altre tecniche. Ha un elevato contenuto di carbonio, basse impurit\u00e0 ed eccellenti prestazioni di assorbimento del carbonio, per cui \u00e8 un efficiente materiale per l'aumento del carbonio. Svolge un ruolo importante nelle industrie siderurgiche e di fusione, soddisfacendo la domanda di regolazione del contenuto di carbonio nella fusione dei metalli. Le sue forme sono diverse e comprendono comunemente granuli, polveri e blocchi. \u00c8 possibile regolare la forma specifica in base ai requisiti del processo di fusione.<\/p>","protected":false},"featured_media":8020,"template":"","meta":[],"product_brand":[],"product_cat":[40],"product_tag":[],"class_list":{"0":"post-8019","1":"product","2":"type-product","3":"status-publish","4":"has-post-thumbnail","6":"product_cat-petroleum-coke","8":"first","9":"instock","10":"shipping-taxable","11":"product-type-simple"},"yoast_head":"<!-- This site is optimized with the Yoast SEO Premium plugin v19.2.1 (Yoast SEO v25.3) - https:\/\/yoast.com\/wordpress\/plugins\/seo\/ -->\n<title>Graphite Recarburizer | Jinsun Carbon<\/title>\n<meta name=\"description\" content=\"Graphite recarburizer manufacturer and supplier, graphite recarburizercan be used in steelmaking, cast iron, alloy casting or as an auxiliary material for smelting.\" \/>\n<meta name=\"robots\" content=\"index, follow, max-snippet:-1, max-image-preview:large, max-video-preview:-1\" \/>\n<link rel=\"canonical\" href=\"https:\/\/jinsuncarbon.com\/it\/prodotto\/ricarburazione-della-grafite\/\" \/>\n<meta property=\"og:locale\" content=\"it_IT\" \/>\n<meta property=\"og:type\" content=\"article\" \/>\n<meta property=\"og:title\" content=\"Graphite Recarburizer\" \/>\n<meta property=\"og:description\" content=\"Graphite recarburizer manufacturer and supplier, graphite recarburizercan be used in steelmaking, cast iron, alloy casting or as an auxiliary material for smelting.\" \/>\n<meta property=\"og:url\" content=\"https:\/\/jinsuncarbon.com\/it\/prodotto\/ricarburazione-della-grafite\/\" \/>\n<meta property=\"og:site_name\" content=\"Jinsun Carbon\" \/>\n<meta property=\"article:publisher\" content=\"https:\/\/www.facebook.com\/Graphite-Electrode-109336238661595\" \/>\n<meta property=\"article:modified_time\" content=\"2025-08-26T05:00:16+00:00\" \/>\n<meta property=\"og:image\" content=\"https:\/\/jinsuncarbon.com\/wp-content\/uploads\/2025\/08\/Graphite-Recarburizer.jpg\" \/>\n\t<meta property=\"og:image:width\" content=\"1024\" \/>\n\t<meta property=\"og:image:height\" content=\"763\" \/>\n\t<meta property=\"og:image:type\" content=\"image\/jpeg\" \/>\n<meta name=\"twitter:card\" content=\"summary_large_image\" \/>\n<meta name=\"twitter:site\" content=\"@jinsuncarbon_\" \/>\n<meta name=\"twitter:label1\" content=\"Tempo di lettura stimato\" \/>\n\t<meta name=\"twitter:data1\" content=\"3 minuti\" \/>\n<script type=\"application\/ld+json\" class=\"yoast-schema-graph\">{\"@context\":\"https:\/\/schema.org\",\"@graph\":[{\"@type\":\"WebPage\",\"@id\":\"https:\/\/jinsuncarbon.com\/product\/graphite-recarburizer\/\",\"url\":\"https:\/\/jinsuncarbon.com\/product\/graphite-recarburizer\/\",\"name\":\"Graphite Recarburizer | Jinsun Carbon\",\"isPartOf\":{\"@id\":\"https:\/\/jinsuncarbon.com\/#website\"},\"primaryImageOfPage\":{\"@id\":\"https:\/\/jinsuncarbon.com\/product\/graphite-recarburizer\/#primaryimage\"},\"image\":{\"@id\":\"https:\/\/jinsuncarbon.com\/product\/graphite-recarburizer\/#primaryimage\"},\"thumbnailUrl\":\"https:\/\/jinsuncarbon.com\/wp-content\/uploads\/2025\/08\/Graphite-Recarburizer.jpg\",\"datePublished\":\"2025-08-02T08:47:55+00:00\",\"dateModified\":\"2025-08-26T05:00:16+00:00\",\"description\":\"Graphite recarburizer manufacturer and supplier, graphite recarburizercan be used in steelmaking, cast iron, alloy casting or as an auxiliary material for smelting.\",\"breadcrumb\":{\"@id\":\"https:\/\/jinsuncarbon.com\/product\/graphite-recarburizer\/#breadcrumb\"},\"inLanguage\":\"it-IT\",\"potentialAction\":[{\"@type\":\"ReadAction\",\"target\":[\"https:\/\/jinsuncarbon.com\/product\/graphite-recarburizer\/\"]}]},{\"@type\":\"ImageObject\",\"inLanguage\":\"it-IT\",\"@id\":\"https:\/\/jinsuncarbon.com\/product\/graphite-recarburizer\/#primaryimage\",\"url\":\"https:\/\/jinsuncarbon.com\/wp-content\/uploads\/2025\/08\/Graphite-Recarburizer.jpg\",\"contentUrl\":\"https:\/\/jinsuncarbon.com\/wp-content\/uploads\/2025\/08\/Graphite-Recarburizer.jpg\",\"width\":1024,\"height\":763,\"caption\":\"Graphite Recarburizer\"},{\"@type\":\"BreadcrumbList\",\"@id\":\"https:\/\/jinsuncarbon.com\/product\/graphite-recarburizer\/#breadcrumb\",\"itemListElement\":[{\"@type\":\"ListItem\",\"position\":1,\"name\":\"Home\",\"item\":\"https:\/\/jinsuncarbon.com\/\"},{\"@type\":\"ListItem\",\"position\":2,\"name\":\"Products\",\"item\":\"https:\/\/jinsuncarbon.com\/graphite-carbon\/\"},{\"@type\":\"ListItem\",\"position\":3,\"name\":\"Graphite Recarburizer\"}]},{\"@type\":\"WebSite\",\"@id\":\"https:\/\/jinsuncarbon.com\/#website\",\"url\":\"https:\/\/jinsuncarbon.com\/\",\"name\":\"Jinsun Carbon\",\"description\":\"We are the successful graphite electrode manufacturer in China\",\"publisher\":{\"@id\":\"https:\/\/jinsuncarbon.com\/#organization\"},\"potentialAction\":[{\"@type\":\"SearchAction\",\"target\":{\"@type\":\"EntryPoint\",\"urlTemplate\":\"https:\/\/jinsuncarbon.com\/?s={search_term_string}\"},\"query-input\":{\"@type\":\"PropertyValueSpecification\",\"valueRequired\":true,\"valueName\":\"search_term_string\"}}],\"inLanguage\":\"it-IT\"},{\"@type\":\"Organization\",\"@id\":\"https:\/\/jinsuncarbon.com\/#organization\",\"name\":\"Jinsun Carbon\",\"alternateName\":\"Jinsun Carbon\",\"url\":\"https:\/\/jinsuncarbon.com\/\",\"logo\":{\"@type\":\"ImageObject\",\"inLanguage\":\"it-IT\",\"@id\":\"https:\/\/jinsuncarbon.com\/#\/schema\/logo\/image\/\",\"url\":\"https:\/\/jinsuncarbon.com\/wp-content\/uploads\/2022\/12\/LOGO-1.png\",\"contentUrl\":\"https:\/\/jinsuncarbon.com\/wp-content\/uploads\/2022\/12\/LOGO-1.png\",\"width\":207,\"height\":80,\"caption\":\"Jinsun Carbon\"},\"image\":{\"@id\":\"https:\/\/jinsuncarbon.com\/#\/schema\/logo\/image\/\"},\"sameAs\":[\"https:\/\/www.facebook.com\/Graphite-Electrode-109336238661595\",\"https:\/\/x.com\/jinsuncarbon_\",\"https:\/\/www.linkedin.com\/in\/jinsungraphite\",\"https:\/\/www.youtube.com\/channel\/UCysDNyvyR5-3cCWEmpkVC0g\"]}]}<\/script>\n<!-- \/ Yoast SEO Premium plugin. -->","yoast_head_json":{"title":"Recarburizzatore di grafite | Jinsun Carbon","description":"La grafite pu\u00f2 essere utilizzata nella siderurgia, nella ghisa, nella fusione di leghe o come materiale ausiliario per la fusione.","robots":{"index":"index","follow":"follow","max-snippet":"max-snippet:-1","max-image-preview":"max-image-preview:large","max-video-preview":"max-video-preview:-1"},"canonical":"https:\/\/jinsuncarbon.com\/it\/prodotto\/ricarburazione-della-grafite\/","og_locale":"it_IT","og_type":"article","og_title":"Graphite Recarburizer","og_description":"Graphite recarburizer manufacturer and supplier, graphite recarburizercan be used in steelmaking, cast iron, alloy casting or as an auxiliary material for smelting.","og_url":"https:\/\/jinsuncarbon.com\/it\/prodotto\/ricarburazione-della-grafite\/","og_site_name":"Jinsun Carbon","article_publisher":"https:\/\/www.facebook.com\/Graphite-Electrode-109336238661595","article_modified_time":"2025-08-26T05:00:16+00:00","og_image":[{"width":1024,"height":763,"url":"https:\/\/jinsuncarbon.com\/wp-content\/uploads\/2025\/08\/Graphite-Recarburizer.jpg","type":"image\/jpeg"}],"twitter_card":"summary_large_image","twitter_site":"@jinsuncarbon_","twitter_misc":{"Tempo di lettura stimato":"3 minuti"},"schema":{"@context":"https:\/\/schema.org","@graph":[{"@type":"WebPage","@id":"https:\/\/jinsuncarbon.com\/product\/graphite-recarburizer\/","url":"https:\/\/jinsuncarbon.com\/product\/graphite-recarburizer\/","name":"Recarburizzatore di grafite | Jinsun Carbon","isPartOf":{"@id":"https:\/\/jinsuncarbon.com\/#website"},"primaryImageOfPage":{"@id":"https:\/\/jinsuncarbon.com\/product\/graphite-recarburizer\/#primaryimage"},"image":{"@id":"https:\/\/jinsuncarbon.com\/product\/graphite-recarburizer\/#primaryimage"},"thumbnailUrl":"https:\/\/jinsuncarbon.com\/wp-content\/uploads\/2025\/08\/Graphite-Recarburizer.jpg","datePublished":"2025-08-02T08:47:55+00:00","dateModified":"2025-08-26T05:00:16+00:00","description":"La grafite pu\u00f2 essere utilizzata nella siderurgia, nella ghisa, nella fusione di leghe o come materiale ausiliario per la fusione.","breadcrumb":{"@id":"https:\/\/jinsuncarbon.com\/product\/graphite-recarburizer\/#breadcrumb"},"inLanguage":"it-IT","potentialAction":[{"@type":"ReadAction","target":["https:\/\/jinsuncarbon.com\/product\/graphite-recarburizer\/"]}]},{"@type":"ImageObject","inLanguage":"it-IT","@id":"https:\/\/jinsuncarbon.com\/product\/graphite-recarburizer\/#primaryimage","url":"https:\/\/jinsuncarbon.com\/wp-content\/uploads\/2025\/08\/Graphite-Recarburizer.jpg","contentUrl":"https:\/\/jinsuncarbon.com\/wp-content\/uploads\/2025\/08\/Graphite-Recarburizer.jpg","width":1024,"height":763,"caption":"Graphite Recarburizer"},{"@type":"BreadcrumbList","@id":"https:\/\/jinsuncarbon.com\/product\/graphite-recarburizer\/#breadcrumb","itemListElement":[{"@type":"ListItem","position":1,"name":"Home","item":"https:\/\/jinsuncarbon.com\/"},{"@type":"ListItem","position":2,"name":"Products","item":"https:\/\/jinsuncarbon.com\/graphite-carbon\/"},{"@type":"ListItem","position":3,"name":"Graphite Recarburizer"}]},{"@type":"WebSite","@id":"https:\/\/jinsuncarbon.com\/#website","url":"https:\/\/jinsuncarbon.com\/","name":"Jinsun Carbon","description":"Siamo il produttore di elettrodi di grafite di successo in Cina","publisher":{"@id":"https:\/\/jinsuncarbon.com\/#organization"},"potentialAction":[{"@type":"SearchAction","target":{"@type":"EntryPoint","urlTemplate":"https:\/\/jinsuncarbon.com\/?s={search_term_string}"},"query-input":{"@type":"PropertyValueSpecification","valueRequired":true,"valueName":"search_term_string"}}],"inLanguage":"it-IT"},{"@type":"Organization","@id":"https:\/\/jinsuncarbon.com\/#organization","name":"Jinsun Carbon","alternateName":"Jinsun Carbon","url":"https:\/\/jinsuncarbon.com\/","logo":{"@type":"ImageObject","inLanguage":"it-IT","@id":"https:\/\/jinsuncarbon.com\/#\/schema\/logo\/image\/","url":"https:\/\/jinsuncarbon.com\/wp-content\/uploads\/2022\/12\/LOGO-1.png","contentUrl":"https:\/\/jinsuncarbon.com\/wp-content\/uploads\/2022\/12\/LOGO-1.png","width":207,"height":80,"caption":"Jinsun Carbon"},"image":{"@id":"https:\/\/jinsuncarbon.com\/#\/schema\/logo\/image\/"},"sameAs":["https:\/\/www.facebook.com\/Graphite-Electrode-109336238661595","https:\/\/x.com\/jinsuncarbon_","https:\/\/www.linkedin.com\/in\/jinsungraphite","https:\/\/www.youtube.com\/channel\/UCysDNyvyR5-3cCWEmpkVC0g"]}]}},"_links":{"self":[{"href":"https:\/\/jinsuncarbon.com\/it\/wp-json\/wp\/v2\/product\/8019","targetHints":{"allow":["GET"]}}],"collection":[{"href":"https:\/\/jinsuncarbon.com\/it\/wp-json\/wp\/v2\/product"}],"about":[{"href":"https:\/\/jinsuncarbon.com\/it\/wp-json\/wp\/v2\/types\/product"}],"wp:featuredmedia":[{"embeddable":true,"href":"https:\/\/jinsuncarbon.com\/it\/wp-json\/wp\/v2\/media\/8020"}],"wp:attachment":[{"href":"https:\/\/jinsuncarbon.com\/it\/wp-json\/wp\/v2\/media?parent=8019"}],"wp:term":[{"taxonomy":"product_brand","embeddable":true,"href":"https:\/\/jinsuncarbon.com\/it\/wp-json\/wp\/v2\/product_brand?post=8019"},{"taxonomy":"product_cat","embeddable":true,"href":"https:\/\/jinsuncarbon.com\/it\/wp-json\/wp\/v2\/product_cat?post=8019"},{"taxonomy":"product_tag","embeddable":true,"href":"https:\/\/jinsuncarbon.com\/it\/wp-json\/wp\/v2\/product_tag?post=8019"}],"curies":[{"name":"wp","href":"https:\/\/api.w.org\/{rel}","templated":true}]}}