{"id":8017,"date":"2025-08-23T08:05:24","date_gmt":"2025-08-23T08:05:24","guid":{"rendered":"https:\/\/jinsuncarbon.com\/?post_type=product&#038;p=8017"},"modified":"2025-08-23T08:05:25","modified_gmt":"2025-08-23T08:05:25","slug":"additivo-al-carbonio","status":"publish","type":"product","link":"https:\/\/jinsuncarbon.com\/it\/prodotto\/additivo-al-carbonio\/","title":{"rendered":"Additivo al carbonio"},"content":{"rendered":"<h2>Produttore di additivi al carbonio<\/h2>\n<p><strong><b>Alto contenuto di carbonio<\/b><\/strong><\/p>\n<p>Pu\u00f2 reintegrare rapidamente gli elementi di carbonio per la fusione del metallo.<\/p>\n<p><strong><b>\u00a0<\/b><\/strong><\/p>\n<p><strong><b>Tasso di assorbimento del carbonio elevato e stabile<\/b><\/strong><\/p>\n<p>Pu\u00f2 ridurre gli sprechi di materiale e garantire una composizione uniforme del metallo.<\/p>\n<p><strong><b>\u00a0<\/b><\/strong><\/p>\n<p><strong><b>Propriet\u00e0 chimiche stabili<\/b><\/strong><\/p>\n<p>Non \u00e8 soggetto a decomposizione in condizioni di fusione ad alta temperatura. Inoltre, ha un ampio intervallo di temperatura applicabile, che in genere pu\u00f2 adattarsi a temperature superiori a 1300\u00b0C.<\/p>\n<p><strong><b>\u00a0<\/b><\/strong><\/p>\n<p><strong><b>Basso contenuto di impurit\u00e0<\/b><\/strong><\/p>\n<p>\u00c8 possibile controllarlo in base alle esigenze, riducendo gli effetti negativi sulle propriet\u00e0 del metallo.<\/p>\n<p><strong><b>\u00a0<\/b><\/strong><\/p>\n<p>Inoltre, \u00e8 facile da immagazzinare e trasportare e il metodo di aggiunta \u00e8 flessibile. Alcuni tipi possono anche migliorare la microstruttura del metallo e aumentare le propriet\u00e0 meccaniche della colata.<\/p>\n<p>&nbsp;<\/p>\n<p><strong><b>3.Tipi di <\/b><\/strong><strong><b>additivo al carbonio<\/b><\/strong><\/p>\n<p><strong><b>A base di grafite <\/b><\/strong><strong><b>additivo al carbonio<\/b><\/strong><\/p>\n<p>Realizzato in grafite naturale, ha un contenuto di carbonio \u2265 90% e presenta impurit\u00e0 estremamente ridotte, dissoluzione rapida, elevata efficienza. \u00c8 adatto a scenari che richiedono un'elevata purezza, come l'acciaio di alta qualit\u00e0 e la ghisa di precisione.<\/p>\n<p>&nbsp;<\/p>\n<p><strong><b>A base di coke di petrolio <\/b><\/strong><strong><b>additivo al carbonio<\/b><\/strong><strong><b>\u00a0<\/b><\/strong><\/p>\n<p>Contiene coke grezzo, coke calcinato e coke di semi-grafite, con prestazioni equilibrate e un elevato rapporto costo-efficacia.<\/p>\n<p>&nbsp;<\/p>\n<p><strong><b>A base di antracite <\/b><\/strong><strong><b>additivo al carbonio<\/b><\/strong><\/p>\n<p>Utilizzo <a href=\"https:\/\/jinsuncarbon.com\/it\/prodotto\/coke-metallurgico\/\">coke metallurgico<\/a> e coke da colata come materie prime, il suo contenuto di carbonio \u00e8 di circa 70%-90%. Il prezzo \u00e8 basso, ma le impurit\u00e0 sono elevate e l'effetto \u00e8 instabile, per cui \u00e8 possibile utilizzarlo per colate di basso livello.<\/p>\n<p>&nbsp;<\/p>\n<p><strong><b>A base di carbone <\/b><\/strong><strong><b>additivo al carbonio<\/b><\/strong><\/p>\n<p>Viene prodotto dall'antracite attraverso una lavorazione ad alta temperatura, con un contenuto di carbonio di 85%-90%. Ha un basso costo ma una bassa attivit\u00e0, adatta a scenari con bassi requisiti di velocit\u00e0 di aggiunta di carbonio.<\/p>\n<p>&nbsp;<\/p>\n<p><strong><b>Altri tipi<\/b><\/strong><\/p>\n<p>Come ad esempio il coke di petrolio grafitizzato, il cui carbonio \u2265 99%, quasi <a href=\"https:\/\/jinsuncarbon.com\/it\/prodotto\/grafite-naturale\/\">grafite naturale<\/a>. Additivo al carbonio al carburo di silicio, che combina l'aggiunta di carbonio e la disossidazione, utilizzato per processi specifici.<\/p>\n<p><strong><b>\u00a0<\/b><\/strong><\/p>\n<h2>Usi dell'additivo al carbonio<\/h2>\n<p><strong><b>Nell'industria della colata<\/b><\/strong><\/p>\n<p><strong><b>P<\/b><\/strong><strong><b>roduzione di ghisa grigia<\/b><\/strong><\/p>\n<p>\u00c8 possibile utilizzarlo per integrare il contenuto di carbonio nel ferro fuso e stabilizzare l'equivalente di carbonio di <a href=\"https:\/\/en.wikipedia.org\/wiki\/Cast_iron\" target=\"_blank\" rel=\"noopener\">ghisa<\/a>. Inoltre, migliora le prestazioni di taglio e le propriet\u00e0 meccaniche dei getti, ampiamente utilizzati nei getti come i telai dei letti delle macchine.<\/p>\n<p>&nbsp;<\/p>\n<p><strong><b>P<\/b><\/strong><strong><b>roduzione di ghisa duttile<\/b><\/strong><\/p>\n<p>Pu\u00f2 essere utilizzato come fonte di carbonio chiave, in combinazione con agenti sferoidizzanti per promuovere la sferoidizzazione della grafite. Inoltre, migliora la tenacit\u00e0 e la resistenza della ghisa, spesso utilizzata nei getti ad alta resistenza.<\/p>\n<p>&nbsp;<\/p>\n<p><strong><b>Nell'acciaio<\/b><\/strong><strong><b>&#8211;<\/b><\/strong><strong><b>realizzazione del campo<\/b><\/strong><\/p>\n<p><strong><b>E<\/b><\/strong><strong><b>acciaio da forno elettrico ad arco<\/b><\/strong><strong><b>&#8211;<\/b><\/strong><strong><b>realizzazione<\/b><\/strong><\/p>\n<p>Pu\u00f2 essere utilizzato per integrare il carbonio durante la fusione di rottami di acciaio, adatto alla produzione di acciaio al carbonio, acciaio strutturale legato, ecc.<\/p>\n<p>&nbsp;<\/p>\n<p><strong><b>P<\/b><\/strong><strong><b>roduzione di acciai speciali<\/b><\/strong><\/p>\n<p>Utilizzato come acciaio per utensili e per cuscinetti, pu\u00f2 controllare il contenuto di impurit\u00e0 del carbonizzatore. Riduce quindi gli elementi nocivi nell'acciaio, migliorandone la durezza e la resistenza all'usura.<\/p>\n<p>&nbsp;<\/p>\n<p><strong><b>In altri campi<\/b><\/strong><\/p>\n<p><strong><b>P<\/b><\/strong><strong><b>metallurgia owder<\/b><\/strong><\/p>\n<p>Pu\u00f2 essere aggiunto come fonte di carbonio alle polveri metalliche per migliorare la densit\u00e0 e la resistenza dei prodotti di metallurgia delle polveri.<\/p>\n<p>&nbsp;<\/p>\n<p><strong><b>E<\/b><\/strong><strong><b>produzione di elettrodi<\/b><\/strong><\/p>\n<p>\u00c8 inoltre possibile utilizzarlo come materia prima a base di carbonio per regolare il contenuto di carbonio dell'elettrodo. Migliorando cos\u00ec la conduttivit\u00e0 e la stabilit\u00e0 alle alte temperature dell'elettrodo.<\/p>","protected":false},"excerpt":{"rendered":"<p>L'additivo al carbonio \u00e8 un materiale industriale composto principalmente da carbonio, solitamente prodotto a partire da materie prime come coke di petrolio, grafite e carbone. La sua funzione principale \u00e8 quella di regolare il contenuto di carbonio del ferro o dell'acciaio fuso introducendovi il carbonio. Grazie all'efficiente capacit\u00e0 di reintegrazione del carbonio e alle propriet\u00e0 chimiche stabili, trova ampia applicazione in settori quali la siderurgia, la produzione di ghisa e la fusione. \u00c8 un materiale pratico e affidabile, molto adatto al controllo preciso dei requisiti del contenuto di carbonio nei metalli.<\/p>","protected":false},"featured_media":8033,"template":"","meta":[],"product_brand":[],"product_cat":[39],"product_tag":[],"class_list":{"0":"post-8017","1":"product","2":"type-product","3":"status-publish","4":"has-post-thumbnail","6":"product_cat-carbon-products","8":"first","9":"instock","10":"shipping-taxable","11":"product-type-simple"},"yoast_head":"<!-- This site is optimized with the Yoast SEO Premium plugin v19.2.1 (Yoast SEO v25.3) - https:\/\/yoast.com\/wordpress\/plugins\/seo\/ -->\n<title>Carbon Additive Manufacturer in China<\/title>\n<meta name=\"description\" content=\"Carbon additive manufacturer in China, Jinsun can manufacture according to your specifications. Contact us today.\" \/>\n<meta name=\"robots\" content=\"index, follow, max-snippet:-1, max-image-preview:large, max-video-preview:-1\" \/>\n<link rel=\"canonical\" href=\"https:\/\/jinsuncarbon.com\/it\/prodotto\/additivo-al-carbonio\/\" \/>\n<meta property=\"og:locale\" content=\"it_IT\" \/>\n<meta property=\"og:type\" content=\"article\" \/>\n<meta property=\"og:title\" content=\"Carbon Additive\" \/>\n<meta property=\"og:description\" content=\"Carbon additive manufacturer in China, Jinsun can manufacture according to your specifications. Contact us today.\" \/>\n<meta property=\"og:url\" content=\"https:\/\/jinsuncarbon.com\/it\/prodotto\/additivo-al-carbonio\/\" \/>\n<meta property=\"og:site_name\" content=\"Jinsun Carbon\" \/>\n<meta property=\"article:publisher\" content=\"https:\/\/www.facebook.com\/Graphite-Electrode-109336238661595\" \/>\n<meta property=\"article:modified_time\" content=\"2025-08-23T08:05:25+00:00\" \/>\n<meta property=\"og:image\" content=\"https:\/\/jinsuncarbon.com\/wp-content\/uploads\/2025\/08\/Carbon-Additive.jpg\" \/>\n\t<meta property=\"og:image:width\" content=\"1024\" \/>\n\t<meta property=\"og:image:height\" content=\"763\" \/>\n\t<meta property=\"og:image:type\" content=\"image\/jpeg\" \/>\n<meta name=\"twitter:card\" content=\"summary_large_image\" \/>\n<meta name=\"twitter:site\" content=\"@jinsuncarbon_\" \/>\n<meta name=\"twitter:label1\" content=\"Tempo di lettura stimato\" \/>\n\t<meta name=\"twitter:data1\" content=\"3 minuti\" \/>\n<script type=\"application\/ld+json\" class=\"yoast-schema-graph\">{\"@context\":\"https:\/\/schema.org\",\"@graph\":[{\"@type\":\"WebPage\",\"@id\":\"https:\/\/jinsuncarbon.com\/product\/carbon-additive\/\",\"url\":\"https:\/\/jinsuncarbon.com\/product\/carbon-additive\/\",\"name\":\"Carbon Additive Manufacturer in China\",\"isPartOf\":{\"@id\":\"https:\/\/jinsuncarbon.com\/#website\"},\"primaryImageOfPage\":{\"@id\":\"https:\/\/jinsuncarbon.com\/product\/carbon-additive\/#primaryimage\"},\"image\":{\"@id\":\"https:\/\/jinsuncarbon.com\/product\/carbon-additive\/#primaryimage\"},\"thumbnailUrl\":\"https:\/\/jinsuncarbon.com\/wp-content\/uploads\/2025\/08\/Carbon-Additive.jpg\",\"datePublished\":\"2025-08-23T08:05:24+00:00\",\"dateModified\":\"2025-08-23T08:05:25+00:00\",\"description\":\"Carbon additive manufacturer in China, Jinsun can manufacture according to your specifications. Contact us today.\",\"breadcrumb\":{\"@id\":\"https:\/\/jinsuncarbon.com\/product\/carbon-additive\/#breadcrumb\"},\"inLanguage\":\"it-IT\",\"potentialAction\":[{\"@type\":\"ReadAction\",\"target\":[\"https:\/\/jinsuncarbon.com\/product\/carbon-additive\/\"]}]},{\"@type\":\"ImageObject\",\"inLanguage\":\"it-IT\",\"@id\":\"https:\/\/jinsuncarbon.com\/product\/carbon-additive\/#primaryimage\",\"url\":\"https:\/\/jinsuncarbon.com\/wp-content\/uploads\/2025\/08\/Carbon-Additive.jpg\",\"contentUrl\":\"https:\/\/jinsuncarbon.com\/wp-content\/uploads\/2025\/08\/Carbon-Additive.jpg\",\"width\":1024,\"height\":763,\"caption\":\"Carbon Additive\"},{\"@type\":\"BreadcrumbList\",\"@id\":\"https:\/\/jinsuncarbon.com\/product\/carbon-additive\/#breadcrumb\",\"itemListElement\":[{\"@type\":\"ListItem\",\"position\":1,\"name\":\"Home\",\"item\":\"https:\/\/jinsuncarbon.com\/\"},{\"@type\":\"ListItem\",\"position\":2,\"name\":\"Products\",\"item\":\"https:\/\/jinsuncarbon.com\/graphite-carbon\/\"},{\"@type\":\"ListItem\",\"position\":3,\"name\":\"Carbon Additive\"}]},{\"@type\":\"WebSite\",\"@id\":\"https:\/\/jinsuncarbon.com\/#website\",\"url\":\"https:\/\/jinsuncarbon.com\/\",\"name\":\"Jinsun Carbon\",\"description\":\"We are the successful graphite electrode manufacturer in China\",\"publisher\":{\"@id\":\"https:\/\/jinsuncarbon.com\/#organization\"},\"potentialAction\":[{\"@type\":\"SearchAction\",\"target\":{\"@type\":\"EntryPoint\",\"urlTemplate\":\"https:\/\/jinsuncarbon.com\/?s={search_term_string}\"},\"query-input\":{\"@type\":\"PropertyValueSpecification\",\"valueRequired\":true,\"valueName\":\"search_term_string\"}}],\"inLanguage\":\"it-IT\"},{\"@type\":\"Organization\",\"@id\":\"https:\/\/jinsuncarbon.com\/#organization\",\"name\":\"Jinsun Carbon\",\"alternateName\":\"Jinsun Carbon\",\"url\":\"https:\/\/jinsuncarbon.com\/\",\"logo\":{\"@type\":\"ImageObject\",\"inLanguage\":\"it-IT\",\"@id\":\"https:\/\/jinsuncarbon.com\/#\/schema\/logo\/image\/\",\"url\":\"https:\/\/jinsuncarbon.com\/wp-content\/uploads\/2022\/12\/LOGO-1.png\",\"contentUrl\":\"https:\/\/jinsuncarbon.com\/wp-content\/uploads\/2022\/12\/LOGO-1.png\",\"width\":207,\"height\":80,\"caption\":\"Jinsun Carbon\"},\"image\":{\"@id\":\"https:\/\/jinsuncarbon.com\/#\/schema\/logo\/image\/\"},\"sameAs\":[\"https:\/\/www.facebook.com\/Graphite-Electrode-109336238661595\",\"https:\/\/x.com\/jinsuncarbon_\",\"https:\/\/www.linkedin.com\/in\/jinsungraphite\",\"https:\/\/www.youtube.com\/channel\/UCysDNyvyR5-3cCWEmpkVC0g\"]}]}<\/script>\n<!-- \/ Yoast SEO Premium plugin. -->","yoast_head_json":{"title":"Additivo al carbonio Produttore in Cina","description":"Produttore di additivi al carbonio in Cina, Jinsun pu\u00f2 produrre secondo le vostre specifiche. Contattateci oggi stesso.","robots":{"index":"index","follow":"follow","max-snippet":"max-snippet:-1","max-image-preview":"max-image-preview:large","max-video-preview":"max-video-preview:-1"},"canonical":"https:\/\/jinsuncarbon.com\/it\/prodotto\/additivo-al-carbonio\/","og_locale":"it_IT","og_type":"article","og_title":"Carbon Additive","og_description":"Carbon additive manufacturer in China, Jinsun can manufacture according to your specifications. Contact us today.","og_url":"https:\/\/jinsuncarbon.com\/it\/prodotto\/additivo-al-carbonio\/","og_site_name":"Jinsun Carbon","article_publisher":"https:\/\/www.facebook.com\/Graphite-Electrode-109336238661595","article_modified_time":"2025-08-23T08:05:25+00:00","og_image":[{"width":1024,"height":763,"url":"https:\/\/jinsuncarbon.com\/wp-content\/uploads\/2025\/08\/Carbon-Additive.jpg","type":"image\/jpeg"}],"twitter_card":"summary_large_image","twitter_site":"@jinsuncarbon_","twitter_misc":{"Tempo di lettura stimato":"3 minuti"},"schema":{"@context":"https:\/\/schema.org","@graph":[{"@type":"WebPage","@id":"https:\/\/jinsuncarbon.com\/product\/carbon-additive\/","url":"https:\/\/jinsuncarbon.com\/product\/carbon-additive\/","name":"Additivo al carbonio Produttore in Cina","isPartOf":{"@id":"https:\/\/jinsuncarbon.com\/#website"},"primaryImageOfPage":{"@id":"https:\/\/jinsuncarbon.com\/product\/carbon-additive\/#primaryimage"},"image":{"@id":"https:\/\/jinsuncarbon.com\/product\/carbon-additive\/#primaryimage"},"thumbnailUrl":"https:\/\/jinsuncarbon.com\/wp-content\/uploads\/2025\/08\/Carbon-Additive.jpg","datePublished":"2025-08-23T08:05:24+00:00","dateModified":"2025-08-23T08:05:25+00:00","description":"Produttore di additivi al carbonio in Cina, Jinsun pu\u00f2 produrre secondo le vostre specifiche. Contattateci oggi stesso.","breadcrumb":{"@id":"https:\/\/jinsuncarbon.com\/product\/carbon-additive\/#breadcrumb"},"inLanguage":"it-IT","potentialAction":[{"@type":"ReadAction","target":["https:\/\/jinsuncarbon.com\/product\/carbon-additive\/"]}]},{"@type":"ImageObject","inLanguage":"it-IT","@id":"https:\/\/jinsuncarbon.com\/product\/carbon-additive\/#primaryimage","url":"https:\/\/jinsuncarbon.com\/wp-content\/uploads\/2025\/08\/Carbon-Additive.jpg","contentUrl":"https:\/\/jinsuncarbon.com\/wp-content\/uploads\/2025\/08\/Carbon-Additive.jpg","width":1024,"height":763,"caption":"Carbon Additive"},{"@type":"BreadcrumbList","@id":"https:\/\/jinsuncarbon.com\/product\/carbon-additive\/#breadcrumb","itemListElement":[{"@type":"ListItem","position":1,"name":"Home","item":"https:\/\/jinsuncarbon.com\/"},{"@type":"ListItem","position":2,"name":"Products","item":"https:\/\/jinsuncarbon.com\/graphite-carbon\/"},{"@type":"ListItem","position":3,"name":"Carbon Additive"}]},{"@type":"WebSite","@id":"https:\/\/jinsuncarbon.com\/#website","url":"https:\/\/jinsuncarbon.com\/","name":"Jinsun Carbon","description":"Siamo il produttore di elettrodi di grafite di successo in Cina","publisher":{"@id":"https:\/\/jinsuncarbon.com\/#organization"},"potentialAction":[{"@type":"SearchAction","target":{"@type":"EntryPoint","urlTemplate":"https:\/\/jinsuncarbon.com\/?s={search_term_string}"},"query-input":{"@type":"PropertyValueSpecification","valueRequired":true,"valueName":"search_term_string"}}],"inLanguage":"it-IT"},{"@type":"Organization","@id":"https:\/\/jinsuncarbon.com\/#organization","name":"Jinsun Carbon","alternateName":"Jinsun Carbon","url":"https:\/\/jinsuncarbon.com\/","logo":{"@type":"ImageObject","inLanguage":"it-IT","@id":"https:\/\/jinsuncarbon.com\/#\/schema\/logo\/image\/","url":"https:\/\/jinsuncarbon.com\/wp-content\/uploads\/2022\/12\/LOGO-1.png","contentUrl":"https:\/\/jinsuncarbon.com\/wp-content\/uploads\/2022\/12\/LOGO-1.png","width":207,"height":80,"caption":"Jinsun Carbon"},"image":{"@id":"https:\/\/jinsuncarbon.com\/#\/schema\/logo\/image\/"},"sameAs":["https:\/\/www.facebook.com\/Graphite-Electrode-109336238661595","https:\/\/x.com\/jinsuncarbon_","https:\/\/www.linkedin.com\/in\/jinsungraphite","https:\/\/www.youtube.com\/channel\/UCysDNyvyR5-3cCWEmpkVC0g"]}]}},"_links":{"self":[{"href":"https:\/\/jinsuncarbon.com\/it\/wp-json\/wp\/v2\/product\/8017","targetHints":{"allow":["GET"]}}],"collection":[{"href":"https:\/\/jinsuncarbon.com\/it\/wp-json\/wp\/v2\/product"}],"about":[{"href":"https:\/\/jinsuncarbon.com\/it\/wp-json\/wp\/v2\/types\/product"}],"wp:featuredmedia":[{"embeddable":true,"href":"https:\/\/jinsuncarbon.com\/it\/wp-json\/wp\/v2\/media\/8033"}],"wp:attachment":[{"href":"https:\/\/jinsuncarbon.com\/it\/wp-json\/wp\/v2\/media?parent=8017"}],"wp:term":[{"taxonomy":"product_brand","embeddable":true,"href":"https:\/\/jinsuncarbon.com\/it\/wp-json\/wp\/v2\/product_brand?post=8017"},{"taxonomy":"product_cat","embeddable":true,"href":"https:\/\/jinsuncarbon.com\/it\/wp-json\/wp\/v2\/product_cat?post=8017"},{"taxonomy":"product_tag","embeddable":true,"href":"https:\/\/jinsuncarbon.com\/it\/wp-json\/wp\/v2\/product_tag?post=8017"}],"curies":[{"name":"wp","href":"https:\/\/api.w.org\/{rel}","templated":true}]}}