{"id":8015,"date":"2025-08-02T00:04:39","date_gmt":"2025-08-02T00:04:39","guid":{"rendered":"https:\/\/jinsuncarbon.com\/?post_type=product&#038;p=8015"},"modified":"2025-08-02T00:04:40","modified_gmt":"2025-08-02T00:04:40","slug":"rondella-di-grafite","status":"publish","type":"product","link":"https:\/\/jinsuncarbon.com\/it\/prodotto\/rondella-di-grafite\/","title":{"rendered":"Rondella di grafite"},"content":{"rendered":"<h2>Vantaggi della rondella di grafite<\/h2>\n<p><strong><b>Eccezionale stabilit\u00e0 termica<\/b><\/strong><strong><b>y<\/b><\/strong><\/p>\n<p>Pu\u00f2 mantenere prestazioni stabili in un ampio intervallo di temperature, da -200\u00b0C a 600\u00b0C, adatto ad ambienti con temperature estreme.<\/p>\n<p>&nbsp;<\/p>\n<p><strong><b>Inerzia chimica<\/b><\/strong><\/p>\n<p>Presenta un'eccellente resistenza alla corrosione della maggior parte degli acidi, delle basi e dei solventi organici.<\/p>\n<p>&nbsp;<\/p>\n<p><strong><b>Autolubrificazione<\/b><\/strong><\/p>\n<p>Il suo coefficiente di attrito \u00e8 basso e consente di ridurre l'usura delle superfici di tenuta e di prolungarne la durata.<\/p>\n<p>&nbsp;<\/p>\n<p><strong><b>Buona flessibilit\u00e0<\/b><\/strong><\/p>\n<p>\u00c8 facile da comprimere e da far rimbalzare, in grado di adattarsi a superfici di tenuta irregolari, garantendo cos\u00ec una tenuta perfetta.<\/p>\n<p>&nbsp;<\/p>\n<p><strong><b>Elevate prestazioni di tenuta<\/b><\/strong><\/p>\n<p>Pu\u00f2 comunque mantenere un buon effetto sigillante in condizioni di alta pressione o di vuoto.<\/p>\n<p>&nbsp;<\/p>\n<p><strong><b>Conducibilit\u00e0 termica ed elettrica<\/b><\/strong><\/p>\n<p>\u00c8 in grado di condurre rapidamente calore e corrente ed \u00e8 adatto a scenari di sigillatura che richiedono la gestione del calore o la conducibilit\u00e0 elettrica.<\/p>\n<p>&nbsp;<\/p>\n<h2>Tipi di rondelle di grafite<\/h2>\n<p><strong><b>Classificato per purezza<\/b><\/strong><\/p>\n<p><strong><b>Grafite di purezza standard <\/b><\/strong><strong><b>rondella<\/b><\/strong><\/p>\n<p>Il suo contenuto di carbonio \u00e8 di circa 99%, quindi \u00e8 adatto alle esigenze generali di tenuta industriale come tubi, valvole, ecc.<\/p>\n<p>&nbsp;<\/p>\n<p><strong><b>Grafite ad alta purezza <\/b><\/strong><strong><b>rondella<\/b><\/strong><\/p>\n<p>Il suo contenuto di carbonio \u00e8 superiore al 99,5%, che pu\u00f2 essere utilizzato per settori con requisiti di purezza estremamente elevati, come i semiconduttori.<\/p>\n<p>&nbsp;<\/p>\n<p><strong><b>Classificati per forma<\/b><\/strong><\/p>\n<p><strong><b>Piatto<\/b><\/strong><strong><b>\u00a0<\/b><\/strong><strong><b>grafite <\/b><\/strong><strong><b>rondella<\/b><\/strong><\/p>\n<p>\u00c8 la rondella circolare pi\u00f9 comune, adatta alla tenuta statica di flange, pompe, valvole, ecc.<\/p>\n<p><strong><b>G<\/b><\/strong><strong><b>rafite <\/b><\/strong><strong><b>rondella<\/b><\/strong><strong><b>\u00a0con struttura incorporata<\/b><\/strong><\/p>\n<p>Come la rondella di grafite rinforzata con metallo, combina una struttura metallica, migliorando la forza e la resistenza alla compressione.<\/p>\n<p>&nbsp;<\/p>\n<p><strong><b>Forma speciale<\/b><\/strong><strong><b>\u00a0<\/b><\/strong><strong><b>grafite<\/b><\/strong><strong><b>\u00a0rondella<\/b><\/strong><\/p>\n<p>\u00c8 possibile personalizzarlo in forme specifiche in base ai requisiti dell'apparecchiatura, come rettangolare, ellittico, ecc.<\/p>\n<p>&nbsp;<\/p>\n<h2>Usi della rondella di grafite<\/h2>\n<p><strong><b>Industria chimica<\/b><\/strong><\/p>\n<p>Grazie all'eccellente resistenza alla corrosione, \u00e8 in grado di prevenire efficacemente le perdite di fluidi, garantendo la sicurezza della produzione e la stabilit\u00e0 delle apparecchiature.<\/p>\n<p>&nbsp;<\/p>\n<p><strong><b>Industria energetica<\/b><\/strong><\/p>\n<p><strong><b>Negli oleodotti per il trasporto del petrolio<\/b><\/strong><\/p>\n<p>\u00c8 possibile utilizzare le rondelle di grafite come componenti di tenuta della flangia per resistere alla corrosione del petrolio greggio e agli ambienti ad alta pressione. In questo modo si garantisce la tenuta del sistema di trasporto.<\/p>\n<p>&nbsp;<\/p>\n<p><strong><b>In n<\/b><\/strong><strong><b>apparecchiature per il gas naturale <\/b><\/strong><\/p>\n<p>Ha propriet\u00e0 di resistenza alle alte temperature e alle alte pressioni, quindi pu\u00f2 essere utilizzato anche per la sigillatura delle interfacce. Nei serbatoi di stoccaggio del gas naturale e nei compressori, pu\u00f2 contribuire a migliorare la sicurezza operativa delle apparecchiature.<\/p>\n<p>&nbsp;<\/p>\n<p><strong><b>Industria meccanica<\/b><\/strong><\/p>\n<p><strong><b>Sigillatura delle condutture<\/b><\/strong><\/p>\n<p>Grazie alle eccellenti prestazioni di tenuta, resistenza termica e flessibilit\u00e0, \u00e8 un materiale ideale per la produzione di componenti di tenuta di tubazioni, pompe, valvole, ecc. Pu\u00f2 essere utilizzato in settori come quello automobilistico, energetico e cartario, per prevenire efficacemente le perdite di liquidi e gas.<\/p>\n<p>&nbsp;<\/p>\n<p><strong><b>Sigillatura dell'interfaccia dell'apparecchiatura<\/b><\/strong><\/p>\n<p>Grazie alle buone prestazioni di compressione e rimbalzo, pu\u00f2 essere utilizzato come componente di tenuta per le interfacce di varie apparecchiature meccaniche. Pu\u00f2 ridurre le perdite causate da vibrazioni e variazioni di pressione e migliorare l'efficienza del funzionamento meccanico.<\/p>\n<p>&nbsp;<\/p>\n<p><strong><b>Industria alimentare e farmaceutica<\/b><\/strong><\/p>\n<p><strong><b>Tenuta del recipiente del reattore<\/b><\/strong><\/p>\n<p>Pu\u00f2 essere utilizzato come materiale di tenuta per reattori alimentari e farmaceutici grazie alla sua forte inerzia chimica. Non contamina i materiali e pu\u00f2 quindi garantire la purezza del prodotto, prolungando la vita utile delle apparecchiature.<\/p>\n<p>&nbsp;<\/p>\n<p><strong><b>Industria della refrigerazione<\/b><\/strong><\/p>\n<p><strong><b>Sigillatura delle apparecchiature di refrigerazione<\/b><\/strong><\/p>\n<p>Nei sistemi di refrigerazione, pu\u00f2 resistere alle basse temperature, alle propriet\u00e0 chimiche dei refrigeranti e ad altri ambienti difficili. Pu\u00f2 essere utilizzato come componente di tenuta per tubi e componenti per migliorare l'efficienza e la stabilit\u00e0 del sistema di refrigerazione.<\/p>","protected":false},"excerpt":{"rendered":"<p>La rondella di grafite \u00e8 un componente di tenuta a forma di anello costituito da grafite come materiale centrale, chiamato anche rondella a base di carbonio. Viene prodotta mediante pressatura, taglio e altri processi a partire dalla grafite naturale o dalla grafite artificiale di elevata purezza; alcuni prodotti possono incorporare rivestimenti metallici per migliorare la resistenza complessiva. Ha eccezionali prestazioni di tenuta, resistenza alla temperatura, alla corrosione e alla stabilit\u00e0 chimica, ed \u00e8 molto adatta per le esigenze di tenuta statica.<\/p>","protected":false},"featured_media":0,"template":"","meta":[],"product_brand":[],"product_cat":[38],"product_tag":[],"class_list":{"0":"post-8015","1":"product","2":"type-product","3":"status-publish","5":"product_cat-graphite-products","7":"first","8":"instock","9":"shipping-taxable","10":"product-type-simple"},"yoast_head":"<!-- This site is optimized with the Yoast SEO Premium plugin v19.2.1 (Yoast SEO v25.3) - https:\/\/yoast.com\/wordpress\/plugins\/seo\/ -->\n<title>Graphite Washer | Jinsun Carbon<\/title>\n<meta name=\"robots\" content=\"index, follow, max-snippet:-1, max-image-preview:large, max-video-preview:-1\" \/>\n<link rel=\"canonical\" href=\"https:\/\/jinsuncarbon.com\/it\/prodotto\/rondella-di-grafite\/\" \/>\n<meta property=\"og:locale\" content=\"it_IT\" \/>\n<meta property=\"og:type\" content=\"article\" \/>\n<meta property=\"og:title\" content=\"Graphite Washer\" \/>\n<meta property=\"og:description\" content=\"Graphite washer\u00a0is a ring-shaped sealing component made of graphite as the core material, which\u00a0is also called carbon-based washer. It\u00a0is manufactured by pressing, cutting and other processes from natural graphite or high-purity artificial graphite, and some products may incorporate metal linings to enhance overall strength. It has\u00a0outstanding sealing performance, temperature resistance, corrosion resistance and chemical stability, which is\u00a0highly suitable for static sealing requirements.\" \/>\n<meta property=\"og:url\" content=\"https:\/\/jinsuncarbon.com\/it\/prodotto\/rondella-di-grafite\/\" \/>\n<meta property=\"og:site_name\" content=\"Jinsun Carbon\" \/>\n<meta property=\"article:publisher\" content=\"https:\/\/www.facebook.com\/Graphite-Electrode-109336238661595\" \/>\n<meta property=\"article:modified_time\" content=\"2025-08-02T00:04:40+00:00\" \/>\n<meta property=\"og:image\" content=\"https:\/\/jinsuncarbon.com\/wp-content\/uploads\/2022\/12\/1f16999dc0b243ed0868893795772a5.jpg\" \/>\n\t<meta property=\"og:image:width\" content=\"1024\" \/>\n\t<meta property=\"og:image:height\" content=\"777\" \/>\n\t<meta property=\"og:image:type\" content=\"image\/jpeg\" \/>\n<meta name=\"twitter:card\" content=\"summary_large_image\" \/>\n<meta name=\"twitter:site\" content=\"@jinsuncarbon_\" \/>\n<meta name=\"twitter:label1\" content=\"Tempo di lettura stimato\" \/>\n\t<meta name=\"twitter:data1\" content=\"3 minuti\" \/>\n<script type=\"application\/ld+json\" class=\"yoast-schema-graph\">{\"@context\":\"https:\/\/schema.org\",\"@graph\":[{\"@type\":\"WebPage\",\"@id\":\"https:\/\/jinsuncarbon.com\/product\/graphite-washer\/\",\"url\":\"https:\/\/jinsuncarbon.com\/product\/graphite-washer\/\",\"name\":\"Graphite Washer | Jinsun Carbon\",\"isPartOf\":{\"@id\":\"https:\/\/jinsuncarbon.com\/#website\"},\"datePublished\":\"2025-08-02T00:04:39+00:00\",\"dateModified\":\"2025-08-02T00:04:40+00:00\",\"breadcrumb\":{\"@id\":\"https:\/\/jinsuncarbon.com\/product\/graphite-washer\/#breadcrumb\"},\"inLanguage\":\"it-IT\",\"potentialAction\":[{\"@type\":\"ReadAction\",\"target\":[\"https:\/\/jinsuncarbon.com\/product\/graphite-washer\/\"]}]},{\"@type\":\"BreadcrumbList\",\"@id\":\"https:\/\/jinsuncarbon.com\/product\/graphite-washer\/#breadcrumb\",\"itemListElement\":[{\"@type\":\"ListItem\",\"position\":1,\"name\":\"Home\",\"item\":\"https:\/\/jinsuncarbon.com\/\"},{\"@type\":\"ListItem\",\"position\":2,\"name\":\"Products\",\"item\":\"https:\/\/jinsuncarbon.com\/graphite-carbon\/\"},{\"@type\":\"ListItem\",\"position\":3,\"name\":\"Graphite Washer\"}]},{\"@type\":\"WebSite\",\"@id\":\"https:\/\/jinsuncarbon.com\/#website\",\"url\":\"https:\/\/jinsuncarbon.com\/\",\"name\":\"Jinsun Carbon\",\"description\":\"We are the successful graphite electrode manufacturer in China\",\"publisher\":{\"@id\":\"https:\/\/jinsuncarbon.com\/#organization\"},\"potentialAction\":[{\"@type\":\"SearchAction\",\"target\":{\"@type\":\"EntryPoint\",\"urlTemplate\":\"https:\/\/jinsuncarbon.com\/?s={search_term_string}\"},\"query-input\":{\"@type\":\"PropertyValueSpecification\",\"valueRequired\":true,\"valueName\":\"search_term_string\"}}],\"inLanguage\":\"it-IT\"},{\"@type\":\"Organization\",\"@id\":\"https:\/\/jinsuncarbon.com\/#organization\",\"name\":\"Jinsun Carbon\",\"alternateName\":\"Jinsun Carbon\",\"url\":\"https:\/\/jinsuncarbon.com\/\",\"logo\":{\"@type\":\"ImageObject\",\"inLanguage\":\"it-IT\",\"@id\":\"https:\/\/jinsuncarbon.com\/#\/schema\/logo\/image\/\",\"url\":\"https:\/\/jinsuncarbon.com\/wp-content\/uploads\/2022\/12\/LOGO-1.png\",\"contentUrl\":\"https:\/\/jinsuncarbon.com\/wp-content\/uploads\/2022\/12\/LOGO-1.png\",\"width\":207,\"height\":80,\"caption\":\"Jinsun Carbon\"},\"image\":{\"@id\":\"https:\/\/jinsuncarbon.com\/#\/schema\/logo\/image\/\"},\"sameAs\":[\"https:\/\/www.facebook.com\/Graphite-Electrode-109336238661595\",\"https:\/\/x.com\/jinsuncarbon_\",\"https:\/\/www.linkedin.com\/in\/jinsungraphite\",\"https:\/\/www.youtube.com\/channel\/UCysDNyvyR5-3cCWEmpkVC0g\"]}]}<\/script>\n<!-- \/ Yoast SEO Premium plugin. -->","yoast_head_json":{"title":"Rondella di grafite | Jinsun Carbon","robots":{"index":"index","follow":"follow","max-snippet":"max-snippet:-1","max-image-preview":"max-image-preview:large","max-video-preview":"max-video-preview:-1"},"canonical":"https:\/\/jinsuncarbon.com\/it\/prodotto\/rondella-di-grafite\/","og_locale":"it_IT","og_type":"article","og_title":"Graphite Washer","og_description":"Graphite washer\u00a0is a ring-shaped sealing component made of graphite as the core material, which\u00a0is also called carbon-based washer. It\u00a0is manufactured by pressing, cutting and other processes from natural graphite or high-purity artificial graphite, and some products may incorporate metal linings to enhance overall strength. It has\u00a0outstanding sealing performance, temperature resistance, corrosion resistance and chemical stability, which is\u00a0highly suitable for static sealing requirements.","og_url":"https:\/\/jinsuncarbon.com\/it\/prodotto\/rondella-di-grafite\/","og_site_name":"Jinsun Carbon","article_publisher":"https:\/\/www.facebook.com\/Graphite-Electrode-109336238661595","article_modified_time":"2025-08-02T00:04:40+00:00","og_image":[{"width":1024,"height":777,"url":"https:\/\/jinsuncarbon.com\/wp-content\/uploads\/2022\/12\/1f16999dc0b243ed0868893795772a5.jpg","type":"image\/jpeg"}],"twitter_card":"summary_large_image","twitter_site":"@jinsuncarbon_","twitter_misc":{"Tempo di lettura stimato":"3 minuti"},"schema":{"@context":"https:\/\/schema.org","@graph":[{"@type":"WebPage","@id":"https:\/\/jinsuncarbon.com\/product\/graphite-washer\/","url":"https:\/\/jinsuncarbon.com\/product\/graphite-washer\/","name":"Rondella di grafite | Jinsun Carbon","isPartOf":{"@id":"https:\/\/jinsuncarbon.com\/#website"},"datePublished":"2025-08-02T00:04:39+00:00","dateModified":"2025-08-02T00:04:40+00:00","breadcrumb":{"@id":"https:\/\/jinsuncarbon.com\/product\/graphite-washer\/#breadcrumb"},"inLanguage":"it-IT","potentialAction":[{"@type":"ReadAction","target":["https:\/\/jinsuncarbon.com\/product\/graphite-washer\/"]}]},{"@type":"BreadcrumbList","@id":"https:\/\/jinsuncarbon.com\/product\/graphite-washer\/#breadcrumb","itemListElement":[{"@type":"ListItem","position":1,"name":"Home","item":"https:\/\/jinsuncarbon.com\/"},{"@type":"ListItem","position":2,"name":"Products","item":"https:\/\/jinsuncarbon.com\/graphite-carbon\/"},{"@type":"ListItem","position":3,"name":"Graphite Washer"}]},{"@type":"WebSite","@id":"https:\/\/jinsuncarbon.com\/#website","url":"https:\/\/jinsuncarbon.com\/","name":"Jinsun Carbon","description":"Siamo il produttore di elettrodi di grafite di successo in Cina","publisher":{"@id":"https:\/\/jinsuncarbon.com\/#organization"},"potentialAction":[{"@type":"SearchAction","target":{"@type":"EntryPoint","urlTemplate":"https:\/\/jinsuncarbon.com\/?s={search_term_string}"},"query-input":{"@type":"PropertyValueSpecification","valueRequired":true,"valueName":"search_term_string"}}],"inLanguage":"it-IT"},{"@type":"Organization","@id":"https:\/\/jinsuncarbon.com\/#organization","name":"Jinsun Carbon","alternateName":"Jinsun Carbon","url":"https:\/\/jinsuncarbon.com\/","logo":{"@type":"ImageObject","inLanguage":"it-IT","@id":"https:\/\/jinsuncarbon.com\/#\/schema\/logo\/image\/","url":"https:\/\/jinsuncarbon.com\/wp-content\/uploads\/2022\/12\/LOGO-1.png","contentUrl":"https:\/\/jinsuncarbon.com\/wp-content\/uploads\/2022\/12\/LOGO-1.png","width":207,"height":80,"caption":"Jinsun Carbon"},"image":{"@id":"https:\/\/jinsuncarbon.com\/#\/schema\/logo\/image\/"},"sameAs":["https:\/\/www.facebook.com\/Graphite-Electrode-109336238661595","https:\/\/x.com\/jinsuncarbon_","https:\/\/www.linkedin.com\/in\/jinsungraphite","https:\/\/www.youtube.com\/channel\/UCysDNyvyR5-3cCWEmpkVC0g"]}]}},"_links":{"self":[{"href":"https:\/\/jinsuncarbon.com\/it\/wp-json\/wp\/v2\/product\/8015","targetHints":{"allow":["GET"]}}],"collection":[{"href":"https:\/\/jinsuncarbon.com\/it\/wp-json\/wp\/v2\/product"}],"about":[{"href":"https:\/\/jinsuncarbon.com\/it\/wp-json\/wp\/v2\/types\/product"}],"wp:attachment":[{"href":"https:\/\/jinsuncarbon.com\/it\/wp-json\/wp\/v2\/media?parent=8015"}],"wp:term":[{"taxonomy":"product_brand","embeddable":true,"href":"https:\/\/jinsuncarbon.com\/it\/wp-json\/wp\/v2\/product_brand?post=8015"},{"taxonomy":"product_cat","embeddable":true,"href":"https:\/\/jinsuncarbon.com\/it\/wp-json\/wp\/v2\/product_cat?post=8015"},{"taxonomy":"product_tag","embeddable":true,"href":"https:\/\/jinsuncarbon.com\/it\/wp-json\/wp\/v2\/product_tag?post=8015"}],"curies":[{"name":"wp","href":"https:\/\/api.w.org\/{rel}","templated":true}]}}