{"id":7952,"date":"2025-05-20T02:02:09","date_gmt":"2025-05-20T02:02:09","guid":{"rendered":"https:\/\/jinsuncarbon.com\/?post_type=product&#038;p=7952"},"modified":"2025-05-20T07:06:32","modified_gmt":"2025-05-20T07:06:32","slug":"blocco-di-grafite-stampato","status":"publish","type":"product","link":"https:\/\/jinsuncarbon.com\/it\/prodotto\/blocco-di-grafite-stampato\/","title":{"rendered":"Blocco di grafite stampato"},"content":{"rendered":"<p>&nbsp;<\/p>\n<h2>Vantaggi dei blocchi di grafite stampata<\/h2>\n<h3>Resistenza alle alte temperature<\/h3>\n<p>I blocchi di grafite stampata possono essere utilizzati in presenza di calore eccessivo. Non si dissolvono e non si degradano come i metalli. Il blocco rimane intatto anche a temperature fino a 3000\u00b0C. Non si torce, non si piega e non si deforma. Questo lo rende ideale per l'uso in forni e fornaci.<\/p>\n<h3>Buona conducibilit\u00e0 termica<\/h3>\n<p>La grafite formata \u00e8 termicamente conduttiva. Diffonde il calore in modo uniforme. In questo modo si evitano i punti caldi nella fusione e nel riscaldamento. In questo modo si ottiene un controllo della temperatura uniforme e stabile.<\/p>\n<h3>Eccellente conduttivit\u00e0 elettrica<\/h3>\n<p>Nelle configurazioni elettriche, \u00e8 possibile utilizzare blocchi di grafite stampata. Trasportano bene la corrente. Si possono applicare agli elettrodi, alle barre di riscaldamento e ai componenti delle batterie. Forniscono un flusso costante di elettricit\u00e0.<\/p>\n<h3>Forte resistenza agli agenti chimici<\/h3>\n<p>I blocchi di grafite stampata sono resistenti a un gran numero di sostanze chimiche. Non possono essere attaccati da acidi, alcali o solventi. Possono essere utilizzati in serbatoi chimici, reattori e apparecchiature di lavorazione.<\/p>\n<h3>Bassa espansione termica<\/h3>\n<p>La grafite cotta non si gonfia molto al riscaldamento. La stabilit\u00e0 dimensionale \u00e8 minore. Ci\u00f2 riduce la probabilit\u00e0 di crepe o spostamenti di forma. Ci\u00f2 consente di ottenere pezzi precisi.<\/p>\n<h3>Facile da lavorare<\/h3>\n<p>Pu\u00f2 essere rifilato e formato in un blocco di grafite stampato. \u00c8 adatto a macchine comuni o a macchine CNC. Si pu\u00f2 forare, smerigliare o intagliare per ottenere dettagli precisi. Si risparmia tempo e denaro.<\/p>\n<h3>Alta resistenza meccanica<\/h3>\n<p><a href=\"https:\/\/jinsuncarbon.com\/it\/prodotto\/blocco-di-grafite\/\">Blocchi di grafite<\/a> forma \u00e8 resistente. Sono abbastanza robusti da sopportare carichi pesanti e pressioni. Sono adatti all'uso in ambienti di lavoro difficili. Non si scheggiano e non si rompono facilmente.<\/p>\n<h3>Non metallico e puro<\/h3>\n<p>Riceverete una purezza del carbonio del 99,9% e nessuna contaminazione da metalli. Sono ideali per ambienti sensibili o puliti. La grafite stampata \u00e8 ideale per gli strumenti alimentari, le camere bianche e gli attrezzi da laboratorio.<\/p>\n<h3>Lunga durata di vita<\/h3>\n<p>Grafite modellata che dura a lungo. Sono resistenti all'usura, al calore e agli agenti chimici. Non \u00e8 necessario cambiarle spesso. Ci\u00f2 significa che non dovrete spendere soldi per la manutenzione.<\/p>\n<h2>Applicazioni del blocco di grafite modellata<\/h2>\n<p><strong>Componenti del forno<\/strong><\/p>\n<p>I blocchi di grafite stampata possono essere utilizzati nei forni. Sono ideali per essere utilizzati come rivestimenti, isolanti, elementi riscaldanti, ecc. Sono in grado di resistere agli shock termici.<\/p>\n<p><strong>Stampi per colata<\/strong><\/p>\n<p>I blocchi possono essere lavorati in stampi per colata. Si possono utilizzare su alluminio, ottone o altri metalli. Offrono superfici pulite. Non aderiscono al metallo fuso.<\/p>\n<p><strong>Elettrodi per elettroerosione<\/strong><\/p>\n<p>La grafite stampata pu\u00f2 essere utilizzata per <a href=\"https:\/\/en.wikipedia.org\/wiki\/Electrical_discharge_machining\" target=\"_blank\" rel=\"noopener\">EDM<\/a>. Il blocco funge da elettrodo. Scolpisce i metalli con precisione. \u00c8 inoltre resistente all'erosione e al calore.<\/p>\n<p><strong>Crogioli<\/strong><\/p>\n<p>\u00c8 possibile utilizzare blocchi di grafite stampati per formare crogioli. Si tratta di recipienti riempiti di metallo fuso. Il testo non risponde. Tendono a durare pi\u00f9 a lungo di molte altre opzioni.<\/p>\n<p><strong>Parti dello scambiatore di calore<\/strong><\/p>\n<p>Si possono lavorare in componenti di scambiatori di calore. Trasferiscono rapidamente il calore. Resistono alla corrosione. Possono essere utilizzati in sistemi chimici o termici.<\/p>\n<p><strong>Apparecchiature per il trattamento chimico<\/strong><\/p>\n<p>Grafite modellata da utilizzare in pompe, valvole, guarnizioni e ugelli. Funziona con acidi e solventi potenti. Resiste alla ruggine e all'usura. Inoltre, garantisce un controllo del flusso chimico a lungo termine.<\/p>\n<p><strong>Parti meccaniche<\/strong><\/p>\n<p>\u00c8 inoltre possibile fabbricare boccole, cuscinetti e pattini di scorrimentoBlocchi di grafite stampati ad iniezione. Questi componenti riducono l'attrito. Funzionano senza ulteriore lubrificazione. Sono particolarmente utili nei sistemi asciutti o puliti.<\/p>\n<p><strong>Industria dei semiconduttori<\/strong><\/p>\n<p>Il processo di fabbricazione dei chip pu\u00f2 utilizzare blocchi stampati in grafite. Essi si comportano bene a temperature elevate in camere a vuoto. La loro completa purezza e l'elevata stabilit\u00e0 consentono di soddisfare anche i requisiti pi\u00f9 severi. Non emettono particelle o gas.<\/p>","protected":false},"excerpt":{"rendered":"<p>Il blocco di grafite stampata \u00e8 un materiale resistente al calore di alta qualit\u00e0 per uso industriale. Pu\u00f2 essere utilizzato per calore estremo, sostanze chimiche e parti solide lavorate con precisione. Viene utilizzato quotidianamente in molti settori industriali. Offre prestazioni stabili, facilit\u00e0 di manipolazione e una durata di vita prolungata.<\/p>\n<p>Un blocco di grafite modellato mediante un processo di compattazione della polvere \u00e8 un blocco di grafite formato comprimendo la polvere di grafite finemente suddivisa in una forma altamente densa. Viene poi cotto ad alto calore per rassodare la forma. Il prodotto finito \u00e8 un blocco duro di alta qualit\u00e0. Si trasforma in molti componenti. \u00c8 inoltre disponibile in varie dimensioni e forme.<\/p>","protected":false},"featured_media":7953,"template":"","meta":[],"product_brand":[],"product_cat":[38],"product_tag":[],"class_list":{"0":"post-7952","1":"product","2":"type-product","3":"status-publish","4":"has-post-thumbnail","6":"product_cat-graphite-products","8":"first","9":"instock","10":"shipping-taxable","11":"product-type-simple"},"yoast_head":"<!-- This site is optimized with the Yoast SEO Premium plugin v19.2.1 (Yoast SEO v25.3) - https:\/\/yoast.com\/wordpress\/plugins\/seo\/ -->\n<title>Molded Graphite Block | Jinsun Carbon<\/title>\n<meta name=\"robots\" content=\"index, follow, max-snippet:-1, max-image-preview:large, max-video-preview:-1\" \/>\n<link rel=\"canonical\" href=\"https:\/\/jinsuncarbon.com\/it\/prodotto\/blocco-di-grafite-stampato\/\" \/>\n<meta property=\"og:locale\" content=\"it_IT\" \/>\n<meta property=\"og:type\" content=\"article\" \/>\n<meta property=\"og:title\" content=\"Molded Graphite Block\" \/>\n<meta property=\"og:description\" content=\"Molded graphite block is a high quality heat-resistant material for industrial use. You can use it for extreme heat, chemicals and precision machined solid parts. It is used every day in many industries. This provides stable performance, easy handling, and extended service life.  A graphite block which is shaped by a powder compaction process is the formed graphite block which was shaped by compressing finely divided graphite powder into a highly dense shape. It is then baked at a high heat to firm up its shape. The finished product is a hard block of high quality. It machines into many components. It\u2019s also available in various sizes and shapes.\" \/>\n<meta property=\"og:url\" content=\"https:\/\/jinsuncarbon.com\/it\/prodotto\/blocco-di-grafite-stampato\/\" \/>\n<meta property=\"og:site_name\" content=\"Jinsun Carbon\" \/>\n<meta property=\"article:publisher\" content=\"https:\/\/www.facebook.com\/Graphite-Electrode-109336238661595\" \/>\n<meta property=\"article:modified_time\" content=\"2025-05-20T07:06:32+00:00\" \/>\n<meta property=\"og:image\" content=\"https:\/\/jinsuncarbon.com\/wp-content\/uploads\/2025\/05\/Molded-Graphite-Block.jpg\" \/>\n\t<meta property=\"og:image:width\" content=\"1024\" \/>\n\t<meta property=\"og:image:height\" content=\"763\" \/>\n\t<meta property=\"og:image:type\" content=\"image\/jpeg\" \/>\n<meta name=\"twitter:card\" content=\"summary_large_image\" \/>\n<meta name=\"twitter:site\" content=\"@jinsuncarbon_\" \/>\n<meta name=\"twitter:label1\" content=\"Tempo di lettura stimato\" \/>\n\t<meta name=\"twitter:data1\" content=\"3 minuti\" \/>\n<script type=\"application\/ld+json\" class=\"yoast-schema-graph\">{\"@context\":\"https:\/\/schema.org\",\"@graph\":[{\"@type\":\"WebPage\",\"@id\":\"https:\/\/jinsuncarbon.com\/product\/molded-graphite-block\/\",\"url\":\"https:\/\/jinsuncarbon.com\/product\/molded-graphite-block\/\",\"name\":\"Molded Graphite Block | Jinsun Carbon\",\"isPartOf\":{\"@id\":\"https:\/\/jinsuncarbon.com\/#website\"},\"primaryImageOfPage\":{\"@id\":\"https:\/\/jinsuncarbon.com\/product\/molded-graphite-block\/#primaryimage\"},\"image\":{\"@id\":\"https:\/\/jinsuncarbon.com\/product\/molded-graphite-block\/#primaryimage\"},\"thumbnailUrl\":\"https:\/\/jinsuncarbon.com\/wp-content\/uploads\/2025\/05\/Molded-Graphite-Block.jpg\",\"datePublished\":\"2025-05-20T02:02:09+00:00\",\"dateModified\":\"2025-05-20T07:06:32+00:00\",\"breadcrumb\":{\"@id\":\"https:\/\/jinsuncarbon.com\/product\/molded-graphite-block\/#breadcrumb\"},\"inLanguage\":\"it-IT\",\"potentialAction\":[{\"@type\":\"ReadAction\",\"target\":[\"https:\/\/jinsuncarbon.com\/product\/molded-graphite-block\/\"]}]},{\"@type\":\"ImageObject\",\"inLanguage\":\"it-IT\",\"@id\":\"https:\/\/jinsuncarbon.com\/product\/molded-graphite-block\/#primaryimage\",\"url\":\"https:\/\/jinsuncarbon.com\/wp-content\/uploads\/2025\/05\/Molded-Graphite-Block.jpg\",\"contentUrl\":\"https:\/\/jinsuncarbon.com\/wp-content\/uploads\/2025\/05\/Molded-Graphite-Block.jpg\",\"width\":1024,\"height\":763,\"caption\":\"Molded Graphite Block\"},{\"@type\":\"BreadcrumbList\",\"@id\":\"https:\/\/jinsuncarbon.com\/product\/molded-graphite-block\/#breadcrumb\",\"itemListElement\":[{\"@type\":\"ListItem\",\"position\":1,\"name\":\"Home\",\"item\":\"https:\/\/jinsuncarbon.com\/\"},{\"@type\":\"ListItem\",\"position\":2,\"name\":\"Products\",\"item\":\"https:\/\/jinsuncarbon.com\/graphite-carbon\/\"},{\"@type\":\"ListItem\",\"position\":3,\"name\":\"Molded Graphite Block\"}]},{\"@type\":\"WebSite\",\"@id\":\"https:\/\/jinsuncarbon.com\/#website\",\"url\":\"https:\/\/jinsuncarbon.com\/\",\"name\":\"Jinsun Carbon\",\"description\":\"We are the successful graphite electrode manufacturer in China\",\"publisher\":{\"@id\":\"https:\/\/jinsuncarbon.com\/#organization\"},\"potentialAction\":[{\"@type\":\"SearchAction\",\"target\":{\"@type\":\"EntryPoint\",\"urlTemplate\":\"https:\/\/jinsuncarbon.com\/?s={search_term_string}\"},\"query-input\":{\"@type\":\"PropertyValueSpecification\",\"valueRequired\":true,\"valueName\":\"search_term_string\"}}],\"inLanguage\":\"it-IT\"},{\"@type\":\"Organization\",\"@id\":\"https:\/\/jinsuncarbon.com\/#organization\",\"name\":\"Jinsun Carbon\",\"alternateName\":\"Jinsun Carbon\",\"url\":\"https:\/\/jinsuncarbon.com\/\",\"logo\":{\"@type\":\"ImageObject\",\"inLanguage\":\"it-IT\",\"@id\":\"https:\/\/jinsuncarbon.com\/#\/schema\/logo\/image\/\",\"url\":\"https:\/\/jinsuncarbon.com\/wp-content\/uploads\/2022\/12\/LOGO-1.png\",\"contentUrl\":\"https:\/\/jinsuncarbon.com\/wp-content\/uploads\/2022\/12\/LOGO-1.png\",\"width\":207,\"height\":80,\"caption\":\"Jinsun Carbon\"},\"image\":{\"@id\":\"https:\/\/jinsuncarbon.com\/#\/schema\/logo\/image\/\"},\"sameAs\":[\"https:\/\/www.facebook.com\/Graphite-Electrode-109336238661595\",\"https:\/\/x.com\/jinsuncarbon_\",\"https:\/\/www.linkedin.com\/in\/jinsungraphite\",\"https:\/\/www.youtube.com\/channel\/UCysDNyvyR5-3cCWEmpkVC0g\"]}]}<\/script>\n<!-- \/ Yoast SEO Premium plugin. -->","yoast_head_json":{"title":"Blocco di grafite modellata | Jinsun Carbon","robots":{"index":"index","follow":"follow","max-snippet":"max-snippet:-1","max-image-preview":"max-image-preview:large","max-video-preview":"max-video-preview:-1"},"canonical":"https:\/\/jinsuncarbon.com\/it\/prodotto\/blocco-di-grafite-stampato\/","og_locale":"it_IT","og_type":"article","og_title":"Molded Graphite Block","og_description":"Molded graphite block is a high quality heat-resistant material for industrial use. You can use it for extreme heat, chemicals and precision machined solid parts. It is used every day in many industries. This provides stable performance, easy handling, and extended service life.  A graphite block which is shaped by a powder compaction process is the formed graphite block which was shaped by compressing finely divided graphite powder into a highly dense shape. It is then baked at a high heat to firm up its shape. The finished product is a hard block of high quality. It machines into many components. It\u2019s also available in various sizes and shapes.","og_url":"https:\/\/jinsuncarbon.com\/it\/prodotto\/blocco-di-grafite-stampato\/","og_site_name":"Jinsun Carbon","article_publisher":"https:\/\/www.facebook.com\/Graphite-Electrode-109336238661595","article_modified_time":"2025-05-20T07:06:32+00:00","og_image":[{"width":1024,"height":763,"url":"https:\/\/jinsuncarbon.com\/wp-content\/uploads\/2025\/05\/Molded-Graphite-Block.jpg","type":"image\/jpeg"}],"twitter_card":"summary_large_image","twitter_site":"@jinsuncarbon_","twitter_misc":{"Tempo di lettura stimato":"3 minuti"},"schema":{"@context":"https:\/\/schema.org","@graph":[{"@type":"WebPage","@id":"https:\/\/jinsuncarbon.com\/product\/molded-graphite-block\/","url":"https:\/\/jinsuncarbon.com\/product\/molded-graphite-block\/","name":"Blocco di grafite modellata | Jinsun Carbon","isPartOf":{"@id":"https:\/\/jinsuncarbon.com\/#website"},"primaryImageOfPage":{"@id":"https:\/\/jinsuncarbon.com\/product\/molded-graphite-block\/#primaryimage"},"image":{"@id":"https:\/\/jinsuncarbon.com\/product\/molded-graphite-block\/#primaryimage"},"thumbnailUrl":"https:\/\/jinsuncarbon.com\/wp-content\/uploads\/2025\/05\/Molded-Graphite-Block.jpg","datePublished":"2025-05-20T02:02:09+00:00","dateModified":"2025-05-20T07:06:32+00:00","breadcrumb":{"@id":"https:\/\/jinsuncarbon.com\/product\/molded-graphite-block\/#breadcrumb"},"inLanguage":"it-IT","potentialAction":[{"@type":"ReadAction","target":["https:\/\/jinsuncarbon.com\/product\/molded-graphite-block\/"]}]},{"@type":"ImageObject","inLanguage":"it-IT","@id":"https:\/\/jinsuncarbon.com\/product\/molded-graphite-block\/#primaryimage","url":"https:\/\/jinsuncarbon.com\/wp-content\/uploads\/2025\/05\/Molded-Graphite-Block.jpg","contentUrl":"https:\/\/jinsuncarbon.com\/wp-content\/uploads\/2025\/05\/Molded-Graphite-Block.jpg","width":1024,"height":763,"caption":"Molded Graphite Block"},{"@type":"BreadcrumbList","@id":"https:\/\/jinsuncarbon.com\/product\/molded-graphite-block\/#breadcrumb","itemListElement":[{"@type":"ListItem","position":1,"name":"Home","item":"https:\/\/jinsuncarbon.com\/"},{"@type":"ListItem","position":2,"name":"Products","item":"https:\/\/jinsuncarbon.com\/graphite-carbon\/"},{"@type":"ListItem","position":3,"name":"Molded Graphite Block"}]},{"@type":"WebSite","@id":"https:\/\/jinsuncarbon.com\/#website","url":"https:\/\/jinsuncarbon.com\/","name":"Jinsun Carbon","description":"Siamo il produttore di elettrodi di grafite di successo in Cina","publisher":{"@id":"https:\/\/jinsuncarbon.com\/#organization"},"potentialAction":[{"@type":"SearchAction","target":{"@type":"EntryPoint","urlTemplate":"https:\/\/jinsuncarbon.com\/?s={search_term_string}"},"query-input":{"@type":"PropertyValueSpecification","valueRequired":true,"valueName":"search_term_string"}}],"inLanguage":"it-IT"},{"@type":"Organization","@id":"https:\/\/jinsuncarbon.com\/#organization","name":"Jinsun Carbon","alternateName":"Jinsun Carbon","url":"https:\/\/jinsuncarbon.com\/","logo":{"@type":"ImageObject","inLanguage":"it-IT","@id":"https:\/\/jinsuncarbon.com\/#\/schema\/logo\/image\/","url":"https:\/\/jinsuncarbon.com\/wp-content\/uploads\/2022\/12\/LOGO-1.png","contentUrl":"https:\/\/jinsuncarbon.com\/wp-content\/uploads\/2022\/12\/LOGO-1.png","width":207,"height":80,"caption":"Jinsun Carbon"},"image":{"@id":"https:\/\/jinsuncarbon.com\/#\/schema\/logo\/image\/"},"sameAs":["https:\/\/www.facebook.com\/Graphite-Electrode-109336238661595","https:\/\/x.com\/jinsuncarbon_","https:\/\/www.linkedin.com\/in\/jinsungraphite","https:\/\/www.youtube.com\/channel\/UCysDNyvyR5-3cCWEmpkVC0g"]}]}},"_links":{"self":[{"href":"https:\/\/jinsuncarbon.com\/it\/wp-json\/wp\/v2\/product\/7952","targetHints":{"allow":["GET"]}}],"collection":[{"href":"https:\/\/jinsuncarbon.com\/it\/wp-json\/wp\/v2\/product"}],"about":[{"href":"https:\/\/jinsuncarbon.com\/it\/wp-json\/wp\/v2\/types\/product"}],"wp:featuredmedia":[{"embeddable":true,"href":"https:\/\/jinsuncarbon.com\/it\/wp-json\/wp\/v2\/media\/7953"}],"wp:attachment":[{"href":"https:\/\/jinsuncarbon.com\/it\/wp-json\/wp\/v2\/media?parent=7952"}],"wp:term":[{"taxonomy":"product_brand","embeddable":true,"href":"https:\/\/jinsuncarbon.com\/it\/wp-json\/wp\/v2\/product_brand?post=7952"},{"taxonomy":"product_cat","embeddable":true,"href":"https:\/\/jinsuncarbon.com\/it\/wp-json\/wp\/v2\/product_cat?post=7952"},{"taxonomy":"product_tag","embeddable":true,"href":"https:\/\/jinsuncarbon.com\/it\/wp-json\/wp\/v2\/product_tag?post=7952"}],"curies":[{"name":"wp","href":"https:\/\/api.w.org\/{rel}","templated":true}]}}