{"id":7941,"date":"2025-05-10T09:15:32","date_gmt":"2025-05-10T09:15:32","guid":{"rendered":"https:\/\/jinsuncarbon.com\/?post_type=product&#038;p=7941"},"modified":"2025-05-10T09:15:33","modified_gmt":"2025-05-10T09:15:33","slug":"paletta-in-grafite","status":"publish","type":"product","link":"https:\/\/jinsuncarbon.com\/it\/prodotto\/paletta-in-grafite\/","title":{"rendered":"Paletta in grafite"},"content":{"rendered":"<h2>Vantaggi della paletta in grafite<\/h2>\n<p><strong><b>Grande<\/b><\/strong><strong><b>\u00a0stabilit\u00e0 termica <\/b><\/strong><\/p>\n<p>Pu\u00f2 mantenere la stabilit\u00e0 strutturale e prestazionale in un ampio intervallo di temperature, da -200\u2103 a 450\u2103, affrontando efficacemente ambienti ad alta o bassa temperatura.<\/p>\n<p>&nbsp;<\/p>\n<p><strong><b>Stabile <\/b><\/strong><strong><b>propriet\u00e0 chimiche<\/b><\/strong><\/p>\n<p>Non reagisce quasi mai con le sostanze chimiche comuni, per cui pu\u00f2 essere utilizzato a lungo anche in ambienti chimicamente corrosivi.<\/p>\n<p>&nbsp;<\/p>\n<p><strong><b>Coefficiente di attrito estremamente basso <\/b><\/strong><\/p>\n<p>Ci\u00f2 consente di avere una capacit\u00e0 autolubrificante, che pu\u00f2 ridurre significativamente la perdita di attrito con altri componenti e diminuire la frequenza della manutenzione.<\/p>\n<p>&nbsp;<\/p>\n<p><strong><b>Eccellente conducibilit\u00e0 termica ed elettrica<\/b><\/strong><\/p>\n<p>\u00c8 in grado di condurre rapidamente il calore, di prevenire il surriscaldamento locale e di soddisfare i requisiti di applicazione in ambienti elettromagnetici specifici.<\/p>\n<p>&nbsp;<\/p>\n<p><strong><b>Bassa densit\u00e0<\/b><\/strong><\/p>\n<p>Il peso contenuto contribuisce a ridurre il carico complessivo dell'apparecchiatura e a migliorare l'efficienza operativa.<\/p>\n<p>&nbsp;<\/p>\n<p><strong><b>Buone prestazioni di lavorazione<\/b><\/strong><\/p>\n<p>\u00c8 possibile personalizzare forme e dimensioni in base alle diverse esigenze, come palette di grafite cave, palette di grafite solide, ecc. Inoltre, \u00e8 possibile scegliere diversi tipi di palette in grafite realizzate con processi di pressatura e tecniche di lavorazione di precisione.<\/p>\n<p><strong><b>\u00a0<\/b><\/strong><\/p>\n<h2>Usi della paletta di grafite<\/h2>\n<h3>Campo energetico:<\/h3>\n<p><strong><b>Generazione di energia eolica<\/b><\/strong><\/p>\n<p>Grazie all'elevata forza e alla resistenza agli agenti atmosferici, le pale in grafite possono essere utilizzate come pale di turbine eoliche. Possono funzionare in modo stabile in ambienti esterni esposti a lungo all'erosione di vento, sole, sabbia e polvere. In questo modo catturano efficacemente l'energia eolica e migliorano l'efficienza della produzione di energia.<\/p>\n<p>&nbsp;<\/p>\n<p><strong><b>Sistema di energia nucleare<\/b><\/strong><\/p>\n<p>Le palette in grafite di elevata purezza possono funzionare in modo affidabile in ambienti ad alta temperatura e con radiazioni.<\/p>\n<p>Quindi \u00e8 possibile applicarli nel sistema di circolazione del freddo di <a href=\"https:\/\/en.wikipedia.org\/wiki\/Nuclear_reactor\" target=\"_blank\" rel=\"noopener\">reattori nucleari<\/a>\u00a0per garantire un'erogazione stabile dei mezzi di raffreddamento.<\/p>\n<p>&nbsp;<\/p>\n<h3>Produzione industriale:<\/h3>\n<p><strong><b>Attrezzature chimiche<\/b><\/strong><\/p>\n<p>Possono essere utilizzati nei dispositivi di agitazione dei recipienti di reazione chimica e nelle pompe di trasferimento di soluzioni acide e alcaline. Grazie alla loro inerzia chimica, resistono all'erosione di mezzi fortemente corrosivi, prolungando la vita utile delle apparecchiature. Nella centrifuga, la propriet\u00e0 autolubrificante riduce l'attrito e migliora l'efficienza di separazione.<\/p>\n<p>&nbsp;<\/p>\n<p><strong><b>Industria metallurgica<\/b><\/strong><\/p>\n<p>Possono essere utilizzati anche nel sistema di ventilazione dei forni ad alta temperatura. Possono sopportare ambienti polverosi ad alta temperatura e mantenere la circolazione dell'aria e la stabilit\u00e0 della temperatura all'interno del forno. <a href=\"https:\/\/jinsuncarbon.com\/it\/grafite-in-forno-a-vuoto\/\">forni<\/a>.<\/p>\n<p>&nbsp;<\/p>\n<h3>Elettronica e aerospaziale:<\/h3>\n<p><strong><b>Dissipazione del calore elettronico<\/b><\/strong><\/p>\n<p>Anche nelle ventole di raffreddamento dei server e dei computer ad alte prestazioni, le palette di grafite svolgono un ruolo fondamentale. Grazie all'elevata conduttivit\u00e0 termica e alla bassa resistenza al vento, dissipano rapidamente il calore, garantendo il funzionamento stabile dei componenti elettronici.<\/p>\n<p>&nbsp;<\/p>\n<p><strong><b>Aerospaziale<\/b><\/strong><\/p>\n<p>Inoltre, vengono utilizzati nel sistema di controllo ambientale degli aerei per regolare la circolazione dell'aria nella cabina. Le loro caratteristiche di leggerezza, resistenza al calore e alta resistenza soddisfano i severi requisiti di leggerezza e affidabilit\u00e0 delle apparecchiature aerospaziali.<\/p>","protected":false},"excerpt":{"rendered":"<p>Le palette di grafite sono pale o componenti di guida realizzati con grafite di elevata purezza come materiale di base, che si trovano comunemente in alcune apparecchiature industriali o sistemi meccanici. Ad esempio, nel sistema di agitazione dei recipienti di reazione chimica, nelle turbine eoliche, nelle ventole di raffreddamento delle apparecchiature elettroniche, ecc. Grazie all'ottimizzazione della struttura cristallina della grafite, combina le caratteristiche intrinseche dei materiali di grafite e la speciale morfologia funzionale delle palette. Per questo motivo presenta un'eccezionale resistenza alle alte temperature, alla corrosione chimica, all'autolubrificazione e una buona resistenza meccanica. Inoltre, dimostra vantaggi prestazionali di gran lunga superiori a quelli dei materiali tradizionali per le lame in condizioni di lavoro difficili, come l'alta temperatura, la forte corrosione e l'elevato attrito.<\/p>","protected":false},"featured_media":7948,"template":"","meta":[],"product_brand":[],"product_cat":[38],"product_tag":[],"class_list":{"0":"post-7941","1":"product","2":"type-product","3":"status-publish","4":"has-post-thumbnail","6":"product_cat-graphite-products","8":"first","9":"instock","10":"shipping-taxable","11":"product-type-simple"},"yoast_head":"<!-- This site is optimized with the Yoast SEO Premium plugin v19.2.1 (Yoast SEO v25.3) - https:\/\/yoast.com\/wordpress\/plugins\/seo\/ -->\n<title>Graphite Vane Manufacturer in China | Jinsun Carbon<\/title>\n<meta name=\"robots\" content=\"index, follow, max-snippet:-1, max-image-preview:large, max-video-preview:-1\" \/>\n<link rel=\"canonical\" href=\"https:\/\/jinsuncarbon.com\/it\/prodotto\/paletta-in-grafite\/\" \/>\n<meta property=\"og:locale\" content=\"it_IT\" \/>\n<meta property=\"og:type\" content=\"article\" \/>\n<meta property=\"og:title\" content=\"Graphite Vane\" \/>\n<meta property=\"og:description\" content=\"Graphite vanes are blades or guiding components made from high-purity graphite as the base material, which are commonly found in certain industrial equipment or mechanical systems. For example, in the stirring system of chemical reaction vessels, wind turbines, cooling fans of electronic equipment, etc. Through the optimization of the graphite crystal structure, it combines the intrinsic characteristics of graphite materials and the special functional morphology of vanes. So it has outstanding high-temperature resistance, chemical corrosion resistance, self-lubrication and good mechanical strength. And it demonstrates performance advantages far exceeding those of traditional blade materials under harsh working conditions such as high temperature, strong corrosion and high friction.\" \/>\n<meta property=\"og:url\" content=\"https:\/\/jinsuncarbon.com\/it\/prodotto\/paletta-in-grafite\/\" \/>\n<meta property=\"og:site_name\" content=\"Jinsun Carbon\" \/>\n<meta property=\"article:publisher\" content=\"https:\/\/www.facebook.com\/Graphite-Electrode-109336238661595\" \/>\n<meta property=\"article:modified_time\" content=\"2025-05-10T09:15:33+00:00\" \/>\n<meta property=\"og:image\" content=\"https:\/\/jinsuncarbon.com\/wp-content\/uploads\/2025\/05\/Graphite-Vane.jpg\" \/>\n\t<meta property=\"og:image:width\" content=\"1024\" \/>\n\t<meta property=\"og:image:height\" content=\"774\" \/>\n\t<meta property=\"og:image:type\" content=\"image\/jpeg\" \/>\n<meta name=\"twitter:card\" content=\"summary_large_image\" \/>\n<meta name=\"twitter:site\" content=\"@jinsuncarbon_\" \/>\n<meta name=\"twitter:label1\" content=\"Tempo di lettura stimato\" \/>\n\t<meta name=\"twitter:data1\" content=\"3 minuti\" \/>\n<script type=\"application\/ld+json\" class=\"yoast-schema-graph\">{\"@context\":\"https:\/\/schema.org\",\"@graph\":[{\"@type\":\"WebPage\",\"@id\":\"https:\/\/jinsuncarbon.com\/product\/graphite-vane\/\",\"url\":\"https:\/\/jinsuncarbon.com\/product\/graphite-vane\/\",\"name\":\"Graphite Vane Manufacturer in China | Jinsun Carbon\",\"isPartOf\":{\"@id\":\"https:\/\/jinsuncarbon.com\/#website\"},\"primaryImageOfPage\":{\"@id\":\"https:\/\/jinsuncarbon.com\/product\/graphite-vane\/#primaryimage\"},\"image\":{\"@id\":\"https:\/\/jinsuncarbon.com\/product\/graphite-vane\/#primaryimage\"},\"thumbnailUrl\":\"https:\/\/jinsuncarbon.com\/wp-content\/uploads\/2025\/05\/Graphite-Vane.jpg\",\"datePublished\":\"2025-05-10T09:15:32+00:00\",\"dateModified\":\"2025-05-10T09:15:33+00:00\",\"breadcrumb\":{\"@id\":\"https:\/\/jinsuncarbon.com\/product\/graphite-vane\/#breadcrumb\"},\"inLanguage\":\"it-IT\",\"potentialAction\":[{\"@type\":\"ReadAction\",\"target\":[\"https:\/\/jinsuncarbon.com\/product\/graphite-vane\/\"]}]},{\"@type\":\"ImageObject\",\"inLanguage\":\"it-IT\",\"@id\":\"https:\/\/jinsuncarbon.com\/product\/graphite-vane\/#primaryimage\",\"url\":\"https:\/\/jinsuncarbon.com\/wp-content\/uploads\/2025\/05\/Graphite-Vane.jpg\",\"contentUrl\":\"https:\/\/jinsuncarbon.com\/wp-content\/uploads\/2025\/05\/Graphite-Vane.jpg\",\"width\":1024,\"height\":774,\"caption\":\"Graphite Vane\"},{\"@type\":\"BreadcrumbList\",\"@id\":\"https:\/\/jinsuncarbon.com\/product\/graphite-vane\/#breadcrumb\",\"itemListElement\":[{\"@type\":\"ListItem\",\"position\":1,\"name\":\"Home\",\"item\":\"https:\/\/jinsuncarbon.com\/\"},{\"@type\":\"ListItem\",\"position\":2,\"name\":\"Products\",\"item\":\"https:\/\/jinsuncarbon.com\/graphite-carbon\/\"},{\"@type\":\"ListItem\",\"position\":3,\"name\":\"Graphite Vane\"}]},{\"@type\":\"WebSite\",\"@id\":\"https:\/\/jinsuncarbon.com\/#website\",\"url\":\"https:\/\/jinsuncarbon.com\/\",\"name\":\"Jinsun Carbon\",\"description\":\"We are the successful graphite electrode manufacturer in China\",\"publisher\":{\"@id\":\"https:\/\/jinsuncarbon.com\/#organization\"},\"potentialAction\":[{\"@type\":\"SearchAction\",\"target\":{\"@type\":\"EntryPoint\",\"urlTemplate\":\"https:\/\/jinsuncarbon.com\/?s={search_term_string}\"},\"query-input\":{\"@type\":\"PropertyValueSpecification\",\"valueRequired\":true,\"valueName\":\"search_term_string\"}}],\"inLanguage\":\"it-IT\"},{\"@type\":\"Organization\",\"@id\":\"https:\/\/jinsuncarbon.com\/#organization\",\"name\":\"Jinsun Carbon\",\"alternateName\":\"Jinsun Carbon\",\"url\":\"https:\/\/jinsuncarbon.com\/\",\"logo\":{\"@type\":\"ImageObject\",\"inLanguage\":\"it-IT\",\"@id\":\"https:\/\/jinsuncarbon.com\/#\/schema\/logo\/image\/\",\"url\":\"https:\/\/jinsuncarbon.com\/wp-content\/uploads\/2022\/12\/LOGO-1.png\",\"contentUrl\":\"https:\/\/jinsuncarbon.com\/wp-content\/uploads\/2022\/12\/LOGO-1.png\",\"width\":207,\"height\":80,\"caption\":\"Jinsun Carbon\"},\"image\":{\"@id\":\"https:\/\/jinsuncarbon.com\/#\/schema\/logo\/image\/\"},\"sameAs\":[\"https:\/\/www.facebook.com\/Graphite-Electrode-109336238661595\",\"https:\/\/x.com\/jinsuncarbon_\",\"https:\/\/www.linkedin.com\/in\/jinsungraphite\",\"https:\/\/www.youtube.com\/channel\/UCysDNyvyR5-3cCWEmpkVC0g\"]}]}<\/script>\n<!-- \/ Yoast SEO Premium plugin. -->","yoast_head_json":{"title":"Palette di grafite Fornitore in Cina | Jinsun Carbon","robots":{"index":"index","follow":"follow","max-snippet":"max-snippet:-1","max-image-preview":"max-image-preview:large","max-video-preview":"max-video-preview:-1"},"canonical":"https:\/\/jinsuncarbon.com\/it\/prodotto\/paletta-in-grafite\/","og_locale":"it_IT","og_type":"article","og_title":"Graphite Vane","og_description":"Graphite vanes are blades or guiding components made from high-purity graphite as the base material, which are commonly found in certain industrial equipment or mechanical systems. For example, in the stirring system of chemical reaction vessels, wind turbines, cooling fans of electronic equipment, etc. Through the optimization of the graphite crystal structure, it combines the intrinsic characteristics of graphite materials and the special functional morphology of vanes. So it has outstanding high-temperature resistance, chemical corrosion resistance, self-lubrication and good mechanical strength. And it demonstrates performance advantages far exceeding those of traditional blade materials under harsh working conditions such as high temperature, strong corrosion and high friction.","og_url":"https:\/\/jinsuncarbon.com\/it\/prodotto\/paletta-in-grafite\/","og_site_name":"Jinsun Carbon","article_publisher":"https:\/\/www.facebook.com\/Graphite-Electrode-109336238661595","article_modified_time":"2025-05-10T09:15:33+00:00","og_image":[{"width":1024,"height":774,"url":"https:\/\/jinsuncarbon.com\/wp-content\/uploads\/2025\/05\/Graphite-Vane.jpg","type":"image\/jpeg"}],"twitter_card":"summary_large_image","twitter_site":"@jinsuncarbon_","twitter_misc":{"Tempo di lettura stimato":"3 minuti"},"schema":{"@context":"https:\/\/schema.org","@graph":[{"@type":"WebPage","@id":"https:\/\/jinsuncarbon.com\/product\/graphite-vane\/","url":"https:\/\/jinsuncarbon.com\/product\/graphite-vane\/","name":"Palette di grafite Fornitore in Cina | Jinsun Carbon","isPartOf":{"@id":"https:\/\/jinsuncarbon.com\/#website"},"primaryImageOfPage":{"@id":"https:\/\/jinsuncarbon.com\/product\/graphite-vane\/#primaryimage"},"image":{"@id":"https:\/\/jinsuncarbon.com\/product\/graphite-vane\/#primaryimage"},"thumbnailUrl":"https:\/\/jinsuncarbon.com\/wp-content\/uploads\/2025\/05\/Graphite-Vane.jpg","datePublished":"2025-05-10T09:15:32+00:00","dateModified":"2025-05-10T09:15:33+00:00","breadcrumb":{"@id":"https:\/\/jinsuncarbon.com\/product\/graphite-vane\/#breadcrumb"},"inLanguage":"it-IT","potentialAction":[{"@type":"ReadAction","target":["https:\/\/jinsuncarbon.com\/product\/graphite-vane\/"]}]},{"@type":"ImageObject","inLanguage":"it-IT","@id":"https:\/\/jinsuncarbon.com\/product\/graphite-vane\/#primaryimage","url":"https:\/\/jinsuncarbon.com\/wp-content\/uploads\/2025\/05\/Graphite-Vane.jpg","contentUrl":"https:\/\/jinsuncarbon.com\/wp-content\/uploads\/2025\/05\/Graphite-Vane.jpg","width":1024,"height":774,"caption":"Graphite Vane"},{"@type":"BreadcrumbList","@id":"https:\/\/jinsuncarbon.com\/product\/graphite-vane\/#breadcrumb","itemListElement":[{"@type":"ListItem","position":1,"name":"Home","item":"https:\/\/jinsuncarbon.com\/"},{"@type":"ListItem","position":2,"name":"Products","item":"https:\/\/jinsuncarbon.com\/graphite-carbon\/"},{"@type":"ListItem","position":3,"name":"Graphite Vane"}]},{"@type":"WebSite","@id":"https:\/\/jinsuncarbon.com\/#website","url":"https:\/\/jinsuncarbon.com\/","name":"Jinsun Carbon","description":"Siamo il produttore di elettrodi di grafite di successo in Cina","publisher":{"@id":"https:\/\/jinsuncarbon.com\/#organization"},"potentialAction":[{"@type":"SearchAction","target":{"@type":"EntryPoint","urlTemplate":"https:\/\/jinsuncarbon.com\/?s={search_term_string}"},"query-input":{"@type":"PropertyValueSpecification","valueRequired":true,"valueName":"search_term_string"}}],"inLanguage":"it-IT"},{"@type":"Organization","@id":"https:\/\/jinsuncarbon.com\/#organization","name":"Jinsun Carbon","alternateName":"Jinsun Carbon","url":"https:\/\/jinsuncarbon.com\/","logo":{"@type":"ImageObject","inLanguage":"it-IT","@id":"https:\/\/jinsuncarbon.com\/#\/schema\/logo\/image\/","url":"https:\/\/jinsuncarbon.com\/wp-content\/uploads\/2022\/12\/LOGO-1.png","contentUrl":"https:\/\/jinsuncarbon.com\/wp-content\/uploads\/2022\/12\/LOGO-1.png","width":207,"height":80,"caption":"Jinsun Carbon"},"image":{"@id":"https:\/\/jinsuncarbon.com\/#\/schema\/logo\/image\/"},"sameAs":["https:\/\/www.facebook.com\/Graphite-Electrode-109336238661595","https:\/\/x.com\/jinsuncarbon_","https:\/\/www.linkedin.com\/in\/jinsungraphite","https:\/\/www.youtube.com\/channel\/UCysDNyvyR5-3cCWEmpkVC0g"]}]}},"_links":{"self":[{"href":"https:\/\/jinsuncarbon.com\/it\/wp-json\/wp\/v2\/product\/7941","targetHints":{"allow":["GET"]}}],"collection":[{"href":"https:\/\/jinsuncarbon.com\/it\/wp-json\/wp\/v2\/product"}],"about":[{"href":"https:\/\/jinsuncarbon.com\/it\/wp-json\/wp\/v2\/types\/product"}],"wp:featuredmedia":[{"embeddable":true,"href":"https:\/\/jinsuncarbon.com\/it\/wp-json\/wp\/v2\/media\/7948"}],"wp:attachment":[{"href":"https:\/\/jinsuncarbon.com\/it\/wp-json\/wp\/v2\/media?parent=7941"}],"wp:term":[{"taxonomy":"product_brand","embeddable":true,"href":"https:\/\/jinsuncarbon.com\/it\/wp-json\/wp\/v2\/product_brand?post=7941"},{"taxonomy":"product_cat","embeddable":true,"href":"https:\/\/jinsuncarbon.com\/it\/wp-json\/wp\/v2\/product_cat?post=7941"},{"taxonomy":"product_tag","embeddable":true,"href":"https:\/\/jinsuncarbon.com\/it\/wp-json\/wp\/v2\/product_tag?post=7941"}],"curies":[{"name":"wp","href":"https:\/\/api.w.org\/{rel}","templated":true}]}}