{"id":7915,"date":"2025-05-03T03:46:00","date_gmt":"2025-05-03T03:46:00","guid":{"rendered":"https:\/\/jinsuncarbon.com\/?post_type=product&#038;p=7915"},"modified":"2025-05-03T03:46:00","modified_gmt":"2025-05-03T03:46:00","slug":"stampo-in-grafite-per-vetro","status":"publish","type":"product","link":"https:\/\/jinsuncarbon.com\/it\/prodotto\/stampo-in-grafite-per-vetro\/","title":{"rendered":"Stampo in grafite per vetro"},"content":{"rendered":"<h2>Vantaggi dello stampo in grafite per il vetro<\/h2>\n<p>Lo stampo in grafite di vetro pu\u00f2 essere trasformato in varie forme in base alle diverse esigenze di produzione del vetro e i suoi vantaggi sono davvero notevoli.<\/p>\n<p><strong><b>Eccellente resistenza alle alte temperature <\/b><\/strong><\/p>\n<p>Pu\u00f2 rimanere stabile nell'ambiente di formatura del vetro ad alta temperatura di 1000\u2103-1600\u2103 senza deformazioni o danni.<\/p>\n<p>&nbsp;<\/p>\n<p><strong><b>Propriet\u00e0 chimiche estremamente stabili <\/b><\/strong><\/p>\n<p>Non subisce quasi mai reazioni chimiche con il vetro fuso e garantisce la purezza e la qualit\u00e0 dei prodotti in vetro.<\/p>\n<p>&nbsp;<\/p>\n<p><strong><b>Conduzione uniforme del calore <\/b><\/strong><\/p>\n<p>Consente al vetro di raffreddarsi e formarsi rapidamente e uniformemente nello stampo, migliorando di fatto l'efficienza produttiva.<\/p>\n<p>&nbsp;<\/p>\n<p><strong><b>Eccellenti prestazioni di sformatura<\/b><\/strong><\/p>\n<p>La sua superficie \u00e8 liscia, quindi pu\u00f2 ridurre l'adesione tra i prodotti in vetro e gli stampi, abbassando il tasso di scarto. Inoltre, facilita la pulizia e il riutilizzo degli stampi.<\/p>\n<p>&nbsp;<\/p>\n<p><strong><b>Elevata resistenza meccanica ed eccellente resistenza all'usura<\/b><\/strong><\/p>\n<p>Anche dopo molteplici utilizzi, pu\u00f2 mantenere una buona precisione di forma e prolungare la durata dello stampo.<\/p>\n<p><strong><b>\u00a0<\/b><\/strong><\/p>\n<h2>Tipi di stampo in grafite per vetro<\/h2>\n<p><strong><b>Stampo di formatura: <\/b><\/strong><\/p>\n<p>Specificamente utilizzato per dare forme specifiche ai prodotti in vetro, come la formatura di bottiglie, ciotole, piatti, ecc. Il design di questo tipo di stampo deve essere elaborato con precisione in base alla forma e alle dimensioni finali del prodotto in vetro. Per soddisfare i requisiti estetici e di utilizzo del prodotto.<\/p>\n<p><strong><b>\u00a0<\/b><\/strong><\/p>\n<p><strong><b>Stampo di ricottura: <\/b><\/strong><\/p>\n<p>Viene utilizzato nel processo di ricottura del vetro, la cui funzione principale \u00e8 quella di sostenere e fissare i prodotti in vetro. Pu\u00f2 eliminare le tensioni interne durante il lento processo di raffreddamento del vetro e prevenire difetti come le crepe.<\/p>\n<p>&nbsp;<\/p>\n<h2>Usi dello stampo in grafite per il vetro<\/h2>\n<p><strong><b>Produzione di oggetti in vetro: <\/b><\/strong><\/p>\n<p>\u00c8 possibile utilizzare lo stampo in grafite per produrre vari vasi di vetro, bicchieri da vino, stoviglie e altri oggetti in vetro. Pu\u00f2 modellare con precisione le forme e i dettagli dei recipienti. Le sue eccellenti prestazioni di sformatura rendono la superficie della vetreria liscia e il contorno chiaro dopo la formatura. Ci\u00f2 riduce le successive procedure di molatura e lavorazione, migliorando l'efficienza produttiva e la qualit\u00e0 del prodotto.<\/p>\n<p>&nbsp;<\/p>\n<p><strong><b>Produzione di vetro architettonico: <\/b><\/strong><\/p>\n<p>Nella produzione di vetro piano, vetro isolante e altri vetri architettonici, \u00e8 possibile utilizzarlo per la formatura e la sagomatura del vetro. Grazie alla sua eccellente <a href=\"https:\/\/en.wikipedia.org\/wiki\/Thermal_conductivity_and_resistivity\" target=\"_blank\" rel=\"noopener\">conduttivit\u00e0 termica<\/a>, \u00e8 possibile raffreddare e modellare il vetro rapidamente, garantendo la planarit\u00e0 e l'accuratezza dimensionale del vetro. E soddisfare i severi requisiti dell'industria edile per la qualit\u00e0 e le specifiche del vetro.<\/p>\n<p>&nbsp;<\/p>\n<p><strong><b>Lavorazione del vetro ottico: <\/b><\/strong><\/p>\n<p>Pu\u00f2 essere utilizzato per produrre lenti ottiche, prismi e altri prodotti in vetro ottico, ad alta precisione. Le sue propriet\u00e0 chimiche stabili e le dimensioni di lavorazione di alta precisione possono garantire che il vetro ottico non venga contaminato durante il processo di formatura. Inoltre, grazie alle sue eccellenti prestazioni ottiche, fornisce componenti in vetro di alta qualit\u00e0 per la produzione di strumenti ottici.<\/p>\n<p>&nbsp;<\/p>\n<p><strong><b>Produzione di vetro speciale: <\/b><\/strong><\/p>\n<p>\u00c8 possibile utilizzarlo anche per alcuni vetri dalle prestazioni speciali, come il vetro resistente alle alte temperature e quello resistente alle radiazioni. <a href=\"https:\/\/jinsuncarbon.com\/it\/come-realizzare-uno-stampo-in-grafite\/\">Stampo in grafite<\/a> pu\u00f2 essere utilizzato normalmente in condizioni complesse, quali alte temperature e ambienti chimici speciali. Assicura la stabilit\u00e0 della formazione e delle prestazioni dei vetri speciali. Svolge quindi un ruolo importante nella produzione di vetri speciali in settori quali l'industria aerospaziale e nucleare.<\/p>","protected":false},"excerpt":{"rendered":"<p>Lo stampo in grafite per vetro \u00e8 un tipo di stampo utilizzato per la formatura e la lavorazione di prodotti in vetro, realizzato con materiali in grafite di elevata purezza. La grafite ha un'eccellente resistenza alle alte temperature, stabilit\u00e0 chimica e una buona conducibilit\u00e0 termica, e occupa una posizione importante nel campo della formatura e della lavorazione del vetro. Lo stampo in grafite pu\u00f2 funzionare in modo stabile in processi di produzione del vetro complessi e ad alta temperatura. \u00c8 quindi uno strumento affidabile e durevole nel processo di formatura del vetro. Sia che si tratti della produzione di bottiglie e barattoli di vetro di uso quotidiano, sia che si tratti della produzione di lenti ottiche di precisione e di vetro per display elettronici, lo stampo in grafite svolge un ruolo indispensabile.<\/p>","protected":false},"featured_media":7917,"template":"","meta":[],"product_brand":[],"product_cat":[38],"product_tag":[],"class_list":{"0":"post-7915","1":"product","2":"type-product","3":"status-publish","4":"has-post-thumbnail","6":"product_cat-graphite-products","8":"first","9":"instock","10":"shipping-taxable","11":"product-type-simple"},"yoast_head":"<!-- This site is optimized with the Yoast SEO Premium plugin v19.2.1 (Yoast SEO v25.3) - https:\/\/yoast.com\/wordpress\/plugins\/seo\/ -->\n<title>Graphite Mold for Glass | Jinsun Carbon<\/title>\n<meta name=\"description\" content=\"Graphite mold manufacturers, custom graphite molds for sale, for glass, metal casting, aluminum, jewelry and other industries, contact us now\" \/>\n<meta name=\"robots\" content=\"index, follow, max-snippet:-1, max-image-preview:large, max-video-preview:-1\" \/>\n<link rel=\"canonical\" href=\"https:\/\/jinsuncarbon.com\/it\/prodotto\/stampo-in-grafite-per-vetro\/\" \/>\n<meta property=\"og:locale\" content=\"it_IT\" \/>\n<meta property=\"og:type\" content=\"article\" \/>\n<meta property=\"og:title\" content=\"Graphite Mold for Glass\" \/>\n<meta property=\"og:description\" content=\"Graphite mold manufacturers, custom graphite molds for sale, for glass, metal casting, aluminum, jewelry and other industries, contact us now\" \/>\n<meta property=\"og:url\" content=\"https:\/\/jinsuncarbon.com\/it\/prodotto\/stampo-in-grafite-per-vetro\/\" \/>\n<meta property=\"og:site_name\" content=\"Jinsun Carbon\" \/>\n<meta property=\"article:publisher\" content=\"https:\/\/www.facebook.com\/Graphite-Electrode-109336238661595\" \/>\n<meta property=\"og:image\" content=\"https:\/\/jinsuncarbon.com\/wp-content\/uploads\/2025\/05\/Graphite-Mold-for-Glass-1.jpg\" \/>\n\t<meta property=\"og:image:width\" content=\"1025\" \/>\n\t<meta property=\"og:image:height\" content=\"763\" \/>\n\t<meta property=\"og:image:type\" content=\"image\/jpeg\" \/>\n<meta name=\"twitter:card\" content=\"summary_large_image\" \/>\n<meta name=\"twitter:site\" content=\"@jinsuncarbon_\" \/>\n<meta name=\"twitter:label1\" content=\"Tempo di lettura stimato\" \/>\n\t<meta name=\"twitter:data1\" content=\"3 minuti\" \/>\n<script type=\"application\/ld+json\" class=\"yoast-schema-graph\">{\"@context\":\"https:\/\/schema.org\",\"@graph\":[{\"@type\":\"WebPage\",\"@id\":\"https:\/\/jinsuncarbon.com\/product\/graphite-mold-for-glass\/\",\"url\":\"https:\/\/jinsuncarbon.com\/product\/graphite-mold-for-glass\/\",\"name\":\"Graphite Mold for Glass | Jinsun Carbon\",\"isPartOf\":{\"@id\":\"https:\/\/jinsuncarbon.com\/#website\"},\"primaryImageOfPage\":{\"@id\":\"https:\/\/jinsuncarbon.com\/product\/graphite-mold-for-glass\/#primaryimage\"},\"image\":{\"@id\":\"https:\/\/jinsuncarbon.com\/product\/graphite-mold-for-glass\/#primaryimage\"},\"thumbnailUrl\":\"https:\/\/jinsuncarbon.com\/wp-content\/uploads\/2025\/05\/Graphite-Mold-for-Glass-1.jpg\",\"datePublished\":\"2025-05-03T03:46:00+00:00\",\"description\":\"Graphite mold manufacturers, custom graphite molds for sale, for glass, metal casting, aluminum, jewelry and other industries, contact us now\",\"breadcrumb\":{\"@id\":\"https:\/\/jinsuncarbon.com\/product\/graphite-mold-for-glass\/#breadcrumb\"},\"inLanguage\":\"it-IT\",\"potentialAction\":[{\"@type\":\"ReadAction\",\"target\":[\"https:\/\/jinsuncarbon.com\/product\/graphite-mold-for-glass\/\"]}]},{\"@type\":\"ImageObject\",\"inLanguage\":\"it-IT\",\"@id\":\"https:\/\/jinsuncarbon.com\/product\/graphite-mold-for-glass\/#primaryimage\",\"url\":\"https:\/\/jinsuncarbon.com\/wp-content\/uploads\/2025\/05\/Graphite-Mold-for-Glass-1.jpg\",\"contentUrl\":\"https:\/\/jinsuncarbon.com\/wp-content\/uploads\/2025\/05\/Graphite-Mold-for-Glass-1.jpg\",\"width\":1025,\"height\":763,\"caption\":\"Graphite Mold for Glass\"},{\"@type\":\"BreadcrumbList\",\"@id\":\"https:\/\/jinsuncarbon.com\/product\/graphite-mold-for-glass\/#breadcrumb\",\"itemListElement\":[{\"@type\":\"ListItem\",\"position\":1,\"name\":\"Home\",\"item\":\"https:\/\/jinsuncarbon.com\/\"},{\"@type\":\"ListItem\",\"position\":2,\"name\":\"Products\",\"item\":\"https:\/\/jinsuncarbon.com\/graphite-carbon\/\"},{\"@type\":\"ListItem\",\"position\":3,\"name\":\"Graphite Mold for Glass\"}]},{\"@type\":\"WebSite\",\"@id\":\"https:\/\/jinsuncarbon.com\/#website\",\"url\":\"https:\/\/jinsuncarbon.com\/\",\"name\":\"Jinsun Carbon\",\"description\":\"We are the successful graphite electrode manufacturer in China\",\"publisher\":{\"@id\":\"https:\/\/jinsuncarbon.com\/#organization\"},\"potentialAction\":[{\"@type\":\"SearchAction\",\"target\":{\"@type\":\"EntryPoint\",\"urlTemplate\":\"https:\/\/jinsuncarbon.com\/?s={search_term_string}\"},\"query-input\":{\"@type\":\"PropertyValueSpecification\",\"valueRequired\":true,\"valueName\":\"search_term_string\"}}],\"inLanguage\":\"it-IT\"},{\"@type\":\"Organization\",\"@id\":\"https:\/\/jinsuncarbon.com\/#organization\",\"name\":\"Jinsun Carbon\",\"alternateName\":\"Jinsun Carbon\",\"url\":\"https:\/\/jinsuncarbon.com\/\",\"logo\":{\"@type\":\"ImageObject\",\"inLanguage\":\"it-IT\",\"@id\":\"https:\/\/jinsuncarbon.com\/#\/schema\/logo\/image\/\",\"url\":\"https:\/\/jinsuncarbon.com\/wp-content\/uploads\/2022\/12\/LOGO-1.png\",\"contentUrl\":\"https:\/\/jinsuncarbon.com\/wp-content\/uploads\/2022\/12\/LOGO-1.png\",\"width\":207,\"height\":80,\"caption\":\"Jinsun Carbon\"},\"image\":{\"@id\":\"https:\/\/jinsuncarbon.com\/#\/schema\/logo\/image\/\"},\"sameAs\":[\"https:\/\/www.facebook.com\/Graphite-Electrode-109336238661595\",\"https:\/\/x.com\/jinsuncarbon_\",\"https:\/\/www.linkedin.com\/in\/jinsungraphite\",\"https:\/\/www.youtube.com\/channel\/UCysDNyvyR5-3cCWEmpkVC0g\"]}]}<\/script>\n<!-- \/ Yoast SEO Premium plugin. -->","yoast_head_json":{"title":"Stampo in grafite per vetro | Jinsun Carbon","description":"Produttori di stampi in grafite, vendita di stampi in grafite personalizzati, per vetro, fusione di metalli, alluminio, gioielli e altri settori, contattateci ora","robots":{"index":"index","follow":"follow","max-snippet":"max-snippet:-1","max-image-preview":"max-image-preview:large","max-video-preview":"max-video-preview:-1"},"canonical":"https:\/\/jinsuncarbon.com\/it\/prodotto\/stampo-in-grafite-per-vetro\/","og_locale":"it_IT","og_type":"article","og_title":"Graphite Mold for Glass","og_description":"Graphite mold manufacturers, custom graphite molds for sale, for glass, metal casting, aluminum, jewelry and other industries, contact us now","og_url":"https:\/\/jinsuncarbon.com\/it\/prodotto\/stampo-in-grafite-per-vetro\/","og_site_name":"Jinsun Carbon","article_publisher":"https:\/\/www.facebook.com\/Graphite-Electrode-109336238661595","og_image":[{"width":1025,"height":763,"url":"https:\/\/jinsuncarbon.com\/wp-content\/uploads\/2025\/05\/Graphite-Mold-for-Glass-1.jpg","type":"image\/jpeg"}],"twitter_card":"summary_large_image","twitter_site":"@jinsuncarbon_","twitter_misc":{"Tempo di lettura stimato":"3 minuti"},"schema":{"@context":"https:\/\/schema.org","@graph":[{"@type":"WebPage","@id":"https:\/\/jinsuncarbon.com\/product\/graphite-mold-for-glass\/","url":"https:\/\/jinsuncarbon.com\/product\/graphite-mold-for-glass\/","name":"Stampo in grafite per vetro | Jinsun Carbon","isPartOf":{"@id":"https:\/\/jinsuncarbon.com\/#website"},"primaryImageOfPage":{"@id":"https:\/\/jinsuncarbon.com\/product\/graphite-mold-for-glass\/#primaryimage"},"image":{"@id":"https:\/\/jinsuncarbon.com\/product\/graphite-mold-for-glass\/#primaryimage"},"thumbnailUrl":"https:\/\/jinsuncarbon.com\/wp-content\/uploads\/2025\/05\/Graphite-Mold-for-Glass-1.jpg","datePublished":"2025-05-03T03:46:00+00:00","description":"Produttori di stampi in grafite, vendita di stampi in grafite personalizzati, per vetro, fusione di metalli, alluminio, gioielli e altri settori, contattateci ora","breadcrumb":{"@id":"https:\/\/jinsuncarbon.com\/product\/graphite-mold-for-glass\/#breadcrumb"},"inLanguage":"it-IT","potentialAction":[{"@type":"ReadAction","target":["https:\/\/jinsuncarbon.com\/product\/graphite-mold-for-glass\/"]}]},{"@type":"ImageObject","inLanguage":"it-IT","@id":"https:\/\/jinsuncarbon.com\/product\/graphite-mold-for-glass\/#primaryimage","url":"https:\/\/jinsuncarbon.com\/wp-content\/uploads\/2025\/05\/Graphite-Mold-for-Glass-1.jpg","contentUrl":"https:\/\/jinsuncarbon.com\/wp-content\/uploads\/2025\/05\/Graphite-Mold-for-Glass-1.jpg","width":1025,"height":763,"caption":"Graphite Mold for Glass"},{"@type":"BreadcrumbList","@id":"https:\/\/jinsuncarbon.com\/product\/graphite-mold-for-glass\/#breadcrumb","itemListElement":[{"@type":"ListItem","position":1,"name":"Home","item":"https:\/\/jinsuncarbon.com\/"},{"@type":"ListItem","position":2,"name":"Products","item":"https:\/\/jinsuncarbon.com\/graphite-carbon\/"},{"@type":"ListItem","position":3,"name":"Graphite Mold for Glass"}]},{"@type":"WebSite","@id":"https:\/\/jinsuncarbon.com\/#website","url":"https:\/\/jinsuncarbon.com\/","name":"Jinsun Carbon","description":"Siamo il produttore di elettrodi di grafite di successo in Cina","publisher":{"@id":"https:\/\/jinsuncarbon.com\/#organization"},"potentialAction":[{"@type":"SearchAction","target":{"@type":"EntryPoint","urlTemplate":"https:\/\/jinsuncarbon.com\/?s={search_term_string}"},"query-input":{"@type":"PropertyValueSpecification","valueRequired":true,"valueName":"search_term_string"}}],"inLanguage":"it-IT"},{"@type":"Organization","@id":"https:\/\/jinsuncarbon.com\/#organization","name":"Jinsun Carbon","alternateName":"Jinsun Carbon","url":"https:\/\/jinsuncarbon.com\/","logo":{"@type":"ImageObject","inLanguage":"it-IT","@id":"https:\/\/jinsuncarbon.com\/#\/schema\/logo\/image\/","url":"https:\/\/jinsuncarbon.com\/wp-content\/uploads\/2022\/12\/LOGO-1.png","contentUrl":"https:\/\/jinsuncarbon.com\/wp-content\/uploads\/2022\/12\/LOGO-1.png","width":207,"height":80,"caption":"Jinsun Carbon"},"image":{"@id":"https:\/\/jinsuncarbon.com\/#\/schema\/logo\/image\/"},"sameAs":["https:\/\/www.facebook.com\/Graphite-Electrode-109336238661595","https:\/\/x.com\/jinsuncarbon_","https:\/\/www.linkedin.com\/in\/jinsungraphite","https:\/\/www.youtube.com\/channel\/UCysDNyvyR5-3cCWEmpkVC0g"]}]}},"_links":{"self":[{"href":"https:\/\/jinsuncarbon.com\/it\/wp-json\/wp\/v2\/product\/7915","targetHints":{"allow":["GET"]}}],"collection":[{"href":"https:\/\/jinsuncarbon.com\/it\/wp-json\/wp\/v2\/product"}],"about":[{"href":"https:\/\/jinsuncarbon.com\/it\/wp-json\/wp\/v2\/types\/product"}],"wp:featuredmedia":[{"embeddable":true,"href":"https:\/\/jinsuncarbon.com\/it\/wp-json\/wp\/v2\/media\/7917"}],"wp:attachment":[{"href":"https:\/\/jinsuncarbon.com\/it\/wp-json\/wp\/v2\/media?parent=7915"}],"wp:term":[{"taxonomy":"product_brand","embeddable":true,"href":"https:\/\/jinsuncarbon.com\/it\/wp-json\/wp\/v2\/product_brand?post=7915"},{"taxonomy":"product_cat","embeddable":true,"href":"https:\/\/jinsuncarbon.com\/it\/wp-json\/wp\/v2\/product_cat?post=7915"},{"taxonomy":"product_tag","embeddable":true,"href":"https:\/\/jinsuncarbon.com\/it\/wp-json\/wp\/v2\/product_tag?post=7915"}],"curies":[{"name":"wp","href":"https:\/\/api.w.org\/{rel}","templated":true}]}}