{"id":7895,"date":"2025-04-30T09:26:18","date_gmt":"2025-04-30T09:26:18","guid":{"rendered":"https:\/\/jinsuncarbon.com\/?post_type=product&#038;p=7895"},"modified":"2025-04-30T09:26:19","modified_gmt":"2025-04-30T09:26:19","slug":"piastra-di-scorrimento-in-grafite","status":"publish","type":"product","link":"https:\/\/jinsuncarbon.com\/it\/prodotto\/piastra-di-scorrimento-in-grafite\/","title":{"rendered":"Piastra di scorrimento in grafite"},"content":{"rendered":"<h2 class=\"ql-align-justify\">Vantaggi delle piastre di scorrimento in grafite<\/h2>\n<p class=\"ql-align-justify\">Le piastre di scorrimento in grafite sono solitamente presentate in forme regolari simili a piastre e alcune possono essere personalizzate in forme speciali in base alle esigenze. In base ai requisiti specifici di particolari apparecchiature o processi, \u00e8 possibile personalizzare le piastre di scorrimento con dimensioni, forme o prestazioni speciali. Ad esempio, parti di scorrimento dedicate in strutture meccaniche di forma irregolare per soddisfare requisiti di utilizzo personalizzati.<\/p>\n<p class=\"ql-align-justify\">I vantaggi sono i seguenti:<\/p>\n<p class=\"ql-align-justify\"><strong>Eccellenti prestazioni autolubrificanti<\/strong><\/p>\n<p class=\"ql-align-justify\">\u00c8 in grado di ottenere uno scorrimento a basso attrito senza la necessit\u00e0 di lubrificanti aggiuntivi, riducendo di fatto il consumo energetico.<\/p>\n<p class=\"ql-align-justify\">\n<p class=\"ql-align-justify\"><strong>Coefficiente di attrito estremamente basso<\/strong><\/p>\n<p class=\"ql-align-justify\">Pu\u00f2 significativamente\u00a0<span data-type=\"0\" data-index=\"1\" data-gid=\"0\">ridurre l'usura tra i componenti e prolungare la vita utile del sistema.<\/span>\u00a0attrezzature.<\/p>\n<p class=\"ql-align-justify\">\n<p class=\"ql-align-justify\"><strong>Eccellente resistenza alle alte temperature<\/strong><\/p>\n<p class=\"ql-align-justify\">\u00c8 in grado di funzionare stabilmente a temperature elevate e soddisfa quindi i requisiti di utilizzo in condizioni di lavoro ad alta temperatura.<\/p>\n<p class=\"ql-align-justify\">\n<p class=\"ql-align-justify\"><strong>Propriet\u00e0 chimiche stabili<\/strong><\/p>\n<p class=\"ql-align-justify\">Ha una buona resistenza alla maggior parte dei mezzi corrosivi e non \u00e8 soggetto a reazioni chimiche.<\/p>\n<p class=\"ql-align-justify\">\n<p class=\"ql-align-justify\"><strong>Resistenza meccanica relativamente elevata<\/strong><\/p>\n<p class=\"ql-align-justify\">Pu\u00f2 resistere a determinate pressioni e forze d'urto, mantenendo l'integrit\u00e0 strutturale durante il processo di scorrimento.<\/p>\n<p class=\"ql-align-justify\">\n<p class=\"ql-align-justify\"><strong>Eccellente conduttivit\u00e0 termica<\/strong><\/p>\n<p class=\"ql-align-justify\">Pu\u00f2 dissipare rapidamente il calore e prevenire il surriscaldamento locale causato dalla generazione di calore per attrito, evitando l'impatto sul funzionamento delle apparecchiature.<\/p>\n<p class=\"ql-align-justify\">\n<h2 class=\"ql-align-justify\">Usi delle piastre di scorrimento in grafite<\/h2>\n<h3 class=\"ql-align-justify\">Industria metallurgica<\/h3>\n<p class=\"ql-align-justify\"><strong>Processo di colata continua:<\/strong><\/p>\n<p class=\"ql-align-justify\">Pu\u00f2 essere utilizzato come componente di controllo del flusso, che controlla con precisione la portata dell'acciaio fuso. Garantisce la qualit\u00e0 del <a href=\"https:\/\/en.wikipedia.org\/wiki\/Continuous_casting#:~:text=Continuous%20casting%2C%20also%20called%20strand,stationary%20molds%20to%20form%20ingots.\" target=\"_blank\" rel=\"noopener\">colata continua<\/a> billette e l'efficienza della produzione e ha una lunga durata di vita.<\/p>\n<p class=\"ql-align-justify\">\n<p class=\"ql-align-justify\"><strong>Fusione di metalli non ferrosi:<\/strong><\/p>\n<p class=\"ql-align-justify\">Pu\u00f2 essere utilizzato per controllare la portata e la direzione del metallo fuso, come rame e alluminio. Pu\u00f2 garantire la stabilit\u00e0 e l'accuratezza del processo di fusione e migliorare la qualit\u00e0 di formatura dei prodotti.<\/p>\n<p class=\"ql-align-justify\">\n<h3 class=\"ql-align-justify\">Il settore della produzione meccanica<\/h3>\n<p class=\"ql-align-justify\"><strong>Cuscinetti di scorrimento e guide di scorrimento:<\/strong><\/p>\n<p class=\"ql-align-justify\">Le sue caratteristiche di basso attrito consentono alle parti meccaniche di funzionare in modo fluido ed efficiente, riducendo le perdite per attrito. Inoltre, migliora la precisione operativa e l'affidabilit\u00e0 delle apparecchiature. Pu\u00f2 essere ampiamente utilizzato nelle macchine utensili, nelle linee di produzione automatizzate e in altre apparecchiature.<\/p>\n<p class=\"ql-align-justify\">\n<p class=\"ql-align-justify\"><strong>Apparecchiature di trasporto:<\/strong><\/p>\n<p class=\"ql-align-justify\">Pu\u00f2 ridurre l'attrito tra il nastro trasportatore e i componenti di supporto, diminuendo l'usura del nastro trasportatore. E migliorare la stabilit\u00e0 e la durata del sistema di trasporto.<\/p>\n<p class=\"ql-align-justify\">\n<h3 class=\"ql-align-justify\">Industria elettronica e dei semiconduttori<\/h3>\n<p class=\"ql-align-justify\"><strong>Attrezzature per la produzione di chip:<\/strong><\/p>\n<p class=\"ql-align-justify\">\u00c8 possibile utilizzare <a href=\"https:\/\/jinsuncarbon.com\/it\/prodotto\/piastra-in-grafite\/\">piastra in grafite<\/a> come componenti di scorrimento in apparecchiature di precisione come macchine per fotolitografia e macchine per incisione. La sua elevata purezza e le sue prestazioni a basso attrito possono garantire il movimento di alta precisione delle apparecchiature. In questo modo si evita la contaminazione delle particelle causata dall'attrito e si garantisce il tasso di rendimento della produzione di chip.<\/p>\n<p class=\"ql-align-justify\">\n<p class=\"ql-align-justify\"><strong>Dissipazione del calore dei dispositivi elettronici:<\/strong><\/p>\n<p class=\"ql-align-justify\">Grazie alla sua eccellente conducibilit\u00e0 termica, \u00e8 possibile utilizzarlo come cuscinetto di dissipazione del calore per i dispositivi elettronici. Pu\u00f2 condurre e dissipare rapidamente il calore generato durante il funzionamento dell'apparecchiatura. In questo modo, migliora l'efficienza di dissipazione del calore dei dispositivi elettronici e garantisce un funzionamento stabile.<\/p>\n<p class=\"ql-align-justify\">\n<p class=\"ql-align-justify\"><strong>Settore aerospaziale<\/strong><\/p>\n<p class=\"ql-align-justify\">Nelle apparecchiature aerospaziali, si pu\u00f2 applicare ad alcuni componenti meccanici che richiedono un basso attrito e un'elevata affidabilit\u00e0. Ad esempio, la struttura di scorrimento dei carrelli di atterraggio degli aerei e il meccanismo di dispiegamento delle antenne satellitari. Pu\u00f2 mantenere buone prestazioni in condizioni ambientali estreme e garantire il normale funzionamento dell'apparecchiatura.<\/p>","protected":false},"excerpt":{"rendered":"<p>La piastra di scorrimento in grafite \u00e8 un prodotto a forma di piastra realizzato con materiali di grafite di elevata purezza attraverso speciali tecniche di lavorazione. Ha eccellenti propriet\u00e0 autolubrificanti, basso coefficiente di attrito, resistenza alle alte temperature e buona stabilit\u00e0 chimica. Si comporta in modo eccellente in molti scenari industriali con requisiti rigorosi in termini di prestazioni di scorrimento e adattabilit\u00e0 all'ambiente. Ad esempio, pu\u00f2 essere utilizzato per la colata continua, la fusione dei metalli, la produzione di trucioli, ecc. \u00c8 un materiale ad alte prestazioni in grado di soddisfare efficacemente le esigenze dinamiche di condizioni di lavoro complesse.<\/p>","protected":false},"featured_media":7896,"template":"","meta":[],"product_brand":[],"product_cat":[38],"product_tag":[],"class_list":{"0":"post-7895","1":"product","2":"type-product","3":"status-publish","4":"has-post-thumbnail","6":"product_cat-graphite-products","8":"first","9":"instock","10":"shipping-taxable","11":"product-type-simple"},"yoast_head":"<!-- This site is optimized with the Yoast SEO Premium plugin v19.2.1 (Yoast SEO v25.3) - https:\/\/yoast.com\/wordpress\/plugins\/seo\/ -->\n<title>Graphite Slide Plate Manufacturer in China | Jinsun Carbon<\/title>\n<meta name=\"description\" content=\"Graphite slide plate manufacturer and supplier, we can provide high-quality products with different specifications for your industrial production.\" \/>\n<meta name=\"robots\" content=\"index, follow, max-snippet:-1, max-image-preview:large, max-video-preview:-1\" \/>\n<link rel=\"canonical\" href=\"https:\/\/jinsuncarbon.com\/it\/prodotto\/piastra-di-scorrimento-in-grafite\/\" \/>\n<meta property=\"og:locale\" content=\"it_IT\" \/>\n<meta property=\"og:type\" content=\"article\" \/>\n<meta property=\"og:title\" content=\"Graphite Slide Plate\" \/>\n<meta property=\"og:description\" content=\"Graphite slide plate manufacturer and supplier, we can provide high-quality products with different specifications for your industrial production.\" \/>\n<meta property=\"og:url\" content=\"https:\/\/jinsuncarbon.com\/it\/prodotto\/piastra-di-scorrimento-in-grafite\/\" \/>\n<meta property=\"og:site_name\" content=\"Jinsun Carbon\" \/>\n<meta property=\"article:publisher\" content=\"https:\/\/www.facebook.com\/Graphite-Electrode-109336238661595\" \/>\n<meta property=\"article:modified_time\" content=\"2025-04-30T09:26:19+00:00\" \/>\n<meta property=\"og:image\" content=\"https:\/\/jinsuncarbon.com\/wp-content\/uploads\/2025\/04\/Graphite-Slide-Plate.jpg\" \/>\n\t<meta property=\"og:image:width\" content=\"1024\" \/>\n\t<meta property=\"og:image:height\" content=\"763\" \/>\n\t<meta property=\"og:image:type\" content=\"image\/jpeg\" \/>\n<meta name=\"twitter:card\" content=\"summary_large_image\" \/>\n<meta name=\"twitter:site\" content=\"@jinsuncarbon_\" \/>\n<meta name=\"twitter:label1\" content=\"Tempo di lettura stimato\" \/>\n\t<meta name=\"twitter:data1\" content=\"3 minuti\" \/>\n<script type=\"application\/ld+json\" class=\"yoast-schema-graph\">{\"@context\":\"https:\/\/schema.org\",\"@graph\":[{\"@type\":\"WebPage\",\"@id\":\"https:\/\/jinsuncarbon.com\/product\/graphite-slide-plate\/\",\"url\":\"https:\/\/jinsuncarbon.com\/product\/graphite-slide-plate\/\",\"name\":\"Graphite Slide Plate Manufacturer in China | Jinsun Carbon\",\"isPartOf\":{\"@id\":\"https:\/\/jinsuncarbon.com\/#website\"},\"primaryImageOfPage\":{\"@id\":\"https:\/\/jinsuncarbon.com\/product\/graphite-slide-plate\/#primaryimage\"},\"image\":{\"@id\":\"https:\/\/jinsuncarbon.com\/product\/graphite-slide-plate\/#primaryimage\"},\"thumbnailUrl\":\"https:\/\/jinsuncarbon.com\/wp-content\/uploads\/2025\/04\/Graphite-Slide-Plate.jpg\",\"datePublished\":\"2025-04-30T09:26:18+00:00\",\"dateModified\":\"2025-04-30T09:26:19+00:00\",\"description\":\"Graphite slide plate manufacturer and supplier, we can provide high-quality products with different specifications for your industrial production.\",\"breadcrumb\":{\"@id\":\"https:\/\/jinsuncarbon.com\/product\/graphite-slide-plate\/#breadcrumb\"},\"inLanguage\":\"it-IT\",\"potentialAction\":[{\"@type\":\"ReadAction\",\"target\":[\"https:\/\/jinsuncarbon.com\/product\/graphite-slide-plate\/\"]}]},{\"@type\":\"ImageObject\",\"inLanguage\":\"it-IT\",\"@id\":\"https:\/\/jinsuncarbon.com\/product\/graphite-slide-plate\/#primaryimage\",\"url\":\"https:\/\/jinsuncarbon.com\/wp-content\/uploads\/2025\/04\/Graphite-Slide-Plate.jpg\",\"contentUrl\":\"https:\/\/jinsuncarbon.com\/wp-content\/uploads\/2025\/04\/Graphite-Slide-Plate.jpg\",\"width\":1024,\"height\":763,\"caption\":\"Graphite Slide Plate\"},{\"@type\":\"BreadcrumbList\",\"@id\":\"https:\/\/jinsuncarbon.com\/product\/graphite-slide-plate\/#breadcrumb\",\"itemListElement\":[{\"@type\":\"ListItem\",\"position\":1,\"name\":\"Home\",\"item\":\"https:\/\/jinsuncarbon.com\/\"},{\"@type\":\"ListItem\",\"position\":2,\"name\":\"Products\",\"item\":\"https:\/\/jinsuncarbon.com\/graphite-carbon\/\"},{\"@type\":\"ListItem\",\"position\":3,\"name\":\"Graphite Slide Plate\"}]},{\"@type\":\"WebSite\",\"@id\":\"https:\/\/jinsuncarbon.com\/#website\",\"url\":\"https:\/\/jinsuncarbon.com\/\",\"name\":\"Jinsun Carbon\",\"description\":\"We are the successful graphite electrode manufacturer in China\",\"publisher\":{\"@id\":\"https:\/\/jinsuncarbon.com\/#organization\"},\"potentialAction\":[{\"@type\":\"SearchAction\",\"target\":{\"@type\":\"EntryPoint\",\"urlTemplate\":\"https:\/\/jinsuncarbon.com\/?s={search_term_string}\"},\"query-input\":{\"@type\":\"PropertyValueSpecification\",\"valueRequired\":true,\"valueName\":\"search_term_string\"}}],\"inLanguage\":\"it-IT\"},{\"@type\":\"Organization\",\"@id\":\"https:\/\/jinsuncarbon.com\/#organization\",\"name\":\"Jinsun Carbon\",\"alternateName\":\"Jinsun Carbon\",\"url\":\"https:\/\/jinsuncarbon.com\/\",\"logo\":{\"@type\":\"ImageObject\",\"inLanguage\":\"it-IT\",\"@id\":\"https:\/\/jinsuncarbon.com\/#\/schema\/logo\/image\/\",\"url\":\"https:\/\/jinsuncarbon.com\/wp-content\/uploads\/2022\/12\/LOGO-1.png\",\"contentUrl\":\"https:\/\/jinsuncarbon.com\/wp-content\/uploads\/2022\/12\/LOGO-1.png\",\"width\":207,\"height\":80,\"caption\":\"Jinsun Carbon\"},\"image\":{\"@id\":\"https:\/\/jinsuncarbon.com\/#\/schema\/logo\/image\/\"},\"sameAs\":[\"https:\/\/www.facebook.com\/Graphite-Electrode-109336238661595\",\"https:\/\/x.com\/jinsuncarbon_\",\"https:\/\/www.linkedin.com\/in\/jinsungraphite\",\"https:\/\/www.youtube.com\/channel\/UCysDNyvyR5-3cCWEmpkVC0g\"]}]}<\/script>\n<!-- \/ Yoast SEO Premium plugin. -->","yoast_head_json":{"title":"Piastra di scorrimento in grafite Fornitore in Cina | Jinsun Carbon","description":"Produttore e fornitore di piastre di scorrimento in grafite, possiamo fornire prodotti di alta qualit\u00e0 con diverse specifiche per la vostra produzione industriale.","robots":{"index":"index","follow":"follow","max-snippet":"max-snippet:-1","max-image-preview":"max-image-preview:large","max-video-preview":"max-video-preview:-1"},"canonical":"https:\/\/jinsuncarbon.com\/it\/prodotto\/piastra-di-scorrimento-in-grafite\/","og_locale":"it_IT","og_type":"article","og_title":"Graphite Slide Plate","og_description":"Graphite slide plate manufacturer and supplier, we can provide high-quality products with different specifications for your industrial production.","og_url":"https:\/\/jinsuncarbon.com\/it\/prodotto\/piastra-di-scorrimento-in-grafite\/","og_site_name":"Jinsun Carbon","article_publisher":"https:\/\/www.facebook.com\/Graphite-Electrode-109336238661595","article_modified_time":"2025-04-30T09:26:19+00:00","og_image":[{"width":1024,"height":763,"url":"https:\/\/jinsuncarbon.com\/wp-content\/uploads\/2025\/04\/Graphite-Slide-Plate.jpg","type":"image\/jpeg"}],"twitter_card":"summary_large_image","twitter_site":"@jinsuncarbon_","twitter_misc":{"Tempo di lettura stimato":"3 minuti"},"schema":{"@context":"https:\/\/schema.org","@graph":[{"@type":"WebPage","@id":"https:\/\/jinsuncarbon.com\/product\/graphite-slide-plate\/","url":"https:\/\/jinsuncarbon.com\/product\/graphite-slide-plate\/","name":"Piastra di scorrimento in grafite Fornitore in Cina | Jinsun Carbon","isPartOf":{"@id":"https:\/\/jinsuncarbon.com\/#website"},"primaryImageOfPage":{"@id":"https:\/\/jinsuncarbon.com\/product\/graphite-slide-plate\/#primaryimage"},"image":{"@id":"https:\/\/jinsuncarbon.com\/product\/graphite-slide-plate\/#primaryimage"},"thumbnailUrl":"https:\/\/jinsuncarbon.com\/wp-content\/uploads\/2025\/04\/Graphite-Slide-Plate.jpg","datePublished":"2025-04-30T09:26:18+00:00","dateModified":"2025-04-30T09:26:19+00:00","description":"Produttore e fornitore di piastre di scorrimento in grafite, possiamo fornire prodotti di alta qualit\u00e0 con diverse specifiche per la vostra produzione industriale.","breadcrumb":{"@id":"https:\/\/jinsuncarbon.com\/product\/graphite-slide-plate\/#breadcrumb"},"inLanguage":"it-IT","potentialAction":[{"@type":"ReadAction","target":["https:\/\/jinsuncarbon.com\/product\/graphite-slide-plate\/"]}]},{"@type":"ImageObject","inLanguage":"it-IT","@id":"https:\/\/jinsuncarbon.com\/product\/graphite-slide-plate\/#primaryimage","url":"https:\/\/jinsuncarbon.com\/wp-content\/uploads\/2025\/04\/Graphite-Slide-Plate.jpg","contentUrl":"https:\/\/jinsuncarbon.com\/wp-content\/uploads\/2025\/04\/Graphite-Slide-Plate.jpg","width":1024,"height":763,"caption":"Graphite Slide Plate"},{"@type":"BreadcrumbList","@id":"https:\/\/jinsuncarbon.com\/product\/graphite-slide-plate\/#breadcrumb","itemListElement":[{"@type":"ListItem","position":1,"name":"Home","item":"https:\/\/jinsuncarbon.com\/"},{"@type":"ListItem","position":2,"name":"Products","item":"https:\/\/jinsuncarbon.com\/graphite-carbon\/"},{"@type":"ListItem","position":3,"name":"Graphite Slide Plate"}]},{"@type":"WebSite","@id":"https:\/\/jinsuncarbon.com\/#website","url":"https:\/\/jinsuncarbon.com\/","name":"Jinsun Carbon","description":"Siamo il produttore di elettrodi di grafite di successo in Cina","publisher":{"@id":"https:\/\/jinsuncarbon.com\/#organization"},"potentialAction":[{"@type":"SearchAction","target":{"@type":"EntryPoint","urlTemplate":"https:\/\/jinsuncarbon.com\/?s={search_term_string}"},"query-input":{"@type":"PropertyValueSpecification","valueRequired":true,"valueName":"search_term_string"}}],"inLanguage":"it-IT"},{"@type":"Organization","@id":"https:\/\/jinsuncarbon.com\/#organization","name":"Jinsun Carbon","alternateName":"Jinsun Carbon","url":"https:\/\/jinsuncarbon.com\/","logo":{"@type":"ImageObject","inLanguage":"it-IT","@id":"https:\/\/jinsuncarbon.com\/#\/schema\/logo\/image\/","url":"https:\/\/jinsuncarbon.com\/wp-content\/uploads\/2022\/12\/LOGO-1.png","contentUrl":"https:\/\/jinsuncarbon.com\/wp-content\/uploads\/2022\/12\/LOGO-1.png","width":207,"height":80,"caption":"Jinsun Carbon"},"image":{"@id":"https:\/\/jinsuncarbon.com\/#\/schema\/logo\/image\/"},"sameAs":["https:\/\/www.facebook.com\/Graphite-Electrode-109336238661595","https:\/\/x.com\/jinsuncarbon_","https:\/\/www.linkedin.com\/in\/jinsungraphite","https:\/\/www.youtube.com\/channel\/UCysDNyvyR5-3cCWEmpkVC0g"]}]}},"_links":{"self":[{"href":"https:\/\/jinsuncarbon.com\/it\/wp-json\/wp\/v2\/product\/7895","targetHints":{"allow":["GET"]}}],"collection":[{"href":"https:\/\/jinsuncarbon.com\/it\/wp-json\/wp\/v2\/product"}],"about":[{"href":"https:\/\/jinsuncarbon.com\/it\/wp-json\/wp\/v2\/types\/product"}],"wp:featuredmedia":[{"embeddable":true,"href":"https:\/\/jinsuncarbon.com\/it\/wp-json\/wp\/v2\/media\/7896"}],"wp:attachment":[{"href":"https:\/\/jinsuncarbon.com\/it\/wp-json\/wp\/v2\/media?parent=7895"}],"wp:term":[{"taxonomy":"product_brand","embeddable":true,"href":"https:\/\/jinsuncarbon.com\/it\/wp-json\/wp\/v2\/product_brand?post=7895"},{"taxonomy":"product_cat","embeddable":true,"href":"https:\/\/jinsuncarbon.com\/it\/wp-json\/wp\/v2\/product_cat?post=7895"},{"taxonomy":"product_tag","embeddable":true,"href":"https:\/\/jinsuncarbon.com\/it\/wp-json\/wp\/v2\/product_tag?post=7895"}],"curies":[{"name":"wp","href":"https:\/\/api.w.org\/{rel}","templated":true}]}}