{"id":7892,"date":"2025-04-30T08:55:44","date_gmt":"2025-04-30T08:55:44","guid":{"rendered":"https:\/\/jinsuncarbon.com\/?post_type=product&#038;p=7892"},"modified":"2025-04-30T08:55:45","modified_gmt":"2025-04-30T08:55:45","slug":"polvere-di-grafite-artificiale","status":"publish","type":"product","link":"https:\/\/jinsuncarbon.com\/it\/prodotto\/polvere-di-grafite-artificiale\/","title":{"rendered":"Polvere di grafite artificiale"},"content":{"rendered":"<h2 class=\"ql-align-justify\">Vantaggi della polvere di grafite artificiale<\/h2>\n<p class=\"ql-align-justify\">La grafite artificiale in polvere si presenta solitamente sotto forma di polvere fine. In base ai diversi requisiti di processo e di applicazione, la dimensione delle particelle, la purezza e la morfologia possono essere regolate in modo flessibile. E presenta numerosi vantaggi.<\/p>\n<p class=\"ql-align-justify\"><strong>Grande conducibilit\u00e0 elettrica<\/strong><\/p>\n<p class=\"ql-align-justify\">\u00c8 in grado di condurre rapidamente la corrente elettrica, il che lo rende un componente additivo ideale per vari materiali conduttivi.<\/p>\n<p class=\"ql-align-justify\"><strong>Eccellente resistenza alle alte temperature<\/strong><\/p>\n<p class=\"ql-align-justify\">Pu\u00f2 rimanere stabile in ambienti ad alta temperatura, oltre i 2000\u00b0C, senza decomporsi o deteriorarsi facilmente.<\/p>\n<p class=\"ql-align-justify\"><strong>Propriet\u00e0 chimiche estremamente inerti<\/strong><\/p>\n<p class=\"ql-align-justify\">Non reagisce quasi mai con acidi, alcali e altre sostanze chimiche, quindi \u00e8 adatto ad ambienti corrosivi.<\/p>\n<p class=\"ql-align-justify\"><strong>Forte processabilit\u00e0<\/strong><\/p>\n<p class=\"ql-align-justify\">Pu\u00f2 essere trasformato in prodotti di forme diverse attraverso processi come la pressatura e la sinterizzazione.<\/p>\n<p class=\"ql-align-justify\"><strong>La superficie specifica pu\u00f2 essere regolata in base alle esigenze<\/strong><\/p>\n<p class=\"ql-align-justify\">Ci\u00f2 offre diverse opzioni per applicazioni come l'adsorbimento e la catalisi.<\/p>\n<p class=\"ql-align-justify\">Inoltre, la sua forma in polvere \u00e8 comoda per una miscelazione uniforme con altri materiali. Attraverso i processi compositi, quindi, \u00e8 possibile preparare nuovi materiali con propriet\u00e0 speciali.<\/p>\n<p>&nbsp;<\/p>\n<h2 class=\"ql-align-justify\">Usi della polvere di grafite artificiale<\/h2>\n<h3 class=\"ql-align-justify\">Nel campo delle nuove energie:<\/h3>\n<p class=\"ql-align-justify\"><strong>Nelle batterie agli ioni di litio<\/strong><\/p>\n<p class=\"ql-align-justify\">Grazie alla sua struttura cristallina unica e alle sue propriet\u00e0 stabili, pu\u00f2 essere utilizzato come materiale di base dell'elettrodo negativo. Aumenta in modo significativo la densit\u00e0 energetica e l'efficienza di carica-scarica della batteria, diventando cos\u00ec la scelta principale del settore.<\/p>\n<p class=\"ql-align-justify\"><strong>Nelle celle a combustibile<\/strong><\/p>\n<p class=\"ql-align-justify\">Si pu\u00f2 usare per preparare elettrodi e <a href=\"https:\/\/jinsuncarbon.com\/it\/prodotto\/piastra-bipolare-in-grafite\/\">piastre bipolari<\/a>. Pu\u00f2 aumentare la densit\u00e0 di potenza con un'elevata conducibilit\u00e0 elettrica e stabilit\u00e0 chimica e ridurre la resistenza interna e i rischi di corrosione.<\/p>\n<h3 class=\"ql-align-justify\"><strong>Nel campo dell'informazione elettronica:<\/strong><\/h3>\n<p class=\"ql-align-justify\"><strong>Rivestimento conduttivo<\/strong><\/p>\n<p class=\"ql-align-justify\">I rivestimenti conduttivi realizzati con l'aggiunta di polvere di grafite artificiale nel rivestimento conduttivo realizzano efficacemente la schermatura elettromagnetica e l'antistaticit\u00e0 e garantiscono il normale funzionamento delle apparecchiature. \u00c8 possibile applicarlo agli involucri delle apparecchiature elettroniche, alle pareti delle sale computer, ecc.<\/p>\n<p class=\"ql-align-justify\"><strong>Nel processo di produzione dei semiconduttori<\/strong><\/p>\n<p class=\"ql-align-justify\">Grazie alla resistenza alle alte temperature e al basso coefficiente di espansione, \u00e8 possibile utilizzare la polvere di grafite artificiale per realizzare materiali ausiliari come stampi e attrezzature. Pu\u00f2 garantire i requisiti dimensionali di alta precisione nei processi ad alta temperatura.<\/p>\n<h3 class=\"ql-align-justify\">Nel campo dell'industria dei macchinari:<\/h3>\n<p class=\"ql-align-justify\"><strong>Materiale lubrificante<\/strong><\/p>\n<p class=\"ql-align-justify\">Grazie alla struttura cristallina stratificata, \u00e8 un lubrificante solido di alta qualit\u00e0, adatto all'olio lubrificante e a condizioni di lavoro particolari. <a href=\"https:\/\/jinsuncarbon.com\/it\/prodotto\/polvere-di-grafite\/\">Polvere di grafite<\/a> possono ridurre significativamente l'attrito, minimizzare l'usura e migliorare l'efficienza operativa e la durata delle apparecchiature.<\/p>\n<p class=\"ql-align-justify\"><strong>Nella produzione di stampi<\/strong><\/p>\n<p class=\"ql-align-justify\">L'eccellente lubrificazione e la resistenza alle alte temperature lo rendono un agente di distacco ideale per gli stampi. Pu\u00f2 ottimizzare la superficie dello stampo, migliorare la qualit\u00e0 di formatura del prodotto e la durata dello stampo.<\/p>\n<h3 class=\"ql-align-justify\">Nel campo dell'ingegneria chimica:<\/h3>\n<p class=\"ql-align-justify\"><strong>Vettore catalitico<\/strong><\/p>\n<p class=\"ql-align-justify\">Grazie all'ampia superficie specifica e alle propriet\u00e0 chimiche stabili, \u00e8 possibile utilizzarlo come <a href=\"https:\/\/en.wikipedia.org\/wiki\/Catalyst_support\" target=\"_blank\" rel=\"noopener\">vettore catalitico<\/a> per caricare i componenti attivi. Pu\u00f2 migliorare l'attivit\u00e0, la selettivit\u00e0 e la stabilit\u00e0 dei catalizzatori nelle reazioni chimiche, trovando ampia applicazione nell'industria petrolchimica e chimica del carbone.<\/p>\n<p class=\"ql-align-justify\"><strong>Materiale antirotazione<\/strong><\/p>\n<p class=\"ql-align-justify\">Si pu\u00f2 aggiungere ai rivestimenti anticorrosione o alle plastiche per resistere ai mezzi corrosivi. Inoltre, prolunga la durata di vita delle condutture delle apparecchiature chimiche e di ingegneria navale.<\/p>","protected":false},"excerpt":{"rendered":"<p>La polvere di grafite artificiale \u00e8 un materiale in polvere ottenuto sintetizzando artificialmente materie prime carboniose attraverso una serie di trattamenti e processi di modifica ad alta temperatura. Non si forma naturalmente, ma \u00e8 dotata di specifiche strutture cristalline e propriet\u00e0 fisiche e chimiche attraverso la regolazione artificiale dei parametri di processo. Ha un'eccezionale conducibilit\u00e0 elettrica, resistenza alle alte temperature, stabilit\u00e0 chimica e propriet\u00e0 delle particelle personalizzabili. Pertanto, trova ampie applicazioni, ad esempio nella produzione di semiconduttori, nelle batterie agli ioni di litio, nei materiali lubrificanti, ecc.<\/p>","protected":false},"featured_media":7893,"template":"","meta":[],"product_brand":[],"product_cat":[38],"product_tag":[],"class_list":{"0":"post-7892","1":"product","2":"type-product","3":"status-publish","4":"has-post-thumbnail","6":"product_cat-graphite-products","8":"first","9":"instock","10":"shipping-taxable","11":"product-type-simple"},"yoast_head":"<!-- This site is optimized with the Yoast SEO Premium plugin v19.2.1 (Yoast SEO v25.3) - https:\/\/yoast.com\/wordpress\/plugins\/seo\/ -->\n<title>Artificial Graphite Powder Manufacturer in China | Jinsun Carbon<\/title>\n<meta name=\"description\" content=\"Artificial graphite powder producer\uff0cJinsun can supply different types of graphite powder. Contact us today and get the best price.\" \/>\n<meta name=\"robots\" content=\"index, follow, max-snippet:-1, max-image-preview:large, max-video-preview:-1\" \/>\n<link rel=\"canonical\" href=\"https:\/\/jinsuncarbon.com\/it\/prodotto\/polvere-di-grafite-artificiale\/\" \/>\n<meta property=\"og:locale\" content=\"it_IT\" \/>\n<meta property=\"og:type\" content=\"article\" \/>\n<meta property=\"og:title\" content=\"Artificial Graphite Powder\" \/>\n<meta property=\"og:description\" content=\"Artificial graphite powder producer\uff0cJinsun can supply different types of graphite powder. Contact us today and get the best price.\" \/>\n<meta property=\"og:url\" content=\"https:\/\/jinsuncarbon.com\/it\/prodotto\/polvere-di-grafite-artificiale\/\" \/>\n<meta property=\"og:site_name\" content=\"Jinsun Carbon\" \/>\n<meta property=\"article:publisher\" content=\"https:\/\/www.facebook.com\/Graphite-Electrode-109336238661595\" \/>\n<meta property=\"article:modified_time\" content=\"2025-04-30T08:55:45+00:00\" \/>\n<meta property=\"og:image\" content=\"https:\/\/jinsuncarbon.com\/wp-content\/uploads\/2025\/04\/Artificial-Graphite-Powder.jpg\" \/>\n\t<meta property=\"og:image:width\" content=\"1024\" \/>\n\t<meta property=\"og:image:height\" content=\"763\" \/>\n\t<meta property=\"og:image:type\" content=\"image\/jpeg\" \/>\n<meta name=\"twitter:card\" content=\"summary_large_image\" \/>\n<meta name=\"twitter:site\" content=\"@jinsuncarbon_\" \/>\n<meta name=\"twitter:label1\" content=\"Tempo di lettura stimato\" \/>\n\t<meta name=\"twitter:data1\" content=\"3 minuti\" \/>\n<script type=\"application\/ld+json\" class=\"yoast-schema-graph\">{\"@context\":\"https:\/\/schema.org\",\"@graph\":[{\"@type\":\"WebPage\",\"@id\":\"https:\/\/jinsuncarbon.com\/product\/artificial-graphite-powder\/\",\"url\":\"https:\/\/jinsuncarbon.com\/product\/artificial-graphite-powder\/\",\"name\":\"Artificial Graphite Powder Manufacturer in China | Jinsun Carbon\",\"isPartOf\":{\"@id\":\"https:\/\/jinsuncarbon.com\/#website\"},\"primaryImageOfPage\":{\"@id\":\"https:\/\/jinsuncarbon.com\/product\/artificial-graphite-powder\/#primaryimage\"},\"image\":{\"@id\":\"https:\/\/jinsuncarbon.com\/product\/artificial-graphite-powder\/#primaryimage\"},\"thumbnailUrl\":\"https:\/\/jinsuncarbon.com\/wp-content\/uploads\/2025\/04\/Artificial-Graphite-Powder.jpg\",\"datePublished\":\"2025-04-30T08:55:44+00:00\",\"dateModified\":\"2025-04-30T08:55:45+00:00\",\"description\":\"Artificial graphite powder producer\uff0cJinsun can supply different types of graphite powder. Contact us today and get the best price.\",\"breadcrumb\":{\"@id\":\"https:\/\/jinsuncarbon.com\/product\/artificial-graphite-powder\/#breadcrumb\"},\"inLanguage\":\"it-IT\",\"potentialAction\":[{\"@type\":\"ReadAction\",\"target\":[\"https:\/\/jinsuncarbon.com\/product\/artificial-graphite-powder\/\"]}]},{\"@type\":\"ImageObject\",\"inLanguage\":\"it-IT\",\"@id\":\"https:\/\/jinsuncarbon.com\/product\/artificial-graphite-powder\/#primaryimage\",\"url\":\"https:\/\/jinsuncarbon.com\/wp-content\/uploads\/2025\/04\/Artificial-Graphite-Powder.jpg\",\"contentUrl\":\"https:\/\/jinsuncarbon.com\/wp-content\/uploads\/2025\/04\/Artificial-Graphite-Powder.jpg\",\"width\":1024,\"height\":763,\"caption\":\"Artificial Graphite Powder\"},{\"@type\":\"BreadcrumbList\",\"@id\":\"https:\/\/jinsuncarbon.com\/product\/artificial-graphite-powder\/#breadcrumb\",\"itemListElement\":[{\"@type\":\"ListItem\",\"position\":1,\"name\":\"Home\",\"item\":\"https:\/\/jinsuncarbon.com\/\"},{\"@type\":\"ListItem\",\"position\":2,\"name\":\"Products\",\"item\":\"https:\/\/jinsuncarbon.com\/graphite-carbon\/\"},{\"@type\":\"ListItem\",\"position\":3,\"name\":\"Artificial Graphite Powder\"}]},{\"@type\":\"WebSite\",\"@id\":\"https:\/\/jinsuncarbon.com\/#website\",\"url\":\"https:\/\/jinsuncarbon.com\/\",\"name\":\"Jinsun Carbon\",\"description\":\"We are the successful graphite electrode manufacturer in China\",\"publisher\":{\"@id\":\"https:\/\/jinsuncarbon.com\/#organization\"},\"potentialAction\":[{\"@type\":\"SearchAction\",\"target\":{\"@type\":\"EntryPoint\",\"urlTemplate\":\"https:\/\/jinsuncarbon.com\/?s={search_term_string}\"},\"query-input\":{\"@type\":\"PropertyValueSpecification\",\"valueRequired\":true,\"valueName\":\"search_term_string\"}}],\"inLanguage\":\"it-IT\"},{\"@type\":\"Organization\",\"@id\":\"https:\/\/jinsuncarbon.com\/#organization\",\"name\":\"Jinsun Carbon\",\"alternateName\":\"Jinsun Carbon\",\"url\":\"https:\/\/jinsuncarbon.com\/\",\"logo\":{\"@type\":\"ImageObject\",\"inLanguage\":\"it-IT\",\"@id\":\"https:\/\/jinsuncarbon.com\/#\/schema\/logo\/image\/\",\"url\":\"https:\/\/jinsuncarbon.com\/wp-content\/uploads\/2022\/12\/LOGO-1.png\",\"contentUrl\":\"https:\/\/jinsuncarbon.com\/wp-content\/uploads\/2022\/12\/LOGO-1.png\",\"width\":207,\"height\":80,\"caption\":\"Jinsun Carbon\"},\"image\":{\"@id\":\"https:\/\/jinsuncarbon.com\/#\/schema\/logo\/image\/\"},\"sameAs\":[\"https:\/\/www.facebook.com\/Graphite-Electrode-109336238661595\",\"https:\/\/x.com\/jinsuncarbon_\",\"https:\/\/www.linkedin.com\/in\/jinsungraphite\",\"https:\/\/www.youtube.com\/channel\/UCysDNyvyR5-3cCWEmpkVC0g\"]}]}<\/script>\n<!-- \/ Yoast SEO Premium plugin. -->","yoast_head_json":{"title":"Polvere di grafite artificiale Fornitore in Cina | Jinsun Carbon","description":"Il produttore di polvere di grafite artificiale, Jinsun, pu\u00f2 fornire diversi tipi di polvere di grafite. Contattateci oggi stesso per ottenere il miglior prezzo.","robots":{"index":"index","follow":"follow","max-snippet":"max-snippet:-1","max-image-preview":"max-image-preview:large","max-video-preview":"max-video-preview:-1"},"canonical":"https:\/\/jinsuncarbon.com\/it\/prodotto\/polvere-di-grafite-artificiale\/","og_locale":"it_IT","og_type":"article","og_title":"Artificial Graphite Powder","og_description":"Artificial graphite powder producer\uff0cJinsun can supply different types of graphite powder. Contact us today and get the best price.","og_url":"https:\/\/jinsuncarbon.com\/it\/prodotto\/polvere-di-grafite-artificiale\/","og_site_name":"Jinsun Carbon","article_publisher":"https:\/\/www.facebook.com\/Graphite-Electrode-109336238661595","article_modified_time":"2025-04-30T08:55:45+00:00","og_image":[{"width":1024,"height":763,"url":"https:\/\/jinsuncarbon.com\/wp-content\/uploads\/2025\/04\/Artificial-Graphite-Powder.jpg","type":"image\/jpeg"}],"twitter_card":"summary_large_image","twitter_site":"@jinsuncarbon_","twitter_misc":{"Tempo di lettura stimato":"3 minuti"},"schema":{"@context":"https:\/\/schema.org","@graph":[{"@type":"WebPage","@id":"https:\/\/jinsuncarbon.com\/product\/artificial-graphite-powder\/","url":"https:\/\/jinsuncarbon.com\/product\/artificial-graphite-powder\/","name":"Polvere di grafite artificiale Fornitore in Cina | Jinsun Carbon","isPartOf":{"@id":"https:\/\/jinsuncarbon.com\/#website"},"primaryImageOfPage":{"@id":"https:\/\/jinsuncarbon.com\/product\/artificial-graphite-powder\/#primaryimage"},"image":{"@id":"https:\/\/jinsuncarbon.com\/product\/artificial-graphite-powder\/#primaryimage"},"thumbnailUrl":"https:\/\/jinsuncarbon.com\/wp-content\/uploads\/2025\/04\/Artificial-Graphite-Powder.jpg","datePublished":"2025-04-30T08:55:44+00:00","dateModified":"2025-04-30T08:55:45+00:00","description":"Il produttore di polvere di grafite artificiale, Jinsun, pu\u00f2 fornire diversi tipi di polvere di grafite. Contattateci oggi stesso per ottenere il miglior prezzo.","breadcrumb":{"@id":"https:\/\/jinsuncarbon.com\/product\/artificial-graphite-powder\/#breadcrumb"},"inLanguage":"it-IT","potentialAction":[{"@type":"ReadAction","target":["https:\/\/jinsuncarbon.com\/product\/artificial-graphite-powder\/"]}]},{"@type":"ImageObject","inLanguage":"it-IT","@id":"https:\/\/jinsuncarbon.com\/product\/artificial-graphite-powder\/#primaryimage","url":"https:\/\/jinsuncarbon.com\/wp-content\/uploads\/2025\/04\/Artificial-Graphite-Powder.jpg","contentUrl":"https:\/\/jinsuncarbon.com\/wp-content\/uploads\/2025\/04\/Artificial-Graphite-Powder.jpg","width":1024,"height":763,"caption":"Artificial Graphite Powder"},{"@type":"BreadcrumbList","@id":"https:\/\/jinsuncarbon.com\/product\/artificial-graphite-powder\/#breadcrumb","itemListElement":[{"@type":"ListItem","position":1,"name":"Home","item":"https:\/\/jinsuncarbon.com\/"},{"@type":"ListItem","position":2,"name":"Products","item":"https:\/\/jinsuncarbon.com\/graphite-carbon\/"},{"@type":"ListItem","position":3,"name":"Artificial Graphite Powder"}]},{"@type":"WebSite","@id":"https:\/\/jinsuncarbon.com\/#website","url":"https:\/\/jinsuncarbon.com\/","name":"Jinsun Carbon","description":"Siamo il produttore di elettrodi di grafite di successo in Cina","publisher":{"@id":"https:\/\/jinsuncarbon.com\/#organization"},"potentialAction":[{"@type":"SearchAction","target":{"@type":"EntryPoint","urlTemplate":"https:\/\/jinsuncarbon.com\/?s={search_term_string}"},"query-input":{"@type":"PropertyValueSpecification","valueRequired":true,"valueName":"search_term_string"}}],"inLanguage":"it-IT"},{"@type":"Organization","@id":"https:\/\/jinsuncarbon.com\/#organization","name":"Jinsun Carbon","alternateName":"Jinsun Carbon","url":"https:\/\/jinsuncarbon.com\/","logo":{"@type":"ImageObject","inLanguage":"it-IT","@id":"https:\/\/jinsuncarbon.com\/#\/schema\/logo\/image\/","url":"https:\/\/jinsuncarbon.com\/wp-content\/uploads\/2022\/12\/LOGO-1.png","contentUrl":"https:\/\/jinsuncarbon.com\/wp-content\/uploads\/2022\/12\/LOGO-1.png","width":207,"height":80,"caption":"Jinsun Carbon"},"image":{"@id":"https:\/\/jinsuncarbon.com\/#\/schema\/logo\/image\/"},"sameAs":["https:\/\/www.facebook.com\/Graphite-Electrode-109336238661595","https:\/\/x.com\/jinsuncarbon_","https:\/\/www.linkedin.com\/in\/jinsungraphite","https:\/\/www.youtube.com\/channel\/UCysDNyvyR5-3cCWEmpkVC0g"]}]}},"_links":{"self":[{"href":"https:\/\/jinsuncarbon.com\/it\/wp-json\/wp\/v2\/product\/7892","targetHints":{"allow":["GET"]}}],"collection":[{"href":"https:\/\/jinsuncarbon.com\/it\/wp-json\/wp\/v2\/product"}],"about":[{"href":"https:\/\/jinsuncarbon.com\/it\/wp-json\/wp\/v2\/types\/product"}],"wp:featuredmedia":[{"embeddable":true,"href":"https:\/\/jinsuncarbon.com\/it\/wp-json\/wp\/v2\/media\/7893"}],"wp:attachment":[{"href":"https:\/\/jinsuncarbon.com\/it\/wp-json\/wp\/v2\/media?parent=7892"}],"wp:term":[{"taxonomy":"product_brand","embeddable":true,"href":"https:\/\/jinsuncarbon.com\/it\/wp-json\/wp\/v2\/product_brand?post=7892"},{"taxonomy":"product_cat","embeddable":true,"href":"https:\/\/jinsuncarbon.com\/it\/wp-json\/wp\/v2\/product_cat?post=7892"},{"taxonomy":"product_tag","embeddable":true,"href":"https:\/\/jinsuncarbon.com\/it\/wp-json\/wp\/v2\/product_tag?post=7892"}],"curies":[{"name":"wp","href":"https:\/\/api.w.org\/{rel}","templated":true}]}}