{"id":7881,"date":"2025-04-18T01:56:46","date_gmt":"2025-04-18T01:56:46","guid":{"rendered":"https:\/\/jinsuncarbon.com\/?post_type=product&#038;p=7881"},"modified":"2025-04-18T01:56:46","modified_gmt":"2025-04-18T01:56:46","slug":"rivestimento-in-grafite-2","status":"publish","type":"product","link":"https:\/\/jinsuncarbon.com\/it\/prodotto\/rivestimento-in-grafite-2\/","title":{"rendered":"Fodera in grafite"},"content":{"rendered":"<h2>Vantaggi del liner in grafite<\/h2>\n<p>Di solito si ottiene mescolando la polvere di grafite con un legante specifico. Poi, attraverso un processo di stampaggio come la formatura, l'estrusione o la pressatura isostatica, si ottiene la forma e la dimensione desiderata. E dopo la tostatura ad alta temperatura e altri trattamenti per migliorarne la densit\u00e0, la resistenza e le prestazioni. Il liner di grafite presenta quindi notevoli vantaggi.<\/p>\n<p><strong><b>S<\/b><\/strong><strong><b>uper resistenza alle alte temperature<\/b><\/strong><\/p>\n<p>Pu\u00f2 mantenere la stabilit\u00e0 in ambienti ad alta temperatura, oltre i 1000\u00b0C, senza fondere e decomporsi.<\/p>\n<p>&nbsp;<\/p>\n<p><strong><b>Eccellente stabilit\u00e0 chimica<\/b><\/strong><\/p>\n<p>Pu\u00f2 resistere efficacemente a una variet\u00e0 di acidi forti, alcali e all'erosione di gas corrosivi, perch\u00e9 non reagisce quasi con nessuna sostanza chimica.<\/p>\n<p>&nbsp;<\/p>\n<p><strong><b>Buona resistenza all'usura<\/b><\/strong><\/p>\n<p>\u00c8 in grado di resistere all'erosione e all'attrito dei materiali e di ridurre l'usura delle apparecchiature.<\/p>\n<p>&nbsp;<\/p>\n<p><strong><b>G<\/b><\/strong><strong><b>osa autolubrificante<\/b><\/strong><\/p>\n<p>Pu\u00f2 ridurre la resistenza del materiale che scorre nell'apparecchiatura.<\/p>\n<p>&nbsp;<\/p>\n<p><strong><b>Basso<\/b><\/strong><strong><b>\u00a0coefficiente di espansione termica<\/b><\/strong><\/p>\n<p>La sua struttura pu\u00f2 essere mantenuta stabile anche in presenza di forti variazioni di temperatura. Inoltre, non \u00e8 facile che venga danneggiata dall'espansione termica e dalla contrazione da freddo.<\/p>\n<p>&nbsp;<\/p>\n<p><strong><b>C<\/b><\/strong><strong><b>una certa conducibilit\u00e0 elettrica<\/b><\/strong><\/p>\n<p>Pu\u00f2 svolgere un ruolo unico in alcune apparecchiature che prevedono processi elettrochimici.<\/p>\n<p><strong><b>\u00a0<\/b><\/strong><\/p>\n<h2>Usi dei rivestimenti in grafite<\/h2>\n<p>I rivestimenti in grafite hanno una buona resistenza alla corrosione, alla conducibilit\u00e0 termica e all'usura, per cui sono ampiamente utilizzati in molti campi. Di seguito sono riportati alcuni dei principali utilizzi:<\/p>\n<p><strong><b>Industria chimica<\/b><\/strong><\/p>\n<p>Pu\u00f2 essere utilizzato per realizzare il rivestimento di reattori, serbatoi di stoccaggio, tubazioni e altre apparecchiature. Poich\u00e9 pu\u00f2 resistere alla corrosione di vari acidi forti, alcali forti e solventi organici, garantisce la sicurezza e la stabilit\u00e0 del processo di produzione chimica.<\/p>\n<p>&nbsp;<\/p>\n<p><strong><b>Industria metallurgica<\/b><\/strong><\/p>\n<p>Nelle celle elettrolitiche, \u00e8 possibile utilizzare rivestimenti in grafite come catodo. <a href=\"https:\/\/jinsuncarbon.com\/it\/prodotto\/rivestimento-del-forno-in-grafite\/\">rivestimento<\/a> materiale. Grazie alla buona conducibilit\u00e0 elettrica e alla resistenza all'erosione del sale fuso, contribuisce a migliorare l'efficienza elettrolitica e a prolungare la vita utile delle apparecchiature. Inoltre, in alcuni forni ad alta temperatura, pu\u00f2 svolgere anche il ruolo di isolamento termico e di protezione del corpo del forno.<\/p>\n<p>&nbsp;<\/p>\n<p><strong><b>Industria elettronica<\/b><\/strong><\/p>\n<p>\u00c8 possibile utilizzarla per produrre barche di grafite e dispositivi di grafite nel processo di produzione dei chip a semiconduttore. I rivestimenti in grafite possono fornire un ambiente a temperatura stabile e un buon supporto meccanico per la produzione di chip. La sua elevata purezza e il basso contenuto di impurit\u00e0 possono soddisfare i severi requisiti dell'industria elettronica in materia di materiali.<\/p>\n<p>&nbsp;<\/p>\n<p><strong><b>Industria dei macchinari<\/b><\/strong><\/p>\n<p>\u00c8 possibile utilizzare il rivestimento in grafite per la produzione di tenute meccaniche, cuscinetti e altre parti del rivestimento. Ha una buona autolubrificazione e resistenza all'usura, in grado di ridurre il coefficiente di attrito tra le parti meccaniche. Inoltre, migliora l'efficienza operativa e l'affidabilit\u00e0 delle apparecchiature.<\/p>\n<p>&nbsp;<\/p>\n<p><strong><b>Industria della protezione ambientale<\/b><\/strong><\/p>\n<p>Nelle apparecchiature per il trattamento delle acque reflue, pu\u00f2 essere utilizzato per realizzare il rivestimento della vasca di aerazione, del serbatoio di sedimentazione, ecc. Grazie alla sua resistenza alla corrosione e all'adesione biologica, pu\u00f2 migliorare l'efficienza operativa e la durata delle apparecchiature. Inoltre, in alcune apparecchiature per il trattamento dei gas di scarico, \u00e8 possibile utilizzarlo anche come supporto di <a href=\"https:\/\/www.sciencedirect.com\/topics\/engineering\/adsorbent-material\" target=\"_blank\" rel=\"noopener\">materiali adsorbiti<\/a>. Pu\u00f2 migliorare l'effetto del trattamento dei gas di scarico.<\/p>","protected":false},"excerpt":{"rendered":"<p>Il rivestimento in grafite \u00e8 una struttura realizzata con materiale di grafite ad alta purezza per la protezione interna delle apparecchiature. Grazie alle eccellenti caratteristiche della grafite stessa, svolge un ruolo fondamentale in molte condizioni di lavoro complesse. Ad esempio, nel reattore dell'industria chimica, nel campo metallurgico del forno ad alta temperatura e in altre apparecchiature. Pu\u00f2 fornire una garanzia affidabile per il funzionamento stabile dell'apparecchiatura, che \u00e8 un componente indispensabile per assicurare il funzionamento stabile di tutti i tipi di apparecchiature industriali.<\/p>","protected":false},"featured_media":7882,"template":"","meta":[],"product_brand":[],"product_cat":[38],"product_tag":[],"class_list":{"0":"post-7881","1":"product","2":"type-product","3":"status-publish","4":"has-post-thumbnail","6":"product_cat-graphite-products","8":"first","9":"instock","10":"shipping-taxable","11":"product-type-simple"},"yoast_head":"<!-- This site is optimized with the Yoast SEO Premium plugin v19.2.1 (Yoast SEO v25.3) - https:\/\/yoast.com\/wordpress\/plugins\/seo\/ -->\n<title>Graphite Liner Manufacturer in China | Jinsun Carbon<\/title>\n<meta name=\"description\" content=\"Graphite Liners manufacturers and suppliers. Jinsun can supply graphite liners in a range of sizes for your application, please contact us now.\" \/>\n<meta name=\"robots\" content=\"index, follow, max-snippet:-1, max-image-preview:large, max-video-preview:-1\" \/>\n<link rel=\"canonical\" href=\"https:\/\/jinsuncarbon.com\/it\/prodotto\/rivestimento-in-grafite-2\/\" \/>\n<meta property=\"og:locale\" content=\"it_IT\" \/>\n<meta property=\"og:type\" content=\"article\" \/>\n<meta property=\"og:title\" content=\"Graphite Liner\" \/>\n<meta property=\"og:description\" content=\"Graphite Liners manufacturers and suppliers. Jinsun can supply graphite liners in a range of sizes for your application, please contact us now.\" \/>\n<meta property=\"og:url\" content=\"https:\/\/jinsuncarbon.com\/it\/prodotto\/rivestimento-in-grafite-2\/\" \/>\n<meta property=\"og:site_name\" content=\"Jinsun Carbon\" \/>\n<meta property=\"article:publisher\" content=\"https:\/\/www.facebook.com\/Graphite-Electrode-109336238661595\" \/>\n<meta property=\"og:image\" content=\"https:\/\/jinsuncarbon.com\/wp-content\/uploads\/2025\/04\/Graphite-Liner.jpg\" \/>\n\t<meta property=\"og:image:width\" content=\"1024\" \/>\n\t<meta property=\"og:image:height\" content=\"763\" \/>\n\t<meta property=\"og:image:type\" content=\"image\/jpeg\" \/>\n<meta name=\"twitter:card\" content=\"summary_large_image\" \/>\n<meta name=\"twitter:site\" content=\"@jinsuncarbon_\" \/>\n<meta name=\"twitter:label1\" content=\"Tempo di lettura stimato\" \/>\n\t<meta name=\"twitter:data1\" content=\"3 minuti\" \/>\n<script type=\"application\/ld+json\" class=\"yoast-schema-graph\">{\"@context\":\"https:\/\/schema.org\",\"@graph\":[{\"@type\":\"WebPage\",\"@id\":\"https:\/\/jinsuncarbon.com\/product\/graphite-liner\/\",\"url\":\"https:\/\/jinsuncarbon.com\/product\/graphite-liner\/\",\"name\":\"Graphite Liner Manufacturer in China | Jinsun Carbon\",\"isPartOf\":{\"@id\":\"https:\/\/jinsuncarbon.com\/#website\"},\"primaryImageOfPage\":{\"@id\":\"https:\/\/jinsuncarbon.com\/product\/graphite-liner\/#primaryimage\"},\"image\":{\"@id\":\"https:\/\/jinsuncarbon.com\/product\/graphite-liner\/#primaryimage\"},\"thumbnailUrl\":\"https:\/\/jinsuncarbon.com\/wp-content\/uploads\/2025\/04\/Graphite-Liner.jpg\",\"datePublished\":\"2025-04-18T01:56:46+00:00\",\"description\":\"Graphite Liners manufacturers and suppliers. Jinsun can supply graphite liners in a range of sizes for your application, please contact us now.\",\"breadcrumb\":{\"@id\":\"https:\/\/jinsuncarbon.com\/product\/graphite-liner\/#breadcrumb\"},\"inLanguage\":\"it-IT\",\"potentialAction\":[{\"@type\":\"ReadAction\",\"target\":[\"https:\/\/jinsuncarbon.com\/product\/graphite-liner\/\"]}]},{\"@type\":\"ImageObject\",\"inLanguage\":\"it-IT\",\"@id\":\"https:\/\/jinsuncarbon.com\/product\/graphite-liner\/#primaryimage\",\"url\":\"https:\/\/jinsuncarbon.com\/wp-content\/uploads\/2025\/04\/Graphite-Liner.jpg\",\"contentUrl\":\"https:\/\/jinsuncarbon.com\/wp-content\/uploads\/2025\/04\/Graphite-Liner.jpg\",\"width\":1024,\"height\":763,\"caption\":\"Graphite Liner\"},{\"@type\":\"BreadcrumbList\",\"@id\":\"https:\/\/jinsuncarbon.com\/product\/graphite-liner\/#breadcrumb\",\"itemListElement\":[{\"@type\":\"ListItem\",\"position\":1,\"name\":\"Home\",\"item\":\"https:\/\/jinsuncarbon.com\/\"},{\"@type\":\"ListItem\",\"position\":2,\"name\":\"Products\",\"item\":\"https:\/\/jinsuncarbon.com\/graphite-carbon\/\"},{\"@type\":\"ListItem\",\"position\":3,\"name\":\"Graphite Liner\"}]},{\"@type\":\"WebSite\",\"@id\":\"https:\/\/jinsuncarbon.com\/#website\",\"url\":\"https:\/\/jinsuncarbon.com\/\",\"name\":\"Jinsun Carbon\",\"description\":\"We are the successful graphite electrode manufacturer in China\",\"publisher\":{\"@id\":\"https:\/\/jinsuncarbon.com\/#organization\"},\"potentialAction\":[{\"@type\":\"SearchAction\",\"target\":{\"@type\":\"EntryPoint\",\"urlTemplate\":\"https:\/\/jinsuncarbon.com\/?s={search_term_string}\"},\"query-input\":{\"@type\":\"PropertyValueSpecification\",\"valueRequired\":true,\"valueName\":\"search_term_string\"}}],\"inLanguage\":\"it-IT\"},{\"@type\":\"Organization\",\"@id\":\"https:\/\/jinsuncarbon.com\/#organization\",\"name\":\"Jinsun Carbon\",\"alternateName\":\"Jinsun Carbon\",\"url\":\"https:\/\/jinsuncarbon.com\/\",\"logo\":{\"@type\":\"ImageObject\",\"inLanguage\":\"it-IT\",\"@id\":\"https:\/\/jinsuncarbon.com\/#\/schema\/logo\/image\/\",\"url\":\"https:\/\/jinsuncarbon.com\/wp-content\/uploads\/2022\/12\/LOGO-1.png\",\"contentUrl\":\"https:\/\/jinsuncarbon.com\/wp-content\/uploads\/2022\/12\/LOGO-1.png\",\"width\":207,\"height\":80,\"caption\":\"Jinsun Carbon\"},\"image\":{\"@id\":\"https:\/\/jinsuncarbon.com\/#\/schema\/logo\/image\/\"},\"sameAs\":[\"https:\/\/www.facebook.com\/Graphite-Electrode-109336238661595\",\"https:\/\/x.com\/jinsuncarbon_\",\"https:\/\/www.linkedin.com\/in\/jinsungraphite\",\"https:\/\/www.youtube.com\/channel\/UCysDNyvyR5-3cCWEmpkVC0g\"]}]}<\/script>\n<!-- \/ Yoast SEO Premium plugin. -->","yoast_head_json":{"title":"Liner in grafite Fornitore in Cina | Jinsun Carbon","description":"Produttori e fornitori di rivestimenti in grafite. Jinsun \u00e8 in grado di fornire rivestimenti in grafite in una gamma di dimensioni per le vostre applicazioni, contattateci ora.","robots":{"index":"index","follow":"follow","max-snippet":"max-snippet:-1","max-image-preview":"max-image-preview:large","max-video-preview":"max-video-preview:-1"},"canonical":"https:\/\/jinsuncarbon.com\/it\/prodotto\/rivestimento-in-grafite-2\/","og_locale":"it_IT","og_type":"article","og_title":"Graphite Liner","og_description":"Graphite Liners manufacturers and suppliers. Jinsun can supply graphite liners in a range of sizes for your application, please contact us now.","og_url":"https:\/\/jinsuncarbon.com\/it\/prodotto\/rivestimento-in-grafite-2\/","og_site_name":"Jinsun Carbon","article_publisher":"https:\/\/www.facebook.com\/Graphite-Electrode-109336238661595","og_image":[{"width":1024,"height":763,"url":"https:\/\/jinsuncarbon.com\/wp-content\/uploads\/2025\/04\/Graphite-Liner.jpg","type":"image\/jpeg"}],"twitter_card":"summary_large_image","twitter_site":"@jinsuncarbon_","twitter_misc":{"Tempo di lettura stimato":"3 minuti"},"schema":{"@context":"https:\/\/schema.org","@graph":[{"@type":"WebPage","@id":"https:\/\/jinsuncarbon.com\/product\/graphite-liner\/","url":"https:\/\/jinsuncarbon.com\/product\/graphite-liner\/","name":"Liner in grafite Fornitore in Cina | Jinsun Carbon","isPartOf":{"@id":"https:\/\/jinsuncarbon.com\/#website"},"primaryImageOfPage":{"@id":"https:\/\/jinsuncarbon.com\/product\/graphite-liner\/#primaryimage"},"image":{"@id":"https:\/\/jinsuncarbon.com\/product\/graphite-liner\/#primaryimage"},"thumbnailUrl":"https:\/\/jinsuncarbon.com\/wp-content\/uploads\/2025\/04\/Graphite-Liner.jpg","datePublished":"2025-04-18T01:56:46+00:00","description":"Produttori e fornitori di rivestimenti in grafite. Jinsun \u00e8 in grado di fornire rivestimenti in grafite in una gamma di dimensioni per le vostre applicazioni, contattateci ora.","breadcrumb":{"@id":"https:\/\/jinsuncarbon.com\/product\/graphite-liner\/#breadcrumb"},"inLanguage":"it-IT","potentialAction":[{"@type":"ReadAction","target":["https:\/\/jinsuncarbon.com\/product\/graphite-liner\/"]}]},{"@type":"ImageObject","inLanguage":"it-IT","@id":"https:\/\/jinsuncarbon.com\/product\/graphite-liner\/#primaryimage","url":"https:\/\/jinsuncarbon.com\/wp-content\/uploads\/2025\/04\/Graphite-Liner.jpg","contentUrl":"https:\/\/jinsuncarbon.com\/wp-content\/uploads\/2025\/04\/Graphite-Liner.jpg","width":1024,"height":763,"caption":"Graphite Liner"},{"@type":"BreadcrumbList","@id":"https:\/\/jinsuncarbon.com\/product\/graphite-liner\/#breadcrumb","itemListElement":[{"@type":"ListItem","position":1,"name":"Home","item":"https:\/\/jinsuncarbon.com\/"},{"@type":"ListItem","position":2,"name":"Products","item":"https:\/\/jinsuncarbon.com\/graphite-carbon\/"},{"@type":"ListItem","position":3,"name":"Graphite Liner"}]},{"@type":"WebSite","@id":"https:\/\/jinsuncarbon.com\/#website","url":"https:\/\/jinsuncarbon.com\/","name":"Jinsun Carbon","description":"Siamo il produttore di elettrodi di grafite di successo in Cina","publisher":{"@id":"https:\/\/jinsuncarbon.com\/#organization"},"potentialAction":[{"@type":"SearchAction","target":{"@type":"EntryPoint","urlTemplate":"https:\/\/jinsuncarbon.com\/?s={search_term_string}"},"query-input":{"@type":"PropertyValueSpecification","valueRequired":true,"valueName":"search_term_string"}}],"inLanguage":"it-IT"},{"@type":"Organization","@id":"https:\/\/jinsuncarbon.com\/#organization","name":"Jinsun Carbon","alternateName":"Jinsun Carbon","url":"https:\/\/jinsuncarbon.com\/","logo":{"@type":"ImageObject","inLanguage":"it-IT","@id":"https:\/\/jinsuncarbon.com\/#\/schema\/logo\/image\/","url":"https:\/\/jinsuncarbon.com\/wp-content\/uploads\/2022\/12\/LOGO-1.png","contentUrl":"https:\/\/jinsuncarbon.com\/wp-content\/uploads\/2022\/12\/LOGO-1.png","width":207,"height":80,"caption":"Jinsun Carbon"},"image":{"@id":"https:\/\/jinsuncarbon.com\/#\/schema\/logo\/image\/"},"sameAs":["https:\/\/www.facebook.com\/Graphite-Electrode-109336238661595","https:\/\/x.com\/jinsuncarbon_","https:\/\/www.linkedin.com\/in\/jinsungraphite","https:\/\/www.youtube.com\/channel\/UCysDNyvyR5-3cCWEmpkVC0g"]}]}},"_links":{"self":[{"href":"https:\/\/jinsuncarbon.com\/it\/wp-json\/wp\/v2\/product\/7881","targetHints":{"allow":["GET"]}}],"collection":[{"href":"https:\/\/jinsuncarbon.com\/it\/wp-json\/wp\/v2\/product"}],"about":[{"href":"https:\/\/jinsuncarbon.com\/it\/wp-json\/wp\/v2\/types\/product"}],"wp:featuredmedia":[{"embeddable":true,"href":"https:\/\/jinsuncarbon.com\/it\/wp-json\/wp\/v2\/media\/7882"}],"wp:attachment":[{"href":"https:\/\/jinsuncarbon.com\/it\/wp-json\/wp\/v2\/media?parent=7881"}],"wp:term":[{"taxonomy":"product_brand","embeddable":true,"href":"https:\/\/jinsuncarbon.com\/it\/wp-json\/wp\/v2\/product_brand?post=7881"},{"taxonomy":"product_cat","embeddable":true,"href":"https:\/\/jinsuncarbon.com\/it\/wp-json\/wp\/v2\/product_cat?post=7881"},{"taxonomy":"product_tag","embeddable":true,"href":"https:\/\/jinsuncarbon.com\/it\/wp-json\/wp\/v2\/product_tag?post=7881"}],"curies":[{"name":"wp","href":"https:\/\/api.w.org\/{rel}","templated":true}]}}