{"id":7719,"date":"2025-03-03T07:13:47","date_gmt":"2025-03-03T07:13:47","guid":{"rendered":"https:\/\/jinsuncarbon.com\/?post_type=product&#038;p=7719"},"modified":"2025-03-03T07:14:31","modified_gmt":"2025-03-03T07:14:31","slug":"mattone-di-grafite","status":"publish","type":"product","link":"https:\/\/jinsuncarbon.com\/it\/prodotto\/mattone-di-grafite\/","title":{"rendered":"Mattone di grafite"},"content":{"rendered":"<p>I mattoni di grafite sono solitamente di forma cubica o cuboide, con varie dimensioni e specifiche. I suoi vantaggi sono molto evidenti.<\/p>\n<p><strong><b>E<\/b><\/strong><strong><b>Eccellente resistenza alle alte temperature<\/b><\/strong><\/p>\n<p>Pu\u00f2 mantenere la stabilit\u00e0 strutturale a temperature ultra-elevate di 1500\u00b0 C-3000 \u00b0C.<\/p>\n<p><strong><b>Buona conducibilit\u00e0 elettrica<\/b><\/strong><\/p>\n<p>Pu\u00f2 soddisfare requisiti elettrici specifici.<\/p>\n<p><strong><b>Chimicamente stabile<\/b><\/strong><\/p>\n<p>Non ha quasi nessuna reazione con le comuni sostanze chimiche.<\/p>\n<p><strong><b>Elevata resistenza meccanica<\/b><\/strong><\/p>\n<p>Non \u00e8 facile da deformare e rompere.<\/p>\n<p><strong><b>Buona resistenza all'usura<\/b><\/strong><\/p>\n<p>Pu\u00f2 sopportare un certo grado di attrito.<\/p>\n<p>&nbsp;<\/p>\n<p>Inoltre, ha anche un buon isolamento termico, in grado di bloccare efficacemente il trasferimento di calore. Queste caratteristiche gli consentono di svolgere un ruolo chiave nelle apparecchiature industriali ad alta temperatura, prolungando in modo significativo la durata delle apparecchiature e riducendo i costi di manutenzione.<\/p>\n<p>In base alle vostre esigenze specifiche, provvederemo al taglio, alla rettifica e ad altri mezzi di lavorazione per adattarli con precisione alle vostre dimensioni, alla precisione e ai requisiti strutturali speciali. Inoltre, \u00e8 possibile scegliere tra mattoni di grafite isostatica, mattoni di grafite stampata o altri tipi di mattoni di grafite.<\/p>\n<p>&nbsp;<\/p>\n<h2>Usi dei mattoni di grafite<\/h2>\n<h3>Industria metallurgica:<\/h3>\n<p>Si pu\u00f2 utilizzare come rivestimento di <a href=\"https:\/\/jinsuncarbon.com\/it\/come-funziona-laltoforno\/\">altiforni<\/a>, forni elettrici, ecc. Pu\u00f2 resistere all'erosione del metallo caldo ad alta temperatura e delle scorie, per prolungare la durata del forno. Come nei forni elettrici per la produzione di acciaio, pu\u00f2 resistere alle alte temperature di circa 1600\u2103. \u00c8 possibile utilizzarlo anche come <a href=\"https:\/\/jinsuncarbon.com\/it\/prodotto\/rivestimento-del-forno-in-grafite\/\">rivestimento in grafite<\/a> dello stampo di colata continua per fornire lubrificazione e conduzione del calore all'acciaio liquido. Favorisce la formazione della billetta di colata e ne migliora la qualit\u00e0.<\/p>\n<p><strong><b>\u00a0<\/b><\/strong><\/p>\n<h3>Industria chimica:<\/h3>\n<p>Pu\u00f2 essere utilizzato per il rivestimento di reattori chimici. Resiste alla corrosione di acidi forti come l'acido solforico, l'acido cloridrico, l'idrossido di sodio e altre basi forti. Per garantire una reazione sicura. Pu\u00f2 essere utilizzato anche come elettrodo per celle elettrolitiche. Nell'industria dei cloro-alcali, l'elettrodo di grafite pu\u00f2 stabilizzare la corrente di conduzione. E realizzare l'elettrolisi di cloro, idrogeno e soda caustica dalla soluzione di cloruro di sodio.<\/p>\n<p>&nbsp;<\/p>\n<h3>Produzione del vetro:<\/h3>\n<p>\u00c8 un componente chiave del forno di fusione del vetro, come i mattoni a parete della piscina, i mattoni con foro di flusso, ecc. Pu\u00f2 sopportare il lavaggio del liquido di vetro ad alta temperatura, superiore a 1500\u2103. Ci\u00f2 garantisce la continuit\u00e0 e la stabilit\u00e0 della produzione di vetro e migliora la qualit\u00e0 dei prodotti in vetro.<\/p>\n<p>&nbsp;<\/p>\n<h3>Industria nucleare:<\/h3>\n<p>\u00c8 possibile utilizzare mattoni di grafite di elevata purezza come moderatori di neutroni e materiali riflettenti. Sono in grado di controllare la velocit\u00e0 e la distribuzione dei neutroni in <a href=\"https:\/\/en.wikipedia.org\/wiki\/Nuclear_reactor\" target=\"_blank\" rel=\"noopener\">reattori nucleari<\/a>mantenere la stabilit\u00e0 delle reazioni nucleari. Inoltre, \u00e8 in grado di ridurre le perdite di neutroni, garantendo un funzionamento sicuro ed efficiente dei reattori.<\/p>\n<p><strong><b>\u00a0<\/b><\/strong><\/p>\n<h3>Semiconduttore elettronico:<\/h3>\n<p>Nel forno di diffusione ad alta temperatura e nel forno di ricottura di <a href=\"https:\/\/en.wikipedia.org\/wiki\/Semiconductor\" target=\"_blank\" rel=\"noopener\">semiconduttore<\/a> La produzione pu\u00f2 essere utilizzata come cuscinetto e componente per l'isolamento termico. Non solo pu\u00f2 sostenere materiali semiconduttori come i wafer di silicio. Ma pu\u00f2 anche mantenere l'ambiente ad alta temperatura nel forno, grazie al suo buon isolamento termico, per garantire la precisione del processo dei semiconduttori.<\/p>","protected":false},"excerpt":{"rendered":"<p>Il mattone di grafite \u00e8 un materiale in blocchi realizzato con materie prime di grafite di elevata purezza mediante un processo specifico, noto anche come mattone di grafite speciale a causa dei diversi processi di produzione e degli utilizzi. Presenta eccellenti caratteristiche di resistenza alle alte temperature, conducibilit\u00e0 elettrica, stabilit\u00e0 chimica e propriet\u00e0 meccaniche. Svolge quindi un ruolo fondamentale nel rivestimento di forni ad alta temperatura, nel rivestimento di reattori resistenti alla corrosione e in altre applicazioni. Si comporta bene in molti ambienti industriali estremi, come le alte temperature e la forte corrosione, rendendolo un materiale ideale per condizioni di lavoro complesse.<\/p>","protected":false},"featured_media":7723,"template":"","meta":[],"product_brand":[],"product_cat":[38],"product_tag":[],"class_list":{"0":"post-7719","1":"product","2":"type-product","3":"status-publish","4":"has-post-thumbnail","6":"product_cat-graphite-products","8":"first","9":"instock","10":"shipping-taxable","11":"product-type-simple"},"yoast_head":"<!-- This site is optimized with the Yoast SEO Premium plugin v19.2.1 (Yoast SEO v25.3) - https:\/\/yoast.com\/wordpress\/plugins\/seo\/ -->\n<title>Graphite Brick Manufacturer in China | Jinsun Carbon<\/title>\n<meta name=\"description\" content=\"Graphite Brick Manufacturer in China\uff0cJinsun can supply graphite bricks in a range of sizes for your application, please contact us to explain your needs.\" \/>\n<meta name=\"robots\" content=\"index, follow, max-snippet:-1, max-image-preview:large, max-video-preview:-1\" \/>\n<link rel=\"canonical\" href=\"https:\/\/jinsuncarbon.com\/it\/prodotto\/mattone-di-grafite\/\" \/>\n<meta property=\"og:locale\" content=\"it_IT\" \/>\n<meta property=\"og:type\" content=\"article\" \/>\n<meta property=\"og:title\" content=\"Graphite Brick\" \/>\n<meta property=\"og:description\" content=\"Graphite Brick Manufacturer in China\uff0cJinsun can supply graphite bricks in a range of sizes for your application, please contact us to explain your needs.\" \/>\n<meta property=\"og:url\" content=\"https:\/\/jinsuncarbon.com\/it\/prodotto\/mattone-di-grafite\/\" \/>\n<meta property=\"og:site_name\" content=\"Jinsun Carbon\" \/>\n<meta property=\"article:publisher\" content=\"https:\/\/www.facebook.com\/Graphite-Electrode-109336238661595\" \/>\n<meta property=\"article:modified_time\" content=\"2025-03-03T07:14:31+00:00\" \/>\n<meta property=\"og:image\" content=\"https:\/\/jinsuncarbon.com\/wp-content\/uploads\/2025\/03\/Graphite-brick.jpg\" \/>\n\t<meta property=\"og:image:width\" content=\"1024\" \/>\n\t<meta property=\"og:image:height\" content=\"763\" \/>\n\t<meta property=\"og:image:type\" content=\"image\/jpeg\" \/>\n<meta name=\"twitter:card\" content=\"summary_large_image\" \/>\n<meta name=\"twitter:site\" content=\"@jinsuncarbon_\" \/>\n<meta name=\"twitter:label1\" content=\"Tempo di lettura stimato\" \/>\n\t<meta name=\"twitter:data1\" content=\"3 minuti\" \/>\n<script type=\"application\/ld+json\" class=\"yoast-schema-graph\">{\"@context\":\"https:\/\/schema.org\",\"@graph\":[{\"@type\":\"WebPage\",\"@id\":\"https:\/\/jinsuncarbon.com\/product\/graphite-brick\/\",\"url\":\"https:\/\/jinsuncarbon.com\/product\/graphite-brick\/\",\"name\":\"Graphite Brick Manufacturer in China | Jinsun Carbon\",\"isPartOf\":{\"@id\":\"https:\/\/jinsuncarbon.com\/#website\"},\"primaryImageOfPage\":{\"@id\":\"https:\/\/jinsuncarbon.com\/product\/graphite-brick\/#primaryimage\"},\"image\":{\"@id\":\"https:\/\/jinsuncarbon.com\/product\/graphite-brick\/#primaryimage\"},\"thumbnailUrl\":\"https:\/\/jinsuncarbon.com\/wp-content\/uploads\/2025\/03\/Graphite-brick.jpg\",\"datePublished\":\"2025-03-03T07:13:47+00:00\",\"dateModified\":\"2025-03-03T07:14:31+00:00\",\"description\":\"Graphite Brick Manufacturer in China\uff0cJinsun can supply graphite bricks in a range of sizes for your application, please contact us to explain your needs.\",\"breadcrumb\":{\"@id\":\"https:\/\/jinsuncarbon.com\/product\/graphite-brick\/#breadcrumb\"},\"inLanguage\":\"it-IT\",\"potentialAction\":[{\"@type\":\"ReadAction\",\"target\":[\"https:\/\/jinsuncarbon.com\/product\/graphite-brick\/\"]}]},{\"@type\":\"ImageObject\",\"inLanguage\":\"it-IT\",\"@id\":\"https:\/\/jinsuncarbon.com\/product\/graphite-brick\/#primaryimage\",\"url\":\"https:\/\/jinsuncarbon.com\/wp-content\/uploads\/2025\/03\/Graphite-brick.jpg\",\"contentUrl\":\"https:\/\/jinsuncarbon.com\/wp-content\/uploads\/2025\/03\/Graphite-brick.jpg\",\"width\":1024,\"height\":763,\"caption\":\"Graphite brick\"},{\"@type\":\"BreadcrumbList\",\"@id\":\"https:\/\/jinsuncarbon.com\/product\/graphite-brick\/#breadcrumb\",\"itemListElement\":[{\"@type\":\"ListItem\",\"position\":1,\"name\":\"Home\",\"item\":\"https:\/\/jinsuncarbon.com\/\"},{\"@type\":\"ListItem\",\"position\":2,\"name\":\"Products\",\"item\":\"https:\/\/jinsuncarbon.com\/graphite-carbon\/\"},{\"@type\":\"ListItem\",\"position\":3,\"name\":\"Graphite Brick\"}]},{\"@type\":\"WebSite\",\"@id\":\"https:\/\/jinsuncarbon.com\/#website\",\"url\":\"https:\/\/jinsuncarbon.com\/\",\"name\":\"Jinsun Carbon\",\"description\":\"We are the successful graphite electrode manufacturer in China\",\"publisher\":{\"@id\":\"https:\/\/jinsuncarbon.com\/#organization\"},\"potentialAction\":[{\"@type\":\"SearchAction\",\"target\":{\"@type\":\"EntryPoint\",\"urlTemplate\":\"https:\/\/jinsuncarbon.com\/?s={search_term_string}\"},\"query-input\":{\"@type\":\"PropertyValueSpecification\",\"valueRequired\":true,\"valueName\":\"search_term_string\"}}],\"inLanguage\":\"it-IT\"},{\"@type\":\"Organization\",\"@id\":\"https:\/\/jinsuncarbon.com\/#organization\",\"name\":\"Jinsun Carbon\",\"alternateName\":\"Jinsun Carbon\",\"url\":\"https:\/\/jinsuncarbon.com\/\",\"logo\":{\"@type\":\"ImageObject\",\"inLanguage\":\"it-IT\",\"@id\":\"https:\/\/jinsuncarbon.com\/#\/schema\/logo\/image\/\",\"url\":\"https:\/\/jinsuncarbon.com\/wp-content\/uploads\/2022\/12\/LOGO-1.png\",\"contentUrl\":\"https:\/\/jinsuncarbon.com\/wp-content\/uploads\/2022\/12\/LOGO-1.png\",\"width\":207,\"height\":80,\"caption\":\"Jinsun Carbon\"},\"image\":{\"@id\":\"https:\/\/jinsuncarbon.com\/#\/schema\/logo\/image\/\"},\"sameAs\":[\"https:\/\/www.facebook.com\/Graphite-Electrode-109336238661595\",\"https:\/\/x.com\/jinsuncarbon_\",\"https:\/\/www.linkedin.com\/in\/jinsungraphite\",\"https:\/\/www.youtube.com\/channel\/UCysDNyvyR5-3cCWEmpkVC0g\"]}]}<\/script>\n<!-- \/ Yoast SEO Premium plugin. -->","yoast_head_json":{"title":"Mattone di grafite Produttore in Cina | Jinsun Carbon","description":"Produttore di mattoni di grafite in Cina, Jinsun \u00e8 in grado di fornire mattoni di grafite in una gamma di dimensioni per le vostre applicazioni.","robots":{"index":"index","follow":"follow","max-snippet":"max-snippet:-1","max-image-preview":"max-image-preview:large","max-video-preview":"max-video-preview:-1"},"canonical":"https:\/\/jinsuncarbon.com\/it\/prodotto\/mattone-di-grafite\/","og_locale":"it_IT","og_type":"article","og_title":"Graphite Brick","og_description":"Graphite Brick Manufacturer in China\uff0cJinsun can supply graphite bricks in a range of sizes for your application, please contact us to explain your needs.","og_url":"https:\/\/jinsuncarbon.com\/it\/prodotto\/mattone-di-grafite\/","og_site_name":"Jinsun Carbon","article_publisher":"https:\/\/www.facebook.com\/Graphite-Electrode-109336238661595","article_modified_time":"2025-03-03T07:14:31+00:00","og_image":[{"width":1024,"height":763,"url":"https:\/\/jinsuncarbon.com\/wp-content\/uploads\/2025\/03\/Graphite-brick.jpg","type":"image\/jpeg"}],"twitter_card":"summary_large_image","twitter_site":"@jinsuncarbon_","twitter_misc":{"Tempo di lettura stimato":"3 minuti"},"schema":{"@context":"https:\/\/schema.org","@graph":[{"@type":"WebPage","@id":"https:\/\/jinsuncarbon.com\/product\/graphite-brick\/","url":"https:\/\/jinsuncarbon.com\/product\/graphite-brick\/","name":"Mattone di grafite Produttore in Cina | Jinsun Carbon","isPartOf":{"@id":"https:\/\/jinsuncarbon.com\/#website"},"primaryImageOfPage":{"@id":"https:\/\/jinsuncarbon.com\/product\/graphite-brick\/#primaryimage"},"image":{"@id":"https:\/\/jinsuncarbon.com\/product\/graphite-brick\/#primaryimage"},"thumbnailUrl":"https:\/\/jinsuncarbon.com\/wp-content\/uploads\/2025\/03\/Graphite-brick.jpg","datePublished":"2025-03-03T07:13:47+00:00","dateModified":"2025-03-03T07:14:31+00:00","description":"Produttore di mattoni di grafite in Cina, Jinsun \u00e8 in grado di fornire mattoni di grafite in una gamma di dimensioni per le vostre applicazioni.","breadcrumb":{"@id":"https:\/\/jinsuncarbon.com\/product\/graphite-brick\/#breadcrumb"},"inLanguage":"it-IT","potentialAction":[{"@type":"ReadAction","target":["https:\/\/jinsuncarbon.com\/product\/graphite-brick\/"]}]},{"@type":"ImageObject","inLanguage":"it-IT","@id":"https:\/\/jinsuncarbon.com\/product\/graphite-brick\/#primaryimage","url":"https:\/\/jinsuncarbon.com\/wp-content\/uploads\/2025\/03\/Graphite-brick.jpg","contentUrl":"https:\/\/jinsuncarbon.com\/wp-content\/uploads\/2025\/03\/Graphite-brick.jpg","width":1024,"height":763,"caption":"Graphite brick"},{"@type":"BreadcrumbList","@id":"https:\/\/jinsuncarbon.com\/product\/graphite-brick\/#breadcrumb","itemListElement":[{"@type":"ListItem","position":1,"name":"Home","item":"https:\/\/jinsuncarbon.com\/"},{"@type":"ListItem","position":2,"name":"Products","item":"https:\/\/jinsuncarbon.com\/graphite-carbon\/"},{"@type":"ListItem","position":3,"name":"Graphite Brick"}]},{"@type":"WebSite","@id":"https:\/\/jinsuncarbon.com\/#website","url":"https:\/\/jinsuncarbon.com\/","name":"Jinsun Carbon","description":"Siamo il produttore di elettrodi di grafite di successo in Cina","publisher":{"@id":"https:\/\/jinsuncarbon.com\/#organization"},"potentialAction":[{"@type":"SearchAction","target":{"@type":"EntryPoint","urlTemplate":"https:\/\/jinsuncarbon.com\/?s={search_term_string}"},"query-input":{"@type":"PropertyValueSpecification","valueRequired":true,"valueName":"search_term_string"}}],"inLanguage":"it-IT"},{"@type":"Organization","@id":"https:\/\/jinsuncarbon.com\/#organization","name":"Jinsun Carbon","alternateName":"Jinsun Carbon","url":"https:\/\/jinsuncarbon.com\/","logo":{"@type":"ImageObject","inLanguage":"it-IT","@id":"https:\/\/jinsuncarbon.com\/#\/schema\/logo\/image\/","url":"https:\/\/jinsuncarbon.com\/wp-content\/uploads\/2022\/12\/LOGO-1.png","contentUrl":"https:\/\/jinsuncarbon.com\/wp-content\/uploads\/2022\/12\/LOGO-1.png","width":207,"height":80,"caption":"Jinsun Carbon"},"image":{"@id":"https:\/\/jinsuncarbon.com\/#\/schema\/logo\/image\/"},"sameAs":["https:\/\/www.facebook.com\/Graphite-Electrode-109336238661595","https:\/\/x.com\/jinsuncarbon_","https:\/\/www.linkedin.com\/in\/jinsungraphite","https:\/\/www.youtube.com\/channel\/UCysDNyvyR5-3cCWEmpkVC0g"]}]}},"_links":{"self":[{"href":"https:\/\/jinsuncarbon.com\/it\/wp-json\/wp\/v2\/product\/7719","targetHints":{"allow":["GET"]}}],"collection":[{"href":"https:\/\/jinsuncarbon.com\/it\/wp-json\/wp\/v2\/product"}],"about":[{"href":"https:\/\/jinsuncarbon.com\/it\/wp-json\/wp\/v2\/types\/product"}],"wp:featuredmedia":[{"embeddable":true,"href":"https:\/\/jinsuncarbon.com\/it\/wp-json\/wp\/v2\/media\/7723"}],"wp:attachment":[{"href":"https:\/\/jinsuncarbon.com\/it\/wp-json\/wp\/v2\/media?parent=7719"}],"wp:term":[{"taxonomy":"product_brand","embeddable":true,"href":"https:\/\/jinsuncarbon.com\/it\/wp-json\/wp\/v2\/product_brand?post=7719"},{"taxonomy":"product_cat","embeddable":true,"href":"https:\/\/jinsuncarbon.com\/it\/wp-json\/wp\/v2\/product_cat?post=7719"},{"taxonomy":"product_tag","embeddable":true,"href":"https:\/\/jinsuncarbon.com\/it\/wp-json\/wp\/v2\/product_tag?post=7719"}],"curies":[{"name":"wp","href":"https:\/\/api.w.org\/{rel}","templated":true}]}}