{"id":7718,"date":"2025-03-04T02:36:19","date_gmt":"2025-03-04T02:36:19","guid":{"rendered":"https:\/\/jinsuncarbon.com\/?post_type=product&#038;p=7718"},"modified":"2025-03-04T02:36:20","modified_gmt":"2025-03-04T02:36:20","slug":"rullo-in-grafite","status":"publish","type":"product","link":"https:\/\/jinsuncarbon.com\/it\/prodotto\/rullo-in-grafite\/","title":{"rendered":"Rullo di grafite"},"content":{"rendered":"<p>Il rullo in grafite \u00e8 cilindrico standard e i suoi vantaggi sono notevoli.<\/p>\n<p><strong><b>E<\/b><\/strong><strong><b>Eccellente stabilit\u00e0 termica<\/b><\/strong><\/p>\n<p>Pu\u00f2 mantenere la stabilit\u00e0 in un intervallo di temperature estreme, da -200\u00b0C a 1000\u00b0C e anche oltre.<\/p>\n<p><strong><b>E<\/b><\/strong><strong><b>Eccellente conducibilit\u00e0 elettrica<\/b><\/strong><\/p>\n<p>\u00c8 in grado di soddisfare le esigenze di conduzione di processi quali <a href=\"https:\/\/jinsuncarbon.com\/it\/grafite-galvanica\/\">galvanotecnica<\/a> e l'elettrolisi.<\/p>\n<p><strong><b>Elevata resistenza meccanica<\/b><\/strong><\/p>\n<p>Pu\u00f2 sopportare pressioni e coppie maggiori.<\/p>\n<p><strong><b>Basso coefficiente di attrito<\/b><\/strong><\/p>\n<p>Favorisce la trasmissione fluida dei materiali.<\/p>\n<p><strong><b>Propriet\u00e0 chimiche stabili<\/b><\/strong><\/p>\n<p>Ha una forte resistenza alla corrosione.<\/p>\n<p><strong><b>Grande<\/b><\/strong><strong><b>\u00a0conduttivit\u00e0 termica<\/b><\/strong><\/p>\n<p>\u00c8 in grado di condurre rapidamente il calore e di dissipare efficacemente il calore nella lavorazione del metallo per garantire la qualit\u00e0 della lavorazione. Nella produzione di chip elettronici, la sua rotazione ad alta precisione pu\u00f2 realizzare il posizionamento e la trasmissione precisi del chip.<\/p>\n<p><strong><b>\u00a0<\/b><\/strong><\/p>\n<h2>Usi del rullo di grafite<\/h2>\n<h3>Industria siderurgica:<\/h3>\n<p>Il rullo di grafite funge da rullo nella laminazione dell'acciaio. Utilizza la resistenza all'usura e alle alte temperature per sopportare la pressione delle billette ad alta temperatura e l'attrito per migliorare la qualit\u00e0 della superficie dell'acciaio. Nello stampo della macchina di colata continua, pu\u00f2 lubrificare e condurre il calore, aiutando il raffreddamento liquido dell'acciaio a formarsi. Inoltre, evita l'adesione della billetta di colata, garantendo l'efficienza e la qualit\u00e0 della produzione di acciaio.<\/p>\n<p>&nbsp;<\/p>\n<h3>Industria elettronica:<\/h3>\n<p>Nel processo di litografia dei semiconduttori, il rullo di grafite trasporta e trasmette i wafer. Le caratteristiche di alta precisione garantiscono una posizione di lavorazione accurata e migliorano la qualit\u00e0 della litografia. Quando si rivestono componenti elettronici, come componente di trasmissione, funziona in modo stabile ad alte temperature, guidando il pezzo da rivestire in modo uniforme. Garantisce un rivestimento uniforme e soddisfa le esigenze di produzione di precisione del settore. <a href=\"https:\/\/en.wikipedia.org\/wiki\/Electronics_industry#:~:text=The%20electronics%20industry%20is%20the,of%20the%20largest%20global%20industries.\" target=\"_blank\" rel=\"noopener\">industria elettronica<\/a>.<\/p>\n<p>&nbsp;<\/p>\n<h3>Industria fotovoltaica:<\/h3>\n<p>Nella produzione di silicio monocristallino e di <a href=\"https:\/\/en.wikipedia.org\/wiki\/Polycrystalline_silicon#:~:text=Polycrystalline%20silicon%20(or%20semi%2Dcrystalline,a%20%22metal%20flake%20effect%22.\" target=\"_blank\" rel=\"noopener\">polisilicio<\/a>Pu\u00f2 essere utilizzato per le apparecchiature di taglio e rettifica. Migliora l'efficienza di lavorazione e la qualit\u00e0 dei wafer di silicio grazie alle propriet\u00e0 antiusura e autolubrificanti. Durante la produzione di pannelli solari, trasmette e posiziona le celle per garantire la precisione di posizione della stampa, del rivestimento e di altri processi. E aiuta l'industria fotovoltaica a produrre in modo efficiente.<\/p>\n<p>&nbsp;<\/p>\n<h3>Industria del vetro:<\/h3>\n<p>Stampaggio del vetro float, supporto del rullo in grafite, trasmissione del nastro di vetro. La sua resistenza alle alte temperature e le sue caratteristiche di basso attrito aiutano il movimento regolare del nastro di vetro, per garantire la planarit\u00e0 del vetro. Nel processo di curvatura e tempra a caldo, \u00e8 possibile utilizzarlo come elemento portante per mantenere stabili le prestazioni alle alte temperature. Inoltre, garantisce la qualit\u00e0 di stampaggio dei prodotti in vetro.<\/p>\n<p>&nbsp;<\/p>\n<h3>Industria chimica:<\/h3>\n<p>Nel reattore chimico, \u00e8 possibile utilizzare il rullo di grafite come componente di agitazione. Resiste alla corrosione grazie alla stabilit\u00e0 chimica e promuove una reazione uniforme. Durante il trasporto di materiali chimici, la sua resistenza all'usura e alla corrosione garantisce che il rullo di trasporto non sia usurato e corroso. Inoltre, mantiene la stabilit\u00e0 del sistema di trasporto e soddisfa le esigenze specifiche della produzione chimica.<\/p>","protected":false},"excerpt":{"rendered":"<p>Il rullo di grafite \u00e8 un componente cilindrico realizzato in grafite di elevata purezza. Grazie alle sue eccellenti propriet\u00e0 termiche, elettriche, meccaniche e tribologiche, si comporta bene in vari campi dell'industria moderna. Dalla trasmissione di precisione nella produzione di chip elettronici, allo stampaggio efficiente nella laminazione dell'acciaio, fino al trasporto di materiale resistente alla corrosione nella produzione chimica, \u00e8 inseparabile dalla sua figura. \u00c8 un materiale affidabile, in grado di adattarsi a condizioni complesse. \u00c8 indispensabile in molti processi produttivi continui e automatizzati. Inoltre, \u00e8 possibile scegliere rulli di grafite di diversa purezza, rulli di grafite solida, rulli di grafite cava o altri tipi di rulli di grafite.<\/p>","protected":false},"featured_media":7729,"template":"","meta":[],"product_brand":[],"product_cat":[38],"product_tag":[],"class_list":{"0":"post-7718","1":"product","2":"type-product","3":"status-publish","4":"has-post-thumbnail","6":"product_cat-graphite-products","8":"first","9":"instock","10":"shipping-taxable","11":"product-type-simple"},"yoast_head":"<!-- This site is optimized with the Yoast SEO Premium plugin v19.2.1 (Yoast SEO v25.3) - https:\/\/yoast.com\/wordpress\/plugins\/seo\/ -->\n<title>Graphite Roller Manufacturer in China | Jinsun Carbon<\/title>\n<meta name=\"description\" content=\"Graphite Roller Manufacturer in China, Jinsun supply types of graphite rollers with best price, contact us today!\" \/>\n<meta name=\"robots\" content=\"index, follow, max-snippet:-1, max-image-preview:large, max-video-preview:-1\" \/>\n<link rel=\"canonical\" href=\"https:\/\/jinsuncarbon.com\/it\/prodotto\/rullo-in-grafite\/\" \/>\n<meta property=\"og:locale\" content=\"it_IT\" \/>\n<meta property=\"og:type\" content=\"article\" \/>\n<meta property=\"og:title\" content=\"Graphite Roller\" \/>\n<meta property=\"og:description\" content=\"Graphite Roller Manufacturer in China, Jinsun supply types of graphite rollers with best price, contact us today!\" \/>\n<meta property=\"og:url\" content=\"https:\/\/jinsuncarbon.com\/it\/prodotto\/rullo-in-grafite\/\" \/>\n<meta property=\"og:site_name\" content=\"Jinsun Carbon\" \/>\n<meta property=\"article:publisher\" content=\"https:\/\/www.facebook.com\/Graphite-Electrode-109336238661595\" \/>\n<meta property=\"article:modified_time\" content=\"2025-03-04T02:36:20+00:00\" \/>\n<meta property=\"og:image\" content=\"https:\/\/jinsuncarbon.com\/wp-content\/uploads\/2025\/03\/Graphite-roller.jpg\" \/>\n\t<meta property=\"og:image:width\" content=\"1024\" \/>\n\t<meta property=\"og:image:height\" content=\"763\" \/>\n\t<meta property=\"og:image:type\" content=\"image\/jpeg\" \/>\n<meta name=\"twitter:card\" content=\"summary_large_image\" \/>\n<meta name=\"twitter:site\" content=\"@jinsuncarbon_\" \/>\n<meta name=\"twitter:label1\" content=\"Tempo di lettura stimato\" \/>\n\t<meta name=\"twitter:data1\" content=\"3 minuti\" \/>\n<script type=\"application\/ld+json\" class=\"yoast-schema-graph\">{\"@context\":\"https:\/\/schema.org\",\"@graph\":[{\"@type\":\"WebPage\",\"@id\":\"https:\/\/jinsuncarbon.com\/product\/graphite-roller\/\",\"url\":\"https:\/\/jinsuncarbon.com\/product\/graphite-roller\/\",\"name\":\"Graphite Roller Manufacturer in China | Jinsun Carbon\",\"isPartOf\":{\"@id\":\"https:\/\/jinsuncarbon.com\/#website\"},\"primaryImageOfPage\":{\"@id\":\"https:\/\/jinsuncarbon.com\/product\/graphite-roller\/#primaryimage\"},\"image\":{\"@id\":\"https:\/\/jinsuncarbon.com\/product\/graphite-roller\/#primaryimage\"},\"thumbnailUrl\":\"https:\/\/jinsuncarbon.com\/wp-content\/uploads\/2025\/03\/Graphite-roller.jpg\",\"datePublished\":\"2025-03-04T02:36:19+00:00\",\"dateModified\":\"2025-03-04T02:36:20+00:00\",\"description\":\"Graphite Roller Manufacturer in China, Jinsun supply types of graphite rollers with best price, contact us today!\",\"breadcrumb\":{\"@id\":\"https:\/\/jinsuncarbon.com\/product\/graphite-roller\/#breadcrumb\"},\"inLanguage\":\"it-IT\",\"potentialAction\":[{\"@type\":\"ReadAction\",\"target\":[\"https:\/\/jinsuncarbon.com\/product\/graphite-roller\/\"]}]},{\"@type\":\"ImageObject\",\"inLanguage\":\"it-IT\",\"@id\":\"https:\/\/jinsuncarbon.com\/product\/graphite-roller\/#primaryimage\",\"url\":\"https:\/\/jinsuncarbon.com\/wp-content\/uploads\/2025\/03\/Graphite-roller.jpg\",\"contentUrl\":\"https:\/\/jinsuncarbon.com\/wp-content\/uploads\/2025\/03\/Graphite-roller.jpg\",\"width\":1024,\"height\":763,\"caption\":\"Graphite roller\"},{\"@type\":\"BreadcrumbList\",\"@id\":\"https:\/\/jinsuncarbon.com\/product\/graphite-roller\/#breadcrumb\",\"itemListElement\":[{\"@type\":\"ListItem\",\"position\":1,\"name\":\"Home\",\"item\":\"https:\/\/jinsuncarbon.com\/\"},{\"@type\":\"ListItem\",\"position\":2,\"name\":\"Products\",\"item\":\"https:\/\/jinsuncarbon.com\/graphite-carbon\/\"},{\"@type\":\"ListItem\",\"position\":3,\"name\":\"Graphite Roller\"}]},{\"@type\":\"WebSite\",\"@id\":\"https:\/\/jinsuncarbon.com\/#website\",\"url\":\"https:\/\/jinsuncarbon.com\/\",\"name\":\"Jinsun Carbon\",\"description\":\"We are the successful graphite electrode manufacturer in China\",\"publisher\":{\"@id\":\"https:\/\/jinsuncarbon.com\/#organization\"},\"potentialAction\":[{\"@type\":\"SearchAction\",\"target\":{\"@type\":\"EntryPoint\",\"urlTemplate\":\"https:\/\/jinsuncarbon.com\/?s={search_term_string}\"},\"query-input\":{\"@type\":\"PropertyValueSpecification\",\"valueRequired\":true,\"valueName\":\"search_term_string\"}}],\"inLanguage\":\"it-IT\"},{\"@type\":\"Organization\",\"@id\":\"https:\/\/jinsuncarbon.com\/#organization\",\"name\":\"Jinsun Carbon\",\"alternateName\":\"Jinsun Carbon\",\"url\":\"https:\/\/jinsuncarbon.com\/\",\"logo\":{\"@type\":\"ImageObject\",\"inLanguage\":\"it-IT\",\"@id\":\"https:\/\/jinsuncarbon.com\/#\/schema\/logo\/image\/\",\"url\":\"https:\/\/jinsuncarbon.com\/wp-content\/uploads\/2022\/12\/LOGO-1.png\",\"contentUrl\":\"https:\/\/jinsuncarbon.com\/wp-content\/uploads\/2022\/12\/LOGO-1.png\",\"width\":207,\"height\":80,\"caption\":\"Jinsun Carbon\"},\"image\":{\"@id\":\"https:\/\/jinsuncarbon.com\/#\/schema\/logo\/image\/\"},\"sameAs\":[\"https:\/\/www.facebook.com\/Graphite-Electrode-109336238661595\",\"https:\/\/x.com\/jinsuncarbon_\",\"https:\/\/www.linkedin.com\/in\/jinsungraphite\",\"https:\/\/www.youtube.com\/channel\/UCysDNyvyR5-3cCWEmpkVC0g\"]}]}<\/script>\n<!-- \/ Yoast SEO Premium plugin. -->","yoast_head_json":{"title":"Rullo di grafite Produttore in Cina | Jinsun Carbon","description":"Rullo di grafite Produttore in Cina, Jinsun fornire tipi di rulli di grafite con il miglior prezzo, contattaci oggi!","robots":{"index":"index","follow":"follow","max-snippet":"max-snippet:-1","max-image-preview":"max-image-preview:large","max-video-preview":"max-video-preview:-1"},"canonical":"https:\/\/jinsuncarbon.com\/it\/prodotto\/rullo-in-grafite\/","og_locale":"it_IT","og_type":"article","og_title":"Graphite Roller","og_description":"Graphite Roller Manufacturer in China, Jinsun supply types of graphite rollers with best price, contact us today!","og_url":"https:\/\/jinsuncarbon.com\/it\/prodotto\/rullo-in-grafite\/","og_site_name":"Jinsun Carbon","article_publisher":"https:\/\/www.facebook.com\/Graphite-Electrode-109336238661595","article_modified_time":"2025-03-04T02:36:20+00:00","og_image":[{"width":1024,"height":763,"url":"https:\/\/jinsuncarbon.com\/wp-content\/uploads\/2025\/03\/Graphite-roller.jpg","type":"image\/jpeg"}],"twitter_card":"summary_large_image","twitter_site":"@jinsuncarbon_","twitter_misc":{"Tempo di lettura stimato":"3 minuti"},"schema":{"@context":"https:\/\/schema.org","@graph":[{"@type":"WebPage","@id":"https:\/\/jinsuncarbon.com\/product\/graphite-roller\/","url":"https:\/\/jinsuncarbon.com\/product\/graphite-roller\/","name":"Rullo di grafite Produttore in Cina | Jinsun Carbon","isPartOf":{"@id":"https:\/\/jinsuncarbon.com\/#website"},"primaryImageOfPage":{"@id":"https:\/\/jinsuncarbon.com\/product\/graphite-roller\/#primaryimage"},"image":{"@id":"https:\/\/jinsuncarbon.com\/product\/graphite-roller\/#primaryimage"},"thumbnailUrl":"https:\/\/jinsuncarbon.com\/wp-content\/uploads\/2025\/03\/Graphite-roller.jpg","datePublished":"2025-03-04T02:36:19+00:00","dateModified":"2025-03-04T02:36:20+00:00","description":"Rullo di grafite Produttore in Cina, Jinsun fornire tipi di rulli di grafite con il miglior prezzo, contattaci oggi!","breadcrumb":{"@id":"https:\/\/jinsuncarbon.com\/product\/graphite-roller\/#breadcrumb"},"inLanguage":"it-IT","potentialAction":[{"@type":"ReadAction","target":["https:\/\/jinsuncarbon.com\/product\/graphite-roller\/"]}]},{"@type":"ImageObject","inLanguage":"it-IT","@id":"https:\/\/jinsuncarbon.com\/product\/graphite-roller\/#primaryimage","url":"https:\/\/jinsuncarbon.com\/wp-content\/uploads\/2025\/03\/Graphite-roller.jpg","contentUrl":"https:\/\/jinsuncarbon.com\/wp-content\/uploads\/2025\/03\/Graphite-roller.jpg","width":1024,"height":763,"caption":"Graphite roller"},{"@type":"BreadcrumbList","@id":"https:\/\/jinsuncarbon.com\/product\/graphite-roller\/#breadcrumb","itemListElement":[{"@type":"ListItem","position":1,"name":"Home","item":"https:\/\/jinsuncarbon.com\/"},{"@type":"ListItem","position":2,"name":"Products","item":"https:\/\/jinsuncarbon.com\/graphite-carbon\/"},{"@type":"ListItem","position":3,"name":"Graphite Roller"}]},{"@type":"WebSite","@id":"https:\/\/jinsuncarbon.com\/#website","url":"https:\/\/jinsuncarbon.com\/","name":"Jinsun Carbon","description":"Siamo il produttore di elettrodi di grafite di successo in Cina","publisher":{"@id":"https:\/\/jinsuncarbon.com\/#organization"},"potentialAction":[{"@type":"SearchAction","target":{"@type":"EntryPoint","urlTemplate":"https:\/\/jinsuncarbon.com\/?s={search_term_string}"},"query-input":{"@type":"PropertyValueSpecification","valueRequired":true,"valueName":"search_term_string"}}],"inLanguage":"it-IT"},{"@type":"Organization","@id":"https:\/\/jinsuncarbon.com\/#organization","name":"Jinsun Carbon","alternateName":"Jinsun Carbon","url":"https:\/\/jinsuncarbon.com\/","logo":{"@type":"ImageObject","inLanguage":"it-IT","@id":"https:\/\/jinsuncarbon.com\/#\/schema\/logo\/image\/","url":"https:\/\/jinsuncarbon.com\/wp-content\/uploads\/2022\/12\/LOGO-1.png","contentUrl":"https:\/\/jinsuncarbon.com\/wp-content\/uploads\/2022\/12\/LOGO-1.png","width":207,"height":80,"caption":"Jinsun Carbon"},"image":{"@id":"https:\/\/jinsuncarbon.com\/#\/schema\/logo\/image\/"},"sameAs":["https:\/\/www.facebook.com\/Graphite-Electrode-109336238661595","https:\/\/x.com\/jinsuncarbon_","https:\/\/www.linkedin.com\/in\/jinsungraphite","https:\/\/www.youtube.com\/channel\/UCysDNyvyR5-3cCWEmpkVC0g"]}]}},"_links":{"self":[{"href":"https:\/\/jinsuncarbon.com\/it\/wp-json\/wp\/v2\/product\/7718","targetHints":{"allow":["GET"]}}],"collection":[{"href":"https:\/\/jinsuncarbon.com\/it\/wp-json\/wp\/v2\/product"}],"about":[{"href":"https:\/\/jinsuncarbon.com\/it\/wp-json\/wp\/v2\/types\/product"}],"wp:featuredmedia":[{"embeddable":true,"href":"https:\/\/jinsuncarbon.com\/it\/wp-json\/wp\/v2\/media\/7729"}],"wp:attachment":[{"href":"https:\/\/jinsuncarbon.com\/it\/wp-json\/wp\/v2\/media?parent=7718"}],"wp:term":[{"taxonomy":"product_brand","embeddable":true,"href":"https:\/\/jinsuncarbon.com\/it\/wp-json\/wp\/v2\/product_brand?post=7718"},{"taxonomy":"product_cat","embeddable":true,"href":"https:\/\/jinsuncarbon.com\/it\/wp-json\/wp\/v2\/product_cat?post=7718"},{"taxonomy":"product_tag","embeddable":true,"href":"https:\/\/jinsuncarbon.com\/it\/wp-json\/wp\/v2\/product_tag?post=7718"}],"curies":[{"name":"wp","href":"https:\/\/api.w.org\/{rel}","templated":true}]}}