{"id":7688,"date":"2025-02-25T03:40:27","date_gmt":"2025-02-25T03:40:27","guid":{"rendered":"https:\/\/jinsuncarbon.com\/?post_type=product&#038;p=7688"},"modified":"2025-02-25T03:40:28","modified_gmt":"2025-02-25T03:40:28","slug":"modulo-di-messa-a-terra-in-grafite","status":"publish","type":"product","link":"https:\/\/jinsuncarbon.com\/it\/prodotto\/modulo-di-messa-a-terra-in-grafite\/","title":{"rendered":"Modulo di messa a terra in grafite"},"content":{"rendered":"<h2 class=\"ql-align-justify\">Vantaggi del modulo di messa a terra in grafite<\/h2>\n<p class=\"ql-align-justify\"><strong>Eccellente conducibilit\u00e0 elettrica<\/strong><\/p>\n<p class=\"ql-align-justify\">Ha una buona conduttivit\u00e0, una bassa resistenza e una rapida conduzione del modulo di messa a terra, per garantire la sicurezza elettrica e l'affidabilit\u00e0 della messa a terra.<\/p>\n<p class=\"ql-align-justify\"><strong>Forte stabilit\u00e0 chimica<\/strong><\/p>\n<p class=\"ql-align-justify\">Eccellente resistenza alla corrosione, non si corrode facilmente in ambienti complessi del terreno, prolungando la durata e riducendo i costi di manutenzione.<\/p>\n<p class=\"ql-align-justify\"><strong>Elevata resistenza meccanica<\/strong><\/p>\n<p class=\"ql-align-justify\">Compressione e <a href=\"https:\/\/jinsuncarbon.com\/it\/proprieta-meccaniche-della-grafite\/\">resistenza alla trazione<\/a>Pu\u00f2 resistere alla pressione del suolo e agli impatti esterni e pu\u00f2 mantenere la funzione di messa a terra in condizioni difficili.<\/p>\n<p class=\"ql-align-justify\"><strong>Installazione facile e flessibile<\/strong><\/p>\n<p class=\"ql-align-justify\">Peso ridotto, volume personalizzabile, nessuna necessit\u00e0 di grandi attrezzature, disposizione flessibile del sistema di messa a terra in base al terreno e ai requisiti.<\/p>\n<p class=\"ql-align-justify\"><strong>Effetto di riduzione della resistenza di lunga durata<\/strong><\/p>\n<p class=\"ql-align-justify\">Rispetto ai materiali tradizionali, la resistenza al suolo \u00e8 bassa e meno influenzata dall'ambiente. L'effetto di riduzione della resistenza \u00e8 stabile e duraturo.<\/p>\n<p class=\"ql-align-justify\">Inoltre, possiamo lavorarli per adattarli alle vostre specifiche, sia in termini di dimensioni che di connessione. \u00c8 inoltre possibile scegliere tra moduli di messa a terra in grafite singoli, moduli di messa a terra in grafite combinati, moduli di messa a terra in grafite contenenti oligoelementi o altri tipi di moduli di messa a terra in grafite.<\/p>\n<p>&nbsp;<\/p>\n<h2 class=\"ql-align-justify\">Utilizzo dei moduli di messa a terra in grafite<\/h2>\n<p class=\"ql-align-justify\"><strong>Nel <a href=\"https:\/\/en.wikipedia.org\/wiki\/Electric_power_system\" target=\"_blank\" rel=\"noopener\">sistema di alimentazione<\/a><\/strong><\/p>\n<p class=\"ql-align-justify\">Nella centrale elettrica, \u00e8 possibile utilizzare il modulo di messa a terra in grafite per il collegamento alle apparecchiature di generazione dell'energia. Pu\u00f2 eliminare rapidamente la corrente di dispersione e ridurre la probabilit\u00e0 di guasto. Nella sottostazione, collega il trasformatore e altre apparecchiature per dragare la corrente di guasto ed evitare l'espansione dell'incidente. I pali e le torri delle linee di trasmissione lo utilizzano per ridurre la resistenza di messa a terra dei fulmini e garantire una trasmissione di energia stabile.<\/p>\n<p class=\"ql-align-justify\"><strong>Nel campo della comunicazione<\/strong><\/p>\n<p class=\"ql-align-justify\">La stazione base di comunicazione utilizza il modulo di messa a terra in grafite per collegare il guscio dell'apparecchiatura con lo strato di schermatura del cavo. Per prevenire i fulmini e le interferenze elettromagnetiche e garantire la stabilit\u00e0 del segnale di comunicazione. La torre di trasmissione radiotelevisiva \u00e8 protetta dai fulmini per garantire la normale trasmissione dei segnali. Quindi mantenere la continuit\u00e0 delle attivit\u00e0 di comunicazione.<\/p>\n<p class=\"ql-align-justify\"><strong>Industria delle costruzioni<\/strong><\/p>\n<p class=\"ql-align-justify\">Nei grattacieli del settore edile, il modulo di messa a terra in grafite introduce la corrente di fulmine a terra, proteggendo la struttura dell'edificio. Fornisce una messa a terra sicura per le apparecchiature elettriche e riduce il rischio di scosse elettriche. Negli impianti industriali, il modulo di messa a terra in grafite elimina l'elettricit\u00e0 statica e la corrente di dispersione per garantire la sicurezza della produzione industriale.<\/p>\n<p class=\"ql-align-justify\"><strong>Produzione di apparecchiature elettroniche<\/strong><\/p>\n<p class=\"ql-align-justify\">Officina di produzione di apparecchiature elettroniche, componenti elettrostatici vulnerabili. Pu\u00f2 rilasciare rapidamente l'elettricit\u00e0 statica, prevenire i danni statici, migliorare la resa dei prodotti e garantire la qualit\u00e0 e la stabilit\u00e0 delle apparecchiature elettroniche prodotte.<\/p>\n<p class=\"ql-align-justify\"><strong>Petrolchimico<\/strong><\/p>\n<p class=\"ql-align-justify\">L'ambiente dell'impresa petrolchimica \u00e8 complesso, infiammabile ed esplosivo. \u00c8 possibile utilizzare il modulo di messa a terra in grafite per la messa a terra delle apparecchiature e dei serbatoi di stoccaggio, per evitare incidenti causati da perdite. Inoltre, la sua resistenza alla corrosione \u00e8 in grado di adattarsi agli ambienti pi\u00f9 difficili per garantire la sicurezza e la continuit\u00e0 della produzione chimica.<\/p>","protected":false},"excerpt":{"rendered":"<p class=\"ql-align-justify\">Il modulo di messa a terra in grafite \u00e8 un tipo di dispositivo di messa a terra realizzato con materiale di grafite di elevata purezza mediante un processo speciale. Nei sistemi di alimentazione, pu\u00f2 essere utilizzato nelle sottostazioni per introdurre le correnti di guasto a terra. Nelle stazioni base di comunicazione, pu\u00f2 proteggere dai fulmini e dalle interferenze elettromagnetiche. Grazie all'eccellente conduttivit\u00e0 elettrica, alla stabilit\u00e0 chimica e alla resistenza alla corrosione, si comporta bene in vari sistemi di alimentazione, stazioni base di comunicazione e altri scenari. \u00c8 un'apparecchiatura fondamentale per garantire un funzionamento elettrico sicuro e stabile e pu\u00f2 adattarsi a requisiti di messa a terra complessi e mutevoli.<\/p>\n<p class=\"ql-align-justify\">","protected":false},"featured_media":7703,"template":"","meta":[],"product_brand":[],"product_cat":[38],"product_tag":[],"class_list":{"0":"post-7688","1":"product","2":"type-product","3":"status-publish","4":"has-post-thumbnail","6":"product_cat-graphite-products","8":"first","9":"instock","10":"shipping-taxable","11":"product-type-simple"},"yoast_head":"<!-- This site is optimized with the Yoast SEO Premium plugin v19.2.1 (Yoast SEO v25.3) - https:\/\/yoast.com\/wordpress\/plugins\/seo\/ -->\n<title>Graphite Grounding Module Manufacturer in China | Jinsun Carbon<\/title>\n<meta name=\"description\" content=\"Graphite grounding module manufacturer in China, Jinsun can supply types of graphite grounding modules are used in power industry lightning protection systems.\" \/>\n<meta name=\"robots\" content=\"index, follow, max-snippet:-1, max-image-preview:large, max-video-preview:-1\" \/>\n<link rel=\"canonical\" href=\"https:\/\/jinsuncarbon.com\/it\/prodotto\/modulo-di-messa-a-terra-in-grafite\/\" \/>\n<meta property=\"og:locale\" content=\"it_IT\" \/>\n<meta property=\"og:type\" content=\"article\" \/>\n<meta property=\"og:title\" content=\"Graphite Grounding Module\" \/>\n<meta property=\"og:description\" content=\"Graphite grounding module manufacturer in China, Jinsun can supply types of graphite grounding modules are used in power industry lightning protection systems.\" \/>\n<meta property=\"og:url\" content=\"https:\/\/jinsuncarbon.com\/it\/prodotto\/modulo-di-messa-a-terra-in-grafite\/\" \/>\n<meta property=\"og:site_name\" content=\"Jinsun Carbon\" \/>\n<meta property=\"article:publisher\" content=\"https:\/\/www.facebook.com\/Graphite-Electrode-109336238661595\" \/>\n<meta property=\"article:modified_time\" content=\"2025-02-25T03:40:28+00:00\" \/>\n<meta property=\"og:image\" content=\"https:\/\/jinsuncarbon.com\/wp-content\/uploads\/2025\/02\/Graphite-grounding-module-1.jpg\" \/>\n\t<meta property=\"og:image:width\" content=\"1024\" \/>\n\t<meta property=\"og:image:height\" content=\"763\" \/>\n\t<meta property=\"og:image:type\" content=\"image\/jpeg\" \/>\n<meta name=\"twitter:card\" content=\"summary_large_image\" \/>\n<meta name=\"twitter:site\" content=\"@jinsuncarbon_\" \/>\n<meta name=\"twitter:label1\" content=\"Tempo di lettura stimato\" \/>\n\t<meta name=\"twitter:data1\" content=\"3 minuti\" \/>\n<script type=\"application\/ld+json\" class=\"yoast-schema-graph\">{\"@context\":\"https:\/\/schema.org\",\"@graph\":[{\"@type\":\"WebPage\",\"@id\":\"https:\/\/jinsuncarbon.com\/product\/graphite-grounding-module\/\",\"url\":\"https:\/\/jinsuncarbon.com\/product\/graphite-grounding-module\/\",\"name\":\"Graphite Grounding Module Manufacturer in China | Jinsun Carbon\",\"isPartOf\":{\"@id\":\"https:\/\/jinsuncarbon.com\/#website\"},\"primaryImageOfPage\":{\"@id\":\"https:\/\/jinsuncarbon.com\/product\/graphite-grounding-module\/#primaryimage\"},\"image\":{\"@id\":\"https:\/\/jinsuncarbon.com\/product\/graphite-grounding-module\/#primaryimage\"},\"thumbnailUrl\":\"https:\/\/jinsuncarbon.com\/wp-content\/uploads\/2025\/02\/Graphite-grounding-module-1.jpg\",\"datePublished\":\"2025-02-25T03:40:27+00:00\",\"dateModified\":\"2025-02-25T03:40:28+00:00\",\"description\":\"Graphite grounding module manufacturer in China, Jinsun can supply types of graphite grounding modules are used in power industry lightning protection systems.\",\"breadcrumb\":{\"@id\":\"https:\/\/jinsuncarbon.com\/product\/graphite-grounding-module\/#breadcrumb\"},\"inLanguage\":\"it-IT\",\"potentialAction\":[{\"@type\":\"ReadAction\",\"target\":[\"https:\/\/jinsuncarbon.com\/product\/graphite-grounding-module\/\"]}]},{\"@type\":\"ImageObject\",\"inLanguage\":\"it-IT\",\"@id\":\"https:\/\/jinsuncarbon.com\/product\/graphite-grounding-module\/#primaryimage\",\"url\":\"https:\/\/jinsuncarbon.com\/wp-content\/uploads\/2025\/02\/Graphite-grounding-module-1.jpg\",\"contentUrl\":\"https:\/\/jinsuncarbon.com\/wp-content\/uploads\/2025\/02\/Graphite-grounding-module-1.jpg\",\"width\":1024,\"height\":763,\"caption\":\"Graphite grounding module\"},{\"@type\":\"BreadcrumbList\",\"@id\":\"https:\/\/jinsuncarbon.com\/product\/graphite-grounding-module\/#breadcrumb\",\"itemListElement\":[{\"@type\":\"ListItem\",\"position\":1,\"name\":\"Home\",\"item\":\"https:\/\/jinsuncarbon.com\/\"},{\"@type\":\"ListItem\",\"position\":2,\"name\":\"Products\",\"item\":\"https:\/\/jinsuncarbon.com\/graphite-carbon\/\"},{\"@type\":\"ListItem\",\"position\":3,\"name\":\"Graphite Grounding Module\"}]},{\"@type\":\"WebSite\",\"@id\":\"https:\/\/jinsuncarbon.com\/#website\",\"url\":\"https:\/\/jinsuncarbon.com\/\",\"name\":\"Jinsun Carbon\",\"description\":\"We are the successful graphite electrode manufacturer in China\",\"publisher\":{\"@id\":\"https:\/\/jinsuncarbon.com\/#organization\"},\"potentialAction\":[{\"@type\":\"SearchAction\",\"target\":{\"@type\":\"EntryPoint\",\"urlTemplate\":\"https:\/\/jinsuncarbon.com\/?s={search_term_string}\"},\"query-input\":{\"@type\":\"PropertyValueSpecification\",\"valueRequired\":true,\"valueName\":\"search_term_string\"}}],\"inLanguage\":\"it-IT\"},{\"@type\":\"Organization\",\"@id\":\"https:\/\/jinsuncarbon.com\/#organization\",\"name\":\"Jinsun Carbon\",\"alternateName\":\"Jinsun Carbon\",\"url\":\"https:\/\/jinsuncarbon.com\/\",\"logo\":{\"@type\":\"ImageObject\",\"inLanguage\":\"it-IT\",\"@id\":\"https:\/\/jinsuncarbon.com\/#\/schema\/logo\/image\/\",\"url\":\"https:\/\/jinsuncarbon.com\/wp-content\/uploads\/2022\/12\/LOGO-1.png\",\"contentUrl\":\"https:\/\/jinsuncarbon.com\/wp-content\/uploads\/2022\/12\/LOGO-1.png\",\"width\":207,\"height\":80,\"caption\":\"Jinsun Carbon\"},\"image\":{\"@id\":\"https:\/\/jinsuncarbon.com\/#\/schema\/logo\/image\/\"},\"sameAs\":[\"https:\/\/www.facebook.com\/Graphite-Electrode-109336238661595\",\"https:\/\/x.com\/jinsuncarbon_\",\"https:\/\/www.linkedin.com\/in\/jinsungraphite\",\"https:\/\/www.youtube.com\/channel\/UCysDNyvyR5-3cCWEmpkVC0g\"]}]}<\/script>\n<!-- \/ Yoast SEO Premium plugin. -->","yoast_head_json":{"title":"Modulo di messa a terra in grafite Produttore in Cina | Jinsun Carbon","description":"Produttore di moduli di messa a terra in grafite in Cina, Jinsun pu\u00f2 fornire tipi di moduli di messa a terra in grafite utilizzati nei sistemi di protezione dai fulmini dell'industria elettrica.","robots":{"index":"index","follow":"follow","max-snippet":"max-snippet:-1","max-image-preview":"max-image-preview:large","max-video-preview":"max-video-preview:-1"},"canonical":"https:\/\/jinsuncarbon.com\/it\/prodotto\/modulo-di-messa-a-terra-in-grafite\/","og_locale":"it_IT","og_type":"article","og_title":"Graphite Grounding Module","og_description":"Graphite grounding module manufacturer in China, Jinsun can supply types of graphite grounding modules are used in power industry lightning protection systems.","og_url":"https:\/\/jinsuncarbon.com\/it\/prodotto\/modulo-di-messa-a-terra-in-grafite\/","og_site_name":"Jinsun Carbon","article_publisher":"https:\/\/www.facebook.com\/Graphite-Electrode-109336238661595","article_modified_time":"2025-02-25T03:40:28+00:00","og_image":[{"width":1024,"height":763,"url":"https:\/\/jinsuncarbon.com\/wp-content\/uploads\/2025\/02\/Graphite-grounding-module-1.jpg","type":"image\/jpeg"}],"twitter_card":"summary_large_image","twitter_site":"@jinsuncarbon_","twitter_misc":{"Tempo di lettura stimato":"3 minuti"},"schema":{"@context":"https:\/\/schema.org","@graph":[{"@type":"WebPage","@id":"https:\/\/jinsuncarbon.com\/product\/graphite-grounding-module\/","url":"https:\/\/jinsuncarbon.com\/product\/graphite-grounding-module\/","name":"Modulo di messa a terra in grafite Produttore in Cina | Jinsun Carbon","isPartOf":{"@id":"https:\/\/jinsuncarbon.com\/#website"},"primaryImageOfPage":{"@id":"https:\/\/jinsuncarbon.com\/product\/graphite-grounding-module\/#primaryimage"},"image":{"@id":"https:\/\/jinsuncarbon.com\/product\/graphite-grounding-module\/#primaryimage"},"thumbnailUrl":"https:\/\/jinsuncarbon.com\/wp-content\/uploads\/2025\/02\/Graphite-grounding-module-1.jpg","datePublished":"2025-02-25T03:40:27+00:00","dateModified":"2025-02-25T03:40:28+00:00","description":"Produttore di moduli di messa a terra in grafite in Cina, Jinsun pu\u00f2 fornire tipi di moduli di messa a terra in grafite utilizzati nei sistemi di protezione dai fulmini dell'industria elettrica.","breadcrumb":{"@id":"https:\/\/jinsuncarbon.com\/product\/graphite-grounding-module\/#breadcrumb"},"inLanguage":"it-IT","potentialAction":[{"@type":"ReadAction","target":["https:\/\/jinsuncarbon.com\/product\/graphite-grounding-module\/"]}]},{"@type":"ImageObject","inLanguage":"it-IT","@id":"https:\/\/jinsuncarbon.com\/product\/graphite-grounding-module\/#primaryimage","url":"https:\/\/jinsuncarbon.com\/wp-content\/uploads\/2025\/02\/Graphite-grounding-module-1.jpg","contentUrl":"https:\/\/jinsuncarbon.com\/wp-content\/uploads\/2025\/02\/Graphite-grounding-module-1.jpg","width":1024,"height":763,"caption":"Graphite grounding module"},{"@type":"BreadcrumbList","@id":"https:\/\/jinsuncarbon.com\/product\/graphite-grounding-module\/#breadcrumb","itemListElement":[{"@type":"ListItem","position":1,"name":"Home","item":"https:\/\/jinsuncarbon.com\/"},{"@type":"ListItem","position":2,"name":"Products","item":"https:\/\/jinsuncarbon.com\/graphite-carbon\/"},{"@type":"ListItem","position":3,"name":"Graphite Grounding Module"}]},{"@type":"WebSite","@id":"https:\/\/jinsuncarbon.com\/#website","url":"https:\/\/jinsuncarbon.com\/","name":"Jinsun Carbon","description":"Siamo il produttore di elettrodi di grafite di successo in Cina","publisher":{"@id":"https:\/\/jinsuncarbon.com\/#organization"},"potentialAction":[{"@type":"SearchAction","target":{"@type":"EntryPoint","urlTemplate":"https:\/\/jinsuncarbon.com\/?s={search_term_string}"},"query-input":{"@type":"PropertyValueSpecification","valueRequired":true,"valueName":"search_term_string"}}],"inLanguage":"it-IT"},{"@type":"Organization","@id":"https:\/\/jinsuncarbon.com\/#organization","name":"Jinsun Carbon","alternateName":"Jinsun Carbon","url":"https:\/\/jinsuncarbon.com\/","logo":{"@type":"ImageObject","inLanguage":"it-IT","@id":"https:\/\/jinsuncarbon.com\/#\/schema\/logo\/image\/","url":"https:\/\/jinsuncarbon.com\/wp-content\/uploads\/2022\/12\/LOGO-1.png","contentUrl":"https:\/\/jinsuncarbon.com\/wp-content\/uploads\/2022\/12\/LOGO-1.png","width":207,"height":80,"caption":"Jinsun Carbon"},"image":{"@id":"https:\/\/jinsuncarbon.com\/#\/schema\/logo\/image\/"},"sameAs":["https:\/\/www.facebook.com\/Graphite-Electrode-109336238661595","https:\/\/x.com\/jinsuncarbon_","https:\/\/www.linkedin.com\/in\/jinsungraphite","https:\/\/www.youtube.com\/channel\/UCysDNyvyR5-3cCWEmpkVC0g"]}]}},"_links":{"self":[{"href":"https:\/\/jinsuncarbon.com\/it\/wp-json\/wp\/v2\/product\/7688","targetHints":{"allow":["GET"]}}],"collection":[{"href":"https:\/\/jinsuncarbon.com\/it\/wp-json\/wp\/v2\/product"}],"about":[{"href":"https:\/\/jinsuncarbon.com\/it\/wp-json\/wp\/v2\/types\/product"}],"wp:featuredmedia":[{"embeddable":true,"href":"https:\/\/jinsuncarbon.com\/it\/wp-json\/wp\/v2\/media\/7703"}],"wp:attachment":[{"href":"https:\/\/jinsuncarbon.com\/it\/wp-json\/wp\/v2\/media?parent=7688"}],"wp:term":[{"taxonomy":"product_brand","embeddable":true,"href":"https:\/\/jinsuncarbon.com\/it\/wp-json\/wp\/v2\/product_brand?post=7688"},{"taxonomy":"product_cat","embeddable":true,"href":"https:\/\/jinsuncarbon.com\/it\/wp-json\/wp\/v2\/product_cat?post=7688"},{"taxonomy":"product_tag","embeddable":true,"href":"https:\/\/jinsuncarbon.com\/it\/wp-json\/wp\/v2\/product_tag?post=7688"}],"curies":[{"name":"wp","href":"https:\/\/api.w.org\/{rel}","templated":true}]}}