{"id":7639,"date":"2025-02-17T05:11:44","date_gmt":"2025-02-17T05:11:44","guid":{"rendered":"https:\/\/jinsuncarbon.com\/?post_type=product&#038;p=7639"},"modified":"2025-02-21T05:36:35","modified_gmt":"2025-02-21T05:36:35","slug":"matrici-in-grafite","status":"publish","type":"product","link":"https:\/\/jinsuncarbon.com\/it\/prodotto\/matrici-in-grafite\/","title":{"rendered":"Stampi in grafite"},"content":{"rendered":"<p>Le matrici in grafite sono solitamente forme personalizzate per soddisfare le esigenze di diversi prodotti di colata continua. I suoi vantaggi sono evidenti.<\/p>\n<p><strong><b>V<\/b><\/strong><strong><b>resistenza alle alte temperature<\/b><\/strong><\/p>\n<p>Pu\u00f2 sopportare l'alta temperatura di migliaia di gradi Celsius del metallo liquido nel processo di colata continua senza ammorbidirsi e fondersi.<\/p>\n<p>&nbsp;<\/p>\n<p><strong><b>Eccellente stabilit\u00e0 termica<\/b><\/strong><\/p>\n<p>Nel <a href=\"https:\/\/en.wikipedia.org\/wiki\/Continuous_casting\" target=\"_blank\" rel=\"noopener\">colata continua<\/a> di drastici cambiamenti di temperatura, pu\u00f2 ancora mantenere la stabilit\u00e0 strutturale.<\/p>\n<p>&nbsp;<\/p>\n<p><strong><b>Eccellente conduttivit\u00e0 termica<\/b><\/strong><\/p>\n<p>Pu\u00f2 rendere la solidificazione del metallo liquido rapida e uniforme, abbreviando il ciclo di formatura.<\/p>\n<p>&nbsp;<\/p>\n<p><strong><b>S<\/b><\/strong><strong><b>in grado di<\/b><\/strong><strong><b>\u00a0c<\/b><\/strong><strong><b>propriet\u00e0 chimiche <\/b><\/strong><\/p>\n<p>Quasi nessuna reazione chimica con il metallo liquido comune, questo garantisce la purezza della billetta di colata.<\/p>\n<p>&nbsp;<\/p>\n<p><strong><b>G<\/b><\/strong><strong><b>osa resistenza all'usura <\/b><\/strong><\/p>\n<p>\u00c8 in grado di resistere al lavaggio del metallo liquido e di prolungare la durata di vita.<\/p>\n<p>&nbsp;<\/p>\n<p><strong><b>G<\/b><\/strong><strong><b>ote prestazioni di elaborazione <\/b><\/strong><\/p>\n<p>\u00c8 possibile lavorarlo finemente in base alle complesse esigenze del processo di colata continua.<\/p>\n<p>&nbsp;<\/p>\n<h2>Usi delle matrici in grafite<\/h2>\n<p>&nbsp;<\/p>\n<h3>Industria siderurgica:<\/h3>\n<p>&nbsp;<\/p>\n<p><strong><b>Nella produzione di tondo per cemento armato<\/b><\/strong><\/p>\n<p>Assicura lo stampaggio di precisione dell'acciaio fuso ad alta temperatura. Grazie alla sua buona conducibilit\u00e0 termica, l'acciaio fuso viene raffreddato rapidamente. E la produzione efficiente di armature in linea con gli standard edilizi.<\/p>\n<p>&nbsp;<\/p>\n<p><strong><b>Nella produzione di acciaio per travi H<\/b><\/strong><\/p>\n<p>L'elevata stabilit\u00e0 e l'accuratezza delle dimensioni assicurano la forma complessa della sezione trasversale dell'acciaio per travi ad H. Inoltre, soddisfa la domanda di alta precisione di acciaio per travi H nelle strutture edilizie, nella produzione di macchinari e in altri settori.<\/p>\n<p>&nbsp;<\/p>\n<h3><a href=\"https:\/\/www.tulingmetal.com\/differences-between-ferrous-and-non-ferrous-metals\/\" target=\"_blank\" rel=\"noopener\">Metallo non ferroso<\/a> industria:<\/h3>\n<p>&nbsp;<\/p>\n<p><strong><b>In<\/b><\/strong><strong><b>\u00a0tubo di rame a colata continua<\/b><\/strong><\/p>\n<p>La matrice di grafite ha una forte stabilit\u00e0 chimica, non reagisce con il rame liquido e pu\u00f2 produrre tubi di rame di elevata purezza e precisione. Pu\u00f2 essere ampiamente utilizzato nei settori della refrigerazione dell'aria condizionata, dell'approvvigionamento idrico degli edifici e in altri campi.<\/p>\n<p>&nbsp;<\/p>\n<p><strong><b>Nella produzione di lastre in lega di alluminio<\/b><\/strong><\/p>\n<p>Grazie alla sua uniformit\u00e0 <a href=\"https:\/\/jinsuncarbon.com\/it\/scopri-la-conducibilita-termica-della-grafite\/\">conduttivit\u00e0 termica<\/a>Il liquido in lega di alluminio viene raffreddato in modo uniforme. Si ottiene cos\u00ec una lastra in lega di alluminio con una buona qualit\u00e0 superficiale e un'organizzazione interna uniforme. Pu\u00f2 essere utilizzato nella produzione di automobili, <a href=\"https:\/\/en.wikipedia.org\/wiki\/Aerospace\" target=\"_blank\" rel=\"noopener\">aerospaziale<\/a> e altre industrie.<\/p>\n<p>&nbsp;<\/p>\n<h3>Campo delle leghe speciali:<\/h3>\n<p>&nbsp;<\/p>\n<p><strong><b>Nel settore aerospaziale<\/b><\/strong><\/p>\n<p>La superlega \u00e8 molto importante nella produzione di motori aeronautici. La resistenza alle alte temperature e la stabilit\u00e0 termica dello stampo in grafite possono soddisfare i severi requisiti della colata continua della superlega. Questo garantisce la produzione di pezzi grezzi che soddisfano i requisiti di prestazione dei componenti dei motori aeronautici.<\/p>\n<p>&nbsp;<\/p>\n<p><strong><b>Nella colata continua<\/b><\/strong><\/p>\n<p>Quando si utilizzano leghe a bassa espansione per l'imballaggio elettronico, la matrice di grafite aiuta a controllare il processo di solidificazione delle leghe. Garantisce le propriet\u00e0 speciali delle leghe a bassa espansione. E pu\u00f2 soddisfare le esigenze di stabilit\u00e0 dimensionale dei materiali per il confezionamento di chip elettronici.<\/p>","protected":false},"excerpt":{"rendered":"<p>Gli stampi in grafite sono realizzati con materie prime di grafite di elevata purezza e sono utilizzati in particolare per il processo di colata continua. Ha un'eccellente resistenza alle alte temperature, una buona stabilit\u00e0 termica, un'ottima conducibilit\u00e0 termica e stabilit\u00e0 chimica. Permette al metallo liquido di raffreddarsi e solidificarsi rapidamente e uniformemente nello stampo, ottenendo cos\u00ec la billetta della forma e delle dimensioni desiderate. Svolge un ruolo insostituibile nella produzione di colata continua. Come l'armatura a colata continua, l'acciaio a forma di H nell'industria siderurgica, il tubo di rame a colata continua e la lamiera in lega di alluminio nell'industria dei metalli non ferrosi. Sono inseparabili dal suo aiuto. \u00c8 l'apparecchiatura chiave per garantire la qualit\u00e0 e l'efficienza produttiva dei prodotti di colata continua.<\/p>","protected":false},"featured_media":7655,"template":"","meta":[],"product_brand":[],"product_cat":[38],"product_tag":[],"class_list":{"0":"post-7639","1":"product","2":"type-product","3":"status-publish","4":"has-post-thumbnail","6":"product_cat-graphite-products","8":"first","9":"instock","10":"shipping-taxable","11":"product-type-simple"},"yoast_head":"<!-- This site is optimized with the Yoast SEO Premium plugin v19.2.1 (Yoast SEO v25.3) - https:\/\/yoast.com\/wordpress\/plugins\/seo\/ -->\n<title>Graphite Dies Manufacturer in China | Jinsun Carbon<\/title>\n<meta name=\"description\" content=\"Graphite Dies Manufacturer in China, Jinsun can supply graphite dies in a range of sizes for your application, please contact us to explain your needs.\" \/>\n<meta name=\"robots\" content=\"index, follow, max-snippet:-1, max-image-preview:large, max-video-preview:-1\" \/>\n<link rel=\"canonical\" href=\"https:\/\/jinsuncarbon.com\/it\/prodotto\/matrici-in-grafite\/\" \/>\n<meta property=\"og:locale\" content=\"it_IT\" \/>\n<meta property=\"og:type\" content=\"article\" \/>\n<meta property=\"og:title\" content=\"Graphite Dies\" \/>\n<meta property=\"og:description\" content=\"Graphite Dies Manufacturer in China, Jinsun can supply graphite dies in a range of sizes for your application, please contact us to explain your needs.\" \/>\n<meta property=\"og:url\" content=\"https:\/\/jinsuncarbon.com\/it\/prodotto\/matrici-in-grafite\/\" \/>\n<meta property=\"og:site_name\" content=\"Jinsun Carbon\" \/>\n<meta property=\"article:publisher\" content=\"https:\/\/www.facebook.com\/Graphite-Electrode-109336238661595\" \/>\n<meta property=\"article:modified_time\" content=\"2025-02-21T05:36:35+00:00\" \/>\n<meta property=\"og:image\" content=\"https:\/\/jinsuncarbon.com\/wp-content\/uploads\/2025\/02\/Graphite-dies.jpg\" \/>\n\t<meta property=\"og:image:width\" content=\"1024\" \/>\n\t<meta property=\"og:image:height\" content=\"763\" \/>\n\t<meta property=\"og:image:type\" content=\"image\/jpeg\" \/>\n<meta name=\"twitter:card\" content=\"summary_large_image\" \/>\n<meta name=\"twitter:site\" content=\"@jinsuncarbon_\" \/>\n<meta name=\"twitter:label1\" content=\"Tempo di lettura stimato\" \/>\n\t<meta name=\"twitter:data1\" content=\"2 minuti\" \/>\n<script type=\"application\/ld+json\" class=\"yoast-schema-graph\">{\"@context\":\"https:\/\/schema.org\",\"@graph\":[{\"@type\":\"WebPage\",\"@id\":\"https:\/\/jinsuncarbon.com\/product\/graphite-dies\/\",\"url\":\"https:\/\/jinsuncarbon.com\/product\/graphite-dies\/\",\"name\":\"Graphite Dies Manufacturer in China | Jinsun Carbon\",\"isPartOf\":{\"@id\":\"https:\/\/jinsuncarbon.com\/#website\"},\"primaryImageOfPage\":{\"@id\":\"https:\/\/jinsuncarbon.com\/product\/graphite-dies\/#primaryimage\"},\"image\":{\"@id\":\"https:\/\/jinsuncarbon.com\/product\/graphite-dies\/#primaryimage\"},\"thumbnailUrl\":\"https:\/\/jinsuncarbon.com\/wp-content\/uploads\/2025\/02\/Graphite-dies.jpg\",\"datePublished\":\"2025-02-17T05:11:44+00:00\",\"dateModified\":\"2025-02-21T05:36:35+00:00\",\"description\":\"Graphite Dies Manufacturer in China, Jinsun can supply graphite dies in a range of sizes for your application, please contact us to explain your needs.\",\"breadcrumb\":{\"@id\":\"https:\/\/jinsuncarbon.com\/product\/graphite-dies\/#breadcrumb\"},\"inLanguage\":\"it-IT\",\"potentialAction\":[{\"@type\":\"ReadAction\",\"target\":[\"https:\/\/jinsuncarbon.com\/product\/graphite-dies\/\"]}]},{\"@type\":\"ImageObject\",\"inLanguage\":\"it-IT\",\"@id\":\"https:\/\/jinsuncarbon.com\/product\/graphite-dies\/#primaryimage\",\"url\":\"https:\/\/jinsuncarbon.com\/wp-content\/uploads\/2025\/02\/Graphite-dies.jpg\",\"contentUrl\":\"https:\/\/jinsuncarbon.com\/wp-content\/uploads\/2025\/02\/Graphite-dies.jpg\",\"width\":1024,\"height\":763,\"caption\":\"Graphite dies\"},{\"@type\":\"BreadcrumbList\",\"@id\":\"https:\/\/jinsuncarbon.com\/product\/graphite-dies\/#breadcrumb\",\"itemListElement\":[{\"@type\":\"ListItem\",\"position\":1,\"name\":\"Home\",\"item\":\"https:\/\/jinsuncarbon.com\/\"},{\"@type\":\"ListItem\",\"position\":2,\"name\":\"Products\",\"item\":\"https:\/\/jinsuncarbon.com\/graphite-carbon\/\"},{\"@type\":\"ListItem\",\"position\":3,\"name\":\"Graphite Dies\"}]},{\"@type\":\"WebSite\",\"@id\":\"https:\/\/jinsuncarbon.com\/#website\",\"url\":\"https:\/\/jinsuncarbon.com\/\",\"name\":\"Jinsun Carbon\",\"description\":\"We are the successful graphite electrode manufacturer in China\",\"publisher\":{\"@id\":\"https:\/\/jinsuncarbon.com\/#organization\"},\"potentialAction\":[{\"@type\":\"SearchAction\",\"target\":{\"@type\":\"EntryPoint\",\"urlTemplate\":\"https:\/\/jinsuncarbon.com\/?s={search_term_string}\"},\"query-input\":{\"@type\":\"PropertyValueSpecification\",\"valueRequired\":true,\"valueName\":\"search_term_string\"}}],\"inLanguage\":\"it-IT\"},{\"@type\":\"Organization\",\"@id\":\"https:\/\/jinsuncarbon.com\/#organization\",\"name\":\"Jinsun Carbon\",\"alternateName\":\"Jinsun Carbon\",\"url\":\"https:\/\/jinsuncarbon.com\/\",\"logo\":{\"@type\":\"ImageObject\",\"inLanguage\":\"it-IT\",\"@id\":\"https:\/\/jinsuncarbon.com\/#\/schema\/logo\/image\/\",\"url\":\"https:\/\/jinsuncarbon.com\/wp-content\/uploads\/2022\/12\/LOGO-1.png\",\"contentUrl\":\"https:\/\/jinsuncarbon.com\/wp-content\/uploads\/2022\/12\/LOGO-1.png\",\"width\":207,\"height\":80,\"caption\":\"Jinsun Carbon\"},\"image\":{\"@id\":\"https:\/\/jinsuncarbon.com\/#\/schema\/logo\/image\/\"},\"sameAs\":[\"https:\/\/www.facebook.com\/Graphite-Electrode-109336238661595\",\"https:\/\/x.com\/jinsuncarbon_\",\"https:\/\/www.linkedin.com\/in\/jinsungraphite\",\"https:\/\/www.youtube.com\/channel\/UCysDNyvyR5-3cCWEmpkVC0g\"]}]}<\/script>\n<!-- \/ Yoast SEO Premium plugin. -->","yoast_head_json":{"title":"Stampi in grafite Fornitore in Cina | Jinsun Carbon","description":"Produttore di matrici in grafite in Cina, Jinsun pu\u00f2 fornire matrici in grafite in una gamma di dimensioni per le vostre applicazioni, contattateci per spiegarci le vostre esigenze.","robots":{"index":"index","follow":"follow","max-snippet":"max-snippet:-1","max-image-preview":"max-image-preview:large","max-video-preview":"max-video-preview:-1"},"canonical":"https:\/\/jinsuncarbon.com\/it\/prodotto\/matrici-in-grafite\/","og_locale":"it_IT","og_type":"article","og_title":"Graphite Dies","og_description":"Graphite Dies Manufacturer in China, Jinsun can supply graphite dies in a range of sizes for your application, please contact us to explain your needs.","og_url":"https:\/\/jinsuncarbon.com\/it\/prodotto\/matrici-in-grafite\/","og_site_name":"Jinsun Carbon","article_publisher":"https:\/\/www.facebook.com\/Graphite-Electrode-109336238661595","article_modified_time":"2025-02-21T05:36:35+00:00","og_image":[{"width":1024,"height":763,"url":"https:\/\/jinsuncarbon.com\/wp-content\/uploads\/2025\/02\/Graphite-dies.jpg","type":"image\/jpeg"}],"twitter_card":"summary_large_image","twitter_site":"@jinsuncarbon_","twitter_misc":{"Tempo di lettura stimato":"2 minuti"},"schema":{"@context":"https:\/\/schema.org","@graph":[{"@type":"WebPage","@id":"https:\/\/jinsuncarbon.com\/product\/graphite-dies\/","url":"https:\/\/jinsuncarbon.com\/product\/graphite-dies\/","name":"Stampi in grafite Fornitore in Cina | Jinsun Carbon","isPartOf":{"@id":"https:\/\/jinsuncarbon.com\/#website"},"primaryImageOfPage":{"@id":"https:\/\/jinsuncarbon.com\/product\/graphite-dies\/#primaryimage"},"image":{"@id":"https:\/\/jinsuncarbon.com\/product\/graphite-dies\/#primaryimage"},"thumbnailUrl":"https:\/\/jinsuncarbon.com\/wp-content\/uploads\/2025\/02\/Graphite-dies.jpg","datePublished":"2025-02-17T05:11:44+00:00","dateModified":"2025-02-21T05:36:35+00:00","description":"Produttore di matrici in grafite in Cina, Jinsun pu\u00f2 fornire matrici in grafite in una gamma di dimensioni per le vostre applicazioni, contattateci per spiegarci le vostre esigenze.","breadcrumb":{"@id":"https:\/\/jinsuncarbon.com\/product\/graphite-dies\/#breadcrumb"},"inLanguage":"it-IT","potentialAction":[{"@type":"ReadAction","target":["https:\/\/jinsuncarbon.com\/product\/graphite-dies\/"]}]},{"@type":"ImageObject","inLanguage":"it-IT","@id":"https:\/\/jinsuncarbon.com\/product\/graphite-dies\/#primaryimage","url":"https:\/\/jinsuncarbon.com\/wp-content\/uploads\/2025\/02\/Graphite-dies.jpg","contentUrl":"https:\/\/jinsuncarbon.com\/wp-content\/uploads\/2025\/02\/Graphite-dies.jpg","width":1024,"height":763,"caption":"Graphite dies"},{"@type":"BreadcrumbList","@id":"https:\/\/jinsuncarbon.com\/product\/graphite-dies\/#breadcrumb","itemListElement":[{"@type":"ListItem","position":1,"name":"Home","item":"https:\/\/jinsuncarbon.com\/"},{"@type":"ListItem","position":2,"name":"Products","item":"https:\/\/jinsuncarbon.com\/graphite-carbon\/"},{"@type":"ListItem","position":3,"name":"Graphite Dies"}]},{"@type":"WebSite","@id":"https:\/\/jinsuncarbon.com\/#website","url":"https:\/\/jinsuncarbon.com\/","name":"Jinsun Carbon","description":"Siamo il produttore di elettrodi di grafite di successo in Cina","publisher":{"@id":"https:\/\/jinsuncarbon.com\/#organization"},"potentialAction":[{"@type":"SearchAction","target":{"@type":"EntryPoint","urlTemplate":"https:\/\/jinsuncarbon.com\/?s={search_term_string}"},"query-input":{"@type":"PropertyValueSpecification","valueRequired":true,"valueName":"search_term_string"}}],"inLanguage":"it-IT"},{"@type":"Organization","@id":"https:\/\/jinsuncarbon.com\/#organization","name":"Jinsun Carbon","alternateName":"Jinsun Carbon","url":"https:\/\/jinsuncarbon.com\/","logo":{"@type":"ImageObject","inLanguage":"it-IT","@id":"https:\/\/jinsuncarbon.com\/#\/schema\/logo\/image\/","url":"https:\/\/jinsuncarbon.com\/wp-content\/uploads\/2022\/12\/LOGO-1.png","contentUrl":"https:\/\/jinsuncarbon.com\/wp-content\/uploads\/2022\/12\/LOGO-1.png","width":207,"height":80,"caption":"Jinsun Carbon"},"image":{"@id":"https:\/\/jinsuncarbon.com\/#\/schema\/logo\/image\/"},"sameAs":["https:\/\/www.facebook.com\/Graphite-Electrode-109336238661595","https:\/\/x.com\/jinsuncarbon_","https:\/\/www.linkedin.com\/in\/jinsungraphite","https:\/\/www.youtube.com\/channel\/UCysDNyvyR5-3cCWEmpkVC0g"]}]}},"_links":{"self":[{"href":"https:\/\/jinsuncarbon.com\/it\/wp-json\/wp\/v2\/product\/7639","targetHints":{"allow":["GET"]}}],"collection":[{"href":"https:\/\/jinsuncarbon.com\/it\/wp-json\/wp\/v2\/product"}],"about":[{"href":"https:\/\/jinsuncarbon.com\/it\/wp-json\/wp\/v2\/types\/product"}],"wp:featuredmedia":[{"embeddable":true,"href":"https:\/\/jinsuncarbon.com\/it\/wp-json\/wp\/v2\/media\/7655"}],"wp:attachment":[{"href":"https:\/\/jinsuncarbon.com\/it\/wp-json\/wp\/v2\/media?parent=7639"}],"wp:term":[{"taxonomy":"product_brand","embeddable":true,"href":"https:\/\/jinsuncarbon.com\/it\/wp-json\/wp\/v2\/product_brand?post=7639"},{"taxonomy":"product_cat","embeddable":true,"href":"https:\/\/jinsuncarbon.com\/it\/wp-json\/wp\/v2\/product_cat?post=7639"},{"taxonomy":"product_tag","embeddable":true,"href":"https:\/\/jinsuncarbon.com\/it\/wp-json\/wp\/v2\/product_tag?post=7639"}],"curies":[{"name":"wp","href":"https:\/\/api.w.org\/{rel}","templated":true}]}}