{"id":7632,"date":"2025-02-15T11:35:11","date_gmt":"2025-02-15T11:35:11","guid":{"rendered":"https:\/\/jinsuncarbon.com\/?post_type=product&#038;p=7632"},"modified":"2025-02-17T05:24:07","modified_gmt":"2025-02-17T05:24:07","slug":"disco-in-grafite","status":"publish","type":"product","link":"https:\/\/jinsuncarbon.com\/it\/prodotto\/disco-in-grafite\/","title":{"rendered":"Disco di grafite"},"content":{"rendered":"<h3>Il disco di grafite si presenta come un disco regolare. I suoi vantaggi sono straordinari.<\/h3>\n<p><strong><b>Eccellente stabilit\u00e0 termica<\/b><\/strong><\/p>\n<p>\u00c8 in grado di mantenere la stabilit\u00e0 in un ampio intervallo di temperature, da -200\u00b0C a circa 450\u00b0C.<\/p>\n<p>&nbsp;<\/p>\n<p><strong><b>H<\/b><\/strong><strong><b>elevata riflettivit\u00e0 della superficie<\/b><\/strong><\/p>\n<p>Pu\u00f2 essere utilizzato come elemento di isolamento termico di alta qualit\u00e0.<\/p>\n<p>&nbsp;<\/p>\n<p><strong><b>Stabile<\/b><\/strong><strong><b>\u00a0<\/b><\/strong><strong><b>propriet\u00e0 chimiche <\/b><\/strong><\/p>\n<p>\u00c8 chimicamente inerte e resistente a tutti i tipi di sostanze chimiche.<\/p>\n<p>&nbsp;<\/p>\n<p><strong><b>Basso coefficiente di attrito<\/b><\/strong><\/p>\n<p>\u00c8 possibile utilizzarlo come componente autolubrificante.<\/p>\n<p>&nbsp;<\/p>\n<p><strong><b>E<\/b><\/strong><strong><b>ottima conducibilit\u00e0 termica <\/b><\/strong><\/p>\n<p>\u00c8 in grado di condurre rapidamente il calore, il che gioca un ruolo fondamentale in molti scenari di gestione termica.<\/p>\n<p>&nbsp;<\/p>\n<p><strong><b>G<\/b><\/strong><strong><b>osa conducibilit\u00e0 elettrica <\/b><\/strong><\/p>\n<p>Per questo motivo ha anche ampie prospettive di applicazione nei campi dell'elettronica e dell'elettricit\u00e0.<\/p>\n<p>&nbsp;<\/p>\n<p><strong><b>G<\/b><\/strong><strong><b>reat<\/b><\/strong><strong><b>\u00a0prestazioni di elaborazione<\/b><\/strong><\/p>\n<p>\u00c8 facile da tagliare, forare e fare altre operazioni; \u00e8 robusto e durevole, con una lunga durata.<\/p>\n<p>&nbsp;<\/p>\n<p>Inoltre, \u00e8 possibile scegliere tra dischi di grafite di purezza standard, dischi di grafite ad alta purezza, dischi di grafite pressati ordinari, dischi di grafite lavorati con precisione o altri tipi di dischi di grafite.<\/p>\n<p>&nbsp;<\/p>\n<h2>Usi del disco di grafite<\/h2>\n<p>I dischi di grafite sono ampiamente utilizzati e di seguito sono riportati alcuni settori di applicazione comuni.<\/p>\n<p>&nbsp;<\/p>\n<h2>Settore elettronico ed elettrico:<\/h2>\n<p><strong><b>Parti di raffreddamento<\/b><\/strong><\/p>\n<p>Le apparecchiature elettroniche generano molto calore durante il funzionamento e, grazie all'elevata conduttivit\u00e0 termica, possono esportare rapidamente il calore. Il dic di grafite riduce efficacemente la temperatura dell'apparecchiatura, migliorandone le prestazioni e la stabilit\u00e0. Nel modulo di dissipazione del calore del server, pu\u00f2 aiutare i componenti principali come la CPU a dissipare il calore in modo efficiente.<\/p>\n<p>&nbsp;<\/p>\n<h3>Campo energetico:<\/h3>\n<p><strong><b>Settore energetico<\/b><\/strong><\/p>\n<p>Nella nuova batteria, \u00e8 possibile utilizzarlo come materiale elettrodico o come separatore termico all'interno della batteria. Per migliorare le prestazioni di carica e scarica e la sicurezza della batteria. In alcune batterie al litio ad alte prestazioni, pu\u00f2 essere utilizzato per ottimizzare le prestazioni della batteria.<\/p>\n<p>&nbsp;<\/p>\n<h3>Industria dei macchinari:<\/h3>\n<p><strong><b>Componenti di tenuta<\/b><\/strong><\/p>\n<p>Dotato di eccellente flessibilit\u00e0, resistenza alla corrosione e stabilit\u00e0 alle alte temperature, \u00e8 il materiale ideale per la produzione di anelli di tenuta meccanici. Il disco di grafite pu\u00f2 essere ampiamente utilizzato nei motori automobilistici, nelle condutture petrolchimiche, nelle apparecchiature per la carta e in altre parti di tenuta. Pu\u00f2 prevenire efficacemente le perdite di liquidi e gas.<\/p>\n<p>&nbsp;<\/p>\n<p><strong><b>Produzione di stampi<\/b><\/strong><\/p>\n<p>Grazie alla sua buona stabilit\u00e0 termica e alla facilit\u00e0 di lavorazione, \u00e8 possibile utilizzarlo per realizzare prodotti di alta precisione. <a href=\"https:\/\/jinsuncarbon.com\/it\/prodotto\/stampo-per-sinterizzazione-della-grafite\/\">stampi<\/a>. Soprattutto in alcuni processi di fusione di precisione che richiedono un rigoroso coefficiente di espansione termica degli stampi.<\/p>\n<p>&nbsp;<\/p>\n<h3>Industria chimica:<\/h3>\n<p><strong><b>A<\/b><\/strong><strong><b>rivestimento anticorrosione <\/b><\/strong><\/p>\n<p>\u00c8 possibile utilizzare il disco di grafite come materiale di rivestimento di contenitori chimici, reattori, ecc. Per evitare che i mezzi corrosivi presenti nel contenitore erodano l'apparecchiatura e prolungarne la durata. In apparecchiature come i serbatoi di stoccaggio dell'acido cloridrico, il rivestimento in disco di grafite pu\u00f2 resistere efficacemente alla corrosione dell'acido cloridrico.<\/p>\n<p><strong><b>\u00a0<\/b><\/strong><\/p>\n<p><strong><b>Materiale dell'elettrodo<\/b><\/strong><\/p>\n<p>Nel processo elettrolitico, \u00e8 possibile utilizzarlo come elettrodo in grado di resistere alle alte temperature e ad altri ambienti difficili. Pu\u00f2 migliorare l'efficienza di <a href=\"https:\/\/en.wikipedia.org\/wiki\/Electrolysis\" target=\"_blank\" rel=\"noopener\">elettrolisi<\/a> e la qualit\u00e0 del prodotto, ad esempio nella cella elettrolitica dell'industria dei cloro-alcali si utilizzer\u00e0 un elettrodo a disco di grafite.<\/p>","protected":false},"excerpt":{"rendered":"<p>Il disco di grafite \u00e8 un tipo di materiale di grafite di alta qualit\u00e0 realizzato con cura a forma di disco. Grazie alle sue eccellenti propriet\u00e0 termiche, elettriche, chimiche e meccaniche, \u00e8 utilizzato in molti settori industriali moderni. Ad esempio nei moduli elettronici ed elettrici per la dissipazione del calore, nella produzione di apparecchiature per l'accumulo di energia nel settore energetico, nei collegamenti di tenuta nell'industria meccanica e nel trattamento anticorrosione nell'industria chimica. \u00c8 un materiale dalle prestazioni eccellenti e dalla forte adattabilit\u00e0, in grado di soddisfare le diverse esigenze industriali.<\/p>","protected":false},"featured_media":7633,"template":"","meta":[],"product_brand":[],"product_cat":[38],"product_tag":[],"class_list":{"0":"post-7632","1":"product","2":"type-product","3":"status-publish","4":"has-post-thumbnail","6":"product_cat-graphite-products","8":"first","9":"instock","10":"shipping-taxable","11":"product-type-simple"},"yoast_head":"<!-- This site is optimized with the Yoast SEO Premium plugin v19.2.1 (Yoast SEO v25.3) - https:\/\/yoast.com\/wordpress\/plugins\/seo\/ -->\n<title>Graphite Disc Manufacturer in China | Jinsun Carbon<\/title>\n<meta name=\"description\" content=\"Graphite Disc Manufacturer\/supplier in China. Jinsun can supply graphite disc in a range of sizes for your application, please contact us to explain your needs.\" \/>\n<meta name=\"robots\" content=\"index, follow, max-snippet:-1, max-image-preview:large, max-video-preview:-1\" \/>\n<link rel=\"canonical\" href=\"https:\/\/jinsuncarbon.com\/it\/prodotto\/disco-in-grafite\/\" \/>\n<meta property=\"og:locale\" content=\"it_IT\" \/>\n<meta property=\"og:type\" content=\"article\" \/>\n<meta property=\"og:title\" content=\"Graphite Disc\" \/>\n<meta property=\"og:description\" content=\"Graphite Disc Manufacturer\/supplier in China. Jinsun can supply graphite disc in a range of sizes for your application, please contact us to explain your needs.\" \/>\n<meta property=\"og:url\" content=\"https:\/\/jinsuncarbon.com\/it\/prodotto\/disco-in-grafite\/\" \/>\n<meta property=\"og:site_name\" content=\"Jinsun Carbon\" \/>\n<meta property=\"article:publisher\" content=\"https:\/\/www.facebook.com\/Graphite-Electrode-109336238661595\" \/>\n<meta property=\"article:modified_time\" content=\"2025-02-17T05:24:07+00:00\" \/>\n<meta property=\"og:image\" content=\"https:\/\/jinsuncarbon.com\/wp-content\/uploads\/2025\/02\/Graphite-disk.jpg\" \/>\n\t<meta property=\"og:image:width\" content=\"1024\" \/>\n\t<meta property=\"og:image:height\" content=\"763\" \/>\n\t<meta property=\"og:image:type\" content=\"image\/jpeg\" \/>\n<meta name=\"twitter:card\" content=\"summary_large_image\" \/>\n<meta name=\"twitter:site\" content=\"@jinsuncarbon_\" \/>\n<meta name=\"twitter:label1\" content=\"Tempo di lettura stimato\" \/>\n\t<meta name=\"twitter:data1\" content=\"3 minuti\" \/>\n<script type=\"application\/ld+json\" class=\"yoast-schema-graph\">{\"@context\":\"https:\/\/schema.org\",\"@graph\":[{\"@type\":\"WebPage\",\"@id\":\"https:\/\/jinsuncarbon.com\/product\/graphite-disc\/\",\"url\":\"https:\/\/jinsuncarbon.com\/product\/graphite-disc\/\",\"name\":\"Graphite Disc Manufacturer in China | Jinsun Carbon\",\"isPartOf\":{\"@id\":\"https:\/\/jinsuncarbon.com\/#website\"},\"primaryImageOfPage\":{\"@id\":\"https:\/\/jinsuncarbon.com\/product\/graphite-disc\/#primaryimage\"},\"image\":{\"@id\":\"https:\/\/jinsuncarbon.com\/product\/graphite-disc\/#primaryimage\"},\"thumbnailUrl\":\"https:\/\/jinsuncarbon.com\/wp-content\/uploads\/2025\/02\/Graphite-disk.jpg\",\"datePublished\":\"2025-02-15T11:35:11+00:00\",\"dateModified\":\"2025-02-17T05:24:07+00:00\",\"description\":\"Graphite Disc Manufacturer\/supplier in China. Jinsun can supply graphite disc in a range of sizes for your application, please contact us to explain your needs.\",\"breadcrumb\":{\"@id\":\"https:\/\/jinsuncarbon.com\/product\/graphite-disc\/#breadcrumb\"},\"inLanguage\":\"it-IT\",\"potentialAction\":[{\"@type\":\"ReadAction\",\"target\":[\"https:\/\/jinsuncarbon.com\/product\/graphite-disc\/\"]}]},{\"@type\":\"ImageObject\",\"inLanguage\":\"it-IT\",\"@id\":\"https:\/\/jinsuncarbon.com\/product\/graphite-disc\/#primaryimage\",\"url\":\"https:\/\/jinsuncarbon.com\/wp-content\/uploads\/2025\/02\/Graphite-disk.jpg\",\"contentUrl\":\"https:\/\/jinsuncarbon.com\/wp-content\/uploads\/2025\/02\/Graphite-disk.jpg\",\"width\":1024,\"height\":763,\"caption\":\"Graphite disk\"},{\"@type\":\"BreadcrumbList\",\"@id\":\"https:\/\/jinsuncarbon.com\/product\/graphite-disc\/#breadcrumb\",\"itemListElement\":[{\"@type\":\"ListItem\",\"position\":1,\"name\":\"Home\",\"item\":\"https:\/\/jinsuncarbon.com\/\"},{\"@type\":\"ListItem\",\"position\":2,\"name\":\"Products\",\"item\":\"https:\/\/jinsuncarbon.com\/graphite-carbon\/\"},{\"@type\":\"ListItem\",\"position\":3,\"name\":\"Graphite Disc\"}]},{\"@type\":\"WebSite\",\"@id\":\"https:\/\/jinsuncarbon.com\/#website\",\"url\":\"https:\/\/jinsuncarbon.com\/\",\"name\":\"Jinsun Carbon\",\"description\":\"We are the successful graphite electrode manufacturer in China\",\"publisher\":{\"@id\":\"https:\/\/jinsuncarbon.com\/#organization\"},\"potentialAction\":[{\"@type\":\"SearchAction\",\"target\":{\"@type\":\"EntryPoint\",\"urlTemplate\":\"https:\/\/jinsuncarbon.com\/?s={search_term_string}\"},\"query-input\":{\"@type\":\"PropertyValueSpecification\",\"valueRequired\":true,\"valueName\":\"search_term_string\"}}],\"inLanguage\":\"it-IT\"},{\"@type\":\"Organization\",\"@id\":\"https:\/\/jinsuncarbon.com\/#organization\",\"name\":\"Jinsun Carbon\",\"alternateName\":\"Jinsun Carbon\",\"url\":\"https:\/\/jinsuncarbon.com\/\",\"logo\":{\"@type\":\"ImageObject\",\"inLanguage\":\"it-IT\",\"@id\":\"https:\/\/jinsuncarbon.com\/#\/schema\/logo\/image\/\",\"url\":\"https:\/\/jinsuncarbon.com\/wp-content\/uploads\/2022\/12\/LOGO-1.png\",\"contentUrl\":\"https:\/\/jinsuncarbon.com\/wp-content\/uploads\/2022\/12\/LOGO-1.png\",\"width\":207,\"height\":80,\"caption\":\"Jinsun Carbon\"},\"image\":{\"@id\":\"https:\/\/jinsuncarbon.com\/#\/schema\/logo\/image\/\"},\"sameAs\":[\"https:\/\/www.facebook.com\/Graphite-Electrode-109336238661595\",\"https:\/\/x.com\/jinsuncarbon_\",\"https:\/\/www.linkedin.com\/in\/jinsungraphite\",\"https:\/\/www.youtube.com\/channel\/UCysDNyvyR5-3cCWEmpkVC0g\"]}]}<\/script>\n<!-- \/ Yoast SEO Premium plugin. -->","yoast_head_json":{"title":"Disco di grafite Produttore in Cina | Jinsun Carbon","description":"Disco di grafite Produttore\/fornitore in Cina. Jinsun \u00e8 in grado di fornire dischi di grafite in una gamma di dimensioni per le vostre applicazioni; contattateci per illustrare le vostre esigenze.","robots":{"index":"index","follow":"follow","max-snippet":"max-snippet:-1","max-image-preview":"max-image-preview:large","max-video-preview":"max-video-preview:-1"},"canonical":"https:\/\/jinsuncarbon.com\/it\/prodotto\/disco-in-grafite\/","og_locale":"it_IT","og_type":"article","og_title":"Graphite Disc","og_description":"Graphite Disc Manufacturer\/supplier in China. Jinsun can supply graphite disc in a range of sizes for your application, please contact us to explain your needs.","og_url":"https:\/\/jinsuncarbon.com\/it\/prodotto\/disco-in-grafite\/","og_site_name":"Jinsun Carbon","article_publisher":"https:\/\/www.facebook.com\/Graphite-Electrode-109336238661595","article_modified_time":"2025-02-17T05:24:07+00:00","og_image":[{"width":1024,"height":763,"url":"https:\/\/jinsuncarbon.com\/wp-content\/uploads\/2025\/02\/Graphite-disk.jpg","type":"image\/jpeg"}],"twitter_card":"summary_large_image","twitter_site":"@jinsuncarbon_","twitter_misc":{"Tempo di lettura stimato":"3 minuti"},"schema":{"@context":"https:\/\/schema.org","@graph":[{"@type":"WebPage","@id":"https:\/\/jinsuncarbon.com\/product\/graphite-disc\/","url":"https:\/\/jinsuncarbon.com\/product\/graphite-disc\/","name":"Disco di grafite Produttore in Cina | Jinsun Carbon","isPartOf":{"@id":"https:\/\/jinsuncarbon.com\/#website"},"primaryImageOfPage":{"@id":"https:\/\/jinsuncarbon.com\/product\/graphite-disc\/#primaryimage"},"image":{"@id":"https:\/\/jinsuncarbon.com\/product\/graphite-disc\/#primaryimage"},"thumbnailUrl":"https:\/\/jinsuncarbon.com\/wp-content\/uploads\/2025\/02\/Graphite-disk.jpg","datePublished":"2025-02-15T11:35:11+00:00","dateModified":"2025-02-17T05:24:07+00:00","description":"Disco di grafite Produttore\/fornitore in Cina. Jinsun \u00e8 in grado di fornire dischi di grafite in una gamma di dimensioni per le vostre applicazioni; contattateci per illustrare le vostre esigenze.","breadcrumb":{"@id":"https:\/\/jinsuncarbon.com\/product\/graphite-disc\/#breadcrumb"},"inLanguage":"it-IT","potentialAction":[{"@type":"ReadAction","target":["https:\/\/jinsuncarbon.com\/product\/graphite-disc\/"]}]},{"@type":"ImageObject","inLanguage":"it-IT","@id":"https:\/\/jinsuncarbon.com\/product\/graphite-disc\/#primaryimage","url":"https:\/\/jinsuncarbon.com\/wp-content\/uploads\/2025\/02\/Graphite-disk.jpg","contentUrl":"https:\/\/jinsuncarbon.com\/wp-content\/uploads\/2025\/02\/Graphite-disk.jpg","width":1024,"height":763,"caption":"Graphite disk"},{"@type":"BreadcrumbList","@id":"https:\/\/jinsuncarbon.com\/product\/graphite-disc\/#breadcrumb","itemListElement":[{"@type":"ListItem","position":1,"name":"Home","item":"https:\/\/jinsuncarbon.com\/"},{"@type":"ListItem","position":2,"name":"Products","item":"https:\/\/jinsuncarbon.com\/graphite-carbon\/"},{"@type":"ListItem","position":3,"name":"Graphite Disc"}]},{"@type":"WebSite","@id":"https:\/\/jinsuncarbon.com\/#website","url":"https:\/\/jinsuncarbon.com\/","name":"Jinsun Carbon","description":"Siamo il produttore di elettrodi di grafite di successo in Cina","publisher":{"@id":"https:\/\/jinsuncarbon.com\/#organization"},"potentialAction":[{"@type":"SearchAction","target":{"@type":"EntryPoint","urlTemplate":"https:\/\/jinsuncarbon.com\/?s={search_term_string}"},"query-input":{"@type":"PropertyValueSpecification","valueRequired":true,"valueName":"search_term_string"}}],"inLanguage":"it-IT"},{"@type":"Organization","@id":"https:\/\/jinsuncarbon.com\/#organization","name":"Jinsun Carbon","alternateName":"Jinsun Carbon","url":"https:\/\/jinsuncarbon.com\/","logo":{"@type":"ImageObject","inLanguage":"it-IT","@id":"https:\/\/jinsuncarbon.com\/#\/schema\/logo\/image\/","url":"https:\/\/jinsuncarbon.com\/wp-content\/uploads\/2022\/12\/LOGO-1.png","contentUrl":"https:\/\/jinsuncarbon.com\/wp-content\/uploads\/2022\/12\/LOGO-1.png","width":207,"height":80,"caption":"Jinsun Carbon"},"image":{"@id":"https:\/\/jinsuncarbon.com\/#\/schema\/logo\/image\/"},"sameAs":["https:\/\/www.facebook.com\/Graphite-Electrode-109336238661595","https:\/\/x.com\/jinsuncarbon_","https:\/\/www.linkedin.com\/in\/jinsungraphite","https:\/\/www.youtube.com\/channel\/UCysDNyvyR5-3cCWEmpkVC0g"]}]}},"_links":{"self":[{"href":"https:\/\/jinsuncarbon.com\/it\/wp-json\/wp\/v2\/product\/7632","targetHints":{"allow":["GET"]}}],"collection":[{"href":"https:\/\/jinsuncarbon.com\/it\/wp-json\/wp\/v2\/product"}],"about":[{"href":"https:\/\/jinsuncarbon.com\/it\/wp-json\/wp\/v2\/types\/product"}],"wp:featuredmedia":[{"embeddable":true,"href":"https:\/\/jinsuncarbon.com\/it\/wp-json\/wp\/v2\/media\/7633"}],"wp:attachment":[{"href":"https:\/\/jinsuncarbon.com\/it\/wp-json\/wp\/v2\/media?parent=7632"}],"wp:term":[{"taxonomy":"product_brand","embeddable":true,"href":"https:\/\/jinsuncarbon.com\/it\/wp-json\/wp\/v2\/product_brand?post=7632"},{"taxonomy":"product_cat","embeddable":true,"href":"https:\/\/jinsuncarbon.com\/it\/wp-json\/wp\/v2\/product_cat?post=7632"},{"taxonomy":"product_tag","embeddable":true,"href":"https:\/\/jinsuncarbon.com\/it\/wp-json\/wp\/v2\/product_tag?post=7632"}],"curies":[{"name":"wp","href":"https:\/\/api.w.org\/{rel}","templated":true}]}}