{"id":7536,"date":"2025-02-09T01:52:28","date_gmt":"2025-02-09T01:52:28","guid":{"rendered":"https:\/\/jinsuncarbon.com\/?post_type=product&#038;p=7536"},"modified":"2025-02-09T01:52:29","modified_gmt":"2025-02-09T01:52:29","slug":"polvere-di-grafite-ultra-fine","status":"publish","type":"product","link":"https:\/\/jinsuncarbon.com\/it\/prodotto\/polvere-di-grafite-ultra-fine\/","title":{"rendered":"Polvere di grafite ultra fine"},"content":{"rendered":"<p>La polvere di grafite ultra fine \u00e8 una polvere fine. I suoi vantaggi sono significativi.<\/p>\n<p><strong><b>E<\/b><\/strong><strong><b>Eccellente stabilit\u00e0 termica <\/b><\/strong><\/p>\n<p>Pu\u00f2 mantenere caratteristiche stabili in un ampio intervallo di temperature, da -200\u00b0C a circa 600\u00b0C.<\/p>\n<p>&nbsp;<\/p>\n<p><strong><b>Attivit\u00e0 elevata<\/b><\/strong><\/p>\n<p>Grazie alle piccole dimensioni delle particelle e all'elevata purezza, alla grande area superficiale specifica e alla maggiore attivit\u00e0 di reazione chimica. Pertanto, presenta potenziali vantaggi nella catalisi e in altri campi.<\/p>\n<p>&nbsp;<\/p>\n<p><strong><b>G<\/b><\/strong><strong><b>osa conducibilit\u00e0 elettrica<\/b><\/strong><\/p>\n<p>\u00c8 paragonabile ad alcuni conduttori metallici, con prestazioni eccezionali nella produzione di componenti elettronici.<\/p>\n<p>&nbsp;<\/p>\n<p><strong><b>Eccellenti prestazioni di lubrificazione<\/b><\/strong><\/p>\n<p><a href=\"https:\/\/jinsuncarbon.com\/it\/prodotto\/polvere-di-grafite\/\">Polvere di grafite<\/a> pu\u00f2 ridurre efficacemente il coefficiente di attrito, come lubrificante ad alte prestazioni pu\u00f2 essere utilizzato in parti meccaniche di precisione.<\/p>\n<p>&nbsp;<\/p>\n<p><strong><b>Buona dispersione<\/b><\/strong><\/p>\n<p>\u00c8 facile da disperdere in modo uniforme in vari substrati, per una comoda preparazione di materiali compositi.<\/p>\n<p>&nbsp;<\/p>\n<p><strong><b>H<\/b><\/strong><strong><b>elevata conducibilit\u00e0 termica<\/b><\/strong><\/p>\n<p>Nel campo della dissipazione del calore elettronico, consente di diffondere il calore in modo rapido e uniforme. L'effetto di dissipazione del calore \u00e8 notevole per i chip di precisione e altri componenti.<\/p>\n<p>&nbsp;<\/p>\n<h2>Usi della polvere di grafite ultra fine<\/h2>\n<h3>Settore elettronico ed elettrico<\/h3>\n<p>&nbsp;<\/p>\n<p><strong><b>Produzione di circuiti integrati: <\/b><\/strong><\/p>\n<p>Pu\u00f2 essere utilizzato come materiale di riempimento per la realizzazione di un adesivo conduttivo, per collegare il chip del circuito integrato e il substrato. Assicura una connessione elettrica efficiente e migliora la stabilit\u00e0 della trasmissione del segnale.<\/p>\n<p><strong><b>\u00a0<\/b><\/strong><\/p>\n<p><strong><b>Materiale di schermatura elettromagnetica: <\/b><\/strong><\/p>\n<p>Pu\u00f2 essere aggiunto a plastica, gomma e altri substrati per realizzare materiale composito di schermatura elettromagnetica. Pu\u00f2 essere utilizzato per il rivestimento delle apparecchiature elettroniche per bloccare efficacemente le interferenze elettromagnetiche e proteggere il normale funzionamento delle apparecchiature.<\/p>\n<p>&nbsp;<\/p>\n<h3>Campo energetico<\/h3>\n<p>&nbsp;<\/p>\n<p><strong><b>Batteria agli ioni di litio: <\/b><\/strong><\/p>\n<p>\u00c8 possibile utilizzarla come additivo al materiale dell'elettrodo negativo della batteria. La polvere di grafite migliora la conduttivit\u00e0 e le prestazioni di stoccaggio del litio della batteria. <a href=\"https:\/\/www.sciencedirect.com\/topics\/engineering\/negative-electrode\" target=\"_blank\" rel=\"noopener\">elettrodo negativo<\/a> aumenta la capacit\u00e0 della batteria e ne prolunga la durata.<\/p>\n<p>&nbsp;<\/p>\n<p><strong><b>Super<\/b><\/strong><strong><b>\u00a0<\/b><\/strong><strong><b>condensatore: <\/b><\/strong><\/p>\n<p>Pu\u00f2 partecipare alla preparazione di materiali elettrodici per supercondensatori, sfruttando la sua elevata conduttivit\u00e0 e la sua grande area superficiale specifica. Migliorare la velocit\u00e0 di carica e scarica e la densit\u00e0 energetica dei supercondensatori.<\/p>\n<p>&nbsp;<\/p>\n<h3>Industria dei macchinari<\/h3>\n<p>&nbsp;<\/p>\n<p><strong><b>Lubrificante ad alte prestazioni: <\/b><\/strong><\/p>\n<p>Pu\u00f2 essere aggiunto all'olio lubrificante, al grasso o direttamente come lubrificante solido, applicato a parti meccaniche ad alta velocit\u00e0, alta temperatura e alto carico. (come i cuscinetti dei motori degli aerei e i pistoni dei motori automobilistici). La polvere di grafite ultra fine pu\u00f2 ridurre l'attrito e l'usura, migliorare l'efficienza meccanica e prolungare la vita utile delle apparecchiature.<\/p>\n<p>&nbsp;<\/p>\n<p><strong><b>Metallurgia delle polveri: <\/b><\/strong><\/p>\n<p>Come additivo aggiunto alla polvere metallica, pu\u00f2 migliorare le prestazioni di stampaggio e sinterizzazione della polvere. Inoltre, migliora la forza, la durezza e la resistenza all'usura dei prodotti della metallurgia delle polveri.<\/p>\n<p><strong><b>\u00a0<\/b><\/strong><\/p>\n<h3>Industria chimica<\/h3>\n<p>&nbsp;<\/p>\n<p><strong><b>Vettore catalitico: <\/b><\/strong><\/p>\n<p>Supporta diversi componenti catalitici attivi ed \u00e8 possibile utilizzare la polvere di grafite come vettore catalitico nei processi di reazione petrolchimica, chimica fine e altri processi catalitici. Grazie alla sua elevata area superficiale specifica e alla stabilit\u00e0 chimica, migliora l'attivit\u00e0 e la stabilit\u00e0 del catalizzatore. <a href=\"https:\/\/www.catalyst.org\/\" target=\"_blank\" rel=\"noopener\">catalizzatore<\/a>.<\/p>\n<p>&nbsp;<\/p>\n<p><strong><b>Additivo di rivestimento: <\/b><\/strong><\/p>\n<p>Si pu\u00f2 aggiungere ai rivestimenti anticorrosivi e conduttivi per migliorare le propriet\u00e0 anticorrosive e conduttive dei rivestimenti. Pu\u00f2 essere utilizzato anche per la protezione di apparecchiature chimiche e condutture e per l'eliminazione dell'elettricit\u00e0 statica.<\/p>","protected":false},"excerpt":{"rendered":"<p>La polvere di grafite ultrafine si riferisce alla polvere di grafite con dimensioni delle particelle ultrafini, ottenuta da materie prime di grafite di elevata purezza attraverso speciali processi di macinazione, classificazione e altri processi fini. Pu\u00f2 essere utilizzata nelle batterie agli ioni di litio, nella litografia dei semiconduttori e nei campi della lubrificazione. Grazie alla sua microstruttura unica e alle sue propriet\u00e0 fisiche e chimiche, mostra prestazioni eccellenti in molte tecnologie all'avanguardia e nei settori industriali tradizionali. \u00c8 un materiale chiave in grado di soddisfare le esigenze di alta precisione e alte prestazioni. In base alle vostre esigenze specifiche, vengono lavorati per soddisfare la vostra purezza, la dimensione delle particelle, ecc.<\/p>","protected":false},"featured_media":7538,"template":"","meta":[],"product_brand":[],"product_cat":[38],"product_tag":[],"class_list":{"0":"post-7536","1":"product","2":"type-product","3":"status-publish","4":"has-post-thumbnail","6":"product_cat-graphite-products","8":"first","9":"instock","10":"shipping-taxable","11":"product-type-simple"},"yoast_head":"<!-- This site is optimized with the Yoast SEO Premium plugin v19.2.1 (Yoast SEO v25.3) - https:\/\/yoast.com\/wordpress\/plugins\/seo\/ -->\n<title>Ultra Fine Graphite Powder Manufacturer in China | Jinsun Carbon<\/title>\n<meta name=\"description\" content=\"Ultra Fine Graphite Powder for sale, it can be used in lithium-ion batteries, semiconductor lithography, refractory materials, and lubrication fields.\" \/>\n<meta name=\"robots\" content=\"index, follow, max-snippet:-1, max-image-preview:large, max-video-preview:-1\" \/>\n<link rel=\"canonical\" href=\"https:\/\/jinsuncarbon.com\/it\/prodotto\/polvere-di-grafite-ultra-fine\/\" \/>\n<meta property=\"og:locale\" content=\"it_IT\" \/>\n<meta property=\"og:type\" content=\"article\" \/>\n<meta property=\"og:title\" content=\"Ultra Fine Graphite Powder\" \/>\n<meta property=\"og:description\" content=\"Ultra Fine Graphite Powder for sale, it can be used in lithium-ion batteries, semiconductor lithography, refractory materials, and lubrication fields.\" \/>\n<meta property=\"og:url\" content=\"https:\/\/jinsuncarbon.com\/it\/prodotto\/polvere-di-grafite-ultra-fine\/\" \/>\n<meta property=\"og:site_name\" content=\"Jinsun Carbon\" \/>\n<meta property=\"article:publisher\" content=\"https:\/\/www.facebook.com\/Graphite-Electrode-109336238661595\" \/>\n<meta property=\"article:modified_time\" content=\"2025-02-09T01:52:29+00:00\" \/>\n<meta property=\"og:image\" content=\"https:\/\/jinsuncarbon.com\/wp-content\/uploads\/2025\/02\/ultra-fine-graphite-powder.jpg\" \/>\n\t<meta property=\"og:image:width\" content=\"1024\" \/>\n\t<meta property=\"og:image:height\" content=\"763\" \/>\n\t<meta property=\"og:image:type\" content=\"image\/jpeg\" \/>\n<meta name=\"twitter:card\" content=\"summary_large_image\" \/>\n<meta name=\"twitter:site\" content=\"@jinsuncarbon_\" \/>\n<meta name=\"twitter:label1\" content=\"Tempo di lettura stimato\" \/>\n\t<meta name=\"twitter:data1\" content=\"3 minuti\" \/>\n<script type=\"application\/ld+json\" class=\"yoast-schema-graph\">{\"@context\":\"https:\/\/schema.org\",\"@graph\":[{\"@type\":\"WebPage\",\"@id\":\"https:\/\/jinsuncarbon.com\/product\/ultra-fine-graphite-powder\/\",\"url\":\"https:\/\/jinsuncarbon.com\/product\/ultra-fine-graphite-powder\/\",\"name\":\"Ultra Fine Graphite Powder Manufacturer in China | Jinsun Carbon\",\"isPartOf\":{\"@id\":\"https:\/\/jinsuncarbon.com\/#website\"},\"primaryImageOfPage\":{\"@id\":\"https:\/\/jinsuncarbon.com\/product\/ultra-fine-graphite-powder\/#primaryimage\"},\"image\":{\"@id\":\"https:\/\/jinsuncarbon.com\/product\/ultra-fine-graphite-powder\/#primaryimage\"},\"thumbnailUrl\":\"https:\/\/jinsuncarbon.com\/wp-content\/uploads\/2025\/02\/ultra-fine-graphite-powder.jpg\",\"datePublished\":\"2025-02-09T01:52:28+00:00\",\"dateModified\":\"2025-02-09T01:52:29+00:00\",\"description\":\"Ultra Fine Graphite Powder for sale, it can be used in lithium-ion batteries, semiconductor lithography, refractory materials, and lubrication fields.\",\"breadcrumb\":{\"@id\":\"https:\/\/jinsuncarbon.com\/product\/ultra-fine-graphite-powder\/#breadcrumb\"},\"inLanguage\":\"it-IT\",\"potentialAction\":[{\"@type\":\"ReadAction\",\"target\":[\"https:\/\/jinsuncarbon.com\/product\/ultra-fine-graphite-powder\/\"]}]},{\"@type\":\"ImageObject\",\"inLanguage\":\"it-IT\",\"@id\":\"https:\/\/jinsuncarbon.com\/product\/ultra-fine-graphite-powder\/#primaryimage\",\"url\":\"https:\/\/jinsuncarbon.com\/wp-content\/uploads\/2025\/02\/ultra-fine-graphite-powder.jpg\",\"contentUrl\":\"https:\/\/jinsuncarbon.com\/wp-content\/uploads\/2025\/02\/ultra-fine-graphite-powder.jpg\",\"width\":1024,\"height\":763,\"caption\":\"ultra fine graphite powder\"},{\"@type\":\"BreadcrumbList\",\"@id\":\"https:\/\/jinsuncarbon.com\/product\/ultra-fine-graphite-powder\/#breadcrumb\",\"itemListElement\":[{\"@type\":\"ListItem\",\"position\":1,\"name\":\"Home\",\"item\":\"https:\/\/jinsuncarbon.com\/\"},{\"@type\":\"ListItem\",\"position\":2,\"name\":\"Products\",\"item\":\"https:\/\/jinsuncarbon.com\/graphite-carbon\/\"},{\"@type\":\"ListItem\",\"position\":3,\"name\":\"Ultra Fine Graphite Powder\"}]},{\"@type\":\"WebSite\",\"@id\":\"https:\/\/jinsuncarbon.com\/#website\",\"url\":\"https:\/\/jinsuncarbon.com\/\",\"name\":\"Jinsun Carbon\",\"description\":\"We are the successful graphite electrode manufacturer in China\",\"publisher\":{\"@id\":\"https:\/\/jinsuncarbon.com\/#organization\"},\"potentialAction\":[{\"@type\":\"SearchAction\",\"target\":{\"@type\":\"EntryPoint\",\"urlTemplate\":\"https:\/\/jinsuncarbon.com\/?s={search_term_string}\"},\"query-input\":{\"@type\":\"PropertyValueSpecification\",\"valueRequired\":true,\"valueName\":\"search_term_string\"}}],\"inLanguage\":\"it-IT\"},{\"@type\":\"Organization\",\"@id\":\"https:\/\/jinsuncarbon.com\/#organization\",\"name\":\"Jinsun Carbon\",\"alternateName\":\"Jinsun Carbon\",\"url\":\"https:\/\/jinsuncarbon.com\/\",\"logo\":{\"@type\":\"ImageObject\",\"inLanguage\":\"it-IT\",\"@id\":\"https:\/\/jinsuncarbon.com\/#\/schema\/logo\/image\/\",\"url\":\"https:\/\/jinsuncarbon.com\/wp-content\/uploads\/2022\/12\/LOGO-1.png\",\"contentUrl\":\"https:\/\/jinsuncarbon.com\/wp-content\/uploads\/2022\/12\/LOGO-1.png\",\"width\":207,\"height\":80,\"caption\":\"Jinsun Carbon\"},\"image\":{\"@id\":\"https:\/\/jinsuncarbon.com\/#\/schema\/logo\/image\/\"},\"sameAs\":[\"https:\/\/www.facebook.com\/Graphite-Electrode-109336238661595\",\"https:\/\/x.com\/jinsuncarbon_\",\"https:\/\/www.linkedin.com\/in\/jinsungraphite\",\"https:\/\/www.youtube.com\/channel\/UCysDNyvyR5-3cCWEmpkVC0g\"]}]}<\/script>\n<!-- \/ Yoast SEO Premium plugin. -->","yoast_head_json":{"title":"Polvere di grafite ultra fine Produttore in Cina | Jinsun Carbon","description":"La polvere di grafite ultra fine in vendita pu\u00f2 essere utilizzata nelle batterie agli ioni di litio, nella litografia dei semiconduttori, nei materiali refrattari e nei campi della lubrificazione.","robots":{"index":"index","follow":"follow","max-snippet":"max-snippet:-1","max-image-preview":"max-image-preview:large","max-video-preview":"max-video-preview:-1"},"canonical":"https:\/\/jinsuncarbon.com\/it\/prodotto\/polvere-di-grafite-ultra-fine\/","og_locale":"it_IT","og_type":"article","og_title":"Ultra Fine Graphite Powder","og_description":"Ultra Fine Graphite Powder for sale, it can be used in lithium-ion batteries, semiconductor lithography, refractory materials, and lubrication fields.","og_url":"https:\/\/jinsuncarbon.com\/it\/prodotto\/polvere-di-grafite-ultra-fine\/","og_site_name":"Jinsun Carbon","article_publisher":"https:\/\/www.facebook.com\/Graphite-Electrode-109336238661595","article_modified_time":"2025-02-09T01:52:29+00:00","og_image":[{"width":1024,"height":763,"url":"https:\/\/jinsuncarbon.com\/wp-content\/uploads\/2025\/02\/ultra-fine-graphite-powder.jpg","type":"image\/jpeg"}],"twitter_card":"summary_large_image","twitter_site":"@jinsuncarbon_","twitter_misc":{"Tempo di lettura stimato":"3 minuti"},"schema":{"@context":"https:\/\/schema.org","@graph":[{"@type":"WebPage","@id":"https:\/\/jinsuncarbon.com\/product\/ultra-fine-graphite-powder\/","url":"https:\/\/jinsuncarbon.com\/product\/ultra-fine-graphite-powder\/","name":"Polvere di grafite ultra fine Produttore in Cina | Jinsun Carbon","isPartOf":{"@id":"https:\/\/jinsuncarbon.com\/#website"},"primaryImageOfPage":{"@id":"https:\/\/jinsuncarbon.com\/product\/ultra-fine-graphite-powder\/#primaryimage"},"image":{"@id":"https:\/\/jinsuncarbon.com\/product\/ultra-fine-graphite-powder\/#primaryimage"},"thumbnailUrl":"https:\/\/jinsuncarbon.com\/wp-content\/uploads\/2025\/02\/ultra-fine-graphite-powder.jpg","datePublished":"2025-02-09T01:52:28+00:00","dateModified":"2025-02-09T01:52:29+00:00","description":"La polvere di grafite ultra fine in vendita pu\u00f2 essere utilizzata nelle batterie agli ioni di litio, nella litografia dei semiconduttori, nei materiali refrattari e nei campi della lubrificazione.","breadcrumb":{"@id":"https:\/\/jinsuncarbon.com\/product\/ultra-fine-graphite-powder\/#breadcrumb"},"inLanguage":"it-IT","potentialAction":[{"@type":"ReadAction","target":["https:\/\/jinsuncarbon.com\/product\/ultra-fine-graphite-powder\/"]}]},{"@type":"ImageObject","inLanguage":"it-IT","@id":"https:\/\/jinsuncarbon.com\/product\/ultra-fine-graphite-powder\/#primaryimage","url":"https:\/\/jinsuncarbon.com\/wp-content\/uploads\/2025\/02\/ultra-fine-graphite-powder.jpg","contentUrl":"https:\/\/jinsuncarbon.com\/wp-content\/uploads\/2025\/02\/ultra-fine-graphite-powder.jpg","width":1024,"height":763,"caption":"ultra fine graphite powder"},{"@type":"BreadcrumbList","@id":"https:\/\/jinsuncarbon.com\/product\/ultra-fine-graphite-powder\/#breadcrumb","itemListElement":[{"@type":"ListItem","position":1,"name":"Home","item":"https:\/\/jinsuncarbon.com\/"},{"@type":"ListItem","position":2,"name":"Products","item":"https:\/\/jinsuncarbon.com\/graphite-carbon\/"},{"@type":"ListItem","position":3,"name":"Ultra Fine Graphite Powder"}]},{"@type":"WebSite","@id":"https:\/\/jinsuncarbon.com\/#website","url":"https:\/\/jinsuncarbon.com\/","name":"Jinsun Carbon","description":"Siamo il produttore di elettrodi di grafite di successo in Cina","publisher":{"@id":"https:\/\/jinsuncarbon.com\/#organization"},"potentialAction":[{"@type":"SearchAction","target":{"@type":"EntryPoint","urlTemplate":"https:\/\/jinsuncarbon.com\/?s={search_term_string}"},"query-input":{"@type":"PropertyValueSpecification","valueRequired":true,"valueName":"search_term_string"}}],"inLanguage":"it-IT"},{"@type":"Organization","@id":"https:\/\/jinsuncarbon.com\/#organization","name":"Jinsun Carbon","alternateName":"Jinsun Carbon","url":"https:\/\/jinsuncarbon.com\/","logo":{"@type":"ImageObject","inLanguage":"it-IT","@id":"https:\/\/jinsuncarbon.com\/#\/schema\/logo\/image\/","url":"https:\/\/jinsuncarbon.com\/wp-content\/uploads\/2022\/12\/LOGO-1.png","contentUrl":"https:\/\/jinsuncarbon.com\/wp-content\/uploads\/2022\/12\/LOGO-1.png","width":207,"height":80,"caption":"Jinsun Carbon"},"image":{"@id":"https:\/\/jinsuncarbon.com\/#\/schema\/logo\/image\/"},"sameAs":["https:\/\/www.facebook.com\/Graphite-Electrode-109336238661595","https:\/\/x.com\/jinsuncarbon_","https:\/\/www.linkedin.com\/in\/jinsungraphite","https:\/\/www.youtube.com\/channel\/UCysDNyvyR5-3cCWEmpkVC0g"]}]}},"_links":{"self":[{"href":"https:\/\/jinsuncarbon.com\/it\/wp-json\/wp\/v2\/product\/7536","targetHints":{"allow":["GET"]}}],"collection":[{"href":"https:\/\/jinsuncarbon.com\/it\/wp-json\/wp\/v2\/product"}],"about":[{"href":"https:\/\/jinsuncarbon.com\/it\/wp-json\/wp\/v2\/types\/product"}],"wp:featuredmedia":[{"embeddable":true,"href":"https:\/\/jinsuncarbon.com\/it\/wp-json\/wp\/v2\/media\/7538"}],"wp:attachment":[{"href":"https:\/\/jinsuncarbon.com\/it\/wp-json\/wp\/v2\/media?parent=7536"}],"wp:term":[{"taxonomy":"product_brand","embeddable":true,"href":"https:\/\/jinsuncarbon.com\/it\/wp-json\/wp\/v2\/product_brand?post=7536"},{"taxonomy":"product_cat","embeddable":true,"href":"https:\/\/jinsuncarbon.com\/it\/wp-json\/wp\/v2\/product_cat?post=7536"},{"taxonomy":"product_tag","embeddable":true,"href":"https:\/\/jinsuncarbon.com\/it\/wp-json\/wp\/v2\/product_tag?post=7536"}],"curies":[{"name":"wp","href":"https:\/\/api.w.org\/{rel}","templated":true}]}}