{"id":7529,"date":"2025-02-08T04:54:05","date_gmt":"2025-02-08T04:54:05","guid":{"rendered":"https:\/\/jinsuncarbon.com\/?post_type=product&#038;p=7529"},"modified":"2025-02-08T04:54:06","modified_gmt":"2025-02-08T04:54:06","slug":"elettrodo-di-grafite-hd","status":"publish","type":"product","link":"https:\/\/jinsuncarbon.com\/it\/prodotto\/elettrodo-di-grafite-hd\/","title":{"rendered":"Elettrodo di grafite HD"},"content":{"rendered":"<h2>Vantaggi dell'elettrodo di grafite HD<\/h2>\n<p>L'elettrodo di grafite ad alta densit\u00e0 \u00e8 generalmente cilindrico e presenta numerosi vantaggi.<\/p>\n<p><strong><b>H<\/b><\/strong><strong><b>elevata resistenza meccanica<\/b><\/strong><\/p>\n<p>Pu\u00f2 resistere a sollecitazioni meccaniche e forze d'urto maggiori. Non \u00e8 facile da rompere o danneggiare durante la lavorazione, l'installazione e l'uso degli elettrodi.<\/p>\n<p>&nbsp;<\/p>\n<p><strong><b>Eccellente resistenza all'ossidazione<\/b><\/strong><\/p>\n<p>In ambienti ad alta temperatura, pu\u00f2 ritardare efficacemente il tasso di ossidazione, prolungare la vita utile e ridurre i costi di utilizzo.<\/p>\n<p>&nbsp;<\/p>\n<p><strong><b>Propriet\u00e0 chimiche stabili<\/b><\/strong><\/p>\n<p>Ha una buona resistenza alla corrosione e non si corrode facilmente. Pu\u00f2 essere utilizzato in una variet\u00e0 di ambienti chimici complessi.<\/p>\n<p>&nbsp;<\/p>\n<p><strong><b>Eccellente conducibilit\u00e0 elettrica<\/b><\/strong><\/p>\n<p>Pu\u00f2 ridurre notevolmente la perdita di potenza e migliorare l'efficienza della reazione elettrochimica.<\/p>\n<p><strong><b>\u00a0<\/b><\/strong><\/p>\n<p><strong><b>Buona stabilit\u00e0 termica<\/b><\/strong><\/p>\n<p>Pu\u00f2 essere mantenuto a temperature elevate, superiori a 1000\u00b0C, per garantire il normale funzionamento dei forni industriali ad alta temperatura e di altre apparecchiature.<\/p>\n<p>&nbsp;<\/p>\n<p><strong><b>Grande<\/b><\/strong><strong><b>\u00a0prestazioni di elaborazione<\/b><\/strong><\/p>\n<p>\u00c8 facile da lavorare e formare. Inoltre, pu\u00f2 essere accuratamente trasformato in varie dimensioni e forme in base alle diverse esigenze attraverso il taglio, la foratura, la rettifica e altri mezzi di lavorazione. Per soddisfare i requisiti di attrezzature e processi specifici.<\/p>\n<p>&nbsp;<\/p>\n<p>Inoltre, \u00e8 possibile scegliere tra elettrodi di grafite ad alta densit\u00e0 stampati a pressione isostatica, elettrodi di grafite ad alta densit\u00e0 stampati a caldo o altri tipi di elettrodi di grafite ad alta densit\u00e0.<\/p>\n<p>&nbsp;<\/p>\n<h2>Usi dell'elettrodo di grafite HD<\/h2>\n<p>L'elettrodo di grafite HD ha un'ampia gamma di applicazioni.<\/p>\n<p>&nbsp;<\/p>\n<h3>Industria metallurgica del ferro e dell'acciaio:<\/h3>\n<p><strong><b>I<\/b><\/strong><strong><b>n acciaieria a forno elettrico<\/b><\/strong><\/p>\n<p>Come conduttore, l'elettrodo di grafite HD pu\u00f2 produrre un arco ad alta temperatura e fondere rapidamente la carica. Grazie alla sua elevata conducibilit\u00e0 e alla buona stabilit\u00e0 termica, pu\u00f2 sopportare correnti elevate e temperature elevate. Inoltre, migliora l'efficienza siderurgica e riduce il consumo energetico.<\/p>\n<p>&nbsp;<\/p>\n<p><strong><b>I<\/b><\/strong><strong><b>n forno di raffinazione <\/b><\/strong><\/p>\n<p>Pu\u00f2 essere utilizzato per fornire calore alla reazione di raffinazione durante il processo di raffinazione dell'acciaio fuso. Pu\u00f2 promuovere l'omogeneizzazione della composizione e della temperatura dell'acciaio liquido e migliorare la qualit\u00e0 dell'acciaio.<\/p>\n<p>&nbsp;<\/p>\n<h3>Industria di fusione dei metalli non ferrosi:<\/h3>\n<p><strong><b>Nella fusione di metalli non ferrosi <\/b><\/strong><\/p>\n<p>Come nel caso dell'alluminio e del rame, \u00e8 possibile utilizzare l'elettrodo di grafite HD nel forno del minerale per fornire condizioni di alta temperatura per il processo di fusione. Grazie all'elevata resistenza meccanica e all'ossidazione, l'elettrodo funziona in modo stabile nell'ambiente di fusione ad alta temperatura e forte corrosione per lungo tempo. Per garantire un'estrazione efficiente e <a href=\"https:\/\/en.wikipedia.org\/wiki\/Refining\" target=\"_blank\" rel=\"noopener\">raffinazione<\/a> di metalli non ferrosi.<\/p>\n<p>&nbsp;<\/p>\n<h3>Campo elettrochimico:<\/h3>\n<p><strong><b>Nella produzione di alluminio elettrolitico<\/b><\/strong><\/p>\n<p>Come un <a href=\"https:\/\/jinsuncarbon.com\/it\/prodotto\/anodo-di-grafite\/\">anodo<\/a> L'elettrodo di grafite HD ha una buona conducibilit\u00e0 elettrica e resistenza alla corrosione. Inoltre, \u00e8 in grado di svolgere in modo stabile le reazioni elettrochimiche in condizioni di elevata densit\u00e0 di corrente e di forte <a href=\"https:\/\/en.wikipedia.org\/wiki\/Electrolyte\" target=\"_blank\" rel=\"noopener\">elettrolita<\/a> corrosione. Migliorare quindi l'efficienza produttiva e la qualit\u00e0 dell'alluminio.<\/p>\n<p>&nbsp;<\/p>\n<p><strong><b>In altri processi di sintesi elettrochimica<\/b><\/strong><\/p>\n<p>Come ad esempio nella sintesi organica e nella preparazione di materie prime chimiche, \u00e8 possibile utilizzarlo come un <a href=\"https:\/\/jinsuncarbon.com\/it\/prodotto\/elettrodo-in-grafite-da-400-mm\/\">elettrodo<\/a> materiale. Utilizzando la sua eccellente conducibilit\u00e0 elettrica e stabilit\u00e0 chimica per generare prodotti target e preparare materie prime chimiche.<\/p>","protected":false},"excerpt":{"rendered":"<p>L'elettrodo di grafite HD \u00e8 un elettrodo realizzato con una tecnologia speciale e materie prime di grafite di elevata purezza. Ottimizzando la struttura cristallina della grafite, ne migliora notevolmente la densit\u00e0, riduce la porosit\u00e0 e migliora in modo significativo le propriet\u00e0 fisiche rispetto agli elettrodi di grafite ordinari. Svolge un ruolo chiave in molti scenari industriali in cui le prestazioni dell'elettrodo sono esigenti. Ad esempio, nella produzione di acciaio da forno elettrico, nella fusione di metalli non ferrosi, nella sintesi elettrochimica e cos\u00ec via. \u00c8 un materiale ad alte prestazioni adatto a condizioni di lavoro complesse.<\/p>","protected":false},"featured_media":7530,"template":"","meta":[],"product_brand":[],"product_cat":[37],"product_tag":[],"class_list":{"0":"post-7529","1":"product","2":"type-product","3":"status-publish","4":"has-post-thumbnail","6":"product_cat-graphite-electrode","8":"first","9":"instock","10":"shipping-taxable","11":"product-type-simple"},"yoast_head":"<!-- This site is optimized with the Yoast SEO Premium plugin v19.2.1 (Yoast SEO v25.3) - https:\/\/yoast.com\/wordpress\/plugins\/seo\/ -->\n<title>HD Graphite Electrode Manufacturer in China | Jinsun Carbon<\/title>\n<meta name=\"description\" content=\"HD graphite electrode manufacturer in China, it can be used in electric furnace steelmaking, nonferrous metal smelting, electrochemical synthesis.\" \/>\n<meta name=\"robots\" content=\"index, follow, max-snippet:-1, max-image-preview:large, max-video-preview:-1\" \/>\n<link rel=\"canonical\" href=\"https:\/\/jinsuncarbon.com\/it\/prodotto\/elettrodo-di-grafite-hd\/\" \/>\n<meta property=\"og:locale\" content=\"it_IT\" \/>\n<meta property=\"og:type\" content=\"article\" \/>\n<meta property=\"og:title\" content=\"HD Graphite Electrode\" \/>\n<meta property=\"og:description\" content=\"HD graphite electrode manufacturer in China, it can be used in electric furnace steelmaking, nonferrous metal smelting, electrochemical synthesis.\" \/>\n<meta property=\"og:url\" content=\"https:\/\/jinsuncarbon.com\/it\/prodotto\/elettrodo-di-grafite-hd\/\" \/>\n<meta property=\"og:site_name\" content=\"Jinsun Carbon\" \/>\n<meta property=\"article:publisher\" content=\"https:\/\/www.facebook.com\/Graphite-Electrode-109336238661595\" \/>\n<meta property=\"article:modified_time\" content=\"2025-02-08T04:54:06+00:00\" \/>\n<meta property=\"og:image\" content=\"https:\/\/jinsuncarbon.com\/wp-content\/uploads\/2025\/02\/HD-graphite-electrode.jpg\" \/>\n\t<meta property=\"og:image:width\" content=\"1024\" \/>\n\t<meta property=\"og:image:height\" content=\"763\" \/>\n\t<meta property=\"og:image:type\" content=\"image\/jpeg\" \/>\n<meta name=\"twitter:card\" content=\"summary_large_image\" \/>\n<meta name=\"twitter:site\" content=\"@jinsuncarbon_\" \/>\n<meta name=\"twitter:label1\" content=\"Tempo di lettura stimato\" \/>\n\t<meta name=\"twitter:data1\" content=\"3 minuti\" \/>\n<script type=\"application\/ld+json\" class=\"yoast-schema-graph\">{\"@context\":\"https:\/\/schema.org\",\"@graph\":[{\"@type\":\"WebPage\",\"@id\":\"https:\/\/jinsuncarbon.com\/product\/hd-graphite-electrode\/\",\"url\":\"https:\/\/jinsuncarbon.com\/product\/hd-graphite-electrode\/\",\"name\":\"HD Graphite Electrode Manufacturer in China | Jinsun Carbon\",\"isPartOf\":{\"@id\":\"https:\/\/jinsuncarbon.com\/#website\"},\"primaryImageOfPage\":{\"@id\":\"https:\/\/jinsuncarbon.com\/product\/hd-graphite-electrode\/#primaryimage\"},\"image\":{\"@id\":\"https:\/\/jinsuncarbon.com\/product\/hd-graphite-electrode\/#primaryimage\"},\"thumbnailUrl\":\"https:\/\/jinsuncarbon.com\/wp-content\/uploads\/2025\/02\/HD-graphite-electrode.jpg\",\"datePublished\":\"2025-02-08T04:54:05+00:00\",\"dateModified\":\"2025-02-08T04:54:06+00:00\",\"description\":\"HD graphite electrode manufacturer in China, it can be used in electric furnace steelmaking, nonferrous metal smelting, electrochemical synthesis.\",\"breadcrumb\":{\"@id\":\"https:\/\/jinsuncarbon.com\/product\/hd-graphite-electrode\/#breadcrumb\"},\"inLanguage\":\"it-IT\",\"potentialAction\":[{\"@type\":\"ReadAction\",\"target\":[\"https:\/\/jinsuncarbon.com\/product\/hd-graphite-electrode\/\"]}]},{\"@type\":\"ImageObject\",\"inLanguage\":\"it-IT\",\"@id\":\"https:\/\/jinsuncarbon.com\/product\/hd-graphite-electrode\/#primaryimage\",\"url\":\"https:\/\/jinsuncarbon.com\/wp-content\/uploads\/2025\/02\/HD-graphite-electrode.jpg\",\"contentUrl\":\"https:\/\/jinsuncarbon.com\/wp-content\/uploads\/2025\/02\/HD-graphite-electrode.jpg\",\"width\":1024,\"height\":763,\"caption\":\"HD graphite electrode\"},{\"@type\":\"BreadcrumbList\",\"@id\":\"https:\/\/jinsuncarbon.com\/product\/hd-graphite-electrode\/#breadcrumb\",\"itemListElement\":[{\"@type\":\"ListItem\",\"position\":1,\"name\":\"Home\",\"item\":\"https:\/\/jinsuncarbon.com\/\"},{\"@type\":\"ListItem\",\"position\":2,\"name\":\"Products\",\"item\":\"https:\/\/jinsuncarbon.com\/graphite-carbon\/\"},{\"@type\":\"ListItem\",\"position\":3,\"name\":\"HD Graphite Electrode\"}]},{\"@type\":\"WebSite\",\"@id\":\"https:\/\/jinsuncarbon.com\/#website\",\"url\":\"https:\/\/jinsuncarbon.com\/\",\"name\":\"Jinsun Carbon\",\"description\":\"We are the successful graphite electrode manufacturer in China\",\"publisher\":{\"@id\":\"https:\/\/jinsuncarbon.com\/#organization\"},\"potentialAction\":[{\"@type\":\"SearchAction\",\"target\":{\"@type\":\"EntryPoint\",\"urlTemplate\":\"https:\/\/jinsuncarbon.com\/?s={search_term_string}\"},\"query-input\":{\"@type\":\"PropertyValueSpecification\",\"valueRequired\":true,\"valueName\":\"search_term_string\"}}],\"inLanguage\":\"it-IT\"},{\"@type\":\"Organization\",\"@id\":\"https:\/\/jinsuncarbon.com\/#organization\",\"name\":\"Jinsun Carbon\",\"alternateName\":\"Jinsun Carbon\",\"url\":\"https:\/\/jinsuncarbon.com\/\",\"logo\":{\"@type\":\"ImageObject\",\"inLanguage\":\"it-IT\",\"@id\":\"https:\/\/jinsuncarbon.com\/#\/schema\/logo\/image\/\",\"url\":\"https:\/\/jinsuncarbon.com\/wp-content\/uploads\/2022\/12\/LOGO-1.png\",\"contentUrl\":\"https:\/\/jinsuncarbon.com\/wp-content\/uploads\/2022\/12\/LOGO-1.png\",\"width\":207,\"height\":80,\"caption\":\"Jinsun Carbon\"},\"image\":{\"@id\":\"https:\/\/jinsuncarbon.com\/#\/schema\/logo\/image\/\"},\"sameAs\":[\"https:\/\/www.facebook.com\/Graphite-Electrode-109336238661595\",\"https:\/\/x.com\/jinsuncarbon_\",\"https:\/\/www.linkedin.com\/in\/jinsungraphite\",\"https:\/\/www.youtube.com\/channel\/UCysDNyvyR5-3cCWEmpkVC0g\"]}]}<\/script>\n<!-- \/ Yoast SEO Premium plugin. -->","yoast_head_json":{"title":"Elettrodo di grafite HD Produttore in Cina | Jinsun Carbon","description":"Produttore di elettrodi di grafite HD in Cina, pu\u00f2 essere utilizzato nella siderurgia del forno elettrico, nella fusione di metalli non ferrosi e nella sintesi elettrochimica.","robots":{"index":"index","follow":"follow","max-snippet":"max-snippet:-1","max-image-preview":"max-image-preview:large","max-video-preview":"max-video-preview:-1"},"canonical":"https:\/\/jinsuncarbon.com\/it\/prodotto\/elettrodo-di-grafite-hd\/","og_locale":"it_IT","og_type":"article","og_title":"HD Graphite Electrode","og_description":"HD graphite electrode manufacturer in China, it can be used in electric furnace steelmaking, nonferrous metal smelting, electrochemical synthesis.","og_url":"https:\/\/jinsuncarbon.com\/it\/prodotto\/elettrodo-di-grafite-hd\/","og_site_name":"Jinsun Carbon","article_publisher":"https:\/\/www.facebook.com\/Graphite-Electrode-109336238661595","article_modified_time":"2025-02-08T04:54:06+00:00","og_image":[{"width":1024,"height":763,"url":"https:\/\/jinsuncarbon.com\/wp-content\/uploads\/2025\/02\/HD-graphite-electrode.jpg","type":"image\/jpeg"}],"twitter_card":"summary_large_image","twitter_site":"@jinsuncarbon_","twitter_misc":{"Tempo di lettura stimato":"3 minuti"},"schema":{"@context":"https:\/\/schema.org","@graph":[{"@type":"WebPage","@id":"https:\/\/jinsuncarbon.com\/product\/hd-graphite-electrode\/","url":"https:\/\/jinsuncarbon.com\/product\/hd-graphite-electrode\/","name":"Elettrodo di grafite HD Produttore in Cina | Jinsun Carbon","isPartOf":{"@id":"https:\/\/jinsuncarbon.com\/#website"},"primaryImageOfPage":{"@id":"https:\/\/jinsuncarbon.com\/product\/hd-graphite-electrode\/#primaryimage"},"image":{"@id":"https:\/\/jinsuncarbon.com\/product\/hd-graphite-electrode\/#primaryimage"},"thumbnailUrl":"https:\/\/jinsuncarbon.com\/wp-content\/uploads\/2025\/02\/HD-graphite-electrode.jpg","datePublished":"2025-02-08T04:54:05+00:00","dateModified":"2025-02-08T04:54:06+00:00","description":"Produttore di elettrodi di grafite HD in Cina, pu\u00f2 essere utilizzato nella siderurgia del forno elettrico, nella fusione di metalli non ferrosi e nella sintesi elettrochimica.","breadcrumb":{"@id":"https:\/\/jinsuncarbon.com\/product\/hd-graphite-electrode\/#breadcrumb"},"inLanguage":"it-IT","potentialAction":[{"@type":"ReadAction","target":["https:\/\/jinsuncarbon.com\/product\/hd-graphite-electrode\/"]}]},{"@type":"ImageObject","inLanguage":"it-IT","@id":"https:\/\/jinsuncarbon.com\/product\/hd-graphite-electrode\/#primaryimage","url":"https:\/\/jinsuncarbon.com\/wp-content\/uploads\/2025\/02\/HD-graphite-electrode.jpg","contentUrl":"https:\/\/jinsuncarbon.com\/wp-content\/uploads\/2025\/02\/HD-graphite-electrode.jpg","width":1024,"height":763,"caption":"HD graphite electrode"},{"@type":"BreadcrumbList","@id":"https:\/\/jinsuncarbon.com\/product\/hd-graphite-electrode\/#breadcrumb","itemListElement":[{"@type":"ListItem","position":1,"name":"Home","item":"https:\/\/jinsuncarbon.com\/"},{"@type":"ListItem","position":2,"name":"Products","item":"https:\/\/jinsuncarbon.com\/graphite-carbon\/"},{"@type":"ListItem","position":3,"name":"HD Graphite Electrode"}]},{"@type":"WebSite","@id":"https:\/\/jinsuncarbon.com\/#website","url":"https:\/\/jinsuncarbon.com\/","name":"Jinsun Carbon","description":"Siamo il produttore di elettrodi di grafite di successo in Cina","publisher":{"@id":"https:\/\/jinsuncarbon.com\/#organization"},"potentialAction":[{"@type":"SearchAction","target":{"@type":"EntryPoint","urlTemplate":"https:\/\/jinsuncarbon.com\/?s={search_term_string}"},"query-input":{"@type":"PropertyValueSpecification","valueRequired":true,"valueName":"search_term_string"}}],"inLanguage":"it-IT"},{"@type":"Organization","@id":"https:\/\/jinsuncarbon.com\/#organization","name":"Jinsun Carbon","alternateName":"Jinsun Carbon","url":"https:\/\/jinsuncarbon.com\/","logo":{"@type":"ImageObject","inLanguage":"it-IT","@id":"https:\/\/jinsuncarbon.com\/#\/schema\/logo\/image\/","url":"https:\/\/jinsuncarbon.com\/wp-content\/uploads\/2022\/12\/LOGO-1.png","contentUrl":"https:\/\/jinsuncarbon.com\/wp-content\/uploads\/2022\/12\/LOGO-1.png","width":207,"height":80,"caption":"Jinsun Carbon"},"image":{"@id":"https:\/\/jinsuncarbon.com\/#\/schema\/logo\/image\/"},"sameAs":["https:\/\/www.facebook.com\/Graphite-Electrode-109336238661595","https:\/\/x.com\/jinsuncarbon_","https:\/\/www.linkedin.com\/in\/jinsungraphite","https:\/\/www.youtube.com\/channel\/UCysDNyvyR5-3cCWEmpkVC0g"]}]}},"_links":{"self":[{"href":"https:\/\/jinsuncarbon.com\/it\/wp-json\/wp\/v2\/product\/7529","targetHints":{"allow":["GET"]}}],"collection":[{"href":"https:\/\/jinsuncarbon.com\/it\/wp-json\/wp\/v2\/product"}],"about":[{"href":"https:\/\/jinsuncarbon.com\/it\/wp-json\/wp\/v2\/types\/product"}],"wp:featuredmedia":[{"embeddable":true,"href":"https:\/\/jinsuncarbon.com\/it\/wp-json\/wp\/v2\/media\/7530"}],"wp:attachment":[{"href":"https:\/\/jinsuncarbon.com\/it\/wp-json\/wp\/v2\/media?parent=7529"}],"wp:term":[{"taxonomy":"product_brand","embeddable":true,"href":"https:\/\/jinsuncarbon.com\/it\/wp-json\/wp\/v2\/product_brand?post=7529"},{"taxonomy":"product_cat","embeddable":true,"href":"https:\/\/jinsuncarbon.com\/it\/wp-json\/wp\/v2\/product_cat?post=7529"},{"taxonomy":"product_tag","embeddable":true,"href":"https:\/\/jinsuncarbon.com\/it\/wp-json\/wp\/v2\/product_tag?post=7529"}],"curies":[{"name":"wp","href":"https:\/\/api.w.org\/{rel}","templated":true}]}}