{"id":7512,"date":"2025-02-08T03:01:29","date_gmt":"2025-02-08T03:01:29","guid":{"rendered":"https:\/\/jinsuncarbon.com\/?post_type=product&#038;p=7512"},"modified":"2025-02-08T03:01:31","modified_gmt":"2025-02-08T03:01:31","slug":"scambiatore-di-calore-a-fascio-tubiero-in-grafite","status":"publish","type":"product","link":"https:\/\/jinsuncarbon.com\/it\/prodotto\/scambiatore-di-calore-a-fascio-tubiero-in-grafite\/","title":{"rendered":"Scambiatore di calore a fascio tubiero in grafite"},"content":{"rendered":"<h2>Vantaggi dello scambiatore di calore a fascio tubiero in grafite<\/h2>\n<p>Lo scambiatore di calore a fascio tubiero in grafite \u00e8 in grado di ottenere un'ampia area di scambio termico in uno spazio limitato, facile da installare e sistemare in diversi siti produttivi. E presenta numerosi vantaggi.<\/p>\n<p><strong><b>Efficienza di trasferimento del calore estremamente elevata <\/b><\/strong><\/p>\n<p>Pu\u00f2 scambiare una grande quantit\u00e0 di calore con una piccola differenza di temperatura.<\/p>\n<p><strong><b>Propriet\u00e0 chimiche stabili <\/b><\/strong><\/p>\n<p>Pu\u00f2 resistere ad acidi, alcali e altre sostanze chimiche. Pu\u00f2 funzionare stabilmente in un ambiente fortemente corrosivo per lungo tempo.<\/p>\n<p><strong><b>Piccolo coefficiente di espansione termica <\/b><\/strong><\/p>\n<p>\u00c8 in grado di mantenere la stabilit\u00e0 strutturale anche in presenza di forti oscillazioni di temperatura e non \u00e8 facile da deformare e danneggiare.<\/p>\n<p><strong><b>Buona resistenza alle alte temperature <\/b><\/strong><\/p>\n<p>Pu\u00f2 sopportare fluidi di processo a temperatura pi\u00f9 elevata, ampliando il campo di applicazione. In alcuni processi di reazione chimica ad alta temperatura e forte corrosione, pu\u00f2 completare in modo affidabile il compito di scambio termico. Per garantire la continuit\u00e0 e la stabilit\u00e0 della produzione.<\/p>\n<p>&nbsp;<\/p>\n<p>Inoltre, in base all'ambiente di utilizzo specifico e ai requisiti di prestazione, \u00e8 possibile scegliere diversi tipi. Come la piastra tubolare fissa <a href=\"https:\/\/jinsuncarbon.com\/it\/prodotto\/tubo-di-grafite-in-vendita\/\">tubo di grafite<\/a> e scambiatore di calore a guscio, scambiatore di calore a tubo e guscio in grafite a testa flottante, scambiatore di calore a tubo e guscio a forma di U o altri tipi di struttura speciale dello scambiatore di calore a tubo e guscio in grafite.<\/p>\n<p><strong><b>\u00a0<\/b><\/strong><\/p>\n<h2>Utilizzi degli scambiatori di calore a fascio tubiero in grafite<\/h2>\n<h3>Industria chimica<\/h3>\n<p><strong><b>R<\/b><\/strong><strong><b>scambio di calore per azione: <\/b><\/strong><\/p>\n<p>Pu\u00f2 essere utilizzato per la produzione di acido solforico, acido nitrico e altri acidi forti, per il raffreddamento e il recupero del calore dei gas di reazione. E si pu\u00f2 utilizzare anche per il raffreddamento di materiali organici sintetici.<\/p>\n<p>&nbsp;<\/p>\n<p><strong><b>Distillazione e rettifica:<\/b><\/strong><\/p>\n<p>Nella distillazione petrolchimica, la rettifica, che agisce da <a href=\"https:\/\/en.wikipedia.org\/wiki\/Condenser_(heat_transfer)#:~:text=A%20condenser%20is%20designed%20to,a%20vapor%20into%20a%20liquid.\" target=\"_blank\" rel=\"noopener\">condensatore<\/a> o ribollitore, per ottenere la separazione e la purificazione dei materiali.<\/p>\n<p>&nbsp;<\/p>\n<p><strong><b>Trasporto del materiale: <\/b><\/strong><\/p>\n<p>Pu\u00f2 riscaldare o raffreddare materiali chimici altamente corrosivi per garantire il trasporto e prevenire la cristallizzazione e la solidificazione.<\/p>\n<p>&nbsp;<\/p>\n<h3>Campo elettronico<\/h3>\n<p><strong><b>C<\/b><\/strong><strong><b>produzione di anca: <\/b><\/strong><\/p>\n<p>Nel processo di fotolitografia e incisione, \u00e8 in grado di controllare con precisione la temperatura del liquido di sviluppo e incisione ultrapuro. Per garantire la precisione della produzione di chip.<\/p>\n<p>&nbsp;<\/p>\n<p><strong><b>Raffreddamento dell'apparecchiatura: <\/b><\/strong><\/p>\n<p>Trasferimento di calore del refrigerante corrosivo per i sistemi di raffreddamento della produzione di apparecchiature elettroniche, prolungando la vita delle apparecchiature.<\/p>\n<p>&nbsp;<\/p>\n<h3>Nuovo campo energetico<\/h3>\n<p><strong><b>produzione di batterie al litio: <\/b><\/strong><\/p>\n<p>Durante la preparazione dell'elettrolita per batterie al litio, \u00e8 possibile controllare la temperatura delle materie prime corrosive e dei prodotti intermedi. Per garantire le prestazioni e la qualit\u00e0 dell'elettrolita.<\/p>\n<p>&nbsp;<\/p>\n<p><strong><b>Industria dell'energia a idrogeno: <\/b><\/strong><\/p>\n<p>Quando si elettrolizza l'acqua per produrre <a href=\"https:\/\/en.wikipedia.org\/wiki\/Hydrogen\" target=\"_blank\" rel=\"noopener\">idrogeno<\/a>\u00c8 possibile utilizzarlo per raffreddare la cella elettrolitica o regolare la temperatura dell'elettrolita. Per migliorare l'efficienza e la purezza dell'idrogeno.<\/p>\n<p>&nbsp;<\/p>\n<h3>Settore farmaceutico<\/h3>\n<p><strong><b>D<\/b><\/strong><strong><b>sintesi del tappeto: <\/b><\/strong><\/p>\n<p>Pu\u00f2 controllare la temperatura di antibiotici, vitamine e altri materiali di reazione per la sintesi di farmaci, migliorare il tasso di conversione e la qualit\u00e0 del prodotto.<\/p>\n<p>&nbsp;<\/p>\n<p><strong><b>Cristallizzazione concentrata: <\/b><\/strong><\/p>\n<p>\u00c8 possibile utilizzarlo per controllare con precisione la temperatura della soluzione durante la concentrazione e la cristallizzazione del farmaco. Per garantire la purezza e la forma cristallina del farmaco.<\/p>\n<p>&nbsp;<\/p>\n<h3>Protezione dell'ambiente<\/h3>\n<p><strong><b>W<\/b><\/strong><strong><b>trattamento delle acque reflue: <\/b><\/strong><\/p>\n<p>\u00c8 possibile utilizzare <a href=\"https:\/\/jinsuncarbon.com\/it\/cose-lo-scambiatore-di-calore-in-grafite\/\">scambiatore di calore in grafite<\/a> per trattare le acque reflue industriali contenenti acidi e alcali, le acque reflue di preriscaldamento o raffreddamento. Pu\u00f2 migliorare l'efficienza del trattamento e ridurre i costi.<\/p>\n<p>&nbsp;<\/p>\n<p><strong><b>Trattamento dei gas di scarico: <\/b><\/strong><\/p>\n<p>Pu\u00f2 raffreddare il liquido di desolforazione dei gas di scarico e di assorbimento della denitrificazione, migliorare l'effetto di assorbimento e ridurre le emissioni di gas nocivi.<\/p>\n<p>&nbsp;<\/p>","protected":false},"excerpt":{"rendered":"<p>Lo scambiatore di calore a fascio tubiero in grafite \u00e8 un tipo di apparecchiatura che realizza lo scambio di calore sfruttando le eccellenti propriet\u00e0 della grafite. \u00c8 composto da un fascio di tubi e da un guscio di grafite. Grazie alle sue caratteristiche di conducibilit\u00e0 termica, stabilit\u00e0 chimica e resistenza alla corrosione, pu\u00f2 essere utilizzato per il raffreddamento del liquido di reazione, per lo scambio di calore durante il processo di concentrazione dei farmaci, ecc. Questo scambiatore di calore si comporta bene in molti settori in cui la resistenza alla corrosione e il trasferimento di calore sono fondamentali, rendendolo ideale per affrontare le esigenze di scambio di calore in condizioni complesse.<\/p>\n<p>&nbsp;<\/p>\n<p>In base alle diverse condizioni di lavoro e ai requisiti di processo, \u00e8 possibile personalizzare il diametro, la lunghezza, la disposizione del fascio di tubi e le dimensioni del mantello. Per soddisfare diverse e complesse esigenze di scambio termico.<\/p>","protected":false},"featured_media":7521,"template":"","meta":[],"product_brand":[],"product_cat":[38],"product_tag":[],"class_list":{"0":"post-7512","1":"product","2":"type-product","3":"status-publish","4":"has-post-thumbnail","6":"product_cat-graphite-products","8":"first","9":"instock","10":"shipping-taxable","11":"product-type-simple"},"yoast_head":"<!-- This site is optimized with the Yoast SEO Premium plugin v19.2.1 (Yoast SEO v25.3) - https:\/\/yoast.com\/wordpress\/plugins\/seo\/ -->\n<title>Graphite\u00a0Shell and Tube Heat Exchanger | Jinsun Carbon<\/title>\n<meta name=\"description\" content=\"Graphite shell and tube heat exchanger manufacturer in China, It is primarily used in industrial applications where highly corrosive fluids need to be heated or cooled.\" \/>\n<meta name=\"robots\" content=\"index, follow, max-snippet:-1, max-image-preview:large, max-video-preview:-1\" \/>\n<link rel=\"canonical\" href=\"https:\/\/jinsuncarbon.com\/it\/prodotto\/scambiatore-di-calore-a-fascio-tubiero-in-grafite\/\" \/>\n<meta property=\"og:locale\" content=\"it_IT\" \/>\n<meta property=\"og:type\" content=\"article\" \/>\n<meta property=\"og:title\" content=\"Graphite\u00a0Shell and Tube Heat Exchanger\" \/>\n<meta property=\"og:description\" content=\"Graphite shell and tube heat exchanger manufacturer in China, It is primarily used in industrial applications where highly corrosive fluids need to be heated or cooled.\" \/>\n<meta property=\"og:url\" content=\"https:\/\/jinsuncarbon.com\/it\/prodotto\/scambiatore-di-calore-a-fascio-tubiero-in-grafite\/\" \/>\n<meta property=\"og:site_name\" content=\"Jinsun Carbon\" \/>\n<meta property=\"article:publisher\" content=\"https:\/\/www.facebook.com\/Graphite-Electrode-109336238661595\" \/>\n<meta property=\"article:modified_time\" content=\"2025-02-08T03:01:31+00:00\" \/>\n<meta property=\"og:image\" content=\"https:\/\/jinsuncarbon.com\/wp-content\/uploads\/2025\/02\/graphite-shell-and-tube-heat-exchanger.jpg\" \/>\n\t<meta property=\"og:image:width\" content=\"1024\" \/>\n\t<meta property=\"og:image:height\" content=\"763\" \/>\n\t<meta property=\"og:image:type\" content=\"image\/jpeg\" \/>\n<meta name=\"twitter:card\" content=\"summary_large_image\" \/>\n<meta name=\"twitter:site\" content=\"@jinsuncarbon_\" \/>\n<meta name=\"twitter:label1\" content=\"Tempo di lettura stimato\" \/>\n\t<meta name=\"twitter:data1\" content=\"3 minuti\" \/>\n<script type=\"application\/ld+json\" class=\"yoast-schema-graph\">{\"@context\":\"https:\/\/schema.org\",\"@graph\":[{\"@type\":\"WebPage\",\"@id\":\"https:\/\/jinsuncarbon.com\/product\/graphite-shell-and-tube-heat-exchanger\/\",\"url\":\"https:\/\/jinsuncarbon.com\/product\/graphite-shell-and-tube-heat-exchanger\/\",\"name\":\"Graphite\u00a0Shell and Tube Heat Exchanger | Jinsun Carbon\",\"isPartOf\":{\"@id\":\"https:\/\/jinsuncarbon.com\/#website\"},\"primaryImageOfPage\":{\"@id\":\"https:\/\/jinsuncarbon.com\/product\/graphite-shell-and-tube-heat-exchanger\/#primaryimage\"},\"image\":{\"@id\":\"https:\/\/jinsuncarbon.com\/product\/graphite-shell-and-tube-heat-exchanger\/#primaryimage\"},\"thumbnailUrl\":\"https:\/\/jinsuncarbon.com\/wp-content\/uploads\/2025\/02\/graphite-shell-and-tube-heat-exchanger.jpg\",\"datePublished\":\"2025-02-08T03:01:29+00:00\",\"dateModified\":\"2025-02-08T03:01:31+00:00\",\"description\":\"Graphite shell and tube heat exchanger manufacturer in China, It is primarily used in industrial applications where highly corrosive fluids need to be heated or cooled.\",\"breadcrumb\":{\"@id\":\"https:\/\/jinsuncarbon.com\/product\/graphite-shell-and-tube-heat-exchanger\/#breadcrumb\"},\"inLanguage\":\"it-IT\",\"potentialAction\":[{\"@type\":\"ReadAction\",\"target\":[\"https:\/\/jinsuncarbon.com\/product\/graphite-shell-and-tube-heat-exchanger\/\"]}]},{\"@type\":\"ImageObject\",\"inLanguage\":\"it-IT\",\"@id\":\"https:\/\/jinsuncarbon.com\/product\/graphite-shell-and-tube-heat-exchanger\/#primaryimage\",\"url\":\"https:\/\/jinsuncarbon.com\/wp-content\/uploads\/2025\/02\/graphite-shell-and-tube-heat-exchanger.jpg\",\"contentUrl\":\"https:\/\/jinsuncarbon.com\/wp-content\/uploads\/2025\/02\/graphite-shell-and-tube-heat-exchanger.jpg\",\"width\":1024,\"height\":763,\"caption\":\"Graphite shell and tube heat exchanger\"},{\"@type\":\"BreadcrumbList\",\"@id\":\"https:\/\/jinsuncarbon.com\/product\/graphite-shell-and-tube-heat-exchanger\/#breadcrumb\",\"itemListElement\":[{\"@type\":\"ListItem\",\"position\":1,\"name\":\"Home\",\"item\":\"https:\/\/jinsuncarbon.com\/\"},{\"@type\":\"ListItem\",\"position\":2,\"name\":\"Products\",\"item\":\"https:\/\/jinsuncarbon.com\/graphite-carbon\/\"},{\"@type\":\"ListItem\",\"position\":3,\"name\":\"Graphite\u00a0Shell and Tube Heat Exchanger\"}]},{\"@type\":\"WebSite\",\"@id\":\"https:\/\/jinsuncarbon.com\/#website\",\"url\":\"https:\/\/jinsuncarbon.com\/\",\"name\":\"Jinsun Carbon\",\"description\":\"We are the successful graphite electrode manufacturer in China\",\"publisher\":{\"@id\":\"https:\/\/jinsuncarbon.com\/#organization\"},\"potentialAction\":[{\"@type\":\"SearchAction\",\"target\":{\"@type\":\"EntryPoint\",\"urlTemplate\":\"https:\/\/jinsuncarbon.com\/?s={search_term_string}\"},\"query-input\":{\"@type\":\"PropertyValueSpecification\",\"valueRequired\":true,\"valueName\":\"search_term_string\"}}],\"inLanguage\":\"it-IT\"},{\"@type\":\"Organization\",\"@id\":\"https:\/\/jinsuncarbon.com\/#organization\",\"name\":\"Jinsun Carbon\",\"alternateName\":\"Jinsun Carbon\",\"url\":\"https:\/\/jinsuncarbon.com\/\",\"logo\":{\"@type\":\"ImageObject\",\"inLanguage\":\"it-IT\",\"@id\":\"https:\/\/jinsuncarbon.com\/#\/schema\/logo\/image\/\",\"url\":\"https:\/\/jinsuncarbon.com\/wp-content\/uploads\/2022\/12\/LOGO-1.png\",\"contentUrl\":\"https:\/\/jinsuncarbon.com\/wp-content\/uploads\/2022\/12\/LOGO-1.png\",\"width\":207,\"height\":80,\"caption\":\"Jinsun Carbon\"},\"image\":{\"@id\":\"https:\/\/jinsuncarbon.com\/#\/schema\/logo\/image\/\"},\"sameAs\":[\"https:\/\/www.facebook.com\/Graphite-Electrode-109336238661595\",\"https:\/\/x.com\/jinsuncarbon_\",\"https:\/\/www.linkedin.com\/in\/jinsungraphite\",\"https:\/\/www.youtube.com\/channel\/UCysDNyvyR5-3cCWEmpkVC0g\"]}]}<\/script>\n<!-- \/ Yoast SEO Premium plugin. -->","yoast_head_json":{"title":"Scambiatore di calore a fascio tubiero in grafite | Jinsun Carbon","description":"Produttore di scambiatori di calore a fascio tubiero in grafite in Cina, utilizzati principalmente in applicazioni industriali in cui \u00e8 necessario riscaldare o raffreddare fluidi altamente corrosivi.","robots":{"index":"index","follow":"follow","max-snippet":"max-snippet:-1","max-image-preview":"max-image-preview:large","max-video-preview":"max-video-preview:-1"},"canonical":"https:\/\/jinsuncarbon.com\/it\/prodotto\/scambiatore-di-calore-a-fascio-tubiero-in-grafite\/","og_locale":"it_IT","og_type":"article","og_title":"Graphite\u00a0Shell and Tube Heat Exchanger","og_description":"Graphite shell and tube heat exchanger manufacturer in China, It is primarily used in industrial applications where highly corrosive fluids need to be heated or cooled.","og_url":"https:\/\/jinsuncarbon.com\/it\/prodotto\/scambiatore-di-calore-a-fascio-tubiero-in-grafite\/","og_site_name":"Jinsun Carbon","article_publisher":"https:\/\/www.facebook.com\/Graphite-Electrode-109336238661595","article_modified_time":"2025-02-08T03:01:31+00:00","og_image":[{"width":1024,"height":763,"url":"https:\/\/jinsuncarbon.com\/wp-content\/uploads\/2025\/02\/graphite-shell-and-tube-heat-exchanger.jpg","type":"image\/jpeg"}],"twitter_card":"summary_large_image","twitter_site":"@jinsuncarbon_","twitter_misc":{"Tempo di lettura stimato":"3 minuti"},"schema":{"@context":"https:\/\/schema.org","@graph":[{"@type":"WebPage","@id":"https:\/\/jinsuncarbon.com\/product\/graphite-shell-and-tube-heat-exchanger\/","url":"https:\/\/jinsuncarbon.com\/product\/graphite-shell-and-tube-heat-exchanger\/","name":"Scambiatore di calore a fascio tubiero in grafite | Jinsun Carbon","isPartOf":{"@id":"https:\/\/jinsuncarbon.com\/#website"},"primaryImageOfPage":{"@id":"https:\/\/jinsuncarbon.com\/product\/graphite-shell-and-tube-heat-exchanger\/#primaryimage"},"image":{"@id":"https:\/\/jinsuncarbon.com\/product\/graphite-shell-and-tube-heat-exchanger\/#primaryimage"},"thumbnailUrl":"https:\/\/jinsuncarbon.com\/wp-content\/uploads\/2025\/02\/graphite-shell-and-tube-heat-exchanger.jpg","datePublished":"2025-02-08T03:01:29+00:00","dateModified":"2025-02-08T03:01:31+00:00","description":"Produttore di scambiatori di calore a fascio tubiero in grafite in Cina, utilizzati principalmente in applicazioni industriali in cui \u00e8 necessario riscaldare o raffreddare fluidi altamente corrosivi.","breadcrumb":{"@id":"https:\/\/jinsuncarbon.com\/product\/graphite-shell-and-tube-heat-exchanger\/#breadcrumb"},"inLanguage":"it-IT","potentialAction":[{"@type":"ReadAction","target":["https:\/\/jinsuncarbon.com\/product\/graphite-shell-and-tube-heat-exchanger\/"]}]},{"@type":"ImageObject","inLanguage":"it-IT","@id":"https:\/\/jinsuncarbon.com\/product\/graphite-shell-and-tube-heat-exchanger\/#primaryimage","url":"https:\/\/jinsuncarbon.com\/wp-content\/uploads\/2025\/02\/graphite-shell-and-tube-heat-exchanger.jpg","contentUrl":"https:\/\/jinsuncarbon.com\/wp-content\/uploads\/2025\/02\/graphite-shell-and-tube-heat-exchanger.jpg","width":1024,"height":763,"caption":"Graphite shell and tube heat exchanger"},{"@type":"BreadcrumbList","@id":"https:\/\/jinsuncarbon.com\/product\/graphite-shell-and-tube-heat-exchanger\/#breadcrumb","itemListElement":[{"@type":"ListItem","position":1,"name":"Home","item":"https:\/\/jinsuncarbon.com\/"},{"@type":"ListItem","position":2,"name":"Products","item":"https:\/\/jinsuncarbon.com\/graphite-carbon\/"},{"@type":"ListItem","position":3,"name":"Graphite\u00a0Shell and Tube Heat Exchanger"}]},{"@type":"WebSite","@id":"https:\/\/jinsuncarbon.com\/#website","url":"https:\/\/jinsuncarbon.com\/","name":"Jinsun Carbon","description":"Siamo il produttore di elettrodi di grafite di successo in Cina","publisher":{"@id":"https:\/\/jinsuncarbon.com\/#organization"},"potentialAction":[{"@type":"SearchAction","target":{"@type":"EntryPoint","urlTemplate":"https:\/\/jinsuncarbon.com\/?s={search_term_string}"},"query-input":{"@type":"PropertyValueSpecification","valueRequired":true,"valueName":"search_term_string"}}],"inLanguage":"it-IT"},{"@type":"Organization","@id":"https:\/\/jinsuncarbon.com\/#organization","name":"Jinsun Carbon","alternateName":"Jinsun Carbon","url":"https:\/\/jinsuncarbon.com\/","logo":{"@type":"ImageObject","inLanguage":"it-IT","@id":"https:\/\/jinsuncarbon.com\/#\/schema\/logo\/image\/","url":"https:\/\/jinsuncarbon.com\/wp-content\/uploads\/2022\/12\/LOGO-1.png","contentUrl":"https:\/\/jinsuncarbon.com\/wp-content\/uploads\/2022\/12\/LOGO-1.png","width":207,"height":80,"caption":"Jinsun Carbon"},"image":{"@id":"https:\/\/jinsuncarbon.com\/#\/schema\/logo\/image\/"},"sameAs":["https:\/\/www.facebook.com\/Graphite-Electrode-109336238661595","https:\/\/x.com\/jinsuncarbon_","https:\/\/www.linkedin.com\/in\/jinsungraphite","https:\/\/www.youtube.com\/channel\/UCysDNyvyR5-3cCWEmpkVC0g"]}]}},"_links":{"self":[{"href":"https:\/\/jinsuncarbon.com\/it\/wp-json\/wp\/v2\/product\/7512","targetHints":{"allow":["GET"]}}],"collection":[{"href":"https:\/\/jinsuncarbon.com\/it\/wp-json\/wp\/v2\/product"}],"about":[{"href":"https:\/\/jinsuncarbon.com\/it\/wp-json\/wp\/v2\/types\/product"}],"wp:featuredmedia":[{"embeddable":true,"href":"https:\/\/jinsuncarbon.com\/it\/wp-json\/wp\/v2\/media\/7521"}],"wp:attachment":[{"href":"https:\/\/jinsuncarbon.com\/it\/wp-json\/wp\/v2\/media?parent=7512"}],"wp:term":[{"taxonomy":"product_brand","embeddable":true,"href":"https:\/\/jinsuncarbon.com\/it\/wp-json\/wp\/v2\/product_brand?post=7512"},{"taxonomy":"product_cat","embeddable":true,"href":"https:\/\/jinsuncarbon.com\/it\/wp-json\/wp\/v2\/product_cat?post=7512"},{"taxonomy":"product_tag","embeddable":true,"href":"https:\/\/jinsuncarbon.com\/it\/wp-json\/wp\/v2\/product_tag?post=7512"}],"curies":[{"name":"wp","href":"https:\/\/api.w.org\/{rel}","templated":true}]}}