{"id":7453,"date":"2025-01-27T02:20:01","date_gmt":"2025-01-27T02:20:01","guid":{"rendered":"https:\/\/jinsuncarbon.com\/?post_type=product&#038;p=7453"},"modified":"2025-01-27T02:21:16","modified_gmt":"2025-01-27T02:21:16","slug":"stampi-per-lingotti-doro","status":"publish","type":"product","link":"https:\/\/jinsuncarbon.com\/it\/prodotto\/stampi-per-lingotti-doro\/","title":{"rendered":"Stampi per lingotti d'oro"},"content":{"rendered":"<h2 class=\"ql-align-justify\">Stampi per lingotti d'oro in vendita<\/h2>\n<h3 class=\"ql-align-justify\">Vantaggi dello stampo per la colata di barre d'oro<\/h3>\n<ul>\n<li class=\"ql-align-justify\"><strong>Elevata precisione dimensionale<\/strong><\/li>\n<\/ul>\n<p class=\"ql-align-justify\">La deviazione \u00e8 molto piccola, in grado di soddisfare i requisiti di stoccaggio finanziario, commercio e produzione industriale delle sue specifiche rigorose.<\/p>\n<ul>\n<li class=\"ql-align-justify\"><strong>Grande resistenza strutturale<\/strong><\/li>\n<\/ul>\n<p class=\"ql-align-justify\">Pu\u00f2 sopportare l'impatto e la pressione dell'oro liquido ad alta temperatura, l'uso ripetuto non \u00e8 facile da deformare, danneggiare.<\/p>\n<ul>\n<li class=\"ql-align-justify\"><strong>Elevata scorrevolezza della superficie<\/strong><\/li>\n<\/ul>\n<p class=\"ql-align-justify\">In questo modo si favorisce la sverniciatura del lingotto d'oro e non se ne danneggia la superficie. Per garantire che la superficie sia liscia.<\/p>\n<ul>\n<li class=\"ql-align-justify\"><strong>Forte stabilit\u00e0 chimica<\/strong><\/li>\n<\/ul>\n<p class=\"ql-align-justify\">Non reagisce con l'oro, per garantire la purezza e la qualit\u00e0 dei lingotti d'oro.<\/p>\n<p>&nbsp;<\/p>\n<h2 class=\"ql-align-justify\">Processo di produzione degli stampi per lingotti d'oro<\/h2>\n<p class=\"ql-align-justify\">Produciamo lingotti d'oro di grafite di alta qualit\u00e0 <a href=\"https:\/\/jinsuncarbon.com\/it\/prodotto\/stampo-in-grafite\/\">stampo<\/a>e dobbiamo seguire dei passaggi rigorosi:<\/p>\n<p class=\"ql-align-justify\"><strong>Passo 1. Selezionare il materiale dello stampo:<\/strong><\/p>\n<p class=\"ql-align-justify\">La selezione di prodotti di elevata purezza <a href=\"https:\/\/jinsuncarbon.com\/it\/prodotto\/grafite-naturale-in-scaglie\/\">grafite in scaglie<\/a> come materiale per la produzione di stampi per lingotti d'oro. Ha un'eccellente resistenza alle alte temperature e caratteristiche di non adesione, per garantire le migliori prestazioni nel processo di fusione dei lingotti d'oro.<\/p>\n<p class=\"ql-align-justify\"><strong>Fase 2. Lavorazione delle materie prime:<\/strong><\/p>\n<p class=\"ql-align-justify\">Per prima cosa frantumiamo la grafite per far s\u00ec che le sue dimensioni delle particelle raggiungano l'intervallo appropriato. Le successive operazioni di purificazione rimuovono le impurit\u00e0 per migliorare la purezza. Infine, la grafite trattata viene trasformata in stampo grezzo mediante pressatura in stampo o pressatura isostatica.<\/p>\n<p class=\"ql-align-justify\"><strong>Fase 3. Formatura e finitura dello stampo:<\/strong><\/p>\n<p class=\"ql-align-justify\">L'uso di apparecchiature di lavorazione CNC, in base ai disegni di progettazione accurati dello stampo, il taglio preliminare della grafite, la perforazione, la rettifica e altre operazioni di lavorazione meccanica. Per produrre uno stampo per lingotti d'oro che soddisfi i requisiti di precisione dimensionale e di qualit\u00e0 superficiale. Infine, lo stampo viene rifinito e il rivestimento superficiale viene trattato per migliorarne la durata e le prestazioni di rilascio.<\/p>\n<p>&nbsp;<\/p>\n<h2 class=\"ql-align-justify\">Usi degli stampi per la colata di lingotti d'oro<\/h2>\n<p class=\"ql-align-justify\">Lo stampo per lingotti d'oro \u00e8 ampiamente utilizzato e si concentra principalmente nei seguenti settori.<\/p>\n<p class=\"ql-align-justify\"><strong>Settore degli investimenti finanziari:<\/strong><\/p>\n<p class=\"ql-align-justify\">Disponiamo di un gran numero di specifiche standard di lingotti d'oro per soddisfare la domanda di investimento in oro degli investitori. Ad esempio, 1 oncia, 10 once, 1 chilogrammo, ecc. Si tratta di un importante vettore di circolazione dell'oro nel mercato finanziario.<\/p>\n<p class=\"ql-align-justify\"><strong>Campo di raccolta commemorativo:<\/strong><\/p>\n<p class=\"ql-align-justify\">Realizzare una variet\u00e0 di lingotti d'oro con significato commemorativo e valore di collezione, come ad esempio lingotti d'oro che commemorano importanti eventi storici, attivit\u00e0 culturali, ecc. Grazie a un design e a una tecnologia unici, aumentano il valore artistico e il valore di collezione dei lingotti d'oro.<\/p>\n<p class=\"ql-align-justify\"><strong>Produzione industriale:<\/strong><\/p>\n<p class=\"ql-align-justify\">Fornire billette per alcune produzioni industriali con requisiti speciali di forma e dimensione dell'oro. Come ad esempio i connettori in oro utilizzati nella <a href=\"https:\/\/en.wikipedia.org\/wiki\/Electronics_industry\" target=\"_blank\" rel=\"noopener\">industria elettronica<\/a>, parti decorative in oro nell'industria della decorazione di alta gamma, ecc. Assicura la precisione e la qualit\u00e0 delle billette, ponendo le basi per la successiva lavorazione.<\/p>\n<p class=\"ql-align-justify\">","protected":false},"excerpt":{"rendered":"<p class=\"ql-align-justify\">Lo stampo per lingotti d'oro \u00e8 uno strumento appositamente utilizzato per fondere l'oro liquido in lingotti d'oro. Per lo pi\u00f9 \u00e8 realizzato con materiali resistenti alle alte temperature, ad alta resistenza e chimicamente stabili, come la grafite di alta qualit\u00e0.<\/p>\n<p class=\"ql-align-justify\">Grazie a un'accurata progettazione dello stampo, pu\u00f2 creare lingotti d'oro di dimensioni precise e forma regolare. Svolge un ruolo fondamentale nella produzione e nella lavorazione dell'oro. In base alle vostre esigenze speciali, possiamo personalizzare gli stampi per lingotti d'oro in diversi pesi, forme o con un logo unico.<\/p>\n<p class=\"ql-align-justify\">","protected":false},"featured_media":7457,"template":"","meta":[],"product_brand":[],"product_cat":[38],"product_tag":[],"class_list":{"0":"post-7453","1":"product","2":"type-product","3":"status-publish","4":"has-post-thumbnail","6":"product_cat-graphite-products","8":"first","9":"instock","10":"shipping-taxable","11":"product-type-simple"},"yoast_head":"<!-- This site is optimized with the Yoast SEO Premium plugin v19.2.1 (Yoast SEO v27.5) - https:\/\/yoast.com\/product\/yoast-seo-premium-wordpress\/ -->\n<title>Gold Bar Molds Manufacturer in China | Jinsun Carbon<\/title>\n<meta name=\"description\" content=\"Gold bar molds for sale, Graphite has good high temperature resistance and high thermal conductivity, making it suitable for the melting process of gold.\" \/>\n<meta name=\"robots\" content=\"index, follow, max-snippet:-1, max-image-preview:large, max-video-preview:-1\" \/>\n<link rel=\"canonical\" href=\"https:\/\/jinsuncarbon.com\/it\/prodotto\/stampi-per-lingotti-doro\/\" \/>\n<meta property=\"og:locale\" content=\"it_IT\" \/>\n<meta property=\"og:type\" content=\"article\" \/>\n<meta property=\"og:title\" content=\"Gold Bar Molds\" \/>\n<meta property=\"og:description\" content=\"Gold bar molds for sale, Graphite has good high temperature resistance and high thermal conductivity, making it suitable for the melting process of gold.\" \/>\n<meta property=\"og:url\" content=\"https:\/\/jinsuncarbon.com\/it\/prodotto\/stampi-per-lingotti-doro\/\" \/>\n<meta property=\"og:site_name\" content=\"Jinsun Carbon\" \/>\n<meta property=\"article:publisher\" content=\"https:\/\/www.facebook.com\/Graphite-Electrode-109336238661595\" \/>\n<meta property=\"article:modified_time\" content=\"2025-01-27T02:21:16+00:00\" \/>\n<meta property=\"og:image\" content=\"https:\/\/jinsuncarbon.com\/wp-content\/uploads\/2025\/01\/Gold-Bar-Mold.jpg\" \/>\n\t<meta property=\"og:image:width\" content=\"1024\" \/>\n\t<meta property=\"og:image:height\" content=\"763\" \/>\n\t<meta property=\"og:image:type\" content=\"image\/jpeg\" \/>\n<meta name=\"twitter:card\" content=\"summary_large_image\" \/>\n<meta name=\"twitter:site\" content=\"@jinsuncarbon_\" \/>\n<meta name=\"twitter:label1\" content=\"Tempo di lettura stimato\" \/>\n\t<meta name=\"twitter:data1\" content=\"3 minuti\" \/>\n<script type=\"application\/ld+json\" class=\"yoast-schema-graph\">{\"@context\":\"https:\\\/\\\/schema.org\",\"@graph\":[{\"@type\":\"WebPage\",\"@id\":\"https:\\\/\\\/jinsuncarbon.com\\\/product\\\/gold-bar-molds\\\/\",\"url\":\"https:\\\/\\\/jinsuncarbon.com\\\/product\\\/gold-bar-molds\\\/\",\"name\":\"Gold Bar Molds Manufacturer in China | Jinsun Carbon\",\"isPartOf\":{\"@id\":\"https:\\\/\\\/jinsuncarbon.com\\\/#website\"},\"primaryImageOfPage\":{\"@id\":\"https:\\\/\\\/jinsuncarbon.com\\\/product\\\/gold-bar-molds\\\/#primaryimage\"},\"image\":{\"@id\":\"https:\\\/\\\/jinsuncarbon.com\\\/product\\\/gold-bar-molds\\\/#primaryimage\"},\"thumbnailUrl\":\"https:\\\/\\\/jinsuncarbon.com\\\/wp-content\\\/uploads\\\/2025\\\/01\\\/Gold-Bar-Mold.jpg\",\"datePublished\":\"2025-01-27T02:20:01+00:00\",\"dateModified\":\"2025-01-27T02:21:16+00:00\",\"description\":\"Gold bar molds for sale, Graphite has good high temperature resistance and high thermal conductivity, making it suitable for the melting process of gold.\",\"breadcrumb\":{\"@id\":\"https:\\\/\\\/jinsuncarbon.com\\\/product\\\/gold-bar-molds\\\/#breadcrumb\"},\"inLanguage\":\"it-IT\",\"potentialAction\":[{\"@type\":\"ReadAction\",\"target\":[\"https:\\\/\\\/jinsuncarbon.com\\\/product\\\/gold-bar-molds\\\/\"]}]},{\"@type\":\"ImageObject\",\"inLanguage\":\"it-IT\",\"@id\":\"https:\\\/\\\/jinsuncarbon.com\\\/product\\\/gold-bar-molds\\\/#primaryimage\",\"url\":\"https:\\\/\\\/jinsuncarbon.com\\\/wp-content\\\/uploads\\\/2025\\\/01\\\/Gold-Bar-Mold.jpg\",\"contentUrl\":\"https:\\\/\\\/jinsuncarbon.com\\\/wp-content\\\/uploads\\\/2025\\\/01\\\/Gold-Bar-Mold.jpg\",\"width\":1024,\"height\":763,\"caption\":\"Gold Bar Mold\"},{\"@type\":\"BreadcrumbList\",\"@id\":\"https:\\\/\\\/jinsuncarbon.com\\\/product\\\/gold-bar-molds\\\/#breadcrumb\",\"itemListElement\":[{\"@type\":\"ListItem\",\"position\":1,\"name\":\"Home\",\"item\":\"https:\\\/\\\/jinsuncarbon.com\\\/\"},{\"@type\":\"ListItem\",\"position\":2,\"name\":\"Products\",\"item\":\"https:\\\/\\\/jinsuncarbon.com\\\/graphite-carbon\\\/\"},{\"@type\":\"ListItem\",\"position\":3,\"name\":\"Gold Bar Molds\"}]},{\"@type\":\"WebSite\",\"@id\":\"https:\\\/\\\/jinsuncarbon.com\\\/#website\",\"url\":\"https:\\\/\\\/jinsuncarbon.com\\\/\",\"name\":\"Jinsun Carbon\",\"description\":\"We are the successful graphite electrode manufacturer in China\",\"publisher\":{\"@id\":\"https:\\\/\\\/jinsuncarbon.com\\\/#organization\"},\"potentialAction\":[{\"@type\":\"SearchAction\",\"target\":{\"@type\":\"EntryPoint\",\"urlTemplate\":\"https:\\\/\\\/jinsuncarbon.com\\\/?s={search_term_string}\"},\"query-input\":{\"@type\":\"PropertyValueSpecification\",\"valueRequired\":true,\"valueName\":\"search_term_string\"}}],\"inLanguage\":\"it-IT\"},{\"@type\":\"Organization\",\"@id\":\"https:\\\/\\\/jinsuncarbon.com\\\/#organization\",\"name\":\"Jinsun Carbon\",\"alternateName\":\"Jinsun Carbon\",\"url\":\"https:\\\/\\\/jinsuncarbon.com\\\/\",\"logo\":{\"@type\":\"ImageObject\",\"inLanguage\":\"it-IT\",\"@id\":\"https:\\\/\\\/jinsuncarbon.com\\\/#\\\/schema\\\/logo\\\/image\\\/\",\"url\":\"https:\\\/\\\/jinsuncarbon.com\\\/wp-content\\\/uploads\\\/2022\\\/12\\\/LOGO-1.png\",\"contentUrl\":\"https:\\\/\\\/jinsuncarbon.com\\\/wp-content\\\/uploads\\\/2022\\\/12\\\/LOGO-1.png\",\"width\":207,\"height\":80,\"caption\":\"Jinsun Carbon\"},\"image\":{\"@id\":\"https:\\\/\\\/jinsuncarbon.com\\\/#\\\/schema\\\/logo\\\/image\\\/\"},\"sameAs\":[\"https:\\\/\\\/www.facebook.com\\\/Graphite-Electrode-109336238661595\",\"https:\\\/\\\/x.com\\\/jinsuncarbon_\",\"https:\\\/\\\/www.linkedin.com\\\/in\\\/jinsungraphite\",\"https:\\\/\\\/www.youtube.com\\\/channel\\\/UCysDNyvyR5-3cCWEmpkVC0g\"]}]}<\/script>\n<!-- \/ Yoast SEO Premium plugin. -->","yoast_head_json":{"title":"Stampi per lingotti d'oro Produttore in Cina | Jinsun Carbon","description":"Stampi per lingotti d'oro in vendita, La grafite ha una buona resistenza alle alte temperature e un'elevata conducibilit\u00e0 termica, che la rendono adatta al processo di fusione dell'oro.","robots":{"index":"index","follow":"follow","max-snippet":"max-snippet:-1","max-image-preview":"max-image-preview:large","max-video-preview":"max-video-preview:-1"},"canonical":"https:\/\/jinsuncarbon.com\/it\/prodotto\/stampi-per-lingotti-doro\/","og_locale":"it_IT","og_type":"article","og_title":"Gold Bar Molds","og_description":"Gold bar molds for sale, Graphite has good high temperature resistance and high thermal conductivity, making it suitable for the melting process of gold.","og_url":"https:\/\/jinsuncarbon.com\/it\/prodotto\/stampi-per-lingotti-doro\/","og_site_name":"Jinsun Carbon","article_publisher":"https:\/\/www.facebook.com\/Graphite-Electrode-109336238661595","article_modified_time":"2025-01-27T02:21:16+00:00","og_image":[{"width":1024,"height":763,"url":"https:\/\/jinsuncarbon.com\/wp-content\/uploads\/2025\/01\/Gold-Bar-Mold.jpg","type":"image\/jpeg"}],"twitter_card":"summary_large_image","twitter_site":"@jinsuncarbon_","twitter_misc":{"Tempo di lettura stimato":"3 minuti"},"schema":{"@context":"https:\/\/schema.org","@graph":[{"@type":"WebPage","@id":"https:\/\/jinsuncarbon.com\/product\/gold-bar-molds\/","url":"https:\/\/jinsuncarbon.com\/product\/gold-bar-molds\/","name":"Stampi per lingotti d'oro Produttore in Cina | Jinsun Carbon","isPartOf":{"@id":"https:\/\/jinsuncarbon.com\/#website"},"primaryImageOfPage":{"@id":"https:\/\/jinsuncarbon.com\/product\/gold-bar-molds\/#primaryimage"},"image":{"@id":"https:\/\/jinsuncarbon.com\/product\/gold-bar-molds\/#primaryimage"},"thumbnailUrl":"https:\/\/jinsuncarbon.com\/wp-content\/uploads\/2025\/01\/Gold-Bar-Mold.jpg","datePublished":"2025-01-27T02:20:01+00:00","dateModified":"2025-01-27T02:21:16+00:00","description":"Stampi per lingotti d'oro in vendita, La grafite ha una buona resistenza alle alte temperature e un'elevata conducibilit\u00e0 termica, che la rendono adatta al processo di fusione dell'oro.","breadcrumb":{"@id":"https:\/\/jinsuncarbon.com\/product\/gold-bar-molds\/#breadcrumb"},"inLanguage":"it-IT","potentialAction":[{"@type":"ReadAction","target":["https:\/\/jinsuncarbon.com\/product\/gold-bar-molds\/"]}]},{"@type":"ImageObject","inLanguage":"it-IT","@id":"https:\/\/jinsuncarbon.com\/product\/gold-bar-molds\/#primaryimage","url":"https:\/\/jinsuncarbon.com\/wp-content\/uploads\/2025\/01\/Gold-Bar-Mold.jpg","contentUrl":"https:\/\/jinsuncarbon.com\/wp-content\/uploads\/2025\/01\/Gold-Bar-Mold.jpg","width":1024,"height":763,"caption":"Gold Bar Mold"},{"@type":"BreadcrumbList","@id":"https:\/\/jinsuncarbon.com\/product\/gold-bar-molds\/#breadcrumb","itemListElement":[{"@type":"ListItem","position":1,"name":"Home","item":"https:\/\/jinsuncarbon.com\/"},{"@type":"ListItem","position":2,"name":"Products","item":"https:\/\/jinsuncarbon.com\/graphite-carbon\/"},{"@type":"ListItem","position":3,"name":"Gold Bar Molds"}]},{"@type":"WebSite","@id":"https:\/\/jinsuncarbon.com\/#website","url":"https:\/\/jinsuncarbon.com\/","name":"Jinsun Carbon","description":"Siamo il produttore di elettrodi di grafite di successo in Cina","publisher":{"@id":"https:\/\/jinsuncarbon.com\/#organization"},"potentialAction":[{"@type":"SearchAction","target":{"@type":"EntryPoint","urlTemplate":"https:\/\/jinsuncarbon.com\/?s={search_term_string}"},"query-input":{"@type":"PropertyValueSpecification","valueRequired":true,"valueName":"search_term_string"}}],"inLanguage":"it-IT"},{"@type":"Organization","@id":"https:\/\/jinsuncarbon.com\/#organization","name":"Jinsun Carbon","alternateName":"Jinsun Carbon","url":"https:\/\/jinsuncarbon.com\/","logo":{"@type":"ImageObject","inLanguage":"it-IT","@id":"https:\/\/jinsuncarbon.com\/#\/schema\/logo\/image\/","url":"https:\/\/jinsuncarbon.com\/wp-content\/uploads\/2022\/12\/LOGO-1.png","contentUrl":"https:\/\/jinsuncarbon.com\/wp-content\/uploads\/2022\/12\/LOGO-1.png","width":207,"height":80,"caption":"Jinsun Carbon"},"image":{"@id":"https:\/\/jinsuncarbon.com\/#\/schema\/logo\/image\/"},"sameAs":["https:\/\/www.facebook.com\/Graphite-Electrode-109336238661595","https:\/\/x.com\/jinsuncarbon_","https:\/\/www.linkedin.com\/in\/jinsungraphite","https:\/\/www.youtube.com\/channel\/UCysDNyvyR5-3cCWEmpkVC0g"]}]}},"_links":{"self":[{"href":"https:\/\/jinsuncarbon.com\/it\/wp-json\/wp\/v2\/product\/7453","targetHints":{"allow":["GET"]}}],"collection":[{"href":"https:\/\/jinsuncarbon.com\/it\/wp-json\/wp\/v2\/product"}],"about":[{"href":"https:\/\/jinsuncarbon.com\/it\/wp-json\/wp\/v2\/types\/product"}],"wp:featuredmedia":[{"embeddable":true,"href":"https:\/\/jinsuncarbon.com\/it\/wp-json\/wp\/v2\/media\/7457"}],"wp:attachment":[{"href":"https:\/\/jinsuncarbon.com\/it\/wp-json\/wp\/v2\/media?parent=7453"}],"wp:term":[{"taxonomy":"product_brand","embeddable":true,"href":"https:\/\/jinsuncarbon.com\/it\/wp-json\/wp\/v2\/product_brand?post=7453"},{"taxonomy":"product_cat","embeddable":true,"href":"https:\/\/jinsuncarbon.com\/it\/wp-json\/wp\/v2\/product_cat?post=7453"},{"taxonomy":"product_tag","embeddable":true,"href":"https:\/\/jinsuncarbon.com\/it\/wp-json\/wp\/v2\/product_tag?post=7453"}],"curies":[{"name":"wp","href":"https:\/\/api.w.org\/{rel}","templated":true}]}}