{"id":7375,"date":"2025-01-18T12:58:06","date_gmt":"2025-01-18T12:58:06","guid":{"rendered":"https:\/\/jinsuncarbon.com\/?post_type=product&#038;p=7375"},"modified":"2025-01-18T13:25:02","modified_gmt":"2025-01-18T13:25:02","slug":"stampo-per-sinterizzazione-della-grafite","status":"publish","type":"product","link":"https:\/\/jinsuncarbon.com\/it\/prodotto\/stampo-per-sinterizzazione-della-grafite\/","title":{"rendered":"Stampo per sinterizzazione della grafite"},"content":{"rendered":"<h2 class=\"ql-align-justify\">Stampi per sinterizzazione della grafite<\/h2>\n<p class=\"ql-align-justify\"><span data-type=\"2\" data-index=\"3\" data-gid=\"0\">Lo stampo di sinterizzazione della grafite si presenta principalmente come una variet\u00e0 di forme adattate al pezzo da formare.<\/span>\u00a0Come ad esempio la forma speciale complessa, il cilindro regolare, ecc. E presenta numerosi vantaggi.<\/p>\n<p class=\"ql-align-justify\"><strong>Resistenza alle alte temperature<\/strong><\/p>\n<p class=\"ql-align-justify\">\u00c8 in grado di resistere a temperature estremamente elevate, di solito pu\u00f2 lavorare stabilmente a 1500\u00b0C o a temperature ancora pi\u00f9 elevate. Inoltre, non si deforma n\u00e9 si scioglie a causa delle alte temperature, il che lo rende molto adatto al processo di sinterizzazione ad alta temperatura.<\/p>\n<p class=\"ql-align-justify\"><strong>Stabilit\u00e0 chimica<\/strong><\/p>\n<p class=\"ql-align-justify\">\u00c8 inerte alla maggior parte delle sostanze chimiche e non reagisce chimicamente con il materiale sinterizzato durante il processo di sinterizzazione. Garantisce la purezza e la stabilit\u00e0 qualitativa del prodotto.<\/p>\n<p class=\"ql-align-justify\"><strong>Buona conducibilit\u00e0 termica<\/strong><\/p>\n<p class=\"ql-align-justify\">\u00c8 in grado di trasferire il calore in modo rapido e uniforme, in modo che il materiale sinterizzato venga riscaldato in modo omogeneo. Evita efficacemente i fenomeni di surriscaldamento o sottoraffreddamento locale e migliora la costanza qualitativa dei prodotti sinterizzati.<\/p>\n<p class=\"ql-align-justify\"><strong>Buona lavorabilit\u00e0<\/strong><\/p>\n<p class=\"ql-align-justify\">\u00c8 facile da lavorare meccanicamente. Pu\u00f2 essere trasformato in una variet\u00e0 di forme complesse in base ai diversi requisiti di progettazione, per soddisfare le diverse esigenze di produzione.<\/p>\n<p class=\"ql-align-justify\"><strong>Elevata precisione dimensionale<\/strong><\/p>\n<p class=\"ql-align-justify\">La precisione dimensionale dello stampo di sinterizzazione in grafite lavorato \u00e8 elevata. In questo modo \u00e8 possibile garantire l'accuratezza dimensionale dei prodotti sinterizzati e ridurre il tasso di scarto.<\/p>\n<p class=\"ql-align-justify\"><strong>Lunga durata di vita<\/strong><\/p>\n<p class=\"ql-align-justify\">Grazie alle sue prestazioni stabili e alla struttura robusta, ha una lunga durata in condizioni d'uso normali, riducendo i costi di produzione.<\/p>\n<p>&nbsp;<\/p>\n<h2 class=\"ql-align-justify\">Utilizzi degli stampi di sinterizzazione in grafite<\/h2>\n<p class=\"ql-align-justify\"><strong>Industria della metallurgia delle polveri:<\/strong><\/p>\n<p class=\"ql-align-justify\">\u00c8 possibile utilizzare <span data-type=\"2\" data-index=\"3\" data-gid=\"0\">stampo per sinterizzazione della grafite <\/span>per la produzione di vari <a href=\"https:\/\/en.wikipedia.org\/wiki\/Powder_metallurgy\" target=\"_blank\" rel=\"noopener\">metallurgia delle polveri<\/a> parti di ricambio, come parti meccaniche, ricambi auto, parti aerospaziali e cos\u00ec via. <span class=\"\" data-type=\"2\" data-index=\"5\" data-gid=\"1\">Collocando le polveri metalliche in stampi di sinterizzazione in grafite e densificandole ad alte temperature, si ottengono prodotti con forme, precisione dimensionale e propriet\u00e0 meccaniche specifiche.<\/span><\/p>\n<p>&nbsp;<\/p>\n<p class=\"ql-align-justify\"><strong>Produzione di componenti elettronici:<\/strong><\/p>\n<p class=\"ql-align-justify\">Pu\u00f2 essere utilizzato per produrre substrati ceramici e materiali magnetici nei componenti elettronici. Nel processo di produzione dei componenti elettronici, pu\u00f2 garantire la precisione dimensionale e la stabilit\u00e0 delle prestazioni dei prodotti. Inoltre, soddisfa i requisiti dell'industria elettronica per i prodotti di alta precisione.<\/p>\n<p>&nbsp;<\/p>\n<p class=\"ql-align-justify\"><strong><span data-type=\"2\" data-index=\"7\" data-gid=\"2\">Industria manifatturiera della ceramica:<\/span><\/strong><\/p>\n<p class=\"ql-align-justify\"><span data-type=\"2\" data-index=\"9\" data-gid=\"2\">Gli stampi per la sinterizzazione della grafite sono<\/span><strong>\u00a0<\/strong><span class=\"\" data-type=\"2\" data-index=\"11\" data-gid=\"2\">ampiamente utilizzato nella sinterizzazione di prodotti ceramici.<\/span>\u00a0Ad esempio, con una buona conducibilit\u00e0 termica, pu\u00f2 controllare con precisione la microstruttura, migliorare l'isolamento e l'affidabilit\u00e0 elettrica del substrato ceramico elettronico. Pu\u00f2 aiutare i materiali ceramici a raggiungere la densificazione ad alte temperature e a migliorare la resistenza e le prestazioni dei prodotti ceramici.<\/p>\n<p>&nbsp;<\/p>\n<p class=\"ql-align-justify\"><strong>Produzione di carburo cementato:<\/strong><\/p>\n<p class=\"ql-align-justify\">Lo stampaggio per sinterizzazione del carburo cementato \u00e8 inseparabile dallo stampo per sinterizzazione della grafite. La sinterizzazione della polvere di carburo cementato ad alta temperatura nello stampo di sinterizzazione della grafite <a href=\"https:\/\/jinsuncarbon.com\/it\/prodotto\/stampo-in-grafite\/\">stampo<\/a>Si formano cos\u00ec prodotti in carburo cementato di elevata durezza e resistenza. Possono essere ampiamente utilizzati negli utensili da taglio, negli utensili da miniera e in altri campi.<\/p>\n<p>&nbsp;<\/p>\n<p class=\"ql-align-justify\"><strong>Lavorazione di altri materiali ad alta temperatura:<\/strong><\/p>\n<p class=\"ql-align-justify\">Anche per lo sviluppo e la produzione di alcuni nuovi materiali ad alta temperatura svolge un ruolo importante. Pu\u00f2 fornire un supporto affidabile per lo stampaggio e l'ottimizzazione delle prestazioni di questi materiali ad alte temperature.<\/p>\n<p>&nbsp;<\/p>\n<p><strong>Produzione di utensili diamantati<\/strong><\/p>\n<p>Gli stampi di sinterizzazione in grafite sono utilizzati nel processo di produzione degli utensili diamantati. Sono elementi di riscaldamento e svolgono anche il ruolo di supporto dello stampo. I materiali di grafite hanno una piccola porosit\u00e0, una struttura densa e una forte resistenza all'ossidazione, che garantiscono la precisione dimensionale e la forma degli utensili diamantati.<\/p>","protected":false},"excerpt":{"rendered":"<p class=\"ql-align-justify\">Lo stampo di sinterizzazione in grafite \u00e8 un tipo di stampo realizzato con materiali di grafite di elevata purezza. Grazie alle eccellenti caratteristiche della grafite, ha prestazioni eccellenti in vari processi di sinterizzazione ad alta temperatura. Ha un'ampia gamma di applicazioni, come la metallurgia delle polveri, la cottura della ceramica, la produzione di componenti elettronici e altri settori.<\/p>\n<p class=\"ql-align-justify\">Questo stampo pu\u00f2 modellare con precisione la forma di vari materiali per soddisfare le esigenze di alta precisione di diverse produzioni industriali. \u00c8 un componente chiave indispensabile nella moderna produzione industriale.<\/p>","protected":false},"featured_media":7376,"template":"","meta":[],"product_brand":[],"product_cat":[38],"product_tag":[],"class_list":{"0":"post-7375","1":"product","2":"type-product","3":"status-publish","4":"has-post-thumbnail","6":"product_cat-graphite-products","8":"first","9":"instock","10":"shipping-taxable","11":"product-type-simple"},"yoast_head":"<!-- This site is optimized with the Yoast SEO Premium plugin v19.2.1 (Yoast SEO v25.3) - https:\/\/yoast.com\/wordpress\/plugins\/seo\/ -->\n<title>Graphite Sintering Mold Manufacturer in China | Jinsun Carbon<\/title>\n<meta name=\"description\" content=\"Graphite Sintering Mold Manufacturer in China, custom graphite sintering molds are used in powder metallurgy, heat treatment, diamond tool manufacturing processes.\" \/>\n<meta name=\"robots\" content=\"index, follow, max-snippet:-1, max-image-preview:large, max-video-preview:-1\" \/>\n<link rel=\"canonical\" href=\"https:\/\/jinsuncarbon.com\/it\/prodotto\/stampo-per-sinterizzazione-della-grafite\/\" \/>\n<meta property=\"og:locale\" content=\"it_IT\" \/>\n<meta property=\"og:type\" content=\"article\" \/>\n<meta property=\"og:title\" content=\"Graphite Sintering Mold\" \/>\n<meta property=\"og:description\" content=\"Graphite Sintering Mold Manufacturer in China, custom graphite sintering molds are used in powder metallurgy, heat treatment, diamond tool manufacturing processes.\" \/>\n<meta property=\"og:url\" content=\"https:\/\/jinsuncarbon.com\/it\/prodotto\/stampo-per-sinterizzazione-della-grafite\/\" \/>\n<meta property=\"og:site_name\" content=\"Jinsun Carbon\" \/>\n<meta property=\"article:publisher\" content=\"https:\/\/www.facebook.com\/Graphite-Electrode-109336238661595\" \/>\n<meta property=\"article:modified_time\" content=\"2025-01-18T13:25:02+00:00\" \/>\n<meta property=\"og:image\" content=\"https:\/\/jinsuncarbon.com\/wp-content\/uploads\/2025\/01\/Graphite-Sintering-Mold-.jpg\" \/>\n\t<meta property=\"og:image:width\" content=\"1024\" \/>\n\t<meta property=\"og:image:height\" content=\"763\" \/>\n\t<meta property=\"og:image:type\" content=\"image\/jpeg\" \/>\n<meta name=\"twitter:card\" content=\"summary_large_image\" \/>\n<meta name=\"twitter:site\" content=\"@jinsuncarbon_\" \/>\n<meta name=\"twitter:label1\" content=\"Tempo di lettura stimato\" \/>\n\t<meta name=\"twitter:data1\" content=\"3 minuti\" \/>\n<script type=\"application\/ld+json\" class=\"yoast-schema-graph\">{\"@context\":\"https:\/\/schema.org\",\"@graph\":[{\"@type\":\"WebPage\",\"@id\":\"https:\/\/jinsuncarbon.com\/product\/graphite-sintering-mold\/\",\"url\":\"https:\/\/jinsuncarbon.com\/product\/graphite-sintering-mold\/\",\"name\":\"Graphite Sintering Mold Manufacturer in China | Jinsun Carbon\",\"isPartOf\":{\"@id\":\"https:\/\/jinsuncarbon.com\/#website\"},\"primaryImageOfPage\":{\"@id\":\"https:\/\/jinsuncarbon.com\/product\/graphite-sintering-mold\/#primaryimage\"},\"image\":{\"@id\":\"https:\/\/jinsuncarbon.com\/product\/graphite-sintering-mold\/#primaryimage\"},\"thumbnailUrl\":\"https:\/\/jinsuncarbon.com\/wp-content\/uploads\/2025\/01\/Graphite-Sintering-Mold-.jpg\",\"datePublished\":\"2025-01-18T12:58:06+00:00\",\"dateModified\":\"2025-01-18T13:25:02+00:00\",\"description\":\"Graphite Sintering Mold Manufacturer in China, custom graphite sintering molds are used in powder metallurgy, heat treatment, diamond tool manufacturing processes.\",\"breadcrumb\":{\"@id\":\"https:\/\/jinsuncarbon.com\/product\/graphite-sintering-mold\/#breadcrumb\"},\"inLanguage\":\"it-IT\",\"potentialAction\":[{\"@type\":\"ReadAction\",\"target\":[\"https:\/\/jinsuncarbon.com\/product\/graphite-sintering-mold\/\"]}]},{\"@type\":\"ImageObject\",\"inLanguage\":\"it-IT\",\"@id\":\"https:\/\/jinsuncarbon.com\/product\/graphite-sintering-mold\/#primaryimage\",\"url\":\"https:\/\/jinsuncarbon.com\/wp-content\/uploads\/2025\/01\/Graphite-Sintering-Mold-.jpg\",\"contentUrl\":\"https:\/\/jinsuncarbon.com\/wp-content\/uploads\/2025\/01\/Graphite-Sintering-Mold-.jpg\",\"width\":1024,\"height\":763,\"caption\":\"Graphite Sintering Mold\"},{\"@type\":\"BreadcrumbList\",\"@id\":\"https:\/\/jinsuncarbon.com\/product\/graphite-sintering-mold\/#breadcrumb\",\"itemListElement\":[{\"@type\":\"ListItem\",\"position\":1,\"name\":\"Home\",\"item\":\"https:\/\/jinsuncarbon.com\/\"},{\"@type\":\"ListItem\",\"position\":2,\"name\":\"Products\",\"item\":\"https:\/\/jinsuncarbon.com\/graphite-carbon\/\"},{\"@type\":\"ListItem\",\"position\":3,\"name\":\"Graphite Sintering Mold\"}]},{\"@type\":\"WebSite\",\"@id\":\"https:\/\/jinsuncarbon.com\/#website\",\"url\":\"https:\/\/jinsuncarbon.com\/\",\"name\":\"Jinsun Carbon\",\"description\":\"We are the successful graphite electrode manufacturer in China\",\"publisher\":{\"@id\":\"https:\/\/jinsuncarbon.com\/#organization\"},\"potentialAction\":[{\"@type\":\"SearchAction\",\"target\":{\"@type\":\"EntryPoint\",\"urlTemplate\":\"https:\/\/jinsuncarbon.com\/?s={search_term_string}\"},\"query-input\":{\"@type\":\"PropertyValueSpecification\",\"valueRequired\":true,\"valueName\":\"search_term_string\"}}],\"inLanguage\":\"it-IT\"},{\"@type\":\"Organization\",\"@id\":\"https:\/\/jinsuncarbon.com\/#organization\",\"name\":\"Jinsun Carbon\",\"alternateName\":\"Jinsun Carbon\",\"url\":\"https:\/\/jinsuncarbon.com\/\",\"logo\":{\"@type\":\"ImageObject\",\"inLanguage\":\"it-IT\",\"@id\":\"https:\/\/jinsuncarbon.com\/#\/schema\/logo\/image\/\",\"url\":\"https:\/\/jinsuncarbon.com\/wp-content\/uploads\/2022\/12\/LOGO-1.png\",\"contentUrl\":\"https:\/\/jinsuncarbon.com\/wp-content\/uploads\/2022\/12\/LOGO-1.png\",\"width\":207,\"height\":80,\"caption\":\"Jinsun Carbon\"},\"image\":{\"@id\":\"https:\/\/jinsuncarbon.com\/#\/schema\/logo\/image\/\"},\"sameAs\":[\"https:\/\/www.facebook.com\/Graphite-Electrode-109336238661595\",\"https:\/\/x.com\/jinsuncarbon_\",\"https:\/\/www.linkedin.com\/in\/jinsungraphite\",\"https:\/\/www.youtube.com\/channel\/UCysDNyvyR5-3cCWEmpkVC0g\"]}]}<\/script>\n<!-- \/ Yoast SEO Premium plugin. -->","yoast_head_json":{"title":"Stampo per sinterizzazione della grafite Fornitore in Cina | Jinsun Carbon","description":"Stampi di sinterizzazione della grafite Produttore in Cina, gli stampi di sinterizzazione della grafite personalizzati sono utilizzati nella metallurgia delle polveri, nel trattamento termico e nei processi di produzione di utensili diamantati.","robots":{"index":"index","follow":"follow","max-snippet":"max-snippet:-1","max-image-preview":"max-image-preview:large","max-video-preview":"max-video-preview:-1"},"canonical":"https:\/\/jinsuncarbon.com\/it\/prodotto\/stampo-per-sinterizzazione-della-grafite\/","og_locale":"it_IT","og_type":"article","og_title":"Graphite Sintering Mold","og_description":"Graphite Sintering Mold Manufacturer in China, custom graphite sintering molds are used in powder metallurgy, heat treatment, diamond tool manufacturing processes.","og_url":"https:\/\/jinsuncarbon.com\/it\/prodotto\/stampo-per-sinterizzazione-della-grafite\/","og_site_name":"Jinsun Carbon","article_publisher":"https:\/\/www.facebook.com\/Graphite-Electrode-109336238661595","article_modified_time":"2025-01-18T13:25:02+00:00","og_image":[{"width":1024,"height":763,"url":"https:\/\/jinsuncarbon.com\/wp-content\/uploads\/2025\/01\/Graphite-Sintering-Mold-.jpg","type":"image\/jpeg"}],"twitter_card":"summary_large_image","twitter_site":"@jinsuncarbon_","twitter_misc":{"Tempo di lettura stimato":"3 minuti"},"schema":{"@context":"https:\/\/schema.org","@graph":[{"@type":"WebPage","@id":"https:\/\/jinsuncarbon.com\/product\/graphite-sintering-mold\/","url":"https:\/\/jinsuncarbon.com\/product\/graphite-sintering-mold\/","name":"Stampo per sinterizzazione della grafite Fornitore in Cina | Jinsun Carbon","isPartOf":{"@id":"https:\/\/jinsuncarbon.com\/#website"},"primaryImageOfPage":{"@id":"https:\/\/jinsuncarbon.com\/product\/graphite-sintering-mold\/#primaryimage"},"image":{"@id":"https:\/\/jinsuncarbon.com\/product\/graphite-sintering-mold\/#primaryimage"},"thumbnailUrl":"https:\/\/jinsuncarbon.com\/wp-content\/uploads\/2025\/01\/Graphite-Sintering-Mold-.jpg","datePublished":"2025-01-18T12:58:06+00:00","dateModified":"2025-01-18T13:25:02+00:00","description":"Stampi di sinterizzazione della grafite Produttore in Cina, gli stampi di sinterizzazione della grafite personalizzati sono utilizzati nella metallurgia delle polveri, nel trattamento termico e nei processi di produzione di utensili diamantati.","breadcrumb":{"@id":"https:\/\/jinsuncarbon.com\/product\/graphite-sintering-mold\/#breadcrumb"},"inLanguage":"it-IT","potentialAction":[{"@type":"ReadAction","target":["https:\/\/jinsuncarbon.com\/product\/graphite-sintering-mold\/"]}]},{"@type":"ImageObject","inLanguage":"it-IT","@id":"https:\/\/jinsuncarbon.com\/product\/graphite-sintering-mold\/#primaryimage","url":"https:\/\/jinsuncarbon.com\/wp-content\/uploads\/2025\/01\/Graphite-Sintering-Mold-.jpg","contentUrl":"https:\/\/jinsuncarbon.com\/wp-content\/uploads\/2025\/01\/Graphite-Sintering-Mold-.jpg","width":1024,"height":763,"caption":"Graphite Sintering Mold"},{"@type":"BreadcrumbList","@id":"https:\/\/jinsuncarbon.com\/product\/graphite-sintering-mold\/#breadcrumb","itemListElement":[{"@type":"ListItem","position":1,"name":"Home","item":"https:\/\/jinsuncarbon.com\/"},{"@type":"ListItem","position":2,"name":"Products","item":"https:\/\/jinsuncarbon.com\/graphite-carbon\/"},{"@type":"ListItem","position":3,"name":"Graphite Sintering Mold"}]},{"@type":"WebSite","@id":"https:\/\/jinsuncarbon.com\/#website","url":"https:\/\/jinsuncarbon.com\/","name":"Jinsun Carbon","description":"Siamo il produttore di elettrodi di grafite di successo in Cina","publisher":{"@id":"https:\/\/jinsuncarbon.com\/#organization"},"potentialAction":[{"@type":"SearchAction","target":{"@type":"EntryPoint","urlTemplate":"https:\/\/jinsuncarbon.com\/?s={search_term_string}"},"query-input":{"@type":"PropertyValueSpecification","valueRequired":true,"valueName":"search_term_string"}}],"inLanguage":"it-IT"},{"@type":"Organization","@id":"https:\/\/jinsuncarbon.com\/#organization","name":"Jinsun Carbon","alternateName":"Jinsun Carbon","url":"https:\/\/jinsuncarbon.com\/","logo":{"@type":"ImageObject","inLanguage":"it-IT","@id":"https:\/\/jinsuncarbon.com\/#\/schema\/logo\/image\/","url":"https:\/\/jinsuncarbon.com\/wp-content\/uploads\/2022\/12\/LOGO-1.png","contentUrl":"https:\/\/jinsuncarbon.com\/wp-content\/uploads\/2022\/12\/LOGO-1.png","width":207,"height":80,"caption":"Jinsun Carbon"},"image":{"@id":"https:\/\/jinsuncarbon.com\/#\/schema\/logo\/image\/"},"sameAs":["https:\/\/www.facebook.com\/Graphite-Electrode-109336238661595","https:\/\/x.com\/jinsuncarbon_","https:\/\/www.linkedin.com\/in\/jinsungraphite","https:\/\/www.youtube.com\/channel\/UCysDNyvyR5-3cCWEmpkVC0g"]}]}},"_links":{"self":[{"href":"https:\/\/jinsuncarbon.com\/it\/wp-json\/wp\/v2\/product\/7375","targetHints":{"allow":["GET"]}}],"collection":[{"href":"https:\/\/jinsuncarbon.com\/it\/wp-json\/wp\/v2\/product"}],"about":[{"href":"https:\/\/jinsuncarbon.com\/it\/wp-json\/wp\/v2\/types\/product"}],"wp:featuredmedia":[{"embeddable":true,"href":"https:\/\/jinsuncarbon.com\/it\/wp-json\/wp\/v2\/media\/7376"}],"wp:attachment":[{"href":"https:\/\/jinsuncarbon.com\/it\/wp-json\/wp\/v2\/media?parent=7375"}],"wp:term":[{"taxonomy":"product_brand","embeddable":true,"href":"https:\/\/jinsuncarbon.com\/it\/wp-json\/wp\/v2\/product_brand?post=7375"},{"taxonomy":"product_cat","embeddable":true,"href":"https:\/\/jinsuncarbon.com\/it\/wp-json\/wp\/v2\/product_cat?post=7375"},{"taxonomy":"product_tag","embeddable":true,"href":"https:\/\/jinsuncarbon.com\/it\/wp-json\/wp\/v2\/product_tag?post=7375"}],"curies":[{"name":"wp","href":"https:\/\/api.w.org\/{rel}","templated":true}]}}