{"id":7374,"date":"2025-01-23T15:01:34","date_gmt":"2025-01-23T15:01:34","guid":{"rendered":"https:\/\/jinsuncarbon.com\/?post_type=product&#038;p=7374"},"modified":"2025-03-24T05:01:59","modified_gmt":"2025-03-24T05:01:59","slug":"sagger-in-grafite","status":"publish","type":"product","link":"https:\/\/jinsuncarbon.com\/it\/prodotto\/sagger-in-grafite\/","title":{"rendered":"Sagger in grafite"},"content":{"rendered":"<h2>Vantaggi del sagger in grafite<\/h2>\n<h3>Resistenza alle alte temperature<\/h3>\n<p>Una delle qualit\u00e0 pi\u00f9 straordinarie della grafite \u00e8 probabilmente la sua capacit\u00e0 di sopportare temperature estreme. La grafite pu\u00f2 sopportare temperature fino a 3000\u00b0C (5432\u00b0F) senza compromettere la sua robustezza o solidit\u00e0. Questo la rende adatta ad applicazioni ad alte prestazioni come il riscaldamento e la fusione o la sinterizzazione di materiali a temperature estremamente elevate. La grafite mantiene la sua forma in circostanze simili in cui altri materiali potrebbero rompersi o deformarsi, per cui potete sempre essere certi della sicurezza e dell'uniformit\u00e0 dei vostri processi.<\/p>\n<h3>Resistenza chimica<\/h3>\n<p>La grafite \u00e8 chimicamente inattiva, cio\u00e8 non reagisce con le sostanze chimiche pi\u00f9 importanti. Questa qualit\u00e0 \u00e8 particolarmente utile nei settori in cui le sostanze devono affrontare sostanze chimiche aggressive, metalli fusi o gas. Ad esempio, la grafite non reagisce con il metallo fuso o con altri elementi durante il processo di fusione del metallo, proteggendolo cos\u00ec da eventuali contaminazioni. La capacit\u00e0 di resistere alle reazioni chimiche fa s\u00ec che la composizione interna del sagger rimanga intatta e che non si verifichino reazioni secondarie che possano degradare le qualit\u00e0 dei vostri prodotti.<\/p>\n<h3>Superficie antiaderente<\/h3>\n<p>I sagger in grafite hanno anche una superficie antiaderente. A differenza di altri materiali, gli oggetti contenuti nel sagger in grafite non si attaccano alla sua superficie. Questo riduce al minimo il rischio di contaminazione del materiale e facilita la rimozione dal sagger al termine della lavorazione. Ci\u00f2 \u00e8 tanto pi\u00f9 vantaggioso per settori come la ceramica o la lavorazione dei metalli, in cui la pulizia e la facilit\u00e0 di manipolazione sono essenziali.<\/p>\n<h3>Durata<\/h3>\n<p>Pertanto, la grafite \u00e8 un materiale molto resistente e i cestelli in grafite sono di lunga durata e non si usurano facilmente. Riutilizzabili pi\u00f9 volte, non perdono efficienza, diventando cos\u00ec una soluzione conveniente nel tempo. I cestelli in grafite sono in grado di resistere nel tempo e di ridurre al minimo le sostituzioni, poich\u00e9 sono in grado di gestire le sollecitazioni delle alte temperature e degli ambienti difficili.<\/p>\n<h3>Conduttivit\u00e0 termica<\/h3>\n<p><a href=\"https:\/\/jinsuncarbon.com\/it\/prodotto\/grafite-sintetica\/\">Grafite<\/a> \u00e8 un conduttore termico che assicura una distribuzione omogenea del calore sulla superficie del sagger. In questo modo i materiali interni conoscono una temperatura uniforme, fondamentale per processi come la sinterizzazione, la cottura o la produzione di leghe. Ci\u00f2 rende il processo pi\u00f9 efficiente e i prodotti ottenuti di qualit\u00e0 superiore.<\/p>\n<h2>Usi delle forbici in grafite<\/h2>\n<h3>Sinterizzazione del materiale del catodo di litio<\/h3>\n<p>Un'altra importante area di sviluppo per i saggers di grafite \u00e8 la sinterizzazione dei materiali del catodo di litio nella produzione di celle agli ioni di litio. Sinterizzazione: processo che consente di ottenere la struttura finale del materiale catodico unendo le particelle tra loro a temperature molto elevate. Questo processo richiede normalmente la sinterizzazione del materiale catodico. <a href=\"https:\/\/en.wikipedia.org\/wiki\/Cathode\" target=\"_blank\" rel=\"noopener\">catodo<\/a> che i cestelli di grafite forniscono la ritenzione termica e la stabilit\u00e0 chimica necessarie senza ulteriori contaminazioni. I saggers di grafite sono utilizzati per produrre componenti ad alte prestazioni per le batterie agli ioni di litio, essenziali per diversi settori come i veicoli elettrici e l'accumulo di energia rinnovabile.<\/p>\n<h3>Metallurgia di fusione e stampaggio<\/h3>\n<p>Nell'industria metallurgica, i cestelli di grafite sono uno dei componenti pi\u00f9 importanti. Vengono utilizzati per il trattamento termico delle leghe metalliche e per la protezione dei forni, al fine di produrre metalli e leghe di alta qualit\u00e0. Assicurano che il metallo sia riscaldato in modo uniforme e che il processo rimanga controllato, il che \u00e8 importante per sviluppare le propriet\u00e0 richieste del prodotto finale. Dalla fusione alla forgiatura, fino alla legatura, i cestelli in grafite offrono l'affidabilit\u00e0 necessaria per il lavoro in <a href=\"https:\/\/en.wikipedia.org\/wiki\/Metallurgy\" target=\"_blank\" rel=\"noopener\">metallurgia<\/a>.<\/p>\n<h3>Fusione di metalli preziosi e rari:<\/h3>\n<p>Nel processo di fusione di metalli preziosi come l'oro, l'argento, il platino e di metalli rari come il tungsteno, il molibdeno e il tantalio, i sacchi di grafite sono in grado di resistere all'erosione delle alte temperature e dei gas corrosivi per garantire il regolare svolgimento del processo di fusione.<\/p>\n<h3>Elettronica<\/h3>\n<p>Inoltre, le cesoie di grafite sono utilizzate anche nell'industria elettronica per i processi ad alta temperatura. Diversi componenti elettronici, come semiconduttori, condensatori e resistenze, dipendono dal processo di produzione per garantire che siano riscaldati alle giuste temperature. L'esclusivo design dei saggers in grafite consente di creare un'atmosfera controllata, evitando la contaminazione dei componenti sensibili e mantenendone l'integrit\u00e0. Oltre alla sua stabilit\u00e0 chimica, la grafite funge anche da barriera contro le reazioni indesiderate tra saldature, sostanze chimiche e metalli durante il processo di produzione dell'elettronica.<\/p>\n<h3>Produzione di vetro<\/h3>\n<p>I cestelli di grafite sono fondamentali per la produzione del vetro, in quanto proteggono i prodotti in vetro durante i processi di fusione e formatura. <a href=\"https:\/\/jinsuncarbon.com\/it\/proprieta-della-grafite\/\">Grafite<\/a>La resistenza al calore del vetro, insieme alla sua superficie non reattiva, lo rende perfetto anche per i forni in cui il vetro \u00e8 protetto dalla contaminazione. Il sagger mantiene stabile la temperatura del vetro, permettendogli di fondere in modo uniforme e riducendo al minimo difetti come bolle, scolorimento o consistenza irregolare.<\/p>\n<p>&nbsp;<\/p>\n<p class=\"ql-align-justify\">","protected":false},"excerpt":{"rendered":"<p>Il sager di grafite \u00e8 un contenitore per alte temperature realizzato in grafite e progettato per resistere a temperature fino a 800-1200 \u2103. Il suo scopo principale \u00e8 quello di proteggere i materiali dall'esposizione diretta a calore elevato o elementi corrosivi (ad esempio, sinterizzazione o fusione di metalli). Il suo scopo \u00e8 quello di fornire un supporto strutturale e di contribuire a creare un ambiente stabile per i materiali all'interno, evitando danni e consentendo un riscaldamento pi\u00f9 uniforme.<\/p>\n<p>La grafite \u00e8 un ottimo materiale per questo tipo di prodotto grazie alle sue propriet\u00e0 speciali, come la grande resistenza al calore e la stabilit\u00e0 chimica. Il sagger di grafite svolge un ruolo importante nella fase di sinterizzazione ad alta temperatura nella produzione del fosfato di ferro e litio (LFP), ed \u00e8 perfetto per le applicazioni soggette a calore elevato o a reazioni chimiche aggressive.<\/p>","protected":false},"featured_media":7410,"template":"","meta":[],"product_brand":[],"product_cat":[38],"product_tag":[],"class_list":{"0":"post-7374","1":"product","2":"type-product","3":"status-publish","4":"has-post-thumbnail","6":"product_cat-graphite-products","8":"first","9":"instock","10":"shipping-taxable","11":"product-type-simple"},"yoast_head":"<!-- This site is optimized with the Yoast SEO Premium plugin v19.2.1 (Yoast SEO v25.3) - https:\/\/yoast.com\/wordpress\/plugins\/seo\/ -->\n<title>Graphite Sagger Manufacturer in China | Jinsun Carbon<\/title>\n<meta name=\"description\" content=\"Graphite sagger is used for sintering, casting, and molding in high-temperature applications. It often used in the production of lithium batteries.\" \/>\n<meta name=\"robots\" content=\"index, follow, max-snippet:-1, max-image-preview:large, max-video-preview:-1\" \/>\n<link rel=\"canonical\" href=\"https:\/\/jinsuncarbon.com\/it\/prodotto\/sagger-in-grafite\/\" \/>\n<meta property=\"og:locale\" content=\"it_IT\" \/>\n<meta property=\"og:type\" content=\"article\" \/>\n<meta property=\"og:title\" content=\"Graphite Sagger\" \/>\n<meta property=\"og:description\" content=\"Graphite sagger is used for sintering, casting, and molding in high-temperature applications. It often used in the production of lithium batteries.\" \/>\n<meta property=\"og:url\" content=\"https:\/\/jinsuncarbon.com\/it\/prodotto\/sagger-in-grafite\/\" \/>\n<meta property=\"og:site_name\" content=\"Jinsun Carbon\" \/>\n<meta property=\"article:publisher\" content=\"https:\/\/www.facebook.com\/Graphite-Electrode-109336238661595\" \/>\n<meta property=\"article:modified_time\" content=\"2025-03-24T05:01:59+00:00\" \/>\n<meta property=\"og:image\" content=\"https:\/\/jinsuncarbon.com\/wp-content\/uploads\/2025\/01\/Graphite-sagger.jpg\" \/>\n\t<meta property=\"og:image:width\" content=\"1024\" \/>\n\t<meta property=\"og:image:height\" content=\"763\" \/>\n\t<meta property=\"og:image:type\" content=\"image\/jpeg\" \/>\n<meta name=\"twitter:card\" content=\"summary_large_image\" \/>\n<meta name=\"twitter:site\" content=\"@jinsuncarbon_\" \/>\n<meta name=\"twitter:label1\" content=\"Tempo di lettura stimato\" \/>\n\t<meta name=\"twitter:data1\" content=\"4 minuti\" \/>\n<script type=\"application\/ld+json\" class=\"yoast-schema-graph\">{\"@context\":\"https:\/\/schema.org\",\"@graph\":[{\"@type\":\"WebPage\",\"@id\":\"https:\/\/jinsuncarbon.com\/product\/graphite-sagger\/\",\"url\":\"https:\/\/jinsuncarbon.com\/product\/graphite-sagger\/\",\"name\":\"Graphite Sagger Manufacturer in China | Jinsun Carbon\",\"isPartOf\":{\"@id\":\"https:\/\/jinsuncarbon.com\/#website\"},\"primaryImageOfPage\":{\"@id\":\"https:\/\/jinsuncarbon.com\/product\/graphite-sagger\/#primaryimage\"},\"image\":{\"@id\":\"https:\/\/jinsuncarbon.com\/product\/graphite-sagger\/#primaryimage\"},\"thumbnailUrl\":\"https:\/\/jinsuncarbon.com\/wp-content\/uploads\/2025\/01\/Graphite-sagger.jpg\",\"datePublished\":\"2025-01-23T15:01:34+00:00\",\"dateModified\":\"2025-03-24T05:01:59+00:00\",\"description\":\"Graphite sagger is used for sintering, casting, and molding in high-temperature applications. It often used in the production of lithium batteries.\",\"breadcrumb\":{\"@id\":\"https:\/\/jinsuncarbon.com\/product\/graphite-sagger\/#breadcrumb\"},\"inLanguage\":\"it-IT\",\"potentialAction\":[{\"@type\":\"ReadAction\",\"target\":[\"https:\/\/jinsuncarbon.com\/product\/graphite-sagger\/\"]}]},{\"@type\":\"ImageObject\",\"inLanguage\":\"it-IT\",\"@id\":\"https:\/\/jinsuncarbon.com\/product\/graphite-sagger\/#primaryimage\",\"url\":\"https:\/\/jinsuncarbon.com\/wp-content\/uploads\/2025\/01\/Graphite-sagger.jpg\",\"contentUrl\":\"https:\/\/jinsuncarbon.com\/wp-content\/uploads\/2025\/01\/Graphite-sagger.jpg\",\"width\":1024,\"height\":763,\"caption\":\"Graphite sagger\"},{\"@type\":\"BreadcrumbList\",\"@id\":\"https:\/\/jinsuncarbon.com\/product\/graphite-sagger\/#breadcrumb\",\"itemListElement\":[{\"@type\":\"ListItem\",\"position\":1,\"name\":\"Home\",\"item\":\"https:\/\/jinsuncarbon.com\/\"},{\"@type\":\"ListItem\",\"position\":2,\"name\":\"Products\",\"item\":\"https:\/\/jinsuncarbon.com\/graphite-carbon\/\"},{\"@type\":\"ListItem\",\"position\":3,\"name\":\"Graphite Sagger\"}]},{\"@type\":\"WebSite\",\"@id\":\"https:\/\/jinsuncarbon.com\/#website\",\"url\":\"https:\/\/jinsuncarbon.com\/\",\"name\":\"Jinsun Carbon\",\"description\":\"We are the successful graphite electrode manufacturer in China\",\"publisher\":{\"@id\":\"https:\/\/jinsuncarbon.com\/#organization\"},\"potentialAction\":[{\"@type\":\"SearchAction\",\"target\":{\"@type\":\"EntryPoint\",\"urlTemplate\":\"https:\/\/jinsuncarbon.com\/?s={search_term_string}\"},\"query-input\":{\"@type\":\"PropertyValueSpecification\",\"valueRequired\":true,\"valueName\":\"search_term_string\"}}],\"inLanguage\":\"it-IT\"},{\"@type\":\"Organization\",\"@id\":\"https:\/\/jinsuncarbon.com\/#organization\",\"name\":\"Jinsun Carbon\",\"alternateName\":\"Jinsun Carbon\",\"url\":\"https:\/\/jinsuncarbon.com\/\",\"logo\":{\"@type\":\"ImageObject\",\"inLanguage\":\"it-IT\",\"@id\":\"https:\/\/jinsuncarbon.com\/#\/schema\/logo\/image\/\",\"url\":\"https:\/\/jinsuncarbon.com\/wp-content\/uploads\/2022\/12\/LOGO-1.png\",\"contentUrl\":\"https:\/\/jinsuncarbon.com\/wp-content\/uploads\/2022\/12\/LOGO-1.png\",\"width\":207,\"height\":80,\"caption\":\"Jinsun Carbon\"},\"image\":{\"@id\":\"https:\/\/jinsuncarbon.com\/#\/schema\/logo\/image\/\"},\"sameAs\":[\"https:\/\/www.facebook.com\/Graphite-Electrode-109336238661595\",\"https:\/\/x.com\/jinsuncarbon_\",\"https:\/\/www.linkedin.com\/in\/jinsungraphite\",\"https:\/\/www.youtube.com\/channel\/UCysDNyvyR5-3cCWEmpkVC0g\"]}]}<\/script>\n<!-- \/ Yoast SEO Premium plugin. -->","yoast_head_json":{"title":"Sagomatore di grafite Fornitore in Cina | Jinsun Carbon","description":"Il sagger di grafite viene utilizzato per la sinterizzazione, la fusione e lo stampaggio in applicazioni ad alta temperatura. Viene spesso utilizzata nella produzione di batterie al litio.","robots":{"index":"index","follow":"follow","max-snippet":"max-snippet:-1","max-image-preview":"max-image-preview:large","max-video-preview":"max-video-preview:-1"},"canonical":"https:\/\/jinsuncarbon.com\/it\/prodotto\/sagger-in-grafite\/","og_locale":"it_IT","og_type":"article","og_title":"Graphite Sagger","og_description":"Graphite sagger is used for sintering, casting, and molding in high-temperature applications. It often used in the production of lithium batteries.","og_url":"https:\/\/jinsuncarbon.com\/it\/prodotto\/sagger-in-grafite\/","og_site_name":"Jinsun Carbon","article_publisher":"https:\/\/www.facebook.com\/Graphite-Electrode-109336238661595","article_modified_time":"2025-03-24T05:01:59+00:00","og_image":[{"width":1024,"height":763,"url":"https:\/\/jinsuncarbon.com\/wp-content\/uploads\/2025\/01\/Graphite-sagger.jpg","type":"image\/jpeg"}],"twitter_card":"summary_large_image","twitter_site":"@jinsuncarbon_","twitter_misc":{"Tempo di lettura stimato":"4 minuti"},"schema":{"@context":"https:\/\/schema.org","@graph":[{"@type":"WebPage","@id":"https:\/\/jinsuncarbon.com\/product\/graphite-sagger\/","url":"https:\/\/jinsuncarbon.com\/product\/graphite-sagger\/","name":"Sagomatore di grafite Fornitore in Cina | Jinsun Carbon","isPartOf":{"@id":"https:\/\/jinsuncarbon.com\/#website"},"primaryImageOfPage":{"@id":"https:\/\/jinsuncarbon.com\/product\/graphite-sagger\/#primaryimage"},"image":{"@id":"https:\/\/jinsuncarbon.com\/product\/graphite-sagger\/#primaryimage"},"thumbnailUrl":"https:\/\/jinsuncarbon.com\/wp-content\/uploads\/2025\/01\/Graphite-sagger.jpg","datePublished":"2025-01-23T15:01:34+00:00","dateModified":"2025-03-24T05:01:59+00:00","description":"Il sagger di grafite viene utilizzato per la sinterizzazione, la fusione e lo stampaggio in applicazioni ad alta temperatura. Viene spesso utilizzata nella produzione di batterie al litio.","breadcrumb":{"@id":"https:\/\/jinsuncarbon.com\/product\/graphite-sagger\/#breadcrumb"},"inLanguage":"it-IT","potentialAction":[{"@type":"ReadAction","target":["https:\/\/jinsuncarbon.com\/product\/graphite-sagger\/"]}]},{"@type":"ImageObject","inLanguage":"it-IT","@id":"https:\/\/jinsuncarbon.com\/product\/graphite-sagger\/#primaryimage","url":"https:\/\/jinsuncarbon.com\/wp-content\/uploads\/2025\/01\/Graphite-sagger.jpg","contentUrl":"https:\/\/jinsuncarbon.com\/wp-content\/uploads\/2025\/01\/Graphite-sagger.jpg","width":1024,"height":763,"caption":"Graphite sagger"},{"@type":"BreadcrumbList","@id":"https:\/\/jinsuncarbon.com\/product\/graphite-sagger\/#breadcrumb","itemListElement":[{"@type":"ListItem","position":1,"name":"Home","item":"https:\/\/jinsuncarbon.com\/"},{"@type":"ListItem","position":2,"name":"Products","item":"https:\/\/jinsuncarbon.com\/graphite-carbon\/"},{"@type":"ListItem","position":3,"name":"Graphite Sagger"}]},{"@type":"WebSite","@id":"https:\/\/jinsuncarbon.com\/#website","url":"https:\/\/jinsuncarbon.com\/","name":"Jinsun Carbon","description":"Siamo il produttore di elettrodi di grafite di successo in Cina","publisher":{"@id":"https:\/\/jinsuncarbon.com\/#organization"},"potentialAction":[{"@type":"SearchAction","target":{"@type":"EntryPoint","urlTemplate":"https:\/\/jinsuncarbon.com\/?s={search_term_string}"},"query-input":{"@type":"PropertyValueSpecification","valueRequired":true,"valueName":"search_term_string"}}],"inLanguage":"it-IT"},{"@type":"Organization","@id":"https:\/\/jinsuncarbon.com\/#organization","name":"Jinsun Carbon","alternateName":"Jinsun Carbon","url":"https:\/\/jinsuncarbon.com\/","logo":{"@type":"ImageObject","inLanguage":"it-IT","@id":"https:\/\/jinsuncarbon.com\/#\/schema\/logo\/image\/","url":"https:\/\/jinsuncarbon.com\/wp-content\/uploads\/2022\/12\/LOGO-1.png","contentUrl":"https:\/\/jinsuncarbon.com\/wp-content\/uploads\/2022\/12\/LOGO-1.png","width":207,"height":80,"caption":"Jinsun Carbon"},"image":{"@id":"https:\/\/jinsuncarbon.com\/#\/schema\/logo\/image\/"},"sameAs":["https:\/\/www.facebook.com\/Graphite-Electrode-109336238661595","https:\/\/x.com\/jinsuncarbon_","https:\/\/www.linkedin.com\/in\/jinsungraphite","https:\/\/www.youtube.com\/channel\/UCysDNyvyR5-3cCWEmpkVC0g"]}]}},"_links":{"self":[{"href":"https:\/\/jinsuncarbon.com\/it\/wp-json\/wp\/v2\/product\/7374","targetHints":{"allow":["GET"]}}],"collection":[{"href":"https:\/\/jinsuncarbon.com\/it\/wp-json\/wp\/v2\/product"}],"about":[{"href":"https:\/\/jinsuncarbon.com\/it\/wp-json\/wp\/v2\/types\/product"}],"wp:featuredmedia":[{"embeddable":true,"href":"https:\/\/jinsuncarbon.com\/it\/wp-json\/wp\/v2\/media\/7410"}],"wp:attachment":[{"href":"https:\/\/jinsuncarbon.com\/it\/wp-json\/wp\/v2\/media?parent=7374"}],"wp:term":[{"taxonomy":"product_brand","embeddable":true,"href":"https:\/\/jinsuncarbon.com\/it\/wp-json\/wp\/v2\/product_brand?post=7374"},{"taxonomy":"product_cat","embeddable":true,"href":"https:\/\/jinsuncarbon.com\/it\/wp-json\/wp\/v2\/product_cat?post=7374"},{"taxonomy":"product_tag","embeddable":true,"href":"https:\/\/jinsuncarbon.com\/it\/wp-json\/wp\/v2\/product_tag?post=7374"}],"curies":[{"name":"wp","href":"https:\/\/api.w.org\/{rel}","templated":true}]}}