{"id":7335,"date":"2025-01-15T03:22:44","date_gmt":"2025-01-15T03:22:44","guid":{"rendered":"https:\/\/jinsuncarbon.com\/?post_type=product&#038;p=7335"},"modified":"2025-01-15T03:22:44","modified_gmt":"2025-01-15T03:22:44","slug":"scatola-di-grafite","status":"publish","type":"product","link":"https:\/\/jinsuncarbon.com\/it\/prodotto\/scatola-di-grafite\/","title":{"rendered":"Scatola di grafite"},"content":{"rendered":"<h2>Produttore di scatole di grafite<\/h2>\n<p><strong>Vantaggi della scatola di grafite<\/strong><\/p>\n<p>Le scatole di grafite sono solitamente quadrate, rotonde e di altre forme regolari, facili da installare e utilizzare.<\/p>\n<p><strong>Eccellente stabilit\u00e0 termica<\/strong><\/p>\n<p>Pu\u00f2 mantenere la stabilit\u00e0 strutturale in ambienti a temperature estreme, da -200\u00b0C a 1000\u2103 e anche oltre. Inoltre, non si deforma n\u00e9 si danneggia facilmente.<\/p>\n<p><strong>Propriet\u00e0 chimiche estremamente stabili<\/strong><\/p>\n<p>Ha una buona resistenza alla corrosione e quasi non reagisce con le sostanze chimiche comuni, come acidi e basi.<\/p>\n<p><strong>Buona conducibilit\u00e0 elettrica <\/strong><\/p>\n<p>Pu\u00f2 condurre corrente in modo efficiente in alcune scene che prevedono reazioni elettrochimiche.<\/p>\n<p><strong>Elevata resistenza meccanica<\/strong><\/p>\n<p>\u00c8 in grado di resistere alla pressione e all'usura e ha una lunga durata.<\/p>\n<p>&nbsp;<\/p>\n<p>Inoltre, la sua conducibilit\u00e0 termica \u00e8 elevata e consente di trasferire il calore in modo rapido e uniforme. E garantire una distribuzione equilibrata della temperatura nel processo di lavorazione a caldo.<\/p>\n<p>&nbsp;<\/p>\n<h2>Usi della scatola di grafite<\/h2>\n<ul>\n<li>\n<h3>Campo di preparazione dei materiali per le batterie al litio<\/h3>\n<\/li>\n<\/ul>\n<p>&nbsp;<\/p>\n<h4>Sinterizzazione delle batterie al litio ferro fosfato<\/h4>\n<p>La scatola di grafite ha un'eccellente resistenza alle alte temperature, una resistenza stabile a oltre 1000\u2103 e una struttura stabile. Il suo spazio relativamente chiuso pu\u00f2 evitare la miscelazione di impurit\u00e0 e garantire la purezza del materiale. Inoltre, consente al calore di trasferirsi in modo uniforme, in modo che la sinterizzazione sia sufficiente. Ci\u00f2 favorisce la formazione di una struttura cristallina ideale e migliora le prestazioni della batteria.<\/p>\n<p>&nbsp;<\/p>\n<h4>Carbonizzazione ad alta temperatura del materiale dell'elettrodo negativo<\/h4>\n<p>Questo processo viene eseguito a 800-1500 \u2103 e la scatola di grafite pu\u00f2 prevenire l'ossidazione del materiale. Assicura la distribuzione uniforme del calore, aiuta a carbonizzare completamente, forma una struttura di carbonio con buone prestazioni. E gettare le basi per la preparazione dell'elettrodo negativo ad alte prestazioni. <a href=\"https:\/\/www.energy.gov\/energysaver\/articles\/how-lithium-ion-batteries-work\" target=\"_blank\" rel=\"noopener\">batteria al litio<\/a>.<\/p>\n<p>&nbsp;<\/p>\n<h3>Metallurgia:<\/h3>\n<p>Nel processo di fusione dei metalli, si pu\u00f2 spesso utilizzare la scatola di grafite come <a href=\"https:\/\/jinsuncarbon.com\/it\/prodotto\/crogiolo-di-grafite\/\">crogiolo<\/a>. Le sue propriet\u00e0 chimiche sono stabili e possono prevenire reazioni chimiche tra metalli e altre sostanze. Per garantire il regolare svolgimento del processo di fusione dei metalli e assicurare la purezza e la qualit\u00e0 del metallo. Allo stesso tempo, nel processo di purificazione di alcuni metalli speciali, pu\u00f2 anche svolgere un ruolo importante nel contribuire a rimuovere le impurit\u00e0 e migliorare la purezza del metallo.<\/p>\n<p>&nbsp;<\/p>\n<h3>Industria elettronica:<\/h3>\n<p>Nel processo di produzione dei semiconduttori, \u00e8 possibile utilizzare la scatola di grafite nel processo di trattamento termico dei chip. Pu\u00f2 fornire un ambiente stabile ad alta temperatura per il chip e non introdurre impurit\u00e0. Per garantire le prestazioni e l'affidabilit\u00e0 del chip. Inoltre, nel processo di sinterizzazione dei componenti elettronici, \u00e8 possibile utilizzarlo anche come dispositivo di trasporto. Utilizzando le sue buone prestazioni di conduzione del calore, in modo che i componenti elettronici siano riscaldati in modo uniforme e migliorino la qualit\u00e0 della sinterizzazione.<\/p>\n<p>&nbsp;<\/p>\n<h3>Industria chimica:<\/h3>\n<p>Nelle reazioni di sintesi chimica, se la reazione deve essere effettuata in un ambiente ad alta temperatura, alta pressione e corrosivo, \u00e8 possibile utilizzarlo come contenitore di reazione. La sua stabilit\u00e0 chimica e la resistenza alle alte temperature e alle alte pressioni possono resistere efficacemente alla corrosione delle sostanze chimiche. Per garantire la sicurezza e la stabilit\u00e0 della reazione. Allo stesso tempo, nel processo di essiccazione e tostatura di alcuni prodotti chimici, pu\u00f2 anche svolgere un ruolo di aiuto per ottenere operazioni di essiccazione e tostatura efficienti.<\/p>\n<p>&nbsp;<\/p>\n<h3>Altri usi delle scatole di grafite<\/h3>\n<p><strong>Forno per trattamenti termici ad alta temperatura<\/strong><\/p>\n<p>La scatola di grafite pu\u00f2 fornire un ambiente ad alta temperatura relativamente indipendente per gli articoli da trattare. Inoltre, la sua eccellente conducibilit\u00e0 termica aiuta a riscaldare in modo uniforme e a migliorare l'effetto del trattamento.<\/p>\n<p>&nbsp;<\/p>\n<p><strong>Fusione in metallurgia delle polveri<\/strong><\/p>\n<p>Si pu\u00f2 comunemente utilizzare per contenere le materie prime in polvere. Durante il processo di fusione, la scatola di grafite \u00e8 in grado di resistere alle alte temperature e di prevenire l'ossidazione della polvere, favorendo l'ottenimento di fusioni metallurgiche di alta qualit\u00e0.<\/p>","protected":false},"excerpt":{"rendered":"<p>La scatola di grafite \u00e8 un contenitore realizzato con materiale di grafite di elevata purezza. Grazie alle sue propriet\u00e0 fisiche e chimiche uniche, svolge un ruolo importante in molti settori industriali. \u00c8 un materiale altamente performante e affidabile, in grado di soddisfare diverse esigenze produttive.<\/p>\n<p>Nella fusione e nella colata, \u00e8 possibile utilizzare la scatola di grafite come stampo ad alta temperatura per modellare con precisione varie parti metalliche. Nel processo di sinterizzazione delle batterie al litio, fornisce un ambiente di reazione stabile ad alta temperatura per i materiali delle batterie.<\/p>\n<p>Inoltre, \u00e8 possibile personalizzare le dimensioni, la forma e la struttura interna della cartuccia di inchiostro di pietra in base alle caratteristiche del proprio processo e ai requisiti di produzione.<\/p>\n<p>&nbsp;<\/p>","protected":false},"featured_media":7341,"template":"","meta":[],"product_brand":[],"product_cat":[38],"product_tag":[],"class_list":{"0":"post-7335","1":"product","2":"type-product","3":"status-publish","4":"has-post-thumbnail","6":"product_cat-graphite-products","8":"first","9":"instock","10":"shipping-taxable","11":"product-type-simple"},"yoast_head":"<!-- This site is optimized with the Yoast SEO Premium plugin v19.2.1 (Yoast SEO v25.3) - https:\/\/yoast.com\/wordpress\/plugins\/seo\/ -->\n<title>Graphite Box Manufacturer in China | Jinsun Carbon<\/title>\n<meta name=\"description\" content=\"Graphite Box Manufacturer in China, It is used for smelting and casting of non-ferrous metals such as aluminum and copper alloys.\" \/>\n<meta name=\"robots\" content=\"index, follow, max-snippet:-1, max-image-preview:large, max-video-preview:-1\" \/>\n<link rel=\"canonical\" href=\"https:\/\/jinsuncarbon.com\/it\/prodotto\/scatola-di-grafite\/\" \/>\n<meta property=\"og:locale\" content=\"it_IT\" \/>\n<meta property=\"og:type\" content=\"article\" \/>\n<meta property=\"og:title\" content=\"Graphite Box\" \/>\n<meta property=\"og:description\" content=\"Graphite Box Manufacturer in China, It is used for smelting and casting of non-ferrous metals such as aluminum and copper alloys.\" \/>\n<meta property=\"og:url\" content=\"https:\/\/jinsuncarbon.com\/it\/prodotto\/scatola-di-grafite\/\" \/>\n<meta property=\"og:site_name\" content=\"Jinsun Carbon\" \/>\n<meta property=\"article:publisher\" content=\"https:\/\/www.facebook.com\/Graphite-Electrode-109336238661595\" \/>\n<meta property=\"og:image\" content=\"https:\/\/jinsuncarbon.com\/wp-content\/uploads\/2025\/01\/Graphite-box.jpg\" \/>\n\t<meta property=\"og:image:width\" content=\"1024\" \/>\n\t<meta property=\"og:image:height\" content=\"763\" \/>\n\t<meta property=\"og:image:type\" content=\"image\/jpeg\" \/>\n<meta name=\"twitter:card\" content=\"summary_large_image\" \/>\n<meta name=\"twitter:site\" content=\"@jinsuncarbon_\" \/>\n<meta name=\"twitter:label1\" content=\"Tempo di lettura stimato\" \/>\n\t<meta name=\"twitter:data1\" content=\"3 minuti\" \/>\n<script type=\"application\/ld+json\" class=\"yoast-schema-graph\">{\"@context\":\"https:\/\/schema.org\",\"@graph\":[{\"@type\":\"WebPage\",\"@id\":\"https:\/\/jinsuncarbon.com\/product\/graphite-box\/\",\"url\":\"https:\/\/jinsuncarbon.com\/product\/graphite-box\/\",\"name\":\"Graphite Box Manufacturer in China | Jinsun Carbon\",\"isPartOf\":{\"@id\":\"https:\/\/jinsuncarbon.com\/#website\"},\"primaryImageOfPage\":{\"@id\":\"https:\/\/jinsuncarbon.com\/product\/graphite-box\/#primaryimage\"},\"image\":{\"@id\":\"https:\/\/jinsuncarbon.com\/product\/graphite-box\/#primaryimage\"},\"thumbnailUrl\":\"https:\/\/jinsuncarbon.com\/wp-content\/uploads\/2025\/01\/Graphite-box.jpg\",\"datePublished\":\"2025-01-15T03:22:44+00:00\",\"description\":\"Graphite Box Manufacturer in China, It is used for smelting and casting of non-ferrous metals such as aluminum and copper alloys.\",\"breadcrumb\":{\"@id\":\"https:\/\/jinsuncarbon.com\/product\/graphite-box\/#breadcrumb\"},\"inLanguage\":\"it-IT\",\"potentialAction\":[{\"@type\":\"ReadAction\",\"target\":[\"https:\/\/jinsuncarbon.com\/product\/graphite-box\/\"]}]},{\"@type\":\"ImageObject\",\"inLanguage\":\"it-IT\",\"@id\":\"https:\/\/jinsuncarbon.com\/product\/graphite-box\/#primaryimage\",\"url\":\"https:\/\/jinsuncarbon.com\/wp-content\/uploads\/2025\/01\/Graphite-box.jpg\",\"contentUrl\":\"https:\/\/jinsuncarbon.com\/wp-content\/uploads\/2025\/01\/Graphite-box.jpg\",\"width\":1024,\"height\":763,\"caption\":\"Graphite box\"},{\"@type\":\"BreadcrumbList\",\"@id\":\"https:\/\/jinsuncarbon.com\/product\/graphite-box\/#breadcrumb\",\"itemListElement\":[{\"@type\":\"ListItem\",\"position\":1,\"name\":\"Home\",\"item\":\"https:\/\/jinsuncarbon.com\/\"},{\"@type\":\"ListItem\",\"position\":2,\"name\":\"Products\",\"item\":\"https:\/\/jinsuncarbon.com\/graphite-carbon\/\"},{\"@type\":\"ListItem\",\"position\":3,\"name\":\"Graphite Box\"}]},{\"@type\":\"WebSite\",\"@id\":\"https:\/\/jinsuncarbon.com\/#website\",\"url\":\"https:\/\/jinsuncarbon.com\/\",\"name\":\"Jinsun Carbon\",\"description\":\"We are the successful graphite electrode manufacturer in China\",\"publisher\":{\"@id\":\"https:\/\/jinsuncarbon.com\/#organization\"},\"potentialAction\":[{\"@type\":\"SearchAction\",\"target\":{\"@type\":\"EntryPoint\",\"urlTemplate\":\"https:\/\/jinsuncarbon.com\/?s={search_term_string}\"},\"query-input\":{\"@type\":\"PropertyValueSpecification\",\"valueRequired\":true,\"valueName\":\"search_term_string\"}}],\"inLanguage\":\"it-IT\"},{\"@type\":\"Organization\",\"@id\":\"https:\/\/jinsuncarbon.com\/#organization\",\"name\":\"Jinsun Carbon\",\"alternateName\":\"Jinsun Carbon\",\"url\":\"https:\/\/jinsuncarbon.com\/\",\"logo\":{\"@type\":\"ImageObject\",\"inLanguage\":\"it-IT\",\"@id\":\"https:\/\/jinsuncarbon.com\/#\/schema\/logo\/image\/\",\"url\":\"https:\/\/jinsuncarbon.com\/wp-content\/uploads\/2022\/12\/LOGO-1.png\",\"contentUrl\":\"https:\/\/jinsuncarbon.com\/wp-content\/uploads\/2022\/12\/LOGO-1.png\",\"width\":207,\"height\":80,\"caption\":\"Jinsun Carbon\"},\"image\":{\"@id\":\"https:\/\/jinsuncarbon.com\/#\/schema\/logo\/image\/\"},\"sameAs\":[\"https:\/\/www.facebook.com\/Graphite-Electrode-109336238661595\",\"https:\/\/x.com\/jinsuncarbon_\",\"https:\/\/www.linkedin.com\/in\/jinsungraphite\",\"https:\/\/www.youtube.com\/channel\/UCysDNyvyR5-3cCWEmpkVC0g\"]}]}<\/script>\n<!-- \/ Yoast SEO Premium plugin. -->","yoast_head_json":{"title":"Scatola di grafite Produttore in Cina | Jinsun Carbon","description":"Scatola di grafite Produttore in Cina, Viene utilizzato per la fusione e la colata di metalli non ferrosi come leghe di alluminio e rame.","robots":{"index":"index","follow":"follow","max-snippet":"max-snippet:-1","max-image-preview":"max-image-preview:large","max-video-preview":"max-video-preview:-1"},"canonical":"https:\/\/jinsuncarbon.com\/it\/prodotto\/scatola-di-grafite\/","og_locale":"it_IT","og_type":"article","og_title":"Graphite Box","og_description":"Graphite Box Manufacturer in China, It is used for smelting and casting of non-ferrous metals such as aluminum and copper alloys.","og_url":"https:\/\/jinsuncarbon.com\/it\/prodotto\/scatola-di-grafite\/","og_site_name":"Jinsun Carbon","article_publisher":"https:\/\/www.facebook.com\/Graphite-Electrode-109336238661595","og_image":[{"width":1024,"height":763,"url":"https:\/\/jinsuncarbon.com\/wp-content\/uploads\/2025\/01\/Graphite-box.jpg","type":"image\/jpeg"}],"twitter_card":"summary_large_image","twitter_site":"@jinsuncarbon_","twitter_misc":{"Tempo di lettura stimato":"3 minuti"},"schema":{"@context":"https:\/\/schema.org","@graph":[{"@type":"WebPage","@id":"https:\/\/jinsuncarbon.com\/product\/graphite-box\/","url":"https:\/\/jinsuncarbon.com\/product\/graphite-box\/","name":"Scatola di grafite Produttore in Cina | Jinsun Carbon","isPartOf":{"@id":"https:\/\/jinsuncarbon.com\/#website"},"primaryImageOfPage":{"@id":"https:\/\/jinsuncarbon.com\/product\/graphite-box\/#primaryimage"},"image":{"@id":"https:\/\/jinsuncarbon.com\/product\/graphite-box\/#primaryimage"},"thumbnailUrl":"https:\/\/jinsuncarbon.com\/wp-content\/uploads\/2025\/01\/Graphite-box.jpg","datePublished":"2025-01-15T03:22:44+00:00","description":"Scatola di grafite Produttore in Cina, Viene utilizzato per la fusione e la colata di metalli non ferrosi come leghe di alluminio e rame.","breadcrumb":{"@id":"https:\/\/jinsuncarbon.com\/product\/graphite-box\/#breadcrumb"},"inLanguage":"it-IT","potentialAction":[{"@type":"ReadAction","target":["https:\/\/jinsuncarbon.com\/product\/graphite-box\/"]}]},{"@type":"ImageObject","inLanguage":"it-IT","@id":"https:\/\/jinsuncarbon.com\/product\/graphite-box\/#primaryimage","url":"https:\/\/jinsuncarbon.com\/wp-content\/uploads\/2025\/01\/Graphite-box.jpg","contentUrl":"https:\/\/jinsuncarbon.com\/wp-content\/uploads\/2025\/01\/Graphite-box.jpg","width":1024,"height":763,"caption":"Graphite box"},{"@type":"BreadcrumbList","@id":"https:\/\/jinsuncarbon.com\/product\/graphite-box\/#breadcrumb","itemListElement":[{"@type":"ListItem","position":1,"name":"Home","item":"https:\/\/jinsuncarbon.com\/"},{"@type":"ListItem","position":2,"name":"Products","item":"https:\/\/jinsuncarbon.com\/graphite-carbon\/"},{"@type":"ListItem","position":3,"name":"Graphite Box"}]},{"@type":"WebSite","@id":"https:\/\/jinsuncarbon.com\/#website","url":"https:\/\/jinsuncarbon.com\/","name":"Jinsun Carbon","description":"Siamo il produttore di elettrodi di grafite di successo in Cina","publisher":{"@id":"https:\/\/jinsuncarbon.com\/#organization"},"potentialAction":[{"@type":"SearchAction","target":{"@type":"EntryPoint","urlTemplate":"https:\/\/jinsuncarbon.com\/?s={search_term_string}"},"query-input":{"@type":"PropertyValueSpecification","valueRequired":true,"valueName":"search_term_string"}}],"inLanguage":"it-IT"},{"@type":"Organization","@id":"https:\/\/jinsuncarbon.com\/#organization","name":"Jinsun Carbon","alternateName":"Jinsun Carbon","url":"https:\/\/jinsuncarbon.com\/","logo":{"@type":"ImageObject","inLanguage":"it-IT","@id":"https:\/\/jinsuncarbon.com\/#\/schema\/logo\/image\/","url":"https:\/\/jinsuncarbon.com\/wp-content\/uploads\/2022\/12\/LOGO-1.png","contentUrl":"https:\/\/jinsuncarbon.com\/wp-content\/uploads\/2022\/12\/LOGO-1.png","width":207,"height":80,"caption":"Jinsun Carbon"},"image":{"@id":"https:\/\/jinsuncarbon.com\/#\/schema\/logo\/image\/"},"sameAs":["https:\/\/www.facebook.com\/Graphite-Electrode-109336238661595","https:\/\/x.com\/jinsuncarbon_","https:\/\/www.linkedin.com\/in\/jinsungraphite","https:\/\/www.youtube.com\/channel\/UCysDNyvyR5-3cCWEmpkVC0g"]}]}},"_links":{"self":[{"href":"https:\/\/jinsuncarbon.com\/it\/wp-json\/wp\/v2\/product\/7335","targetHints":{"allow":["GET"]}}],"collection":[{"href":"https:\/\/jinsuncarbon.com\/it\/wp-json\/wp\/v2\/product"}],"about":[{"href":"https:\/\/jinsuncarbon.com\/it\/wp-json\/wp\/v2\/types\/product"}],"wp:featuredmedia":[{"embeddable":true,"href":"https:\/\/jinsuncarbon.com\/it\/wp-json\/wp\/v2\/media\/7341"}],"wp:attachment":[{"href":"https:\/\/jinsuncarbon.com\/it\/wp-json\/wp\/v2\/media?parent=7335"}],"wp:term":[{"taxonomy":"product_brand","embeddable":true,"href":"https:\/\/jinsuncarbon.com\/it\/wp-json\/wp\/v2\/product_brand?post=7335"},{"taxonomy":"product_cat","embeddable":true,"href":"https:\/\/jinsuncarbon.com\/it\/wp-json\/wp\/v2\/product_cat?post=7335"},{"taxonomy":"product_tag","embeddable":true,"href":"https:\/\/jinsuncarbon.com\/it\/wp-json\/wp\/v2\/product_tag?post=7335"}],"curies":[{"name":"wp","href":"https:\/\/api.w.org\/{rel}","templated":true}]}}