{"id":7327,"date":"2025-01-14T00:52:47","date_gmt":"2025-01-14T00:52:47","guid":{"rendered":"https:\/\/jinsuncarbon.com\/?post_type=product&#038;p=7327"},"modified":"2025-01-17T20:37:46","modified_gmt":"2025-01-17T20:37:46","slug":"glectrode-in-grafite-da-300-mm","status":"publish","type":"product","link":"https:\/\/jinsuncarbon.com\/it\/prodotto\/glectrode-in-grafite-da-300-mm\/","title":{"rendered":"Elettrodo di grafite da 300 mm"},"content":{"rendered":"<h2 class=\"ql-align-justify\">Elettrodo di grafite da 300 mm Produttore<\/h2>\n<p class=\"ql-align-justify\">I vantaggi dell'elettrodo di grafite da 300 mm sono molto significativi.<\/p>\n<p class=\"ql-align-justify\"><strong>Eccellente conducibilit\u00e0 elettrica<\/strong><\/p>\n<p class=\"ql-align-justify\">\u00c8 in grado di trasferire in modo efficiente la corrente durante il funzionamento sotto tensione, riducendo notevolmente le perdite di potenza. Ci\u00f2 \u00e8 particolarmente importante negli scenari industriali in cui i requisiti di trasmissione della corrente sono severi.<\/p>\n<p class=\"ql-align-justify\"><strong>Eccellente resistenza alle alte temperature<\/strong><\/p>\n<p class=\"ql-align-justify\">Pu\u00f2 resistere a temperature estremamente elevate senza ammorbidirsi, deformarsi o altri problemi. E pu\u00f2 funzionare stabilmente in ambienti ad alta temperatura per lungo tempo.<\/p>\n<p class=\"ql-align-justify\"><strong>Buona stabilit\u00e0 chimica<\/strong><\/p>\n<p class=\"ql-align-justify\">Questo \u00e8 anche un punto di forza dell'elettrodo di grafite da 300 mm, che ha una forte resistenza alla corrosione di varie sostanze chimiche. Anche in ambienti chimici difficili, come acidi e alcali forti, pu\u00f2 mantenere la propria struttura e la stabilit\u00e0 delle prestazioni.<\/p>\n<p class=\"ql-align-justify\"><strong>Elevata resistenza meccanica<\/strong><\/p>\n<p class=\"ql-align-justify\">Non \u00e8 facile da rompere e ha una buona resistenza agli urti. Pu\u00f2 sopportare un certo grado di forza esterna nel processo di funzionamento industriale per garantire la continuit\u00e0 della produzione.<\/p>\n<p class=\"ql-align-justify\">Inoltre, le sue prestazioni di lavorazione sono buone, adatte al taglio, alla foratura e ad altre operazioni di lavorazione in base alle diverse esigenze industriali.<\/p>\n<h2 class=\"ql-align-justify\">Usi degli elettrodi di grafite da 300 mm<\/h2>\n<p class=\"ql-align-justify\">L'elettrodo di grafite da 300 mm ha un'ampia gamma di applicazioni.<\/p>\n<p class=\"ql-align-justify\"><strong>Nell'industria siderurgica<\/strong><\/p>\n<p class=\"ql-align-justify\">\u00c8 il componente principale della produzione di acciaio con forno elettrico ad arco. La potente corrente forma un arco tra le <a href=\"https:\/\/jinsuncarbon.com\/it\/prodotto\/elettrodo-in-grafite-da-600-mm-uhp\/\">elettrodo<\/a> e la carica, rilasciando istantaneamente un enorme calore. Questo fa s\u00ec che la carica si sciolga rapidamente, migliorando notevolmente l'efficienza e la qualit\u00e0 del processo. <a href=\"https:\/\/www.britannica.com\/technology\/steel\/Primary-steelmaking\" target=\"_blank\" rel=\"noopener\">siderurgia<\/a>. Ed \u00e8 un elemento chiave indispensabile della moderna produzione di acciaio.<\/p>\n<p class=\"ql-align-justify\"><strong>Nel campo della fusione dei metalli non ferrosi<\/strong><\/p>\n<p class=\"ql-align-justify\">Come il rame, l'alluminio e altri metalli processo di raffinazione elettrolitica, 300 millimetri elettrodo di grafite come il <a href=\"https:\/\/jinsuncarbon.com\/it\/produzione-di-alluminio-con-anodo-di-carbonio\/\">anodo<\/a>partecipano alla reazione elettrochimica. Promuove la precipitazione regolare degli ioni metallici nel catodo, per ottenere la purificazione e la raffinazione del metallo.<\/p>\n<p class=\"ql-align-justify\"><strong>Nell'industria chimica<\/strong><\/p>\n<p class=\"ql-align-justify\">In molti processi elettrolitici, pu\u00f2 svolgere stabilmente un ruolo nella cella elettrolitica. (Ad esempio, la produzione di cloro, idrogeno e soda caustica mediante elettrolizzazione dell'acqua salata nell'industria dei cloro-alcali. E varie altre reazioni di sintesi elettrolitica). \u00c8 in grado di resistere alla corrosione dell'elettrolita e ai vari influssi della reazione elettrochimica. E garantire un funzionamento efficiente e stabile del processo. <a href=\"https:\/\/www.merriam-webster.com\/dictionary\/electrolytic\" target=\"_blank\" rel=\"noopener\">elettrolitico<\/a> processo.<\/p>\n<p class=\"ql-align-justify\"><strong>In alcune apparecchiature di riscaldamento industriali speciali<\/strong><\/p>\n<p class=\"ql-align-justify\">\u00c8 inoltre possibile utilizzare elettrodi di grafite da 300 mm come elementi riscaldanti. Grazie alla sua buona conducibilit\u00e0 elettrica e alla resistenza alle alte temperature, \u00e8 in grado di generare rapidamente calore stabile dopo la messa in tensione, per soddisfare le esigenze di riscaldamento di specifici processi di produzione industriale.<\/p>\n<h2>Specifiche<\/h2>\n<div class=\"J_module\">\n<div class=\"ife-detail-decorate-table\">\n<table class=\"has-title is-zebra hight-light-first-column all magic-13\">\n<tbody>\n<tr>\n<td colspan=\"3\" rowspan=\"1\">\n<div class=\"magic-14\">\n<div class=\"magic-4\" data-spm-anchor-id=\"0.0.0.i20.40134f05OSVOko\">\u00a0Elettrodo di grafite da 300 mm<\/div>\n<\/div>\n<\/td>\n<\/tr>\n<tr>\n<td colspan=\"1\" rowspan=\"1\">\n<div class=\"magic-18\">Articolo<\/div>\n<\/td>\n<td colspan=\"1\" rowspan=\"1\">\n<div class=\"magic-16\">unit\u00e0<\/div>\n<\/td>\n<td colspan=\"1\" rowspan=\"1\">\n<div class=\"magic-19\">Valore<\/div>\n<\/td>\n<\/tr>\n<tr>\n<td colspan=\"1\" rowspan=\"1\">\n<div class=\"magic-18\">Densit\u00e0 di massa<\/div>\n<\/td>\n<td colspan=\"1\" rowspan=\"1\">\n<div class=\"magic-16\">g\/cm3<\/div>\n<\/td>\n<td colspan=\"1\" rowspan=\"1\">\n<div class=\"magic-19\">1.68-1.72<\/div>\n<\/td>\n<\/tr>\n<tr>\n<td colspan=\"1\" rowspan=\"1\">\n<div class=\"magic-18\">Resistenza specifica<\/div>\n<\/td>\n<td colspan=\"1\" rowspan=\"1\">\n<div class=\"magic-16\">\u03bc\u03a9-m<\/div>\n<\/td>\n<td colspan=\"1\" rowspan=\"1\">\n<div class=\"magic-19\">5.5<\/div>\n<\/td>\n<\/tr>\n<tr>\n<td colspan=\"1\" rowspan=\"1\">\n<div class=\"magic-18\">Resistenza alla flessione<\/div>\n<\/td>\n<td colspan=\"1\" rowspan=\"1\">\n<div class=\"magic-16\">Mpa<\/div>\n<\/td>\n<td colspan=\"1\" rowspan=\"1\">\n<div class=\"magic-19\">10.5-11<\/div>\n<\/td>\n<\/tr>\n<tr>\n<td colspan=\"1\" rowspan=\"1\">\n<div class=\"magic-18\">Contenuto di ceneri<\/div>\n<\/td>\n<td colspan=\"1\" rowspan=\"1\">\n<div class=\"magic-16\">%<\/div>\n<\/td>\n<td colspan=\"1\" rowspan=\"1\">\n<div class=\"magic-19\">0.2-0.3<\/div>\n<\/td>\n<\/tr>\n<tr>\n<td colspan=\"1\" rowspan=\"1\">\n<div class=\"magic-18\">Modulo elastico<\/div>\n<\/td>\n<td colspan=\"1\" rowspan=\"1\">\n<div class=\"magic-16\">Gpa<\/div>\n<\/td>\n<td colspan=\"1\" rowspan=\"1\">\n<div class=\"magic-19\">14<\/div>\n<\/td>\n<\/tr>\n<\/tbody>\n<\/table>\n<\/div>\n<\/div>\n<div class=\"J_module\">\n<div class=\"detail-decorate-json-renderer-container\">\n<div class=\"magic-0\"><\/div>\n<\/div>\n<\/div>","protected":false},"excerpt":{"rendered":"<p class=\"ql-align-justify\">L'elettrodo di grafite da 300 mm \u00e8 un elettrodo cilindrico realizzato con materie prime di grafite di elevata purezza. Grazie alle sue eccellenti propriet\u00e0 fisiche e chimiche, svolge un ruolo chiave in molti collegamenti di produzione industriale. Si tratta di un materiale di alta qualit\u00e0 in grado di soddisfare le esigenze di alta resistenza e gli elevati requisiti delle operazioni industriali.<\/p>\n<p class=\"ql-align-justify\">Nel processo di produzione, la selezione delle materie prime \u00e8 estremamente rigorosa e utilizziamo solo materie prime di grafite di alta qualit\u00e0 ed estremamente pure. Ci\u00f2 fornisce una solida garanzia di qualit\u00e0 del prodotto fin dall'origine. Nel processo di produzione, utilizziamo tecnologie di formatura avanzate, come la pressatura isostatica, ecc. Per garantire che la densit\u00e0 dell'elettrodo sia uniforme e la struttura densa.<\/p>\n<p class=\"ql-align-justify\">","protected":false},"featured_media":7331,"template":"","meta":[],"product_brand":[],"product_cat":[37],"product_tag":[],"class_list":{"0":"post-7327","1":"product","2":"type-product","3":"status-publish","4":"has-post-thumbnail","6":"product_cat-graphite-electrode","8":"first","9":"instock","10":"shipping-taxable","11":"product-type-simple"},"yoast_head":"<!-- This site is optimized with the Yoast SEO Premium plugin v19.2.1 (Yoast SEO v25.3) - https:\/\/yoast.com\/wordpress\/plugins\/seo\/ -->\n<title>300mm Graphite Electrode Manufacturer | Jinsun Carbon<\/title>\n<meta name=\"description\" content=\"300mm Graphite Electrode Manufacturer in China, It is used in the smelting of non-ferrous metals, including refining and crude steelmaking in electric arc furnaces.\" \/>\n<meta name=\"robots\" content=\"index, follow, max-snippet:-1, max-image-preview:large, max-video-preview:-1\" \/>\n<link rel=\"canonical\" href=\"https:\/\/jinsuncarbon.com\/it\/prodotto\/glectrode-in-grafite-da-300-mm\/\" \/>\n<meta property=\"og:locale\" content=\"it_IT\" \/>\n<meta property=\"og:type\" content=\"article\" \/>\n<meta property=\"og:title\" content=\"300mm Graphite Electrode\" \/>\n<meta property=\"og:description\" content=\"300mm Graphite Electrode Manufacturer in China, It is used in the smelting of non-ferrous metals, including refining and crude steelmaking in electric arc furnaces.\" \/>\n<meta property=\"og:url\" content=\"https:\/\/jinsuncarbon.com\/it\/prodotto\/glectrode-in-grafite-da-300-mm\/\" \/>\n<meta property=\"og:site_name\" content=\"Jinsun Carbon\" \/>\n<meta property=\"article:publisher\" content=\"https:\/\/www.facebook.com\/Graphite-Electrode-109336238661595\" \/>\n<meta property=\"article:modified_time\" content=\"2025-01-17T20:37:46+00:00\" \/>\n<meta property=\"og:image\" content=\"https:\/\/jinsuncarbon.com\/wp-content\/uploads\/2025\/01\/300mm-Graphite-Electrode.jpg\" \/>\n\t<meta property=\"og:image:width\" content=\"1024\" \/>\n\t<meta property=\"og:image:height\" content=\"763\" \/>\n\t<meta property=\"og:image:type\" content=\"image\/jpeg\" \/>\n<meta name=\"twitter:card\" content=\"summary_large_image\" \/>\n<meta name=\"twitter:site\" content=\"@jinsuncarbon_\" \/>\n<meta name=\"twitter:label1\" content=\"Tempo di lettura stimato\" \/>\n\t<meta name=\"twitter:data1\" content=\"3 minuti\" \/>\n<script type=\"application\/ld+json\" class=\"yoast-schema-graph\">{\"@context\":\"https:\/\/schema.org\",\"@graph\":[{\"@type\":\"WebPage\",\"@id\":\"https:\/\/jinsuncarbon.com\/product\/300mm-graphite-glectrode\/\",\"url\":\"https:\/\/jinsuncarbon.com\/product\/300mm-graphite-glectrode\/\",\"name\":\"300mm Graphite Electrode Manufacturer | Jinsun Carbon\",\"isPartOf\":{\"@id\":\"https:\/\/jinsuncarbon.com\/#website\"},\"primaryImageOfPage\":{\"@id\":\"https:\/\/jinsuncarbon.com\/product\/300mm-graphite-glectrode\/#primaryimage\"},\"image\":{\"@id\":\"https:\/\/jinsuncarbon.com\/product\/300mm-graphite-glectrode\/#primaryimage\"},\"thumbnailUrl\":\"https:\/\/jinsuncarbon.com\/wp-content\/uploads\/2025\/01\/300mm-Graphite-Electrode.jpg\",\"datePublished\":\"2025-01-14T00:52:47+00:00\",\"dateModified\":\"2025-01-17T20:37:46+00:00\",\"description\":\"300mm Graphite Electrode Manufacturer in China, It is used in the smelting of non-ferrous metals, including refining and crude steelmaking in electric arc furnaces.\",\"breadcrumb\":{\"@id\":\"https:\/\/jinsuncarbon.com\/product\/300mm-graphite-glectrode\/#breadcrumb\"},\"inLanguage\":\"it-IT\",\"potentialAction\":[{\"@type\":\"ReadAction\",\"target\":[\"https:\/\/jinsuncarbon.com\/product\/300mm-graphite-glectrode\/\"]}]},{\"@type\":\"ImageObject\",\"inLanguage\":\"it-IT\",\"@id\":\"https:\/\/jinsuncarbon.com\/product\/300mm-graphite-glectrode\/#primaryimage\",\"url\":\"https:\/\/jinsuncarbon.com\/wp-content\/uploads\/2025\/01\/300mm-Graphite-Electrode.jpg\",\"contentUrl\":\"https:\/\/jinsuncarbon.com\/wp-content\/uploads\/2025\/01\/300mm-Graphite-Electrode.jpg\",\"width\":1024,\"height\":763,\"caption\":\"300mm Graphite Electrode\"},{\"@type\":\"BreadcrumbList\",\"@id\":\"https:\/\/jinsuncarbon.com\/product\/300mm-graphite-glectrode\/#breadcrumb\",\"itemListElement\":[{\"@type\":\"ListItem\",\"position\":1,\"name\":\"Home\",\"item\":\"https:\/\/jinsuncarbon.com\/\"},{\"@type\":\"ListItem\",\"position\":2,\"name\":\"Products\",\"item\":\"https:\/\/jinsuncarbon.com\/graphite-carbon\/\"},{\"@type\":\"ListItem\",\"position\":3,\"name\":\"300mm Graphite Electrode\"}]},{\"@type\":\"WebSite\",\"@id\":\"https:\/\/jinsuncarbon.com\/#website\",\"url\":\"https:\/\/jinsuncarbon.com\/\",\"name\":\"Jinsun Carbon\",\"description\":\"We are the successful graphite electrode manufacturer in China\",\"publisher\":{\"@id\":\"https:\/\/jinsuncarbon.com\/#organization\"},\"potentialAction\":[{\"@type\":\"SearchAction\",\"target\":{\"@type\":\"EntryPoint\",\"urlTemplate\":\"https:\/\/jinsuncarbon.com\/?s={search_term_string}\"},\"query-input\":{\"@type\":\"PropertyValueSpecification\",\"valueRequired\":true,\"valueName\":\"search_term_string\"}}],\"inLanguage\":\"it-IT\"},{\"@type\":\"Organization\",\"@id\":\"https:\/\/jinsuncarbon.com\/#organization\",\"name\":\"Jinsun Carbon\",\"alternateName\":\"Jinsun Carbon\",\"url\":\"https:\/\/jinsuncarbon.com\/\",\"logo\":{\"@type\":\"ImageObject\",\"inLanguage\":\"it-IT\",\"@id\":\"https:\/\/jinsuncarbon.com\/#\/schema\/logo\/image\/\",\"url\":\"https:\/\/jinsuncarbon.com\/wp-content\/uploads\/2022\/12\/LOGO-1.png\",\"contentUrl\":\"https:\/\/jinsuncarbon.com\/wp-content\/uploads\/2022\/12\/LOGO-1.png\",\"width\":207,\"height\":80,\"caption\":\"Jinsun Carbon\"},\"image\":{\"@id\":\"https:\/\/jinsuncarbon.com\/#\/schema\/logo\/image\/\"},\"sameAs\":[\"https:\/\/www.facebook.com\/Graphite-Electrode-109336238661595\",\"https:\/\/x.com\/jinsuncarbon_\",\"https:\/\/www.linkedin.com\/in\/jinsungraphite\",\"https:\/\/www.youtube.com\/channel\/UCysDNyvyR5-3cCWEmpkVC0g\"]}]}<\/script>\n<!-- \/ Yoast SEO Premium plugin. -->","yoast_head_json":{"title":"Elettrodo di grafite da 300 mm Produttore | Jinsun Carbon","description":"Elettrodo di grafite da 300 mm Produttore in Cina, Viene utilizzato nella fusione di metalli non ferrosi, compresa la raffinazione e la siderurgia grezza nei forni elettrici ad arco.","robots":{"index":"index","follow":"follow","max-snippet":"max-snippet:-1","max-image-preview":"max-image-preview:large","max-video-preview":"max-video-preview:-1"},"canonical":"https:\/\/jinsuncarbon.com\/it\/prodotto\/glectrode-in-grafite-da-300-mm\/","og_locale":"it_IT","og_type":"article","og_title":"300mm Graphite Electrode","og_description":"300mm Graphite Electrode Manufacturer in China, It is used in the smelting of non-ferrous metals, including refining and crude steelmaking in electric arc furnaces.","og_url":"https:\/\/jinsuncarbon.com\/it\/prodotto\/glectrode-in-grafite-da-300-mm\/","og_site_name":"Jinsun Carbon","article_publisher":"https:\/\/www.facebook.com\/Graphite-Electrode-109336238661595","article_modified_time":"2025-01-17T20:37:46+00:00","og_image":[{"width":1024,"height":763,"url":"https:\/\/jinsuncarbon.com\/wp-content\/uploads\/2025\/01\/300mm-Graphite-Electrode.jpg","type":"image\/jpeg"}],"twitter_card":"summary_large_image","twitter_site":"@jinsuncarbon_","twitter_misc":{"Tempo di lettura stimato":"3 minuti"},"schema":{"@context":"https:\/\/schema.org","@graph":[{"@type":"WebPage","@id":"https:\/\/jinsuncarbon.com\/product\/300mm-graphite-glectrode\/","url":"https:\/\/jinsuncarbon.com\/product\/300mm-graphite-glectrode\/","name":"Elettrodo di grafite da 300 mm Produttore | Jinsun Carbon","isPartOf":{"@id":"https:\/\/jinsuncarbon.com\/#website"},"primaryImageOfPage":{"@id":"https:\/\/jinsuncarbon.com\/product\/300mm-graphite-glectrode\/#primaryimage"},"image":{"@id":"https:\/\/jinsuncarbon.com\/product\/300mm-graphite-glectrode\/#primaryimage"},"thumbnailUrl":"https:\/\/jinsuncarbon.com\/wp-content\/uploads\/2025\/01\/300mm-Graphite-Electrode.jpg","datePublished":"2025-01-14T00:52:47+00:00","dateModified":"2025-01-17T20:37:46+00:00","description":"Elettrodo di grafite da 300 mm Produttore in Cina, Viene utilizzato nella fusione di metalli non ferrosi, compresa la raffinazione e la siderurgia grezza nei forni elettrici ad arco.","breadcrumb":{"@id":"https:\/\/jinsuncarbon.com\/product\/300mm-graphite-glectrode\/#breadcrumb"},"inLanguage":"it-IT","potentialAction":[{"@type":"ReadAction","target":["https:\/\/jinsuncarbon.com\/product\/300mm-graphite-glectrode\/"]}]},{"@type":"ImageObject","inLanguage":"it-IT","@id":"https:\/\/jinsuncarbon.com\/product\/300mm-graphite-glectrode\/#primaryimage","url":"https:\/\/jinsuncarbon.com\/wp-content\/uploads\/2025\/01\/300mm-Graphite-Electrode.jpg","contentUrl":"https:\/\/jinsuncarbon.com\/wp-content\/uploads\/2025\/01\/300mm-Graphite-Electrode.jpg","width":1024,"height":763,"caption":"300mm Graphite Electrode"},{"@type":"BreadcrumbList","@id":"https:\/\/jinsuncarbon.com\/product\/300mm-graphite-glectrode\/#breadcrumb","itemListElement":[{"@type":"ListItem","position":1,"name":"Home","item":"https:\/\/jinsuncarbon.com\/"},{"@type":"ListItem","position":2,"name":"Products","item":"https:\/\/jinsuncarbon.com\/graphite-carbon\/"},{"@type":"ListItem","position":3,"name":"300mm Graphite Electrode"}]},{"@type":"WebSite","@id":"https:\/\/jinsuncarbon.com\/#website","url":"https:\/\/jinsuncarbon.com\/","name":"Jinsun Carbon","description":"Siamo il produttore di elettrodi di grafite di successo in Cina","publisher":{"@id":"https:\/\/jinsuncarbon.com\/#organization"},"potentialAction":[{"@type":"SearchAction","target":{"@type":"EntryPoint","urlTemplate":"https:\/\/jinsuncarbon.com\/?s={search_term_string}"},"query-input":{"@type":"PropertyValueSpecification","valueRequired":true,"valueName":"search_term_string"}}],"inLanguage":"it-IT"},{"@type":"Organization","@id":"https:\/\/jinsuncarbon.com\/#organization","name":"Jinsun Carbon","alternateName":"Jinsun Carbon","url":"https:\/\/jinsuncarbon.com\/","logo":{"@type":"ImageObject","inLanguage":"it-IT","@id":"https:\/\/jinsuncarbon.com\/#\/schema\/logo\/image\/","url":"https:\/\/jinsuncarbon.com\/wp-content\/uploads\/2022\/12\/LOGO-1.png","contentUrl":"https:\/\/jinsuncarbon.com\/wp-content\/uploads\/2022\/12\/LOGO-1.png","width":207,"height":80,"caption":"Jinsun Carbon"},"image":{"@id":"https:\/\/jinsuncarbon.com\/#\/schema\/logo\/image\/"},"sameAs":["https:\/\/www.facebook.com\/Graphite-Electrode-109336238661595","https:\/\/x.com\/jinsuncarbon_","https:\/\/www.linkedin.com\/in\/jinsungraphite","https:\/\/www.youtube.com\/channel\/UCysDNyvyR5-3cCWEmpkVC0g"]}]}},"_links":{"self":[{"href":"https:\/\/jinsuncarbon.com\/it\/wp-json\/wp\/v2\/product\/7327","targetHints":{"allow":["GET"]}}],"collection":[{"href":"https:\/\/jinsuncarbon.com\/it\/wp-json\/wp\/v2\/product"}],"about":[{"href":"https:\/\/jinsuncarbon.com\/it\/wp-json\/wp\/v2\/types\/product"}],"wp:featuredmedia":[{"embeddable":true,"href":"https:\/\/jinsuncarbon.com\/it\/wp-json\/wp\/v2\/media\/7331"}],"wp:attachment":[{"href":"https:\/\/jinsuncarbon.com\/it\/wp-json\/wp\/v2\/media?parent=7327"}],"wp:term":[{"taxonomy":"product_brand","embeddable":true,"href":"https:\/\/jinsuncarbon.com\/it\/wp-json\/wp\/v2\/product_brand?post=7327"},{"taxonomy":"product_cat","embeddable":true,"href":"https:\/\/jinsuncarbon.com\/it\/wp-json\/wp\/v2\/product_cat?post=7327"},{"taxonomy":"product_tag","embeddable":true,"href":"https:\/\/jinsuncarbon.com\/it\/wp-json\/wp\/v2\/product_tag?post=7327"}],"curies":[{"name":"wp","href":"https:\/\/api.w.org\/{rel}","templated":true}]}}