{"id":7261,"date":"2025-01-07T13:11:32","date_gmt":"2025-01-07T13:11:32","guid":{"rendered":"https:\/\/jinsuncarbon.com\/?post_type=product&#038;p=7261"},"modified":"2025-01-07T13:17:25","modified_gmt":"2025-01-07T13:17:25","slug":"elettrodo-a-piastra-in-grafite","status":"publish","type":"product","link":"https:\/\/jinsuncarbon.com\/it\/prodotto\/elettrodo-a-piastra-in-grafite\/","title":{"rendered":"Elettrodo a piastra di grafite"},"content":{"rendered":"<p class=\"ql-align-justify\">Gli elettrodi a piastra di grafite sono principalmente pezzi sagomati di varie forme, come rettangolo, quadrato o rotondo. A seconda dello scenario applicativo specifico e dei requisiti tecnici, possono soddisfare con precisione le specifiche dimensionali e gli standard di precisione richiesti attraverso il taglio, la rettifica e altri processi di lavorazione.<\/p>\n<h2>Vantaggi dell'elettrodo a piastra in grafite<\/h2>\n<p class=\"ql-align-justify\">L'elettrodo a piastra di grafite ha solitamente una forma regolare. I suoi vantaggi sono molto significativi.<\/p>\n<p class=\"ql-align-justify\"><strong>Con buona conducibilit\u00e0 elettrica<\/strong><\/p>\n<p class=\"ql-align-justify\">\u00c8 in grado di condurre efficacemente la corrente, per garantire il regolare svolgimento del processo elettrochimico.<\/p>\n<p class=\"ql-align-justify\"><strong>Elevata stabilit\u00e0 chimica<\/strong><\/p>\n<p class=\"ql-align-justify\">Pu\u00f2 ancora mantenere la stabilit\u00e0 della struttura e delle prestazioni in ambienti corrosivi come acidi e alcali forti. E non \u00e8 facile da corrodere per reazione chimica.<\/p>\n<p class=\"ql-align-justify\"><strong>Eccellente resistenza alle alte temperature<\/strong><\/p>\n<p class=\"ql-align-justify\">Pu\u00f2 lavorare stabilmente in ambienti ad alta temperatura per lungo tempo, adattandosi a scenari operativi ad alta temperatura come l'elettrolisi e la fusione.<\/p>\n<p class=\"ql-align-justify\"><strong>Elevata resistenza meccanica<\/strong><\/p>\n<p class=\"ql-align-justify\">Pu\u00f2 sopportare una certa pressione e attrito, non \u00e8 facile da rompere e ha una lunga durata.<\/p>\n<p class=\"ql-align-justify\">Inoltre, le sue prestazioni di lavorazione sono buone. In base alle esigenze effettive di taglio, foratura e altre operazioni di lavorazione, \u00e8 facile da installare e utilizzare.<\/p>\n<p class=\"ql-align-justify\">Se desiderate comprendere a fondo le informazioni dettagliate sui parametri di prestazione, come la conduttivit\u00e0 elettrica e la stabilit\u00e0 chimica, vi forniremo una consulenza tecnica professionale e un riferimento accurato dei dati. Inoltre, vi forniremo suggerimenti mirati per la scelta in base alle vostre reali condizioni di utilizzo.<\/p>\n<h2 class=\"ql-align-justify\">Utilizzi dell'elettrodo a piastra di grafite<\/h2>\n<p class=\"ql-align-justify\">L'elettrodo a piastra di grafite ha un'ampia gamma di applicazioni e di seguito sono riportate alcune indicazioni comuni.<\/p>\n<p class=\"ql-align-justify\"><strong>Campo elettrochimico:<\/strong><\/p>\n<p class=\"ql-align-justify\">Nel processo di elettrolisi, l'elettrodo a piastra di grafite funge da anodo o da <a href=\"https:\/\/jinsuncarbon.com\/it\/prodotto\/blocco-catodico\/\">catodo<\/a>, in grado di condurre stabilmente la corrente. Favorisce la migrazione e la reazione degli ioni nella soluzione elettrolitica. Pu\u00f2 essere ampiamente utilizzato nella fusione di metalli non ferrosi, nell'industria dei cloro-alcali e in altri campi. Aiuta a migliorare l'efficienza di <a href=\"https:\/\/en.wikipedia.org\/wiki\/Electrolysis\" target=\"_blank\" rel=\"noopener\">elettrolisi<\/a> e la qualit\u00e0 del prodotto. Le sue caratteristiche di resistenza alle alte temperature e alla corrosione lo rendono in grado di operare a lungo in ambienti elettrolitici difficili.<\/p>\n<p class=\"ql-align-justify\"><strong>Campo batterie:<\/strong><\/p>\n<p class=\"ql-align-justify\">\u00c8 possibile utilizzarlo come materiale per elettrodi di batterie, come ad esempio in alcune batterie speciali ad alta temperatura o in sistemi di batterie ad alta temperatura. <a href=\"https:\/\/jinsuncarbon.com\/it\/prodotto\/elettrodo-di-grafite-di-piccolo-diametro\/\">elettrodo<\/a> requisiti di stabilit\u00e0. La buona conducibilit\u00e0 e la stabilit\u00e0 chimica degli elettrodi a piastra in grafite possono garantire le prestazioni di carica e scarica della batteria. Migliorano la durata del ciclo e l'efficienza di conversione dell'energia della batteria. E fornire una solida base per il funzionamento stabile della batteria.<\/p>\n<p class=\"ql-align-justify\"><strong>Settore del riscaldamento industriale:<\/strong><\/p>\n<p class=\"ql-align-justify\">Grazie alla sua buona conducibilit\u00e0 elettrica e alla resistenza alle alte temperature, \u00e8 possibile utilizzare l'elettrodo a piastra di grafite come elemento riscaldante. Per convertire in modo efficiente l'energia elettrica in energia termica per il riscaldamento di forni industriali, di impianti di riscaldamento ad alta temperatura e di impianti di riscaldamento a bassa temperatura. <a href=\"https:\/\/en.wikipedia.org\/wiki\/Furnace\" target=\"_blank\" rel=\"noopener\">forni<\/a> e altre apparecchiature. \u00c8 in grado di ottenere un riscaldamento rapido e un controllo preciso della temperatura per soddisfare le esigenze dei diversi processi di riscaldamento industriale. Inoltre, la sua stabilit\u00e0 e affidabilit\u00e0 garantiscono un processo di riscaldamento continuo ed efficiente.<\/p>","protected":false},"excerpt":{"rendered":"<p class=\"ql-align-justify\">L'elettrodo a piastra di grafite \u00e8 un elettrodo a piastra realizzato con materiale di grafite di alta qualit\u00e0 mediante un processo speciale. Ha eccellenti caratteristiche di conducibilit\u00e0 elettrica, stabilit\u00e0 chimica e resistenza alle alte temperature. Grazie a queste eccellenti caratteristiche, svolge un ruolo fondamentale in molti settori industriali, in particolare nell'industria elettrochimica. \u00c8 un materiale elettrodico affidabile ed efficiente, in grado di soddisfare le esigenze di una variet\u00e0 di condizioni di lavoro complesse.<\/p>\n<p class=\"ql-align-justify\">","protected":false},"featured_media":7265,"template":"","meta":[],"product_brand":[],"product_cat":[38],"product_tag":[],"class_list":{"0":"post-7261","1":"product","2":"type-product","3":"status-publish","4":"has-post-thumbnail","6":"product_cat-graphite-products","8":"first","9":"instock","10":"shipping-taxable","11":"product-type-simple"},"yoast_head":"<!-- This site is optimized with the Yoast SEO Premium plugin v19.2.1 (Yoast SEO v25.3) - https:\/\/yoast.com\/wordpress\/plugins\/seo\/ -->\n<title>Graphite Plate Electrode Manufacturer in China | Jinsun Carbon<\/title>\n<meta name=\"description\" content=\"Graphite plate electrodes are mainly shaped parts with various shapes such as rectangle, square or round. We supply graphite plate electrode at best price.\" \/>\n<meta name=\"robots\" content=\"index, follow, max-snippet:-1, max-image-preview:large, max-video-preview:-1\" \/>\n<link rel=\"canonical\" href=\"https:\/\/jinsuncarbon.com\/it\/prodotto\/elettrodo-a-piastra-in-grafite\/\" \/>\n<meta property=\"og:locale\" content=\"it_IT\" \/>\n<meta property=\"og:type\" content=\"article\" \/>\n<meta property=\"og:title\" content=\"Graphite Plate Electrode\" \/>\n<meta property=\"og:description\" content=\"Graphite plate electrodes are mainly shaped parts with various shapes such as rectangle, square or round. We supply graphite plate electrode at best price.\" \/>\n<meta property=\"og:url\" content=\"https:\/\/jinsuncarbon.com\/it\/prodotto\/elettrodo-a-piastra-in-grafite\/\" \/>\n<meta property=\"og:site_name\" content=\"Jinsun Carbon\" \/>\n<meta property=\"article:publisher\" content=\"https:\/\/www.facebook.com\/Graphite-Electrode-109336238661595\" \/>\n<meta property=\"article:modified_time\" content=\"2025-01-07T13:17:25+00:00\" \/>\n<meta property=\"og:image\" content=\"https:\/\/jinsuncarbon.com\/wp-content\/uploads\/2025\/01\/Graphite-Plate-Electrode.jpg\" \/>\n\t<meta property=\"og:image:width\" content=\"1024\" \/>\n\t<meta property=\"og:image:height\" content=\"763\" \/>\n\t<meta property=\"og:image:type\" content=\"image\/jpeg\" \/>\n<meta name=\"twitter:card\" content=\"summary_large_image\" \/>\n<meta name=\"twitter:site\" content=\"@jinsuncarbon_\" \/>\n<meta name=\"twitter:label1\" content=\"Tempo di lettura stimato\" \/>\n\t<meta name=\"twitter:data1\" content=\"3 minuti\" \/>\n<script type=\"application\/ld+json\" class=\"yoast-schema-graph\">{\"@context\":\"https:\/\/schema.org\",\"@graph\":[{\"@type\":\"WebPage\",\"@id\":\"https:\/\/jinsuncarbon.com\/product\/graphite-plate-electrode\/\",\"url\":\"https:\/\/jinsuncarbon.com\/product\/graphite-plate-electrode\/\",\"name\":\"Graphite Plate Electrode Manufacturer in China | Jinsun Carbon\",\"isPartOf\":{\"@id\":\"https:\/\/jinsuncarbon.com\/#website\"},\"primaryImageOfPage\":{\"@id\":\"https:\/\/jinsuncarbon.com\/product\/graphite-plate-electrode\/#primaryimage\"},\"image\":{\"@id\":\"https:\/\/jinsuncarbon.com\/product\/graphite-plate-electrode\/#primaryimage\"},\"thumbnailUrl\":\"https:\/\/jinsuncarbon.com\/wp-content\/uploads\/2025\/01\/Graphite-Plate-Electrode.jpg\",\"datePublished\":\"2025-01-07T13:11:32+00:00\",\"dateModified\":\"2025-01-07T13:17:25+00:00\",\"description\":\"Graphite plate electrodes are mainly shaped parts with various shapes such as rectangle, square or round. We supply graphite plate electrode at best price.\",\"breadcrumb\":{\"@id\":\"https:\/\/jinsuncarbon.com\/product\/graphite-plate-electrode\/#breadcrumb\"},\"inLanguage\":\"it-IT\",\"potentialAction\":[{\"@type\":\"ReadAction\",\"target\":[\"https:\/\/jinsuncarbon.com\/product\/graphite-plate-electrode\/\"]}]},{\"@type\":\"ImageObject\",\"inLanguage\":\"it-IT\",\"@id\":\"https:\/\/jinsuncarbon.com\/product\/graphite-plate-electrode\/#primaryimage\",\"url\":\"https:\/\/jinsuncarbon.com\/wp-content\/uploads\/2025\/01\/Graphite-Plate-Electrode.jpg\",\"contentUrl\":\"https:\/\/jinsuncarbon.com\/wp-content\/uploads\/2025\/01\/Graphite-Plate-Electrode.jpg\",\"width\":1024,\"height\":763,\"caption\":\"Graphite Plate Electrode\"},{\"@type\":\"BreadcrumbList\",\"@id\":\"https:\/\/jinsuncarbon.com\/product\/graphite-plate-electrode\/#breadcrumb\",\"itemListElement\":[{\"@type\":\"ListItem\",\"position\":1,\"name\":\"Home\",\"item\":\"https:\/\/jinsuncarbon.com\/\"},{\"@type\":\"ListItem\",\"position\":2,\"name\":\"Products\",\"item\":\"https:\/\/jinsuncarbon.com\/graphite-carbon\/\"},{\"@type\":\"ListItem\",\"position\":3,\"name\":\"Graphite Plate Electrode\"}]},{\"@type\":\"WebSite\",\"@id\":\"https:\/\/jinsuncarbon.com\/#website\",\"url\":\"https:\/\/jinsuncarbon.com\/\",\"name\":\"Jinsun Carbon\",\"description\":\"We are the successful graphite electrode manufacturer in China\",\"publisher\":{\"@id\":\"https:\/\/jinsuncarbon.com\/#organization\"},\"potentialAction\":[{\"@type\":\"SearchAction\",\"target\":{\"@type\":\"EntryPoint\",\"urlTemplate\":\"https:\/\/jinsuncarbon.com\/?s={search_term_string}\"},\"query-input\":{\"@type\":\"PropertyValueSpecification\",\"valueRequired\":true,\"valueName\":\"search_term_string\"}}],\"inLanguage\":\"it-IT\"},{\"@type\":\"Organization\",\"@id\":\"https:\/\/jinsuncarbon.com\/#organization\",\"name\":\"Jinsun Carbon\",\"alternateName\":\"Jinsun Carbon\",\"url\":\"https:\/\/jinsuncarbon.com\/\",\"logo\":{\"@type\":\"ImageObject\",\"inLanguage\":\"it-IT\",\"@id\":\"https:\/\/jinsuncarbon.com\/#\/schema\/logo\/image\/\",\"url\":\"https:\/\/jinsuncarbon.com\/wp-content\/uploads\/2022\/12\/LOGO-1.png\",\"contentUrl\":\"https:\/\/jinsuncarbon.com\/wp-content\/uploads\/2022\/12\/LOGO-1.png\",\"width\":207,\"height\":80,\"caption\":\"Jinsun Carbon\"},\"image\":{\"@id\":\"https:\/\/jinsuncarbon.com\/#\/schema\/logo\/image\/\"},\"sameAs\":[\"https:\/\/www.facebook.com\/Graphite-Electrode-109336238661595\",\"https:\/\/x.com\/jinsuncarbon_\",\"https:\/\/www.linkedin.com\/in\/jinsungraphite\",\"https:\/\/www.youtube.com\/channel\/UCysDNyvyR5-3cCWEmpkVC0g\"]}]}<\/script>\n<!-- \/ Yoast SEO Premium plugin. -->","yoast_head_json":{"title":"Elettrodo a piastra in grafite Produttore in Cina | Jinsun Carbon","description":"Gli elettrodi a piastra di grafite sono principalmente pezzi sagomati con varie forme come rettangolo, quadrato o rotondo. Forniamo elettrodi a piastra di grafite al miglior prezzo.","robots":{"index":"index","follow":"follow","max-snippet":"max-snippet:-1","max-image-preview":"max-image-preview:large","max-video-preview":"max-video-preview:-1"},"canonical":"https:\/\/jinsuncarbon.com\/it\/prodotto\/elettrodo-a-piastra-in-grafite\/","og_locale":"it_IT","og_type":"article","og_title":"Graphite Plate Electrode","og_description":"Graphite plate electrodes are mainly shaped parts with various shapes such as rectangle, square or round. We supply graphite plate electrode at best price.","og_url":"https:\/\/jinsuncarbon.com\/it\/prodotto\/elettrodo-a-piastra-in-grafite\/","og_site_name":"Jinsun Carbon","article_publisher":"https:\/\/www.facebook.com\/Graphite-Electrode-109336238661595","article_modified_time":"2025-01-07T13:17:25+00:00","og_image":[{"width":1024,"height":763,"url":"https:\/\/jinsuncarbon.com\/wp-content\/uploads\/2025\/01\/Graphite-Plate-Electrode.jpg","type":"image\/jpeg"}],"twitter_card":"summary_large_image","twitter_site":"@jinsuncarbon_","twitter_misc":{"Tempo di lettura stimato":"3 minuti"},"schema":{"@context":"https:\/\/schema.org","@graph":[{"@type":"WebPage","@id":"https:\/\/jinsuncarbon.com\/product\/graphite-plate-electrode\/","url":"https:\/\/jinsuncarbon.com\/product\/graphite-plate-electrode\/","name":"Elettrodo a piastra in grafite Produttore in Cina | Jinsun Carbon","isPartOf":{"@id":"https:\/\/jinsuncarbon.com\/#website"},"primaryImageOfPage":{"@id":"https:\/\/jinsuncarbon.com\/product\/graphite-plate-electrode\/#primaryimage"},"image":{"@id":"https:\/\/jinsuncarbon.com\/product\/graphite-plate-electrode\/#primaryimage"},"thumbnailUrl":"https:\/\/jinsuncarbon.com\/wp-content\/uploads\/2025\/01\/Graphite-Plate-Electrode.jpg","datePublished":"2025-01-07T13:11:32+00:00","dateModified":"2025-01-07T13:17:25+00:00","description":"Gli elettrodi a piastra di grafite sono principalmente pezzi sagomati con varie forme come rettangolo, quadrato o rotondo. Forniamo elettrodi a piastra di grafite al miglior prezzo.","breadcrumb":{"@id":"https:\/\/jinsuncarbon.com\/product\/graphite-plate-electrode\/#breadcrumb"},"inLanguage":"it-IT","potentialAction":[{"@type":"ReadAction","target":["https:\/\/jinsuncarbon.com\/product\/graphite-plate-electrode\/"]}]},{"@type":"ImageObject","inLanguage":"it-IT","@id":"https:\/\/jinsuncarbon.com\/product\/graphite-plate-electrode\/#primaryimage","url":"https:\/\/jinsuncarbon.com\/wp-content\/uploads\/2025\/01\/Graphite-Plate-Electrode.jpg","contentUrl":"https:\/\/jinsuncarbon.com\/wp-content\/uploads\/2025\/01\/Graphite-Plate-Electrode.jpg","width":1024,"height":763,"caption":"Graphite Plate Electrode"},{"@type":"BreadcrumbList","@id":"https:\/\/jinsuncarbon.com\/product\/graphite-plate-electrode\/#breadcrumb","itemListElement":[{"@type":"ListItem","position":1,"name":"Home","item":"https:\/\/jinsuncarbon.com\/"},{"@type":"ListItem","position":2,"name":"Products","item":"https:\/\/jinsuncarbon.com\/graphite-carbon\/"},{"@type":"ListItem","position":3,"name":"Graphite Plate Electrode"}]},{"@type":"WebSite","@id":"https:\/\/jinsuncarbon.com\/#website","url":"https:\/\/jinsuncarbon.com\/","name":"Jinsun Carbon","description":"Siamo il produttore di elettrodi di grafite di successo in Cina","publisher":{"@id":"https:\/\/jinsuncarbon.com\/#organization"},"potentialAction":[{"@type":"SearchAction","target":{"@type":"EntryPoint","urlTemplate":"https:\/\/jinsuncarbon.com\/?s={search_term_string}"},"query-input":{"@type":"PropertyValueSpecification","valueRequired":true,"valueName":"search_term_string"}}],"inLanguage":"it-IT"},{"@type":"Organization","@id":"https:\/\/jinsuncarbon.com\/#organization","name":"Jinsun Carbon","alternateName":"Jinsun Carbon","url":"https:\/\/jinsuncarbon.com\/","logo":{"@type":"ImageObject","inLanguage":"it-IT","@id":"https:\/\/jinsuncarbon.com\/#\/schema\/logo\/image\/","url":"https:\/\/jinsuncarbon.com\/wp-content\/uploads\/2022\/12\/LOGO-1.png","contentUrl":"https:\/\/jinsuncarbon.com\/wp-content\/uploads\/2022\/12\/LOGO-1.png","width":207,"height":80,"caption":"Jinsun Carbon"},"image":{"@id":"https:\/\/jinsuncarbon.com\/#\/schema\/logo\/image\/"},"sameAs":["https:\/\/www.facebook.com\/Graphite-Electrode-109336238661595","https:\/\/x.com\/jinsuncarbon_","https:\/\/www.linkedin.com\/in\/jinsungraphite","https:\/\/www.youtube.com\/channel\/UCysDNyvyR5-3cCWEmpkVC0g"]}]}},"_links":{"self":[{"href":"https:\/\/jinsuncarbon.com\/it\/wp-json\/wp\/v2\/product\/7261","targetHints":{"allow":["GET"]}}],"collection":[{"href":"https:\/\/jinsuncarbon.com\/it\/wp-json\/wp\/v2\/product"}],"about":[{"href":"https:\/\/jinsuncarbon.com\/it\/wp-json\/wp\/v2\/types\/product"}],"wp:featuredmedia":[{"embeddable":true,"href":"https:\/\/jinsuncarbon.com\/it\/wp-json\/wp\/v2\/media\/7265"}],"wp:attachment":[{"href":"https:\/\/jinsuncarbon.com\/it\/wp-json\/wp\/v2\/media?parent=7261"}],"wp:term":[{"taxonomy":"product_brand","embeddable":true,"href":"https:\/\/jinsuncarbon.com\/it\/wp-json\/wp\/v2\/product_brand?post=7261"},{"taxonomy":"product_cat","embeddable":true,"href":"https:\/\/jinsuncarbon.com\/it\/wp-json\/wp\/v2\/product_cat?post=7261"},{"taxonomy":"product_tag","embeddable":true,"href":"https:\/\/jinsuncarbon.com\/it\/wp-json\/wp\/v2\/product_tag?post=7261"}],"curies":[{"name":"wp","href":"https:\/\/api.w.org\/{rel}","templated":true}]}}