{"id":7260,"date":"2025-01-07T12:47:57","date_gmt":"2025-01-07T12:47:57","guid":{"rendered":"https:\/\/jinsuncarbon.com\/?post_type=product&#038;p=7260"},"modified":"2025-01-07T12:47:59","modified_gmt":"2025-01-07T12:47:59","slug":"feltro-di-pan-grafite","status":"publish","type":"product","link":"https:\/\/jinsuncarbon.com\/it\/prodotto\/feltro-di-pan-grafite\/","title":{"rendered":"Feltro di grafite Pan"},"content":{"rendered":"<p class=\"ql-align-justify\">Il feltro di pan grafite si presenta solitamente in forma di feltro e presenta molti vantaggi significativi.<\/p>\n<p class=\"ql-align-justify\"><strong>Buona stabilit\u00e0 termica<\/strong><\/p>\n<p class=\"ql-align-justify\">\u00c8 in grado di mantenere la stabilit\u00e0 strutturale in ambienti ad alta temperatura e di sopportare variazioni di temperatura da quella normale a migliaia di gradi Celsius. \u00c8 adatto a scenari operativi ad alta temperatura come il trattamento termico ad alta temperatura, la metallurgia, ecc.<\/p>\n<p class=\"ql-align-justify\"><strong>Forte stabilit\u00e0 chimica<\/strong><\/p>\n<p class=\"ql-align-justify\">Ha una certa tolleranza alla maggior parte degli acidi e delle basi e ad altre sostanze chimiche. \u00c8 possibile utilizzarlo in ambienti chimici difficili senza che si corroda facilmente.<\/p>\n<p class=\"ql-align-justify\"><strong>Alta superficie specifica<\/strong><\/p>\n<p class=\"ql-align-justify\">Per questo motivo presenta potenziali vantaggi nell'adsorbimento, nella catalisi, ecc. e pu\u00f2 fornire pi\u00f9 siti attivi per le reazioni chimiche.<\/p>\n<p class=\"ql-align-justify\"><strong>Buona flessibilit\u00e0<\/strong><\/p>\n<p class=\"ql-align-justify\">\u00c8 in grado di tagliare, piegare e piegare facilmente le operazioni di lavorazione, per adattarsi alle diverse forme e dimensioni delle apparecchiature o alle esigenze dei dispositivi.<\/p>\n<p class=\"ql-align-justify\"><strong>Determinata struttura dei pori<\/strong><\/p>\n<p class=\"ql-align-justify\">Questo favorisce la penetrazione e la diffusione di gas e liquidi. Inoltre, pu\u00f2 svolgere un ruolo unico nelle applicazioni che prevedono la movimentazione di fluidi o il trasporto di materiali. Migliorando ulteriormente il suo valore applicativo e il suo campo di applicazione.<\/p>\n<p class=\"ql-align-justify\">Sebbene la sua conducibilit\u00e0 elettrica sia leggermente inferiore a quella di alcune sostanze di elevata purezza <a href=\"https:\/\/jinsuncarbon.com\/it\/prodotto\/materiale-in-grafite\/\">materiali in grafite<\/a>Ma \u00e8 comunque in grado di soddisfare molte applicazioni che richiedono conduttivit\u00e0 elettrica. E pu\u00f2 ottenere un'efficace trasmissione della carica.<\/p>\n<h2 class=\"ql-align-justify\">Usi del feltro di pan grafite<\/h2>\n<p class=\"ql-align-justify\"><strong>Nuovo campo energetico:<\/strong><\/p>\n<p class=\"ql-align-justify\">Nelle batterie agli ioni di litio, pu\u00f2 essere utilizzato come additivo o scheletro conduttivo per i materiali degli elettrodi. Grazie alla sua buona conducibilit\u00e0 e alla struttura porosa, pu\u00f2 migliorare il tasso di conduzione degli elettroni e l'efficienza di diffusione degli ioni dell'elettrodo. Migliorando cos\u00ec le prestazioni di carica e scarica e la durata del ciclo delle batterie. <a href=\"https:\/\/www.britannica.com\/technology\/battery-electronics#:~:text=battery%2C%20in%20electricity%20and%20electrochemistry,single%20cell%20of%20this%20kind.\" target=\"_blank\" rel=\"noopener\">batteria<\/a>. Fornire soluzioni di accumulo di energia pi\u00f9 efficienti e stabili per veicoli a nuova energia, dispositivi elettronici portatili, ecc. Promuovere lo sviluppo e l'applicazione dell'energia pulita.<\/p>\n<p class=\"ql-align-justify\"><strong>Nel campo della protezione ambientale:<\/strong><\/p>\n<p class=\"ql-align-justify\">Nel trattamento delle acque reflue, pu\u00f2 essere utilizzato come elettrodo per la reazione elettrochimica REDOX. La sua grande superficie specifica e la buona conducibilit\u00e0 elettrica possono favorire la decomposizione e la trasformazione degli inquinanti nell'acqua. E ottenere un trattamento di depurazione delle acque reflue;<\/p>\n<p class=\"ql-align-justify\">Allo stesso tempo, nel controllo dell'inquinamento atmosferico, pu\u00f2 essere utilizzato anche per assorbire alcuni gas nocivi. Grazie alla struttura dei pori e alla stabilit\u00e0 chimica, pu\u00f2 rimuovere efficacemente gli inquinanti presenti nell'aria, contribuendo al miglioramento della qualit\u00e0 ambientale. E contribuire al raggiungimento degli obiettivi di sviluppo sostenibile.<\/p>\n<p class=\"ql-align-justify\"><strong>Settore manifatturiero industriale:<\/strong><\/p>\n<p class=\"ql-align-justify\">Nell'industria metallurgica, come quella dell'acciaio e dei metalli non ferrosi, pu\u00f2 essere utilizzato come materiale di rivestimento o di isolamento termico per le alte temperature. <a href=\"https:\/\/en.wikipedia.org\/wiki\/Furnace_(central_heating)\" target=\"_blank\" rel=\"noopener\">forno<\/a>. Utilizzando le sue propriet\u00e0 di resistenza alle alte temperature e di isolamento termico per ridurre le perdite di calore e migliorare l'efficienza energetica. Proteggendo la struttura del forno e prolungando la vita utile delle apparecchiature;<\/p>\n<p class=\"ql-align-justify\">Nella produzione chimica, pu\u00f2 essere utilizzato come supporto per il catalizzatore. Grazie alla ricchezza di siti attivi e alla stabilit\u00e0 chimica, migliora l'attivit\u00e0 e la selettivit\u00e0 del catalizzatore. Ottimizza il processo di reazione chimica, riduce i costi di produzione, migliora la qualit\u00e0 del prodotto e l'efficienza produttiva. E aumentare la competitivit\u00e0 industriale.<\/p>","protected":false},"excerpt":{"rendered":"<p>Il feltro di grafite Pan \u00e8 un tipo di feltro di grafite preparato attraverso una serie di processi complessi, come la carbonizzazione ad alta temperatura con il poliacrilonitrile come precursore. Eredita alcune delle eccellenti caratteristiche della grafite. E grazie all'esclusivo processo di preparazione ha formato le proprie caratteristiche strutturali. Con un'elevata resistenza, una buona flessibilit\u00e0 e una buona conducibilit\u00e0 elettrica, ecc, in molti campi mostra ampie prospettive di applicazione. \u00c8 un materiale funzionale con prestazioni eccellenti, in grado di far fronte a una variet\u00e0 di condizioni complesse di utilizzo e di requisiti di processo.<\/p>","protected":false},"featured_media":7263,"template":"","meta":[],"product_brand":[],"product_cat":[38],"product_tag":[],"class_list":{"0":"post-7260","1":"product","2":"type-product","3":"status-publish","4":"has-post-thumbnail","6":"product_cat-graphite-products","8":"first","9":"instock","10":"shipping-taxable","11":"product-type-simple"},"yoast_head":"<!-- This site is optimized with the Yoast SEO Premium plugin v19.2.1 (Yoast SEO v25.3) - https:\/\/yoast.com\/wordpress\/plugins\/seo\/ -->\n<title>Pan Graphite Felt Manufacturer in China | Jinsun Carbon<\/title>\n<meta name=\"description\" content=\"Pan Graphite Felt for sale at good price, for your furnace insulation materials and components, heat shields and radiators, welding and battery.\" \/>\n<meta name=\"robots\" content=\"index, follow, max-snippet:-1, max-image-preview:large, max-video-preview:-1\" \/>\n<link rel=\"canonical\" href=\"https:\/\/jinsuncarbon.com\/it\/prodotto\/feltro-di-pan-grafite\/\" \/>\n<meta property=\"og:locale\" content=\"it_IT\" \/>\n<meta property=\"og:type\" content=\"article\" \/>\n<meta property=\"og:title\" content=\"Pan Graphite Felt\" \/>\n<meta property=\"og:description\" content=\"Pan Graphite Felt for sale at good price, for your furnace insulation materials and components, heat shields and radiators, welding and battery.\" \/>\n<meta property=\"og:url\" content=\"https:\/\/jinsuncarbon.com\/it\/prodotto\/feltro-di-pan-grafite\/\" \/>\n<meta property=\"og:site_name\" content=\"Jinsun Carbon\" \/>\n<meta property=\"article:publisher\" content=\"https:\/\/www.facebook.com\/Graphite-Electrode-109336238661595\" \/>\n<meta property=\"article:modified_time\" content=\"2025-01-07T12:47:59+00:00\" \/>\n<meta property=\"og:image\" content=\"https:\/\/jinsuncarbon.com\/wp-content\/uploads\/2025\/01\/Pan-Graphite-Felt.jpg\" \/>\n\t<meta property=\"og:image:width\" content=\"1024\" \/>\n\t<meta property=\"og:image:height\" content=\"763\" \/>\n\t<meta property=\"og:image:type\" content=\"image\/jpeg\" \/>\n<meta name=\"twitter:card\" content=\"summary_large_image\" \/>\n<meta name=\"twitter:site\" content=\"@jinsuncarbon_\" \/>\n<meta name=\"twitter:label1\" content=\"Tempo di lettura stimato\" \/>\n\t<meta name=\"twitter:data1\" content=\"3 minuti\" \/>\n<script type=\"application\/ld+json\" class=\"yoast-schema-graph\">{\"@context\":\"https:\/\/schema.org\",\"@graph\":[{\"@type\":\"WebPage\",\"@id\":\"https:\/\/jinsuncarbon.com\/product\/pan-graphite-felt\/\",\"url\":\"https:\/\/jinsuncarbon.com\/product\/pan-graphite-felt\/\",\"name\":\"Pan Graphite Felt Manufacturer in China | Jinsun Carbon\",\"isPartOf\":{\"@id\":\"https:\/\/jinsuncarbon.com\/#website\"},\"primaryImageOfPage\":{\"@id\":\"https:\/\/jinsuncarbon.com\/product\/pan-graphite-felt\/#primaryimage\"},\"image\":{\"@id\":\"https:\/\/jinsuncarbon.com\/product\/pan-graphite-felt\/#primaryimage\"},\"thumbnailUrl\":\"https:\/\/jinsuncarbon.com\/wp-content\/uploads\/2025\/01\/Pan-Graphite-Felt.jpg\",\"datePublished\":\"2025-01-07T12:47:57+00:00\",\"dateModified\":\"2025-01-07T12:47:59+00:00\",\"description\":\"Pan Graphite Felt for sale at good price, for your furnace insulation materials and components, heat shields and radiators, welding and battery.\",\"breadcrumb\":{\"@id\":\"https:\/\/jinsuncarbon.com\/product\/pan-graphite-felt\/#breadcrumb\"},\"inLanguage\":\"it-IT\",\"potentialAction\":[{\"@type\":\"ReadAction\",\"target\":[\"https:\/\/jinsuncarbon.com\/product\/pan-graphite-felt\/\"]}]},{\"@type\":\"ImageObject\",\"inLanguage\":\"it-IT\",\"@id\":\"https:\/\/jinsuncarbon.com\/product\/pan-graphite-felt\/#primaryimage\",\"url\":\"https:\/\/jinsuncarbon.com\/wp-content\/uploads\/2025\/01\/Pan-Graphite-Felt.jpg\",\"contentUrl\":\"https:\/\/jinsuncarbon.com\/wp-content\/uploads\/2025\/01\/Pan-Graphite-Felt.jpg\",\"width\":1024,\"height\":763,\"caption\":\"Pan Graphite Felt\"},{\"@type\":\"BreadcrumbList\",\"@id\":\"https:\/\/jinsuncarbon.com\/product\/pan-graphite-felt\/#breadcrumb\",\"itemListElement\":[{\"@type\":\"ListItem\",\"position\":1,\"name\":\"Home\",\"item\":\"https:\/\/jinsuncarbon.com\/\"},{\"@type\":\"ListItem\",\"position\":2,\"name\":\"Products\",\"item\":\"https:\/\/jinsuncarbon.com\/graphite-carbon\/\"},{\"@type\":\"ListItem\",\"position\":3,\"name\":\"Pan Graphite Felt\"}]},{\"@type\":\"WebSite\",\"@id\":\"https:\/\/jinsuncarbon.com\/#website\",\"url\":\"https:\/\/jinsuncarbon.com\/\",\"name\":\"Jinsun Carbon\",\"description\":\"We are the successful graphite electrode manufacturer in China\",\"publisher\":{\"@id\":\"https:\/\/jinsuncarbon.com\/#organization\"},\"potentialAction\":[{\"@type\":\"SearchAction\",\"target\":{\"@type\":\"EntryPoint\",\"urlTemplate\":\"https:\/\/jinsuncarbon.com\/?s={search_term_string}\"},\"query-input\":{\"@type\":\"PropertyValueSpecification\",\"valueRequired\":true,\"valueName\":\"search_term_string\"}}],\"inLanguage\":\"it-IT\"},{\"@type\":\"Organization\",\"@id\":\"https:\/\/jinsuncarbon.com\/#organization\",\"name\":\"Jinsun Carbon\",\"alternateName\":\"Jinsun Carbon\",\"url\":\"https:\/\/jinsuncarbon.com\/\",\"logo\":{\"@type\":\"ImageObject\",\"inLanguage\":\"it-IT\",\"@id\":\"https:\/\/jinsuncarbon.com\/#\/schema\/logo\/image\/\",\"url\":\"https:\/\/jinsuncarbon.com\/wp-content\/uploads\/2022\/12\/LOGO-1.png\",\"contentUrl\":\"https:\/\/jinsuncarbon.com\/wp-content\/uploads\/2022\/12\/LOGO-1.png\",\"width\":207,\"height\":80,\"caption\":\"Jinsun Carbon\"},\"image\":{\"@id\":\"https:\/\/jinsuncarbon.com\/#\/schema\/logo\/image\/\"},\"sameAs\":[\"https:\/\/www.facebook.com\/Graphite-Electrode-109336238661595\",\"https:\/\/x.com\/jinsuncarbon_\",\"https:\/\/www.linkedin.com\/in\/jinsungraphite\",\"https:\/\/www.youtube.com\/channel\/UCysDNyvyR5-3cCWEmpkVC0g\"]}]}<\/script>\n<!-- \/ Yoast SEO Premium plugin. -->","yoast_head_json":{"title":"Feltro di grafite Pan Produttore in Cina | Jinsun Carbon","description":"Feltro di grafite Pan in vendita a buon prezzo, per i materiali isolanti e i componenti del forno, gli scudi termici e i radiatori, la saldatura e la batteria.","robots":{"index":"index","follow":"follow","max-snippet":"max-snippet:-1","max-image-preview":"max-image-preview:large","max-video-preview":"max-video-preview:-1"},"canonical":"https:\/\/jinsuncarbon.com\/it\/prodotto\/feltro-di-pan-grafite\/","og_locale":"it_IT","og_type":"article","og_title":"Pan Graphite Felt","og_description":"Pan Graphite Felt for sale at good price, for your furnace insulation materials and components, heat shields and radiators, welding and battery.","og_url":"https:\/\/jinsuncarbon.com\/it\/prodotto\/feltro-di-pan-grafite\/","og_site_name":"Jinsun Carbon","article_publisher":"https:\/\/www.facebook.com\/Graphite-Electrode-109336238661595","article_modified_time":"2025-01-07T12:47:59+00:00","og_image":[{"width":1024,"height":763,"url":"https:\/\/jinsuncarbon.com\/wp-content\/uploads\/2025\/01\/Pan-Graphite-Felt.jpg","type":"image\/jpeg"}],"twitter_card":"summary_large_image","twitter_site":"@jinsuncarbon_","twitter_misc":{"Tempo di lettura stimato":"3 minuti"},"schema":{"@context":"https:\/\/schema.org","@graph":[{"@type":"WebPage","@id":"https:\/\/jinsuncarbon.com\/product\/pan-graphite-felt\/","url":"https:\/\/jinsuncarbon.com\/product\/pan-graphite-felt\/","name":"Feltro di grafite Pan Produttore in Cina | Jinsun Carbon","isPartOf":{"@id":"https:\/\/jinsuncarbon.com\/#website"},"primaryImageOfPage":{"@id":"https:\/\/jinsuncarbon.com\/product\/pan-graphite-felt\/#primaryimage"},"image":{"@id":"https:\/\/jinsuncarbon.com\/product\/pan-graphite-felt\/#primaryimage"},"thumbnailUrl":"https:\/\/jinsuncarbon.com\/wp-content\/uploads\/2025\/01\/Pan-Graphite-Felt.jpg","datePublished":"2025-01-07T12:47:57+00:00","dateModified":"2025-01-07T12:47:59+00:00","description":"Feltro di grafite Pan in vendita a buon prezzo, per i materiali isolanti e i componenti del forno, gli scudi termici e i radiatori, la saldatura e la batteria.","breadcrumb":{"@id":"https:\/\/jinsuncarbon.com\/product\/pan-graphite-felt\/#breadcrumb"},"inLanguage":"it-IT","potentialAction":[{"@type":"ReadAction","target":["https:\/\/jinsuncarbon.com\/product\/pan-graphite-felt\/"]}]},{"@type":"ImageObject","inLanguage":"it-IT","@id":"https:\/\/jinsuncarbon.com\/product\/pan-graphite-felt\/#primaryimage","url":"https:\/\/jinsuncarbon.com\/wp-content\/uploads\/2025\/01\/Pan-Graphite-Felt.jpg","contentUrl":"https:\/\/jinsuncarbon.com\/wp-content\/uploads\/2025\/01\/Pan-Graphite-Felt.jpg","width":1024,"height":763,"caption":"Pan Graphite Felt"},{"@type":"BreadcrumbList","@id":"https:\/\/jinsuncarbon.com\/product\/pan-graphite-felt\/#breadcrumb","itemListElement":[{"@type":"ListItem","position":1,"name":"Home","item":"https:\/\/jinsuncarbon.com\/"},{"@type":"ListItem","position":2,"name":"Products","item":"https:\/\/jinsuncarbon.com\/graphite-carbon\/"},{"@type":"ListItem","position":3,"name":"Pan Graphite Felt"}]},{"@type":"WebSite","@id":"https:\/\/jinsuncarbon.com\/#website","url":"https:\/\/jinsuncarbon.com\/","name":"Jinsun Carbon","description":"Siamo il produttore di elettrodi di grafite di successo in Cina","publisher":{"@id":"https:\/\/jinsuncarbon.com\/#organization"},"potentialAction":[{"@type":"SearchAction","target":{"@type":"EntryPoint","urlTemplate":"https:\/\/jinsuncarbon.com\/?s={search_term_string}"},"query-input":{"@type":"PropertyValueSpecification","valueRequired":true,"valueName":"search_term_string"}}],"inLanguage":"it-IT"},{"@type":"Organization","@id":"https:\/\/jinsuncarbon.com\/#organization","name":"Jinsun Carbon","alternateName":"Jinsun Carbon","url":"https:\/\/jinsuncarbon.com\/","logo":{"@type":"ImageObject","inLanguage":"it-IT","@id":"https:\/\/jinsuncarbon.com\/#\/schema\/logo\/image\/","url":"https:\/\/jinsuncarbon.com\/wp-content\/uploads\/2022\/12\/LOGO-1.png","contentUrl":"https:\/\/jinsuncarbon.com\/wp-content\/uploads\/2022\/12\/LOGO-1.png","width":207,"height":80,"caption":"Jinsun Carbon"},"image":{"@id":"https:\/\/jinsuncarbon.com\/#\/schema\/logo\/image\/"},"sameAs":["https:\/\/www.facebook.com\/Graphite-Electrode-109336238661595","https:\/\/x.com\/jinsuncarbon_","https:\/\/www.linkedin.com\/in\/jinsungraphite","https:\/\/www.youtube.com\/channel\/UCysDNyvyR5-3cCWEmpkVC0g"]}]}},"_links":{"self":[{"href":"https:\/\/jinsuncarbon.com\/it\/wp-json\/wp\/v2\/product\/7260","targetHints":{"allow":["GET"]}}],"collection":[{"href":"https:\/\/jinsuncarbon.com\/it\/wp-json\/wp\/v2\/product"}],"about":[{"href":"https:\/\/jinsuncarbon.com\/it\/wp-json\/wp\/v2\/types\/product"}],"wp:featuredmedia":[{"embeddable":true,"href":"https:\/\/jinsuncarbon.com\/it\/wp-json\/wp\/v2\/media\/7263"}],"wp:attachment":[{"href":"https:\/\/jinsuncarbon.com\/it\/wp-json\/wp\/v2\/media?parent=7260"}],"wp:term":[{"taxonomy":"product_brand","embeddable":true,"href":"https:\/\/jinsuncarbon.com\/it\/wp-json\/wp\/v2\/product_brand?post=7260"},{"taxonomy":"product_cat","embeddable":true,"href":"https:\/\/jinsuncarbon.com\/it\/wp-json\/wp\/v2\/product_cat?post=7260"},{"taxonomy":"product_tag","embeddable":true,"href":"https:\/\/jinsuncarbon.com\/it\/wp-json\/wp\/v2\/product_tag?post=7260"}],"curies":[{"name":"wp","href":"https:\/\/api.w.org\/{rel}","templated":true}]}}