{"id":7251,"date":"2025-01-06T12:38:15","date_gmt":"2025-01-06T12:38:15","guid":{"rendered":"https:\/\/jinsuncarbon.com\/?post_type=product&#038;p=7251"},"modified":"2025-01-17T20:46:07","modified_gmt":"2025-01-17T20:46:07","slug":"blocco-di-grafite-isostatica","status":"publish","type":"product","link":"https:\/\/jinsuncarbon.com\/it\/prodotto\/blocco-di-grafite-isostatica\/","title":{"rendered":"Blocco di grafite isostatico"},"content":{"rendered":"<h2 class=\"ql-align-justify\">Blocchi di grafite isostatici<\/h2>\n<p class=\"ql-align-justify\">Il blocco di grafite isostatica \u00e8 eccezionale nella conduzione elettrica. La conducibilit\u00e0 elettrica \u00e8 adatta alle applicazioni di potenza. <span class=\"\" data-type=\"2\" data-index=\"9\" data-gid=\"1\">Mantiene prestazioni stabili anche a temperature superiori a 3000\u00b0C.<\/span>\u00a0Questo materiale mantiene inoltre la resistenza e non si deforma a temperature cos\u00ec elevate.<\/p>\n<ul>\n<li class=\"ql-align-justify\">Resistenza chimica<\/li>\n<\/ul>\n<p class=\"ql-align-justify\">Questo tipo di blocco di grafite isostatica pu\u00f2 sopportare l'erosione di acidi, basi e ossidanti forti. Pertanto, pu\u00f2 essere utilizzato per reattori chimici, condutture e altre applicazioni in circostanze estreme.<\/p>\n<ul>\n<li class=\"ql-align-justify\">Alta resistenza<\/li>\n<\/ul>\n<p class=\"ql-align-justify\">I blocchi di grafite isostatici hanno un'elevata resistenza alla trazione e una bassa densit\u00e0. I blocchi di grafite isostatica riducono il consumo energetico nelle applicazioni di trasporto e aerospaziali. Questo materiale \u00e8 forte ma leggero. Pu\u00f2 sostenere carichi pesanti mantenendo l'efficienza strutturale.<\/p>\n<ul>\n<li class=\"ql-align-justify\">Isotropia eccellente<\/li>\n<\/ul>\n<p class=\"ql-align-justify\">La grafite isostatica ha un valore di isotropia compreso tra 1,0 e 1,1. Le propriet\u00e0 uniformi in tutte le direzioni la rendono adatta ad applicazioni di precisione.<\/p>\n<ul>\n<li class=\"ql-align-justify\">Grandi dimensioni e struttura fine<\/li>\n<\/ul>\n<p class=\"ql-align-justify\">I materiali in blocchi di grafite isostatici hanno caratteristiche di grande dimensione e struttura. La pressatura isostatica consente di mantenere una densit\u00e0 uniforme e di ridurre al minimo i rischi di fessurazione; inoltre, \u00e8 possibile lavorare forme complicate.<\/p>\n<ul>\n<li class=\"ql-align-justify\">Omogeneit\u00e0 elevata<\/li>\n<\/ul>\n<p class=\"ql-align-justify\">La struttura del materiale presenta un'elevata uniformit\u00e0. La pressione in ogni direzione all'interno di un blocco di grafite isostatica \u00e8 uniforme, in modo che la densit\u00e0 di volume, la resistivit\u00e0 e la resistenza del blocco di grafite isostatica possano mantenersi unanimi.<\/p>\n<h3 class=\"ql-align-justify\">Classificazione della grafite isostatica<\/h3>\n<p class=\"ql-align-justify\">Esistono due tipi di classificazione della grafite isostatica, che includono la classificazione in base alla forma e alle materie prime. Per quanto riguarda la classificazione in base alla forma, i tipi sono grafite isostatica circolare e grafite isostatica rettangolare. Secondo la classificazione in base alle materie prime, pu\u00f2 essere suddivisa in grafite isostatica da coke d'asfalto e grafite isostatica da coke di petrolio.<\/p>\n<h2 class=\"ql-align-justify\">Processo di fusione dei blocchi di grafite isostatica<\/h2>\n<p class=\"ql-align-justify\">Materie prime<\/p>\n<p class=\"ql-align-justify\">Le materie prime per i blocchi di grafite isostatica sono coke di petrolio, coke di pece e microsfere di carbonio mesofasico. Il coke di petrolio viene aggiunto per la grafitizzazione. Il coke di pece serve ad aumentare la resistenza. La pece di catrame di carbone ha la funzione di legare questi materiali in una pasta appiccicosa.<\/p>\n<p class=\"ql-align-justify\">Miscelazione e impastamento<\/p>\n<p class=\"ql-align-justify\">Miscelare la polvere di grafite con un legante in una certa proporzione. Lo scopo del processo di miscelazione \u00e8 solo quello di garantire l'uniformit\u00e0 del materiale prima della calandratura e della macinazione.<\/p>\n<p class=\"ql-align-justify\">Stampaggio<\/p>\n<p class=\"ql-align-justify\">La pressatura isostatica a freddo pu\u00f2 essere utilizzata per lo stampaggio preciso della grafite. Tale processo potrebbe migliorare la lavorazione dei prodotti di grafite con un'elevata precisione e ridurre i difetti dei prodotti che si verificano durante i processi.<\/p>\n<p class=\"ql-align-justify\">Grafitizzazione<\/p>\n<p class=\"ql-align-justify\">Questa fase trasforma il carbonio in grafite a temperature superiori a 1800\u00b0C. Questo processo controllato migliora anche l'elevata conduttivit\u00e0 elettrica e la stabilit\u00e0 del materiale.<\/p>\n<p class=\"ql-align-justify\">Applicazione della colata<\/p>\n<p class=\"ql-align-justify\">In primo luogo, il metallo viene riscaldato fino al punto di fusione per formare un liquido; quindi si inietta il metallo liquido nello stampo di grafite. Infine, si attende che il metallo si raffreddi e si solidifichi, quindi si estraggono i pezzi stampati. I blocchi di grafite isostatici hanno eccellenti prestazioni ad alta temperatura. Pertanto, durante il processo di colata, si riduce la reazione chimica dei metalli e la reazione avversa del materiale durante il processo di colata.<\/p>\n<h2 class=\"ql-align-justify\">Blocco isostatico di grafite Applicazioni<\/h2>\n<h3 class=\"ql-align-justify\">Riscaldatori per la crescita e la fusione del silicio<\/h3>\n<p class=\"ql-align-justify\">I blocchi di grafite pressati isostaticamente sono utilizzati nella produzione di silicio monocristallino e multicristallino CZ. Viene utilizzata anche per crogioli, riscaldatori, elettrodi e schermi isolanti. I riscaldatori in grafite sono in grado di resistere a temperature estremamente elevate, che consentono alle celle fotovoltaiche di crescere e fondere il silicio.<\/p>\n<h3 class=\"ql-align-justify\">Industria nucleare<\/h3>\n<p class=\"ql-align-justify\">Perch\u00e9 la grafite <a href=\"https:\/\/www.britannica.com\/dictionary\/moderate\" target=\"_blank\" rel=\"noopener\">moderati<\/a> neutroni e riflette il calore nei reattori raffreddati a gas ad alta temperatura. I blocchi di grafite isostatici resistono alle sollecitazioni meccaniche. Questo materiale \u00e8 anche uno dei pi\u00f9 resistenti per le pareti rivolte verso il plasma nei sistemi nucleari.<\/p>\n<h3 class=\"ql-align-justify\">Lavorazione a scarica elettrica<\/h3>\n<p class=\"ql-align-justify\">Gli elettrodi di grafite funzionano bene in elettroerosione e possono lavorare con precisione stampi e pezzi di precisione. L'eccellente conduttivit\u00e0 della grafite produce scariche stabili nell'elettroerosione, garantendo l'efficienza e l'accuratezza della lavorazione. Gli elettrodi di grafite hanno una buona durata durante le scariche ad alta temperatura, il che prolunga la vita utile del prodotto.<\/p>\n<h3 class=\"ql-align-justify\">Stampi per colata di metalli non ferrosi<\/h3>\n<p class=\"ql-align-justify\">Grafite isostatica <a href=\"https:\/\/jinsuncarbon.com\/it\/come-realizzare-uno-stampo-in-grafite\/\">stampi<\/a> sono indispensabili nella colata continua di metalli non ferrosi quali <a href=\"https:\/\/en.wikipedia.org\/wiki\/Copper\" target=\"_blank\" rel=\"noopener\">rame<\/a>alluminio, zinco, ecc. Le propriet\u00e0 del materiale di stabilit\u00e0 termica e autolubrificazione rendono agevole la produzione di blocchi di grafite isostatica.<\/p>\n<h2 class=\"ql-align-justify\">Perch\u00e9 scegliere i nostri blocchi di grafite isostatica?<\/h2>\n<p class=\"ql-align-justify\">I nostri blocchi di grafite isostatica sono caratterizzati da grande conducibilit\u00e0 elettrica, resistenza termica, stabilit\u00e0 chimica, struttura fine, elevata resistenza e purezza che soddisfano le richieste dell'industria fotovoltaica, dei macchinari e dell'energia nucleare. Questi blocchi di grafite isostatica sono molto resistenti e convenienti per ridurre le spese operative. Offriamo prezzi competitivi, rendendo i nostri blocchi di grafite isostatica una scelta adeguata per le loro varie applicazioni.<\/p>","protected":false},"excerpt":{"rendered":"<p><span class=\"\" data-type=\"2\" data-index=\"3\" data-gid=\"0\">I blocchi di grafite isostatica sono un tipo di materiale di grafite formato con la tecnologia della pressatura isostatica.<\/span> Hanno un'elevata purezza, un'alta resistenza e un'alta densit\u00e0. Grazie all'elevata qualit\u00e0 della grafite, il blocco di grafite isostatica soddisfa le esigenze del fotovoltaico, dei semiconduttori e della metallurgia. Caratteristiche principali:<\/p>\n<ul>\n<li>Grana fine<\/li>\n<li>Struttura omogenea<\/li>\n<li>Propriet\u00e0 isotrope<\/li>\n<li>Alta densit\u00e0 ed elevata resistenza meccanica<\/li>\n<\/ul>","protected":false},"featured_media":7252,"template":"","meta":[],"product_brand":[],"product_cat":[38],"product_tag":[],"class_list":{"0":"post-7251","1":"product","2":"type-product","3":"status-publish","4":"has-post-thumbnail","6":"product_cat-graphite-products","8":"first","9":"instock","10":"shipping-taxable","11":"product-type-simple"},"yoast_head":"<!-- This site is optimized with the Yoast SEO Premium plugin v19.2.1 (Yoast SEO v25.3) - https:\/\/yoast.com\/wordpress\/plugins\/seo\/ -->\n<title>Isostatic Graphite Block Manufacturer in China | Jinsun Carbon<\/title>\n<meta name=\"robots\" content=\"index, follow, max-snippet:-1, max-image-preview:large, max-video-preview:-1\" \/>\n<link rel=\"canonical\" href=\"https:\/\/jinsuncarbon.com\/it\/prodotto\/blocco-di-grafite-isostatica\/\" \/>\n<meta property=\"og:locale\" content=\"it_IT\" \/>\n<meta property=\"og:type\" content=\"article\" \/>\n<meta property=\"og:title\" content=\"Isostatic Graphite Block\" \/>\n<meta property=\"og:description\" content=\"Isostatic graphite blocks are a type of graphite material formed by isostatic pressing technology. They have high purity, high strength and high density. Based on the high quality of graphite, isostatic graphite block meets the needs of photovoltaic, semiconductor, and metallurgy. Main Features:   Fine grain  Homogeneous structure  Isotropic properties  High density and high mechanical strength\" \/>\n<meta property=\"og:url\" content=\"https:\/\/jinsuncarbon.com\/it\/prodotto\/blocco-di-grafite-isostatica\/\" \/>\n<meta property=\"og:site_name\" content=\"Jinsun Carbon\" \/>\n<meta property=\"article:publisher\" content=\"https:\/\/www.facebook.com\/Graphite-Electrode-109336238661595\" \/>\n<meta property=\"article:modified_time\" content=\"2025-01-17T20:46:07+00:00\" \/>\n<meta property=\"og:image\" content=\"https:\/\/jinsuncarbon.com\/wp-content\/uploads\/2025\/01\/Isostatic-Graphite-Block.jpg\" \/>\n\t<meta property=\"og:image:width\" content=\"1024\" \/>\n\t<meta property=\"og:image:height\" content=\"680\" \/>\n\t<meta property=\"og:image:type\" content=\"image\/jpeg\" \/>\n<meta name=\"twitter:card\" content=\"summary_large_image\" \/>\n<meta name=\"twitter:site\" content=\"@jinsuncarbon_\" \/>\n<meta name=\"twitter:label1\" content=\"Tempo di lettura stimato\" \/>\n\t<meta name=\"twitter:data1\" content=\"4 minuti\" \/>\n<script type=\"application\/ld+json\" class=\"yoast-schema-graph\">{\"@context\":\"https:\/\/schema.org\",\"@graph\":[{\"@type\":\"WebPage\",\"@id\":\"https:\/\/jinsuncarbon.com\/product\/isostatic-graphite-block\/\",\"url\":\"https:\/\/jinsuncarbon.com\/product\/isostatic-graphite-block\/\",\"name\":\"Isostatic Graphite Block Manufacturer in China | Jinsun Carbon\",\"isPartOf\":{\"@id\":\"https:\/\/jinsuncarbon.com\/#website\"},\"primaryImageOfPage\":{\"@id\":\"https:\/\/jinsuncarbon.com\/product\/isostatic-graphite-block\/#primaryimage\"},\"image\":{\"@id\":\"https:\/\/jinsuncarbon.com\/product\/isostatic-graphite-block\/#primaryimage\"},\"thumbnailUrl\":\"https:\/\/jinsuncarbon.com\/wp-content\/uploads\/2025\/01\/Isostatic-Graphite-Block.jpg\",\"datePublished\":\"2025-01-06T12:38:15+00:00\",\"dateModified\":\"2025-01-17T20:46:07+00:00\",\"breadcrumb\":{\"@id\":\"https:\/\/jinsuncarbon.com\/product\/isostatic-graphite-block\/#breadcrumb\"},\"inLanguage\":\"it-IT\",\"potentialAction\":[{\"@type\":\"ReadAction\",\"target\":[\"https:\/\/jinsuncarbon.com\/product\/isostatic-graphite-block\/\"]}]},{\"@type\":\"ImageObject\",\"inLanguage\":\"it-IT\",\"@id\":\"https:\/\/jinsuncarbon.com\/product\/isostatic-graphite-block\/#primaryimage\",\"url\":\"https:\/\/jinsuncarbon.com\/wp-content\/uploads\/2025\/01\/Isostatic-Graphite-Block.jpg\",\"contentUrl\":\"https:\/\/jinsuncarbon.com\/wp-content\/uploads\/2025\/01\/Isostatic-Graphite-Block.jpg\",\"width\":1024,\"height\":680,\"caption\":\"Isostatic Graphite Block\"},{\"@type\":\"BreadcrumbList\",\"@id\":\"https:\/\/jinsuncarbon.com\/product\/isostatic-graphite-block\/#breadcrumb\",\"itemListElement\":[{\"@type\":\"ListItem\",\"position\":1,\"name\":\"Home\",\"item\":\"https:\/\/jinsuncarbon.com\/\"},{\"@type\":\"ListItem\",\"position\":2,\"name\":\"Products\",\"item\":\"https:\/\/jinsuncarbon.com\/graphite-carbon\/\"},{\"@type\":\"ListItem\",\"position\":3,\"name\":\"Isostatic Graphite Block\"}]},{\"@type\":\"WebSite\",\"@id\":\"https:\/\/jinsuncarbon.com\/#website\",\"url\":\"https:\/\/jinsuncarbon.com\/\",\"name\":\"Jinsun Carbon\",\"description\":\"We are the successful graphite electrode manufacturer in China\",\"publisher\":{\"@id\":\"https:\/\/jinsuncarbon.com\/#organization\"},\"potentialAction\":[{\"@type\":\"SearchAction\",\"target\":{\"@type\":\"EntryPoint\",\"urlTemplate\":\"https:\/\/jinsuncarbon.com\/?s={search_term_string}\"},\"query-input\":{\"@type\":\"PropertyValueSpecification\",\"valueRequired\":true,\"valueName\":\"search_term_string\"}}],\"inLanguage\":\"it-IT\"},{\"@type\":\"Organization\",\"@id\":\"https:\/\/jinsuncarbon.com\/#organization\",\"name\":\"Jinsun Carbon\",\"alternateName\":\"Jinsun Carbon\",\"url\":\"https:\/\/jinsuncarbon.com\/\",\"logo\":{\"@type\":\"ImageObject\",\"inLanguage\":\"it-IT\",\"@id\":\"https:\/\/jinsuncarbon.com\/#\/schema\/logo\/image\/\",\"url\":\"https:\/\/jinsuncarbon.com\/wp-content\/uploads\/2022\/12\/LOGO-1.png\",\"contentUrl\":\"https:\/\/jinsuncarbon.com\/wp-content\/uploads\/2022\/12\/LOGO-1.png\",\"width\":207,\"height\":80,\"caption\":\"Jinsun Carbon\"},\"image\":{\"@id\":\"https:\/\/jinsuncarbon.com\/#\/schema\/logo\/image\/\"},\"sameAs\":[\"https:\/\/www.facebook.com\/Graphite-Electrode-109336238661595\",\"https:\/\/x.com\/jinsuncarbon_\",\"https:\/\/www.linkedin.com\/in\/jinsungraphite\",\"https:\/\/www.youtube.com\/channel\/UCysDNyvyR5-3cCWEmpkVC0g\"]}]}<\/script>\n<!-- \/ Yoast SEO Premium plugin. -->","yoast_head_json":{"title":"Blocco di grafite isostatico Fornitore in Cina | Jinsun Carbon","robots":{"index":"index","follow":"follow","max-snippet":"max-snippet:-1","max-image-preview":"max-image-preview:large","max-video-preview":"max-video-preview:-1"},"canonical":"https:\/\/jinsuncarbon.com\/it\/prodotto\/blocco-di-grafite-isostatica\/","og_locale":"it_IT","og_type":"article","og_title":"Isostatic Graphite Block","og_description":"Isostatic graphite blocks are a type of graphite material formed by isostatic pressing technology. They have high purity, high strength and high density. Based on the high quality of graphite, isostatic graphite block meets the needs of photovoltaic, semiconductor, and metallurgy. Main Features:   Fine grain  Homogeneous structure  Isotropic properties  High density and high mechanical strength","og_url":"https:\/\/jinsuncarbon.com\/it\/prodotto\/blocco-di-grafite-isostatica\/","og_site_name":"Jinsun Carbon","article_publisher":"https:\/\/www.facebook.com\/Graphite-Electrode-109336238661595","article_modified_time":"2025-01-17T20:46:07+00:00","og_image":[{"width":1024,"height":680,"url":"https:\/\/jinsuncarbon.com\/wp-content\/uploads\/2025\/01\/Isostatic-Graphite-Block.jpg","type":"image\/jpeg"}],"twitter_card":"summary_large_image","twitter_site":"@jinsuncarbon_","twitter_misc":{"Tempo di lettura stimato":"4 minuti"},"schema":{"@context":"https:\/\/schema.org","@graph":[{"@type":"WebPage","@id":"https:\/\/jinsuncarbon.com\/product\/isostatic-graphite-block\/","url":"https:\/\/jinsuncarbon.com\/product\/isostatic-graphite-block\/","name":"Blocco di grafite isostatico Fornitore in Cina | Jinsun Carbon","isPartOf":{"@id":"https:\/\/jinsuncarbon.com\/#website"},"primaryImageOfPage":{"@id":"https:\/\/jinsuncarbon.com\/product\/isostatic-graphite-block\/#primaryimage"},"image":{"@id":"https:\/\/jinsuncarbon.com\/product\/isostatic-graphite-block\/#primaryimage"},"thumbnailUrl":"https:\/\/jinsuncarbon.com\/wp-content\/uploads\/2025\/01\/Isostatic-Graphite-Block.jpg","datePublished":"2025-01-06T12:38:15+00:00","dateModified":"2025-01-17T20:46:07+00:00","breadcrumb":{"@id":"https:\/\/jinsuncarbon.com\/product\/isostatic-graphite-block\/#breadcrumb"},"inLanguage":"it-IT","potentialAction":[{"@type":"ReadAction","target":["https:\/\/jinsuncarbon.com\/product\/isostatic-graphite-block\/"]}]},{"@type":"ImageObject","inLanguage":"it-IT","@id":"https:\/\/jinsuncarbon.com\/product\/isostatic-graphite-block\/#primaryimage","url":"https:\/\/jinsuncarbon.com\/wp-content\/uploads\/2025\/01\/Isostatic-Graphite-Block.jpg","contentUrl":"https:\/\/jinsuncarbon.com\/wp-content\/uploads\/2025\/01\/Isostatic-Graphite-Block.jpg","width":1024,"height":680,"caption":"Isostatic Graphite Block"},{"@type":"BreadcrumbList","@id":"https:\/\/jinsuncarbon.com\/product\/isostatic-graphite-block\/#breadcrumb","itemListElement":[{"@type":"ListItem","position":1,"name":"Home","item":"https:\/\/jinsuncarbon.com\/"},{"@type":"ListItem","position":2,"name":"Products","item":"https:\/\/jinsuncarbon.com\/graphite-carbon\/"},{"@type":"ListItem","position":3,"name":"Isostatic Graphite Block"}]},{"@type":"WebSite","@id":"https:\/\/jinsuncarbon.com\/#website","url":"https:\/\/jinsuncarbon.com\/","name":"Jinsun Carbon","description":"Siamo il produttore di elettrodi di grafite di successo in Cina","publisher":{"@id":"https:\/\/jinsuncarbon.com\/#organization"},"potentialAction":[{"@type":"SearchAction","target":{"@type":"EntryPoint","urlTemplate":"https:\/\/jinsuncarbon.com\/?s={search_term_string}"},"query-input":{"@type":"PropertyValueSpecification","valueRequired":true,"valueName":"search_term_string"}}],"inLanguage":"it-IT"},{"@type":"Organization","@id":"https:\/\/jinsuncarbon.com\/#organization","name":"Jinsun Carbon","alternateName":"Jinsun Carbon","url":"https:\/\/jinsuncarbon.com\/","logo":{"@type":"ImageObject","inLanguage":"it-IT","@id":"https:\/\/jinsuncarbon.com\/#\/schema\/logo\/image\/","url":"https:\/\/jinsuncarbon.com\/wp-content\/uploads\/2022\/12\/LOGO-1.png","contentUrl":"https:\/\/jinsuncarbon.com\/wp-content\/uploads\/2022\/12\/LOGO-1.png","width":207,"height":80,"caption":"Jinsun Carbon"},"image":{"@id":"https:\/\/jinsuncarbon.com\/#\/schema\/logo\/image\/"},"sameAs":["https:\/\/www.facebook.com\/Graphite-Electrode-109336238661595","https:\/\/x.com\/jinsuncarbon_","https:\/\/www.linkedin.com\/in\/jinsungraphite","https:\/\/www.youtube.com\/channel\/UCysDNyvyR5-3cCWEmpkVC0g"]}]}},"_links":{"self":[{"href":"https:\/\/jinsuncarbon.com\/it\/wp-json\/wp\/v2\/product\/7251","targetHints":{"allow":["GET"]}}],"collection":[{"href":"https:\/\/jinsuncarbon.com\/it\/wp-json\/wp\/v2\/product"}],"about":[{"href":"https:\/\/jinsuncarbon.com\/it\/wp-json\/wp\/v2\/types\/product"}],"wp:featuredmedia":[{"embeddable":true,"href":"https:\/\/jinsuncarbon.com\/it\/wp-json\/wp\/v2\/media\/7252"}],"wp:attachment":[{"href":"https:\/\/jinsuncarbon.com\/it\/wp-json\/wp\/v2\/media?parent=7251"}],"wp:term":[{"taxonomy":"product_brand","embeddable":true,"href":"https:\/\/jinsuncarbon.com\/it\/wp-json\/wp\/v2\/product_brand?post=7251"},{"taxonomy":"product_cat","embeddable":true,"href":"https:\/\/jinsuncarbon.com\/it\/wp-json\/wp\/v2\/product_cat?post=7251"},{"taxonomy":"product_tag","embeddable":true,"href":"https:\/\/jinsuncarbon.com\/it\/wp-json\/wp\/v2\/product_tag?post=7251"}],"curies":[{"name":"wp","href":"https:\/\/api.w.org\/{rel}","templated":true}]}}