{"id":7213,"date":"2025-01-03T14:00:45","date_gmt":"2025-01-03T14:00:45","guid":{"rendered":"https:\/\/jinsuncarbon.com\/?post_type=product&#038;p=7213"},"modified":"2025-02-07T01:53:11","modified_gmt":"2025-02-07T01:53:11","slug":"bulloni-in-grafite","status":"publish","type":"product","link":"https:\/\/jinsuncarbon.com\/it\/prodotto\/bulloni-in-grafite\/","title":{"rendered":"Bulloni in grafite"},"content":{"rendered":"<h2>Produttore di bulloni in grafite:<\/h2>\n<p>I vantaggi dei bulloni in grafite rispetto ai bulloni normali sono pochi:<\/p>\n<p>Bulloni in grafite<\/p>\n<p><strong>Elevata stabilit\u00e0 chimica.<\/strong> Ci\u00f2 consente di lavorare bene in ambienti con corrosione da acidi, alcali e solventi organici.<\/p>\n<p><strong>Resistenza alle alte temperature e conducibilit\u00e0 termica.<\/strong> In questo modo, i bulloni in grafite possono resistere alla deformazione e al deterioramento in presenza di temperature elevate.<\/p>\n<p><strong>Eccellenti prestazioni di lubrificazione.<\/strong> In questo modo i bulloni in grafite possono ridurre l'attrito e la perdita di materiale durante l'uso.<\/p>\n<p>Equilibrio tra leggerezza e resistenza.<\/p>\n<p><strong>Elevata resistenza e tenacit\u00e0.<\/strong> I bulloni in grafite possono sopportare carichi elevati. Inoltre, possono essere stabili quando sopportano urti e vibrazioni.<\/p>\n<p><strong>Capacit\u00e0 di carico della coppia.<\/strong> La capacit\u00e0 di carico di coppia dei bulloni in grafite \u00e8 generalmente elevata e pu\u00f2 raggiungere 2 o 3 volte quella dei bulloni ordinari. Tuttavia, la capacit\u00e0 di carico specifica deve essere calcolata e testata in base alla situazione reale.<\/p>\n<p>&nbsp;<\/p>\n<p>Imbarcazioni normali:<\/p>\n<p>I bulloni normali sono realizzati principalmente in metallo. Come l'acciaio al carbonio, l'acciaio inossidabile, l'acciaio legato, ecc.<\/p>\n<p>I bulloni metallici hanno un diverso livello di resistenza e di corrosione durante l'uso in base ai diversi materiali.<\/p>\n<p>I bulloni normali non sono dotati della capacit\u00e0 di resistenza alle alte temperature e di lubrificazione.<\/p>\n<p>&nbsp;<\/p>\n<h2>Processo di produzione<\/h2>\n<p><strong>Selezione e pretrattamento delle materie prime:<\/strong> Scegliamo materie prime di carbonio di alta qualit\u00e0 con dimensioni uniformi dei fiocchi di grafite e meno impurit\u00e0. Utilizziamo poi agenti leganti appropriati per vagliare e rimuovere le impurit\u00e0 dalle materie prime. Questo per garantire la purezza e la qualit\u00e0 delle materie prime.<\/p>\n<p><strong>Ingredienti e impasto:<\/strong> le materie prime e i leganti vengono miscelati in modo uniforme secondo una certa proporzione.<\/p>\n<p><strong>Stampa:<\/strong> Mettere le materie prime miscelate nello stampo, premere sulla pressa per formare la forma desiderata del corpo del prodotto in grafite.<\/p>\n<p>Torrefazione: Il prodotto di grafite pressato viene sottoposto a un trattamento termico ad alta temperatura sotto la protezione di una carica specifica. Ci\u00f2 migliora la resistenza meccanica del prodotto, ne riduce la resistivit\u00e0, ne migliora la stabilit\u00e0 termica e chimica.<\/p>\n<p><strong>Impregnazione:<\/strong> l'asfalto impregnante liquido penetra nei pori degli elettrodi dei prodotti di grafite. Ci\u00f2 pu\u00f2 ridurre la porosit\u00e0, aumentare la densit\u00e0 di massa e la resistenza meccanica. Migliorando al contempo la conducibilit\u00e0 elettrica e termica del prodotto.<\/p>\n<p><strong>Tostatura secondaria:<\/strong> i prodotti di grafite impregnati vengono nuovamente arrostiti per carbonizzare ulteriormente i prodotti arrostiti. Questa fase \u00e8 fondamentale per la produzione di prodotti di grafite con un'elevata densit\u00e0 volumetrica e prestazioni eccellenti.<\/p>\n<p><strong>Grafitizzazione:<\/strong> I prodotti a base di carbonio vengono riscaldati a oltre 2300\u00b0C in un forno elettrico ad alta temperatura per <a href=\"https:\/\/jinsuncarbon.com\/it\/che-cose-la-grafitizzazione\/\">grafitizzazione<\/a>. Questo processo migliora ulteriormente la conduttivit\u00e0 elettrica, la conduttivit\u00e0 termica e le propriet\u00e0 meccaniche del prodotto.<\/p>\n<p><strong>Lavorazione e rifilatura:<\/strong> In questa fase, soddisfiamo i requisiti specifici di dimensione e forma del cliente. Lavorazione e rifilatura dei bulloni grafitizzati, come taglio, tornitura, fresatura, ecc.<\/p>\n<p>&nbsp;<\/p>\n<h2>Applicazioni dei bulloni in grafite:<\/h2>\n<p>Aerospaziale: I bulloni in grafite sono componenti di collegamento cruciali di aeroplani e razzi spaziali. Possono garantire l'integrit\u00e0 e l'affidabilit\u00e0 delle strutture in condizioni operative estreme.<\/p>\n<p>Industria automobilistica: I bulloni in grafite possono collegare varie parti di motori, telai e carrozzerie di automobili. Inoltre, svolgono un ruolo importante nei sistemi elettrici automobilistici.<\/p>\n<p>Industrie elettroniche: Come <a href=\"https:\/\/jinsuncarbon.com\/it\/che-cose-la-grafite-e-di-che-cosa-e-fatta-la-grafite\/\">grafite<\/a> \u00e8 il materiale con una buona conducibilit\u00e0 elettrica e resistenza alle alte temperature, i bulloni di grafite sono anche comuni nelle parti di collegamento dei dispositivi elettronici. Come ad esempio i circuiti stampati, <a href=\"https:\/\/en.wikipedia.org\/wiki\/Resistor\" target=\"_blank\" rel=\"noopener\">resistenze<\/a>, condensatori e altri componenti elettronici.<\/p>\n<p>Industrie chimiche: I bulloni in grafite sono in grado di lavorare in ambienti con acidi, alcali e solventi organici. Pertanto, sono parti ampiamente utilizzate nei processi di connessione e sigillatura delle apparecchiature chimiche. Ad esempio, reattori chimici, serbatoi di stoccaggio, tubazioni e altri collegamenti di apparecchiature.<\/p>\n<p>Allo stesso tempo, i bulloni e le viti in grafite possono essere abbinati ai dadi in grafite e sono una combinazione molto comune nelle industrie. Nell'industria chimica, sono ampiamente utilizzati per collegare apparecchiature speciali grazie alla loro resistenza alla corrosione. Inoltre, giocano un ruolo importante anche nell'industria elettronica e nella produzione di <a href=\"https:\/\/en.wikipedia.org\/wiki\/Vacuum_furnace\" target=\"_blank\" rel=\"noopener\">forno a vuoto<\/a> attrezzature.<\/p>\n<p>&nbsp;<\/p>\n<p>Tuttavia, lo scenario di utilizzo dei bulloni normali \u00e8 molto limitato e vengono utilizzati principalmente in:<\/p>\n<p>Una variet\u00e0 di macchinari, attrezzature, veicoli, ponti e strutture edilizie.<\/p>\n<p>Montaggio di mobili, manutenzione meccanica, costruzione e altre scene quotidiane.<\/p>","protected":false},"excerpt":{"rendered":"<p>I bulloni in grafite sono molto simili ai normali bulloni: hanno tutti la testa del bullone e una parte di asta filettata. Tuttavia, la diversa materia prima dei bulloni in grafite consente loro di avere buone propriet\u00e0 fisiche e chimiche. Come la conduttivit\u00e0 elettronica, la conduttivit\u00e0 termica e la resistenza alla corrosione. Per questo motivo sono parti fondamentali di molte industrie manifatturiere. Possono essere utilizzati nei forni industriali, nei forni a vuoto o nelle fusioni di metalli.<\/p>\n<p>&nbsp;<\/p>","protected":false},"featured_media":7214,"template":"","meta":[],"product_brand":[],"product_cat":[67],"product_tag":[],"class_list":{"0":"post-7213","1":"product","2":"type-product","3":"status-publish","4":"has-post-thumbnail","6":"product_cat-graphite-material","8":"first","9":"instock","10":"shipping-taxable","11":"product-type-simple"},"yoast_head":"<!-- This site is optimized with the Yoast SEO Premium plugin v19.2.1 (Yoast SEO v27.5) - https:\/\/yoast.com\/product\/yoast-seo-premium-wordpress\/ -->\n<title>Graphite Bolts Manufacturer | Jinsun Carbon<\/title>\n<meta name=\"robots\" content=\"index, follow, max-snippet:-1, max-image-preview:large, max-video-preview:-1\" \/>\n<link rel=\"canonical\" href=\"https:\/\/jinsuncarbon.com\/it\/prodotto\/bulloni-in-grafite\/\" \/>\n<meta property=\"og:locale\" content=\"it_IT\" \/>\n<meta property=\"og:type\" content=\"article\" \/>\n<meta property=\"og:title\" content=\"Graphite Bolts\" \/>\n<meta property=\"og:description\" content=\"Graphite bolts are very similar to normal bolts, they all have bolt head and a threaded rod part. However, different raw material of graphite bolts equipped them to have more good physical and chemical properties. Such as electronic conductivity, thermal conductivity and corrosion resistance. Thus they are crucial parts of many manufacturing industries. They can be used in industrial furnaces, vacuum furnaces or metal casting.  &nbsp;\" \/>\n<meta property=\"og:url\" content=\"https:\/\/jinsuncarbon.com\/it\/prodotto\/bulloni-in-grafite\/\" \/>\n<meta property=\"og:site_name\" content=\"Jinsun Carbon\" \/>\n<meta property=\"article:publisher\" content=\"https:\/\/www.facebook.com\/Graphite-Electrode-109336238661595\" \/>\n<meta property=\"article:modified_time\" content=\"2025-02-07T01:53:11+00:00\" \/>\n<meta property=\"og:image\" content=\"https:\/\/jinsuncarbon.com\/wp-content\/uploads\/2025\/01\/Graphite-Bolts.jpg\" \/>\n\t<meta property=\"og:image:width\" content=\"1024\" \/>\n\t<meta property=\"og:image:height\" content=\"763\" \/>\n\t<meta property=\"og:image:type\" content=\"image\/jpeg\" \/>\n<meta name=\"twitter:card\" content=\"summary_large_image\" \/>\n<meta name=\"twitter:site\" content=\"@jinsuncarbon_\" \/>\n<meta name=\"twitter:label1\" content=\"Tempo di lettura stimato\" \/>\n\t<meta name=\"twitter:data1\" content=\"4 minuti\" \/>\n<script type=\"application\/ld+json\" class=\"yoast-schema-graph\">{\"@context\":\"https:\\\/\\\/schema.org\",\"@graph\":[{\"@type\":\"WebPage\",\"@id\":\"https:\\\/\\\/jinsuncarbon.com\\\/product\\\/graphite-bolts\\\/\",\"url\":\"https:\\\/\\\/jinsuncarbon.com\\\/product\\\/graphite-bolts\\\/\",\"name\":\"Graphite Bolts Manufacturer | Jinsun Carbon\",\"isPartOf\":{\"@id\":\"https:\\\/\\\/jinsuncarbon.com\\\/#website\"},\"primaryImageOfPage\":{\"@id\":\"https:\\\/\\\/jinsuncarbon.com\\\/product\\\/graphite-bolts\\\/#primaryimage\"},\"image\":{\"@id\":\"https:\\\/\\\/jinsuncarbon.com\\\/product\\\/graphite-bolts\\\/#primaryimage\"},\"thumbnailUrl\":\"https:\\\/\\\/jinsuncarbon.com\\\/wp-content\\\/uploads\\\/2025\\\/01\\\/Graphite-Bolts.jpg\",\"datePublished\":\"2025-01-03T14:00:45+00:00\",\"dateModified\":\"2025-02-07T01:53:11+00:00\",\"breadcrumb\":{\"@id\":\"https:\\\/\\\/jinsuncarbon.com\\\/product\\\/graphite-bolts\\\/#breadcrumb\"},\"inLanguage\":\"it-IT\",\"potentialAction\":[{\"@type\":\"ReadAction\",\"target\":[\"https:\\\/\\\/jinsuncarbon.com\\\/product\\\/graphite-bolts\\\/\"]}]},{\"@type\":\"ImageObject\",\"inLanguage\":\"it-IT\",\"@id\":\"https:\\\/\\\/jinsuncarbon.com\\\/product\\\/graphite-bolts\\\/#primaryimage\",\"url\":\"https:\\\/\\\/jinsuncarbon.com\\\/wp-content\\\/uploads\\\/2025\\\/01\\\/Graphite-Bolts.jpg\",\"contentUrl\":\"https:\\\/\\\/jinsuncarbon.com\\\/wp-content\\\/uploads\\\/2025\\\/01\\\/Graphite-Bolts.jpg\",\"width\":1024,\"height\":763,\"caption\":\"Graphite Bolts\"},{\"@type\":\"BreadcrumbList\",\"@id\":\"https:\\\/\\\/jinsuncarbon.com\\\/product\\\/graphite-bolts\\\/#breadcrumb\",\"itemListElement\":[{\"@type\":\"ListItem\",\"position\":1,\"name\":\"Home\",\"item\":\"https:\\\/\\\/jinsuncarbon.com\\\/\"},{\"@type\":\"ListItem\",\"position\":2,\"name\":\"Products\",\"item\":\"https:\\\/\\\/jinsuncarbon.com\\\/graphite-carbon\\\/\"},{\"@type\":\"ListItem\",\"position\":3,\"name\":\"Graphite Bolts\"}]},{\"@type\":\"WebSite\",\"@id\":\"https:\\\/\\\/jinsuncarbon.com\\\/#website\",\"url\":\"https:\\\/\\\/jinsuncarbon.com\\\/\",\"name\":\"Jinsun Carbon\",\"description\":\"We are the successful graphite electrode manufacturer in China\",\"publisher\":{\"@id\":\"https:\\\/\\\/jinsuncarbon.com\\\/#organization\"},\"potentialAction\":[{\"@type\":\"SearchAction\",\"target\":{\"@type\":\"EntryPoint\",\"urlTemplate\":\"https:\\\/\\\/jinsuncarbon.com\\\/?s={search_term_string}\"},\"query-input\":{\"@type\":\"PropertyValueSpecification\",\"valueRequired\":true,\"valueName\":\"search_term_string\"}}],\"inLanguage\":\"it-IT\"},{\"@type\":\"Organization\",\"@id\":\"https:\\\/\\\/jinsuncarbon.com\\\/#organization\",\"name\":\"Jinsun Carbon\",\"alternateName\":\"Jinsun Carbon\",\"url\":\"https:\\\/\\\/jinsuncarbon.com\\\/\",\"logo\":{\"@type\":\"ImageObject\",\"inLanguage\":\"it-IT\",\"@id\":\"https:\\\/\\\/jinsuncarbon.com\\\/#\\\/schema\\\/logo\\\/image\\\/\",\"url\":\"https:\\\/\\\/jinsuncarbon.com\\\/wp-content\\\/uploads\\\/2022\\\/12\\\/LOGO-1.png\",\"contentUrl\":\"https:\\\/\\\/jinsuncarbon.com\\\/wp-content\\\/uploads\\\/2022\\\/12\\\/LOGO-1.png\",\"width\":207,\"height\":80,\"caption\":\"Jinsun Carbon\"},\"image\":{\"@id\":\"https:\\\/\\\/jinsuncarbon.com\\\/#\\\/schema\\\/logo\\\/image\\\/\"},\"sameAs\":[\"https:\\\/\\\/www.facebook.com\\\/Graphite-Electrode-109336238661595\",\"https:\\\/\\\/x.com\\\/jinsuncarbon_\",\"https:\\\/\\\/www.linkedin.com\\\/in\\\/jinsungraphite\",\"https:\\\/\\\/www.youtube.com\\\/channel\\\/UCysDNyvyR5-3cCWEmpkVC0g\"]}]}<\/script>\n<!-- \/ Yoast SEO Premium plugin. -->","yoast_head_json":{"title":"Bulloni in grafite Fornitore | Jinsun Carbon","robots":{"index":"index","follow":"follow","max-snippet":"max-snippet:-1","max-image-preview":"max-image-preview:large","max-video-preview":"max-video-preview:-1"},"canonical":"https:\/\/jinsuncarbon.com\/it\/prodotto\/bulloni-in-grafite\/","og_locale":"it_IT","og_type":"article","og_title":"Graphite Bolts","og_description":"Graphite bolts are very similar to normal bolts, they all have bolt head and a threaded rod part. However, different raw material of graphite bolts equipped them to have more good physical and chemical properties. Such as electronic conductivity, thermal conductivity and corrosion resistance. Thus they are crucial parts of many manufacturing industries. They can be used in industrial furnaces, vacuum furnaces or metal casting.  &nbsp;","og_url":"https:\/\/jinsuncarbon.com\/it\/prodotto\/bulloni-in-grafite\/","og_site_name":"Jinsun Carbon","article_publisher":"https:\/\/www.facebook.com\/Graphite-Electrode-109336238661595","article_modified_time":"2025-02-07T01:53:11+00:00","og_image":[{"width":1024,"height":763,"url":"https:\/\/jinsuncarbon.com\/wp-content\/uploads\/2025\/01\/Graphite-Bolts.jpg","type":"image\/jpeg"}],"twitter_card":"summary_large_image","twitter_site":"@jinsuncarbon_","twitter_misc":{"Tempo di lettura stimato":"4 minuti"},"schema":{"@context":"https:\/\/schema.org","@graph":[{"@type":"WebPage","@id":"https:\/\/jinsuncarbon.com\/product\/graphite-bolts\/","url":"https:\/\/jinsuncarbon.com\/product\/graphite-bolts\/","name":"Bulloni in grafite Fornitore | Jinsun Carbon","isPartOf":{"@id":"https:\/\/jinsuncarbon.com\/#website"},"primaryImageOfPage":{"@id":"https:\/\/jinsuncarbon.com\/product\/graphite-bolts\/#primaryimage"},"image":{"@id":"https:\/\/jinsuncarbon.com\/product\/graphite-bolts\/#primaryimage"},"thumbnailUrl":"https:\/\/jinsuncarbon.com\/wp-content\/uploads\/2025\/01\/Graphite-Bolts.jpg","datePublished":"2025-01-03T14:00:45+00:00","dateModified":"2025-02-07T01:53:11+00:00","breadcrumb":{"@id":"https:\/\/jinsuncarbon.com\/product\/graphite-bolts\/#breadcrumb"},"inLanguage":"it-IT","potentialAction":[{"@type":"ReadAction","target":["https:\/\/jinsuncarbon.com\/product\/graphite-bolts\/"]}]},{"@type":"ImageObject","inLanguage":"it-IT","@id":"https:\/\/jinsuncarbon.com\/product\/graphite-bolts\/#primaryimage","url":"https:\/\/jinsuncarbon.com\/wp-content\/uploads\/2025\/01\/Graphite-Bolts.jpg","contentUrl":"https:\/\/jinsuncarbon.com\/wp-content\/uploads\/2025\/01\/Graphite-Bolts.jpg","width":1024,"height":763,"caption":"Graphite Bolts"},{"@type":"BreadcrumbList","@id":"https:\/\/jinsuncarbon.com\/product\/graphite-bolts\/#breadcrumb","itemListElement":[{"@type":"ListItem","position":1,"name":"Home","item":"https:\/\/jinsuncarbon.com\/"},{"@type":"ListItem","position":2,"name":"Products","item":"https:\/\/jinsuncarbon.com\/graphite-carbon\/"},{"@type":"ListItem","position":3,"name":"Graphite Bolts"}]},{"@type":"WebSite","@id":"https:\/\/jinsuncarbon.com\/#website","url":"https:\/\/jinsuncarbon.com\/","name":"Jinsun Carbon","description":"Siamo il produttore di elettrodi di grafite di successo in Cina","publisher":{"@id":"https:\/\/jinsuncarbon.com\/#organization"},"potentialAction":[{"@type":"SearchAction","target":{"@type":"EntryPoint","urlTemplate":"https:\/\/jinsuncarbon.com\/?s={search_term_string}"},"query-input":{"@type":"PropertyValueSpecification","valueRequired":true,"valueName":"search_term_string"}}],"inLanguage":"it-IT"},{"@type":"Organization","@id":"https:\/\/jinsuncarbon.com\/#organization","name":"Jinsun Carbon","alternateName":"Jinsun Carbon","url":"https:\/\/jinsuncarbon.com\/","logo":{"@type":"ImageObject","inLanguage":"it-IT","@id":"https:\/\/jinsuncarbon.com\/#\/schema\/logo\/image\/","url":"https:\/\/jinsuncarbon.com\/wp-content\/uploads\/2022\/12\/LOGO-1.png","contentUrl":"https:\/\/jinsuncarbon.com\/wp-content\/uploads\/2022\/12\/LOGO-1.png","width":207,"height":80,"caption":"Jinsun Carbon"},"image":{"@id":"https:\/\/jinsuncarbon.com\/#\/schema\/logo\/image\/"},"sameAs":["https:\/\/www.facebook.com\/Graphite-Electrode-109336238661595","https:\/\/x.com\/jinsuncarbon_","https:\/\/www.linkedin.com\/in\/jinsungraphite","https:\/\/www.youtube.com\/channel\/UCysDNyvyR5-3cCWEmpkVC0g"]}]}},"_links":{"self":[{"href":"https:\/\/jinsuncarbon.com\/it\/wp-json\/wp\/v2\/product\/7213","targetHints":{"allow":["GET"]}}],"collection":[{"href":"https:\/\/jinsuncarbon.com\/it\/wp-json\/wp\/v2\/product"}],"about":[{"href":"https:\/\/jinsuncarbon.com\/it\/wp-json\/wp\/v2\/types\/product"}],"wp:featuredmedia":[{"embeddable":true,"href":"https:\/\/jinsuncarbon.com\/it\/wp-json\/wp\/v2\/media\/7214"}],"wp:attachment":[{"href":"https:\/\/jinsuncarbon.com\/it\/wp-json\/wp\/v2\/media?parent=7213"}],"wp:term":[{"taxonomy":"product_brand","embeddable":true,"href":"https:\/\/jinsuncarbon.com\/it\/wp-json\/wp\/v2\/product_brand?post=7213"},{"taxonomy":"product_cat","embeddable":true,"href":"https:\/\/jinsuncarbon.com\/it\/wp-json\/wp\/v2\/product_cat?post=7213"},{"taxonomy":"product_tag","embeddable":true,"href":"https:\/\/jinsuncarbon.com\/it\/wp-json\/wp\/v2\/product_tag?post=7213"}],"curies":[{"name":"wp","href":"https:\/\/api.w.org\/{rel}","templated":true}]}}