{"id":7199,"date":"2025-01-03T03:07:19","date_gmt":"2025-01-03T03:07:19","guid":{"rendered":"https:\/\/jinsuncarbon.com\/?post_type=product&#038;p=7199"},"modified":"2025-01-16T00:43:23","modified_gmt":"2025-01-16T00:43:23","slug":"polvere-di-grafite-ad-alta-purezza","status":"publish","type":"product","link":"https:\/\/jinsuncarbon.com\/it\/prodotto\/polvere-di-grafite-ad-alta-purezza\/","title":{"rendered":"Polvere di grafite di elevata purezza"},"content":{"rendered":"<h2>Propriet\u00e0 della polvere di grafite di elevata purezza<\/h2>\n<p><strong>Resistenza alle alte temperature e conduttivit\u00e0 termica<\/strong><\/p>\n<p>Il punto di fusione della grafite \u00e8 3850\u00b150\u00b0C e il punto di ebollizione 4250\u00b0C. Il coefficiente di espansione termica \u00e8 molto ridotto, pari a 1,4\u00d710^-6\/K. Ci\u00f2 la rende in grado di ridurre la perdita di materiale alle alte temperature. Inoltre, la conducibilit\u00e0 termica della polvere di grafite ad alta purezza a temperatura ambiente pu\u00f2 raggiungere 2,17\u00d710^6 W\/(cm-K), valore che pu\u00f2 variare a causa del metodo di misurazione e della conversione delle unit\u00e0. Ma pu\u00f2 comunque mostrare la conducibilit\u00e0 termica generalmente superiore della polvere di grafite a temperatura ambiente. Grazie all'elevata conduttivit\u00e0 termica e alla resistenza alle alte temperature, la polvere di grafite \u00e8 in grado di trasferire rapidamente il calore e di ridurre l'accumulo di calore. Inoltre, pu\u00f2 rimanere stabile alle alte temperature.<\/p>\n<p><strong>Elettrico:<\/strong> Grazie alla sua particolare struttura cristallina, la grafite ha una buona conducibilit\u00e0 elettrica. Maggiore \u00e8 la purezza della grafite, minore \u00e8 la dimensione delle particelle, maggiore \u00e8 la conduttivit\u00e0. Pertanto, la nostra polvere di grafite ad alta purezza \u00e8 in grado di fornire un'eccellente conducibilit\u00e0 elettrica.<\/p>\n<p><strong>Lubrificazione:<\/strong> La polvere di grafite ad alta purezza contiene meno impurit\u00e0, garantendo una migliore lubrificazione e riducendo l'attrito e l'usura. Le particelle di grafite di elevata purezza hanno maggiori probabilit\u00e0 di formare un film lubrificante uniforme, riducendo cos\u00ec il contatto tra le superfici meccaniche. Pi\u00f9 grande \u00e8 la scaglia, minore \u00e8 il coefficiente di attrito e migliori sono le prestazioni di lubrificazione.<\/p>\n<p><strong>Stabilit\u00e0 chimica:<\/strong> <a href=\"https:\/\/jinsuncarbon.com\/it\/gli-usi-della-grafite\/\">grafite<\/a> ha una buona stabilit\u00e0 chimica a temperatura ambiente. Pu\u00f2 resistere alla corrosione di acidi, alcali e solventi organici.<\/p>\n<p>&nbsp;<\/p>\n<h2>Applicazioni della polvere di grafite ad alta purezza<\/h2>\n<p><strong>Lubrificante:<\/strong> Grazie al suo basso coefficiente di attrito e alla sua struttura a fogli, la polvere di grafite viene spesso utilizzata come lubrificante a secco, soprattutto in ambienti ad alta temperatura o ad alto vuoto. Viene ampiamente utilizzata nella lubrificazione di parti meccaniche, come cuscinetti e ingranaggi.<\/p>\n<p><strong>Industria metallurgica:<\/strong> <a href=\"https:\/\/jinsuncarbon.com\/it\/prodotto\/polvere-di-grafite\/\">Polvere di grafite<\/a> \u00e8 anche un comune agente riducente nell'industria metallurgica. Aiuta a rimuovere le impurit\u00e0 nei metalli e a migliorarne la purezza, la durezza e la resistenza. Inoltre, \u00e8 anche un additivo per le leghe. <a href=\"https:\/\/en.wikipedia.org\/wiki\/Steelmaking\" target=\"_blank\" rel=\"noopener\">siderurgia<\/a> e metalli non ferrosi.<\/p>\n<p><strong>Materiali ignifughi:<\/strong> Alcuni tipi di polvere di grafite possono essere aggiunti ai materiali ignifughi per migliorarne la resistenza al fuoco.<\/p>\n<p><strong>Agente di colata e distacco da stampi:<\/strong> Durante il <a href=\"https:\/\/en.wikipedia.org\/wiki\/Casting\" target=\"_blank\" rel=\"noopener\">getto<\/a> La polvere di grafite funge da strato isolante. Impedisce al metallo di aderire allo stampo e garantisce un rilascio uniforme. Nella produzione di stampi, agisce anche come comune agente distaccante.<\/p>\n<p><strong>Materiale resistente alla corrosione e sigillante:<\/strong> La polvere di grafite \u00e8 comune anche nei materiali di tenuta. Ad esempio, la polvere di granito (grasso antiaderente per guarnizioni). \u00c8 ampiamente utilizzata in navi, aerei, locomotive e altri macchinari di grandi dimensioni per la superficie di incollaggio dei metalli, per le parti di collegamento delle flange e per le guarnizioni antiaderenti. L'eccellente resistenza alla corrosione consente alla grafite di mantenere efficienti le prestazioni di tenuta in ambienti difficili per lungo tempo. Per questo sono molto diffuse anche nell'industria chimica e petrolifera.<\/p>\n<p><strong>Industria leggera:<\/strong> La polvere di grafite \u00e8 un agente lucidante e antiruggine per la produzione di vetro e carta nell'industria leggera. \u00c8 anche una materia prima indispensabile per la produzione di matite, inchiostro, vernice nera, inchiostro e diamanti sintetici, ecc.<\/p>\n<p><strong>Industria chimica:<\/strong> La polvere di grafite viene utilizzata per realizzare apparecchiature chimiche come scambiatori di calore e serbatoi di reazione. Pu\u00f2 anche fungere da lubrificante di rilascio per la produzione di catalizzatori nell'industria dei fertilizzanti.<\/p>\n<p>&nbsp;<\/p>\n<p>Inoltre, la polvere di grafite pu\u00f2 essere utilizzata anche come pigmento e materiale di rivestimento, come lubrificante nella produzione di cavi e per la produzione di film di resistenza al carbonio e di filiere conduttive a secco. In generale, l'uso della polvere di grafite \u00e8 molto ampio e copre quasi tutti i settori della produzione industriale.<\/p>","protected":false},"excerpt":{"rendered":"<p>La polvere di grafite di elevata purezza \u00e8 una polvere di grafite con una purezza (contenuto di carbonio) superiore a 99,9%. In condizioni di isolamento dell'ossigeno, il punto di fusione della polvere di grafite \u00e8 superiore a 3000\u00b0C, il che la rende uno dei minerali pi\u00f9 resistenti alla temperatura. Inoltre, la polvere di grafite ha propriet\u00e0 chimiche relativamente stabili a temperatura ambiente.<\/p>\n<p>La polvere di grafite di elevata purezza pu\u00f2 essere utilizzata come lubrificante, elettrodo, materiale refrattario e materiale composito.<\/p>","protected":false},"featured_media":7200,"template":"","meta":[],"product_brand":[],"product_cat":[67],"product_tag":[],"class_list":{"0":"post-7199","1":"product","2":"type-product","3":"status-publish","4":"has-post-thumbnail","6":"product_cat-graphite-material","8":"first","9":"instock","10":"shipping-taxable","11":"product-type-simple"},"yoast_head":"<!-- This site is optimized with the Yoast SEO Premium plugin v19.2.1 (Yoast SEO v25.3) - https:\/\/yoast.com\/wordpress\/plugins\/seo\/ -->\n<title>High Purity Graphite Powder | Jinsun Carbon<\/title>\n<meta name=\"description\" content=\"High purity graphite powder manufacturer in China, with a purity (carbon content) of more than 99.9%, widely used for lubricants, electrodes, refractory materials.\" \/>\n<meta name=\"robots\" content=\"index, follow, max-snippet:-1, max-image-preview:large, max-video-preview:-1\" \/>\n<link rel=\"canonical\" href=\"https:\/\/jinsuncarbon.com\/it\/prodotto\/polvere-di-grafite-ad-alta-purezza\/\" \/>\n<meta property=\"og:locale\" content=\"it_IT\" \/>\n<meta property=\"og:type\" content=\"article\" \/>\n<meta property=\"og:title\" content=\"High Purity Graphite Powder\" \/>\n<meta property=\"og:description\" content=\"High purity graphite powder manufacturer in China, with a purity (carbon content) of more than 99.9%, widely used for lubricants, electrodes, refractory materials.\" \/>\n<meta property=\"og:url\" content=\"https:\/\/jinsuncarbon.com\/it\/prodotto\/polvere-di-grafite-ad-alta-purezza\/\" \/>\n<meta property=\"og:site_name\" content=\"Jinsun Carbon\" \/>\n<meta property=\"article:publisher\" content=\"https:\/\/www.facebook.com\/Graphite-Electrode-109336238661595\" \/>\n<meta property=\"article:modified_time\" content=\"2025-01-16T00:43:23+00:00\" \/>\n<meta property=\"og:image\" content=\"https:\/\/jinsuncarbon.com\/wp-content\/uploads\/2025\/01\/High-Purity-Graphite-Powder.jpg\" \/>\n\t<meta property=\"og:image:width\" content=\"1024\" \/>\n\t<meta property=\"og:image:height\" content=\"763\" \/>\n\t<meta property=\"og:image:type\" content=\"image\/jpeg\" \/>\n<meta name=\"twitter:card\" content=\"summary_large_image\" \/>\n<meta name=\"twitter:site\" content=\"@jinsuncarbon_\" \/>\n<meta name=\"twitter:label1\" content=\"Tempo di lettura stimato\" \/>\n\t<meta name=\"twitter:data1\" content=\"3 minuti\" \/>\n<script type=\"application\/ld+json\" class=\"yoast-schema-graph\">{\"@context\":\"https:\/\/schema.org\",\"@graph\":[{\"@type\":\"WebPage\",\"@id\":\"https:\/\/jinsuncarbon.com\/product\/high-purity-graphite-powder\/\",\"url\":\"https:\/\/jinsuncarbon.com\/product\/high-purity-graphite-powder\/\",\"name\":\"High Purity Graphite Powder | Jinsun Carbon\",\"isPartOf\":{\"@id\":\"https:\/\/jinsuncarbon.com\/#website\"},\"primaryImageOfPage\":{\"@id\":\"https:\/\/jinsuncarbon.com\/product\/high-purity-graphite-powder\/#primaryimage\"},\"image\":{\"@id\":\"https:\/\/jinsuncarbon.com\/product\/high-purity-graphite-powder\/#primaryimage\"},\"thumbnailUrl\":\"https:\/\/jinsuncarbon.com\/wp-content\/uploads\/2025\/01\/High-Purity-Graphite-Powder.jpg\",\"datePublished\":\"2025-01-03T03:07:19+00:00\",\"dateModified\":\"2025-01-16T00:43:23+00:00\",\"description\":\"High purity graphite powder manufacturer in China, with a purity (carbon content) of more than 99.9%, widely used for lubricants, electrodes, refractory materials.\",\"breadcrumb\":{\"@id\":\"https:\/\/jinsuncarbon.com\/product\/high-purity-graphite-powder\/#breadcrumb\"},\"inLanguage\":\"it-IT\",\"potentialAction\":[{\"@type\":\"ReadAction\",\"target\":[\"https:\/\/jinsuncarbon.com\/product\/high-purity-graphite-powder\/\"]}]},{\"@type\":\"ImageObject\",\"inLanguage\":\"it-IT\",\"@id\":\"https:\/\/jinsuncarbon.com\/product\/high-purity-graphite-powder\/#primaryimage\",\"url\":\"https:\/\/jinsuncarbon.com\/wp-content\/uploads\/2025\/01\/High-Purity-Graphite-Powder.jpg\",\"contentUrl\":\"https:\/\/jinsuncarbon.com\/wp-content\/uploads\/2025\/01\/High-Purity-Graphite-Powder.jpg\",\"width\":1024,\"height\":763,\"caption\":\"High Purity Graphite Powder\"},{\"@type\":\"BreadcrumbList\",\"@id\":\"https:\/\/jinsuncarbon.com\/product\/high-purity-graphite-powder\/#breadcrumb\",\"itemListElement\":[{\"@type\":\"ListItem\",\"position\":1,\"name\":\"Home\",\"item\":\"https:\/\/jinsuncarbon.com\/\"},{\"@type\":\"ListItem\",\"position\":2,\"name\":\"Products\",\"item\":\"https:\/\/jinsuncarbon.com\/graphite-carbon\/\"},{\"@type\":\"ListItem\",\"position\":3,\"name\":\"High Purity Graphite Powder\"}]},{\"@type\":\"WebSite\",\"@id\":\"https:\/\/jinsuncarbon.com\/#website\",\"url\":\"https:\/\/jinsuncarbon.com\/\",\"name\":\"Jinsun Carbon\",\"description\":\"We are the successful graphite electrode manufacturer in China\",\"publisher\":{\"@id\":\"https:\/\/jinsuncarbon.com\/#organization\"},\"potentialAction\":[{\"@type\":\"SearchAction\",\"target\":{\"@type\":\"EntryPoint\",\"urlTemplate\":\"https:\/\/jinsuncarbon.com\/?s={search_term_string}\"},\"query-input\":{\"@type\":\"PropertyValueSpecification\",\"valueRequired\":true,\"valueName\":\"search_term_string\"}}],\"inLanguage\":\"it-IT\"},{\"@type\":\"Organization\",\"@id\":\"https:\/\/jinsuncarbon.com\/#organization\",\"name\":\"Jinsun Carbon\",\"alternateName\":\"Jinsun Carbon\",\"url\":\"https:\/\/jinsuncarbon.com\/\",\"logo\":{\"@type\":\"ImageObject\",\"inLanguage\":\"it-IT\",\"@id\":\"https:\/\/jinsuncarbon.com\/#\/schema\/logo\/image\/\",\"url\":\"https:\/\/jinsuncarbon.com\/wp-content\/uploads\/2022\/12\/LOGO-1.png\",\"contentUrl\":\"https:\/\/jinsuncarbon.com\/wp-content\/uploads\/2022\/12\/LOGO-1.png\",\"width\":207,\"height\":80,\"caption\":\"Jinsun Carbon\"},\"image\":{\"@id\":\"https:\/\/jinsuncarbon.com\/#\/schema\/logo\/image\/\"},\"sameAs\":[\"https:\/\/www.facebook.com\/Graphite-Electrode-109336238661595\",\"https:\/\/x.com\/jinsuncarbon_\",\"https:\/\/www.linkedin.com\/in\/jinsungraphite\",\"https:\/\/www.youtube.com\/channel\/UCysDNyvyR5-3cCWEmpkVC0g\"]}]}<\/script>\n<!-- \/ Yoast SEO Premium plugin. -->","yoast_head_json":{"title":"Polvere di grafite di elevata purezza | Jinsun Carbon","description":"Produttore di polvere di grafite ad alta purezza in Cina, con una purezza (contenuto di carbonio) superiore a 99,9%, ampiamente utilizzata per lubrificanti, elettrodi e materiali refrattari.","robots":{"index":"index","follow":"follow","max-snippet":"max-snippet:-1","max-image-preview":"max-image-preview:large","max-video-preview":"max-video-preview:-1"},"canonical":"https:\/\/jinsuncarbon.com\/it\/prodotto\/polvere-di-grafite-ad-alta-purezza\/","og_locale":"it_IT","og_type":"article","og_title":"High Purity Graphite Powder","og_description":"High purity graphite powder manufacturer in China, with a purity (carbon content) of more than 99.9%, widely used for lubricants, electrodes, refractory materials.","og_url":"https:\/\/jinsuncarbon.com\/it\/prodotto\/polvere-di-grafite-ad-alta-purezza\/","og_site_name":"Jinsun Carbon","article_publisher":"https:\/\/www.facebook.com\/Graphite-Electrode-109336238661595","article_modified_time":"2025-01-16T00:43:23+00:00","og_image":[{"width":1024,"height":763,"url":"https:\/\/jinsuncarbon.com\/wp-content\/uploads\/2025\/01\/High-Purity-Graphite-Powder.jpg","type":"image\/jpeg"}],"twitter_card":"summary_large_image","twitter_site":"@jinsuncarbon_","twitter_misc":{"Tempo di lettura stimato":"3 minuti"},"schema":{"@context":"https:\/\/schema.org","@graph":[{"@type":"WebPage","@id":"https:\/\/jinsuncarbon.com\/product\/high-purity-graphite-powder\/","url":"https:\/\/jinsuncarbon.com\/product\/high-purity-graphite-powder\/","name":"Polvere di grafite di elevata purezza | Jinsun Carbon","isPartOf":{"@id":"https:\/\/jinsuncarbon.com\/#website"},"primaryImageOfPage":{"@id":"https:\/\/jinsuncarbon.com\/product\/high-purity-graphite-powder\/#primaryimage"},"image":{"@id":"https:\/\/jinsuncarbon.com\/product\/high-purity-graphite-powder\/#primaryimage"},"thumbnailUrl":"https:\/\/jinsuncarbon.com\/wp-content\/uploads\/2025\/01\/High-Purity-Graphite-Powder.jpg","datePublished":"2025-01-03T03:07:19+00:00","dateModified":"2025-01-16T00:43:23+00:00","description":"Produttore di polvere di grafite ad alta purezza in Cina, con una purezza (contenuto di carbonio) superiore a 99,9%, ampiamente utilizzata per lubrificanti, elettrodi e materiali refrattari.","breadcrumb":{"@id":"https:\/\/jinsuncarbon.com\/product\/high-purity-graphite-powder\/#breadcrumb"},"inLanguage":"it-IT","potentialAction":[{"@type":"ReadAction","target":["https:\/\/jinsuncarbon.com\/product\/high-purity-graphite-powder\/"]}]},{"@type":"ImageObject","inLanguage":"it-IT","@id":"https:\/\/jinsuncarbon.com\/product\/high-purity-graphite-powder\/#primaryimage","url":"https:\/\/jinsuncarbon.com\/wp-content\/uploads\/2025\/01\/High-Purity-Graphite-Powder.jpg","contentUrl":"https:\/\/jinsuncarbon.com\/wp-content\/uploads\/2025\/01\/High-Purity-Graphite-Powder.jpg","width":1024,"height":763,"caption":"High Purity Graphite Powder"},{"@type":"BreadcrumbList","@id":"https:\/\/jinsuncarbon.com\/product\/high-purity-graphite-powder\/#breadcrumb","itemListElement":[{"@type":"ListItem","position":1,"name":"Home","item":"https:\/\/jinsuncarbon.com\/"},{"@type":"ListItem","position":2,"name":"Products","item":"https:\/\/jinsuncarbon.com\/graphite-carbon\/"},{"@type":"ListItem","position":3,"name":"High Purity Graphite Powder"}]},{"@type":"WebSite","@id":"https:\/\/jinsuncarbon.com\/#website","url":"https:\/\/jinsuncarbon.com\/","name":"Jinsun Carbon","description":"Siamo il produttore di elettrodi di grafite di successo in Cina","publisher":{"@id":"https:\/\/jinsuncarbon.com\/#organization"},"potentialAction":[{"@type":"SearchAction","target":{"@type":"EntryPoint","urlTemplate":"https:\/\/jinsuncarbon.com\/?s={search_term_string}"},"query-input":{"@type":"PropertyValueSpecification","valueRequired":true,"valueName":"search_term_string"}}],"inLanguage":"it-IT"},{"@type":"Organization","@id":"https:\/\/jinsuncarbon.com\/#organization","name":"Jinsun Carbon","alternateName":"Jinsun Carbon","url":"https:\/\/jinsuncarbon.com\/","logo":{"@type":"ImageObject","inLanguage":"it-IT","@id":"https:\/\/jinsuncarbon.com\/#\/schema\/logo\/image\/","url":"https:\/\/jinsuncarbon.com\/wp-content\/uploads\/2022\/12\/LOGO-1.png","contentUrl":"https:\/\/jinsuncarbon.com\/wp-content\/uploads\/2022\/12\/LOGO-1.png","width":207,"height":80,"caption":"Jinsun Carbon"},"image":{"@id":"https:\/\/jinsuncarbon.com\/#\/schema\/logo\/image\/"},"sameAs":["https:\/\/www.facebook.com\/Graphite-Electrode-109336238661595","https:\/\/x.com\/jinsuncarbon_","https:\/\/www.linkedin.com\/in\/jinsungraphite","https:\/\/www.youtube.com\/channel\/UCysDNyvyR5-3cCWEmpkVC0g"]}]}},"_links":{"self":[{"href":"https:\/\/jinsuncarbon.com\/it\/wp-json\/wp\/v2\/product\/7199","targetHints":{"allow":["GET"]}}],"collection":[{"href":"https:\/\/jinsuncarbon.com\/it\/wp-json\/wp\/v2\/product"}],"about":[{"href":"https:\/\/jinsuncarbon.com\/it\/wp-json\/wp\/v2\/types\/product"}],"wp:featuredmedia":[{"embeddable":true,"href":"https:\/\/jinsuncarbon.com\/it\/wp-json\/wp\/v2\/media\/7200"}],"wp:attachment":[{"href":"https:\/\/jinsuncarbon.com\/it\/wp-json\/wp\/v2\/media?parent=7199"}],"wp:term":[{"taxonomy":"product_brand","embeddable":true,"href":"https:\/\/jinsuncarbon.com\/it\/wp-json\/wp\/v2\/product_brand?post=7199"},{"taxonomy":"product_cat","embeddable":true,"href":"https:\/\/jinsuncarbon.com\/it\/wp-json\/wp\/v2\/product_cat?post=7199"},{"taxonomy":"product_tag","embeddable":true,"href":"https:\/\/jinsuncarbon.com\/it\/wp-json\/wp\/v2\/product_tag?post=7199"}],"curies":[{"name":"wp","href":"https:\/\/api.w.org\/{rel}","templated":true}]}}