{"id":7192,"date":"2025-01-02T01:34:56","date_gmt":"2025-01-02T01:34:56","guid":{"rendered":"https:\/\/jinsuncarbon.com\/?post_type=product&#038;p=7192"},"modified":"2025-01-02T01:44:42","modified_gmt":"2025-01-02T01:44:42","slug":"nanopolveri-di-grafite","status":"publish","type":"product","link":"https:\/\/jinsuncarbon.com\/it\/prodotto\/nanopolveri-di-grafite\/","title":{"rendered":"Nanopolveri di grafite"},"content":{"rendered":"<p>Nanopolvere di grafite: nel processo di produzione, la dimensione delle particelle della nano polvere di grafite viene controllata entro l'intervallo dei nanometri grazie a specifici mezzi tecnologici. Per soddisfare le vostre esigenze specifiche, possiamo lavorare ulteriormente la nano polvere di grafite. Regoliamo con precisione le dimensioni delle particelle per garantire che possano soddisfare le esigenze di una variet\u00e0 di scenari applicativi. Jinsun \u00e8 in grado di fornire nanopolveri di grafite di elevata purezza con dimensioni di maglia: 50-5500 mesh.<\/p>\n<h2 class=\"ql-align-justify\">Vantaggi della nanopolvere di grafite<\/h2>\n<p class=\"ql-align-justify\">In genere, la nano polvere di grafite si presenta sotto forma di polvere. Presenta evidenti vantaggi.<\/p>\n<p class=\"ql-align-justify\"><strong>Buona stabilit\u00e0 termica<\/strong><\/p>\n<p class=\"ql-align-justify\">Ha una resistenza all'ossidazione in condizioni di alta temperatura.<\/p>\n<p class=\"ql-align-justify\"><strong>Propriet\u00e0 chimiche stabili<\/strong><\/p>\n<p class=\"ql-align-justify\">Ha una resistenza alla corrosione da acidi e alcali.<\/p>\n<p class=\"ql-align-justify\"><strong>Elevata attivit\u00e0 superficiale<\/strong><\/p>\n<p class=\"ql-align-justify\">Si pu\u00f2 utilizzare completamente in vernice, resina e cos\u00ec via.<\/p>\n<p class=\"ql-align-justify\"><strong>Elevata conduttivit\u00e0, lubricit\u00e0 e adsorbimento<\/strong><\/p>\n<p class=\"ql-align-justify\">Pu\u00f2 formare un legame chimico sulla superficie metallica della nano grafite resistente e quasi non abrasiva. Sospesa nell'olio lubrificante un gran numero di nano grafite, riduce la resistenza e l'attrito, sigillando l'autolubrificazione. \u00c8 un materiale ideale per la lubrificazione solida.<\/p>\n<p class=\"ql-align-justify\">Tra questi, la nano polvere di grafite pu\u00f2 formare un rivestimento di nanogeno, che ha buone propriet\u00e0 di barriera, resistenza all'usura e alla corrosione.<\/p>\n<p class=\"ql-align-justify\">Allo stesso tempo, la nano polvere di grafite contiene nanoparticelle di grafite di dimensioni nanometriche che la rendono eccezionale nella lubrificazione, nell'adsorbimento e cos\u00ec via.<\/p>\n<h2 class=\"ql-align-justify\">Tipi di nanopolveri di grafite<\/h2>\n<p class=\"ql-align-justify\">Nanopolveri di grafite, <a href=\"https:\/\/jinsuncarbon.com\/it\/usi-del-carbonio\/\">carbone<\/a> \u00e8 generalmente di circa 98%-99% e anche superiore. I tipi di nano polvere di grafite sono principalmente i seguenti.<\/p>\n<p class=\"ql-align-justify\">Polvere di nano grafite generale<\/p>\n<p class=\"ql-align-justify\">Il suo D50&lt;400nm, D100&lt;1000nm, si pu\u00f2 ampiamente utilizzare nell&#039;industria chimica, nella lubrificazione dell&#039;acciaio e in altri campi.<\/p>\n<p class=\"ql-align-justify\">Polvere di grafite nanometrica di piccolissime dimensioni<\/p>\n<p class=\"ql-align-justify\">D50 \u00e8 pi\u00f9 piccolo, ha una superficie specifica pi\u00f9 elevata e prestazioni migliori. Spesso pu\u00f2 essere utilizzato in alcuni settori speciali con elevati requisiti di prestazione dei materiali. Ad esempio, materiali nanocompositi di alta gamma, batterie ad alte prestazioni e cos\u00ec via.<\/p>\n<h2 class=\"ql-align-justify\">Usi della nanopolvere di grafite<\/h2>\n<p class=\"ql-align-justify\">La nano polvere di grafite \u00e8 ampiamente utilizzata; di seguito sono riportati alcuni settori di applicazione comuni.<\/p>\n<p class=\"ql-align-justify\"><strong>Settore elettronico ed elettrico:<\/strong><\/p>\n<p class=\"ql-align-justify\">Come additivo conduttivo, pu\u00f2 essere aggiunto ai componenti elettronici e ai rivestimenti conduttivi, <a href=\"https:\/\/www.britannica.com\/technology\/battery-electronics#:~:text=battery%2C%20in%20electricity%20and%20electrochemistry,single%20cell%20of%20this%20kind.\" target=\"_blank\" rel=\"noopener\">batteria<\/a> materiali, ecc. Per migliorare significativamente le loro propriet\u00e0 conduttive, contribuendo a migliorare le prestazioni e la stabilit\u00e0 delle apparecchiature elettroniche.<\/p>\n<p class=\"ql-align-justify\"><strong>Campo energetico:<\/strong><\/p>\n<p class=\"ql-align-justify\">Nelle batterie agli ioni di litio, nei supercondensatori, ecc. \u00e8 possibile utilizzarlo come materiale elettrodico o additivo conduttivo. Per migliorare l'efficienza di carica e scarica delle batterie e la durata dei cicli. Nella <a href=\"https:\/\/en.wikipedia.org\/wiki\/Fuel_cell\" target=\"_blank\" rel=\"noopener\">cella a combustibile<\/a>\u00c8 possibile utilizzarlo per preparare catalizzatori ad alte prestazioni per migliorare l'efficienza e la stabilit\u00e0 della cella a combustibile.<\/p>\n<p class=\"ql-align-justify\"><strong>Industria dei macchinari:<\/strong><\/p>\n<p class=\"ql-align-justify\">Come lubrificante solido, pu\u00f2 essere aggiunto all'olio lubrificante, al grasso e utilizzato per la lubrificazione di parti meccaniche. Per ridurre l'attrito e l'usura, migliorare l'efficienza meccanica. Nel processo di lavorazione dei metalli, pu\u00f2 essere utilizzato come agente distaccante per migliorare l'efficienza della lavorazione e la qualit\u00e0 del prodotto.<\/p>\n<p class=\"ql-align-justify\"><strong>Settore chimico:<\/strong><\/p>\n<p class=\"ql-align-justify\">Come catalizzatore, pu\u00f2 essere utilizzato in diverse reazioni chimiche per migliorare l'efficienza e la selettivit\u00e0 delle reazioni. Nel rivestimento anticorrosivo, pu\u00f2 migliorare la propriet\u00e0 anticorrosiva e la resistenza agli agenti atmosferici del rivestimento.<\/p>\n<p class=\"ql-align-justify\"><strong>Aerospaziale:<\/strong><\/p>\n<p class=\"ql-align-justify\">In <a href=\"https:\/\/jinsuncarbon.com\/it\/prodotto\/carbonio-composito\/\">compositi carbonio-carbonio<\/a>pu\u00f2 migliorare la resistenza ablativa e la resistenza al calore del composito. Inoltre, il rivestimento in nanotecnologia pu\u00f2 migliorare ulteriormente le prestazioni del materiale.<\/p>","protected":false},"excerpt":{"rendered":"<p>La nanopolvere di grafite \u00e8 un tipo di polvere nanometrica formata dalla macinazione della grafite attraverso un processo speciale, con un contenuto di carbonio compreso tra 99,5% e 99,9%. Grazie alle sue propriet\u00e0 fisiche e chimiche uniche, svolge un ruolo fondamentale nei settori dell'elettronica, dell'energia, dei materiali compositi e cos\u00ec via. La sua elevata area superficiale specifica, la buona conducibilit\u00e0 elettrica e termica, possono migliorare le prestazioni dell'elettrodo della batteria, la carica. Promuove il tasso di reazione delle celle a combustibile a idrogeno e migliora la forza meccanica e la resistenza all'usura del materiale.<\/p>","protected":false},"featured_media":7194,"template":"","meta":[],"product_brand":[],"product_cat":[67],"product_tag":[],"class_list":{"0":"post-7192","1":"product","2":"type-product","3":"status-publish","4":"has-post-thumbnail","6":"product_cat-graphite-material","8":"first","9":"instock","10":"shipping-taxable","11":"product-type-simple"},"yoast_head":"<!-- This site is optimized with the Yoast SEO Premium plugin v19.2.1 (Yoast SEO v25.3) - https:\/\/yoast.com\/wordpress\/plugins\/seo\/ -->\n<title>Graphite Nanopowder \/ Nanoparticles | Jinsun Carbon<\/title>\n<meta name=\"description\" content=\"Graphite nanopowder is a type of natural graphite powder with high purity and high carbon content, which is used as advanced refractory material and conductive coating in the metallurgical industry.\" \/>\n<meta name=\"robots\" content=\"index, follow, max-snippet:-1, max-image-preview:large, max-video-preview:-1\" \/>\n<link rel=\"canonical\" href=\"https:\/\/jinsuncarbon.com\/it\/prodotto\/nanopolveri-di-grafite\/\" \/>\n<meta property=\"og:locale\" content=\"it_IT\" \/>\n<meta property=\"og:type\" content=\"article\" \/>\n<meta property=\"og:title\" content=\"Graphite Nanopowder\" \/>\n<meta property=\"og:description\" content=\"Graphite nanopowder is a type of natural graphite powder with high purity and high carbon content, which is used as advanced refractory material and conductive coating in the metallurgical industry.\" \/>\n<meta property=\"og:url\" content=\"https:\/\/jinsuncarbon.com\/it\/prodotto\/nanopolveri-di-grafite\/\" \/>\n<meta property=\"og:site_name\" content=\"Jinsun Carbon\" \/>\n<meta property=\"article:publisher\" content=\"https:\/\/www.facebook.com\/Graphite-Electrode-109336238661595\" \/>\n<meta property=\"article:modified_time\" content=\"2025-01-02T01:44:42+00:00\" \/>\n<meta property=\"og:image\" content=\"https:\/\/jinsuncarbon.com\/wp-content\/uploads\/2025\/01\/Graphite-nanopowder.jpg\" \/>\n\t<meta property=\"og:image:width\" content=\"1024\" \/>\n\t<meta property=\"og:image:height\" content=\"763\" \/>\n\t<meta property=\"og:image:type\" content=\"image\/jpeg\" \/>\n<meta name=\"twitter:card\" content=\"summary_large_image\" \/>\n<meta name=\"twitter:site\" content=\"@jinsuncarbon_\" \/>\n<meta name=\"twitter:label1\" content=\"Tempo di lettura stimato\" \/>\n\t<meta name=\"twitter:data1\" content=\"3 minuti\" \/>\n<script type=\"application\/ld+json\" class=\"yoast-schema-graph\">{\"@context\":\"https:\/\/schema.org\",\"@graph\":[{\"@type\":\"WebPage\",\"@id\":\"https:\/\/jinsuncarbon.com\/product\/graphite-nanopowder\/\",\"url\":\"https:\/\/jinsuncarbon.com\/product\/graphite-nanopowder\/\",\"name\":\"Graphite Nanopowder \/ Nanoparticles | Jinsun Carbon\",\"isPartOf\":{\"@id\":\"https:\/\/jinsuncarbon.com\/#website\"},\"primaryImageOfPage\":{\"@id\":\"https:\/\/jinsuncarbon.com\/product\/graphite-nanopowder\/#primaryimage\"},\"image\":{\"@id\":\"https:\/\/jinsuncarbon.com\/product\/graphite-nanopowder\/#primaryimage\"},\"thumbnailUrl\":\"https:\/\/jinsuncarbon.com\/wp-content\/uploads\/2025\/01\/Graphite-nanopowder.jpg\",\"datePublished\":\"2025-01-02T01:34:56+00:00\",\"dateModified\":\"2025-01-02T01:44:42+00:00\",\"description\":\"Graphite nanopowder is a type of natural graphite powder with high purity and high carbon content, which is used as advanced refractory material and conductive coating in the metallurgical industry.\",\"breadcrumb\":{\"@id\":\"https:\/\/jinsuncarbon.com\/product\/graphite-nanopowder\/#breadcrumb\"},\"inLanguage\":\"it-IT\",\"potentialAction\":[{\"@type\":\"ReadAction\",\"target\":[\"https:\/\/jinsuncarbon.com\/product\/graphite-nanopowder\/\"]}]},{\"@type\":\"ImageObject\",\"inLanguage\":\"it-IT\",\"@id\":\"https:\/\/jinsuncarbon.com\/product\/graphite-nanopowder\/#primaryimage\",\"url\":\"https:\/\/jinsuncarbon.com\/wp-content\/uploads\/2025\/01\/Graphite-nanopowder.jpg\",\"contentUrl\":\"https:\/\/jinsuncarbon.com\/wp-content\/uploads\/2025\/01\/Graphite-nanopowder.jpg\",\"width\":1024,\"height\":763,\"caption\":\"Graphite nanopowder\"},{\"@type\":\"BreadcrumbList\",\"@id\":\"https:\/\/jinsuncarbon.com\/product\/graphite-nanopowder\/#breadcrumb\",\"itemListElement\":[{\"@type\":\"ListItem\",\"position\":1,\"name\":\"Home\",\"item\":\"https:\/\/jinsuncarbon.com\/\"},{\"@type\":\"ListItem\",\"position\":2,\"name\":\"Products\",\"item\":\"https:\/\/jinsuncarbon.com\/graphite-carbon\/\"},{\"@type\":\"ListItem\",\"position\":3,\"name\":\"Graphite Nanopowder\"}]},{\"@type\":\"WebSite\",\"@id\":\"https:\/\/jinsuncarbon.com\/#website\",\"url\":\"https:\/\/jinsuncarbon.com\/\",\"name\":\"Jinsun Carbon\",\"description\":\"We are the successful graphite electrode manufacturer in China\",\"publisher\":{\"@id\":\"https:\/\/jinsuncarbon.com\/#organization\"},\"potentialAction\":[{\"@type\":\"SearchAction\",\"target\":{\"@type\":\"EntryPoint\",\"urlTemplate\":\"https:\/\/jinsuncarbon.com\/?s={search_term_string}\"},\"query-input\":{\"@type\":\"PropertyValueSpecification\",\"valueRequired\":true,\"valueName\":\"search_term_string\"}}],\"inLanguage\":\"it-IT\"},{\"@type\":\"Organization\",\"@id\":\"https:\/\/jinsuncarbon.com\/#organization\",\"name\":\"Jinsun Carbon\",\"alternateName\":\"Jinsun Carbon\",\"url\":\"https:\/\/jinsuncarbon.com\/\",\"logo\":{\"@type\":\"ImageObject\",\"inLanguage\":\"it-IT\",\"@id\":\"https:\/\/jinsuncarbon.com\/#\/schema\/logo\/image\/\",\"url\":\"https:\/\/jinsuncarbon.com\/wp-content\/uploads\/2022\/12\/LOGO-1.png\",\"contentUrl\":\"https:\/\/jinsuncarbon.com\/wp-content\/uploads\/2022\/12\/LOGO-1.png\",\"width\":207,\"height\":80,\"caption\":\"Jinsun Carbon\"},\"image\":{\"@id\":\"https:\/\/jinsuncarbon.com\/#\/schema\/logo\/image\/\"},\"sameAs\":[\"https:\/\/www.facebook.com\/Graphite-Electrode-109336238661595\",\"https:\/\/x.com\/jinsuncarbon_\",\"https:\/\/www.linkedin.com\/in\/jinsungraphite\",\"https:\/\/www.youtube.com\/channel\/UCysDNyvyR5-3cCWEmpkVC0g\"]}]}<\/script>\n<!-- \/ Yoast SEO Premium plugin. -->","yoast_head_json":{"title":"Nanopolvere di grafite \/ Nanoparticelle | Jinsun Carbon","description":"La nanopolvere di grafite \u00e8 un tipo di polvere di grafite naturale ad alta purezza ed elevato contenuto di carbonio, utilizzata come materiale refrattario avanzato e rivestimento conduttivo nell'industria metallurgica.","robots":{"index":"index","follow":"follow","max-snippet":"max-snippet:-1","max-image-preview":"max-image-preview:large","max-video-preview":"max-video-preview:-1"},"canonical":"https:\/\/jinsuncarbon.com\/it\/prodotto\/nanopolveri-di-grafite\/","og_locale":"it_IT","og_type":"article","og_title":"Graphite Nanopowder","og_description":"Graphite nanopowder is a type of natural graphite powder with high purity and high carbon content, which is used as advanced refractory material and conductive coating in the metallurgical industry.","og_url":"https:\/\/jinsuncarbon.com\/it\/prodotto\/nanopolveri-di-grafite\/","og_site_name":"Jinsun Carbon","article_publisher":"https:\/\/www.facebook.com\/Graphite-Electrode-109336238661595","article_modified_time":"2025-01-02T01:44:42+00:00","og_image":[{"width":1024,"height":763,"url":"https:\/\/jinsuncarbon.com\/wp-content\/uploads\/2025\/01\/Graphite-nanopowder.jpg","type":"image\/jpeg"}],"twitter_card":"summary_large_image","twitter_site":"@jinsuncarbon_","twitter_misc":{"Tempo di lettura stimato":"3 minuti"},"schema":{"@context":"https:\/\/schema.org","@graph":[{"@type":"WebPage","@id":"https:\/\/jinsuncarbon.com\/product\/graphite-nanopowder\/","url":"https:\/\/jinsuncarbon.com\/product\/graphite-nanopowder\/","name":"Nanopolvere di grafite \/ Nanoparticelle | Jinsun Carbon","isPartOf":{"@id":"https:\/\/jinsuncarbon.com\/#website"},"primaryImageOfPage":{"@id":"https:\/\/jinsuncarbon.com\/product\/graphite-nanopowder\/#primaryimage"},"image":{"@id":"https:\/\/jinsuncarbon.com\/product\/graphite-nanopowder\/#primaryimage"},"thumbnailUrl":"https:\/\/jinsuncarbon.com\/wp-content\/uploads\/2025\/01\/Graphite-nanopowder.jpg","datePublished":"2025-01-02T01:34:56+00:00","dateModified":"2025-01-02T01:44:42+00:00","description":"La nanopolvere di grafite \u00e8 un tipo di polvere di grafite naturale ad alta purezza ed elevato contenuto di carbonio, utilizzata come materiale refrattario avanzato e rivestimento conduttivo nell'industria metallurgica.","breadcrumb":{"@id":"https:\/\/jinsuncarbon.com\/product\/graphite-nanopowder\/#breadcrumb"},"inLanguage":"it-IT","potentialAction":[{"@type":"ReadAction","target":["https:\/\/jinsuncarbon.com\/product\/graphite-nanopowder\/"]}]},{"@type":"ImageObject","inLanguage":"it-IT","@id":"https:\/\/jinsuncarbon.com\/product\/graphite-nanopowder\/#primaryimage","url":"https:\/\/jinsuncarbon.com\/wp-content\/uploads\/2025\/01\/Graphite-nanopowder.jpg","contentUrl":"https:\/\/jinsuncarbon.com\/wp-content\/uploads\/2025\/01\/Graphite-nanopowder.jpg","width":1024,"height":763,"caption":"Graphite nanopowder"},{"@type":"BreadcrumbList","@id":"https:\/\/jinsuncarbon.com\/product\/graphite-nanopowder\/#breadcrumb","itemListElement":[{"@type":"ListItem","position":1,"name":"Home","item":"https:\/\/jinsuncarbon.com\/"},{"@type":"ListItem","position":2,"name":"Products","item":"https:\/\/jinsuncarbon.com\/graphite-carbon\/"},{"@type":"ListItem","position":3,"name":"Graphite Nanopowder"}]},{"@type":"WebSite","@id":"https:\/\/jinsuncarbon.com\/#website","url":"https:\/\/jinsuncarbon.com\/","name":"Jinsun Carbon","description":"Siamo il produttore di elettrodi di grafite di successo in Cina","publisher":{"@id":"https:\/\/jinsuncarbon.com\/#organization"},"potentialAction":[{"@type":"SearchAction","target":{"@type":"EntryPoint","urlTemplate":"https:\/\/jinsuncarbon.com\/?s={search_term_string}"},"query-input":{"@type":"PropertyValueSpecification","valueRequired":true,"valueName":"search_term_string"}}],"inLanguage":"it-IT"},{"@type":"Organization","@id":"https:\/\/jinsuncarbon.com\/#organization","name":"Jinsun Carbon","alternateName":"Jinsun Carbon","url":"https:\/\/jinsuncarbon.com\/","logo":{"@type":"ImageObject","inLanguage":"it-IT","@id":"https:\/\/jinsuncarbon.com\/#\/schema\/logo\/image\/","url":"https:\/\/jinsuncarbon.com\/wp-content\/uploads\/2022\/12\/LOGO-1.png","contentUrl":"https:\/\/jinsuncarbon.com\/wp-content\/uploads\/2022\/12\/LOGO-1.png","width":207,"height":80,"caption":"Jinsun Carbon"},"image":{"@id":"https:\/\/jinsuncarbon.com\/#\/schema\/logo\/image\/"},"sameAs":["https:\/\/www.facebook.com\/Graphite-Electrode-109336238661595","https:\/\/x.com\/jinsuncarbon_","https:\/\/www.linkedin.com\/in\/jinsungraphite","https:\/\/www.youtube.com\/channel\/UCysDNyvyR5-3cCWEmpkVC0g"]}]}},"_links":{"self":[{"href":"https:\/\/jinsuncarbon.com\/it\/wp-json\/wp\/v2\/product\/7192","targetHints":{"allow":["GET"]}}],"collection":[{"href":"https:\/\/jinsuncarbon.com\/it\/wp-json\/wp\/v2\/product"}],"about":[{"href":"https:\/\/jinsuncarbon.com\/it\/wp-json\/wp\/v2\/types\/product"}],"wp:featuredmedia":[{"embeddable":true,"href":"https:\/\/jinsuncarbon.com\/it\/wp-json\/wp\/v2\/media\/7194"}],"wp:attachment":[{"href":"https:\/\/jinsuncarbon.com\/it\/wp-json\/wp\/v2\/media?parent=7192"}],"wp:term":[{"taxonomy":"product_brand","embeddable":true,"href":"https:\/\/jinsuncarbon.com\/it\/wp-json\/wp\/v2\/product_brand?post=7192"},{"taxonomy":"product_cat","embeddable":true,"href":"https:\/\/jinsuncarbon.com\/it\/wp-json\/wp\/v2\/product_cat?post=7192"},{"taxonomy":"product_tag","embeddable":true,"href":"https:\/\/jinsuncarbon.com\/it\/wp-json\/wp\/v2\/product_tag?post=7192"}],"curies":[{"name":"wp","href":"https:\/\/api.w.org\/{rel}","templated":true}]}}