{"id":7166,"date":"2024-12-29T15:00:58","date_gmt":"2024-12-29T15:00:58","guid":{"rendered":"https:\/\/jinsuncarbon.com\/?post_type=product&#038;p=7166"},"modified":"2025-09-30T05:50:21","modified_gmt":"2025-09-30T05:50:21","slug":"crogiolo-di-grafite-al-carburo-di-silicio","status":"publish","type":"product","link":"https:\/\/jinsuncarbon.com\/it\/prodotto\/crogiolo-di-grafite-al-carburo-di-silicio\/","title":{"rendered":"Crogiolo di grafite al carburo di silicio"},"content":{"rendered":"<h2>Specificazione del crogiolo di grafite in carburo di silicio<\/h2>\n<table>\n<tbody>\n<tr>\n<td width=\"29\">NO.<\/td>\n<td width=\"45\">TIPO<\/td>\n<td width=\"71\">DIAMETRO SUPERIORE<\/td>\n<td width=\"85\">ALTEZZA ESTERNA<\/td>\n<td width=\"73\">DIAMETRO INTERNO<\/td>\n<td width=\"95\">DIAMETRO ESTERNO DEL FONDO<\/td>\n<\/tr>\n<tr>\n<td width=\"29\">1<\/td>\n<td width=\"45\">D120<\/td>\n<td width=\"71\">120<\/td>\n<td width=\"85\">135<\/td>\n<td width=\"73\">96<\/td>\n<td width=\"95\">80<\/td>\n<\/tr>\n<tr>\n<td width=\"29\">2<\/td>\n<td width=\"45\">D140<\/td>\n<td width=\"71\">140<\/td>\n<td width=\"85\">155<\/td>\n<td width=\"73\">116<\/td>\n<td width=\"95\">100<\/td>\n<\/tr>\n<tr>\n<td width=\"29\">3<\/td>\n<td width=\"45\">D160<\/td>\n<td width=\"71\">160<\/td>\n<td width=\"85\">166<\/td>\n<td width=\"73\">130<\/td>\n<td width=\"95\">109<\/td>\n<\/tr>\n<tr>\n<td width=\"29\">4<\/td>\n<td width=\"45\">D230<\/td>\n<td width=\"71\">230<\/td>\n<td width=\"85\">400<\/td>\n<td width=\"73\">190<\/td>\n<td width=\"95\">225<\/td>\n<\/tr>\n<tr>\n<td width=\"29\">5<\/td>\n<td width=\"45\">D240<\/td>\n<td width=\"71\">240<\/td>\n<td width=\"85\">335<\/td>\n<td width=\"73\">200<\/td>\n<td width=\"95\">170<\/td>\n<\/tr>\n<tr>\n<td width=\"29\">6<\/td>\n<td width=\"45\">D300<\/td>\n<td width=\"71\">300<\/td>\n<td width=\"85\">600<\/td>\n<td width=\"73\">230<\/td>\n<td width=\"95\">295<\/td>\n<\/tr>\n<tr>\n<td width=\"29\">7<\/td>\n<td width=\"45\">D340<\/td>\n<td width=\"71\">340<\/td>\n<td width=\"85\">560<\/td>\n<td width=\"73\">270<\/td>\n<td width=\"95\">180<\/td>\n<\/tr>\n<tr>\n<td width=\"29\">8<\/td>\n<td width=\"45\">D510<\/td>\n<td width=\"71\">510<\/td>\n<td width=\"85\">900<\/td>\n<td width=\"73\">430<\/td>\n<td width=\"95\">280<\/td>\n<\/tr>\n<tr>\n<td width=\"29\">9<\/td>\n<td width=\"45\">D520<\/td>\n<td width=\"71\">520<\/td>\n<td width=\"85\">760<\/td>\n<td width=\"73\">440<\/td>\n<td width=\"95\">280<\/td>\n<\/tr>\n<tr>\n<td width=\"29\">10<\/td>\n<td width=\"45\">D560<\/td>\n<td width=\"71\">560<\/td>\n<td width=\"85\">665<\/td>\n<td width=\"73\">467<\/td>\n<td width=\"95\">330<\/td>\n<\/tr>\n<tr>\n<td width=\"29\">11<\/td>\n<td width=\"45\">D615<\/td>\n<td width=\"71\">615<\/td>\n<td width=\"85\">630<\/td>\n<td width=\"73\">532.5<\/td>\n<td width=\"95\">300<\/td>\n<\/tr>\n<tr>\n<td width=\"29\">12<\/td>\n<td width=\"45\">D700<\/td>\n<td width=\"71\">700<\/td>\n<td width=\"85\">520<\/td>\n<td width=\"73\">610<\/td>\n<td width=\"95\">290<\/td>\n<\/tr>\n<tr>\n<td width=\"29\">13<\/td>\n<td width=\"45\">D710<\/td>\n<td width=\"71\">710<\/td>\n<td width=\"85\">700<\/td>\n<td width=\"73\">619<\/td>\n<td width=\"95\">285<\/td>\n<\/tr>\n<tr>\n<td width=\"29\">14<\/td>\n<td width=\"45\">D770<\/td>\n<td width=\"71\">770<\/td>\n<td width=\"85\">900<\/td>\n<td width=\"73\">680<\/td>\n<td width=\"95\">310<\/td>\n<\/tr>\n<tr>\n<td width=\"29\">15<\/td>\n<td width=\"45\">D780<\/td>\n<td width=\"71\">780<\/td>\n<td width=\"85\">750<\/td>\n<td width=\"73\">695<\/td>\n<td width=\"95\">360<\/td>\n<\/tr>\n<\/tbody>\n<\/table>\n<p>&nbsp;<\/p>\n<h2>Crogiolo di grafite al carburo di silicio<\/h2>\n<p>1. Prestazioni del nucleo del carburo di silicio (SiC)<\/p>\n<p>Elevata durezza ed elevata resistenza meccanica: il carburo di silicio ha una durezza Mohs di 9,5, seconda solo al diamante, e dimostra un'eccellente resistenza all'usura e agli urti.<\/p>\n<p>Eccellente conduttivit\u00e0 termica e resistenza alle alte temperature: conduttivit\u00e0 termica fino a 120-200 W\/(m-K), in grado di condurre rapidamente e uniformemente il calore. Il nostro crogiolo pu\u00f2 funzionare stabilmente per lungo tempo in ambienti ad alta temperatura da **1600\u00b0C a 2000\u00b0C.<\/p>\n<p>Resistenza all'ossidazione e agli agenti chimici: il carburo di silicio forma ad alta temperatura un denso strato protettivo di SiO2, impedendo efficacemente l'ossidazione. \u00c8 adatto a condizioni di lavoro difficili, come metallo fuso e scorie corrosive.<\/p>\n<p>2. Caratteristiche e funzioni della grafite<\/p>\n<p>Elevata conduttivit\u00e0 e conducibilit\u00e0 termica: <a href=\"https:\/\/jinsuncarbon.com\/it\/che-cose-la-grafite-e-di-che-cosa-e-fatta-la-grafite\/\">grafite<\/a> ha un'elevata conducibilit\u00e0 termica, che favorisce una rapida conduzione del calore e migliora l'efficienza della fusione.<\/p>\n<p>Buona resistenza agli shock termici: basso coefficiente di espansione termica, adattamento a drastici cambiamenti di temperatura, riduzione del rischio di fessurazione.<\/p>\n<p>3. Vantaggio del composito di carburo di silicio e grafite<\/p>\n<p>Sinergia di materiali: La struttura composita di carburo di silicio e grafite presenta un'elevata resistenza e un'alta conduttivit\u00e0 termica.<\/p>\n<p>Durata prolungata: la resistenza alle alte temperature, la resistenza all'ossidazione e all'usura prolungano notevolmente la durata del prodotto. <a href=\"https:\/\/jinsuncarbon.com\/it\/prodotto\/crogiolo-di-grafite-di-grandi-dimensioni\/\">crogiolo<\/a>.<\/p>\n<p>4. Parametri di prestazione chiave<\/p>\n<p>Coefficiente di espansione termica: bassa espansione termica, buona stabilit\u00e0 termica.<\/p>\n<p>Indice di resistenza all'ossidazione: mantiene una struttura stabile in condizioni di alta temperatura.<\/p>\n<p>Conducibilit\u00e0 termica e stabilit\u00e0 agli shock termici: migliorano l'efficienza del processo di fusione, adattandosi a condizioni di temperatura complesse.<\/p>\n<p><img fetchpriority=\"high\" decoding=\"async\" class=\"alignnone  wp-image-8104\" src=\"https:\/\/jinsuncarbon.com\/wp-content\/uploads\/2024\/12\/Silicon-Carbide-Graphite-Crucible-1-225x300.jpg\" alt=\"Crogiolo di grafite al carburo di silicio\" width=\"263\" height=\"351\" srcset=\"https:\/\/jinsuncarbon.com\/wp-content\/uploads\/2024\/12\/Silicon-Carbide-Graphite-Crucible-1-225x300.jpg 225w, https:\/\/jinsuncarbon.com\/wp-content\/uploads\/2024\/12\/Silicon-Carbide-Graphite-Crucible-1-768x1024.jpg 768w, https:\/\/jinsuncarbon.com\/wp-content\/uploads\/2024\/12\/Silicon-Carbide-Graphite-Crucible-1-9x12.jpg 9w, https:\/\/jinsuncarbon.com\/wp-content\/uploads\/2024\/12\/Silicon-Carbide-Graphite-Crucible-1-600x800.jpg 600w, https:\/\/jinsuncarbon.com\/wp-content\/uploads\/2024\/12\/Silicon-Carbide-Graphite-Crucible-1.jpg 960w\" sizes=\"(max-width: 263px) 100vw, 263px\" \/> <img decoding=\"async\" class=\"alignnone  wp-image-8105\" src=\"https:\/\/jinsuncarbon.com\/wp-content\/uploads\/2024\/12\/Silicon-Carbide-Graphite-Crucible-2-225x300.jpg\" alt=\"Crogiolo di grafite al carburo di silicio\" width=\"262\" height=\"350\" srcset=\"https:\/\/jinsuncarbon.com\/wp-content\/uploads\/2024\/12\/Silicon-Carbide-Graphite-Crucible-2-225x300.jpg 225w, https:\/\/jinsuncarbon.com\/wp-content\/uploads\/2024\/12\/Silicon-Carbide-Graphite-Crucible-2-768x1024.jpg 768w, https:\/\/jinsuncarbon.com\/wp-content\/uploads\/2024\/12\/Silicon-Carbide-Graphite-Crucible-2-1152x1536.jpg 1152w, https:\/\/jinsuncarbon.com\/wp-content\/uploads\/2024\/12\/Silicon-Carbide-Graphite-Crucible-2-9x12.jpg 9w, https:\/\/jinsuncarbon.com\/wp-content\/uploads\/2024\/12\/Silicon-Carbide-Graphite-Crucible-2-600x800.jpg 600w, https:\/\/jinsuncarbon.com\/wp-content\/uploads\/2024\/12\/Silicon-Carbide-Graphite-Crucible-2.jpg 1280w\" sizes=\"(max-width: 262px) 100vw, 262px\" \/> <img decoding=\"async\" class=\"alignnone  wp-image-8106\" src=\"https:\/\/jinsuncarbon.com\/wp-content\/uploads\/2024\/12\/Silicon-Carbide-Graphite-Crucible-3-225x300.jpg\" alt=\"Crogiolo di grafite al carburo di silicio\" width=\"261\" height=\"348\" srcset=\"https:\/\/jinsuncarbon.com\/wp-content\/uploads\/2024\/12\/Silicon-Carbide-Graphite-Crucible-3-225x300.jpg 225w, https:\/\/jinsuncarbon.com\/wp-content\/uploads\/2024\/12\/Silicon-Carbide-Graphite-Crucible-3-768x1024.jpg 768w, https:\/\/jinsuncarbon.com\/wp-content\/uploads\/2024\/12\/Silicon-Carbide-Graphite-Crucible-3-1152x1536.jpg 1152w, https:\/\/jinsuncarbon.com\/wp-content\/uploads\/2024\/12\/Silicon-Carbide-Graphite-Crucible-3-9x12.jpg 9w, https:\/\/jinsuncarbon.com\/wp-content\/uploads\/2024\/12\/Silicon-Carbide-Graphite-Crucible-3-600x800.jpg 600w, https:\/\/jinsuncarbon.com\/wp-content\/uploads\/2024\/12\/Silicon-Carbide-Graphite-Crucible-3.jpg 1280w\" sizes=\"(max-width: 261px) 100vw, 261px\" \/><\/p>\n<h2>Usi del crogiolo di grafite al carburo di silicio<\/h2>\n<p>Industria metallurgica: utilizzata nel processo di fusione di alluminio, rame, magnesio e altri metalli non ferrosi, con elevata efficienza di conducibilit\u00e0 termica e buona stabilit\u00e0 strutturale.<\/p>\n<p>Industria della fonderia: Garantire una produzione di getti di alta precisione, ridurre le perdite di energia durante la fusione e migliorare l'efficienza produttiva.<\/p>\n<p>Industria dei semiconduttori: presenta un'elevata purezza e stabilit\u00e0 di temperatura nella fusione e nell'estrazione di cristalli di silicio monocristallino e di silicio. <a href=\"https:\/\/en.wikipedia.org\/wiki\/Polycrystalline_silicon#:~:text=Polycrystalline%20silicon%20(or%20semi%2Dcrystalline,a%20%22metal%20flake%20effect%22.\" target=\"_blank\" rel=\"noopener\">silicio policristallino<\/a>.<\/p>\n<p>Importanza:<\/p>\n<p>L'applicazione del crogiolo di grafite al carburo di silicio migliora l'efficienza della produzione industriale, riduce i costi di produzione, promuove l'innovazione tecnologica e lo sviluppo industriale, in particolare svolge un ruolo insostituibile nella preparazione dei materiali ad alta temperatura e nell'industria delle nuove energie.<\/p>\n<p><strong>Vantaggi delle fonderie di metalli<\/strong><\/p>\n<p>Stabilit\u00e0 alle alte temperature ed eccellente conduttivit\u00e0 termica: conduzione del calore efficiente e uniforme, mantenimento della stabilit\u00e0 in ambienti ad alta temperatura.<\/p>\n<p>Lunga durata, alta economia: ridurre i costi di manutenzione, migliorare i vantaggi economici complessivi.<\/p>\n<p>Resistenza all'ossidazione, alla corrosione e alta resistenza meccanica: adatto a condizioni di lavoro difficili, prolunga la durata del crogiolo.<\/p>\n<h2>Processo di preparazione dei crogioli di grafite al carburo di silicio<\/h2>\n<p>Selezione e manipolazione delle materie prime<\/p>\n<p>Polvere di carburo di silicio di elevata purezza e naturale\/<a href=\"https:\/\/jinsuncarbon.com\/it\/grafite-sintetica\/\">grafite artificiale<\/a> sono selezionati.<\/p>\n<p>Controllare la distribuzione delle dimensioni delle particelle e il rapporto tra i materiali per ottimizzare i parametri di prestazione.<\/p>\n<p>Processo di formazione<\/p>\n<p>Stampaggio isostatico: garantisce una densit\u00e0 uniforme del crogiolo e un'elevata precisione di stampaggio.<\/p>\n<p>Stampaggio: adatto alla produzione su larga scala, a basso costo di processo.<\/p>\n<p>Processo di sinterizzazione e densificazione<\/p>\n<p>Sinterizzazione in atmosfera e sinterizzazione per reazione: aumentano la densit\u00e0 e la resistenza strutturale del crogiolo.<\/p>\n<p>Pressatura isostatica a caldo (HIP): ottimizza ulteriormente le propriet\u00e0 meccaniche e la duttilit\u00e0.<\/p>\n<p>Tecnologia di rivestimento resistente all'ossidazione superficiale<\/p>\n<p>I materiali di rivestimento, come l'ossido di silicio (SiO2), sono selezionati per formare uno strato protettivo.<\/p>\n<p>Migliorare la resistenza all'ossidazione e la durata del crogiolo.<\/p>\n<p>Controllo qualit\u00e0 e test delle prestazioni<\/p>\n<p>Sono state testate la resistenza meccanica, la conducibilit\u00e0 termica e la resistenza all'ossidazione.<\/p>\n<p>La durata e la resistenza agli shock termici sono testate simulando le reali condizioni di lavoro.<\/p>","protected":false},"excerpt":{"rendered":"<p>Il crogiolo di grafite al carburo di silicio \u00e8 una combinazione di crogiolo in grafite e carburo di silicio, utilizzato principalmente per la fusione e la colata di metalli non ferrosi. Viene utilizzato per forni a induzione e forni a gas. Le specifiche del crogiolo di grafite al carburo di silicio:<\/p>\n<ul>\n<li class=\"ql-align-justify\">Contenuto Sic:\u00a0<strong>\u2265\u00a0<\/strong>48%<\/li>\n<li>Refrattariet\u00e0: 1650 \u00b0C<\/li>\n<li class=\"ql-align-justify\">Contenuto di carbonio:\u00a0<strong>\u2265<\/strong>\u00a030-45%<\/li>\n<li class=\"ql-align-justify\">Porosit\u00e0 aperta:\u00a0<strong>\u2264<\/strong>18-25%<\/li>\n<li class=\"ql-align-justify\">Densit\u00e0 apparente:\u00a0<strong>\u2265<\/strong>1,9-2,1 g\/cm<sup>3<\/sup><\/li>\n<\/ul>","protected":false},"featured_media":7167,"template":"","meta":[],"product_brand":[],"product_cat":[38],"product_tag":[],"class_list":{"0":"post-7166","1":"product","2":"type-product","3":"status-publish","4":"has-post-thumbnail","6":"product_cat-graphite-products","8":"first","9":"instock","10":"shipping-taxable","11":"product-type-simple"},"yoast_head":"<!-- This site is optimized with the Yoast SEO Premium plugin v19.2.1 (Yoast SEO v25.3) - https:\/\/yoast.com\/wordpress\/plugins\/seo\/ -->\n<title>Silicon Carbide Graphite Crucible Manufacturer- Best Price<\/title>\n<meta name=\"description\" content=\"Silicon carbide graphite crucible is used for metal smelting and casting, and can melt aluminum, copper and other non-metals.\" \/>\n<meta name=\"robots\" content=\"index, follow, max-snippet:-1, max-image-preview:large, max-video-preview:-1\" \/>\n<link rel=\"canonical\" href=\"https:\/\/jinsuncarbon.com\/it\/prodotto\/crogiolo-di-grafite-al-carburo-di-silicio\/\" \/>\n<meta property=\"og:locale\" content=\"it_IT\" \/>\n<meta property=\"og:type\" content=\"article\" \/>\n<meta property=\"og:title\" content=\"Silicon Carbide Graphite Crucible\" \/>\n<meta property=\"og:description\" content=\"Silicon carbide graphite crucible is used for metal smelting and casting, and can melt aluminum, copper and other non-metals.\" \/>\n<meta property=\"og:url\" content=\"https:\/\/jinsuncarbon.com\/it\/prodotto\/crogiolo-di-grafite-al-carburo-di-silicio\/\" \/>\n<meta property=\"og:site_name\" content=\"Jinsun Carbon\" \/>\n<meta property=\"article:publisher\" content=\"https:\/\/www.facebook.com\/Graphite-Electrode-109336238661595\" \/>\n<meta property=\"article:modified_time\" content=\"2025-09-30T05:50:21+00:00\" \/>\n<meta property=\"og:image\" content=\"https:\/\/jinsuncarbon.com\/wp-content\/uploads\/2024\/12\/silicon-carbide-graphite-crucible.jpg\" \/>\n\t<meta property=\"og:image:width\" content=\"1024\" \/>\n\t<meta property=\"og:image:height\" content=\"763\" \/>\n\t<meta property=\"og:image:type\" content=\"image\/jpeg\" \/>\n<meta name=\"twitter:card\" content=\"summary_large_image\" \/>\n<meta name=\"twitter:site\" content=\"@jinsuncarbon_\" \/>\n<meta name=\"twitter:label1\" content=\"Tempo di lettura stimato\" \/>\n\t<meta name=\"twitter:data1\" content=\"4 minuti\" \/>\n<script type=\"application\/ld+json\" class=\"yoast-schema-graph\">{\"@context\":\"https:\/\/schema.org\",\"@graph\":[{\"@type\":\"WebPage\",\"@id\":\"https:\/\/jinsuncarbon.com\/product\/silicon-carbide-graphite-crucible\/\",\"url\":\"https:\/\/jinsuncarbon.com\/product\/silicon-carbide-graphite-crucible\/\",\"name\":\"Silicon Carbide Graphite Crucible Manufacturer- Best Price\",\"isPartOf\":{\"@id\":\"https:\/\/jinsuncarbon.com\/#website\"},\"primaryImageOfPage\":{\"@id\":\"https:\/\/jinsuncarbon.com\/product\/silicon-carbide-graphite-crucible\/#primaryimage\"},\"image\":{\"@id\":\"https:\/\/jinsuncarbon.com\/product\/silicon-carbide-graphite-crucible\/#primaryimage\"},\"thumbnailUrl\":\"https:\/\/jinsuncarbon.com\/wp-content\/uploads\/2024\/12\/silicon-carbide-graphite-crucible.jpg\",\"datePublished\":\"2024-12-29T15:00:58+00:00\",\"dateModified\":\"2025-09-30T05:50:21+00:00\",\"description\":\"Silicon carbide graphite crucible is used for metal smelting and casting, and can melt aluminum, copper and other non-metals.\",\"breadcrumb\":{\"@id\":\"https:\/\/jinsuncarbon.com\/product\/silicon-carbide-graphite-crucible\/#breadcrumb\"},\"inLanguage\":\"it-IT\",\"potentialAction\":[{\"@type\":\"ReadAction\",\"target\":[\"https:\/\/jinsuncarbon.com\/product\/silicon-carbide-graphite-crucible\/\"]}]},{\"@type\":\"ImageObject\",\"inLanguage\":\"it-IT\",\"@id\":\"https:\/\/jinsuncarbon.com\/product\/silicon-carbide-graphite-crucible\/#primaryimage\",\"url\":\"https:\/\/jinsuncarbon.com\/wp-content\/uploads\/2024\/12\/silicon-carbide-graphite-crucible.jpg\",\"contentUrl\":\"https:\/\/jinsuncarbon.com\/wp-content\/uploads\/2024\/12\/silicon-carbide-graphite-crucible.jpg\",\"width\":1024,\"height\":763,\"caption\":\"silicon carbide graphite crucible\"},{\"@type\":\"BreadcrumbList\",\"@id\":\"https:\/\/jinsuncarbon.com\/product\/silicon-carbide-graphite-crucible\/#breadcrumb\",\"itemListElement\":[{\"@type\":\"ListItem\",\"position\":1,\"name\":\"Home\",\"item\":\"https:\/\/jinsuncarbon.com\/\"},{\"@type\":\"ListItem\",\"position\":2,\"name\":\"Products\",\"item\":\"https:\/\/jinsuncarbon.com\/graphite-carbon\/\"},{\"@type\":\"ListItem\",\"position\":3,\"name\":\"Silicon Carbide Graphite Crucible\"}]},{\"@type\":\"WebSite\",\"@id\":\"https:\/\/jinsuncarbon.com\/#website\",\"url\":\"https:\/\/jinsuncarbon.com\/\",\"name\":\"Jinsun Carbon\",\"description\":\"We are the successful graphite electrode manufacturer in China\",\"publisher\":{\"@id\":\"https:\/\/jinsuncarbon.com\/#organization\"},\"potentialAction\":[{\"@type\":\"SearchAction\",\"target\":{\"@type\":\"EntryPoint\",\"urlTemplate\":\"https:\/\/jinsuncarbon.com\/?s={search_term_string}\"},\"query-input\":{\"@type\":\"PropertyValueSpecification\",\"valueRequired\":true,\"valueName\":\"search_term_string\"}}],\"inLanguage\":\"it-IT\"},{\"@type\":\"Organization\",\"@id\":\"https:\/\/jinsuncarbon.com\/#organization\",\"name\":\"Jinsun Carbon\",\"alternateName\":\"Jinsun Carbon\",\"url\":\"https:\/\/jinsuncarbon.com\/\",\"logo\":{\"@type\":\"ImageObject\",\"inLanguage\":\"it-IT\",\"@id\":\"https:\/\/jinsuncarbon.com\/#\/schema\/logo\/image\/\",\"url\":\"https:\/\/jinsuncarbon.com\/wp-content\/uploads\/2022\/12\/LOGO-1.png\",\"contentUrl\":\"https:\/\/jinsuncarbon.com\/wp-content\/uploads\/2022\/12\/LOGO-1.png\",\"width\":207,\"height\":80,\"caption\":\"Jinsun Carbon\"},\"image\":{\"@id\":\"https:\/\/jinsuncarbon.com\/#\/schema\/logo\/image\/\"},\"sameAs\":[\"https:\/\/www.facebook.com\/Graphite-Electrode-109336238661595\",\"https:\/\/x.com\/jinsuncarbon_\",\"https:\/\/www.linkedin.com\/in\/jinsungraphite\",\"https:\/\/www.youtube.com\/channel\/UCysDNyvyR5-3cCWEmpkVC0g\"]}]}<\/script>\n<!-- \/ Yoast SEO Premium plugin. -->","yoast_head_json":{"title":"Crogiolo di grafite in carburo di silicio Produttore - Miglior prezzo","description":"Il crogiolo di grafite al carburo di silicio \u00e8 utilizzato per la fusione e la colata dei metalli e pu\u00f2 fondere alluminio, rame e altri non metalli.","robots":{"index":"index","follow":"follow","max-snippet":"max-snippet:-1","max-image-preview":"max-image-preview:large","max-video-preview":"max-video-preview:-1"},"canonical":"https:\/\/jinsuncarbon.com\/it\/prodotto\/crogiolo-di-grafite-al-carburo-di-silicio\/","og_locale":"it_IT","og_type":"article","og_title":"Silicon Carbide Graphite Crucible","og_description":"Silicon carbide graphite crucible is used for metal smelting and casting, and can melt aluminum, copper and other non-metals.","og_url":"https:\/\/jinsuncarbon.com\/it\/prodotto\/crogiolo-di-grafite-al-carburo-di-silicio\/","og_site_name":"Jinsun Carbon","article_publisher":"https:\/\/www.facebook.com\/Graphite-Electrode-109336238661595","article_modified_time":"2025-09-30T05:50:21+00:00","og_image":[{"width":1024,"height":763,"url":"https:\/\/jinsuncarbon.com\/wp-content\/uploads\/2024\/12\/silicon-carbide-graphite-crucible.jpg","type":"image\/jpeg"}],"twitter_card":"summary_large_image","twitter_site":"@jinsuncarbon_","twitter_misc":{"Tempo di lettura stimato":"4 minuti"},"schema":{"@context":"https:\/\/schema.org","@graph":[{"@type":"WebPage","@id":"https:\/\/jinsuncarbon.com\/product\/silicon-carbide-graphite-crucible\/","url":"https:\/\/jinsuncarbon.com\/product\/silicon-carbide-graphite-crucible\/","name":"Crogiolo di grafite in carburo di silicio Produttore - Miglior prezzo","isPartOf":{"@id":"https:\/\/jinsuncarbon.com\/#website"},"primaryImageOfPage":{"@id":"https:\/\/jinsuncarbon.com\/product\/silicon-carbide-graphite-crucible\/#primaryimage"},"image":{"@id":"https:\/\/jinsuncarbon.com\/product\/silicon-carbide-graphite-crucible\/#primaryimage"},"thumbnailUrl":"https:\/\/jinsuncarbon.com\/wp-content\/uploads\/2024\/12\/silicon-carbide-graphite-crucible.jpg","datePublished":"2024-12-29T15:00:58+00:00","dateModified":"2025-09-30T05:50:21+00:00","description":"Il crogiolo di grafite al carburo di silicio \u00e8 utilizzato per la fusione e la colata dei metalli e pu\u00f2 fondere alluminio, rame e altri non metalli.","breadcrumb":{"@id":"https:\/\/jinsuncarbon.com\/product\/silicon-carbide-graphite-crucible\/#breadcrumb"},"inLanguage":"it-IT","potentialAction":[{"@type":"ReadAction","target":["https:\/\/jinsuncarbon.com\/product\/silicon-carbide-graphite-crucible\/"]}]},{"@type":"ImageObject","inLanguage":"it-IT","@id":"https:\/\/jinsuncarbon.com\/product\/silicon-carbide-graphite-crucible\/#primaryimage","url":"https:\/\/jinsuncarbon.com\/wp-content\/uploads\/2024\/12\/silicon-carbide-graphite-crucible.jpg","contentUrl":"https:\/\/jinsuncarbon.com\/wp-content\/uploads\/2024\/12\/silicon-carbide-graphite-crucible.jpg","width":1024,"height":763,"caption":"silicon carbide graphite crucible"},{"@type":"BreadcrumbList","@id":"https:\/\/jinsuncarbon.com\/product\/silicon-carbide-graphite-crucible\/#breadcrumb","itemListElement":[{"@type":"ListItem","position":1,"name":"Home","item":"https:\/\/jinsuncarbon.com\/"},{"@type":"ListItem","position":2,"name":"Products","item":"https:\/\/jinsuncarbon.com\/graphite-carbon\/"},{"@type":"ListItem","position":3,"name":"Silicon Carbide Graphite Crucible"}]},{"@type":"WebSite","@id":"https:\/\/jinsuncarbon.com\/#website","url":"https:\/\/jinsuncarbon.com\/","name":"Jinsun Carbon","description":"Siamo il produttore di elettrodi di grafite di successo in Cina","publisher":{"@id":"https:\/\/jinsuncarbon.com\/#organization"},"potentialAction":[{"@type":"SearchAction","target":{"@type":"EntryPoint","urlTemplate":"https:\/\/jinsuncarbon.com\/?s={search_term_string}"},"query-input":{"@type":"PropertyValueSpecification","valueRequired":true,"valueName":"search_term_string"}}],"inLanguage":"it-IT"},{"@type":"Organization","@id":"https:\/\/jinsuncarbon.com\/#organization","name":"Jinsun Carbon","alternateName":"Jinsun Carbon","url":"https:\/\/jinsuncarbon.com\/","logo":{"@type":"ImageObject","inLanguage":"it-IT","@id":"https:\/\/jinsuncarbon.com\/#\/schema\/logo\/image\/","url":"https:\/\/jinsuncarbon.com\/wp-content\/uploads\/2022\/12\/LOGO-1.png","contentUrl":"https:\/\/jinsuncarbon.com\/wp-content\/uploads\/2022\/12\/LOGO-1.png","width":207,"height":80,"caption":"Jinsun Carbon"},"image":{"@id":"https:\/\/jinsuncarbon.com\/#\/schema\/logo\/image\/"},"sameAs":["https:\/\/www.facebook.com\/Graphite-Electrode-109336238661595","https:\/\/x.com\/jinsuncarbon_","https:\/\/www.linkedin.com\/in\/jinsungraphite","https:\/\/www.youtube.com\/channel\/UCysDNyvyR5-3cCWEmpkVC0g"]}]}},"_links":{"self":[{"href":"https:\/\/jinsuncarbon.com\/it\/wp-json\/wp\/v2\/product\/7166","targetHints":{"allow":["GET"]}}],"collection":[{"href":"https:\/\/jinsuncarbon.com\/it\/wp-json\/wp\/v2\/product"}],"about":[{"href":"https:\/\/jinsuncarbon.com\/it\/wp-json\/wp\/v2\/types\/product"}],"wp:featuredmedia":[{"embeddable":true,"href":"https:\/\/jinsuncarbon.com\/it\/wp-json\/wp\/v2\/media\/7167"}],"wp:attachment":[{"href":"https:\/\/jinsuncarbon.com\/it\/wp-json\/wp\/v2\/media?parent=7166"}],"wp:term":[{"taxonomy":"product_brand","embeddable":true,"href":"https:\/\/jinsuncarbon.com\/it\/wp-json\/wp\/v2\/product_brand?post=7166"},{"taxonomy":"product_cat","embeddable":true,"href":"https:\/\/jinsuncarbon.com\/it\/wp-json\/wp\/v2\/product_cat?post=7166"},{"taxonomy":"product_tag","embeddable":true,"href":"https:\/\/jinsuncarbon.com\/it\/wp-json\/wp\/v2\/product_tag?post=7166"}],"curies":[{"name":"wp","href":"https:\/\/api.w.org\/{rel}","templated":true}]}}