{"id":7140,"date":"2024-12-28T00:44:38","date_gmt":"2024-12-28T00:44:38","guid":{"rendered":"https:\/\/jinsuncarbon.com\/?post_type=product&#038;p=7140"},"modified":"2024-12-28T00:44:39","modified_gmt":"2024-12-28T00:44:39","slug":"foglio-di-grafite-pirolitica","status":"publish","type":"product","link":"https:\/\/jinsuncarbon.com\/it\/prodotto\/foglio-di-grafite-pirolitica\/","title":{"rendered":"Foglio di grafite pirolitica"},"content":{"rendered":"<p><strong>Propriet\u00e0 dei fogli di grafite pirolitica<\/strong><\/p>\n<p class=\"ql-align-justify\">In genere, i fogli di grafite pirolitica si presentano come fiocchi, dischi o rotoli. I suoi vantaggi sono evidenti.<\/p>\n<p class=\"ql-align-justify\"><strong>Eccellente stabilit\u00e0 termica<\/strong><\/p>\n<p class=\"ql-align-justify\">Pu\u00f2 essere stabile in un'ampia gamma di temperature, da -200 \u00b0C a circa 1500 \u00b0C.<\/p>\n<p class=\"ql-align-justify\"><strong>Superficie liscia e alta riflettivit\u00e0<\/strong><\/p>\n<p class=\"ql-align-justify\">\u00c8 un eccellente materiale termoisolante.<\/p>\n<p class=\"ql-align-justify\"><strong>Basso coefficiente di attrito<\/strong><\/p>\n<p class=\"ql-align-justify\">Pu\u00f2 essere utilizzato come foglio autolubrificante; facile da lavorare, modellare o tagliare; elevata durata.<\/p>\n<p class=\"ql-align-justify\"><strong>Buona conducibilit\u00e0 termica<\/strong><\/p>\n<p class=\"ql-align-justify\">\u00c8 in grado di condurre rapidamente il calore, caratteristica fondamentale in molte applicazioni di gestione termica.<\/p>\n<p class=\"ql-align-justify\"><strong>Buona conducibilit\u00e0 elettrica<\/strong><\/p>\n<p class=\"ql-align-justify\">Questo lo rende un'applicazione potenziale nei settori dell'elettronica e dell'elettricit\u00e0. Ad esempio, in alcune parti che richiedono conduttivit\u00e0 elettrica e termica.<\/p>\n<p>&nbsp;<\/p>\n<h3 class=\"ql-align-justify\">Tipi di fogli di grafite pirolitica<\/h3>\n<p class=\"ql-align-justify\"><strong>Foglio di grafite pirolitica in fiocchi:<\/strong><\/p>\n<p class=\"ql-align-justify\">Questa \u00e8 la forma pi\u00f9 comune, la forma \u00e8 regolare, facile da tagliare e lavorare. Conveniente per la produzione di dissipatori di calore in grafite pirolitica per piccole apparecchiature elettroniche o di piccole guarnizioni di tenuta. \u00c8 possibile tagliarla direttamente in base alle specifiche esigenze dimensionali, per soddisfare le specifiche esigenze di forma e dimensione.<\/p>\n<p class=\"ql-align-justify\"><strong>Foglio di grafite pirolitica a forma di disco:<\/strong><\/p>\n<p class=\"ql-align-justify\">Questa forma \u00e8 adatta ad alcune applicazioni che richiedono avvolgimenti o bobine. Il disco di grafite pirolitica pu\u00f2 essere facilmente avvolto. Inoltre, \u00e8 possibile sfruttare le sue propriet\u00e0 termiche e isolanti per garantire un funzionamento stabile della bobina.<\/p>\n<p class=\"ql-align-justify\"><strong>Fogli di grafite pirolitica laminati:<\/strong><\/p>\n<p class=\"ql-align-justify\">\u00c8 facile da immagazzinare e trasportare, adatto all'uso su larga scala. Nella produzione industriale, se \u00e8 richiesto un gran numero di fogli di grafite pirolitica, \u00e8 possibile utilizzare efficacemente i fogli di grafite pirolitica laminati per convertirli nel prodotto finale con metodi di lavorazione continua.<\/p>\n<p class=\"ql-align-justify\">Il prezzo dei fiocchi di grafite pirolitica varia in base a fattori quali la purezza, la forma, le dimensioni, l'offerta e la domanda del mercato. Il costo dei normali fogli di grafite pirolitica pura \u00e8 relativamente basso. Il prezzo \u00e8 relativamente vicino a quello delle persone. I fogli di grafite pirolitica ad alta purezza hanno un prezzo relativamente alto a causa della loro elevata purezza e dei requisiti applicativi speciali.<\/p>\n<h2 class=\"ql-align-justify\">Utilizzi dei fogli di grafite pirolitica<\/h2>\n<p class=\"ql-align-justify\"><strong>Settore elettronico ed elettrico<\/strong><\/p>\n<p class=\"ql-align-justify\">Foglio di grafite pirolitica per la dissipazione del calore. Le apparecchiature elettroniche generano molto calore durante il funzionamento e i fogli di grafite pirolitica conducono rapidamente il calore con un'elevata conducibilit\u00e0 termica. In questo modo riducono efficacemente la temperatura delle apparecchiature, migliorando le prestazioni e la stabilit\u00e0.<\/p>\n<p class=\"ql-align-justify\"><strong>Campo energetico<\/strong><\/p>\n<p class=\"ql-align-justify\"><strong>Celle a combustibile:<\/strong><\/p>\n<p class=\"ql-align-justify\">I fogli di grafite pirolitica fungono da piastre bipolari per separare combustibile e ossidante, raccogliere e condurre la corrente. E supportano gli elettrodi a membrana.<\/p>\n<p class=\"ql-align-justify\"><strong>Celle solari:<\/strong><\/p>\n<p class=\"ql-align-justify\">\u00c8 possibile utilizzare fogli di grafite pirolitica per <a href=\"https:\/\/en.wikipedia.org\/wiki\/Solar_cell\" target=\"_blank\" rel=\"noopener\">cella solare<\/a> elettrodi o collettori liquidi. Inoltre, la loro buona conducibilit\u00e0 elettrica e stabilit\u00e0 chimica contribuiscono a migliorare l'efficienza di conversione fotoelettrica e la stabilit\u00e0 delle celle solari.<\/p>\n<p class=\"ql-align-justify\"><strong>Industria meccanica<\/strong><\/p>\n<p class=\"ql-align-justify\"><strong>Materiale di tenuta:<\/strong><\/p>\n<p class=\"ql-align-justify\">Le lastre di grafite pirolitica hanno eccellenti caratteristiche di flessibilit\u00e0, resistenza alla corrosione e stabilit\u00e0 alle alte temperature. \u00c8 il materiale ideale per la produzione di guarnizioni meccaniche, <a href=\"https:\/\/jinsuncarbon.com\/it\/prodotto\/guarnizione-in-grafite\/\">guarnizione<\/a>s. Pu\u00f2 essere ampiamente utilizzato nelle industrie per la tenuta di tubi, pompe, valvole e altre apparecchiature, per prevenire perdite di liquidi e gas.<\/p>\n<p class=\"ql-align-justify\"><strong>Materiale lubrificante:<\/strong><\/p>\n<p class=\"ql-align-justify\">A causa della struttura lamellare di <a href=\"https:\/\/jinsuncarbon.com\/it\/grafite-pirolitica\/\">grafite pirolitica<\/a>Il coefficiente di attrito \u00e8 basso. Pu\u00f2 essere utilizzato come lubrificante solido per la lubrificazione di parti meccaniche, riducendo l'attrito e l'usura e migliorando l'efficienza meccanica.<\/p>\n<p class=\"ql-align-justify\"><strong>Industria chimica<\/strong><\/p>\n<p class=\"ql-align-justify\"><strong>Rivestimento anticorrosione:<\/strong><\/p>\n<p class=\"ql-align-justify\">\u00c8 possibile utilizzare i fogli di grafite pirolitica come materiale di rivestimento per i contenitori chimici, <a href=\"https:\/\/en.wikipedia.org\/wiki\/Nuclear_reactor\" target=\"_blank\" rel=\"noopener\">reattori<\/a>ecc. Pu\u00f2 evitare che i mezzi corrosivi presenti nei contenitori corrodano le apparecchiature e prolungarne la vita utile.<\/p>\n<p class=\"ql-align-justify\"><strong>Elettrodo di cella elettrolitica:<\/strong><\/p>\n<p class=\"ql-align-justify\">Il foglio di grafite pirolitica nel processo elettrolitico pu\u00f2 resistere alle alte temperature, ai forti acidi e alcali e ad altri ambienti difficili. Migliorano l'efficienza elettrolitica e la qualit\u00e0 del prodotto.<\/p>","protected":false},"excerpt":{"rendered":"<p class=\"ql-align-justify\"><span data-type=\"2\" data-index=\"3\" data-gid=\"1\">Il foglio di grafite pirolitica \u00e8 un tipo di materiale in fogli sottili ricavato da materiale di carbonio pirolitico.<\/span>\u00a0\u00c8 un materiale di grafite con una struttura cristallina altamente orientata che si forma in condizioni specifiche dalla decomposizione di composti organici ad alte temperature.<\/p>\n<p class=\"ql-align-justify\">Grazie alle sue esclusive propriet\u00e0 termiche, elettriche, chimiche e di attrito, offre prestazioni eccellenti in un'ampia gamma di applicazioni industriali moderne. \u00c8 un materiale altamente performante e durevole, in grado di soddisfare un'ampia gamma di esigenze dinamiche.<\/p>","protected":false},"featured_media":7145,"template":"","meta":[],"product_brand":[],"product_cat":[38],"product_tag":[],"class_list":{"0":"post-7140","1":"product","2":"type-product","3":"status-publish","4":"has-post-thumbnail","6":"product_cat-graphite-products","8":"first","9":"instock","10":"shipping-taxable","11":"product-type-simple"},"yoast_head":"<!-- This site is optimized with the Yoast SEO Premium plugin v19.2.1 (Yoast SEO v25.3) - https:\/\/yoast.com\/wordpress\/plugins\/seo\/ -->\n<title>Pyrolytic Graphite Sheet Manufacturer - Best Price | Jinsun Carbon<\/title>\n<meta name=\"description\" content=\"Pyrolytic Graphite Sheet for sale with high conductivity, high strength and high wear resistance as heat dissipation material. Pyrolytic Graphite Sheet at the best price.\" \/>\n<meta name=\"robots\" content=\"index, follow, max-snippet:-1, max-image-preview:large, max-video-preview:-1\" \/>\n<link rel=\"canonical\" href=\"https:\/\/jinsuncarbon.com\/it\/prodotto\/foglio-di-grafite-pirolitica\/\" \/>\n<meta property=\"og:locale\" content=\"it_IT\" \/>\n<meta property=\"og:type\" content=\"article\" \/>\n<meta property=\"og:title\" content=\"Pyrolytic Graphite Sheet\" \/>\n<meta property=\"og:description\" content=\"Pyrolytic Graphite Sheet for sale with high conductivity, high strength and high wear resistance as heat dissipation material. Pyrolytic Graphite Sheet at the best price.\" \/>\n<meta property=\"og:url\" content=\"https:\/\/jinsuncarbon.com\/it\/prodotto\/foglio-di-grafite-pirolitica\/\" \/>\n<meta property=\"og:site_name\" content=\"Jinsun Carbon\" \/>\n<meta property=\"article:publisher\" content=\"https:\/\/www.facebook.com\/Graphite-Electrode-109336238661595\" \/>\n<meta property=\"article:modified_time\" content=\"2024-12-28T00:44:39+00:00\" \/>\n<meta property=\"og:image\" content=\"https:\/\/jinsuncarbon.com\/wp-content\/uploads\/2024\/12\/pyrolytic-graphite-sheets.jpg\" \/>\n\t<meta property=\"og:image:width\" content=\"1024\" \/>\n\t<meta property=\"og:image:height\" content=\"763\" \/>\n\t<meta property=\"og:image:type\" content=\"image\/jpeg\" \/>\n<meta name=\"twitter:card\" content=\"summary_large_image\" \/>\n<meta name=\"twitter:site\" content=\"@jinsuncarbon_\" \/>\n<meta name=\"twitter:label1\" content=\"Tempo di lettura stimato\" \/>\n\t<meta name=\"twitter:data1\" content=\"3 minuti\" \/>\n<script type=\"application\/ld+json\" class=\"yoast-schema-graph\">{\"@context\":\"https:\/\/schema.org\",\"@graph\":[{\"@type\":\"WebPage\",\"@id\":\"https:\/\/jinsuncarbon.com\/product\/pyrolytic-graphite-sheet\/\",\"url\":\"https:\/\/jinsuncarbon.com\/product\/pyrolytic-graphite-sheet\/\",\"name\":\"Pyrolytic Graphite Sheet Manufacturer - Best Price | Jinsun Carbon\",\"isPartOf\":{\"@id\":\"https:\/\/jinsuncarbon.com\/#website\"},\"primaryImageOfPage\":{\"@id\":\"https:\/\/jinsuncarbon.com\/product\/pyrolytic-graphite-sheet\/#primaryimage\"},\"image\":{\"@id\":\"https:\/\/jinsuncarbon.com\/product\/pyrolytic-graphite-sheet\/#primaryimage\"},\"thumbnailUrl\":\"https:\/\/jinsuncarbon.com\/wp-content\/uploads\/2024\/12\/pyrolytic-graphite-sheets.jpg\",\"datePublished\":\"2024-12-28T00:44:38+00:00\",\"dateModified\":\"2024-12-28T00:44:39+00:00\",\"description\":\"Pyrolytic Graphite Sheet for sale with high conductivity, high strength and high wear resistance as heat dissipation material. Pyrolytic Graphite Sheet at the best price.\",\"breadcrumb\":{\"@id\":\"https:\/\/jinsuncarbon.com\/product\/pyrolytic-graphite-sheet\/#breadcrumb\"},\"inLanguage\":\"it-IT\",\"potentialAction\":[{\"@type\":\"ReadAction\",\"target\":[\"https:\/\/jinsuncarbon.com\/product\/pyrolytic-graphite-sheet\/\"]}]},{\"@type\":\"ImageObject\",\"inLanguage\":\"it-IT\",\"@id\":\"https:\/\/jinsuncarbon.com\/product\/pyrolytic-graphite-sheet\/#primaryimage\",\"url\":\"https:\/\/jinsuncarbon.com\/wp-content\/uploads\/2024\/12\/pyrolytic-graphite-sheets.jpg\",\"contentUrl\":\"https:\/\/jinsuncarbon.com\/wp-content\/uploads\/2024\/12\/pyrolytic-graphite-sheets.jpg\",\"width\":1024,\"height\":763,\"caption\":\"Pyrolytic graphite sheet\"},{\"@type\":\"BreadcrumbList\",\"@id\":\"https:\/\/jinsuncarbon.com\/product\/pyrolytic-graphite-sheet\/#breadcrumb\",\"itemListElement\":[{\"@type\":\"ListItem\",\"position\":1,\"name\":\"Home\",\"item\":\"https:\/\/jinsuncarbon.com\/\"},{\"@type\":\"ListItem\",\"position\":2,\"name\":\"Products\",\"item\":\"https:\/\/jinsuncarbon.com\/graphite-carbon\/\"},{\"@type\":\"ListItem\",\"position\":3,\"name\":\"Pyrolytic Graphite Sheet\"}]},{\"@type\":\"WebSite\",\"@id\":\"https:\/\/jinsuncarbon.com\/#website\",\"url\":\"https:\/\/jinsuncarbon.com\/\",\"name\":\"Jinsun Carbon\",\"description\":\"We are the successful graphite electrode manufacturer in China\",\"publisher\":{\"@id\":\"https:\/\/jinsuncarbon.com\/#organization\"},\"potentialAction\":[{\"@type\":\"SearchAction\",\"target\":{\"@type\":\"EntryPoint\",\"urlTemplate\":\"https:\/\/jinsuncarbon.com\/?s={search_term_string}\"},\"query-input\":{\"@type\":\"PropertyValueSpecification\",\"valueRequired\":true,\"valueName\":\"search_term_string\"}}],\"inLanguage\":\"it-IT\"},{\"@type\":\"Organization\",\"@id\":\"https:\/\/jinsuncarbon.com\/#organization\",\"name\":\"Jinsun Carbon\",\"alternateName\":\"Jinsun Carbon\",\"url\":\"https:\/\/jinsuncarbon.com\/\",\"logo\":{\"@type\":\"ImageObject\",\"inLanguage\":\"it-IT\",\"@id\":\"https:\/\/jinsuncarbon.com\/#\/schema\/logo\/image\/\",\"url\":\"https:\/\/jinsuncarbon.com\/wp-content\/uploads\/2022\/12\/LOGO-1.png\",\"contentUrl\":\"https:\/\/jinsuncarbon.com\/wp-content\/uploads\/2022\/12\/LOGO-1.png\",\"width\":207,\"height\":80,\"caption\":\"Jinsun Carbon\"},\"image\":{\"@id\":\"https:\/\/jinsuncarbon.com\/#\/schema\/logo\/image\/\"},\"sameAs\":[\"https:\/\/www.facebook.com\/Graphite-Electrode-109336238661595\",\"https:\/\/x.com\/jinsuncarbon_\",\"https:\/\/www.linkedin.com\/in\/jinsungraphite\",\"https:\/\/www.youtube.com\/channel\/UCysDNyvyR5-3cCWEmpkVC0g\"]}]}<\/script>\n<!-- \/ Yoast SEO Premium plugin. -->","yoast_head_json":{"title":"Foglio di grafite pirolitica Fornitore - Miglior prezzo | Jinsun Carbon","description":"Foglio di grafite pirolitica in vendita con alta conducibilit\u00e0, alta resistenza e alta resistenza all'usura come materiale di dissipazione del calore. Foglio di grafite pirolitica al miglior prezzo.","robots":{"index":"index","follow":"follow","max-snippet":"max-snippet:-1","max-image-preview":"max-image-preview:large","max-video-preview":"max-video-preview:-1"},"canonical":"https:\/\/jinsuncarbon.com\/it\/prodotto\/foglio-di-grafite-pirolitica\/","og_locale":"it_IT","og_type":"article","og_title":"Pyrolytic Graphite Sheet","og_description":"Pyrolytic Graphite Sheet for sale with high conductivity, high strength and high wear resistance as heat dissipation material. Pyrolytic Graphite Sheet at the best price.","og_url":"https:\/\/jinsuncarbon.com\/it\/prodotto\/foglio-di-grafite-pirolitica\/","og_site_name":"Jinsun Carbon","article_publisher":"https:\/\/www.facebook.com\/Graphite-Electrode-109336238661595","article_modified_time":"2024-12-28T00:44:39+00:00","og_image":[{"width":1024,"height":763,"url":"https:\/\/jinsuncarbon.com\/wp-content\/uploads\/2024\/12\/pyrolytic-graphite-sheets.jpg","type":"image\/jpeg"}],"twitter_card":"summary_large_image","twitter_site":"@jinsuncarbon_","twitter_misc":{"Tempo di lettura stimato":"3 minuti"},"schema":{"@context":"https:\/\/schema.org","@graph":[{"@type":"WebPage","@id":"https:\/\/jinsuncarbon.com\/product\/pyrolytic-graphite-sheet\/","url":"https:\/\/jinsuncarbon.com\/product\/pyrolytic-graphite-sheet\/","name":"Foglio di grafite pirolitica Fornitore - Miglior prezzo | Jinsun Carbon","isPartOf":{"@id":"https:\/\/jinsuncarbon.com\/#website"},"primaryImageOfPage":{"@id":"https:\/\/jinsuncarbon.com\/product\/pyrolytic-graphite-sheet\/#primaryimage"},"image":{"@id":"https:\/\/jinsuncarbon.com\/product\/pyrolytic-graphite-sheet\/#primaryimage"},"thumbnailUrl":"https:\/\/jinsuncarbon.com\/wp-content\/uploads\/2024\/12\/pyrolytic-graphite-sheets.jpg","datePublished":"2024-12-28T00:44:38+00:00","dateModified":"2024-12-28T00:44:39+00:00","description":"Foglio di grafite pirolitica in vendita con alta conducibilit\u00e0, alta resistenza e alta resistenza all'usura come materiale di dissipazione del calore. Foglio di grafite pirolitica al miglior prezzo.","breadcrumb":{"@id":"https:\/\/jinsuncarbon.com\/product\/pyrolytic-graphite-sheet\/#breadcrumb"},"inLanguage":"it-IT","potentialAction":[{"@type":"ReadAction","target":["https:\/\/jinsuncarbon.com\/product\/pyrolytic-graphite-sheet\/"]}]},{"@type":"ImageObject","inLanguage":"it-IT","@id":"https:\/\/jinsuncarbon.com\/product\/pyrolytic-graphite-sheet\/#primaryimage","url":"https:\/\/jinsuncarbon.com\/wp-content\/uploads\/2024\/12\/pyrolytic-graphite-sheets.jpg","contentUrl":"https:\/\/jinsuncarbon.com\/wp-content\/uploads\/2024\/12\/pyrolytic-graphite-sheets.jpg","width":1024,"height":763,"caption":"Pyrolytic graphite sheet"},{"@type":"BreadcrumbList","@id":"https:\/\/jinsuncarbon.com\/product\/pyrolytic-graphite-sheet\/#breadcrumb","itemListElement":[{"@type":"ListItem","position":1,"name":"Home","item":"https:\/\/jinsuncarbon.com\/"},{"@type":"ListItem","position":2,"name":"Products","item":"https:\/\/jinsuncarbon.com\/graphite-carbon\/"},{"@type":"ListItem","position":3,"name":"Pyrolytic Graphite Sheet"}]},{"@type":"WebSite","@id":"https:\/\/jinsuncarbon.com\/#website","url":"https:\/\/jinsuncarbon.com\/","name":"Jinsun Carbon","description":"Siamo il produttore di elettrodi di grafite di successo in Cina","publisher":{"@id":"https:\/\/jinsuncarbon.com\/#organization"},"potentialAction":[{"@type":"SearchAction","target":{"@type":"EntryPoint","urlTemplate":"https:\/\/jinsuncarbon.com\/?s={search_term_string}"},"query-input":{"@type":"PropertyValueSpecification","valueRequired":true,"valueName":"search_term_string"}}],"inLanguage":"it-IT"},{"@type":"Organization","@id":"https:\/\/jinsuncarbon.com\/#organization","name":"Jinsun Carbon","alternateName":"Jinsun Carbon","url":"https:\/\/jinsuncarbon.com\/","logo":{"@type":"ImageObject","inLanguage":"it-IT","@id":"https:\/\/jinsuncarbon.com\/#\/schema\/logo\/image\/","url":"https:\/\/jinsuncarbon.com\/wp-content\/uploads\/2022\/12\/LOGO-1.png","contentUrl":"https:\/\/jinsuncarbon.com\/wp-content\/uploads\/2022\/12\/LOGO-1.png","width":207,"height":80,"caption":"Jinsun Carbon"},"image":{"@id":"https:\/\/jinsuncarbon.com\/#\/schema\/logo\/image\/"},"sameAs":["https:\/\/www.facebook.com\/Graphite-Electrode-109336238661595","https:\/\/x.com\/jinsuncarbon_","https:\/\/www.linkedin.com\/in\/jinsungraphite","https:\/\/www.youtube.com\/channel\/UCysDNyvyR5-3cCWEmpkVC0g"]}]}},"_links":{"self":[{"href":"https:\/\/jinsuncarbon.com\/it\/wp-json\/wp\/v2\/product\/7140","targetHints":{"allow":["GET"]}}],"collection":[{"href":"https:\/\/jinsuncarbon.com\/it\/wp-json\/wp\/v2\/product"}],"about":[{"href":"https:\/\/jinsuncarbon.com\/it\/wp-json\/wp\/v2\/types\/product"}],"wp:featuredmedia":[{"embeddable":true,"href":"https:\/\/jinsuncarbon.com\/it\/wp-json\/wp\/v2\/media\/7145"}],"wp:attachment":[{"href":"https:\/\/jinsuncarbon.com\/it\/wp-json\/wp\/v2\/media?parent=7140"}],"wp:term":[{"taxonomy":"product_brand","embeddable":true,"href":"https:\/\/jinsuncarbon.com\/it\/wp-json\/wp\/v2\/product_brand?post=7140"},{"taxonomy":"product_cat","embeddable":true,"href":"https:\/\/jinsuncarbon.com\/it\/wp-json\/wp\/v2\/product_cat?post=7140"},{"taxonomy":"product_tag","embeddable":true,"href":"https:\/\/jinsuncarbon.com\/it\/wp-json\/wp\/v2\/product_tag?post=7140"}],"curies":[{"name":"wp","href":"https:\/\/api.w.org\/{rel}","templated":true}]}}