{"id":7139,"date":"2024-12-28T00:12:55","date_gmt":"2024-12-28T00:12:55","guid":{"rendered":"https:\/\/jinsuncarbon.com\/?post_type=product&#038;p=7139"},"modified":"2025-10-02T07:02:55","modified_gmt":"2025-10-02T07:02:55","slug":"manicotto-in-grafite","status":"publish","type":"product","link":"https:\/\/jinsuncarbon.com\/it\/prodotto\/manicotto-in-grafite\/","title":{"rendered":"Manicotto in grafite"},"content":{"rendered":"<h2>Manicotto in grafite<\/h2>\n<p>In genere, i manicotti di grafite sono tubolari. Presentano numerosi vantaggi.<\/p>\n<p><strong>Stabilit\u00e0 alle alte temperature<\/strong><\/p>\n<p>Il manicotto di grafite \u00e8 in grado di sopportare temperature elevate di migliaia di gradi Celsius. In forni ad alta temperatura e in altre applicazioni, funziona correttamente.<\/p>\n<p><strong>Elevata riflettanza superficiale<\/strong><\/p>\n<p>\u00c8 un buon componente per l'isolamento termico e le sue propriet\u00e0 chimiche sono stabili.<\/p>\n<p><strong>Basso coefficiente di attrito<\/strong><\/p>\n<p>Pu\u00f2 essere utilizzato come manicotto autolubrificante, \u00e8 molto resistente.<\/p>\n<p><strong>Eccellente conduttivit\u00e0 termica<\/strong><\/p>\n<p>\u00c8 in grado di condurre rapidamente il calore, un aspetto importante in molte applicazioni di gestione termica.<\/p>\n<p><strong>Buona conducibilit\u00e0 elettrica<\/strong><\/p>\n<p>Questo lo rende un'applicazione potenziale nei settori dell'elettricit\u00e0 e dell'elettronica, ad esempio in alcune parti che richiedono materiali conduttivi e termici.<\/p>\n<p>Ed \u00e8 facile da lavorare e tagliare. Ma come tagliare <a href=\"https:\/\/jinsuncarbon.com\/it\/gli-usi-della-grafite\/\">grafite<\/a> deve scegliere gli strumenti e i metodi giusti in base alle caratteristiche del materiale. Inoltre, i cuscinetti a manicotto in grafite sfruttano il loro basso coefficiente di attrito e le loro caratteristiche di autolubrificazione per ridurre le perdite per attrito.<\/p>\n<h2>Tipi di manicotti in grafite<\/h2>\n<p><strong>Diviso per metodo di riscaldamento<\/strong><\/p>\n<p><strong>Manicotti in grafite riscaldati longitudinalmente:<\/strong><\/p>\n<p>Un comune tipo di manicotto di grafite, riscaldato in direzione assiale, genera calore attraverso la corrente ad entrambe le estremit\u00e0 per riscaldare il campione. La struttura \u00e8 semplice, il costo \u00e8 basso, ma l'uniformit\u00e0 della temperatura \u00e8 scarsa.<\/p>\n<p><strong>Manicotto di grafite a riscaldamento trasversale:<\/strong><\/p>\n<p>La direzione di riscaldamento \u00e8 perpendicolare all'asse e la struttura speciale rende il tubo uniformemente riscaldato. In questo modo \u00e8 possibile ridurre la differenza di temperatura e migliorare l'accuratezza e la precisione dell'analisi. \u00c8 adatto a lavori di analisi con requisiti di temperatura elevata e controllo preciso.<\/p>\n<p><strong>Diviso per la performance<\/strong><\/p>\n<p><strong>Manicotto di grafite ordinaria (non pirolitica) :<\/strong><\/p>\n<p><span data-type=\"2\" data-index=\"3\" data-gid=\"1\">Elaborato da <a href=\"https:\/\/jinsuncarbon.com\/it\/prodotto\/grafite-naturale\/\">grafite naturale<\/a> ha una certa resistenza alle alte temperature ed \u00e8 facile da ossidare ad alta temperatura.<\/span>\u00a0Ha una struttura semplice e un costo contenuto. \u00c8 adatto all'analisi generale.<\/p>\n<p><strong>Manicotto di grafite pirolitica:<\/strong><\/p>\n<p>Realizzato da speciali <a href=\"https:\/\/en.wikipedia.org\/wiki\/Pyrolysis\" target=\"_blank\" rel=\"noopener\">pirolisi<\/a> processo, elevata purezza, elevata cristallinit\u00e0, elevata stabilit\u00e0 e propriet\u00e0 meccaniche ad alte temperature. Pu\u00f2 ridurre la fuoriuscita di gas e l'adsorbimento di impurit\u00e0, migliorando la sensibilit\u00e0 e l'accuratezza analitica. Pu\u00f2 essere spesso utilizzato per l'analisi di elementi in traccia e per analisi con requisiti di alta sensibilit\u00e0.<\/p>\n<p><img fetchpriority=\"high\" decoding=\"async\" class=\"alignnone size-medium wp-image-8110\" src=\"https:\/\/jinsuncarbon.com\/wp-content\/uploads\/2024\/12\/Graphite-sleeve-300x224.jpg\" alt=\"Manicotto in grafite\" width=\"300\" height=\"224\" srcset=\"https:\/\/jinsuncarbon.com\/wp-content\/uploads\/2024\/12\/Graphite-sleeve-300x224.jpg 300w, https:\/\/jinsuncarbon.com\/wp-content\/uploads\/2024\/12\/Graphite-sleeve-768x572.jpg 768w, https:\/\/jinsuncarbon.com\/wp-content\/uploads\/2024\/12\/Graphite-sleeve-16x12.jpg 16w, https:\/\/jinsuncarbon.com\/wp-content\/uploads\/2024\/12\/Graphite-sleeve-600x447.jpg 600w, https:\/\/jinsuncarbon.com\/wp-content\/uploads\/2024\/12\/Graphite-sleeve.jpg 1024w\" sizes=\"(max-width: 300px) 100vw, 300px\" \/> \u00a0<img decoding=\"async\" class=\"alignnone size-medium wp-image-8111\" src=\"https:\/\/jinsuncarbon.com\/wp-content\/uploads\/2024\/12\/Graphite-sleeves-300x224.jpg\" alt=\"Graphite sleeves\" width=\"300\" height=\"224\" srcset=\"https:\/\/jinsuncarbon.com\/wp-content\/uploads\/2024\/12\/Graphite-sleeves-300x224.jpg 300w, https:\/\/jinsuncarbon.com\/wp-content\/uploads\/2024\/12\/Graphite-sleeves-768x572.jpg 768w, https:\/\/jinsuncarbon.com\/wp-content\/uploads\/2024\/12\/Graphite-sleeves-16x12.jpg 16w, https:\/\/jinsuncarbon.com\/wp-content\/uploads\/2024\/12\/Graphite-sleeves-600x447.jpg 600w, https:\/\/jinsuncarbon.com\/wp-content\/uploads\/2024\/12\/Graphite-sleeves.jpg 1024w\" sizes=\"(max-width: 300px) 100vw, 300px\" \/>\u00a0 <img decoding=\"async\" class=\"alignnone size-medium wp-image-8113\" src=\"https:\/\/jinsuncarbon.com\/wp-content\/uploads\/2024\/12\/Graphite-sleeve-1--300x224.jpg\" alt=\"Manicotto in grafite \" width=\"300\" height=\"224\" srcset=\"https:\/\/jinsuncarbon.com\/wp-content\/uploads\/2024\/12\/Graphite-sleeve-1--300x224.jpg 300w, https:\/\/jinsuncarbon.com\/wp-content\/uploads\/2024\/12\/Graphite-sleeve-1--768x572.jpg 768w, https:\/\/jinsuncarbon.com\/wp-content\/uploads\/2024\/12\/Graphite-sleeve-1--16x12.jpg 16w, https:\/\/jinsuncarbon.com\/wp-content\/uploads\/2024\/12\/Graphite-sleeve-1--600x447.jpg 600w, https:\/\/jinsuncarbon.com\/wp-content\/uploads\/2024\/12\/Graphite-sleeve-1-.jpg 1024w\" sizes=\"(max-width: 300px) 100vw, 300px\" \/><\/p>\n<h2>Usi dei manicotti di grafite<\/h2>\n<p>Ha un'ampia gamma di applicazioni.<\/p>\n<p><strong>Industria dei macchinari<\/strong><\/p>\n<p>Il manicotto di grafite \u00e8 un importante materiale di tenuta nell'industria meccanica. Ha una tenuta stabile e resistente all'usura in condizioni di alto carico e alta velocit\u00e0. Garantisce il normale funzionamento delle apparecchiature e ne prolunga la durata.<\/p>\n<p><strong>Industria navale<\/strong><\/p>\n<p>Nell'industria navale, \u00e8 possibile utilizzare il manicotto di grafite per la sigillatura dello scafo e di altre superfici irregolari. Pu\u00f2 garantire il funzionamento sicuro delle navi in condizioni marine difficili. Inoltre, pu\u00f2 essere utilizzato nei sistemi di importazione ed esportazione dell'acqua e in altre parti.<\/p>\n<p><strong>Industria petrolchimica<\/strong><\/p>\n<p>I manicotti di grafite svolgono un ruolo importante nell'industria petrolchimica. Nel trasporto di apparecchiature con fluidi corrosivi, resistenza all'usura, resistenza alla corrosione a tutto campo, prevengono le perdite di fluidi e l'usura delle apparecchiature. Possono essere utilizzati anche nella produzione di apparecchiature resistenti alla corrosione.<\/p>\n<p><strong>Industria dell'energia<\/strong><\/p>\n<p>Nell'industria energetica, \u00e8 possibile utilizzare il manicotto di grafite in <a href=\"https:\/\/en.wikipedia.org\/wiki\/Boiler\" target=\"_blank\" rel=\"noopener\">caldaie<\/a>, turbine a vapore e altre apparecchiature. La sua resistenza alle alte temperature, alla pressione e alla corrosione lo rende indispensabile.<\/p>\n<p><strong>Applicazioni di laboratorio<\/strong><\/p>\n<p>\u00c8 possibile utilizzare ampiamente il manicotto di grafite nei laboratori, ad esempio per trasportare e riscaldare i campioni negli spettrometri di assorbimento atomico. E in altri dispositivi sperimentali per soddisfare le esigenze.<\/p>\n<p>Inoltre, \u00e8 possibile utilizzare i manicotti di grafite anche nella produzione di componenti automobilistici, aerospaziali ad alte prestazioni, dispositivi biomedici. Grazie alla sua elevata forza, all'alta resistenza all'usura, all'alta resistenza alla corrosione e ad altre propriet\u00e0.<\/p>","protected":false},"excerpt":{"rendered":"<p>Il manicotto di grafite \u00e8 un manicotto circolare realizzato con grafite di elevata purezza, generalmente utilizzato come materiale di tenuta nell'industria meccanica, come rivestimento o boccola. Ha buone prestazioni nelle moderne applicazioni industriali ed \u00e8 un materiale resistente alle alte temperature e autolubrificante. I manicotti di grafite sono utilizzati nelle applicazioni di tenuta di valvole, pompe e movimenti di alberi, adatti ad ambienti ad alto calore.<\/p>","protected":false},"featured_media":7143,"template":"","meta":[],"product_brand":[],"product_cat":[38],"product_tag":[],"class_list":{"0":"post-7139","1":"product","2":"type-product","3":"status-publish","4":"has-post-thumbnail","6":"product_cat-graphite-products","8":"first","9":"instock","10":"shipping-taxable","11":"product-type-simple"},"yoast_head":"<!-- This site is optimized with the Yoast SEO Premium plugin v19.2.1 (Yoast SEO v25.3) - https:\/\/yoast.com\/wordpress\/plugins\/seo\/ -->\n<title>Graphite Sleeve Manufacturer &amp; Supplier | Jinsun Carbon<\/title>\n<meta name=\"description\" content=\"Graphite sleeve is a circular sleeve made of high purity graphite processing, generally used as a sealing material in the mechanical industry, as a lining or bushing\u03a9\" \/>\n<meta name=\"robots\" content=\"index, follow, max-snippet:-1, max-image-preview:large, max-video-preview:-1\" \/>\n<link rel=\"canonical\" href=\"https:\/\/jinsuncarbon.com\/it\/prodotto\/manicotto-in-grafite\/\" \/>\n<meta property=\"og:locale\" content=\"it_IT\" \/>\n<meta property=\"og:type\" content=\"article\" \/>\n<meta property=\"og:title\" content=\"Graphite Sleeve\" \/>\n<meta property=\"og:description\" content=\"Graphite sleeve is a circular sleeve made of high purity graphite processing, generally used as a sealing material in the mechanical industry, as a lining or bushing\u03a9\" \/>\n<meta property=\"og:url\" content=\"https:\/\/jinsuncarbon.com\/it\/prodotto\/manicotto-in-grafite\/\" \/>\n<meta property=\"og:site_name\" content=\"Jinsun Carbon\" \/>\n<meta property=\"article:publisher\" content=\"https:\/\/www.facebook.com\/Graphite-Electrode-109336238661595\" \/>\n<meta property=\"article:modified_time\" content=\"2025-10-02T07:02:55+00:00\" \/>\n<meta property=\"og:image\" content=\"https:\/\/jinsuncarbon.com\/wp-content\/uploads\/2024\/12\/Graphite-sleeve-.jpg\" \/>\n\t<meta property=\"og:image:width\" content=\"1024\" \/>\n\t<meta property=\"og:image:height\" content=\"763\" \/>\n\t<meta property=\"og:image:type\" content=\"image\/jpeg\" \/>\n<meta name=\"twitter:card\" content=\"summary_large_image\" \/>\n<meta name=\"twitter:site\" content=\"@jinsuncarbon_\" \/>\n<meta name=\"twitter:label1\" content=\"Tempo di lettura stimato\" \/>\n\t<meta name=\"twitter:data1\" content=\"4 minuti\" \/>\n<script type=\"application\/ld+json\" class=\"yoast-schema-graph\">{\"@context\":\"https:\/\/schema.org\",\"@graph\":[{\"@type\":\"WebPage\",\"@id\":\"https:\/\/jinsuncarbon.com\/product\/graphite-sleeve\/\",\"url\":\"https:\/\/jinsuncarbon.com\/product\/graphite-sleeve\/\",\"name\":\"Graphite Sleeve Manufacturer & Supplier | Jinsun Carbon\",\"isPartOf\":{\"@id\":\"https:\/\/jinsuncarbon.com\/#website\"},\"primaryImageOfPage\":{\"@id\":\"https:\/\/jinsuncarbon.com\/product\/graphite-sleeve\/#primaryimage\"},\"image\":{\"@id\":\"https:\/\/jinsuncarbon.com\/product\/graphite-sleeve\/#primaryimage\"},\"thumbnailUrl\":\"https:\/\/jinsuncarbon.com\/wp-content\/uploads\/2024\/12\/Graphite-sleeve-.jpg\",\"datePublished\":\"2024-12-28T00:12:55+00:00\",\"dateModified\":\"2025-10-02T07:02:55+00:00\",\"description\":\"Graphite sleeve is a circular sleeve made of high purity graphite processing, generally used as a sealing material in the mechanical industry, as a lining or bushing\u03a9\",\"breadcrumb\":{\"@id\":\"https:\/\/jinsuncarbon.com\/product\/graphite-sleeve\/#breadcrumb\"},\"inLanguage\":\"it-IT\",\"potentialAction\":[{\"@type\":\"ReadAction\",\"target\":[\"https:\/\/jinsuncarbon.com\/product\/graphite-sleeve\/\"]}]},{\"@type\":\"ImageObject\",\"inLanguage\":\"it-IT\",\"@id\":\"https:\/\/jinsuncarbon.com\/product\/graphite-sleeve\/#primaryimage\",\"url\":\"https:\/\/jinsuncarbon.com\/wp-content\/uploads\/2024\/12\/Graphite-sleeve-.jpg\",\"contentUrl\":\"https:\/\/jinsuncarbon.com\/wp-content\/uploads\/2024\/12\/Graphite-sleeve-.jpg\",\"width\":1024,\"height\":763,\"caption\":\"Graphite sleeve\"},{\"@type\":\"BreadcrumbList\",\"@id\":\"https:\/\/jinsuncarbon.com\/product\/graphite-sleeve\/#breadcrumb\",\"itemListElement\":[{\"@type\":\"ListItem\",\"position\":1,\"name\":\"Home\",\"item\":\"https:\/\/jinsuncarbon.com\/\"},{\"@type\":\"ListItem\",\"position\":2,\"name\":\"Products\",\"item\":\"https:\/\/jinsuncarbon.com\/graphite-carbon\/\"},{\"@type\":\"ListItem\",\"position\":3,\"name\":\"Graphite Sleeve\"}]},{\"@type\":\"WebSite\",\"@id\":\"https:\/\/jinsuncarbon.com\/#website\",\"url\":\"https:\/\/jinsuncarbon.com\/\",\"name\":\"Jinsun Carbon\",\"description\":\"We are the successful graphite electrode manufacturer in China\",\"publisher\":{\"@id\":\"https:\/\/jinsuncarbon.com\/#organization\"},\"potentialAction\":[{\"@type\":\"SearchAction\",\"target\":{\"@type\":\"EntryPoint\",\"urlTemplate\":\"https:\/\/jinsuncarbon.com\/?s={search_term_string}\"},\"query-input\":{\"@type\":\"PropertyValueSpecification\",\"valueRequired\":true,\"valueName\":\"search_term_string\"}}],\"inLanguage\":\"it-IT\"},{\"@type\":\"Organization\",\"@id\":\"https:\/\/jinsuncarbon.com\/#organization\",\"name\":\"Jinsun Carbon\",\"alternateName\":\"Jinsun Carbon\",\"url\":\"https:\/\/jinsuncarbon.com\/\",\"logo\":{\"@type\":\"ImageObject\",\"inLanguage\":\"it-IT\",\"@id\":\"https:\/\/jinsuncarbon.com\/#\/schema\/logo\/image\/\",\"url\":\"https:\/\/jinsuncarbon.com\/wp-content\/uploads\/2022\/12\/LOGO-1.png\",\"contentUrl\":\"https:\/\/jinsuncarbon.com\/wp-content\/uploads\/2022\/12\/LOGO-1.png\",\"width\":207,\"height\":80,\"caption\":\"Jinsun Carbon\"},\"image\":{\"@id\":\"https:\/\/jinsuncarbon.com\/#\/schema\/logo\/image\/\"},\"sameAs\":[\"https:\/\/www.facebook.com\/Graphite-Electrode-109336238661595\",\"https:\/\/x.com\/jinsuncarbon_\",\"https:\/\/www.linkedin.com\/in\/jinsungraphite\",\"https:\/\/www.youtube.com\/channel\/UCysDNyvyR5-3cCWEmpkVC0g\"]}]}<\/script>\n<!-- \/ Yoast SEO Premium plugin. -->","yoast_head_json":{"title":"Manicotto di grafite Produttore e fornitore | Jinsun Carbon","description":"Il manicotto di grafite \u00e8 un manicotto circolare realizzato in grafite di elevata purezza, generalmente utilizzato come materiale di tenuta nell'industria meccanica, come rivestimento o boccola\u03a9","robots":{"index":"index","follow":"follow","max-snippet":"max-snippet:-1","max-image-preview":"max-image-preview:large","max-video-preview":"max-video-preview:-1"},"canonical":"https:\/\/jinsuncarbon.com\/it\/prodotto\/manicotto-in-grafite\/","og_locale":"it_IT","og_type":"article","og_title":"Graphite Sleeve","og_description":"Graphite sleeve is a circular sleeve made of high purity graphite processing, generally used as a sealing material in the mechanical industry, as a lining or bushing\u03a9","og_url":"https:\/\/jinsuncarbon.com\/it\/prodotto\/manicotto-in-grafite\/","og_site_name":"Jinsun Carbon","article_publisher":"https:\/\/www.facebook.com\/Graphite-Electrode-109336238661595","article_modified_time":"2025-10-02T07:02:55+00:00","og_image":[{"width":1024,"height":763,"url":"https:\/\/jinsuncarbon.com\/wp-content\/uploads\/2024\/12\/Graphite-sleeve-.jpg","type":"image\/jpeg"}],"twitter_card":"summary_large_image","twitter_site":"@jinsuncarbon_","twitter_misc":{"Tempo di lettura stimato":"4 minuti"},"schema":{"@context":"https:\/\/schema.org","@graph":[{"@type":"WebPage","@id":"https:\/\/jinsuncarbon.com\/product\/graphite-sleeve\/","url":"https:\/\/jinsuncarbon.com\/product\/graphite-sleeve\/","name":"Manicotto di grafite Produttore e fornitore | Jinsun Carbon","isPartOf":{"@id":"https:\/\/jinsuncarbon.com\/#website"},"primaryImageOfPage":{"@id":"https:\/\/jinsuncarbon.com\/product\/graphite-sleeve\/#primaryimage"},"image":{"@id":"https:\/\/jinsuncarbon.com\/product\/graphite-sleeve\/#primaryimage"},"thumbnailUrl":"https:\/\/jinsuncarbon.com\/wp-content\/uploads\/2024\/12\/Graphite-sleeve-.jpg","datePublished":"2024-12-28T00:12:55+00:00","dateModified":"2025-10-02T07:02:55+00:00","description":"Il manicotto di grafite \u00e8 un manicotto circolare realizzato in grafite di elevata purezza, generalmente utilizzato come materiale di tenuta nell'industria meccanica, come rivestimento o boccola\u03a9","breadcrumb":{"@id":"https:\/\/jinsuncarbon.com\/product\/graphite-sleeve\/#breadcrumb"},"inLanguage":"it-IT","potentialAction":[{"@type":"ReadAction","target":["https:\/\/jinsuncarbon.com\/product\/graphite-sleeve\/"]}]},{"@type":"ImageObject","inLanguage":"it-IT","@id":"https:\/\/jinsuncarbon.com\/product\/graphite-sleeve\/#primaryimage","url":"https:\/\/jinsuncarbon.com\/wp-content\/uploads\/2024\/12\/Graphite-sleeve-.jpg","contentUrl":"https:\/\/jinsuncarbon.com\/wp-content\/uploads\/2024\/12\/Graphite-sleeve-.jpg","width":1024,"height":763,"caption":"Graphite sleeve"},{"@type":"BreadcrumbList","@id":"https:\/\/jinsuncarbon.com\/product\/graphite-sleeve\/#breadcrumb","itemListElement":[{"@type":"ListItem","position":1,"name":"Home","item":"https:\/\/jinsuncarbon.com\/"},{"@type":"ListItem","position":2,"name":"Products","item":"https:\/\/jinsuncarbon.com\/graphite-carbon\/"},{"@type":"ListItem","position":3,"name":"Graphite Sleeve"}]},{"@type":"WebSite","@id":"https:\/\/jinsuncarbon.com\/#website","url":"https:\/\/jinsuncarbon.com\/","name":"Jinsun Carbon","description":"Siamo il produttore di elettrodi di grafite di successo in Cina","publisher":{"@id":"https:\/\/jinsuncarbon.com\/#organization"},"potentialAction":[{"@type":"SearchAction","target":{"@type":"EntryPoint","urlTemplate":"https:\/\/jinsuncarbon.com\/?s={search_term_string}"},"query-input":{"@type":"PropertyValueSpecification","valueRequired":true,"valueName":"search_term_string"}}],"inLanguage":"it-IT"},{"@type":"Organization","@id":"https:\/\/jinsuncarbon.com\/#organization","name":"Jinsun Carbon","alternateName":"Jinsun Carbon","url":"https:\/\/jinsuncarbon.com\/","logo":{"@type":"ImageObject","inLanguage":"it-IT","@id":"https:\/\/jinsuncarbon.com\/#\/schema\/logo\/image\/","url":"https:\/\/jinsuncarbon.com\/wp-content\/uploads\/2022\/12\/LOGO-1.png","contentUrl":"https:\/\/jinsuncarbon.com\/wp-content\/uploads\/2022\/12\/LOGO-1.png","width":207,"height":80,"caption":"Jinsun Carbon"},"image":{"@id":"https:\/\/jinsuncarbon.com\/#\/schema\/logo\/image\/"},"sameAs":["https:\/\/www.facebook.com\/Graphite-Electrode-109336238661595","https:\/\/x.com\/jinsuncarbon_","https:\/\/www.linkedin.com\/in\/jinsungraphite","https:\/\/www.youtube.com\/channel\/UCysDNyvyR5-3cCWEmpkVC0g"]}]}},"_links":{"self":[{"href":"https:\/\/jinsuncarbon.com\/it\/wp-json\/wp\/v2\/product\/7139","targetHints":{"allow":["GET"]}}],"collection":[{"href":"https:\/\/jinsuncarbon.com\/it\/wp-json\/wp\/v2\/product"}],"about":[{"href":"https:\/\/jinsuncarbon.com\/it\/wp-json\/wp\/v2\/types\/product"}],"wp:featuredmedia":[{"embeddable":true,"href":"https:\/\/jinsuncarbon.com\/it\/wp-json\/wp\/v2\/media\/7143"}],"wp:attachment":[{"href":"https:\/\/jinsuncarbon.com\/it\/wp-json\/wp\/v2\/media?parent=7139"}],"wp:term":[{"taxonomy":"product_brand","embeddable":true,"href":"https:\/\/jinsuncarbon.com\/it\/wp-json\/wp\/v2\/product_brand?post=7139"},{"taxonomy":"product_cat","embeddable":true,"href":"https:\/\/jinsuncarbon.com\/it\/wp-json\/wp\/v2\/product_cat?post=7139"},{"taxonomy":"product_tag","embeddable":true,"href":"https:\/\/jinsuncarbon.com\/it\/wp-json\/wp\/v2\/product_tag?post=7139"}],"curies":[{"name":"wp","href":"https:\/\/api.w.org\/{rel}","templated":true}]}}