{"id":7115,"date":"2024-12-27T03:17:39","date_gmt":"2024-12-27T03:17:39","guid":{"rendered":"https:\/\/jinsuncarbon.com\/?post_type=product&#038;p=7115"},"modified":"2024-12-27T03:47:25","modified_gmt":"2024-12-27T03:47:25","slug":"anodo-di-grafite","status":"publish","type":"product","link":"https:\/\/jinsuncarbon.com\/it\/prodotto\/anodo-di-grafite\/","title":{"rendered":"Anodo di grafite"},"content":{"rendered":"<h2>Materiale anodico in grafite<\/h2>\n<table>\n<tbody>\n<tr>\n<td colspan=\"2\" width=\"181\">Articolo<\/td>\n<td width=\"102\">Unit\u00e0<\/td>\n<td width=\"142\">Valore tipico<\/td>\n<\/tr>\n<tr>\n<td width=\"71\">Dimensione delle particelle<\/td>\n<td width=\"110\">D10<\/td>\n<td width=\"102\">&nbsp;<\/p>\n<p>\u03bcm<\/p>\n<p>&nbsp;<\/td>\n<td width=\"142\">7.6<\/td>\n<\/tr>\n<tr>\n<td width=\"71\"><\/td>\n<td width=\"110\">D50<\/td>\n<td width=\"102\"><\/td>\n<td width=\"142\">13.1<\/td>\n<\/tr>\n<tr>\n<td width=\"71\"><\/td>\n<td width=\"110\">D90<\/td>\n<td width=\"102\"><\/td>\n<td width=\"142\">21.7<\/td>\n<\/tr>\n<tr>\n<td width=\"71\"><\/td>\n<td width=\"110\">Dmax<\/td>\n<td width=\"102\"><\/td>\n<td width=\"142\">31.1<\/td>\n<\/tr>\n<tr>\n<td colspan=\"2\" width=\"181\">Densit\u00e0 reale<\/td>\n<td width=\"102\">g\/cm3<\/td>\n<td width=\"142\">2.26<\/td>\n<\/tr>\n<tr>\n<td colspan=\"2\" width=\"181\">Densit\u00e0 del rubinetto<\/td>\n<td width=\"102\">g\/cm3<\/td>\n<td width=\"142\">0.90<\/td>\n<\/tr>\n<tr>\n<td colspan=\"2\" width=\"181\">Superficie<\/td>\n<td width=\"102\">m<sup>2<\/sup>\/g<\/td>\n<td width=\"142\">0.97<\/td>\n<\/tr>\n<tr>\n<td colspan=\"2\" width=\"181\">Capacit\u00e0 di scarica<\/td>\n<td width=\"102\">mAh\/g<\/td>\n<td width=\"142\">357.9<\/td>\n<\/tr>\n<tr>\n<td colspan=\"2\" width=\"181\">Efficienza del primo scarico<\/td>\n<td width=\"102\">%<\/td>\n<td width=\"142\">95.0<\/td>\n<\/tr>\n<tr>\n<td colspan=\"2\" width=\"181\">Contenuto di cenere<\/td>\n<td width=\"102\">%<\/td>\n<td width=\"142\">0.02<\/td>\n<\/tr>\n<\/tbody>\n<\/table>\n<p>&nbsp;<\/p>\n<h2>Perch\u00e9 scegliere la grafite per gli anodi?<\/h2>\n<p>La grafite \u00e8 nota come uno dei materiali anodici pi\u00f9 utilizzati nelle batterie agli ioni di litio, grazie alle sue elevate conducibilit\u00e0 elettroniche sia degli innesti in massa che di quelli superficiali, nonch\u00e9 alla sua stabilit\u00e0 elettrochimica durante i processi di intercalazione\/deintercalazione che comportano il (de)inserimento degli ioni di litio durante il ciclo. Questo \u00e8 importante per le batterie di lunga durata, poich\u00e9 significa che gli ioni di litio possono riempire la struttura di grafite senza danneggiarla. Inoltre, <a href=\"https:\/\/jinsuncarbon.com\/it\/gli-usi-della-grafite\/\">grafite<\/a> \u00e8 molto meno pesante e chimicamente inerte rispetto, ad esempio, all'acciaio o a un'altra sostanza. In effetti, un anodo di grafite \u00e8 preferito ad altri elettrodi inerti.<\/p>\n<h3>L'importanza della conduttivit\u00e0<\/h3>\n<p>Il motivo della scelta della grafite per l'anodo \u00e8 che \u00e8 un buon conduttore; durante il processo di carica o scarica, gli elettroni possono muoversi liberamente nella grafite. In questo modo, la carica della batteria rimane inalterata e pu\u00f2 fornire energia a tutte le strutture che vi si appoggiano. Si tratta di un aspetto fondamentale, perch\u00e9 senza la straordinaria conduttivit\u00e0 della grafite una batteria non sarebbe in grado di funzionare.<\/p>\n<h2>Grafite nelle batterie agli ioni di litio<\/h2>\n<p>Gli anodi di grafite sono indispensabili per le batterie agli ioni di litio. Durante la carica, gli ioni di litio si intercalano tra gli strati di grafite. Quando si scaricano, tornano al catodo dove questo movimento genera una corrente elettrica che pu\u00f2 essere utilizzata per alimentare i vostri gadget. La capacit\u00e0 della grafite di immagazzinare reversibilmente grandi quantit\u00e0 di energia elettrica la rende un serbatoio indispensabile per immagazzinare e rilasciare elettricit\u00e0 nelle batterie agli ioni di litio.<\/p>\n<h2>Batteria agli ioni di litio vs batteria alla grafite<\/h2>\n<p>La differenza pi\u00f9 significativa che separa le batterie alla grafite da quelle agli ioni di litio risiede nel materiale anodico. A differenza delle batterie tradizionali <a href=\"https:\/\/en.wikipedia.org\/wiki\/Lithium-ion_battery\" target=\"_blank\" rel=\"noopener\">batterie agli ioni di litio<\/a>Alcune nuove tecnologie utilizzano il silicio (invece della sola grafite) come materiale anodico. Tra due cavalli di battaglia, la grafite vince sulla durata del ciclo, mentre il silicio vince sulla densit\u00e0 di energia potenziale. Il problema, tuttavia, \u00e8 che gli anodi di silicio emettono un fastidioso rigonfiamento durante la carica, causando danni strutturali fatali ai pacchi batteria. Tuttavia, la grafite \u00e8 il materiale pi\u00f9 comune, a cavallo tra prestazioni e affidabilit\u00e0.<\/p>\n<h2>Processo di elettrolisi dell'anodo di grafite<\/h2>\n<p>Durante i processi di carica e scarica delle batterie agli ioni di litio, nell'anodo di grafite si verifica una reazione elettrochimica. A livello cellulare, all'anodo la batteria funziona per elettrolisi, dove gli ioni di litio carichi passano all'interno e vengono catturati nella grafite. Con il rilascio di ioni alla scarica, questi ioni passano di nuovo al catodo, rilasciando energia. Il processo \u00e8 inoltre reversibile e consente di ricaricare la batteria innumerevoli volte prima che l'anodo di grafite si deteriori.<\/p>\n<h2>Anodo di grafite e anodo di silicio a confronto<\/h2>\n<p>La maggiore capacit\u00e0 teorica degli anodi di silicio (rispetto a quelli tipici di grafite) ha suscitato un certo interesse per questo materiale. L'uso del silicio al posto della grafite \u00e8 vantaggioso perch\u00e9 ha una maggiore capacit\u00e0 di immagazzinare ioni di litio e quindi pu\u00f2 aumentare la densit\u00e0 energetica della batteria. Il silicio ha per\u00f2 un grosso svantaggio: si gonfia e si restringe drasticamente quando la batteria si carica e si scarica. Quando ci\u00f2 accade, l'anodo si gonfia, causando in genere una frattura e, in ultima analisi, un guasto. Al contrario, la grafite pu\u00f2 mantenere la sua struttura per molti cicli di carica e scarica, il che la rende pi\u00f9 durevole e affidabile per un'applicazione a lungo termine. Anche se gli anodi a base di silicio potrebbero essere il futuro delle batterie ad alta capacit\u00e0, la maggior parte delle applicazioni si basa ancora sulla buona vecchia grafite.<\/p>\n<h2>Catodo di grafite e anodo<\/h2>\n<p>In una batteria agli ioni di litio i ruoli di anodo e catodo sono invertiti. Durante la carica, gli ioni di litio vivono all'anodo, mentre durante la scarica vengono ceduti al catodo. In pratica, l'anodo \u00e8 una grafite a causa delle sue propriet\u00e0 chimiche relative all'intercalazione del litio. Invece, altri materiali sono utilizzati nella <a href=\"https:\/\/jinsuncarbon.com\/it\/prodotto\/blocco-catodico\/\">catodo<\/a> - L'ossido di litio e cobalto o il fosfato di ferro, ad esempio, sono pi\u00f9 adatti a far entrare gli ioni e a catturarli. Per questo motivo, per dare un senso al funzionamento della batteria, \u00e8 necessario pensare agli anodi e ai catodi in base alla loro identit\u00e0.<\/p>\n<h2>Il processo di produzione degli anodi di grafite<\/h2>\n<p>Il primo \u00e8 che la grafite grezza deve essere pulita e le impurit\u00e0, quali <a href=\"https:\/\/en.wikipedia.org\/wiki\/Silicon\" target=\"_blank\" rel=\"noopener\">silicio<\/a>, ferro o ossigeno estratti. La fase successiva consiste nel mescolare la grafite con leganti per ottenere una pasta. Questa pasta viene poi ricoperta con un rullo su un foglio di rame, che funge da collettore di corrente. Il materiale viene poi essiccato e compattato in modo da garantire uno spessore uniforme, dopo che lo strato di riempimento \u00e8 stato rivestito. Gli anodi vengono riscaldati ad alte temperature affinch\u00e9 acquisiscano le loro propriet\u00e0 elettrochimiche. Questi vengono tagliati nelle forme e dimensioni necessarie, finalizzate all'inserimento nelle batterie.<\/p>\n<h2>Perch\u00e9 l'anodo \u00e8 fatto di grafite e non di acciaio?<\/h2>\n<p>L'acciaio ha una bassa conducibilit\u00e0 elettrica e quindi il litio non pu\u00f2 essere intercalato nell'acciaio. Ci\u00f2 ridurrebbe notevolmente le prestazioni della batteria. D'altra parte, la grafite \u00e8 un ottimo conduttore e pu\u00f2 tollerare il movimento degli ioni di litio senza troppe rotture. La grafite \u00e8 anche un ottimo candidato per gli anodi delle batterie se si considerano sia il peso che la stabilit\u00e0 chimica\/resistenza alla corrosione, pi\u00f9 di materiali come l'acciaio.<\/p>\n<h2>Applicazioni degli anodi di grafite<\/h2>\n<p>Gli anodi di grafite hanno molteplici scopi oltre alle batterie agli ioni di litio. Sono impiegati nelle reazioni elettrochimiche, ad esempio nell'elettrolisi dell'acqua, dove favoriscono la scissione dell'acqua in idrogeno e ossigeno utilizzando la grafite. Gli anodi di grafite sono utilizzati anche in altri tipi di batterie (come quelle agli ioni di sodio) e nell'accumulo di energia. L'anodo di grafite sintetica \u00e8 un materiale chiave utilizzato nella transizione verso le energie rinnovabili, perch\u00e9 ci permette di immagazzinare la natura intermittente delle energie rinnovabili, come il solare e l'eolico.<\/p>","protected":false},"excerpt":{"rendered":"<p>Molte batterie, come quelle agli ioni di litio, hanno una parte scura chiamata anodo, che \u00e8 la grafite. Anodo \u00e8 il nome dato a un elettrodo negativo, che in queste batterie \u00e8 a base di grafite. Gli ioni di litio passano quindi avanti e indietro dal catodo all'anodo fino a quando non sono pronti per essere utilizzati nel dispositivo. Si tratta di propriet\u00e0 perfette per questo lavoro, poich\u00e9 la grafite pu\u00f2 essere caricata e scaricata migliaia di volte senza usurarsi all'interno della batteria.<\/p>\n<p>Specifiche dell'anodo di grafite:<\/p>\n<ul>\n<li>Buone prestazioni di lavorazione<\/li>\n<li>Alta capacit\u00e0<\/li>\n<li>lunga durata del ciclo<\/li>\n<li>Forte compatibilit\u00e0 con gli elettroliti<\/li>\n<li data-spm-anchor-id=\"a2700.details.0.i63.168335aaj1nDi4\">Economicamente vantaggioso<\/li>\n<\/ul>","protected":false},"featured_media":7137,"template":"","meta":[],"product_brand":[],"product_cat":[67],"product_tag":[],"class_list":{"0":"post-7115","1":"product","2":"type-product","3":"status-publish","4":"has-post-thumbnail","6":"product_cat-graphite-material","8":"first","9":"instock","10":"shipping-taxable","11":"product-type-simple"},"yoast_head":"<!-- This site is optimized with the Yoast SEO Premium plugin v19.2.1 (Yoast SEO v25.3) - https:\/\/yoast.com\/wordpress\/plugins\/seo\/ -->\n<title>Graphite Anode Manufacturer in China - Best Price | Jinsun Carbon<\/title>\n<meta name=\"description\" content=\"Graphite anode materials are used in lithium batteries as negative electrode materials for electrolysis, with high specific capacity and strong stability.\" \/>\n<meta name=\"robots\" content=\"index, follow, max-snippet:-1, max-image-preview:large, max-video-preview:-1\" \/>\n<link rel=\"canonical\" href=\"https:\/\/jinsuncarbon.com\/it\/prodotto\/anodo-di-grafite\/\" \/>\n<meta property=\"og:locale\" content=\"it_IT\" \/>\n<meta property=\"og:type\" content=\"article\" \/>\n<meta property=\"og:title\" content=\"Graphite Anode\" \/>\n<meta property=\"og:description\" content=\"Graphite anode materials are used in lithium batteries as negative electrode materials for electrolysis, with high specific capacity and strong stability.\" \/>\n<meta property=\"og:url\" content=\"https:\/\/jinsuncarbon.com\/it\/prodotto\/anodo-di-grafite\/\" \/>\n<meta property=\"og:site_name\" content=\"Jinsun Carbon\" \/>\n<meta property=\"article:publisher\" content=\"https:\/\/www.facebook.com\/Graphite-Electrode-109336238661595\" \/>\n<meta property=\"article:modified_time\" content=\"2024-12-27T03:47:25+00:00\" \/>\n<meta property=\"og:image\" content=\"https:\/\/jinsuncarbon.com\/wp-content\/uploads\/2024\/12\/Graphite-anode.jpg\" \/>\n\t<meta property=\"og:image:width\" content=\"1024\" \/>\n\t<meta property=\"og:image:height\" content=\"763\" \/>\n\t<meta property=\"og:image:type\" content=\"image\/jpeg\" \/>\n<meta name=\"twitter:card\" content=\"summary_large_image\" \/>\n<meta name=\"twitter:site\" content=\"@jinsuncarbon_\" \/>\n<meta name=\"twitter:label1\" content=\"Tempo di lettura stimato\" \/>\n\t<meta name=\"twitter:data1\" content=\"5 minuti\" \/>\n<script type=\"application\/ld+json\" class=\"yoast-schema-graph\">{\"@context\":\"https:\/\/schema.org\",\"@graph\":[{\"@type\":\"WebPage\",\"@id\":\"https:\/\/jinsuncarbon.com\/product\/graphite-anode\/\",\"url\":\"https:\/\/jinsuncarbon.com\/product\/graphite-anode\/\",\"name\":\"Graphite Anode Manufacturer in China - Best Price | Jinsun Carbon\",\"isPartOf\":{\"@id\":\"https:\/\/jinsuncarbon.com\/#website\"},\"primaryImageOfPage\":{\"@id\":\"https:\/\/jinsuncarbon.com\/product\/graphite-anode\/#primaryimage\"},\"image\":{\"@id\":\"https:\/\/jinsuncarbon.com\/product\/graphite-anode\/#primaryimage\"},\"thumbnailUrl\":\"https:\/\/jinsuncarbon.com\/wp-content\/uploads\/2024\/12\/Graphite-anode.jpg\",\"datePublished\":\"2024-12-27T03:17:39+00:00\",\"dateModified\":\"2024-12-27T03:47:25+00:00\",\"description\":\"Graphite anode materials are used in lithium batteries as negative electrode materials for electrolysis, with high specific capacity and strong stability.\",\"breadcrumb\":{\"@id\":\"https:\/\/jinsuncarbon.com\/product\/graphite-anode\/#breadcrumb\"},\"inLanguage\":\"it-IT\",\"potentialAction\":[{\"@type\":\"ReadAction\",\"target\":[\"https:\/\/jinsuncarbon.com\/product\/graphite-anode\/\"]}]},{\"@type\":\"ImageObject\",\"inLanguage\":\"it-IT\",\"@id\":\"https:\/\/jinsuncarbon.com\/product\/graphite-anode\/#primaryimage\",\"url\":\"https:\/\/jinsuncarbon.com\/wp-content\/uploads\/2024\/12\/Graphite-anode.jpg\",\"contentUrl\":\"https:\/\/jinsuncarbon.com\/wp-content\/uploads\/2024\/12\/Graphite-anode.jpg\",\"width\":1024,\"height\":763,\"caption\":\"Graphite anode\"},{\"@type\":\"BreadcrumbList\",\"@id\":\"https:\/\/jinsuncarbon.com\/product\/graphite-anode\/#breadcrumb\",\"itemListElement\":[{\"@type\":\"ListItem\",\"position\":1,\"name\":\"Home\",\"item\":\"https:\/\/jinsuncarbon.com\/\"},{\"@type\":\"ListItem\",\"position\":2,\"name\":\"Products\",\"item\":\"https:\/\/jinsuncarbon.com\/graphite-carbon\/\"},{\"@type\":\"ListItem\",\"position\":3,\"name\":\"Graphite Anode\"}]},{\"@type\":\"WebSite\",\"@id\":\"https:\/\/jinsuncarbon.com\/#website\",\"url\":\"https:\/\/jinsuncarbon.com\/\",\"name\":\"Jinsun Carbon\",\"description\":\"We are the successful graphite electrode manufacturer in China\",\"publisher\":{\"@id\":\"https:\/\/jinsuncarbon.com\/#organization\"},\"potentialAction\":[{\"@type\":\"SearchAction\",\"target\":{\"@type\":\"EntryPoint\",\"urlTemplate\":\"https:\/\/jinsuncarbon.com\/?s={search_term_string}\"},\"query-input\":{\"@type\":\"PropertyValueSpecification\",\"valueRequired\":true,\"valueName\":\"search_term_string\"}}],\"inLanguage\":\"it-IT\"},{\"@type\":\"Organization\",\"@id\":\"https:\/\/jinsuncarbon.com\/#organization\",\"name\":\"Jinsun Carbon\",\"alternateName\":\"Jinsun Carbon\",\"url\":\"https:\/\/jinsuncarbon.com\/\",\"logo\":{\"@type\":\"ImageObject\",\"inLanguage\":\"it-IT\",\"@id\":\"https:\/\/jinsuncarbon.com\/#\/schema\/logo\/image\/\",\"url\":\"https:\/\/jinsuncarbon.com\/wp-content\/uploads\/2022\/12\/LOGO-1.png\",\"contentUrl\":\"https:\/\/jinsuncarbon.com\/wp-content\/uploads\/2022\/12\/LOGO-1.png\",\"width\":207,\"height\":80,\"caption\":\"Jinsun Carbon\"},\"image\":{\"@id\":\"https:\/\/jinsuncarbon.com\/#\/schema\/logo\/image\/\"},\"sameAs\":[\"https:\/\/www.facebook.com\/Graphite-Electrode-109336238661595\",\"https:\/\/x.com\/jinsuncarbon_\",\"https:\/\/www.linkedin.com\/in\/jinsungraphite\",\"https:\/\/www.youtube.com\/channel\/UCysDNyvyR5-3cCWEmpkVC0g\"]}]}<\/script>\n<!-- \/ Yoast SEO Premium plugin. -->","yoast_head_json":{"title":"Anodo di grafite Produttore in Cina - Miglior prezzo | Jinsun Carbon","description":"I materiali anodici di grafite sono utilizzati nelle batterie al litio come elettrodi negativi per l'elettrolisi, con elevata capacit\u00e0 specifica e forte stabilit\u00e0.","robots":{"index":"index","follow":"follow","max-snippet":"max-snippet:-1","max-image-preview":"max-image-preview:large","max-video-preview":"max-video-preview:-1"},"canonical":"https:\/\/jinsuncarbon.com\/it\/prodotto\/anodo-di-grafite\/","og_locale":"it_IT","og_type":"article","og_title":"Graphite Anode","og_description":"Graphite anode materials are used in lithium batteries as negative electrode materials for electrolysis, with high specific capacity and strong stability.","og_url":"https:\/\/jinsuncarbon.com\/it\/prodotto\/anodo-di-grafite\/","og_site_name":"Jinsun Carbon","article_publisher":"https:\/\/www.facebook.com\/Graphite-Electrode-109336238661595","article_modified_time":"2024-12-27T03:47:25+00:00","og_image":[{"width":1024,"height":763,"url":"https:\/\/jinsuncarbon.com\/wp-content\/uploads\/2024\/12\/Graphite-anode.jpg","type":"image\/jpeg"}],"twitter_card":"summary_large_image","twitter_site":"@jinsuncarbon_","twitter_misc":{"Tempo di lettura stimato":"5 minuti"},"schema":{"@context":"https:\/\/schema.org","@graph":[{"@type":"WebPage","@id":"https:\/\/jinsuncarbon.com\/product\/graphite-anode\/","url":"https:\/\/jinsuncarbon.com\/product\/graphite-anode\/","name":"Anodo di grafite Produttore in Cina - Miglior prezzo | Jinsun Carbon","isPartOf":{"@id":"https:\/\/jinsuncarbon.com\/#website"},"primaryImageOfPage":{"@id":"https:\/\/jinsuncarbon.com\/product\/graphite-anode\/#primaryimage"},"image":{"@id":"https:\/\/jinsuncarbon.com\/product\/graphite-anode\/#primaryimage"},"thumbnailUrl":"https:\/\/jinsuncarbon.com\/wp-content\/uploads\/2024\/12\/Graphite-anode.jpg","datePublished":"2024-12-27T03:17:39+00:00","dateModified":"2024-12-27T03:47:25+00:00","description":"I materiali anodici di grafite sono utilizzati nelle batterie al litio come elettrodi negativi per l'elettrolisi, con elevata capacit\u00e0 specifica e forte stabilit\u00e0.","breadcrumb":{"@id":"https:\/\/jinsuncarbon.com\/product\/graphite-anode\/#breadcrumb"},"inLanguage":"it-IT","potentialAction":[{"@type":"ReadAction","target":["https:\/\/jinsuncarbon.com\/product\/graphite-anode\/"]}]},{"@type":"ImageObject","inLanguage":"it-IT","@id":"https:\/\/jinsuncarbon.com\/product\/graphite-anode\/#primaryimage","url":"https:\/\/jinsuncarbon.com\/wp-content\/uploads\/2024\/12\/Graphite-anode.jpg","contentUrl":"https:\/\/jinsuncarbon.com\/wp-content\/uploads\/2024\/12\/Graphite-anode.jpg","width":1024,"height":763,"caption":"Graphite anode"},{"@type":"BreadcrumbList","@id":"https:\/\/jinsuncarbon.com\/product\/graphite-anode\/#breadcrumb","itemListElement":[{"@type":"ListItem","position":1,"name":"Home","item":"https:\/\/jinsuncarbon.com\/"},{"@type":"ListItem","position":2,"name":"Products","item":"https:\/\/jinsuncarbon.com\/graphite-carbon\/"},{"@type":"ListItem","position":3,"name":"Graphite Anode"}]},{"@type":"WebSite","@id":"https:\/\/jinsuncarbon.com\/#website","url":"https:\/\/jinsuncarbon.com\/","name":"Jinsun Carbon","description":"Siamo il produttore di elettrodi di grafite di successo in Cina","publisher":{"@id":"https:\/\/jinsuncarbon.com\/#organization"},"potentialAction":[{"@type":"SearchAction","target":{"@type":"EntryPoint","urlTemplate":"https:\/\/jinsuncarbon.com\/?s={search_term_string}"},"query-input":{"@type":"PropertyValueSpecification","valueRequired":true,"valueName":"search_term_string"}}],"inLanguage":"it-IT"},{"@type":"Organization","@id":"https:\/\/jinsuncarbon.com\/#organization","name":"Jinsun Carbon","alternateName":"Jinsun Carbon","url":"https:\/\/jinsuncarbon.com\/","logo":{"@type":"ImageObject","inLanguage":"it-IT","@id":"https:\/\/jinsuncarbon.com\/#\/schema\/logo\/image\/","url":"https:\/\/jinsuncarbon.com\/wp-content\/uploads\/2022\/12\/LOGO-1.png","contentUrl":"https:\/\/jinsuncarbon.com\/wp-content\/uploads\/2022\/12\/LOGO-1.png","width":207,"height":80,"caption":"Jinsun Carbon"},"image":{"@id":"https:\/\/jinsuncarbon.com\/#\/schema\/logo\/image\/"},"sameAs":["https:\/\/www.facebook.com\/Graphite-Electrode-109336238661595","https:\/\/x.com\/jinsuncarbon_","https:\/\/www.linkedin.com\/in\/jinsungraphite","https:\/\/www.youtube.com\/channel\/UCysDNyvyR5-3cCWEmpkVC0g"]}]}},"_links":{"self":[{"href":"https:\/\/jinsuncarbon.com\/it\/wp-json\/wp\/v2\/product\/7115","targetHints":{"allow":["GET"]}}],"collection":[{"href":"https:\/\/jinsuncarbon.com\/it\/wp-json\/wp\/v2\/product"}],"about":[{"href":"https:\/\/jinsuncarbon.com\/it\/wp-json\/wp\/v2\/types\/product"}],"wp:featuredmedia":[{"embeddable":true,"href":"https:\/\/jinsuncarbon.com\/it\/wp-json\/wp\/v2\/media\/7137"}],"wp:attachment":[{"href":"https:\/\/jinsuncarbon.com\/it\/wp-json\/wp\/v2\/media?parent=7115"}],"wp:term":[{"taxonomy":"product_brand","embeddable":true,"href":"https:\/\/jinsuncarbon.com\/it\/wp-json\/wp\/v2\/product_brand?post=7115"},{"taxonomy":"product_cat","embeddable":true,"href":"https:\/\/jinsuncarbon.com\/it\/wp-json\/wp\/v2\/product_cat?post=7115"},{"taxonomy":"product_tag","embeddable":true,"href":"https:\/\/jinsuncarbon.com\/it\/wp-json\/wp\/v2\/product_tag?post=7115"}],"curies":[{"name":"wp","href":"https:\/\/api.w.org\/{rel}","templated":true}]}}