{"id":7103,"date":"2024-12-21T15:21:24","date_gmt":"2024-12-21T15:21:24","guid":{"rendered":"https:\/\/jinsuncarbon.com\/?post_type=product&#038;p=7103"},"modified":"2024-12-21T23:29:04","modified_gmt":"2024-12-21T23:29:04","slug":"pasta-per-rammendare","status":"publish","type":"product","link":"https:\/\/jinsuncarbon.com\/it\/prodotto\/pasta-per-rammendare\/","title":{"rendered":"Pasta per ramazzare"},"content":{"rendered":"<p class=\"ql-align-justify\">Le paste raminghe comprendono principalmente le seguenti categorie.<\/p>\n<h3 class=\"ql-align-justify\">Pasta di rammendo a freddo<\/h3>\n<p class=\"ql-align-justify\">\u00c8 possibile rincalzarlo a temperatura ambiente, per una maggiore praticit\u00e0 di costruzione, senza bisogno di ulteriori apparecchiature di riscaldamento. Pu\u00f2 ridurre efficacemente i costi di costruzione e il consumo energetico. Ha una certa plasticit\u00e0 prima della tostatura, pu\u00f2 riempire meglio lo spazio tra il blocco di carbonio catodico. E formare un legame solido con il <a href=\"https:\/\/jinsuncarbon.com\/it\/prodotto\/blocchi-di-carbonio\/\">blocco di carbonio<\/a> nel successivo processo di tostatura. Per garantire l'integrit\u00e0 della struttura del catodo e la conducibilit\u00e0 elettrica. \u00c8 adatto agli impianti di alluminio elettrolitico con requisiti speciali per le condizioni di costruzione o per l'approvvigionamento energetico limitato. In particolare per la costruzione e la manutenzione di piccole celle elettrolitiche.<\/p>\n<h3 class=\"ql-align-justify\">Pasta per stampa a caldo<\/h3>\n<p class=\"ql-align-justify\">\u00c8 necessario eseguire la costruzione di rincalzatura a una temperatura pi\u00f9 elevata, solitamente riscaldata a circa 100\u00b0C. In queste condizioni, la fluidit\u00e0 e l'adesione sono migliorate. Inoltre, pu\u00f2 riempire maggiormente le lacune e i pori del blocco di carbonio del catodo, formando una struttura catodica pi\u00f9 densa. Cos\u00ec da avere una migliore conduttivit\u00e0 e resistenza all'erosione. \u00c8 adatto alla costruzione di celle elettrolitiche in alluminio moderne, efficienti e su larga scala. \u00c8 utile per migliorare le prestazioni complessive e l'efficienza produttiva della cella elettrolitica. Tuttavia, presenta requisiti elevati per quanto riguarda l'ambiente di costruzione e le apparecchiature di riscaldamento, e il costo di costruzione \u00e8 relativamente alto.<\/p>\n<h2 class=\"ql-align-justify\">Vantaggi<\/h2>\n<p class=\"ql-align-justify\"><strong>Buona conducibilit\u00e0 elettrica<\/strong><\/p>\n<p class=\"ql-align-justify\">Pu\u00f2 condurre efficacemente la corrente per garantire una reazione elettrochimica regolare nella cella elettrolitica.<\/p>\n<p class=\"ql-align-justify\"><strong>Resistenza alle alte temperature<\/strong><\/p>\n<p class=\"ql-align-justify\">Pu\u00f2 lavorare stabilmente nell'ambiente ad alta temperatura dell'elettrolisi dell'alluminio (circa 950-970 \u00b0C) per lungo tempo. Ci\u00f2 consente di mantenere l'integrit\u00e0 della struttura del catodo.<\/p>\n<p class=\"ql-align-justify\"><strong>Buona adesione con il blocco di carbonio del catodo<\/strong><\/p>\n<p class=\"ql-align-justify\">Pu\u00f2 essere strettamente combinato per impedire la penetrazione dell'elettrolito, prolungando cos\u00ec la durata del catodo.<\/p>\n<p class=\"ql-align-justify\">Inoltre, siamo in grado di personalizzare la pasta di ramming in base ai diversi design delle celle elettrolitiche e ai requisiti di processo durante il processo di produzione. Per soddisfare le diverse esigenze di produzione e garantire la stabilit\u00e0 e l'efficienza della produzione elettrolitica di alluminio.<\/p>\n<h2 class=\"ql-align-justify\">Usi della pasta di rammendo<\/h2>\n<p class=\"ql-align-justify\">La pasta Ramming \u00e8 ampiamente utilizzata nell'industria dell'elettrolisi dell'alluminio.<\/p>\n<p class=\"ql-align-justify\">Nel processo di assemblaggio delle celle elettrolitiche in alluminio, la pasta di ramming a freddo o la pasta di ramming a caldo saranno accuratamente riempite nella fessura della cella. <a href=\"https:\/\/jinsuncarbon.com\/it\/prodotto\/blocco-catodico\/\">blocco di carbonio catodico<\/a> in base alla situazione reale. Dopo la tostatura e l'indurimento, si costruisce una base catodica conduttiva completa con prestazioni eccellenti per costruire un percorso di trasporto degli elettroni per la reazione di riduzione degli ioni di alluminio. E garantisce una reazione elettrolitica stabile ed efficiente.<\/p>\n<p class=\"ql-align-justify\">Allo stesso tempo, \u00e8 possibile utilizzare la pasta di speronamento laterale per proteggere efficacemente la struttura laterale del veicolo. <a href=\"https:\/\/en.wikipedia.org\/wiki\/Electrolytic_cell\" target=\"_blank\" rel=\"noopener\">cella elettrolitica<\/a>. E resistere all'erosione di elettroliti ad alta temperatura e <a href=\"https:\/\/en.wikipedia.org\/wiki\/Aluminium#:~:text=Aluminium%20(or%20aluminum%20in%20North,surface%20when%20exposed%20to%20air.\" target=\"_blank\" rel=\"noopener\">alluminio<\/a> liquido. Mantenere l'equilibrio termico della cella elettrolitica e lo stato stabile del rivestimento, ridurre la perdita di calore. Migliorare i vantaggi economici e la sicurezza della produzione elettrolitica.<\/p>\n<p class=\"ql-align-justify\">Inoltre, i diversi tipi di pasta da rammendo con le loro caratteristiche, non solo sono utilizzati nella costruzione iniziale di nuove celle elettrolitiche, ma anche nella manutenzione e nella ristrutturazione di vecchie celle elettrolitiche. Per lo sviluppo sostenibile e costante dell'industria dell'alluminio, per gettare solide basi. Questo \u00e8 il materiale di base per la produzione di alluminio elettrolitico.<\/p>","protected":false},"excerpt":{"rendered":"<p>La pasta per rammendare \u00e8 un tipo di pasta di carbonio, nota anche come pasta per rincalzare; ne esistono due tipi: pasta per rammendare a freddo e pasta per rammendare a caldo. Viene utilizzata principalmente per la posa di blocchi di carbonio catodico, il riempimento di spazi vuoti catodici, l'incollaggio di barre di acciaio catodico, ecc. nelle celle elettrolitiche di alluminio. La pasta di ramatura \u00e8 composta da antracite, coke, grafite, asfalto e altre materie prime in una proporzione specifica. Ha un'eccellente conducibilit\u00e0 elettrica e termica, un basso contenuto di ceneri, resistenza alla corrosione del liquido di alluminio e dell'elettrolita e buone prestazioni di sinterizzazione. Pertanto, pu\u00f2 migliorare le prestazioni delle celle elettrolitiche di alluminio e prolungarne la durata. Inoltre, garantisce una reazione elettrolitica continua ed efficiente.<\/p>\n<p class=\"ql-align-justify\">","protected":false},"featured_media":7104,"template":"","meta":[],"product_brand":[],"product_cat":[39],"product_tag":[],"class_list":{"0":"post-7103","1":"product","2":"type-product","3":"status-publish","4":"has-post-thumbnail","6":"product_cat-carbon-products","8":"first","9":"instock","10":"shipping-taxable","11":"product-type-simple"},"yoast_head":"<!-- This site is optimized with the Yoast SEO Premium plugin v19.2.1 (Yoast SEO v25.3) - https:\/\/yoast.com\/wordpress\/plugins\/seo\/ -->\n<title>Ramming Paste | Jinsun Carbon<\/title>\n<meta name=\"description\" content=\"Ramming paste is a kind of carbon paste, also known as tamping paste, which is mainly used for laying cathode carbon blocks, filling cathode gaps, bonding cathode steel bars, etc. in aluminum electrolytic cells.\" \/>\n<meta name=\"robots\" content=\"index, follow, max-snippet:-1, max-image-preview:large, max-video-preview:-1\" \/>\n<link rel=\"canonical\" href=\"https:\/\/jinsuncarbon.com\/it\/prodotto\/pasta-per-rammendare\/\" \/>\n<meta property=\"og:locale\" content=\"it_IT\" \/>\n<meta property=\"og:type\" content=\"article\" \/>\n<meta property=\"og:title\" content=\"Ramming Paste\" \/>\n<meta property=\"og:description\" content=\"Ramming paste is a kind of carbon paste, also known as tamping paste, which is mainly used for laying cathode carbon blocks, filling cathode gaps, bonding cathode steel bars, etc. in aluminum electrolytic cells.\" \/>\n<meta property=\"og:url\" content=\"https:\/\/jinsuncarbon.com\/it\/prodotto\/pasta-per-rammendare\/\" \/>\n<meta property=\"og:site_name\" content=\"Jinsun Carbon\" \/>\n<meta property=\"article:publisher\" content=\"https:\/\/www.facebook.com\/Graphite-Electrode-109336238661595\" \/>\n<meta property=\"article:modified_time\" content=\"2024-12-21T23:29:04+00:00\" \/>\n<meta property=\"og:image\" content=\"https:\/\/jinsuncarbon.com\/wp-content\/uploads\/2024\/12\/Ramming-Paste-.jpg\" \/>\n\t<meta property=\"og:image:width\" content=\"1024\" \/>\n\t<meta property=\"og:image:height\" content=\"763\" \/>\n\t<meta property=\"og:image:type\" content=\"image\/jpeg\" \/>\n<meta name=\"twitter:card\" content=\"summary_large_image\" \/>\n<meta name=\"twitter:site\" content=\"@jinsuncarbon_\" \/>\n<meta name=\"twitter:label1\" content=\"Tempo di lettura stimato\" \/>\n\t<meta name=\"twitter:data1\" content=\"3 minuti\" \/>\n<script type=\"application\/ld+json\" class=\"yoast-schema-graph\">{\"@context\":\"https:\/\/schema.org\",\"@graph\":[{\"@type\":\"WebPage\",\"@id\":\"https:\/\/jinsuncarbon.com\/product\/ramming-paste\/\",\"url\":\"https:\/\/jinsuncarbon.com\/product\/ramming-paste\/\",\"name\":\"Ramming Paste | Jinsun Carbon\",\"isPartOf\":{\"@id\":\"https:\/\/jinsuncarbon.com\/#website\"},\"primaryImageOfPage\":{\"@id\":\"https:\/\/jinsuncarbon.com\/product\/ramming-paste\/#primaryimage\"},\"image\":{\"@id\":\"https:\/\/jinsuncarbon.com\/product\/ramming-paste\/#primaryimage\"},\"thumbnailUrl\":\"https:\/\/jinsuncarbon.com\/wp-content\/uploads\/2024\/12\/Ramming-Paste-.jpg\",\"datePublished\":\"2024-12-21T15:21:24+00:00\",\"dateModified\":\"2024-12-21T23:29:04+00:00\",\"description\":\"Ramming paste is a kind of carbon paste, also known as tamping paste, which is mainly used for laying cathode carbon blocks, filling cathode gaps, bonding cathode steel bars, etc. in aluminum electrolytic cells.\",\"breadcrumb\":{\"@id\":\"https:\/\/jinsuncarbon.com\/product\/ramming-paste\/#breadcrumb\"},\"inLanguage\":\"it-IT\",\"potentialAction\":[{\"@type\":\"ReadAction\",\"target\":[\"https:\/\/jinsuncarbon.com\/product\/ramming-paste\/\"]}]},{\"@type\":\"ImageObject\",\"inLanguage\":\"it-IT\",\"@id\":\"https:\/\/jinsuncarbon.com\/product\/ramming-paste\/#primaryimage\",\"url\":\"https:\/\/jinsuncarbon.com\/wp-content\/uploads\/2024\/12\/Ramming-Paste-.jpg\",\"contentUrl\":\"https:\/\/jinsuncarbon.com\/wp-content\/uploads\/2024\/12\/Ramming-Paste-.jpg\",\"width\":1024,\"height\":763,\"caption\":\"Ramming Paste\"},{\"@type\":\"BreadcrumbList\",\"@id\":\"https:\/\/jinsuncarbon.com\/product\/ramming-paste\/#breadcrumb\",\"itemListElement\":[{\"@type\":\"ListItem\",\"position\":1,\"name\":\"Home\",\"item\":\"https:\/\/jinsuncarbon.com\/\"},{\"@type\":\"ListItem\",\"position\":2,\"name\":\"Products\",\"item\":\"https:\/\/jinsuncarbon.com\/graphite-carbon\/\"},{\"@type\":\"ListItem\",\"position\":3,\"name\":\"Ramming Paste\"}]},{\"@type\":\"WebSite\",\"@id\":\"https:\/\/jinsuncarbon.com\/#website\",\"url\":\"https:\/\/jinsuncarbon.com\/\",\"name\":\"Jinsun Carbon\",\"description\":\"We are the successful graphite electrode manufacturer in China\",\"publisher\":{\"@id\":\"https:\/\/jinsuncarbon.com\/#organization\"},\"potentialAction\":[{\"@type\":\"SearchAction\",\"target\":{\"@type\":\"EntryPoint\",\"urlTemplate\":\"https:\/\/jinsuncarbon.com\/?s={search_term_string}\"},\"query-input\":{\"@type\":\"PropertyValueSpecification\",\"valueRequired\":true,\"valueName\":\"search_term_string\"}}],\"inLanguage\":\"it-IT\"},{\"@type\":\"Organization\",\"@id\":\"https:\/\/jinsuncarbon.com\/#organization\",\"name\":\"Jinsun Carbon\",\"alternateName\":\"Jinsun Carbon\",\"url\":\"https:\/\/jinsuncarbon.com\/\",\"logo\":{\"@type\":\"ImageObject\",\"inLanguage\":\"it-IT\",\"@id\":\"https:\/\/jinsuncarbon.com\/#\/schema\/logo\/image\/\",\"url\":\"https:\/\/jinsuncarbon.com\/wp-content\/uploads\/2022\/12\/LOGO-1.png\",\"contentUrl\":\"https:\/\/jinsuncarbon.com\/wp-content\/uploads\/2022\/12\/LOGO-1.png\",\"width\":207,\"height\":80,\"caption\":\"Jinsun Carbon\"},\"image\":{\"@id\":\"https:\/\/jinsuncarbon.com\/#\/schema\/logo\/image\/\"},\"sameAs\":[\"https:\/\/www.facebook.com\/Graphite-Electrode-109336238661595\",\"https:\/\/x.com\/jinsuncarbon_\",\"https:\/\/www.linkedin.com\/in\/jinsungraphite\",\"https:\/\/www.youtube.com\/channel\/UCysDNyvyR5-3cCWEmpkVC0g\"]}]}<\/script>\n<!-- \/ Yoast SEO Premium plugin. -->","yoast_head_json":{"title":"Pasta Ramming | Jinsun Carbon","description":"La pasta di ramatura \u00e8 un tipo di pasta di carbonio, nota anche come pasta di rincalzo, utilizzata principalmente per la posa di blocchi di carbonio catodico, il riempimento di spazi vuoti catodici, l'incollaggio di barre di acciaio catodico, ecc. nelle celle elettrolitiche di alluminio.","robots":{"index":"index","follow":"follow","max-snippet":"max-snippet:-1","max-image-preview":"max-image-preview:large","max-video-preview":"max-video-preview:-1"},"canonical":"https:\/\/jinsuncarbon.com\/it\/prodotto\/pasta-per-rammendare\/","og_locale":"it_IT","og_type":"article","og_title":"Ramming Paste","og_description":"Ramming paste is a kind of carbon paste, also known as tamping paste, which is mainly used for laying cathode carbon blocks, filling cathode gaps, bonding cathode steel bars, etc. in aluminum electrolytic cells.","og_url":"https:\/\/jinsuncarbon.com\/it\/prodotto\/pasta-per-rammendare\/","og_site_name":"Jinsun Carbon","article_publisher":"https:\/\/www.facebook.com\/Graphite-Electrode-109336238661595","article_modified_time":"2024-12-21T23:29:04+00:00","og_image":[{"width":1024,"height":763,"url":"https:\/\/jinsuncarbon.com\/wp-content\/uploads\/2024\/12\/Ramming-Paste-.jpg","type":"image\/jpeg"}],"twitter_card":"summary_large_image","twitter_site":"@jinsuncarbon_","twitter_misc":{"Tempo di lettura stimato":"3 minuti"},"schema":{"@context":"https:\/\/schema.org","@graph":[{"@type":"WebPage","@id":"https:\/\/jinsuncarbon.com\/product\/ramming-paste\/","url":"https:\/\/jinsuncarbon.com\/product\/ramming-paste\/","name":"Pasta Ramming | Jinsun Carbon","isPartOf":{"@id":"https:\/\/jinsuncarbon.com\/#website"},"primaryImageOfPage":{"@id":"https:\/\/jinsuncarbon.com\/product\/ramming-paste\/#primaryimage"},"image":{"@id":"https:\/\/jinsuncarbon.com\/product\/ramming-paste\/#primaryimage"},"thumbnailUrl":"https:\/\/jinsuncarbon.com\/wp-content\/uploads\/2024\/12\/Ramming-Paste-.jpg","datePublished":"2024-12-21T15:21:24+00:00","dateModified":"2024-12-21T23:29:04+00:00","description":"La pasta di ramatura \u00e8 un tipo di pasta di carbonio, nota anche come pasta di rincalzo, utilizzata principalmente per la posa di blocchi di carbonio catodico, il riempimento di spazi vuoti catodici, l'incollaggio di barre di acciaio catodico, ecc. nelle celle elettrolitiche di alluminio.","breadcrumb":{"@id":"https:\/\/jinsuncarbon.com\/product\/ramming-paste\/#breadcrumb"},"inLanguage":"it-IT","potentialAction":[{"@type":"ReadAction","target":["https:\/\/jinsuncarbon.com\/product\/ramming-paste\/"]}]},{"@type":"ImageObject","inLanguage":"it-IT","@id":"https:\/\/jinsuncarbon.com\/product\/ramming-paste\/#primaryimage","url":"https:\/\/jinsuncarbon.com\/wp-content\/uploads\/2024\/12\/Ramming-Paste-.jpg","contentUrl":"https:\/\/jinsuncarbon.com\/wp-content\/uploads\/2024\/12\/Ramming-Paste-.jpg","width":1024,"height":763,"caption":"Ramming Paste"},{"@type":"BreadcrumbList","@id":"https:\/\/jinsuncarbon.com\/product\/ramming-paste\/#breadcrumb","itemListElement":[{"@type":"ListItem","position":1,"name":"Home","item":"https:\/\/jinsuncarbon.com\/"},{"@type":"ListItem","position":2,"name":"Products","item":"https:\/\/jinsuncarbon.com\/graphite-carbon\/"},{"@type":"ListItem","position":3,"name":"Ramming Paste"}]},{"@type":"WebSite","@id":"https:\/\/jinsuncarbon.com\/#website","url":"https:\/\/jinsuncarbon.com\/","name":"Jinsun Carbon","description":"Siamo il produttore di elettrodi di grafite di successo in Cina","publisher":{"@id":"https:\/\/jinsuncarbon.com\/#organization"},"potentialAction":[{"@type":"SearchAction","target":{"@type":"EntryPoint","urlTemplate":"https:\/\/jinsuncarbon.com\/?s={search_term_string}"},"query-input":{"@type":"PropertyValueSpecification","valueRequired":true,"valueName":"search_term_string"}}],"inLanguage":"it-IT"},{"@type":"Organization","@id":"https:\/\/jinsuncarbon.com\/#organization","name":"Jinsun Carbon","alternateName":"Jinsun Carbon","url":"https:\/\/jinsuncarbon.com\/","logo":{"@type":"ImageObject","inLanguage":"it-IT","@id":"https:\/\/jinsuncarbon.com\/#\/schema\/logo\/image\/","url":"https:\/\/jinsuncarbon.com\/wp-content\/uploads\/2022\/12\/LOGO-1.png","contentUrl":"https:\/\/jinsuncarbon.com\/wp-content\/uploads\/2022\/12\/LOGO-1.png","width":207,"height":80,"caption":"Jinsun Carbon"},"image":{"@id":"https:\/\/jinsuncarbon.com\/#\/schema\/logo\/image\/"},"sameAs":["https:\/\/www.facebook.com\/Graphite-Electrode-109336238661595","https:\/\/x.com\/jinsuncarbon_","https:\/\/www.linkedin.com\/in\/jinsungraphite","https:\/\/www.youtube.com\/channel\/UCysDNyvyR5-3cCWEmpkVC0g"]}]}},"_links":{"self":[{"href":"https:\/\/jinsuncarbon.com\/it\/wp-json\/wp\/v2\/product\/7103","targetHints":{"allow":["GET"]}}],"collection":[{"href":"https:\/\/jinsuncarbon.com\/it\/wp-json\/wp\/v2\/product"}],"about":[{"href":"https:\/\/jinsuncarbon.com\/it\/wp-json\/wp\/v2\/types\/product"}],"wp:featuredmedia":[{"embeddable":true,"href":"https:\/\/jinsuncarbon.com\/it\/wp-json\/wp\/v2\/media\/7104"}],"wp:attachment":[{"href":"https:\/\/jinsuncarbon.com\/it\/wp-json\/wp\/v2\/media?parent=7103"}],"wp:term":[{"taxonomy":"product_brand","embeddable":true,"href":"https:\/\/jinsuncarbon.com\/it\/wp-json\/wp\/v2\/product_brand?post=7103"},{"taxonomy":"product_cat","embeddable":true,"href":"https:\/\/jinsuncarbon.com\/it\/wp-json\/wp\/v2\/product_cat?post=7103"},{"taxonomy":"product_tag","embeddable":true,"href":"https:\/\/jinsuncarbon.com\/it\/wp-json\/wp\/v2\/product_tag?post=7103"}],"curies":[{"name":"wp","href":"https:\/\/api.w.org\/{rel}","templated":true}]}}