{"id":7078,"date":"2024-12-20T03:56:37","date_gmt":"2024-12-20T03:56:37","guid":{"rendered":"https:\/\/jinsuncarbon.com\/?post_type=product&#038;p=7078"},"modified":"2024-12-20T04:00:15","modified_gmt":"2024-12-20T04:00:15","slug":"grafite-isostatica","status":"publish","type":"product","link":"https:\/\/jinsuncarbon.com\/it\/prodotto\/grafite-isostatica\/","title":{"rendered":"Grafite isostatica"},"content":{"rendered":"<h2>Propriet\u00e0 isostatiche della grafite<\/h2>\n<p>La grafite isostatica ha solitamente una forma sfusa. I suoi vantaggi sono notevoli.<\/p>\n<p><strong><b>V<\/b><\/strong><strong><b>uniformit\u00e0 di densit\u00e0 molto elevata<\/b><\/strong><\/p>\n<p>Ci\u00f2 gli conferisce un'eccellente stabilit\u00e0 sotto varie sollecitazioni.<\/p>\n<p>&nbsp;<\/p>\n<p><strong><b>E<\/b><\/strong><strong><b>Eccellente resistenza alle alte temperature<\/b><\/strong><\/p>\n<p>Pu\u00f2 funzionare normalmente in un ambiente ad alta temperatura, fino a 2000\u00b0 C-3000 \u00b0C. E pu\u00f2 mantenere buone propriet\u00e0 meccaniche anche a temperature elevate.<\/p>\n<p>&nbsp;<\/p>\n<p><strong><b>Forte <\/b><\/strong><strong><b>stabilit\u00e0 chimica<\/b><\/strong><\/p>\n<p>Ha una forte resistenza alla corrosione della maggior parte delle sostanze chimiche, come acidi e alcali.<\/p>\n<p>&nbsp;<\/p>\n<p><strong><b>G<\/b><\/strong><strong><b>osa conducibilit\u00e0 elettrica <\/b><\/strong><\/p>\n<p>Pu\u00f2 soddisfare molti scenari applicativi che richiedono un'eccellente conduttivit\u00e0 elettrica.<\/p>\n<p>&nbsp;<\/p>\n<p><strong><b>Elevata resistenza meccanica<\/b><\/strong><\/p>\n<p>Pu\u00f2 sopportare una maggiore pressione esterna e non \u00e8 facile da danneggiare. Questo lo rende eccellente nelle strutture che devono sopportare carichi maggiori.<\/p>\n<p>&nbsp;<\/p>\n<p>Allo stesso tempo, le prestazioni di lavorazione della grafite isostatica sono migliori. Inoltre, possiamo trasformarla in varie forme complesse con maggiore facilit\u00e0, per soddisfare le esigenze delle diverse applicazioni.<\/p>\n<p>&nbsp;<\/p>\n<h2>Tipi di grafite isostatica<\/h2>\n<p><strong><b>Per materia prima:<\/b><\/strong><\/p>\n<p><strong><b>Base coke di petrolio<\/b><\/strong><\/p>\n<p>Il coke di petrolio \u00e8 il materiale principale, prodotto attraverso molteplici processi, ha una buona conduttivit\u00e0 e purezza. Pu\u00f2 essere spesso utilizzato in elettronica, metallurgia e altri campi di materiali per elettrodi, per garantire la stabilit\u00e0 conduttiva.<\/p>\n<p>&nbsp;<\/p>\n<p><strong><b>Base di coke d'asfalto<\/b><\/strong><\/p>\n<p>Con il coke da asfalto come materia prima, le particelle si legano bene durante lo stampaggio e l'auto-legame \u00e8 forte. Inoltre, la grafite prodotta ha un'elevata resistenza meccanica, adatta a sopportare grandi scenari di pressione meccanica.<\/p>\n<p>&nbsp;<\/p>\n<p><strong><b>Per utilizzo<\/b><\/strong><strong><b>:<\/b><\/strong><\/p>\n<p><strong><b>Blocco<\/b><\/strong><strong><b>\u00a0<\/b><\/strong><strong><b>grafite isostatica<\/b><\/strong><\/p>\n<p>Pu\u00f2 essere utilizzato nel campo dell'elettrochimica. La sua bassa resistivit\u00e0 consente di lavorare in modo stabile a correnti elevate. Ma necessita di un trattamento superficiale di resistenza alla corrosione, per ridurre l'elettrolisi e altri processi di perdita di potenza.<\/p>\n<p><strong><b>\u00a0<\/b><\/strong><\/p>\n<p><strong><b>Stampo<\/b><\/strong>\u00a0<strong><b>grafite isostatica<\/b><\/strong><\/p>\n<p>Pu\u00f2 essere utilizzato per lo stampo EDM. Ha un'elevata stabilit\u00e0 dimensionale, una buona conduzione del calore, facile da lavorare in forme complesse. Inoltre, \u00e8 in grado di prevenire la deformazione da surriscaldamento dello stampo e di copiare con precisione la forma dello stampo.<\/p>\n<p>&nbsp;<\/p>\n<p><strong><b>Energia nucleare<\/b><\/strong>\u00a0<strong><b>grafite isostatica<\/b><\/strong><\/p>\n<p>Come materiale chiave per <a href=\"https:\/\/en.wikipedia.org\/wiki\/Nuclear_reactor\" target=\"_blank\" rel=\"noopener\">reattori nucleari<\/a>Ha un'elevata purezza, stabilit\u00e0 strutturale antiradiazioni e ad alta temperatura. E garantisce il funzionamento sicuro dei reattori nucleari.<\/p>\n<p><strong><b>\u00a0<\/b><\/strong><\/p>\n<h2>Usi della grafite isostatica<\/h2>\n<p><strong><b>Semiconduttori elettronici<\/b><\/strong><\/p>\n<p>Corpi riscaldanti e crogioli per la produzione di silicio monocristallino, nonch\u00e9 stufe ad alta temperatura per semiconduttori. La sua elevata purezza, la resistenza alle alte temperature e la stabilit\u00e0 chimica possono garantire una produzione regolare e un funzionamento stabile delle apparecchiature.<\/p>\n<p><strong><b>EDM<\/b><\/strong><\/p>\n<p>\u00c8 l'ideale <a href=\"https:\/\/jinsuncarbon.com\/it\/prodotto\/grafite-edm\/\">elettrodo<\/a> materiale, la buona conducibilit\u00e0 pu\u00f2 essere scarico stabile, la dissipazione del calore veloce prevenire il surriscaldamento dell'elettrodo. \u00c8 facile lavorare forme complesse e pu\u00f2 migliorare l'accuratezza e l'efficienza della lavorazione degli stampi. La struttura isotropa rende l'elettrodo pi\u00f9 stabile e affidabile in diverse direzioni durante la lavorazione a scarica.<\/p>\n<p><strong><b>\u00a0<\/b><\/strong><\/p>\n<p><strong><b>Industria metallurgica<\/b><\/strong><\/p>\n<p>Grafite isostatica come <a href=\"https:\/\/jinsuncarbon.com\/it\/prodotto\/crogiolo-di-grafite\/\">crogiolo<\/a>Il rivestimento del forno, resistente alle alte temperature e alla corrosione, \u00e8 adatto all'ambiente di fusione ad alta temperatura e forte corrosione. Pu\u00f2 garantire la fusione e migliorare la qualit\u00e0 del prodotto.<\/p>\n<p>&nbsp;<\/p>\n<p><strong><b>Industria fotovoltaica<\/b><\/strong><\/p>\n<p>Come elemento termico in un forno di riduzione del polisilicio, \u00e8 altamente conduttivo, resistente alle alte temperature e alla corrosione. Inoltre, pu\u00f2 fornire un supporto energetico per contribuire a migliorare l'efficienza e la qualit\u00e0 della produzione. Negli ultimi anni, il rapido sviluppo del <a href=\"https:\/\/en.wikipedia.org\/wiki\/Photovoltaics\" target=\"_blank\" rel=\"noopener\">fotovoltaico<\/a> ha fornito un forte sostegno alla domanda del mercato della grafite isostatica.<\/p>\n<p>&nbsp;<\/p>\n<p><strong><b>Campo dell'energia nucleare<\/b><\/strong><\/p>\n<p>Utilizzato come moderatore e riflettore di reattori nucleari, pu\u00f2 stabilizzare la reazione nucleare. Mantenere la stabilit\u00e0 strutturale in presenza di forti radiazioni e garantire la sicurezza del reattore.<\/p>\n<p>&nbsp;<\/p>\n<p>&nbsp;<\/p>","protected":false},"excerpt":{"rendered":"<p>La grafite isostatica \u00e8 un tipo di grafite ad alte prestazioni prodotta mediante pressatura isostatica. \u00c8 realizzata con coke di petrolio, coke di asfalto e altre materie prime di alta qualit\u00e0, attraverso una serie di processi di lavorazione accurati.<\/p>\n<p>&nbsp;<\/p>\n<p>Questo materiale ha caratteristiche strutturali isotrope uniche. Grazie alle sue eccellenti propriet\u00e0 fisiche, chimiche e meccaniche, la grafite pressata isostaticamente svolge un ruolo importante in molti settori industriali di alto livello. \u00c8 un materiale avanzato a grana ultrafine con un'elevata affidabilit\u00e0 e una forte applicabilit\u00e0.<\/p>","protected":false},"featured_media":7079,"template":"","meta":[],"product_brand":[],"product_cat":[67],"product_tag":[],"class_list":{"0":"post-7078","1":"product","2":"type-product","3":"status-publish","4":"has-post-thumbnail","6":"product_cat-graphite-material","8":"first","9":"instock","10":"shipping-taxable","11":"product-type-simple"},"yoast_head":"<!-- This site is optimized with the Yoast SEO Premium plugin v19.2.1 (Yoast SEO v25.3) - https:\/\/yoast.com\/wordpress\/plugins\/seo\/ -->\n<title>Isostatic Graphite Manufacturer | Jinsun Carbon<\/title>\n<meta name=\"description\" content=\"Isostatic Graphite Manufacturer in China. We supply Isostatic Graphite Blocks, Rods and Crucible products for semiconductor, EDM and aerospace industries.\" \/>\n<meta name=\"robots\" content=\"index, follow, max-snippet:-1, max-image-preview:large, max-video-preview:-1\" \/>\n<link rel=\"canonical\" href=\"https:\/\/jinsuncarbon.com\/it\/prodotto\/grafite-isostatica\/\" \/>\n<meta property=\"og:locale\" content=\"it_IT\" \/>\n<meta property=\"og:type\" content=\"article\" \/>\n<meta property=\"og:title\" content=\"Isostatic Graphite\" \/>\n<meta property=\"og:description\" content=\"Isostatic Graphite Manufacturer in China. We supply Isostatic Graphite Blocks, Rods and Crucible products for semiconductor, EDM and aerospace industries.\" \/>\n<meta property=\"og:url\" content=\"https:\/\/jinsuncarbon.com\/it\/prodotto\/grafite-isostatica\/\" \/>\n<meta property=\"og:site_name\" content=\"Jinsun Carbon\" \/>\n<meta property=\"article:publisher\" content=\"https:\/\/www.facebook.com\/Graphite-Electrode-109336238661595\" \/>\n<meta property=\"article:modified_time\" content=\"2024-12-20T04:00:15+00:00\" \/>\n<meta property=\"og:image\" content=\"https:\/\/jinsuncarbon.com\/wp-content\/uploads\/2024\/12\/Isostatic-Graphite.jpg\" \/>\n\t<meta property=\"og:image:width\" content=\"1024\" \/>\n\t<meta property=\"og:image:height\" content=\"763\" \/>\n\t<meta property=\"og:image:type\" content=\"image\/jpeg\" \/>\n<meta name=\"twitter:card\" content=\"summary_large_image\" \/>\n<meta name=\"twitter:site\" content=\"@jinsuncarbon_\" \/>\n<meta name=\"twitter:label1\" content=\"Tempo di lettura stimato\" \/>\n\t<meta name=\"twitter:data1\" content=\"3 minuti\" \/>\n<script type=\"application\/ld+json\" class=\"yoast-schema-graph\">{\"@context\":\"https:\/\/schema.org\",\"@graph\":[{\"@type\":\"WebPage\",\"@id\":\"https:\/\/jinsuncarbon.com\/product\/isostatic-graphite\/\",\"url\":\"https:\/\/jinsuncarbon.com\/product\/isostatic-graphite\/\",\"name\":\"Isostatic Graphite Manufacturer | Jinsun Carbon\",\"isPartOf\":{\"@id\":\"https:\/\/jinsuncarbon.com\/#website\"},\"primaryImageOfPage\":{\"@id\":\"https:\/\/jinsuncarbon.com\/product\/isostatic-graphite\/#primaryimage\"},\"image\":{\"@id\":\"https:\/\/jinsuncarbon.com\/product\/isostatic-graphite\/#primaryimage\"},\"thumbnailUrl\":\"https:\/\/jinsuncarbon.com\/wp-content\/uploads\/2024\/12\/Isostatic-Graphite.jpg\",\"datePublished\":\"2024-12-20T03:56:37+00:00\",\"dateModified\":\"2024-12-20T04:00:15+00:00\",\"description\":\"Isostatic Graphite Manufacturer in China. We supply Isostatic Graphite Blocks, Rods and Crucible products for semiconductor, EDM and aerospace industries.\",\"breadcrumb\":{\"@id\":\"https:\/\/jinsuncarbon.com\/product\/isostatic-graphite\/#breadcrumb\"},\"inLanguage\":\"it-IT\",\"potentialAction\":[{\"@type\":\"ReadAction\",\"target\":[\"https:\/\/jinsuncarbon.com\/product\/isostatic-graphite\/\"]}]},{\"@type\":\"ImageObject\",\"inLanguage\":\"it-IT\",\"@id\":\"https:\/\/jinsuncarbon.com\/product\/isostatic-graphite\/#primaryimage\",\"url\":\"https:\/\/jinsuncarbon.com\/wp-content\/uploads\/2024\/12\/Isostatic-Graphite.jpg\",\"contentUrl\":\"https:\/\/jinsuncarbon.com\/wp-content\/uploads\/2024\/12\/Isostatic-Graphite.jpg\",\"width\":1024,\"height\":763,\"caption\":\"Isostatic Graphite\"},{\"@type\":\"BreadcrumbList\",\"@id\":\"https:\/\/jinsuncarbon.com\/product\/isostatic-graphite\/#breadcrumb\",\"itemListElement\":[{\"@type\":\"ListItem\",\"position\":1,\"name\":\"Home\",\"item\":\"https:\/\/jinsuncarbon.com\/\"},{\"@type\":\"ListItem\",\"position\":2,\"name\":\"Products\",\"item\":\"https:\/\/jinsuncarbon.com\/graphite-carbon\/\"},{\"@type\":\"ListItem\",\"position\":3,\"name\":\"Isostatic Graphite\"}]},{\"@type\":\"WebSite\",\"@id\":\"https:\/\/jinsuncarbon.com\/#website\",\"url\":\"https:\/\/jinsuncarbon.com\/\",\"name\":\"Jinsun Carbon\",\"description\":\"We are the successful graphite electrode manufacturer in China\",\"publisher\":{\"@id\":\"https:\/\/jinsuncarbon.com\/#organization\"},\"potentialAction\":[{\"@type\":\"SearchAction\",\"target\":{\"@type\":\"EntryPoint\",\"urlTemplate\":\"https:\/\/jinsuncarbon.com\/?s={search_term_string}\"},\"query-input\":{\"@type\":\"PropertyValueSpecification\",\"valueRequired\":true,\"valueName\":\"search_term_string\"}}],\"inLanguage\":\"it-IT\"},{\"@type\":\"Organization\",\"@id\":\"https:\/\/jinsuncarbon.com\/#organization\",\"name\":\"Jinsun Carbon\",\"alternateName\":\"Jinsun Carbon\",\"url\":\"https:\/\/jinsuncarbon.com\/\",\"logo\":{\"@type\":\"ImageObject\",\"inLanguage\":\"it-IT\",\"@id\":\"https:\/\/jinsuncarbon.com\/#\/schema\/logo\/image\/\",\"url\":\"https:\/\/jinsuncarbon.com\/wp-content\/uploads\/2022\/12\/LOGO-1.png\",\"contentUrl\":\"https:\/\/jinsuncarbon.com\/wp-content\/uploads\/2022\/12\/LOGO-1.png\",\"width\":207,\"height\":80,\"caption\":\"Jinsun Carbon\"},\"image\":{\"@id\":\"https:\/\/jinsuncarbon.com\/#\/schema\/logo\/image\/\"},\"sameAs\":[\"https:\/\/www.facebook.com\/Graphite-Electrode-109336238661595\",\"https:\/\/x.com\/jinsuncarbon_\",\"https:\/\/www.linkedin.com\/in\/jinsungraphite\",\"https:\/\/www.youtube.com\/channel\/UCysDNyvyR5-3cCWEmpkVC0g\"]}]}<\/script>\n<!-- \/ Yoast SEO Premium plugin. -->","yoast_head_json":{"title":"Grafite isostatica Fabbricante | Jinsun Carbon","description":"Produttore di grafite isostatica in Cina. Forniamo blocchi, barre e crogioli di grafite isostatica per i semiconduttori, l'EDM e l'industria aerospaziale.","robots":{"index":"index","follow":"follow","max-snippet":"max-snippet:-1","max-image-preview":"max-image-preview:large","max-video-preview":"max-video-preview:-1"},"canonical":"https:\/\/jinsuncarbon.com\/it\/prodotto\/grafite-isostatica\/","og_locale":"it_IT","og_type":"article","og_title":"Isostatic Graphite","og_description":"Isostatic Graphite Manufacturer in China. We supply Isostatic Graphite Blocks, Rods and Crucible products for semiconductor, EDM and aerospace industries.","og_url":"https:\/\/jinsuncarbon.com\/it\/prodotto\/grafite-isostatica\/","og_site_name":"Jinsun Carbon","article_publisher":"https:\/\/www.facebook.com\/Graphite-Electrode-109336238661595","article_modified_time":"2024-12-20T04:00:15+00:00","og_image":[{"width":1024,"height":763,"url":"https:\/\/jinsuncarbon.com\/wp-content\/uploads\/2024\/12\/Isostatic-Graphite.jpg","type":"image\/jpeg"}],"twitter_card":"summary_large_image","twitter_site":"@jinsuncarbon_","twitter_misc":{"Tempo di lettura stimato":"3 minuti"},"schema":{"@context":"https:\/\/schema.org","@graph":[{"@type":"WebPage","@id":"https:\/\/jinsuncarbon.com\/product\/isostatic-graphite\/","url":"https:\/\/jinsuncarbon.com\/product\/isostatic-graphite\/","name":"Grafite isostatica Fabbricante | Jinsun Carbon","isPartOf":{"@id":"https:\/\/jinsuncarbon.com\/#website"},"primaryImageOfPage":{"@id":"https:\/\/jinsuncarbon.com\/product\/isostatic-graphite\/#primaryimage"},"image":{"@id":"https:\/\/jinsuncarbon.com\/product\/isostatic-graphite\/#primaryimage"},"thumbnailUrl":"https:\/\/jinsuncarbon.com\/wp-content\/uploads\/2024\/12\/Isostatic-Graphite.jpg","datePublished":"2024-12-20T03:56:37+00:00","dateModified":"2024-12-20T04:00:15+00:00","description":"Produttore di grafite isostatica in Cina. Forniamo blocchi, barre e crogioli di grafite isostatica per i semiconduttori, l'EDM e l'industria aerospaziale.","breadcrumb":{"@id":"https:\/\/jinsuncarbon.com\/product\/isostatic-graphite\/#breadcrumb"},"inLanguage":"it-IT","potentialAction":[{"@type":"ReadAction","target":["https:\/\/jinsuncarbon.com\/product\/isostatic-graphite\/"]}]},{"@type":"ImageObject","inLanguage":"it-IT","@id":"https:\/\/jinsuncarbon.com\/product\/isostatic-graphite\/#primaryimage","url":"https:\/\/jinsuncarbon.com\/wp-content\/uploads\/2024\/12\/Isostatic-Graphite.jpg","contentUrl":"https:\/\/jinsuncarbon.com\/wp-content\/uploads\/2024\/12\/Isostatic-Graphite.jpg","width":1024,"height":763,"caption":"Isostatic Graphite"},{"@type":"BreadcrumbList","@id":"https:\/\/jinsuncarbon.com\/product\/isostatic-graphite\/#breadcrumb","itemListElement":[{"@type":"ListItem","position":1,"name":"Home","item":"https:\/\/jinsuncarbon.com\/"},{"@type":"ListItem","position":2,"name":"Products","item":"https:\/\/jinsuncarbon.com\/graphite-carbon\/"},{"@type":"ListItem","position":3,"name":"Isostatic Graphite"}]},{"@type":"WebSite","@id":"https:\/\/jinsuncarbon.com\/#website","url":"https:\/\/jinsuncarbon.com\/","name":"Jinsun Carbon","description":"Siamo il produttore di elettrodi di grafite di successo in Cina","publisher":{"@id":"https:\/\/jinsuncarbon.com\/#organization"},"potentialAction":[{"@type":"SearchAction","target":{"@type":"EntryPoint","urlTemplate":"https:\/\/jinsuncarbon.com\/?s={search_term_string}"},"query-input":{"@type":"PropertyValueSpecification","valueRequired":true,"valueName":"search_term_string"}}],"inLanguage":"it-IT"},{"@type":"Organization","@id":"https:\/\/jinsuncarbon.com\/#organization","name":"Jinsun Carbon","alternateName":"Jinsun Carbon","url":"https:\/\/jinsuncarbon.com\/","logo":{"@type":"ImageObject","inLanguage":"it-IT","@id":"https:\/\/jinsuncarbon.com\/#\/schema\/logo\/image\/","url":"https:\/\/jinsuncarbon.com\/wp-content\/uploads\/2022\/12\/LOGO-1.png","contentUrl":"https:\/\/jinsuncarbon.com\/wp-content\/uploads\/2022\/12\/LOGO-1.png","width":207,"height":80,"caption":"Jinsun Carbon"},"image":{"@id":"https:\/\/jinsuncarbon.com\/#\/schema\/logo\/image\/"},"sameAs":["https:\/\/www.facebook.com\/Graphite-Electrode-109336238661595","https:\/\/x.com\/jinsuncarbon_","https:\/\/www.linkedin.com\/in\/jinsungraphite","https:\/\/www.youtube.com\/channel\/UCysDNyvyR5-3cCWEmpkVC0g"]}]}},"_links":{"self":[{"href":"https:\/\/jinsuncarbon.com\/it\/wp-json\/wp\/v2\/product\/7078","targetHints":{"allow":["GET"]}}],"collection":[{"href":"https:\/\/jinsuncarbon.com\/it\/wp-json\/wp\/v2\/product"}],"about":[{"href":"https:\/\/jinsuncarbon.com\/it\/wp-json\/wp\/v2\/types\/product"}],"wp:featuredmedia":[{"embeddable":true,"href":"https:\/\/jinsuncarbon.com\/it\/wp-json\/wp\/v2\/media\/7079"}],"wp:attachment":[{"href":"https:\/\/jinsuncarbon.com\/it\/wp-json\/wp\/v2\/media?parent=7078"}],"wp:term":[{"taxonomy":"product_brand","embeddable":true,"href":"https:\/\/jinsuncarbon.com\/it\/wp-json\/wp\/v2\/product_brand?post=7078"},{"taxonomy":"product_cat","embeddable":true,"href":"https:\/\/jinsuncarbon.com\/it\/wp-json\/wp\/v2\/product_cat?post=7078"},{"taxonomy":"product_tag","embeddable":true,"href":"https:\/\/jinsuncarbon.com\/it\/wp-json\/wp\/v2\/product_tag?post=7078"}],"curies":[{"name":"wp","href":"https:\/\/api.w.org\/{rel}","templated":true}]}}