{"id":7072,"date":"2024-12-20T03:09:39","date_gmt":"2024-12-20T03:09:39","guid":{"rendered":"https:\/\/jinsuncarbon.com\/?post_type=product&#038;p=7072"},"modified":"2024-12-20T03:09:41","modified_gmt":"2024-12-20T03:09:41","slug":"grafite-vibrata","status":"publish","type":"product","link":"https:\/\/jinsuncarbon.com\/it\/prodotto\/grafite-vibrata\/","title":{"rendered":"Grafite vibrata"},"content":{"rendered":"<p>La grafite vibrata ha le caratteristiche di propriet\u00e0 fisiche e chimiche ottimizzate, struttura uniforme, basso contenuto di ceneri, buona stabilit\u00e0 elettrica e termica, ecc. Ha mostrato buone prospettive di applicazione in molti campi dell'industria moderna. \u00c8 un materiale ad alte prestazioni in grado di soddisfare diverse esigenze, particolarmente adatto alle occasioni in cui sono richiesti elevati requisiti di stabilit\u00e0 del materiale e costanza delle prestazioni. Ad esempio, per la produzione di elettrodi di grafite, crogioli per fusione e colata ed elementi riscaldanti per forni ad alta temperatura.<\/p>\n<p><strong><b>\u00a0<\/b><\/strong><\/p>\n<h2>Vantaggi della grafite vibrata<\/h2>\n<p>L'aspetto della grafite vibrata \u00e8 vario: blocco comune, piastra e cos\u00ec via. I vantaggi sono evidenti.<\/p>\n<p><strong><b>G<\/b><\/strong><strong><b>osa stabilit\u00e0 termica<\/b><\/strong><\/p>\n<p>Pu\u00f2 mantenere stabili le propriet\u00e0 fisiche e chimiche in un ampio intervallo di temperature (da -150\u00b0C a 500\u00b0C). Ha un basso coefficiente di espansione termica. In questo modo si evitano efficacemente le deformazioni strutturali e il deterioramento delle prestazioni causate dalle variazioni di temperatura.<\/p>\n<p>&nbsp;<\/p>\n<p><strong><b>E<\/b><\/strong><strong><b>eccellenti propriet\u00e0 meccaniche<\/b><\/strong><\/p>\n<p>Ha un'elevata resistenza e tenacit\u00e0, pu\u00f2 sopportare un certo grado di impatto esterno e di pressione meccanica. Non \u00e8 quindi facile da incrinare e danneggiare.<\/p>\n<p>&nbsp;<\/p>\n<p><strong><b>Forte stabilit\u00e0 chimica<\/b><\/strong><\/p>\n<p>Ha una buona tolleranza alla maggior parte degli acidi, delle basi, dei sali e di altre sostanze chimiche. Pu\u00f2 mantenere una stabilit\u00e0 a lungo termine in ambienti chimici complessi.<\/p>\n<p>&nbsp;<\/p>\n<p><strong><b>S<\/b><\/strong><strong><b>tabella e conducibilit\u00e0 elettrica affidabile<\/b><\/strong><\/p>\n<p>In termini di conducibilit\u00e0 elettrica, la grafite vibrante mostra una conducibilit\u00e0 elettrica stabile e affidabile. \u00c8 in grado di soddisfare le esigenze di conduzione di una variet\u00e0 di applicazioni elettroniche ed elettriche.<\/p>\n<p>&nbsp;<\/p>\n<p>Inoltre, l'esclusivo processo di trattamento delle vibrazioni rende la struttura interna uniforme e le prestazioni costanti durante l'uso. Questo garantisce un controllo accurato e un funzionamento stabile nella produzione industriale.<\/p>\n<p><strong><b>\u00a0<\/b><\/strong><\/p>\n<h2>Tipi di grafite vibrata<\/h2>\n<p><strong><b>Per materie prime:<\/b><\/strong><\/p>\n<p><strong><b>Base in grafite naturale<\/b><\/strong><\/p>\n<p>Lavorata con grafite naturale, con caratteristiche di lubrificazione e struttura stratificata. Ha prestazioni stabili, basso costo e viene utilizzato per le spazzole dei motori ordinari e cos\u00ec via.<\/p>\n<p>&nbsp;<\/p>\n<p><strong><b>Base di grafite artificiale<\/b><\/strong><\/p>\n<p>\u00c8 realizzato con materie prime sintetiche, la cui purezza e le cui prestazioni possono essere controllate. Pu\u00f2 essere utilizzato in aree con requisiti di alte prestazioni, come i dissipatori di calore per chip elettronici.<\/p>\n<p>&nbsp;<\/p>\n<p><strong><b>In base alle prestazioni:<\/b><\/strong><\/p>\n<p><strong><b>Elevata conducibilit\u00e0 termica<\/b><\/strong><strong><b>\u00a0<\/b><\/strong><strong><b>grafite vibrata<\/b><\/strong><\/p>\n<p>Pu\u00f2 ottimizzare il processo per migliorare la conduttivit\u00e0 termica. Pu\u00f2 essere utilizzato in scenari di gestione termica come i moduli di dissipazione del calore della CPU del computer.<\/p>\n<p>&nbsp;<\/p>\n<p><strong><b>Elevata resistenza all'usura<\/b><\/strong><strong><b>\u00a0<\/b><\/strong><strong><b>grafite vibrata<\/b><\/strong><\/p>\n<p>Grazie agli additivi che migliorano la resistenza all'usura, \u00e8 adatto per le fasce elastiche dei motori automobilistici e per altre parti facilmente usurabili.<\/p>\n<p>&nbsp;<\/p>\n<p>Inoltre, \u00e8 possibile scegliere anche grafite vibrata sinterizzata, grafite vibrata impregnata, grafite vibrata composita o altri tipi di prodotti in grafite vibrata. Per soddisfare i requisiti speciali delle diverse condizioni di lavoro per le caratteristiche di vibrazione del materiale, la resistenza meccanica, la stabilit\u00e0 chimica e altri aspetti.<\/p>\n<p><strong><b>\u00a0<\/b><\/strong><\/p>\n<h2>Usi della grafite vibrata<\/h2>\n<p><strong><b>Produzione dell'elettrodo di grafite<\/b><\/strong><\/p>\n<p>\u00c8 possibile utilizzare la grafite vibrata <a href=\"https:\/\/jinsuncarbon.com\/it\/prodotto\/elettrodo-in-grafite-da-400-mm\/\">elettrodo<\/a> nell'industria della fusione dei forni elettrici ad arco. La sua buona conduttivit\u00e0 e la conduzione stabile della corrente contribuiscono a ridurre le perdite di potenza, a migliorare l'efficienza produttiva e a ridurre i costi.<\/p>\n<p>&nbsp;<\/p>\n<p><strong><b>Fare il crogiolo per il Coasting<\/b><\/strong><\/p>\n<p>\u00c8 possibile utilizzare ampiamente la grafite <a href=\"https:\/\/jinsuncarbon.com\/it\/prodotto\/crogiolo-di-grafite-ad-alta-purezza\/\">crogiolo<\/a> nella fusione dei metalli. Ha una resistenza alle alte temperature, una forte stabilit\u00e0 chimica, un'elevata resistenza meccanica e una lunga durata. Pu\u00f2 garantire la purezza e la qualit\u00e0 del metallo e migliorare la continuit\u00e0 della produzione.<\/p>\n<p>&nbsp;<\/p>\n<p><strong><b>Batteria al litio<\/b><\/strong><\/p>\n<p>Come materiale o additivo per elettrodi negativi, la sua microstruttura favorisce l'attivit\u00e0 degli ioni di litio. Pu\u00f2 migliorare l'efficienza di carica e scarica e la durata del ciclo, ridurre le emissioni di CO2. <a href=\"https:\/\/en.wikipedia.org\/wiki\/Lithium-ion_battery\" target=\"_blank\" rel=\"noopener\">batteria<\/a> resistenza interna, migliorare le prestazioni di potenza. E promuovere lo sviluppo dell'energia pulita.<\/p>\n<p>&nbsp;<\/p>\n<p><strong><b>Elemento di riscaldamento del forno<\/b><\/strong><\/p>\n<p>Nel settore del riscaldamento industriale <a href=\"https:\/\/en.wikipedia.org\/wiki\/Furnace_(central_heating)\" target=\"_blank\" rel=\"noopener\">forno<\/a>, \u00e8 in grado di riscaldarsi rapidamente e di ottenere una buona equalizzazione della temperatura, con un'elevata resistenza alle alte temperature. E garantire la qualit\u00e0 del prodotto, ridurre i costi di manutenzione delle apparecchiature, migliorare l'efficienza produttiva e il tasso di passaggio.<\/p>\n<p>&nbsp;<\/p>\n<p><strong><b>Forno per silicio policristallino a cristallo singolo<\/b><\/strong><\/p>\n<p>\u00c8 possibile utilizzarlo per la produzione di componenti chiave nel forno. La sua elevata purezza pu\u00f2 evitare che le impurit\u00e0 influenzino la crescita dei cristalli di silicio. Le prestazioni stabili ad alta temperatura e il campo termico favoriscono la crescita dei cristalli e migliorano le prestazioni elettriche.<\/p>\n<p>&nbsp;<\/p>\n<p><strong><b>Fodera<\/b><\/strong><\/p>\n<p>Pu\u00f2 resistere alle alte temperature, all'erosione chimica e agli shock termici nei forni ad alta temperatura, con un buon isolamento termico. Migliora l'efficienza di utilizzo dell'energia e prolunga la durata di vita.<\/p>","protected":false},"excerpt":{"rendered":"<p>La grafite vibrata \u00e8 un tipo di materiale di grafite preparato con uno speciale processo di trattamento a vibrazione. Si basa su materie prime di grafite di alta qualit\u00e0 e viene lavorata in condizioni specifiche di vibrazione. Ci\u00f2 rende la sua struttura interna pi\u00f9 regolare e ordinata, con vantaggi unici in termini di prestazioni.<\/p>","protected":false},"featured_media":7074,"template":"","meta":[],"product_brand":[],"product_cat":[67],"product_tag":[],"class_list":{"0":"post-7072","1":"product","2":"type-product","3":"status-publish","4":"has-post-thumbnail","6":"product_cat-graphite-material","8":"first","9":"instock","10":"shipping-taxable","11":"product-type-simple"},"yoast_head":"<!-- This site is optimized with the Yoast SEO Premium plugin v19.2.1 (Yoast SEO v25.3) - https:\/\/yoast.com\/wordpress\/plugins\/seo\/ -->\n<title>Vibrated Graphite - Graphite Material | Jinsun Carbon<\/title>\n<meta name=\"robots\" content=\"index, follow, max-snippet:-1, max-image-preview:large, max-video-preview:-1\" \/>\n<link rel=\"canonical\" href=\"https:\/\/jinsuncarbon.com\/it\/prodotto\/grafite-vibrata\/\" \/>\n<meta property=\"og:locale\" content=\"it_IT\" \/>\n<meta property=\"og:type\" content=\"article\" \/>\n<meta property=\"og:title\" content=\"Vibrated Graphite\" \/>\n<meta property=\"og:description\" content=\"vibrated graphite is a kind of graphite material prepared by special vibration treatment process. It is based on high-quality graphite raw materials and processed under specific vibration conditions. This makes its internal structure more regular and orderly, thus having unique performance advantages.\" \/>\n<meta property=\"og:url\" content=\"https:\/\/jinsuncarbon.com\/it\/prodotto\/grafite-vibrata\/\" \/>\n<meta property=\"og:site_name\" content=\"Jinsun Carbon\" \/>\n<meta property=\"article:publisher\" content=\"https:\/\/www.facebook.com\/Graphite-Electrode-109336238661595\" \/>\n<meta property=\"article:modified_time\" content=\"2024-12-20T03:09:41+00:00\" \/>\n<meta property=\"og:image\" content=\"https:\/\/jinsuncarbon.com\/wp-content\/uploads\/2024\/12\/vibrated-graphite-1.jpg\" \/>\n\t<meta property=\"og:image:width\" content=\"1024\" \/>\n\t<meta property=\"og:image:height\" content=\"763\" \/>\n\t<meta property=\"og:image:type\" content=\"image\/jpeg\" \/>\n<meta name=\"twitter:card\" content=\"summary_large_image\" \/>\n<meta name=\"twitter:site\" content=\"@jinsuncarbon_\" \/>\n<meta name=\"twitter:label1\" content=\"Tempo di lettura stimato\" \/>\n\t<meta name=\"twitter:data1\" content=\"3 minuti\" \/>\n<script type=\"application\/ld+json\" class=\"yoast-schema-graph\">{\"@context\":\"https:\/\/schema.org\",\"@graph\":[{\"@type\":\"WebPage\",\"@id\":\"https:\/\/jinsuncarbon.com\/product\/vibrated-graphite\/\",\"url\":\"https:\/\/jinsuncarbon.com\/product\/vibrated-graphite\/\",\"name\":\"Vibrated Graphite - Graphite Material | Jinsun Carbon\",\"isPartOf\":{\"@id\":\"https:\/\/jinsuncarbon.com\/#website\"},\"primaryImageOfPage\":{\"@id\":\"https:\/\/jinsuncarbon.com\/product\/vibrated-graphite\/#primaryimage\"},\"image\":{\"@id\":\"https:\/\/jinsuncarbon.com\/product\/vibrated-graphite\/#primaryimage\"},\"thumbnailUrl\":\"https:\/\/jinsuncarbon.com\/wp-content\/uploads\/2024\/12\/vibrated-graphite-1.jpg\",\"datePublished\":\"2024-12-20T03:09:39+00:00\",\"dateModified\":\"2024-12-20T03:09:41+00:00\",\"breadcrumb\":{\"@id\":\"https:\/\/jinsuncarbon.com\/product\/vibrated-graphite\/#breadcrumb\"},\"inLanguage\":\"it-IT\",\"potentialAction\":[{\"@type\":\"ReadAction\",\"target\":[\"https:\/\/jinsuncarbon.com\/product\/vibrated-graphite\/\"]}]},{\"@type\":\"ImageObject\",\"inLanguage\":\"it-IT\",\"@id\":\"https:\/\/jinsuncarbon.com\/product\/vibrated-graphite\/#primaryimage\",\"url\":\"https:\/\/jinsuncarbon.com\/wp-content\/uploads\/2024\/12\/vibrated-graphite-1.jpg\",\"contentUrl\":\"https:\/\/jinsuncarbon.com\/wp-content\/uploads\/2024\/12\/vibrated-graphite-1.jpg\",\"width\":1024,\"height\":763,\"caption\":\"vibrated graphite\"},{\"@type\":\"BreadcrumbList\",\"@id\":\"https:\/\/jinsuncarbon.com\/product\/vibrated-graphite\/#breadcrumb\",\"itemListElement\":[{\"@type\":\"ListItem\",\"position\":1,\"name\":\"Home\",\"item\":\"https:\/\/jinsuncarbon.com\/\"},{\"@type\":\"ListItem\",\"position\":2,\"name\":\"Products\",\"item\":\"https:\/\/jinsuncarbon.com\/graphite-carbon\/\"},{\"@type\":\"ListItem\",\"position\":3,\"name\":\"Vibrated Graphite\"}]},{\"@type\":\"WebSite\",\"@id\":\"https:\/\/jinsuncarbon.com\/#website\",\"url\":\"https:\/\/jinsuncarbon.com\/\",\"name\":\"Jinsun Carbon\",\"description\":\"We are the successful graphite electrode manufacturer in China\",\"publisher\":{\"@id\":\"https:\/\/jinsuncarbon.com\/#organization\"},\"potentialAction\":[{\"@type\":\"SearchAction\",\"target\":{\"@type\":\"EntryPoint\",\"urlTemplate\":\"https:\/\/jinsuncarbon.com\/?s={search_term_string}\"},\"query-input\":{\"@type\":\"PropertyValueSpecification\",\"valueRequired\":true,\"valueName\":\"search_term_string\"}}],\"inLanguage\":\"it-IT\"},{\"@type\":\"Organization\",\"@id\":\"https:\/\/jinsuncarbon.com\/#organization\",\"name\":\"Jinsun Carbon\",\"alternateName\":\"Jinsun Carbon\",\"url\":\"https:\/\/jinsuncarbon.com\/\",\"logo\":{\"@type\":\"ImageObject\",\"inLanguage\":\"it-IT\",\"@id\":\"https:\/\/jinsuncarbon.com\/#\/schema\/logo\/image\/\",\"url\":\"https:\/\/jinsuncarbon.com\/wp-content\/uploads\/2022\/12\/LOGO-1.png\",\"contentUrl\":\"https:\/\/jinsuncarbon.com\/wp-content\/uploads\/2022\/12\/LOGO-1.png\",\"width\":207,\"height\":80,\"caption\":\"Jinsun Carbon\"},\"image\":{\"@id\":\"https:\/\/jinsuncarbon.com\/#\/schema\/logo\/image\/\"},\"sameAs\":[\"https:\/\/www.facebook.com\/Graphite-Electrode-109336238661595\",\"https:\/\/x.com\/jinsuncarbon_\",\"https:\/\/www.linkedin.com\/in\/jinsungraphite\",\"https:\/\/www.youtube.com\/channel\/UCysDNyvyR5-3cCWEmpkVC0g\"]}]}<\/script>\n<!-- \/ Yoast SEO Premium plugin. -->","yoast_head_json":{"title":"Grafite vibrata - Materiale di grafite | Jinsun Carbon","robots":{"index":"index","follow":"follow","max-snippet":"max-snippet:-1","max-image-preview":"max-image-preview:large","max-video-preview":"max-video-preview:-1"},"canonical":"https:\/\/jinsuncarbon.com\/it\/prodotto\/grafite-vibrata\/","og_locale":"it_IT","og_type":"article","og_title":"Vibrated Graphite","og_description":"vibrated graphite is a kind of graphite material prepared by special vibration treatment process. It is based on high-quality graphite raw materials and processed under specific vibration conditions. This makes its internal structure more regular and orderly, thus having unique performance advantages.","og_url":"https:\/\/jinsuncarbon.com\/it\/prodotto\/grafite-vibrata\/","og_site_name":"Jinsun Carbon","article_publisher":"https:\/\/www.facebook.com\/Graphite-Electrode-109336238661595","article_modified_time":"2024-12-20T03:09:41+00:00","og_image":[{"width":1024,"height":763,"url":"https:\/\/jinsuncarbon.com\/wp-content\/uploads\/2024\/12\/vibrated-graphite-1.jpg","type":"image\/jpeg"}],"twitter_card":"summary_large_image","twitter_site":"@jinsuncarbon_","twitter_misc":{"Tempo di lettura stimato":"3 minuti"},"schema":{"@context":"https:\/\/schema.org","@graph":[{"@type":"WebPage","@id":"https:\/\/jinsuncarbon.com\/product\/vibrated-graphite\/","url":"https:\/\/jinsuncarbon.com\/product\/vibrated-graphite\/","name":"Grafite vibrata - Materiale di grafite | Jinsun Carbon","isPartOf":{"@id":"https:\/\/jinsuncarbon.com\/#website"},"primaryImageOfPage":{"@id":"https:\/\/jinsuncarbon.com\/product\/vibrated-graphite\/#primaryimage"},"image":{"@id":"https:\/\/jinsuncarbon.com\/product\/vibrated-graphite\/#primaryimage"},"thumbnailUrl":"https:\/\/jinsuncarbon.com\/wp-content\/uploads\/2024\/12\/vibrated-graphite-1.jpg","datePublished":"2024-12-20T03:09:39+00:00","dateModified":"2024-12-20T03:09:41+00:00","breadcrumb":{"@id":"https:\/\/jinsuncarbon.com\/product\/vibrated-graphite\/#breadcrumb"},"inLanguage":"it-IT","potentialAction":[{"@type":"ReadAction","target":["https:\/\/jinsuncarbon.com\/product\/vibrated-graphite\/"]}]},{"@type":"ImageObject","inLanguage":"it-IT","@id":"https:\/\/jinsuncarbon.com\/product\/vibrated-graphite\/#primaryimage","url":"https:\/\/jinsuncarbon.com\/wp-content\/uploads\/2024\/12\/vibrated-graphite-1.jpg","contentUrl":"https:\/\/jinsuncarbon.com\/wp-content\/uploads\/2024\/12\/vibrated-graphite-1.jpg","width":1024,"height":763,"caption":"vibrated graphite"},{"@type":"BreadcrumbList","@id":"https:\/\/jinsuncarbon.com\/product\/vibrated-graphite\/#breadcrumb","itemListElement":[{"@type":"ListItem","position":1,"name":"Home","item":"https:\/\/jinsuncarbon.com\/"},{"@type":"ListItem","position":2,"name":"Products","item":"https:\/\/jinsuncarbon.com\/graphite-carbon\/"},{"@type":"ListItem","position":3,"name":"Vibrated Graphite"}]},{"@type":"WebSite","@id":"https:\/\/jinsuncarbon.com\/#website","url":"https:\/\/jinsuncarbon.com\/","name":"Jinsun Carbon","description":"Siamo il produttore di elettrodi di grafite di successo in Cina","publisher":{"@id":"https:\/\/jinsuncarbon.com\/#organization"},"potentialAction":[{"@type":"SearchAction","target":{"@type":"EntryPoint","urlTemplate":"https:\/\/jinsuncarbon.com\/?s={search_term_string}"},"query-input":{"@type":"PropertyValueSpecification","valueRequired":true,"valueName":"search_term_string"}}],"inLanguage":"it-IT"},{"@type":"Organization","@id":"https:\/\/jinsuncarbon.com\/#organization","name":"Jinsun Carbon","alternateName":"Jinsun Carbon","url":"https:\/\/jinsuncarbon.com\/","logo":{"@type":"ImageObject","inLanguage":"it-IT","@id":"https:\/\/jinsuncarbon.com\/#\/schema\/logo\/image\/","url":"https:\/\/jinsuncarbon.com\/wp-content\/uploads\/2022\/12\/LOGO-1.png","contentUrl":"https:\/\/jinsuncarbon.com\/wp-content\/uploads\/2022\/12\/LOGO-1.png","width":207,"height":80,"caption":"Jinsun Carbon"},"image":{"@id":"https:\/\/jinsuncarbon.com\/#\/schema\/logo\/image\/"},"sameAs":["https:\/\/www.facebook.com\/Graphite-Electrode-109336238661595","https:\/\/x.com\/jinsuncarbon_","https:\/\/www.linkedin.com\/in\/jinsungraphite","https:\/\/www.youtube.com\/channel\/UCysDNyvyR5-3cCWEmpkVC0g"]}]}},"_links":{"self":[{"href":"https:\/\/jinsuncarbon.com\/it\/wp-json\/wp\/v2\/product\/7072","targetHints":{"allow":["GET"]}}],"collection":[{"href":"https:\/\/jinsuncarbon.com\/it\/wp-json\/wp\/v2\/product"}],"about":[{"href":"https:\/\/jinsuncarbon.com\/it\/wp-json\/wp\/v2\/types\/product"}],"wp:featuredmedia":[{"embeddable":true,"href":"https:\/\/jinsuncarbon.com\/it\/wp-json\/wp\/v2\/media\/7074"}],"wp:attachment":[{"href":"https:\/\/jinsuncarbon.com\/it\/wp-json\/wp\/v2\/media?parent=7072"}],"wp:term":[{"taxonomy":"product_brand","embeddable":true,"href":"https:\/\/jinsuncarbon.com\/it\/wp-json\/wp\/v2\/product_brand?post=7072"},{"taxonomy":"product_cat","embeddable":true,"href":"https:\/\/jinsuncarbon.com\/it\/wp-json\/wp\/v2\/product_cat?post=7072"},{"taxonomy":"product_tag","embeddable":true,"href":"https:\/\/jinsuncarbon.com\/it\/wp-json\/wp\/v2\/product_tag?post=7072"}],"curies":[{"name":"wp","href":"https:\/\/api.w.org\/{rel}","templated":true}]}}