{"id":7069,"date":"2024-12-19T15:15:31","date_gmt":"2024-12-19T15:15:31","guid":{"rendered":"https:\/\/jinsuncarbon.com\/?post_type=product&#038;p=7069"},"modified":"2024-12-20T03:11:25","modified_gmt":"2024-12-20T03:11:25","slug":"grafite-amorfa","status":"publish","type":"product","link":"https:\/\/jinsuncarbon.com\/it\/prodotto\/grafite-amorfa\/","title":{"rendered":"Grafite amorfa"},"content":{"rendered":"<p>La grafite amorfa \u00e8 un materiale morbido e di colore nero, con un contenuto di carbonio grafitico e una riflettivit\u00e0 inferiori rispetto ad altri tipi di grafite. Grazie alle sue propriet\u00e0 fisiche e chimiche uniche, la grafite amorfa ha un certo valore applicativo in diversi settori industriali. In particolare, in alcuni casi i requisiti di cristallinit\u00e0 della grafite non sono elevati, ma \u00e8 necessario controllare i costi e ottenere prestazioni specifiche. La grafite amorfa ha una buona applicabilit\u00e0 e pu\u00f2 soddisfare alcune delle esigenze di base dei materiali nella produzione industriale.<\/p>\n<p><strong><b>\u00a0<\/b><\/strong><\/p>\n<h2>Vantaggi della grafite amorfa<\/h2>\n<p>La grafite amorfa \u00e8 un materiale solido e il suo aspetto \u00e8 spesso quello di polvere, blocco o terra. I suoi vantaggi sono evidenti.<\/p>\n<p><strong><b>G<\/b><\/strong><strong><b>osa stabilit\u00e0 chimica<\/b><\/strong><\/p>\n<p>Pu\u00f2 resistere all'erosione della maggior parte degli acidi, delle basi e di altre sostanze chimiche a temperatura ambiente. Inoltre, non reagisce facilmente, garantendo la sua stabilit\u00e0 a lungo termine in alcuni ambienti chimici.<\/p>\n<p>&nbsp;<\/p>\n<p><strong><b>Buono <\/b><\/strong><strong><b>prestazioni di resistenza alle alte temperature<\/b><\/strong><\/p>\n<p>\u00c8 normalmente utilizzabile in un certo intervallo di temperature elevate (come 1000\u00b0 C-1500 \u00b0C). E pu\u00f2 ancora mantenere le sue propriet\u00e0 fisiche e chimiche di base in un ambiente ad alta temperatura.<\/p>\n<p>&nbsp;<\/p>\n<p><strong><b>C<\/b><\/strong><strong><b>una certa conducibilit\u00e0 elettrica<\/b><\/strong><\/p>\n<p>Sebbene la conducibilit\u00e0 elettrica della grafite amorfa non sia cos\u00ec buona come quella della grafite ad alta cristallinit\u00e0, la sua capacit\u00e0 di conduzione elettrica non \u00e8 inferiore a quella della grafite amorfa. <a href=\"https:\/\/jinsuncarbon.com\/it\/gli-usi-della-grafite\/\">grafite<\/a>ma ha anche una certa conducibilit\u00e0 elettrica. Pu\u00f2 soddisfare alcuni scenari applicativi in cui i requisiti di conducibilit\u00e0 elettrica non sono particolarmente elevati.<\/p>\n<p>&nbsp;<\/p>\n<p>Inoltre, grazie alle sue caratteristiche strutturali amorfe, ha prestazioni di lavorazione relativamente buone. Facile da frantumare, macinare e miscelare, \u00e8 comodo per l'ulteriore lavorazione e l'utilizzo in diversi processi di produzione industriale. Inoltre, pu\u00f2 regolare in modo flessibile la sua forma e le sue prestazioni in base alle esigenze reali.<\/p>\n<p>&nbsp;<\/p>\n<p>Il prezzo della grafite amorfa varia a causa di una serie di fattori. Dal punto di vista della purezza, per la polvere di grafite amorfa di purezza ordinaria il prezzo \u00e8 generalmente di 285-714 USD\/tonnellata. In caso di elevata purezza della grafite amorfa, il prezzo aumenter\u00e0 di conseguenza. Ad esempio, per alcuni prodotti di purezza 99%, il prezzo \u00e8 di circa 1140-1700 USD\/ton.<\/p>\n<p>&nbsp;<\/p>\n<h2>Usi della grafite amorfa<\/h2>\n<p>I campi di applicazione della grafite amorfa sono pi\u00f9 ampi e di seguito sono riportate alcune direzioni di applicazione comuni.<\/p>\n<p><strong><b>Settore della metallurgia del ferro e dell'acciaio<\/b><\/strong><\/p>\n<p>La grafite amorfa, come carburizzante, ha un elevato contenuto di carbonio e un prezzo basso. Pu\u00f2 integrare il carbonio di ferro liquido, ottimizzare la composizione dell'acciaio, migliorare la durezza, la forza e la resistenza all'usura. Pu\u00f2 essere utilizzata nella produzione di acciaio e <a href=\"https:\/\/en.wikipedia.org\/wiki\/Casting\" target=\"_blank\" rel=\"noopener\">getto<\/a>garantire la qualit\u00e0, ridurre i costi, migliorare l'efficienza.<\/p>\n<p>&nbsp;<\/p>\n<p><strong><b>Refrattari<\/b><\/strong><\/p>\n<p>Grazie alla resistenza alle alte temperature e alla stabilit\u00e0 chimica, \u00e8 possibile mescolare grafite amorfa e argilla per realizzare <a href=\"https:\/\/jinsuncarbon.com\/it\/prodotto\/blocchi-di-carbonio\/\">refrattario<\/a> <a href=\"https:\/\/jinsuncarbon.com\/it\/prodotto\/blocchi-di-carbonio\/\">prodotti<\/a>. Quindi lo si utilizza per il rivestimento di forni ad alta temperatura, per l'elevata resistenza al calore e all'erosione, per prolungare la durata del forno, per ridurre i costi energetici e di manutenzione.<\/p>\n<p>&nbsp;<\/p>\n<p><strong><b>Industria delle batterie<\/b><\/strong><\/p>\n<p>Si tratta di un additivo per elettrodi negativi o di un materiale ausiliario in alcune batterie per migliorare la qualit\u00e0 della vita. <a href=\"https:\/\/jinsuncarbon.com\/it\/prodotto\/controelettrodo-in-grafite\/\">elettrodo<\/a> conduttivit\u00e0 e prestazioni della batteria. Grazie al suo basso costo, presenta vantaggi negli scenari di applicazione delle batterie con requisiti di prestazioni ridotti e sensibilit\u00e0 al prezzo.<\/p>\n<p>&nbsp;<\/p>\n<p><strong><b>Campo chimico<\/b><\/strong><\/p>\n<p>Pu\u00f2 essere utilizzato per produrre supporti per catalizzatori, con grande superficie specifica e stabilit\u00e0. Pu\u00f2 supportare i componenti attivi, migliorare l'attivit\u00e0 e la selettivit\u00e0 del catalizzatore, favorire la reazione chimica. Migliora quindi la qualit\u00e0 del prodotto chimico e l'efficienza produttiva, riducendo i costi e il consumo di risorse.<\/p>","protected":false},"excerpt":{"rendered":"<p>La grafite amorfa \u00e8 una variante della grafite che non ha una struttura cristallina regolare come la grafite cristallina, ma presenta una forma microscopica disordinata. Si forma solitamente dal carbone o da scisti carboniosi dopo un trattamento ad alta temperatura ed \u00e8 un materiale grafitico presente in natura. La grafite amorfa \u00e8 ampiamente utilizzata come lubrificante, vernice, pastiglie dei freni, ecc.<\/p>","protected":false},"featured_media":7070,"template":"","meta":[],"product_brand":[],"product_cat":[67],"product_tag":[],"class_list":{"0":"post-7069","1":"product","2":"type-product","3":"status-publish","4":"has-post-thumbnail","6":"product_cat-graphite-material","8":"first","9":"instock","10":"shipping-taxable","11":"product-type-simple"},"yoast_head":"<!-- This site is optimized with the Yoast SEO Premium plugin v19.2.1 (Yoast SEO v25.3) - https:\/\/yoast.com\/wordpress\/plugins\/seo\/ -->\n<title>Amorphous Graphite Supplier in China | Jinsun Carbon<\/title>\n<meta name=\"description\" content=\"Amorphous Graphite Supplier in China. We supply amorphous graphite for coatings, lubricants and refractories at the best price.\" \/>\n<meta name=\"robots\" content=\"index, follow, max-snippet:-1, max-image-preview:large, max-video-preview:-1\" \/>\n<link rel=\"canonical\" href=\"https:\/\/jinsuncarbon.com\/it\/prodotto\/grafite-amorfa\/\" \/>\n<meta property=\"og:locale\" content=\"it_IT\" \/>\n<meta property=\"og:type\" content=\"article\" \/>\n<meta property=\"og:title\" content=\"Amorphous Graphite\" \/>\n<meta property=\"og:description\" content=\"Amorphous Graphite Supplier in China. We supply amorphous graphite for coatings, lubricants and refractories at the best price.\" \/>\n<meta property=\"og:url\" content=\"https:\/\/jinsuncarbon.com\/it\/prodotto\/grafite-amorfa\/\" \/>\n<meta property=\"og:site_name\" content=\"Jinsun Carbon\" \/>\n<meta property=\"article:publisher\" content=\"https:\/\/www.facebook.com\/Graphite-Electrode-109336238661595\" \/>\n<meta property=\"article:modified_time\" content=\"2024-12-20T03:11:25+00:00\" \/>\n<meta property=\"og:image\" content=\"https:\/\/jinsuncarbon.com\/wp-content\/uploads\/2024\/12\/Amorphous-graphite.jpg\" \/>\n\t<meta property=\"og:image:width\" content=\"1024\" \/>\n\t<meta property=\"og:image:height\" content=\"763\" \/>\n\t<meta property=\"og:image:type\" content=\"image\/jpeg\" \/>\n<meta name=\"twitter:card\" content=\"summary_large_image\" \/>\n<meta name=\"twitter:site\" content=\"@jinsuncarbon_\" \/>\n<meta name=\"twitter:label1\" content=\"Tempo di lettura stimato\" \/>\n\t<meta name=\"twitter:data1\" content=\"3 minuti\" \/>\n<script type=\"application\/ld+json\" class=\"yoast-schema-graph\">{\"@context\":\"https:\/\/schema.org\",\"@graph\":[{\"@type\":\"WebPage\",\"@id\":\"https:\/\/jinsuncarbon.com\/product\/amorphous-graphite\/\",\"url\":\"https:\/\/jinsuncarbon.com\/product\/amorphous-graphite\/\",\"name\":\"Amorphous Graphite Supplier in China | Jinsun Carbon\",\"isPartOf\":{\"@id\":\"https:\/\/jinsuncarbon.com\/#website\"},\"primaryImageOfPage\":{\"@id\":\"https:\/\/jinsuncarbon.com\/product\/amorphous-graphite\/#primaryimage\"},\"image\":{\"@id\":\"https:\/\/jinsuncarbon.com\/product\/amorphous-graphite\/#primaryimage\"},\"thumbnailUrl\":\"https:\/\/jinsuncarbon.com\/wp-content\/uploads\/2024\/12\/Amorphous-graphite.jpg\",\"datePublished\":\"2024-12-19T15:15:31+00:00\",\"dateModified\":\"2024-12-20T03:11:25+00:00\",\"description\":\"Amorphous Graphite Supplier in China. We supply amorphous graphite for coatings, lubricants and refractories at the best price.\",\"breadcrumb\":{\"@id\":\"https:\/\/jinsuncarbon.com\/product\/amorphous-graphite\/#breadcrumb\"},\"inLanguage\":\"it-IT\",\"potentialAction\":[{\"@type\":\"ReadAction\",\"target\":[\"https:\/\/jinsuncarbon.com\/product\/amorphous-graphite\/\"]}]},{\"@type\":\"ImageObject\",\"inLanguage\":\"it-IT\",\"@id\":\"https:\/\/jinsuncarbon.com\/product\/amorphous-graphite\/#primaryimage\",\"url\":\"https:\/\/jinsuncarbon.com\/wp-content\/uploads\/2024\/12\/Amorphous-graphite.jpg\",\"contentUrl\":\"https:\/\/jinsuncarbon.com\/wp-content\/uploads\/2024\/12\/Amorphous-graphite.jpg\",\"width\":1024,\"height\":763,\"caption\":\"Amorphous graphite\"},{\"@type\":\"BreadcrumbList\",\"@id\":\"https:\/\/jinsuncarbon.com\/product\/amorphous-graphite\/#breadcrumb\",\"itemListElement\":[{\"@type\":\"ListItem\",\"position\":1,\"name\":\"Home\",\"item\":\"https:\/\/jinsuncarbon.com\/\"},{\"@type\":\"ListItem\",\"position\":2,\"name\":\"Products\",\"item\":\"https:\/\/jinsuncarbon.com\/graphite-carbon\/\"},{\"@type\":\"ListItem\",\"position\":3,\"name\":\"Amorphous Graphite\"}]},{\"@type\":\"WebSite\",\"@id\":\"https:\/\/jinsuncarbon.com\/#website\",\"url\":\"https:\/\/jinsuncarbon.com\/\",\"name\":\"Jinsun Carbon\",\"description\":\"We are the successful graphite electrode manufacturer in China\",\"publisher\":{\"@id\":\"https:\/\/jinsuncarbon.com\/#organization\"},\"potentialAction\":[{\"@type\":\"SearchAction\",\"target\":{\"@type\":\"EntryPoint\",\"urlTemplate\":\"https:\/\/jinsuncarbon.com\/?s={search_term_string}\"},\"query-input\":{\"@type\":\"PropertyValueSpecification\",\"valueRequired\":true,\"valueName\":\"search_term_string\"}}],\"inLanguage\":\"it-IT\"},{\"@type\":\"Organization\",\"@id\":\"https:\/\/jinsuncarbon.com\/#organization\",\"name\":\"Jinsun Carbon\",\"alternateName\":\"Jinsun Carbon\",\"url\":\"https:\/\/jinsuncarbon.com\/\",\"logo\":{\"@type\":\"ImageObject\",\"inLanguage\":\"it-IT\",\"@id\":\"https:\/\/jinsuncarbon.com\/#\/schema\/logo\/image\/\",\"url\":\"https:\/\/jinsuncarbon.com\/wp-content\/uploads\/2022\/12\/LOGO-1.png\",\"contentUrl\":\"https:\/\/jinsuncarbon.com\/wp-content\/uploads\/2022\/12\/LOGO-1.png\",\"width\":207,\"height\":80,\"caption\":\"Jinsun Carbon\"},\"image\":{\"@id\":\"https:\/\/jinsuncarbon.com\/#\/schema\/logo\/image\/\"},\"sameAs\":[\"https:\/\/www.facebook.com\/Graphite-Electrode-109336238661595\",\"https:\/\/x.com\/jinsuncarbon_\",\"https:\/\/www.linkedin.com\/in\/jinsungraphite\",\"https:\/\/www.youtube.com\/channel\/UCysDNyvyR5-3cCWEmpkVC0g\"]}]}<\/script>\n<!-- \/ Yoast SEO Premium plugin. -->","yoast_head_json":{"title":"Fornitore di grafite amorfa in Cina | Jinsun Carbon","description":"Fornitore di grafite amorfa in Cina. Forniamo grafite amorfa per rivestimenti, lubrificanti e refrattari al miglior prezzo.","robots":{"index":"index","follow":"follow","max-snippet":"max-snippet:-1","max-image-preview":"max-image-preview:large","max-video-preview":"max-video-preview:-1"},"canonical":"https:\/\/jinsuncarbon.com\/it\/prodotto\/grafite-amorfa\/","og_locale":"it_IT","og_type":"article","og_title":"Amorphous Graphite","og_description":"Amorphous Graphite Supplier in China. We supply amorphous graphite for coatings, lubricants and refractories at the best price.","og_url":"https:\/\/jinsuncarbon.com\/it\/prodotto\/grafite-amorfa\/","og_site_name":"Jinsun Carbon","article_publisher":"https:\/\/www.facebook.com\/Graphite-Electrode-109336238661595","article_modified_time":"2024-12-20T03:11:25+00:00","og_image":[{"width":1024,"height":763,"url":"https:\/\/jinsuncarbon.com\/wp-content\/uploads\/2024\/12\/Amorphous-graphite.jpg","type":"image\/jpeg"}],"twitter_card":"summary_large_image","twitter_site":"@jinsuncarbon_","twitter_misc":{"Tempo di lettura stimato":"3 minuti"},"schema":{"@context":"https:\/\/schema.org","@graph":[{"@type":"WebPage","@id":"https:\/\/jinsuncarbon.com\/product\/amorphous-graphite\/","url":"https:\/\/jinsuncarbon.com\/product\/amorphous-graphite\/","name":"Fornitore di grafite amorfa in Cina | Jinsun Carbon","isPartOf":{"@id":"https:\/\/jinsuncarbon.com\/#website"},"primaryImageOfPage":{"@id":"https:\/\/jinsuncarbon.com\/product\/amorphous-graphite\/#primaryimage"},"image":{"@id":"https:\/\/jinsuncarbon.com\/product\/amorphous-graphite\/#primaryimage"},"thumbnailUrl":"https:\/\/jinsuncarbon.com\/wp-content\/uploads\/2024\/12\/Amorphous-graphite.jpg","datePublished":"2024-12-19T15:15:31+00:00","dateModified":"2024-12-20T03:11:25+00:00","description":"Fornitore di grafite amorfa in Cina. Forniamo grafite amorfa per rivestimenti, lubrificanti e refrattari al miglior prezzo.","breadcrumb":{"@id":"https:\/\/jinsuncarbon.com\/product\/amorphous-graphite\/#breadcrumb"},"inLanguage":"it-IT","potentialAction":[{"@type":"ReadAction","target":["https:\/\/jinsuncarbon.com\/product\/amorphous-graphite\/"]}]},{"@type":"ImageObject","inLanguage":"it-IT","@id":"https:\/\/jinsuncarbon.com\/product\/amorphous-graphite\/#primaryimage","url":"https:\/\/jinsuncarbon.com\/wp-content\/uploads\/2024\/12\/Amorphous-graphite.jpg","contentUrl":"https:\/\/jinsuncarbon.com\/wp-content\/uploads\/2024\/12\/Amorphous-graphite.jpg","width":1024,"height":763,"caption":"Amorphous graphite"},{"@type":"BreadcrumbList","@id":"https:\/\/jinsuncarbon.com\/product\/amorphous-graphite\/#breadcrumb","itemListElement":[{"@type":"ListItem","position":1,"name":"Home","item":"https:\/\/jinsuncarbon.com\/"},{"@type":"ListItem","position":2,"name":"Products","item":"https:\/\/jinsuncarbon.com\/graphite-carbon\/"},{"@type":"ListItem","position":3,"name":"Amorphous Graphite"}]},{"@type":"WebSite","@id":"https:\/\/jinsuncarbon.com\/#website","url":"https:\/\/jinsuncarbon.com\/","name":"Jinsun Carbon","description":"Siamo il produttore di elettrodi di grafite di successo in Cina","publisher":{"@id":"https:\/\/jinsuncarbon.com\/#organization"},"potentialAction":[{"@type":"SearchAction","target":{"@type":"EntryPoint","urlTemplate":"https:\/\/jinsuncarbon.com\/?s={search_term_string}"},"query-input":{"@type":"PropertyValueSpecification","valueRequired":true,"valueName":"search_term_string"}}],"inLanguage":"it-IT"},{"@type":"Organization","@id":"https:\/\/jinsuncarbon.com\/#organization","name":"Jinsun Carbon","alternateName":"Jinsun Carbon","url":"https:\/\/jinsuncarbon.com\/","logo":{"@type":"ImageObject","inLanguage":"it-IT","@id":"https:\/\/jinsuncarbon.com\/#\/schema\/logo\/image\/","url":"https:\/\/jinsuncarbon.com\/wp-content\/uploads\/2022\/12\/LOGO-1.png","contentUrl":"https:\/\/jinsuncarbon.com\/wp-content\/uploads\/2022\/12\/LOGO-1.png","width":207,"height":80,"caption":"Jinsun Carbon"},"image":{"@id":"https:\/\/jinsuncarbon.com\/#\/schema\/logo\/image\/"},"sameAs":["https:\/\/www.facebook.com\/Graphite-Electrode-109336238661595","https:\/\/x.com\/jinsuncarbon_","https:\/\/www.linkedin.com\/in\/jinsungraphite","https:\/\/www.youtube.com\/channel\/UCysDNyvyR5-3cCWEmpkVC0g"]}]}},"_links":{"self":[{"href":"https:\/\/jinsuncarbon.com\/it\/wp-json\/wp\/v2\/product\/7069","targetHints":{"allow":["GET"]}}],"collection":[{"href":"https:\/\/jinsuncarbon.com\/it\/wp-json\/wp\/v2\/product"}],"about":[{"href":"https:\/\/jinsuncarbon.com\/it\/wp-json\/wp\/v2\/types\/product"}],"wp:featuredmedia":[{"embeddable":true,"href":"https:\/\/jinsuncarbon.com\/it\/wp-json\/wp\/v2\/media\/7070"}],"wp:attachment":[{"href":"https:\/\/jinsuncarbon.com\/it\/wp-json\/wp\/v2\/media?parent=7069"}],"wp:term":[{"taxonomy":"product_brand","embeddable":true,"href":"https:\/\/jinsuncarbon.com\/it\/wp-json\/wp\/v2\/product_brand?post=7069"},{"taxonomy":"product_cat","embeddable":true,"href":"https:\/\/jinsuncarbon.com\/it\/wp-json\/wp\/v2\/product_cat?post=7069"},{"taxonomy":"product_tag","embeddable":true,"href":"https:\/\/jinsuncarbon.com\/it\/wp-json\/wp\/v2\/product_tag?post=7069"}],"curies":[{"name":"wp","href":"https:\/\/api.w.org\/{rel}","templated":true}]}}