{"id":7066,"date":"2024-12-19T14:38:28","date_gmt":"2024-12-19T14:38:28","guid":{"rendered":"https:\/\/jinsuncarbon.com\/?post_type=product&#038;p=7066"},"modified":"2024-12-19T15:17:21","modified_gmt":"2024-12-19T15:17:21","slug":"grafite-espansa-in-polvere","status":"publish","type":"product","link":"https:\/\/jinsuncarbon.com\/it\/prodotto\/grafite-espansa-in-polvere\/","title":{"rendered":"Polvere di grafite espansa"},"content":{"rendered":"<p class=\"ql-align-justify\">I prodotti in polvere di grafite espansa hanno varie forme e quelle pi\u00f9 comuni sono la polvere o i blocchi formati dopo la lavorazione. In base all'effettivo scenario applicativo e ai requisiti di processo, la trasformiamo ulteriormente. Ad esempio, la trasformiamo in una forma specifica del modulo di trasferimento di calore o in materiale di riempimento. Per soddisfare i diversi requisiti dimensionali e funzionali.<\/p>\n<h2 class=\"ql-align-justify\">Vantaggi della polvere di grafite espansa<\/h2>\n<p class=\"ql-align-justify\">La polvere di grafite espansa ha molte propriet\u00e0 eccellenti.<\/p>\n<p class=\"ql-align-justify\"><strong>Elevata stabilit\u00e0 chimica<\/strong><\/p>\n<p class=\"ql-align-justify\">\u00c8 resistente a sostanze corrosive come acidi e alcali forti.<\/p>\n<p class=\"ql-align-justify\"><strong>Buona resistenza alle alte temperature<\/strong><\/p>\n<p class=\"ql-align-justify\">Pu\u00f2 mantenere stabile <a href=\"https:\/\/jinsuncarbon.com\/it\/struttura-della-grafite\/\">struttura<\/a> in ambienti ad alta temperatura. La sua struttura porosa le conferisce una forte capacit\u00e0 di assorbimento, in grado di adsorbire una variet\u00e0 di sostanze.<\/p>\n<p class=\"ql-align-justify\"><strong>Buona flessibilit\u00e0 e resilienza alla compressione<\/strong><\/p>\n<p class=\"ql-align-justify\">\u00c8 possibile deformarlo e riportarlo allo stato originale sotto una certa pressione. Allo stesso tempo, anche la sua conducibilit\u00e0 elettrica \u00e8 relativamente eccellente. Ha quindi un certo potenziale applicativo nel campo della conduzione elettrica.<\/p>\n<p class=\"ql-align-justify\">Se desiderate comprendere a fondo la conduttivit\u00e0 termica, le caratteristiche di adsorbimento e altri parametri tecnici e dettagli applicativi della polvere di grafite espansa, vi forniremo una guida tecnica dettagliata e una ricca casistica applicativa di riferimento.<\/p>\n<h2>Specifiche della polvere di grafite espansa<\/h2>\n<table>\n<tbody>\n<tr>\n<td width=\"131\"><strong><b>Classificazione delle prestazioni<\/b><\/strong><\/td>\n<td width=\"152\"><strong><b>P<\/b><\/strong><strong><b>parametri di prestazione<\/b><\/strong><\/td>\n<td width=\"142\"><strong><b>S<\/b><\/strong><strong><b>dati specifici<\/b><\/strong><\/td>\n<\/tr>\n<tr>\n<td rowspan=\"6\" width=\"131\">Propriet\u00e0 fisiche<\/td>\n<td width=\"152\">Densit\u00e0 dell'imballaggio<\/td>\n<td width=\"142\">0,002-0,015 g\/cm<sup>3<\/sup><\/td>\n<\/tr>\n<tr>\n<td width=\"152\">Densit\u00e0 reale<\/td>\n<td width=\"142\">2-2,25 g\/cm<sup>3<\/sup><\/td>\n<\/tr>\n<tr>\n<td width=\"152\">Dimensione delle particelle - Polvere fine<\/td>\n<td width=\"142\">&lt;100\u03bcm<\/td>\n<\/tr>\n<tr>\n<td width=\"152\">Dimensione delle particelle - Polvere media<\/td>\n<td width=\"142\">100-500\u03bcm<\/td>\n<\/tr>\n<tr>\n<td width=\"152\">Dimensione delle particelle - Polvere grossolana<\/td>\n<td width=\"142\">&gt;500\u03bcm<\/td>\n<\/tr>\n<tr>\n<td width=\"152\">Fattore di espansione<\/td>\n<td width=\"142\">100-300 volte<\/td>\n<\/tr>\n<tr>\n<td rowspan=\"3\" width=\"131\">Propriet\u00e0 chimiche<\/td>\n<td width=\"152\">Contenuto di carbonio<\/td>\n<td width=\"142\">Pi\u00f9 di 90%-99%<\/td>\n<\/tr>\n<tr>\n<td width=\"152\">Contenuto di ceneri<\/td>\n<td width=\"142\">Da 1% a 10%<\/td>\n<\/tr>\n<tr>\n<td width=\"152\">Conducibilit\u00e0 elettrica<\/td>\n<td width=\"142\">10<sup>2<\/sup>-10<sup>4<\/sup>S\/m<\/td>\n<\/tr>\n<tr>\n<td width=\"131\">Propriet\u00e0 termiche<\/td>\n<td width=\"152\">Conducibilit\u00e0 termica<\/td>\n<td width=\"142\">0,1-0,5 W\/(m.k)<\/td>\n<\/tr>\n<\/tbody>\n<\/table>\n<h2 class=\"ql-align-justify\">Usi della polvere di grafite espansa<\/h2>\n<p class=\"ql-align-justify\"><strong>Nel campo della protezione ambientale<\/strong><\/p>\n<p class=\"ql-align-justify\">Pu\u00f2 essere utilizzato come adsorbente per trattare ioni di metalli pesanti e inquinanti organici nelle acque reflue industriali e nei gas di scarico. Pu\u00f2 inoltre purificare efficacemente l'ambiente grazie alle sue elevate prestazioni di adsorbimento.<\/p>\n<p class=\"ql-align-justify\"><strong>Nel campo della prevenzione degli incendi<\/strong><\/p>\n<p class=\"ql-align-justify\">Si pu\u00f2 aggiungere al ritardante di fiamma <a href=\"https:\/\/en.wikipedia.org\/wiki\/Coating\" target=\"_blank\" rel=\"noopener\">rivestimenti<\/a> e piastre ignifughe. E sfruttano le caratteristiche di resistenza alle alte temperature e di isolamento dall'ossigeno poroso per migliorare le prestazioni ignifughe del materiale.<\/p>\n<p class=\"ql-align-justify\"><strong>Nell'industria petrolchimica<\/strong><\/p>\n<p class=\"ql-align-justify\">Pu\u00f2 essere utilizzato come materiale di tenuta. Grazie alla sua buona flessibilit\u00e0 e resistenza alla corrosione, pu\u00f2 sigillare efficacemente tubi, valvole e altre giunzioni, per evitare perdite di fluidi.<\/p>\n<p class=\"ql-align-justify\"><strong>Nell'industria elettronica<\/strong><\/p>\n<p class=\"ql-align-justify\">\u00c8 possibile applicare la sua conduttivit\u00e0 alla preparazione di gomma conduttiva, plastica conduttiva e altri materiali. Pu\u00f2 migliorare le propriet\u00e0 conduttive dei materiali.<\/p>\n<p class=\"ql-align-justify\"><strong>Nel campo dell'energia<\/strong><\/p>\n<p class=\"ql-align-justify\">\u00c8 possibile utilizzarlo come additivo al negativo <a href=\"https:\/\/jinsuncarbon.com\/it\/prodotto\/elettrodo-di-grafite-pirolitica\/\">elettrodo<\/a> materiale della batteria per migliorare le prestazioni di carica e scarica e la durata del ciclo della batteria. <a href=\"https:\/\/en.wikipedia.org\/wiki\/Electric_battery\" target=\"_blank\" rel=\"noopener\">batteria<\/a>. E contribuir\u00e0 a migliorare l'efficienza dell'accumulo e della conversione dell'energia.<\/p>\n<p>Inoltre, \u00e8 possibile scegliere prodotti in polvere di grafite espansa ottenuti con diversi processi di preparazione in base all'ambiente di utilizzo specifico e alle aspettative di prestazione. Ad esempio, la polvere di grafite espansa dopo il trattamento di espansione ad alta temperatura, la modifica della superficie, il composito con altri materiali. O altri derivati della polvere di grafite espansa con propriet\u00e0 speciali. Per sfruttare appieno i suoi vantaggi unici nella dissipazione del calore, nell'adsorbimento, nella sigillatura, nel ritardo di fiamma e in altri campi. Forniamo soluzioni materiali personalizzate per i vostri progetti o prodotti.<\/p>","protected":false},"excerpt":{"rendered":"<p>La polvere di grafite espansa \u00e8 un materiale sciolto e poroso, simile a un verme, ottenuto da fiocchi di grafite naturale mediante una speciale lavorazione. Viene anche chiamata polvere di grafite flessibile o polvere di grafite naturale espansa. Quando la polvere di grafite espansa viene riscaldata, il suo volume pu\u00f2 espandersi fino a 300 volte il volume originale. Ha propriet\u00e0 fisiche e chimiche uniche. Ha quindi un'ampia gamma di applicazioni in molti campi, \u00e8 un materiale industriale multifunzionale.<\/p>","protected":false},"featured_media":7067,"template":"","meta":[],"product_brand":[],"product_cat":[40],"product_tag":[],"class_list":{"0":"post-7066","1":"product","2":"type-product","3":"status-publish","4":"has-post-thumbnail","6":"product_cat-petroleum-coke","8":"first","9":"instock","10":"shipping-taxable","11":"product-type-simple"},"yoast_head":"<!-- This site is optimized with the Yoast SEO Premium plugin v19.2.1 (Yoast SEO v25.3) - https:\/\/yoast.com\/wordpress\/plugins\/seo\/ -->\n<title>Expanded Graphite Powder Manufacturer in China | Jinsun Carbon<\/title>\n<meta name=\"description\" content=\"Expanded graphite powder supplier in China, High electrical and thermal conductivity expanded natural graphite powder at best price.\" \/>\n<meta name=\"robots\" content=\"index, follow, max-snippet:-1, max-image-preview:large, max-video-preview:-1\" \/>\n<link rel=\"canonical\" href=\"https:\/\/jinsuncarbon.com\/it\/prodotto\/grafite-espansa-in-polvere\/\" \/>\n<meta property=\"og:locale\" content=\"it_IT\" \/>\n<meta property=\"og:type\" content=\"article\" \/>\n<meta property=\"og:title\" content=\"Expanded Graphite Powder\" \/>\n<meta property=\"og:description\" content=\"Expanded graphite powder supplier in China, High electrical and thermal conductivity expanded natural graphite powder at best price.\" \/>\n<meta property=\"og:url\" content=\"https:\/\/jinsuncarbon.com\/it\/prodotto\/grafite-espansa-in-polvere\/\" \/>\n<meta property=\"og:site_name\" content=\"Jinsun Carbon\" \/>\n<meta property=\"article:publisher\" content=\"https:\/\/www.facebook.com\/Graphite-Electrode-109336238661595\" \/>\n<meta property=\"article:modified_time\" content=\"2024-12-19T15:17:21+00:00\" \/>\n<meta property=\"og:image\" content=\"https:\/\/jinsuncarbon.com\/wp-content\/uploads\/2024\/12\/Expanded-graphite-powder.jpg\" \/>\n\t<meta property=\"og:image:width\" content=\"1024\" \/>\n\t<meta property=\"og:image:height\" content=\"763\" \/>\n\t<meta property=\"og:image:type\" content=\"image\/jpeg\" \/>\n<meta name=\"twitter:card\" content=\"summary_large_image\" \/>\n<meta name=\"twitter:site\" content=\"@jinsuncarbon_\" \/>\n<meta name=\"twitter:label1\" content=\"Tempo di lettura stimato\" \/>\n\t<meta name=\"twitter:data1\" content=\"3 minuti\" \/>\n<script type=\"application\/ld+json\" class=\"yoast-schema-graph\">{\"@context\":\"https:\/\/schema.org\",\"@graph\":[{\"@type\":\"WebPage\",\"@id\":\"https:\/\/jinsuncarbon.com\/product\/expanded-graphite-powder\/\",\"url\":\"https:\/\/jinsuncarbon.com\/product\/expanded-graphite-powder\/\",\"name\":\"Expanded Graphite Powder Manufacturer in China | Jinsun Carbon\",\"isPartOf\":{\"@id\":\"https:\/\/jinsuncarbon.com\/#website\"},\"primaryImageOfPage\":{\"@id\":\"https:\/\/jinsuncarbon.com\/product\/expanded-graphite-powder\/#primaryimage\"},\"image\":{\"@id\":\"https:\/\/jinsuncarbon.com\/product\/expanded-graphite-powder\/#primaryimage\"},\"thumbnailUrl\":\"https:\/\/jinsuncarbon.com\/wp-content\/uploads\/2024\/12\/Expanded-graphite-powder.jpg\",\"datePublished\":\"2024-12-19T14:38:28+00:00\",\"dateModified\":\"2024-12-19T15:17:21+00:00\",\"description\":\"Expanded graphite powder supplier in China, High electrical and thermal conductivity expanded natural graphite powder at best price.\",\"breadcrumb\":{\"@id\":\"https:\/\/jinsuncarbon.com\/product\/expanded-graphite-powder\/#breadcrumb\"},\"inLanguage\":\"it-IT\",\"potentialAction\":[{\"@type\":\"ReadAction\",\"target\":[\"https:\/\/jinsuncarbon.com\/product\/expanded-graphite-powder\/\"]}]},{\"@type\":\"ImageObject\",\"inLanguage\":\"it-IT\",\"@id\":\"https:\/\/jinsuncarbon.com\/product\/expanded-graphite-powder\/#primaryimage\",\"url\":\"https:\/\/jinsuncarbon.com\/wp-content\/uploads\/2024\/12\/Expanded-graphite-powder.jpg\",\"contentUrl\":\"https:\/\/jinsuncarbon.com\/wp-content\/uploads\/2024\/12\/Expanded-graphite-powder.jpg\",\"width\":1024,\"height\":763,\"caption\":\"Expanded graphite powder\"},{\"@type\":\"BreadcrumbList\",\"@id\":\"https:\/\/jinsuncarbon.com\/product\/expanded-graphite-powder\/#breadcrumb\",\"itemListElement\":[{\"@type\":\"ListItem\",\"position\":1,\"name\":\"Home\",\"item\":\"https:\/\/jinsuncarbon.com\/\"},{\"@type\":\"ListItem\",\"position\":2,\"name\":\"Products\",\"item\":\"https:\/\/jinsuncarbon.com\/graphite-carbon\/\"},{\"@type\":\"ListItem\",\"position\":3,\"name\":\"Expanded Graphite Powder\"}]},{\"@type\":\"WebSite\",\"@id\":\"https:\/\/jinsuncarbon.com\/#website\",\"url\":\"https:\/\/jinsuncarbon.com\/\",\"name\":\"Jinsun Carbon\",\"description\":\"We are the successful graphite electrode manufacturer in China\",\"publisher\":{\"@id\":\"https:\/\/jinsuncarbon.com\/#organization\"},\"potentialAction\":[{\"@type\":\"SearchAction\",\"target\":{\"@type\":\"EntryPoint\",\"urlTemplate\":\"https:\/\/jinsuncarbon.com\/?s={search_term_string}\"},\"query-input\":{\"@type\":\"PropertyValueSpecification\",\"valueRequired\":true,\"valueName\":\"search_term_string\"}}],\"inLanguage\":\"it-IT\"},{\"@type\":\"Organization\",\"@id\":\"https:\/\/jinsuncarbon.com\/#organization\",\"name\":\"Jinsun Carbon\",\"alternateName\":\"Jinsun Carbon\",\"url\":\"https:\/\/jinsuncarbon.com\/\",\"logo\":{\"@type\":\"ImageObject\",\"inLanguage\":\"it-IT\",\"@id\":\"https:\/\/jinsuncarbon.com\/#\/schema\/logo\/image\/\",\"url\":\"https:\/\/jinsuncarbon.com\/wp-content\/uploads\/2022\/12\/LOGO-1.png\",\"contentUrl\":\"https:\/\/jinsuncarbon.com\/wp-content\/uploads\/2022\/12\/LOGO-1.png\",\"width\":207,\"height\":80,\"caption\":\"Jinsun Carbon\"},\"image\":{\"@id\":\"https:\/\/jinsuncarbon.com\/#\/schema\/logo\/image\/\"},\"sameAs\":[\"https:\/\/www.facebook.com\/Graphite-Electrode-109336238661595\",\"https:\/\/x.com\/jinsuncarbon_\",\"https:\/\/www.linkedin.com\/in\/jinsungraphite\",\"https:\/\/www.youtube.com\/channel\/UCysDNyvyR5-3cCWEmpkVC0g\"]}]}<\/script>\n<!-- \/ Yoast SEO Premium plugin. -->","yoast_head_json":{"title":"Polvere di grafite espansa Fornitore in Cina | Jinsun Carbon","description":"Fornitore di polvere di grafite espansa in Cina, polvere di grafite naturale espansa ad alta conducibilit\u00e0 elettrica e termica al miglior prezzo.","robots":{"index":"index","follow":"follow","max-snippet":"max-snippet:-1","max-image-preview":"max-image-preview:large","max-video-preview":"max-video-preview:-1"},"canonical":"https:\/\/jinsuncarbon.com\/it\/prodotto\/grafite-espansa-in-polvere\/","og_locale":"it_IT","og_type":"article","og_title":"Expanded Graphite Powder","og_description":"Expanded graphite powder supplier in China, High electrical and thermal conductivity expanded natural graphite powder at best price.","og_url":"https:\/\/jinsuncarbon.com\/it\/prodotto\/grafite-espansa-in-polvere\/","og_site_name":"Jinsun Carbon","article_publisher":"https:\/\/www.facebook.com\/Graphite-Electrode-109336238661595","article_modified_time":"2024-12-19T15:17:21+00:00","og_image":[{"width":1024,"height":763,"url":"https:\/\/jinsuncarbon.com\/wp-content\/uploads\/2024\/12\/Expanded-graphite-powder.jpg","type":"image\/jpeg"}],"twitter_card":"summary_large_image","twitter_site":"@jinsuncarbon_","twitter_misc":{"Tempo di lettura stimato":"3 minuti"},"schema":{"@context":"https:\/\/schema.org","@graph":[{"@type":"WebPage","@id":"https:\/\/jinsuncarbon.com\/product\/expanded-graphite-powder\/","url":"https:\/\/jinsuncarbon.com\/product\/expanded-graphite-powder\/","name":"Polvere di grafite espansa Fornitore in Cina | Jinsun Carbon","isPartOf":{"@id":"https:\/\/jinsuncarbon.com\/#website"},"primaryImageOfPage":{"@id":"https:\/\/jinsuncarbon.com\/product\/expanded-graphite-powder\/#primaryimage"},"image":{"@id":"https:\/\/jinsuncarbon.com\/product\/expanded-graphite-powder\/#primaryimage"},"thumbnailUrl":"https:\/\/jinsuncarbon.com\/wp-content\/uploads\/2024\/12\/Expanded-graphite-powder.jpg","datePublished":"2024-12-19T14:38:28+00:00","dateModified":"2024-12-19T15:17:21+00:00","description":"Fornitore di polvere di grafite espansa in Cina, polvere di grafite naturale espansa ad alta conducibilit\u00e0 elettrica e termica al miglior prezzo.","breadcrumb":{"@id":"https:\/\/jinsuncarbon.com\/product\/expanded-graphite-powder\/#breadcrumb"},"inLanguage":"it-IT","potentialAction":[{"@type":"ReadAction","target":["https:\/\/jinsuncarbon.com\/product\/expanded-graphite-powder\/"]}]},{"@type":"ImageObject","inLanguage":"it-IT","@id":"https:\/\/jinsuncarbon.com\/product\/expanded-graphite-powder\/#primaryimage","url":"https:\/\/jinsuncarbon.com\/wp-content\/uploads\/2024\/12\/Expanded-graphite-powder.jpg","contentUrl":"https:\/\/jinsuncarbon.com\/wp-content\/uploads\/2024\/12\/Expanded-graphite-powder.jpg","width":1024,"height":763,"caption":"Expanded graphite powder"},{"@type":"BreadcrumbList","@id":"https:\/\/jinsuncarbon.com\/product\/expanded-graphite-powder\/#breadcrumb","itemListElement":[{"@type":"ListItem","position":1,"name":"Home","item":"https:\/\/jinsuncarbon.com\/"},{"@type":"ListItem","position":2,"name":"Products","item":"https:\/\/jinsuncarbon.com\/graphite-carbon\/"},{"@type":"ListItem","position":3,"name":"Expanded Graphite Powder"}]},{"@type":"WebSite","@id":"https:\/\/jinsuncarbon.com\/#website","url":"https:\/\/jinsuncarbon.com\/","name":"Jinsun Carbon","description":"Siamo il produttore di elettrodi di grafite di successo in Cina","publisher":{"@id":"https:\/\/jinsuncarbon.com\/#organization"},"potentialAction":[{"@type":"SearchAction","target":{"@type":"EntryPoint","urlTemplate":"https:\/\/jinsuncarbon.com\/?s={search_term_string}"},"query-input":{"@type":"PropertyValueSpecification","valueRequired":true,"valueName":"search_term_string"}}],"inLanguage":"it-IT"},{"@type":"Organization","@id":"https:\/\/jinsuncarbon.com\/#organization","name":"Jinsun Carbon","alternateName":"Jinsun Carbon","url":"https:\/\/jinsuncarbon.com\/","logo":{"@type":"ImageObject","inLanguage":"it-IT","@id":"https:\/\/jinsuncarbon.com\/#\/schema\/logo\/image\/","url":"https:\/\/jinsuncarbon.com\/wp-content\/uploads\/2022\/12\/LOGO-1.png","contentUrl":"https:\/\/jinsuncarbon.com\/wp-content\/uploads\/2022\/12\/LOGO-1.png","width":207,"height":80,"caption":"Jinsun Carbon"},"image":{"@id":"https:\/\/jinsuncarbon.com\/#\/schema\/logo\/image\/"},"sameAs":["https:\/\/www.facebook.com\/Graphite-Electrode-109336238661595","https:\/\/x.com\/jinsuncarbon_","https:\/\/www.linkedin.com\/in\/jinsungraphite","https:\/\/www.youtube.com\/channel\/UCysDNyvyR5-3cCWEmpkVC0g"]}]}},"_links":{"self":[{"href":"https:\/\/jinsuncarbon.com\/it\/wp-json\/wp\/v2\/product\/7066","targetHints":{"allow":["GET"]}}],"collection":[{"href":"https:\/\/jinsuncarbon.com\/it\/wp-json\/wp\/v2\/product"}],"about":[{"href":"https:\/\/jinsuncarbon.com\/it\/wp-json\/wp\/v2\/types\/product"}],"wp:featuredmedia":[{"embeddable":true,"href":"https:\/\/jinsuncarbon.com\/it\/wp-json\/wp\/v2\/media\/7067"}],"wp:attachment":[{"href":"https:\/\/jinsuncarbon.com\/it\/wp-json\/wp\/v2\/media?parent=7066"}],"wp:term":[{"taxonomy":"product_brand","embeddable":true,"href":"https:\/\/jinsuncarbon.com\/it\/wp-json\/wp\/v2\/product_brand?post=7066"},{"taxonomy":"product_cat","embeddable":true,"href":"https:\/\/jinsuncarbon.com\/it\/wp-json\/wp\/v2\/product_cat?post=7066"},{"taxonomy":"product_tag","embeddable":true,"href":"https:\/\/jinsuncarbon.com\/it\/wp-json\/wp\/v2\/product_tag?post=7066"}],"curies":[{"name":"wp","href":"https:\/\/api.w.org\/{rel}","templated":true}]}}