{"id":7052,"date":"2024-12-18T05:14:43","date_gmt":"2024-12-18T05:14:43","guid":{"rendered":"https:\/\/jinsuncarbon.com\/?post_type=product&#038;p=7052"},"modified":"2025-01-27T00:45:35","modified_gmt":"2025-01-27T00:45:35","slug":"mattone-di-carbonio","status":"publish","type":"product","link":"https:\/\/jinsuncarbon.com\/it\/prodotto\/mattone-di-carbonio\/","title":{"rendered":"Mattone di carbonio"},"content":{"rendered":"<p class=\"ql-align-justify\">I mattoni di carbonio, in quanto materiale refrattario ad alta temperatura, sono ampiamente utilizzati negli altiforni, nei forni elettrici e nelle apparecchiature chimiche. I vantaggi dei mattoni di carbonio sono molto evidenti.<\/p>\n<ul>\n<li class=\"ql-align-justify\"><strong>Eccellente resistenza alle alte temperature<\/strong><\/li>\n<\/ul>\n<p class=\"ql-align-justify\">Pu\u00f2 lavorare stabilmente a temperature fino a 2000 \u00b0C o anche superiori. Ci\u00f2 lo rende eccellente nei forni industriali ad alta temperatura, come i forni metallurgici e in altri scenari applicativi.<\/p>\n<ul>\n<li class=\"ql-align-justify\"><strong>Forte stabilit\u00e0 chimica<\/strong><\/li>\n<\/ul>\n<p class=\"ql-align-justify\">Ha una buona tolleranza a molti mezzi corrosivi. Pu\u00f2 resistere ad acidi, alcali e altre sostanze chimiche.<\/p>\n<ul>\n<li class=\"ql-align-justify\"><strong>Buona conducibilit\u00e0 elettrica<\/strong><\/li>\n<\/ul>\n<p class=\"ql-align-justify\">In alcune aree che necessitano di una funzione conduttiva, come il rivestimento delle celle elettrolitiche nell'industria dell'alluminio elettrolitico, pu\u00f2 condurre efficacemente la corrente per garantire il regolare svolgimento del processo produttivo.<\/p>\n<ul>\n<li class=\"ql-align-justify\"><strong>Elevata resistenza meccanica e all'usura<\/strong><\/li>\n<\/ul>\n<p class=\"ql-align-justify\">In caso di maggiore pressione e attrito, pu\u00f2 comunque mantenere l'integrit\u00e0 della struttura, ridurre le perdite. In questo modo si prolunga la vita utile dell'apparecchiatura e il ciclo di manutenzione, riducendo i costi di produzione.<\/p>\n<h2 class=\"ql-align-justify\">Tipi di mattoni al carbonio<\/h2>\n<p class=\"ql-align-justify\">I mattoni al carbonio comprendono principalmente i seguenti tipi:<\/p>\n<h3 class=\"ql-align-justify\">Mattone di grafite e carbonio<\/h3>\n<p class=\"ql-align-justify\">Ricco di grafite, l'aggiunta di grafite ne migliora notevolmente la conducibilit\u00e0 elettrica, la conducibilit\u00e0 termica e la lubrificazione. \u00c8 possibile utilizzarla spesso in settori che richiedono un'elevata conducibilit\u00e0 elettrica. Ad esempio, nella produzione di elettrodi e in alcune speciali apparecchiature conduttive ad alta temperatura. I suoi vantaggi in termini di prestazioni sono pienamente sfruttati in questi scenari applicativi.<\/p>\n<h3 class=\"ql-align-justify\">Mattone al carbonio di magnesia<\/h3>\n<p class=\"ql-align-justify\">Magnesia e <a href=\"https:\/\/jinsuncarbon.com\/it\/gli-usi-della-grafite\/\">grafite<\/a> come materia prima principale, con buona resistenza alle scorie e stabilit\u00e0 agli shock termici. Pu\u00f2 essere ampiamente utilizzato nella produzione di acciaio e in altri campi. Il prezzo dei mattoni di magnesia \u00e8 diverso a seconda della qualit\u00e0 della materia prima, del processo produttivo e di altri fattori. \u00c8 quindi necessario tenerne conto in modo completo per il controllo dei costi e la selezione delle prestazioni.<\/p>\n<p class=\"ql-align-justify\">Inoltre, esistono alcune specifiche e utilizzi speciali dei mattoni di carbonio, come il rivestimento in mattoni di carbonio. \u00c8 possibile utilizzarlo in particolare per la protezione del rivestimento all'interno delle apparecchiature per resistere alla corrosione e all'usura. I mattoni sottili al carbonio svolgono un ruolo in alcuni scenari con requisiti speciali di spessore. Anche i mattoni neri di carbonio hanno un posto in alcune aree specifiche grazie alle loro propriet\u00e0 uniche.<\/p>\n<h2>Processo di produzione dei mattoni di carbonio<\/h2>\n<p>La produzione di mattoni di carbonio prevede principalmente le seguenti fasi:<\/p>\n<p><strong>Fase 1: Selezione della materia prima<\/strong><\/p>\n<p>Scegliere antracite, coke, ecc. di alta qualit\u00e0, controllare la purezza e la granularit\u00e0 delle materie prime. L'antracite \u00e8 la principale e controlla rigorosamente i relativi indicatori.<\/p>\n<p><strong>Fase 2: Pretrattamento delle materie prime<\/strong><\/p>\n<p>Attraverso la tostatura ad alta temperatura, la frantumazione e la vagliatura, rimuove le impurit\u00e0, regola le dimensioni delle particelle e controlla accuratamente i parametri.<\/p>\n<p><strong>Fase 3: Mescolare e impastare<\/strong><\/p>\n<p>Mescolare proporzionalmente la materia prima e il legante, controllare la temperatura, il tempo, ecc. e garantire la qualit\u00e0 del fango.<\/p>\n<p><strong>Fase 4: Stampaggio e asciugatura<\/strong><\/p>\n<p>Il materiale fangoso viene modellato nello stampo. Quindi viene essiccato per rimuovere l'umidit\u00e0 e i volatili e le condizioni di essiccazione sono attentamente controllate.<\/p>\n<p><strong>Fase 5: Tostatura<\/strong><\/p>\n<p>Il corpo di torrefazione ad alta temperatura, imposta la temperatura, la velocit\u00e0 di riscaldamento e altri parametri, migliorando le prestazioni per soddisfare le esigenze di utilizzo.<\/p>\n<h2 class=\"ql-align-justify\">Usi dei mattoni di carbonio<\/h2>\n<p class=\"ql-align-justify\">L'uso dei mattoni di carbonio \u00e8 estremamente ampio; di seguito sono riportate alcune indicazioni di applicazione comuni.<\/p>\n<ul>\n<li class=\"ql-align-justify\"><strong>Industria metallurgica<\/strong><\/li>\n<\/ul>\n<p class=\"ql-align-justify\">Nell'altoforno del ferro, nel forno dell'acciaio e in altri forni metallurgici <a href=\"https:\/\/jinsuncarbon.com\/it\/prodotto\/rivestimento-del-forno-in-grafite\/\">rivestimento<\/a>I mattoni al carbonio sono un materiale refrattario fondamentale. Pu\u00f2 resistere all'erosione e all'erosione del metallo caldo ad alta temperatura e delle scorie. Ci\u00f2 garantisce il funzionamento stabile a lungo termine di <a href=\"https:\/\/en.wikipedia.org\/wiki\/Metallurgical_furnace#:~:text=A%20metallurgical%20furnace%2C%20often%20simply,melt%2C%20or%20otherwise%20process%20metals.\" target=\"_blank\" rel=\"noopener\">forno metallurgico<\/a>. Tra questi, il mattone di magnesia nel processo di produzione dell'acciaio, grazie alla sua buona resistenza alle scorie e alla stabilit\u00e0 agli shock termici, svolge un ruolo importante.<\/p>\n<ul>\n<li class=\"ql-align-justify\"><strong>Fusione di metalli non ferrosi<\/strong><\/li>\n<\/ul>\n<p class=\"ql-align-justify\">Nell'industria dell'alluminio elettrolitico, \u00e8 possibile utilizzare ampiamente i mattoni di carbonio come materiale di rivestimento delle celle elettrolitiche. Non solo \u00e8 in grado di resistere alle alte temperature e all'ambiente elettrolitico altamente corrosivo, ma anche di condurre efficacemente la corrente, riducendo il consumo energetico nel processo elettrolitico. E migliorare l'efficienza di produzione e la purezza di <a href=\"https:\/\/en.wikipedia.org\/wiki\/Aluminium#:~:text=Aluminium%20(or%20aluminum%20in%20North,surface%20when%20exposed%20to%20air.\" target=\"_blank\" rel=\"noopener\">alluminio<\/a>.<\/p>\n<ul>\n<li class=\"ql-align-justify\"><strong>Industria chimica<\/strong><\/li>\n<\/ul>\n<p class=\"ql-align-justify\">Molte reazioni chimiche devono essere eseguite in ambienti ad alta temperatura, alta pressione e corrosivi. \u00c8 possibile utilizzare ampiamente il rivestimento in mattoni di carbonio in reattori, scambiatori di calore e altre apparecchiature. Pu\u00f2 resistere all'erosione di vari mezzi chimici, prevenire i danni alle apparecchiature e garantire la continuit\u00e0 e la sicurezza della produzione chimica. In alcuni contenitori che immagazzinano liquidi o gas corrosivi, \u00e8 possibile utilizzare i mattoni di carbonio come materiale di rivestimento per prolungare la vita utile del contenitore e ridurre i costi di manutenzione.<\/p>","protected":false},"excerpt":{"rendered":"<p class=\"ql-align-justify\">I mattoni di carbonio sono materiali refrattari costituiti da materie prime di carbonio (coke, antracite, grafite, ecc.) come componenti principali e cotti ad alte temperature. Sono resistenti alle alte temperature e alla corrosione e vengono utilizzati principalmente come rivestimenti di forni e convertitori. Specifiche dei mattoni di carbonio:<\/p>\n<ul>\n<li>Carbonio fisso: \u226550%.<\/li>\n<li>Contenuto di carburo di silicio: 15-22%.<\/li>\n<li>Densit\u00e0 di massa: \u22651,7g\/cm\u00b3.<\/li>\n<li>Porosit\u00e0 apparente: \u226420%.<\/li>\n<li>Resistenza alla compressione: \u226542MPa.<\/li>\n<li>Contenuto di ceneri: \u22647%.<\/li>\n<li>Resistenza alla flessione: 6,86MPa<\/li>\n<\/ul>","protected":false},"featured_media":7076,"template":"","meta":[],"product_brand":[],"product_cat":[39],"product_tag":[],"class_list":{"0":"post-7052","1":"product","2":"type-product","3":"status-publish","4":"has-post-thumbnail","6":"product_cat-carbon-products","8":"first","9":"instock","10":"shipping-taxable","11":"product-type-simple"},"yoast_head":"<!-- This site is optimized with the Yoast SEO Premium plugin v19.2.1 (Yoast SEO v25.3) - https:\/\/yoast.com\/wordpress\/plugins\/seo\/ -->\n<title>Carbon Brick | Jinsun Carbon<\/title>\n<meta name=\"robots\" content=\"index, follow, max-snippet:-1, max-image-preview:large, max-video-preview:-1\" \/>\n<link rel=\"canonical\" href=\"https:\/\/jinsuncarbon.com\/it\/prodotto\/mattone-di-carbonio\/\" \/>\n<meta property=\"og:locale\" content=\"it_IT\" \/>\n<meta property=\"og:type\" content=\"article\" \/>\n<meta property=\"og:title\" content=\"Carbon Brick\" \/>\n<meta property=\"og:description\" content=\"Carbon bricks are refractory materials made of carbon raw materials (coke, anthracite, graphite, etc.) as the main components and fired at high temperatures. They are resistant to high temperatures and corrosion and are mainly used as furnace linings in furnaces and converters. Carbon brick specification:    Fixed carbon: \u226550%.  Silicon carbide content: 15-22%.  Bulk density: \u22651.7g\/cm\u00b3.  Apparent porosity: \u226420%.  Compressive strength: \u226542MPa.  Ash content: \u22647%.  Flexural strength: 6.86MPa\" \/>\n<meta property=\"og:url\" content=\"https:\/\/jinsuncarbon.com\/it\/prodotto\/mattone-di-carbonio\/\" \/>\n<meta property=\"og:site_name\" content=\"Jinsun Carbon\" \/>\n<meta property=\"article:publisher\" content=\"https:\/\/www.facebook.com\/Graphite-Electrode-109336238661595\" \/>\n<meta property=\"article:modified_time\" content=\"2025-01-27T00:45:35+00:00\" \/>\n<meta property=\"og:image\" content=\"https:\/\/jinsuncarbon.com\/wp-content\/uploads\/2024\/12\/Carbon-brick-1.jpg\" \/>\n\t<meta property=\"og:image:width\" content=\"1024\" \/>\n\t<meta property=\"og:image:height\" content=\"763\" \/>\n\t<meta property=\"og:image:type\" content=\"image\/jpeg\" \/>\n<meta name=\"twitter:card\" content=\"summary_large_image\" \/>\n<meta name=\"twitter:site\" content=\"@jinsuncarbon_\" \/>\n<meta name=\"twitter:label1\" content=\"Tempo di lettura stimato\" \/>\n\t<meta name=\"twitter:data1\" content=\"4 minuti\" \/>\n<script type=\"application\/ld+json\" class=\"yoast-schema-graph\">{\"@context\":\"https:\/\/schema.org\",\"@graph\":[{\"@type\":\"WebPage\",\"@id\":\"https:\/\/jinsuncarbon.com\/product\/carbon-brick\/\",\"url\":\"https:\/\/jinsuncarbon.com\/product\/carbon-brick\/\",\"name\":\"Carbon Brick | Jinsun Carbon\",\"isPartOf\":{\"@id\":\"https:\/\/jinsuncarbon.com\/#website\"},\"primaryImageOfPage\":{\"@id\":\"https:\/\/jinsuncarbon.com\/product\/carbon-brick\/#primaryimage\"},\"image\":{\"@id\":\"https:\/\/jinsuncarbon.com\/product\/carbon-brick\/#primaryimage\"},\"thumbnailUrl\":\"https:\/\/jinsuncarbon.com\/wp-content\/uploads\/2024\/12\/Carbon-brick-1.jpg\",\"datePublished\":\"2024-12-18T05:14:43+00:00\",\"dateModified\":\"2025-01-27T00:45:35+00:00\",\"breadcrumb\":{\"@id\":\"https:\/\/jinsuncarbon.com\/product\/carbon-brick\/#breadcrumb\"},\"inLanguage\":\"it-IT\",\"potentialAction\":[{\"@type\":\"ReadAction\",\"target\":[\"https:\/\/jinsuncarbon.com\/product\/carbon-brick\/\"]}]},{\"@type\":\"ImageObject\",\"inLanguage\":\"it-IT\",\"@id\":\"https:\/\/jinsuncarbon.com\/product\/carbon-brick\/#primaryimage\",\"url\":\"https:\/\/jinsuncarbon.com\/wp-content\/uploads\/2024\/12\/Carbon-brick-1.jpg\",\"contentUrl\":\"https:\/\/jinsuncarbon.com\/wp-content\/uploads\/2024\/12\/Carbon-brick-1.jpg\",\"width\":1024,\"height\":763,\"caption\":\"Carbon brick\"},{\"@type\":\"BreadcrumbList\",\"@id\":\"https:\/\/jinsuncarbon.com\/product\/carbon-brick\/#breadcrumb\",\"itemListElement\":[{\"@type\":\"ListItem\",\"position\":1,\"name\":\"Home\",\"item\":\"https:\/\/jinsuncarbon.com\/\"},{\"@type\":\"ListItem\",\"position\":2,\"name\":\"Products\",\"item\":\"https:\/\/jinsuncarbon.com\/graphite-carbon\/\"},{\"@type\":\"ListItem\",\"position\":3,\"name\":\"Carbon Brick\"}]},{\"@type\":\"WebSite\",\"@id\":\"https:\/\/jinsuncarbon.com\/#website\",\"url\":\"https:\/\/jinsuncarbon.com\/\",\"name\":\"Jinsun Carbon\",\"description\":\"We are the successful graphite electrode manufacturer in China\",\"publisher\":{\"@id\":\"https:\/\/jinsuncarbon.com\/#organization\"},\"potentialAction\":[{\"@type\":\"SearchAction\",\"target\":{\"@type\":\"EntryPoint\",\"urlTemplate\":\"https:\/\/jinsuncarbon.com\/?s={search_term_string}\"},\"query-input\":{\"@type\":\"PropertyValueSpecification\",\"valueRequired\":true,\"valueName\":\"search_term_string\"}}],\"inLanguage\":\"it-IT\"},{\"@type\":\"Organization\",\"@id\":\"https:\/\/jinsuncarbon.com\/#organization\",\"name\":\"Jinsun Carbon\",\"alternateName\":\"Jinsun Carbon\",\"url\":\"https:\/\/jinsuncarbon.com\/\",\"logo\":{\"@type\":\"ImageObject\",\"inLanguage\":\"it-IT\",\"@id\":\"https:\/\/jinsuncarbon.com\/#\/schema\/logo\/image\/\",\"url\":\"https:\/\/jinsuncarbon.com\/wp-content\/uploads\/2022\/12\/LOGO-1.png\",\"contentUrl\":\"https:\/\/jinsuncarbon.com\/wp-content\/uploads\/2022\/12\/LOGO-1.png\",\"width\":207,\"height\":80,\"caption\":\"Jinsun Carbon\"},\"image\":{\"@id\":\"https:\/\/jinsuncarbon.com\/#\/schema\/logo\/image\/\"},\"sameAs\":[\"https:\/\/www.facebook.com\/Graphite-Electrode-109336238661595\",\"https:\/\/x.com\/jinsuncarbon_\",\"https:\/\/www.linkedin.com\/in\/jinsungraphite\",\"https:\/\/www.youtube.com\/channel\/UCysDNyvyR5-3cCWEmpkVC0g\"]}]}<\/script>\n<!-- \/ Yoast SEO Premium plugin. -->","yoast_head_json":{"title":"Mattone di carbonio | Jinsun Carbon","robots":{"index":"index","follow":"follow","max-snippet":"max-snippet:-1","max-image-preview":"max-image-preview:large","max-video-preview":"max-video-preview:-1"},"canonical":"https:\/\/jinsuncarbon.com\/it\/prodotto\/mattone-di-carbonio\/","og_locale":"it_IT","og_type":"article","og_title":"Carbon Brick","og_description":"Carbon bricks are refractory materials made of carbon raw materials (coke, anthracite, graphite, etc.) as the main components and fired at high temperatures. They are resistant to high temperatures and corrosion and are mainly used as furnace linings in furnaces and converters. Carbon brick specification:    Fixed carbon: \u226550%.  Silicon carbide content: 15-22%.  Bulk density: \u22651.7g\/cm\u00b3.  Apparent porosity: \u226420%.  Compressive strength: \u226542MPa.  Ash content: \u22647%.  Flexural strength: 6.86MPa","og_url":"https:\/\/jinsuncarbon.com\/it\/prodotto\/mattone-di-carbonio\/","og_site_name":"Jinsun Carbon","article_publisher":"https:\/\/www.facebook.com\/Graphite-Electrode-109336238661595","article_modified_time":"2025-01-27T00:45:35+00:00","og_image":[{"width":1024,"height":763,"url":"https:\/\/jinsuncarbon.com\/wp-content\/uploads\/2024\/12\/Carbon-brick-1.jpg","type":"image\/jpeg"}],"twitter_card":"summary_large_image","twitter_site":"@jinsuncarbon_","twitter_misc":{"Tempo di lettura stimato":"4 minuti"},"schema":{"@context":"https:\/\/schema.org","@graph":[{"@type":"WebPage","@id":"https:\/\/jinsuncarbon.com\/product\/carbon-brick\/","url":"https:\/\/jinsuncarbon.com\/product\/carbon-brick\/","name":"Mattone di carbonio | Jinsun Carbon","isPartOf":{"@id":"https:\/\/jinsuncarbon.com\/#website"},"primaryImageOfPage":{"@id":"https:\/\/jinsuncarbon.com\/product\/carbon-brick\/#primaryimage"},"image":{"@id":"https:\/\/jinsuncarbon.com\/product\/carbon-brick\/#primaryimage"},"thumbnailUrl":"https:\/\/jinsuncarbon.com\/wp-content\/uploads\/2024\/12\/Carbon-brick-1.jpg","datePublished":"2024-12-18T05:14:43+00:00","dateModified":"2025-01-27T00:45:35+00:00","breadcrumb":{"@id":"https:\/\/jinsuncarbon.com\/product\/carbon-brick\/#breadcrumb"},"inLanguage":"it-IT","potentialAction":[{"@type":"ReadAction","target":["https:\/\/jinsuncarbon.com\/product\/carbon-brick\/"]}]},{"@type":"ImageObject","inLanguage":"it-IT","@id":"https:\/\/jinsuncarbon.com\/product\/carbon-brick\/#primaryimage","url":"https:\/\/jinsuncarbon.com\/wp-content\/uploads\/2024\/12\/Carbon-brick-1.jpg","contentUrl":"https:\/\/jinsuncarbon.com\/wp-content\/uploads\/2024\/12\/Carbon-brick-1.jpg","width":1024,"height":763,"caption":"Carbon brick"},{"@type":"BreadcrumbList","@id":"https:\/\/jinsuncarbon.com\/product\/carbon-brick\/#breadcrumb","itemListElement":[{"@type":"ListItem","position":1,"name":"Home","item":"https:\/\/jinsuncarbon.com\/"},{"@type":"ListItem","position":2,"name":"Products","item":"https:\/\/jinsuncarbon.com\/graphite-carbon\/"},{"@type":"ListItem","position":3,"name":"Carbon Brick"}]},{"@type":"WebSite","@id":"https:\/\/jinsuncarbon.com\/#website","url":"https:\/\/jinsuncarbon.com\/","name":"Jinsun Carbon","description":"Siamo il produttore di elettrodi di grafite di successo in Cina","publisher":{"@id":"https:\/\/jinsuncarbon.com\/#organization"},"potentialAction":[{"@type":"SearchAction","target":{"@type":"EntryPoint","urlTemplate":"https:\/\/jinsuncarbon.com\/?s={search_term_string}"},"query-input":{"@type":"PropertyValueSpecification","valueRequired":true,"valueName":"search_term_string"}}],"inLanguage":"it-IT"},{"@type":"Organization","@id":"https:\/\/jinsuncarbon.com\/#organization","name":"Jinsun Carbon","alternateName":"Jinsun Carbon","url":"https:\/\/jinsuncarbon.com\/","logo":{"@type":"ImageObject","inLanguage":"it-IT","@id":"https:\/\/jinsuncarbon.com\/#\/schema\/logo\/image\/","url":"https:\/\/jinsuncarbon.com\/wp-content\/uploads\/2022\/12\/LOGO-1.png","contentUrl":"https:\/\/jinsuncarbon.com\/wp-content\/uploads\/2022\/12\/LOGO-1.png","width":207,"height":80,"caption":"Jinsun Carbon"},"image":{"@id":"https:\/\/jinsuncarbon.com\/#\/schema\/logo\/image\/"},"sameAs":["https:\/\/www.facebook.com\/Graphite-Electrode-109336238661595","https:\/\/x.com\/jinsuncarbon_","https:\/\/www.linkedin.com\/in\/jinsungraphite","https:\/\/www.youtube.com\/channel\/UCysDNyvyR5-3cCWEmpkVC0g"]}]}},"_links":{"self":[{"href":"https:\/\/jinsuncarbon.com\/it\/wp-json\/wp\/v2\/product\/7052","targetHints":{"allow":["GET"]}}],"collection":[{"href":"https:\/\/jinsuncarbon.com\/it\/wp-json\/wp\/v2\/product"}],"about":[{"href":"https:\/\/jinsuncarbon.com\/it\/wp-json\/wp\/v2\/types\/product"}],"wp:featuredmedia":[{"embeddable":true,"href":"https:\/\/jinsuncarbon.com\/it\/wp-json\/wp\/v2\/media\/7076"}],"wp:attachment":[{"href":"https:\/\/jinsuncarbon.com\/it\/wp-json\/wp\/v2\/media?parent=7052"}],"wp:term":[{"taxonomy":"product_brand","embeddable":true,"href":"https:\/\/jinsuncarbon.com\/it\/wp-json\/wp\/v2\/product_brand?post=7052"},{"taxonomy":"product_cat","embeddable":true,"href":"https:\/\/jinsuncarbon.com\/it\/wp-json\/wp\/v2\/product_cat?post=7052"},{"taxonomy":"product_tag","embeddable":true,"href":"https:\/\/jinsuncarbon.com\/it\/wp-json\/wp\/v2\/product_tag?post=7052"}],"curies":[{"name":"wp","href":"https:\/\/api.w.org\/{rel}","templated":true}]}}